{"id":48,"date":"2014-02-10T17:18:19","date_gmt":"2014-02-10T17:18:19","guid":{"rendered":"http:\/\/kursy-udt.kwiaty0.pl\/?page_id=48"},"modified":"2016-01-21T19:32:13","modified_gmt":"2016-01-21T19:32:13","slug":"kammern","status":"publish","type":"page","link":"https:\/\/kursy-udt.pl\/de\/ukladnice\/","title":{"rendered":"Regalbedienger\u00e4te"},"content":{"rendered":"<div style=\"float:left; padding-right:10px;\"><img decoding=\"async\" src=\"\/wp-content\/uploads\/2014\/04\/ukladnice.jpg\" alt=\"Regalbedienger\u00e4te\"><\/div>\n<div class=\"wyjustuj\">Ein Regalbedienger\u00e4t ist eine Art Hebe- und F\u00f6rderger\u00e4t, das zum Transport und zum Stapeln von Materialien, vor allem in Lagern, eingesetzt wird. F\u00fcr seinen Betrieb ben\u00f6tigen Sie <a href=\"https:\/\/kursy-udt.pl\/de\/uprawnienia-udt\/kategorie-uprawnien-2\/\">UDT-Anspr\u00fcche<\/a>. Man unterscheidet zwischen S\u00e4ulenregalbedienger\u00e4ten als mobile Stange und Rahmenregalbedienger\u00e4ten in Form eines mobilen Tores. Die Bedienung und Wartung der Ger\u00e4te wird in einem Kurs \u00fcber Regalbedienger\u00e4te gelehrt, dessen Bestehen dann zum Erwerb einer Lizenz berechtigt. <\/p>\n<p>Wir veranstalten Kurse f\u00fcr Regalbedienger\u00e4te aller Art. Unsere UDT-Schulungen helfen Ihnen, die Pr\u00fcfung erfolgreich zu bestehen. Alle Schulungen f\u00fcr Regalbedienger\u00e4te umfassen theoretischen und praktischen Unterricht, der den Teilnehmern umfassende Kenntnisse und F\u00e4higkeiten vermittelt. Sie sind herzlich willkommen!<\/p><\/div>\n<div class=\"button_styl\" style=\"float:right; padding-left:15px; padding-bottom:8px; margin-bottom:5px;\"><a href=\"https:\/\/platformaedukacji.pl\/login\/signup.php\" rel=\"nofollow\" target=\"_blank\" class=\"myButton myButton_maly\"><font color=\"white\">Anmeldung zur Schulung<\/font><\/a><\/div>","protected":false},"excerpt":{"rendered":"<p>Das Regalbedienger\u00e4t ist eine Art Hebe- und F\u00f6rderger\u00e4t, das zum Transport und zum Stapeln von Materialien, vor allem in Lagern, eingesetzt wird. F\u00fcr seinen Betrieb ist eine Genehmigung des Technischen \u00dcberwachungsamtes erforderlich. Man unterscheidet zwischen S\u00e4ulenregalbedienger\u00e4ten in Form einer mobilen Stange und Rahmenregalbedienger\u00e4ten in Form eines mobilen Tores. Die Bedienung und Wartung der Ger\u00e4te wird in einem Kurs \u00fcber Regalbedienger\u00e4te vermittelt, dessen Bestehen sp\u00e4ter zum Erwerb einer Lizenz berechtigt. Wir veranstalten Kurse f\u00fcr alle Arten von Regalbedienger\u00e4ten. Unsere UDT-Schulungen helfen Ihnen, die Pr\u00fcfung zu bestehen. Alle Krankurse umfassen theoretische und praktische Einheiten, die den Teilnehmern umfassende Kenntnisse und F\u00e4higkeiten vermitteln. Sie sind herzlich willkommen! Anmeldung zur Schulung<\/p>","protected":false},"author":1,"featured_media":0,"parent":0,"menu_order":0,"comment_status":"closed","ping_status":"closed","template":"","meta":{"sfsi_plus_gutenberg_text_before_share":"","sfsi_plus_gutenberg_show_text_before_share":"","sfsi_plus_gutenberg_icon_type":"","sfsi_plus_gutenberg_icon_alignemt":"","sfsi_plus_gutenburg_max_per_row":"","footnotes":""},"class_list":["post-48","page","type-page","status-publish","hentry","has_thumb"],"aioseo_notices":[],"_links":{"self":[{"href":"https:\/\/kursy-udt.pl\/de\/wp-json\/wp\/v2\/pages\/48","targetHints":{"allow":["GET"]}}],"collection":[{"href":"https:\/\/kursy-udt.pl\/de\/wp-json\/wp\/v2\/pages"}],"about":[{"href":"https:\/\/kursy-udt.pl\/de\/wp-json\/wp\/v2\/types\/page"}],"author":[{"embeddable":true,"href":"https:\/\/kursy-udt.pl\/de\/wp-json\/wp\/v2\/users\/1"}],"replies":[{"embeddable":true,"href":"https:\/\/kursy-udt.pl\/de\/wp-json\/wp\/v2\/comments?post=48"}],"version-history":[{"count":10,"href":"https:\/\/kursy-udt.pl\/de\/wp-json\/wp\/v2\/pages\/48\/revisions"}],"predecessor-version":[{"id":6186,"href":"https:\/\/kursy-udt.pl\/de\/wp-json\/wp\/v2\/pages\/48\/revisions\/6186"}],"wp:attachment":[{"href":"https:\/\/kursy-udt.pl\/de\/wp-json\/wp\/v2\/media?parent=48"}],"curies":[{"name":"wp","href":"https:\/\/api.w.org\/{rel}","templated":true}]}}