{"id":46,"date":"2014-02-10T17:17:44","date_gmt":"2014-02-10T17:17:44","guid":{"rendered":"http:\/\/kursy-udt.kwiaty0.pl\/?page_id=46"},"modified":"2016-01-21T19:32:21","modified_gmt":"2016-01-21T19:32:21","slug":"krane-4","status":"publish","type":"page","link":"https:\/\/kursy-udt.pl\/de\/zurawie\/","title":{"rendered":"Kr\u00e4ne"},"content":{"rendered":"<div style=\"float:left; padding-right:10px;\"><img decoding=\"async\" src=\"\/wp-content\/uploads\/2014\/04\/zurawie.jpeg\" alt=\"Kr\u00e4ne\"><\/div>\n<div class=\"wyjustuj\">Ein Kran, auch Kran genannt, ist eine Hebevorrichtung, die mit einem schwenkbaren Ausleger ausgestattet ist. Das Ger\u00e4t wird im Bau- und Transportwesen eingesetzt. Man unterscheidet zwischen selbstfahrenden Kr\u00e4nen, Werftkr\u00e4nen, Hafenkr\u00e4nen, Mobilkr\u00e4nen und auch: Turm- und Schienenkr\u00e4nen. Mitarbeiter, die das Ger\u00e4t bedienen, m\u00fcssen \u00fcber <a href=\"https:\/\/kursy-udt.pl\/de\/uprawnienia-udt\/kategorie-uprawnien-2\/\">UDT-Anspr\u00fcche<\/a>. Kurse \u00fcber Kr\u00e4ne helfen, sie zu erwerben.<\/p>\n<p>Wir bieten Schulungen an, die umfassendes Wissen vermitteln und Ihnen die M\u00f6glichkeit geben, die Pr\u00fcfung zum Erwerb des Kranf\u00fchrerscheins abzulegen. Wir bieten UDT-Schulungen verschiedener Art an. Jeder Krankurs besteht aus einem theoretischen und einem praktischen Teil. Auf diese Weise machen unsere Kurse die Teilnehmer umfassend mit der Bedienung und Wartung der Ger\u00e4te vertraut.<\/p><\/div>\n<div class=\"button_styl\" style=\"float:right; padding-left:15px; padding-bottom:8px; margin-bottom:5px;\"><a href=\"https:\/\/platformaedukacji.pl\/login\/signup.php\" rel=\"nofollow\" target=\"_blank\" class=\"myButton myButton_maly\"><font color=\"white\">Anmeldung zur Schulung<\/font><\/a><\/div>","protected":false},"excerpt":{"rendered":"<p>Ein Kran, auch als Kran bezeichnet, ist ein Hebezeug mit einem schwenkbaren Ausleger. Das Ger\u00e4t wird im Bau- und Transportwesen eingesetzt. Man unterscheidet zwischen selbstfahrenden Kr\u00e4nen, Werftkr\u00e4nen, Hafenkr\u00e4nen, Mobilkr\u00e4nen und auch: Turm- und Schienenkr\u00e4nen. Die Mitarbeiter, die die Ger\u00e4te bedienen, m\u00fcssen eine Genehmigung des Technischen \u00dcberwachungsvereins besitzen. Kurse \u00fcber Kr\u00e4ne helfen, diese zu erwerben. Wir bieten Schulungen an, die umfassendes Wissen vermitteln und es Ihnen erm\u00f6glichen, eine Pr\u00fcfung zum Erwerb eines Kranf\u00fchrerscheins abzulegen. Wir bieten UDT-Schulungen verschiedener Art an. Jeder Krankurs besteht aus einem theoretischen und einem praktischen Teil. Auf diese Weise machen unsere Kurse die Teilnehmer umfassend mit der Bedienung und Wartung der Ger\u00e4te vertraut. Anmeldung zur Schulung<\/p>","protected":false},"author":1,"featured_media":0,"parent":0,"menu_order":0,"comment_status":"closed","ping_status":"closed","template":"","meta":{"sfsi_plus_gutenberg_text_before_share":"","sfsi_plus_gutenberg_show_text_before_share":"","sfsi_plus_gutenberg_icon_type":"","sfsi_plus_gutenberg_icon_alignemt":"","sfsi_plus_gutenburg_max_per_row":"","footnotes":""},"class_list":["post-46","page","type-page","status-publish","hentry","has_thumb"],"aioseo_notices":[],"_links":{"self":[{"href":"https:\/\/kursy-udt.pl\/de\/wp-json\/wp\/v2\/pages\/46","targetHints":{"allow":["GET"]}}],"collection":[{"href":"https:\/\/kursy-udt.pl\/de\/wp-json\/wp\/v2\/pages"}],"about":[{"href":"https:\/\/kursy-udt.pl\/de\/wp-json\/wp\/v2\/types\/page"}],"author":[{"embeddable":true,"href":"https:\/\/kursy-udt.pl\/de\/wp-json\/wp\/v2\/users\/1"}],"replies":[{"embeddable":true,"href":"https:\/\/kursy-udt.pl\/de\/wp-json\/wp\/v2\/comments?post=46"}],"version-history":[{"count":10,"href":"https:\/\/kursy-udt.pl\/de\/wp-json\/wp\/v2\/pages\/46\/revisions"}],"predecessor-version":[{"id":1271,"href":"https:\/\/kursy-udt.pl\/de\/wp-json\/wp\/v2\/pages\/46\/revisions\/1271"}],"wp:attachment":[{"href":"https:\/\/kursy-udt.pl\/de\/wp-json\/wp\/v2\/media?parent=46"}],"curies":[{"name":"wp","href":"https:\/\/api.w.org\/{rel}","templated":true}]}}