{"id":4427,"date":"2022-09-30T09:54:11","date_gmt":"2022-09-30T09:54:11","guid":{"rendered":"https:\/\/kursy-udt.pl\/?page_id=4427"},"modified":"2023-05-19T16:39:27","modified_gmt":"2023-05-19T14:39:27","slug":"flanschverbindungen","status":"publish","type":"page","link":"https:\/\/kursy-udt.pl\/de\/szkolenia\/udt-wdt-tdt\/polaczenia-kolnierzowe\/","title":{"rendered":"Montage von Flanschverbindungen - Verlauf"},"content":{"rendered":"<h2 class=\"wp-block-heading\">Ausbildung zur Flanschmontage&nbsp;<\/h2>\n\n\n<div class=\"wp-block-image\">\n<figure class=\"alignleft size-large is-resized\"><img loading=\"lazy\" decoding=\"async\" src=\"https:\/\/kursy-udt.pl\/wp-content\/uploads\/2022\/09\/2-13.jpeg\" alt=\"Koaxialflansch\" width=\"400\" height=\"267\"\/><\/figure>\n<\/div>\n\n\n<p>Wir laden Sie ein ins ERGON-Personalentwicklungszentrum f\u00fcr die berufliche Weiterbildung in der Montage von Flanschverbindungen. Erfahrene Mitarbeiter, ein umfangreiches Bildungsprogramm, ein bundesweites Angebot - das sind nur einige Faktoren, mit denen wir uns vom Wettbewerb abheben. Wenn Sie sich f\u00fcr das Thema \"Verbinden von Hochdruckrohren\" interessieren, helfen wir Ihnen gerne, Ihr Wissen zu erweitern und das n\u00f6tige R\u00fcstzeug zu erwerben. <a href=\"https:\/\/kursy-udt.pl\/de\/uprawnienia-udt\/kategorie-uprawnien-2\/\">Kr\u00e4fte<\/a>g\u00fcltig in allen L\u00e4ndern der Europ\u00e4ischen Union.&nbsp;<\/p>\n\n\n\n<h2 class=\"wp-block-heading\">Flanschverbindungen - wichtige Informationen&nbsp;<\/h2>\n\n\n\n<p>Eine Flanschverbindung besteht aus zwei gegen\u00fcberliegenden koaxialen Flanschen, die durch mindestens vier Schrauben verbunden sind. Normalerweise befindet sich zwischen ihnen eine Dichtung, aber es gibt Ausnahmen von dieser Regel. Da sie ein sehr wichtiger Teil jedes Druckger\u00e4ts und\/oder jeder Anlage sind, m\u00fcssen sie von zertifiziertem Personal gem\u00e4\u00df den Anforderungen der Europ\u00e4ischen Druckger\u00e4terichtlinie PED und der UDT-Vorschrift EN 1591-4 montiert werden. &nbsp;<\/p>\n\n\n\n<h2 class=\"wp-block-heading\">Themen der Ausbildung&nbsp;<\/h2>\n\n\n\n<p>Was werden Sie in unserem Kurs lernen? Als Einf\u00fchrung werden Sie etwas \u00fcber Sicherheitsfragen lernen, <a href=\"https:\/\/kursy-udt.pl\/de\/szkolenia\/bhp-bezpieczenstwo-pracy\/prawna-ochrona-pracy\/\">GESUNDHEIT UND SICHERHEIT<\/a>das Erkennen von Fehlern und deren Ursachen, die Vorbereitung der Dichtfl\u00e4che. Die Gesundheit und das Leben der Teilnehmer haben f\u00fcr uns absolute Priorit\u00e4t. Sie erhalten auch Antworten auf die folgenden Fragen.&nbsp;<\/p>\n\n\n<div class=\"wp-block-image\">\n<figure class=\"alignright size-large is-resized\"><img loading=\"lazy\" decoding=\"async\" src=\"https:\/\/kursy-udt.pl\/wp-content\/uploads\/2022\/09\/3-8.jpeg\" alt=\"Karte von Polen mit eingezeichneten ERGON-Zentren\" width=\"400\" height=\"267\"\/><\/figure>\n<\/div>\n\n\n<ul class=\"wp-block-list\">\n<li>Welche Arten von Flanschverbindungen und Dichtungen unterscheiden wir? &nbsp;<\/li>\n\n\n\n<li>Welcher Zusammenhang besteht zwischen Schraubenverl\u00e4ngerung, Schraubenlast und Dichtungsspannung? &nbsp;<\/li>\n\n\n\n<li>Wie unterscheiden sich die aufgebrachten Verbindungslasten von den Restlasten?&nbsp;&nbsp;<\/li>\n\n\n\n<li>Was l\u00f6st einen Verlust der Anschlussleistung aus und was sind die Folgen? &nbsp;<\/li>\n\n\n\n<li>Funktionsweise von Siegeln - was sollten Sie dar\u00fcber wissen?&nbsp;<\/li>\n<\/ul>\n\n\n\n<p>Sobald Sie die Antworten auf diese und viele andere Fragen kennen, werden wir sie durch praktische \u00dcbungen vertiefen.&nbsp;&nbsp;<\/p>\n\n\n\n<h2 class=\"wp-block-heading\">Preis der Ausbildung&nbsp;<\/h2>\n\n\n\n<p>ERGON bietet eine Reihe attraktiver Zugest\u00e4ndnisse und Rabatte. Wir legen die Preise individuell fest. F\u00fcr Einzelheiten des Angebots, rufen Sie bitte unseren Berater\u00a0<\/p>\n\n\n\n<h2 class=\"wp-block-heading\">Voraussetzungen&nbsp;<\/h2>\n\n\n\n<p>Die Bewerberinnen und Bewerber sollten die folgenden Voraussetzungen erf\u00fcllen:&nbsp;<\/p>\n\n\n\n<ul class=\"wp-block-list\">\n<li>&nbsp; mindestens 18 Jahre alt sein,&nbsp;<\/li>\n\n\n\n<li>&nbsp; eine minimale Grundausbildung.&nbsp;<\/li>\n<\/ul>\n\n\n\n<figure class=\"wp-block-image size-large is-resized\"><img loading=\"lazy\" decoding=\"async\" src=\"https:\/\/kursy-udt.pl\/wp-content\/uploads\/2023\/01\/62-Polaczenia-kolnierzowe-kursy-udt.pl_.png\" alt=\"ERGON-Ausbildung\" width=\"796\" height=\"498\"\/><\/figure>","protected":false},"excerpt":{"rendered":"<p>Ausbildung in der Montage von Flanschverbindungen Wir laden Sie in das ERGON-Personalentwicklungszentrum zur Ausbildung in der Montage von Flanschverbindungen ein. Erfahrene Mitarbeiter, umfangreiches Bildungsprogramm, bundesweites Angebot - das sind nur einige Faktoren, die uns von unseren Mitbewerbern unterscheiden. Wenn Sie sich f\u00fcr das Thema Verbinden von Hochdruckrohren interessieren, helfen wir Ihnen gerne, Ihr Wissen zu erweitern und die notwendigen Qualifikationen zu erwerben, die in allen L\u00e4ndern der Europ\u00e4ischen Union g\u00fcltig sind.  Flanschverbindungen - wichtige Informationen Eine Flanschverbindung besteht aus zwei gegen\u00fcberliegenden, koaxialen Flanschen, die mit mindestens vier Schrauben verbunden sind. Normalerweise befindet sich dazwischen eine Dichtung, aber es gibt auch Ausnahmen von dieser Regel. Sie sind abnehmbar, und da sie ein sehr wichtiger Teil jedes Druckger\u00e4ts und\/oder jeder Anlage sind, m\u00fcssen sie von zertifiziertem Personal gem\u00e4\u00df den Anforderungen der Europ\u00e4ischen Druckger\u00e4terichtlinie (DGRL) und gem\u00e4\u00df der UDT-Vorschrift PN-EN 1591-4 installiert werden. Was werden Sie in unserem Kurs lernen? Zun\u00e4chst einmal lernen Sie etwas \u00fcber Sicherheit, Arbeitsschutz, Erkennung von Fehlern und deren Ursachen, Vorbereitung der Dichtfl\u00e4che. Die Gesundheit und das Leben der Teilnehmer haben f\u00fcr uns absolute Priorit\u00e4t. Au\u00dferdem erhalten Sie Antworten auf die folgenden Fragen.  Sobald Sie die Antworten auf diese und viele weitere Fragen kennen, werden wir diese in praktischen \u00dcbungen vertiefen.   Der Preis der ERGON-Schulung sieht eine Reihe von attraktiven Rabatten und Erm\u00e4\u00dfigungen vor. Wir legen die Preise individuell fest. Einzelheiten zum Angebot erfahren Sie von unserem Berater Voraussetzungen Die Bewerber sollten folgende Voraussetzungen erf\u00fcllen:&nbsp;<\/p>","protected":false},"author":6,"featured_media":4428,"parent":2721,"menu_order":0,"comment_status":"closed","ping_status":"closed","template":"","meta":{"sfsi_plus_gutenberg_text_before_share":"","sfsi_plus_gutenberg_show_text_before_share":"","sfsi_plus_gutenberg_icon_type":"","sfsi_plus_gutenberg_icon_alignemt":"","sfsi_plus_gutenburg_max_per_row":"","footnotes":""},"class_list":["post-4427","page","type-page","status-publish","has-post-thumbnail","hentry","has_thumb"],"aioseo_notices":[],"_links":{"self":[{"href":"https:\/\/kursy-udt.pl\/de\/wp-json\/wp\/v2\/pages\/4427","targetHints":{"allow":["GET"]}}],"collection":[{"href":"https:\/\/kursy-udt.pl\/de\/wp-json\/wp\/v2\/pages"}],"about":[{"href":"https:\/\/kursy-udt.pl\/de\/wp-json\/wp\/v2\/types\/page"}],"author":[{"embeddable":true,"href":"https:\/\/kursy-udt.pl\/de\/wp-json\/wp\/v2\/users\/6"}],"replies":[{"embeddable":true,"href":"https:\/\/kursy-udt.pl\/de\/wp-json\/wp\/v2\/comments?post=4427"}],"version-history":[{"count":6,"href":"https:\/\/kursy-udt.pl\/de\/wp-json\/wp\/v2\/pages\/4427\/revisions"}],"predecessor-version":[{"id":6004,"href":"https:\/\/kursy-udt.pl\/de\/wp-json\/wp\/v2\/pages\/4427\/revisions\/6004"}],"up":[{"embeddable":true,"href":"https:\/\/kursy-udt.pl\/de\/wp-json\/wp\/v2\/pages\/2721"}],"wp:featuredmedia":[{"embeddable":true,"href":"https:\/\/kursy-udt.pl\/de\/wp-json\/wp\/v2\/media\/4428"}],"wp:attachment":[{"href":"https:\/\/kursy-udt.pl\/de\/wp-json\/wp\/v2\/media?parent=4427"}],"curies":[{"name":"wp","href":"https:\/\/api.w.org\/{rel}","templated":true}]}}