{"id":4403,"date":"2022-09-29T08:44:29","date_gmt":"2022-09-29T08:44:29","guid":{"rendered":"https:\/\/kursy-udt.pl\/?page_id=4403"},"modified":"2023-01-04T09:28:35","modified_gmt":"2023-01-04T09:28:35","slug":"guter-und-personenkrane","status":"publish","type":"page","link":"https:\/\/kursy-udt.pl\/de\/publikacje\/udt-wdt-tdt\/dzwigi-towarowo-osobowe\/","title":{"rendered":"Was ist ein G\u00fcter- und Personenkran?"},"content":{"rendered":"<p><a href=\"https:\/\/kursy-udt.pl\/de\/szkolenia\/udt-wdt-tdt\/dzwigi-towarowo-osobowe\/\">G\u00fcter- und Personenkran<\/a> befasst sich mit dem Anheben und Anhalten auf bestimmten Ebenen. Er funktioniert wie alle Aufz\u00fcge, die wir kennen. Ohne sie w\u00e4re das Bewegen und Heben von Arbeitern und Material unglaublich schwierig. Um dieses Ger\u00e4t bedienen zu k\u00f6nnen, muss man die UDT-Pr\u00fcfung bestehen und eine Lizenz erwerben.<\/p>\n<p>Komm zu ERGON, bei uns kannst du ganz einfach den Kurs machen und Kranf\u00fchrer werden!<\/p>\n<p><a href=\"https:\/\/kursy-udt.pl\/wp-content\/uploads\/2022\/09\/2.webp\"><img loading=\"lazy\" decoding=\"async\" class=\"alignright wp-image-4405\" src=\"https:\/\/kursy-udt.pl\/wp-content\/uploads\/2022\/09\/2-200x300.webp\" alt=\"Foto des Geb\u00e4udeaufzugs\" width=\"300\" height=\"450\" srcset=\"https:\/\/kursy-udt.pl\/wp-content\/uploads\/2022\/09\/2-200x300.webp 200w, https:\/\/kursy-udt.pl\/wp-content\/uploads\/2022\/09\/2-683x1024.webp 683w, https:\/\/kursy-udt.pl\/wp-content\/uploads\/2022\/09\/2-768x1152.webp 768w, https:\/\/kursy-udt.pl\/wp-content\/uploads\/2022\/09\/2-1024x1536.webp 1024w, https:\/\/kursy-udt.pl\/wp-content\/uploads\/2022\/09\/2-8x12.webp 8w, https:\/\/kursy-udt.pl\/wp-content\/uploads\/2022\/09\/2-624x936.webp 624w, https:\/\/kursy-udt.pl\/wp-content\/uploads\/2022\/09\/2.webp 1067w\" sizes=\"auto, (max-width: 300px) 100vw, 300px\" \/><\/a><\/p>\n<h2><strong>Sie fragen sich, wie unser Kurs aussieht?<\/strong><\/h2>\n<p>In erster Linie geht es uns um die Qualit\u00e4t des Unterrichts und die Zufriedenheit unserer Studenten. Wir sind der Meinung, dass Theorie und Praxis gleicherma\u00dfen wichtig sind, weshalb wir uns auf beide Bereiche gleicherma\u00dfen konzentrieren. Wir verwenden didaktische Methoden, die die Sch\u00fcler aktivieren und sie zur aktiven Teilnahme am Unterricht anregen. Unsere Spezialisten bereiten die Sch\u00fcler auf ihre Pr\u00fcfungen vor und vermitteln ihnen die F\u00e4higkeiten, die sie am Arbeitsplatz ben\u00f6tigen.<\/p>\n<h2><strong>Und was werden Sie in den Kursen lernen?<\/strong><\/h2>\n<p>Nach unserem Kurs verf\u00fcgen Sie \u00fcber die notwendigen Fachkenntnisse, um als Operator zu arbeiten. Sie werden mit den folgenden Themen vertraut gemacht:<\/p>\n<ul>\n<li>Grundlegende Parameter der Krane,<\/li>\n<li>Die Hauptbaugruppen des G\u00fcter- und Personenkrans,<\/li>\n<li>Aufgaben und Zust\u00e4ndigkeiten des Aufzugsw\u00e4rters,<\/li>\n<li>Sicherheitsvorschriften f\u00fcr den Betrieb von G\u00fcter- und Personenkr\u00e4nen.<\/li>\n<\/ul>\n<h2><strong>M\u00f6chten Sie wissen, welche Dokumente Sie nach dem Kurs und dem Bestehen der Pr\u00fcfung erhalten werden?<\/strong><\/h2>\n<p>Nach Abschluss des Kurses erhalten Sie ein Qualifikationszertifikat und ein Schulungszertifikat (Kursabschluss).<\/p>\n<h2><strong>Wie lange dauert unser Kurs?<\/strong><\/h2>\n<p>Zusammenarbeit ist uns wichtig, deshalb gehen wir immer individuell vor und passen uns dem Kunden an. Die Dauer des Kurses h\u00e4ngt von Ihren F\u00e4higkeiten ab.<\/p>\n<h2><strong>Wo finden unsere Kurse statt?<\/strong><\/h2>\n<p>Wir sind in fast allen Teilen Polens! Aus diesem Grund sind unsere Kurse so zug\u00e4nglich. Wir sind in St\u00e4dten wie:<\/p>\n<ul>\n<li>Warschau,<\/li>\n<li>Krak\u00f3w,<\/li>\n<li>Kattowitz,<\/li>\n<li>\u0141\u00f3d\u017a,<\/li>\n<li>Wroc\u0142aw,<\/li>\n<li>Pozna\u0144,<\/li>\n<li>Danzig,<\/li>\n<li>Gdynia,<\/li>\n<li>Stettin (Szczecin),<\/li>\n<li>Bydgoszcz,<\/li>\n<li>Lublin,<\/li>\n<li>Bielsko-Bia\u0142a.<\/li>\n<\/ul>\n<p>Und das ist noch nicht alles! Im Falle eines Schulungsbedarfs einer organisierten Gruppe reisen wir nach vorheriger Absprache auch zu Ihnen und f\u00fchren einen geschlossenen Kurs durch. Dar\u00fcber hinaus haben wir die M\u00f6glichkeit, den theoretischen Teil des Kurses online durchzuf\u00fchren!<\/p>\n<h2><strong>Warum sollten Sie sich f\u00fcr einen Kurs f\u00fcr G\u00fcter- und Personenaufz\u00fcge (G\u00fcter- und Personenaufz\u00fcge) bei ERGON anmelden?<\/strong><\/h2>\n<p><a href=\"https:\/\/kursy-udt.pl\/wp-content\/uploads\/2022\/09\/3-5.jpeg\"><img loading=\"lazy\" decoding=\"async\" class=\"aligncenter wp-image-4406\" src=\"https:\/\/kursy-udt.pl\/wp-content\/uploads\/2022\/09\/3-5-300x200.jpeg\" alt=\"Bild mit Kursbeschriftung\" width=\"750\" height=\"500\" srcset=\"https:\/\/kursy-udt.pl\/wp-content\/uploads\/2022\/09\/3-5-300x200.jpeg 300w, https:\/\/kursy-udt.pl\/wp-content\/uploads\/2022\/09\/3-5-1024x683.jpeg 1024w, https:\/\/kursy-udt.pl\/wp-content\/uploads\/2022\/09\/3-5-768x512.jpeg 768w, https:\/\/kursy-udt.pl\/wp-content\/uploads\/2022\/09\/3-5-1536x1024.jpeg 1536w, https:\/\/kursy-udt.pl\/wp-content\/uploads\/2022\/09\/3-5-18x12.jpeg 18w, https:\/\/kursy-udt.pl\/wp-content\/uploads\/2022\/09\/3-5-624x416.jpeg 624w, https:\/\/kursy-udt.pl\/wp-content\/uploads\/2022\/09\/3-5.jpeg 1600w\" sizes=\"auto, (max-width: 750px) 100vw, 750px\" \/><\/a><\/p>\n<p>Nur erfahrene und qualifizierte Ausbilder mit den richtigen Qualifikationen und <a href=\"https:\/\/kursy-udt.pl\/de\/uprawnienia-udt\/kategorie-uprawnien-2\/\">UDT-Anspr\u00fcche<\/a>. Wir sind immer auf dem neuesten Stand des Branchenwissens, vor allem, wenn es um Vorschriften im Zusammenhang mit dem UDT und <a href=\"https:\/\/kursy-udt.pl\/de\/szkolenia\/bhp-bezpieczenstwo-pracy\/prawna-ochrona-pracy\/\">GESUNDHEIT UND SICHERHEIT<\/a> Lagertechnik wie Gabelstapler, Arbeitsb\u00fchnen, Krane, Hebezeuge, Kr\u00e4ne oder Lasten- und Personenaufz\u00fcge. Die Ausbilder geben ihre Erfahrung weiter und bereiten Sie gr\u00fcndlich auf die UDT-Pr\u00fcfung und die berufliche T\u00e4tigkeit vor. Nach unserem Kurs wird es kein Problem sein, einen Arbeitsplatz zu finden, denn die Nachfrage nach G\u00fcter- und Personenkranf\u00fchrern ist gro\u00df. Es lohnt sich, in sich selbst und in zus\u00e4tzliche Qualifikationen zu investieren. Wir wollen uns gemeinsam mit Ihnen weiterentwickeln!<\/p>\n<h2><strong>Ist die UDT-Pr\u00fcfung f\u00fcr G\u00fcter- und Personenkr\u00e4ne obligatorisch?<\/strong><\/h2>\n<p>Um die Frage so einfach wie m\u00f6glich zu beantworten: JA!  Krane d\u00fcrfen nur von Personen bedient werden, die \u00fcber eine aktuelle Qualifikation verf\u00fcgen, die durch das erfolgreiche Ablegen einer staatlichen Pr\u00fcfung erworben wurde.<\/p>\n<p>Denken Sie daran, dass Sie f\u00fcr den Betrieb eines Personenaufzugs, auch bekannt als Lastenaufzug, eine g\u00fcltige staatliche Lizenz ben\u00f6tigen, die von der UDT ausgestellt wird. Ohne F\u00fchrerschein darf man sie nicht bedienen, auch wenn man die F\u00e4higkeiten dazu hat! Jeder Lasten- und Personenaufzug sollte \u00fcber eine aktuelle UDT-Pr\u00fcfung verf\u00fcgen und mit einer von der UDT vergebenen Nummer sowie einem entsprechenden Aufkleber versehen sein.<\/p>\n<table border=\"1\">\n<tbody>\n<tr>\n<td width=\"300\"><u>Name des Kurses:<\/u><\/td>\n<td width=\"300\">Lasten- und Personenaufzugskurs bei ERGON!<\/td>\n<\/tr>\n<tr>\n<td width=\"300\">Wo wir den Kurs durchf\u00fchren:<\/td>\n<td width=\"300\">\u00dcberall in Polen!<\/td>\n<\/tr>\n<tr>\n<td width=\"300\">Preisgestaltung:<\/td>\n<td width=\"300\">Ausf\u00fchrliche Informationen finden Sie auf der Website des ERGON-Zentrums.<\/td>\n<\/tr>\n<\/tbody>\n<\/table>\n<p><a href=\"https:\/\/kursy-udt.pl\/wp-content\/uploads\/2022\/12\/69-Dzwigi-osobowe-towarowe-kursy-udt.pl_.png\"><img loading=\"lazy\" decoding=\"async\" class=\"aligncenter wp-image-4567\" src=\"https:\/\/kursy-udt.pl\/wp-content\/uploads\/2022\/12\/69-Dzwigi-osobowe-towarowe-kursy-udt.pl_-300x188.png\" alt=\"\" width=\"750\" height=\"469\" srcset=\"https:\/\/kursy-udt.pl\/wp-content\/uploads\/2022\/12\/69-Dzwigi-osobowe-towarowe-kursy-udt.pl_-300x188.png 300w, https:\/\/kursy-udt.pl\/wp-content\/uploads\/2022\/12\/69-Dzwigi-osobowe-towarowe-kursy-udt.pl_-1024x640.png 1024w, https:\/\/kursy-udt.pl\/wp-content\/uploads\/2022\/12\/69-Dzwigi-osobowe-towarowe-kursy-udt.pl_-768x480.png 768w, https:\/\/kursy-udt.pl\/wp-content\/uploads\/2022\/12\/69-Dzwigi-osobowe-towarowe-kursy-udt.pl_-18x12.png 18w, https:\/\/kursy-udt.pl\/wp-content\/uploads\/2022\/12\/69-Dzwigi-osobowe-towarowe-kursy-udt.pl_-624x390.png 624w, https:\/\/kursy-udt.pl\/wp-content\/uploads\/2022\/12\/69-Dzwigi-osobowe-towarowe-kursy-udt.pl_.png 1200w\" sizes=\"auto, (max-width: 750px) 100vw, 750px\" \/><\/a><\/p>","protected":false},"excerpt":{"rendered":"<p>D\u017awig towarowo-osobowy zajmuje si\u0119 podnoszeniem i zatrzymywaniem na okre\u015blonych poziomach. Dzia\u0142a jak wszystkie dobrze znane nam windy. Bez niego przenoszenie i podnoszenie pracownik\u00f3w jak i materia\u0142\u00f3w by\u0142oby niesamowicie utrudnione. Aby m\u00f3c obs\u0142ugiwa\u0107 to urz\u0105dzenie konieczne jest zdanie egzaminu UDT i otrzymanie uprawnie\u0144. Zapraszamy do ERGON, z nami z \u0142atwo\u015bci\u0105 zrobisz kurs i zostaniesz operatorem d\u017awigu! Zastanawiasz si\u0119 jak wygl\u0105da nasz kurs? Przede wszystkim, zale\u017cy nam na jako\u015bci nauczania oraz na zadowoleniu kursant\u00f3w. Uwa\u017camy, \u017ce zar\u00f3wno teoria, jak i praktyka s\u0105 r\u00f3wnie wa\u017cne, dlatego tak samo koncentrujemy si\u0119 na obu strefach. Korzystamy z metod dydaktycznych, kt\u00f3re aktywizuj\u0105 s\u0142uchaczy i zach\u0119caj\u0105 do czynnego udzia\u0142u w zaj\u0119ciach. Nasi specjali\u015bci przygotuj\u0105 kursant\u00f3w do egzaminu oraz wyposa\u017c\u0105 ich w umiej\u0119tno\u015bci niezb\u0119dne w miejscu pracy. A czego dowiesz si\u0119 na kursach? Po naszym kursie posi\u0105dziesz profesjonaln\u0105 wiedz\u0119, niezb\u0119dn\u0105 do pracy jako operator. Zapoznasz si\u0119 z nast\u0119puj\u0105cymi zagadnieniami: Podstawowe parametry d\u017awig\u00f3w, G\u0142\u00f3wne zespo\u0142y d\u017awigu towarowo-osobowego, Obowi\u0105zki i zadania obs\u0142uguj\u0105cego windy, Zasady bezpiecze\u0144stwa pracy przy obs\u0142udze d\u017awig\u00f3w towarowo-osobowych. Chcesz wiedzie\u0107 jakie dokumenty otrzymasz po kursie i zdanym egzaminie? Po uko\u0144czonym kurie otrzymasz \u015bwiadectwo kwalifikacji i za\u015bwiadczenie o przeszkoleniu (uko\u0144czeniu kursu). Ile trwa nasz kurs? Wa\u017cna jest dla nas wsp\u00f3\u0142praca, dlatego zawsze podchodzimy indywidualnie i dopasowujemy si\u0119 do klienta. D\u0142ugo\u015b\u0107 kursu jest zale\u017cna od Twoich umiej\u0119tno\u015bci. Gdzie prowadzimy kursy? Jeste\u015bmy na terenie niemal\u017ce ca\u0142ej Polski! Dlatego nasze kursy s\u0105 a\u017c tak dost\u0119pne. Jeste\u015bmy w takich miastach jak: Warszawa, Krak\u00f3w, Katowice, \u0141\u00f3d\u017a, Wroc\u0142aw, Pozna\u0144, Gda\u0144sk, Gdynia, Szczecin, Bydgoszcz, Lublin, Bielsko-Bia\u0142a. To nie wszystko! W przypadku potrzeby szkoleniowej, obejmuj\u0105cej grup\u0119 zorganizowan\u0105, dojedziemy tak\u017ce do Ciebie po [&hellip;]<\/p>\n","protected":false},"author":2,"featured_media":4406,"parent":2724,"menu_order":0,"comment_status":"closed","ping_status":"closed","template":"","meta":{"sfsi_plus_gutenberg_text_before_share":"","sfsi_plus_gutenberg_show_text_before_share":"","sfsi_plus_gutenberg_icon_type":"","sfsi_plus_gutenberg_icon_alignemt":"","sfsi_plus_gutenburg_max_per_row":"","footnotes":""},"class_list":["post-4403","page","type-page","status-publish","has-post-thumbnail","hentry","has_thumb"],"aioseo_notices":[],"_links":{"self":[{"href":"https:\/\/kursy-udt.pl\/de\/wp-json\/wp\/v2\/pages\/4403","targetHints":{"allow":["GET"]}}],"collection":[{"href":"https:\/\/kursy-udt.pl\/de\/wp-json\/wp\/v2\/pages"}],"about":[{"href":"https:\/\/kursy-udt.pl\/de\/wp-json\/wp\/v2\/types\/page"}],"author":[{"embeddable":true,"href":"https:\/\/kursy-udt.pl\/de\/wp-json\/wp\/v2\/users\/2"}],"replies":[{"embeddable":true,"href":"https:\/\/kursy-udt.pl\/de\/wp-json\/wp\/v2\/comments?post=4403"}],"version-history":[{"count":4,"href":"https:\/\/kursy-udt.pl\/de\/wp-json\/wp\/v2\/pages\/4403\/revisions"}],"predecessor-version":[{"id":5511,"href":"https:\/\/kursy-udt.pl\/de\/wp-json\/wp\/v2\/pages\/4403\/revisions\/5511"}],"up":[{"embeddable":true,"href":"https:\/\/kursy-udt.pl\/de\/wp-json\/wp\/v2\/pages\/2724"}],"wp:featuredmedia":[{"embeddable":true,"href":"https:\/\/kursy-udt.pl\/de\/wp-json\/wp\/v2\/media\/4406"}],"wp:attachment":[{"href":"https:\/\/kursy-udt.pl\/de\/wp-json\/wp\/v2\/media?parent=4403"}],"curies":[{"name":"wp","href":"https:\/\/api.w.org\/{rel}","templated":true}]}}