{"id":44,"date":"2014-02-10T17:16:46","date_gmt":"2014-02-10T17:16:46","guid":{"rendered":"http:\/\/kursy-udt.kwiaty0.pl\/?page_id=44"},"modified":"2020-06-02T21:27:21","modified_gmt":"2020-06-02T21:27:21","slug":"krane-3","status":"publish","type":"page","link":"https:\/\/kursy-udt.pl\/de\/suwnice\/","title":{"rendered":"Br\u00fcckenkran-Kurs - Lassen Sie sich zertifizieren"},"content":{"rendered":"<div style=\"float: left; padding-right: 10px;\"><img loading=\"lazy\" decoding=\"async\" alt=\"Kranichkurs Warschau\" src=\"\/wp-content\/uploads\/2014\/04\/suwnice.jpeg\" width=\"200\" height=\"150\" \/><\/div>\n<div class=\"wyjustuj\">F\u00fcr den Betrieb von Br\u00fcckenkr\u00e4nen, die in der Regel im Verkehrswesen und in verschiedenen Industriezweigen eingesetzt werden, sind folgende Voraussetzungen erforderlich <a href=\"https:\/\/kursy-udt.pl\/de\/szkolenia\/kurs-na-suwnice\/\">Kranbahn<\/a>. Nach Abschluss des Kurses und erfolgreichem Bestehen der Pr\u00fcfung erh\u00e4lt der Kursteilnehmer ein <a href=\"https:\/\/kursy-udt.pl\/de\/uprawnienia-udt\/kategorie-uprawnien-2\/\">Anrechte<\/a> f\u00fcr Krane nach den Vorschriften des Technischen \u00dcberwachungsvereins, dem das Ger\u00e4t unterliegt.<\/p>\n<h2 class=\"naglowekh2\">Hintergrundinformationen<\/h2>\n<p>Br\u00fcckenkr\u00e4ne sind als Krane eingestufte Ger\u00e4te, die in intermittierender Bewegung arbeiten. Sie sind mit Hebe- oder Senkmechanismen ausgestattet - entweder mit Hebezeugen oder Winden. Br\u00fcckenkr\u00e4ne sind in erster Linie f\u00fcr den horizontalen und vertikalen Transport von G\u00fctern ausgelegt. Der Einsatzbereich des Ger\u00e4ts wird durch die H\u00f6he des Absenkens und Anhebens der G\u00fcter, die L\u00e4nge des Fahrwegs des Ger\u00e4ts und die Breite seiner Br\u00fccke begrenzt. Das Ger\u00e4t kann \u00fcber eine Kabel- oder Funksteuerung bedient werden. Gr\u00f6\u00dfere Modelle werden von einem in einer Kabine sitzenden Bediener bedient.<\/p>\n<h2 class=\"naglowekh2\">Entw\u00fcrfe f\u00fcr Ger\u00e4te<\/h2>\n<ul>\n<li>Laufkr\u00e4ne - werden haupts\u00e4chlich in Industriehallen installiert. Sie sind mit einem Hebezeug ausgestattet, das sich auf einer Br\u00fccke bewegt. Die Br\u00fcckenmodelle sind im oberen Teil der Halle installiert und bestehen aus einer Fachwerkplattform, die sich auf Schienen bewegt<\/li>\n<li>H\u00e4ngekr\u00e4ne - \u00e4hneln in ihrer Bauweise den schienengebundenen Kr\u00e4nen, die auf an der Hallendachkonstruktion aufgeh\u00e4ngten Laufbahnen laufen. Sie eignen sich f\u00fcr Innenanwendungen, bei denen der verf\u00fcgbare Raum maximal ausgenutzt werden muss.<\/li>\n<li>Portalkr\u00e4ne - dieses Modell wird h\u00e4ufig im Freien eingesetzt, z. B. in Lagerhallen oder auf Slipanlagen von Werften. Diese Einheiten sind mit Plattformen konstruiert, die an seitlichen Br\u00fccken aufgeh\u00e4ngt sind, die die Tore miteinander verbinden. Die Portalkr\u00e4ne haben Schienen- oder Radfahrgestelle.<\/li>\n<\/ul>\n<h2 class=\"naglowekh2\">Anmeldung<\/h2>\n<p>Wie bereits erw\u00e4hnt, werden die Ger\u00e4te vor allem im Transportbereich eingesetzt, zum Beispiel in Produktionshallen, Werften, Umschlagpl\u00e4tzen oder Lagerhallen. Dank ihrer Konstruktion erm\u00f6glichen sie je nach den verwendeten Greifelementen ein schnelles und sicheres Handling von unterschiedlichen Lasten.<\/p>\n<h2 class=\"naglowekh2\">Berechtigungen<\/h2>\n<p>F\u00fcr das Bedienen von Br\u00fcckenkr\u00e4nen, die von der Arbeitsebene aus, auch drahtlos, gesteuert werden, sowie von Ger\u00e4ten, die von der Kabine aus bedient werden, ben\u00f6tigen Sie einen Br\u00fcckenkranf\u00fchrerschein. Die Lizenz wird nach Absolvierung eines Kurses und Bestehen einer staatlichen Pr\u00fcfung vor einer Kommission des Technischen \u00dcberwachungsamtes erteilt. Der F\u00fchrerschein wird auf unbestimmte Zeit erteilt und berechtigt zum F\u00fchren von Ger\u00e4ten der auf dem F\u00fchrerschein angegebenen Art.<\/p>\n<h2 class=\"naglowekh2\">Kategorien von Anspr\u00fcchen<\/h2>\n<ul>\n<li>II S - die Berechtigung zur Bedienung von Ger\u00e4ten, die von der Arbeitsebene aus gesteuert werden, sowie von Hebezeugen und Winden der Kategorie II W und station\u00e4ren Werkstattkr\u00e4nen<\/li>\n<li>I S - Berechtigung zum F\u00fchren von kabinenbetriebenen Maschinen sowie von Hebezeugen und Winden nach Kategorie I W und Kategorie II S Maschinen<\/li>\n<\/ul>\n<p>Br\u00fcckenkr\u00e4ne sind Ger\u00e4te, die h\u00e4ufig an verschiedenen Arbeitspl\u00e4tzen eingesetzt werden. Um sie richtig zu bedienen, ist es wichtig, die richtigen <a href=\"\/de\/ausbildung\/kranbahn\/\">Kurs und Berechtigungen<\/a>. W\u00e4hrend des Kurses erhalten die Teilnehmer die wichtigsten Informationen zur Bedienung des Ger\u00e4ts, einschlie\u00dflich der Hinweise zu den Gesundheits- und Sicherheitsvorschriften vor, w\u00e4hrend und nach der Arbeit, um alle Lasten korrekt zu transportieren.<\/p>\n<p>Unabh\u00e4ngig von der Art des Krans muss der Bediener \u00fcber die entsprechenden Qualifikationen verf\u00fcgen. Ohne diese setzt er sowohl sich selbst als auch andere Arbeitnehmer Risiken aus. Es liegt in der Verantwortung des Arbeitgebers, daf\u00fcr zu sorgen, dass seine Untergebenen ordnungsgem\u00e4\u00df geschult sind und dass die Arbeitsbedingungen den geltenden Vorschriften entsprechen <a href=\"https:\/\/kursy-udt.pl\/de\/szkolenia\/bhp-bezpieczenstwo-pracy\/prawna-ochrona-pracy\/\">GESUNDHEIT UND SICHERHEIT<\/a>.<\/p>\n<\/div>\n<div class=\"button_styl\" style=\"float:right; padding-left:15px; padding-bottom:8px; margin-bottom:5px;\"><a href=\"https:\/\/platformaedukacji.pl\/login\/signup.php\" rel=\"nofollow noopener noreferrer\" target=\"_blank\" class=\"myButton myButton_maly\"><font color=\"white\">Anmeldung zur Schulung<\/font><\/a><\/div>","protected":false},"excerpt":{"rendered":"<p>Aby obs\u0142ugiwa\u0107 suwnice, czyli d\u017awignice wykorzystywane powszechnie w transporcie i r\u00f3\u017cnych ga\u0142\u0119ziach przemys\u0142u, wymagany jest kurs na suwnice. Po zako\u0144czeniu kursu i pozytywnym zdaniu egzaminu uczestnik kursu otrzymuje uprawnienia na suwnice zgodnie z przepisami Urz\u0119du Dozoru Technicznego, kt\u00f3remu urz\u0105dzenia te podlegaj\u0105. Informacje podstawowe Suwnice to urz\u0105dzenia zakwalifikowane do d\u017awignic, kt\u00f3re pracuj\u0105 w ruchu przerywanym. S\u0105 one wyposa\u017cone w mechanizmy opuszczania lub podnoszenia \u2013 wci\u0105gniki albo wci\u0105garki. Suwnice s\u0105 przeznaczone przede wszystkim do przemieszczania towar\u00f3w w poziomie oraz w pionie. Obszar dzia\u0142ania urz\u0105dzenia ograniczony jest przez wysoko\u015b\u0107 opuszczania i podnoszenia towar\u00f3w, d\u0142ugo\u015b\u0107 toru jazdy urz\u0105dzenia oraz szeroko\u015b\u0107 jej mostu. Urz\u0105dzenia mog\u0105 sterowane przewodowo lub bezprzewodowo. Wi\u0119ksze modele obs\u0142ugiwane s\u0105 przez operatora siedz\u0105cego w kabinie. Konstrukcje urz\u0105dze\u0144 suwnice pomostowe (natorowe) \u2013 s\u0105 montowane g\u0142\u00f3wnie w halach przemys\u0142owych. S\u0105 wyposa\u017cone w ci\u0119gnik poruszaj\u0105cy si\u0119 po pomo\u015bcie. Modele pomostowe s\u0105 instalowane w g\u00f3rnej cz\u0119\u015bci hali i sk\u0142adaj\u0105 si\u0119 z kratownicowego pomostu, kt\u00f3ry przemieszcza si\u0119 po szynach suwnice podwieszone \u2013 s\u0105 podobne w swojej konstrukcji do modeli natorowych, kt\u00f3re poruszaj\u0105 si\u0119 po torach jezdnych podwieszonych do konstrukcji dachu hali. Sprawdzaj\u0105 si\u0119 we wn\u0119trzach, w kt\u00f3rych nale\u017cy maksymalnie wykorzysta\u0107 dost\u0119pn\u0105 przestrze\u0144 suwnice bramowe \u2013 to model cz\u0119sto wykorzystywany na zewn\u0105trz, na przyk\u0142ad na sk\u0142adowiskach lub pochylniach stoczniowych. Urz\u0105dzenia te s\u0105 zbudowane z pomost\u00f3w zawieszonych na bocznych mostach wi\u0105\u017c\u0105cych bramy. Bramy posiadaj\u0105 szynowe lub ko\u0142owe podwozia Zastosowanie Jak zosta\u0142o wspomniane, urz\u0105dzenia wykorzystywane s\u0105 przede wszystkim w transporcie, na przyk\u0142ad w halach produkcyjnych, stoczniach, punktach prze\u0142adunkowych czy sk\u0142adowiskach. Dzi\u0119ki swojej konstrukcji umo\u017cliwiaj\u0105 szybkie i bezpieczne przenoszenie r\u00f3\u017cnego typu \u0142adunk\u00f3w zale\u017cnie od zastosowanych element\u00f3w [&hellip;]<\/p>\n","protected":false},"author":1,"featured_media":0,"parent":0,"menu_order":0,"comment_status":"closed","ping_status":"closed","template":"","meta":{"sfsi_plus_gutenberg_text_before_share":"","sfsi_plus_gutenberg_show_text_before_share":"","sfsi_plus_gutenberg_icon_type":"","sfsi_plus_gutenberg_icon_alignemt":"","sfsi_plus_gutenburg_max_per_row":"","footnotes":""},"class_list":["post-44","page","type-page","status-publish","hentry","has_thumb"],"aioseo_notices":[],"_links":{"self":[{"href":"https:\/\/kursy-udt.pl\/de\/wp-json\/wp\/v2\/pages\/44","targetHints":{"allow":["GET"]}}],"collection":[{"href":"https:\/\/kursy-udt.pl\/de\/wp-json\/wp\/v2\/pages"}],"about":[{"href":"https:\/\/kursy-udt.pl\/de\/wp-json\/wp\/v2\/types\/page"}],"author":[{"embeddable":true,"href":"https:\/\/kursy-udt.pl\/de\/wp-json\/wp\/v2\/users\/1"}],"replies":[{"embeddable":true,"href":"https:\/\/kursy-udt.pl\/de\/wp-json\/wp\/v2\/comments?post=44"}],"version-history":[{"count":23,"href":"https:\/\/kursy-udt.pl\/de\/wp-json\/wp\/v2\/pages\/44\/revisions"}],"predecessor-version":[{"id":3002,"href":"https:\/\/kursy-udt.pl\/de\/wp-json\/wp\/v2\/pages\/44\/revisions\/3002"}],"wp:attachment":[{"href":"https:\/\/kursy-udt.pl\/de\/wp-json\/wp\/v2\/media?parent=44"}],"curies":[{"name":"wp","href":"https:\/\/api.w.org\/{rel}","templated":true}]}}