{"id":4387,"date":"2022-09-26T09:25:51","date_gmt":"2022-09-26T09:25:51","guid":{"rendered":"https:\/\/kursy-udt.pl\/?page_id=4387"},"modified":"2023-03-20T23:24:16","modified_gmt":"2023-03-20T22:24:16","slug":"kurs-frachtabrechnung","status":"publish","type":"page","link":"https:\/\/kursy-udt.pl\/de\/szkolenia\/udt-wdt-tdt\/wyciagi-towarowe-kurs\/","title":{"rendered":"Kurs f\u00fcr G\u00fcterkraftverkehrsunternehmer"},"content":{"rendered":"<div class=\"wp-block-image\">\n<figure class=\"alignright size-large is-resized\"><img loading=\"lazy\" decoding=\"async\" src=\"https:\/\/kursy-udt.pl\/wp-content\/uploads\/2022\/09\/images.jpeg\" alt=\"Berufsausbildung\" width=\"215\" height=\"398\"\/><\/figure>\n<\/div>\n\n\n<p>Die Ausbildung in unserem Unternehmen bereitet die Teilnehmer auf eine Besch\u00e4ftigung als G\u00fcteraufzugsf\u00fchrer vor. Mit Qualifikationen nicht nur in der Bedienung, sondern auch in der Wartung sind Sie \u00fcberall dort einsetzbar, wo G\u00fcteraufz\u00fcge eingesetzt werden. Sie erwerben Kenntnisse in der Bedienung und Wartung von station\u00e4ren, mobilen und tragbaren Lastenaufz\u00fcgen und Schiffsaufz\u00fcgen.&nbsp;<\/p>\n\n\n\n<h2 class=\"wp-block-heading\">Ausbildungsprogramm&nbsp;<\/h2>\n\n\n\n<p>Der Kurs behandelt Themen wie:&nbsp;<\/p>\n\n\n\n<ul class=\"wp-block-list\">\n<li>Konstruktion und individuelle Lastenaufzugssysteme,&nbsp;<\/li>\n\n\n\n<li>Verantwortlichkeiten des Betreibers des Lastenaufzugs,&nbsp;<\/li>\n\n\n\n<li>Rechtsvorschriften,&nbsp;<\/li>\n\n\n\n<li>Sicherheit bei der Durchf\u00fchrung der Arbeiten,&nbsp;<\/li>\n\n\n\n<li>Betrieb und Verwendung von Warenextrakten,&nbsp;<\/li>\n\n\n\n<li>praktische Aktivit\u00e4ten.&nbsp;<\/li>\n<\/ul>\n\n\n\n<h2 class=\"wp-block-heading\">Erhalt von Anspr\u00fcchen&nbsp;<\/h2>\n\n\n\n<p>Nach bestandener Pr\u00fcfung erh\u00e4lt jeder Teilnehmer einen Bef\u00e4higungsnachweis, der ihn zum F\u00fchren von Umschlagger\u00e4ten berechtigt. Dieses Zertifikat wird vom Technischen \u00dcberwachungsverein ausgestellt und ist 10 Jahre lang g\u00fcltig.&nbsp;<\/p>\n\n\n\n<h2 class=\"wp-block-heading\">Vorteile der Ausbildung&nbsp;<\/h2>\n\n\n\n<p>Die Lehrg\u00e4nge in unserem Unternehmen werden von Fachpersonal durchgef\u00fchrt. Ziel der Kurse ist es, die Teilnehmer auf die staatliche Pr\u00fcfung zur Best\u00e4tigung ihrer Qualifikationen vorzubereiten. Die Lehrg\u00e4nge umfassen sowohl einen theoretischen als auch einen praktischen Teil. Dadurch k\u00f6nnen die Teilnehmer das vermittelte Wissen besser und effektiver verarbeiten. Wir bilden die Teilnehmer zum G\u00fcteraufzugf\u00fchrer aus. Diese Qualifikation bef\u00e4higt die Teilnehmer, station\u00e4re, mobile oder fahrbare Lastenaufz\u00fcge zu bedienen. Nach Abschluss des Kurses k\u00f6nnen die Teilnehmer eine staatliche Pr\u00fcfung ablegen. Diese wird von einer von der UDT eingesetzten Kommission durchgef\u00fchrt. Bei bestandener Pr\u00fcfung erhalten die Teilnehmer ein pers\u00f6nliches Zertifikat, das von der Beh\u00f6rde ausgestellt wird.&nbsp;<\/p>\n\n\n\n<h2 class=\"wp-block-heading\">Wer kann den Kurs besuchen und wie melde ich mich an?&nbsp;<\/h2>\n\n\n\n<p>Eine Person, die die folgenden Bedingungen erf\u00fcllt, kann den Kurs besuchen:&nbsp;<\/p>\n\n\n\n<ul class=\"wp-block-list\">\n<li>\u00fcber 18 Jahre alt ist,&nbsp;<\/li>\n\n\n\n<li>mindestens \u00fcber eine Grundschulbildung verf\u00fcgt,&nbsp;<\/li>\n\n\n\n<li>einen F\u00fchrerschein der Klasse B besitzt.&nbsp;<\/li>\n<\/ul>\n\n\n\n<p>Um sich f\u00fcr eine Schulung anzumelden, nehmen Sie bitte Kontakt mit uns auf.&nbsp;<\/p>\n\n\n\n<h2 class=\"wp-block-heading\">Merkmale von Lastenaufz\u00fcgen&nbsp;<\/h2>\n\n\n\n<p>Ein Lastenaufzug ist eine Plattform, die entlang eines Mastes bewegt wird. In seinem Aussehen oder Design \u00e4hnelt er einer Leiter. Mit Lastenaufz\u00fcgen k\u00f6nnen wir Baumaterialien auf h\u00f6here Ebenen transportieren. Man unterscheidet zwischen Linear- und Kettenlastenaufz\u00fcgen.&nbsp;&nbsp;<\/p>\n\n\n\n<h2 class=\"wp-block-heading\">Bedingungen f\u00fcr den Betrieb von Lastenaufz\u00fcgen&nbsp;<\/h2>\n\n\n<div class=\"wp-block-image\">\n<figure class=\"alignright size-large is-resized\"><img loading=\"lazy\" decoding=\"async\" src=\"https:\/\/kursy-udt.pl\/wp-content\/uploads\/2022\/09\/wyciag-winda-budowlana-scanclimber-mpt-600-wroclaw-524652345.jpeg\" alt=\"Betrieb des Ger\u00e4ts\" width=\"411\" height=\"277\"\/><\/figure>\n<\/div>\n\n\n<p>Alle Lastenaufz\u00fcge sind Ger\u00e4te, die der technischen \u00dcberwachung unterliegen. Handhabungsger\u00e4te mit einer Tragf\u00e4higkeit von 250 kg oder weniger, mit Ausnahme derjenigen, die f\u00fcr die Bef\u00f6rderung von Personen verwendet werden, unterliegen der vereinfachten technischen \u00dcberwachung. Es ist nicht erforderlich, diese Ger\u00e4te beim T\u00dcV anzumelden und pr\u00fcfen zu lassen. Es ist jedoch sicherzustellen, dass sie von entsprechend qualifizierten Personen gewartet und betrieben werden, die \u00fcber folgende Kenntnisse verf\u00fcgen <a href=\"https:\/\/kursy-udt.pl\/de\/uprawnienia-udt\/kategorie-uprawnien-2\/\">Anrechte<\/a>. Technische Einrichtungen, die der technischen \u00dcberwachung unterliegen, m\u00fcssen entsprechend der Anleitung betrieben und bestimmungsgem\u00e4\u00df verwendet werden.&nbsp;<\/p>\n\n\n\n<h2 class=\"wp-block-heading\">Zu beachtende Regeln&nbsp;<\/h2>\n\n\n\n<p>Der Betreiber sollte das Ger\u00e4t mit einer station\u00e4ren Betriebsanleitung ausstatten. Diese basiert auf der Betriebsanleitung des Ger\u00e4ts und sollte der Person, die das Ger\u00e4t bedient, zur Verf\u00fcgung stehen. Der Betreiber sollte auch sicherstellen, dass das Ger\u00e4t ordnungsgem\u00e4\u00df gewartet wird, damit es sicher verwendet werden kann. Wartungsinspektionen m\u00fcssen mindestens innerhalb des im Erlass des Ministers f\u00fcr Unternehmertum und Technologie vom 30. Oktober 2018 festgelegten Zeitrahmens durchgef\u00fchrt werden. Wenn der Hersteller des Ger\u00e4ts eine andere Frist f\u00fcr solche Inspektionen angegeben hat, muss diese eingehalten werden.&nbsp;<\/p>\n\n\n\n<p>F\u00fcr jedes Ger\u00e4t sollte ein Wartungsbuch gef\u00fchrt werden, in das die durchgef\u00fchrten Reparaturen eingetragen werden.&nbsp;<\/p>\n\n\n\n<p><strong>WICHTIG!<\/strong> Wenn es sich um fabrikneue Ger\u00e4te handelt, ist eine Registrierungspr\u00fcfung erforderlich. In anderen F\u00e4llen wird nur eine Abnahmepr\u00fcfung durchgef\u00fchrt. Bei positivem Pr\u00fcfergebnis stellt der Pr\u00fcfer des Technischen \u00dcberwachungsvereins einen Pr\u00fcfbericht und eine Entscheidung aus, mit der die Verwendung des Ger\u00e4ts genehmigt wird. Nach einer solchen Pr\u00fcfung erh\u00e4lt der Benutzer per Post ein Pr\u00fcfbuch zusammen mit einer Rechnung f\u00fcr die durchgef\u00fchrte Pr\u00fcfung. In den Kosten f\u00fcr die Pr\u00fcfung ist eine eventuelle Reise des Pr\u00fcfers zum Ger\u00e4t enthalten. Wenn die oben genannten Phasen durchlaufen sind, wird das Ger\u00e4t in das Register der zust\u00e4ndigen Niederlassung des Technischen \u00dcberwachungsvereins eingetragen.&nbsp;<\/p>\n\n\n\n<h2 class=\"wp-block-heading\">Arten von Tests, die w\u00e4hrend des Betriebs erforderlich sind&nbsp;<\/h2>\n\n\n<div class=\"wp-block-image\">\n<figure class=\"alignright size-large is-resized\"><img loading=\"lazy\" decoding=\"async\" src=\"https:\/\/kursy-udt.pl\/wp-content\/uploads\/2022\/09\/3-4.jpeg\" alt=\"Lastenaufzug\" width=\"266\" height=\"400\"\/><\/figure>\n<\/div>\n\n\n<p>Das zu pr\u00fcfende Ger\u00e4t muss technisch einwandfrei sein. Au\u00dferdem muss es gem\u00e4\u00df den in der Verordnung und der Gebrauchsanweisung festgelegten Bedingungen zusammengebaut und vorbereitet werden. Der Betreiber ist verpflichtet, sichere Bedingungen f\u00fcr die Durchf\u00fchrung der Pr\u00fcfung zu gew\u00e4hrleisten, den Ort daf\u00fcr vorzubereiten sowie die erforderlichen Instrumente und Lasten bereitzustellen. Er sollte auch daf\u00fcr sorgen, dass eine Wartungsperson und ein Bediener anwesend sind - dies sollten Personen mit den entsprechenden Qualifikationen sein. Die Pr\u00fcfungen werden in den R\u00e4umlichkeiten des Benutzers durchgef\u00fchrt. W\u00e4hrend der Pr\u00fcfung muss der Betreiber oder sein bevollm\u00e4chtigter Vertreter anwesend sein. Sind die Bedingungen f\u00fcr die Durchf\u00fchrung der Pr\u00fcfungen unzureichend, kann der Pr\u00fcfer die Durchf\u00fchrung der Pr\u00fcfungen verweigern.&nbsp;<\/p>\n\n\n\n<figure class=\"wp-block-table\"><table><tbody><tr><td>Welchen Pr\u00fcfungen werden die technischen Ger\u00e4te w\u00e4hrend ihres Betriebs unterzogen?&nbsp;<\/td><\/tr><tr><td>Ad-hoc-Follow-up-Erhebungen.&nbsp;<br>Ad-hoc-Pr\u00fcfungen w\u00e4hrend des Betriebs.&nbsp;<br>Ad-hoc-Untersuchungen nach Unf\u00e4llen oder Fehlern.&nbsp;<\/td><\/tr><\/tbody><\/table><\/figure>\n\n\n\n<h2 class=\"wp-block-heading\">Unser Angebot<\/h2>\n\n\n\n<p>Wir laden Sie ein, einen Blick auf das Angebot unseres Unternehmens zu werfen! Wir veranstalten Schulungen <a href=\"https:\/\/kursy-udt.pl\/de\/szkolenia\/bhp-bezpieczenstwo-pracy\/prawna-ochrona-pracy\/\">GESUNDHEIT UND SICHERHEIT<\/a> und PSA sowie spezielle Kurse f\u00fcr die Bedienung und Wartung von UDT-Ger\u00e4ten wie Gabelstaplern, mobilen Arbeitsb\u00fchnen, Kr\u00e4nen und Teleskopladern.&nbsp;<\/p>\n\n\n\n<p>Unter anderem bieten wir auch einen professionellen UDT-Maschinenservice, Wartung, Modernisierung, Verkauf von Neu- und Gebrauchtger\u00e4ten und die M\u00f6glichkeit, einen Gabelstapler oder eine Scherenb\u00fchne zu mieten.&nbsp;<\/p>","protected":false},"excerpt":{"rendered":"<p>Szkolenie w naszej firmie przygotowuje jego uczestnik\u00f3w do podj\u0119cia pracy na stanowisku operatora wyci\u0105g\u00f3w towarowych. Dzi\u0119ki uprawnieniom z zakresu nie tylko obs\u0142ugi, ale tak\u017ce konserwacji urz\u0105dze\u0144, b\u0119dziesz mie\u0107 wi\u0119ksze mo\u017cliwo\u015bci zatrudnienia tam, gdzie wykorzystywane s\u0105 wyci\u0105gi towarowe. Zdob\u0119dziesz wiedz\u0119 z zakresu obs\u0142ugi i konserwacji wyci\u0105g\u00f3w towarowych stacjonarnych, przewo\u017anych, przeno\u015bnych i wyci\u0105g\u00f3w statk\u00f3w.&nbsp; Program szkolenia&nbsp; Na zaj\u0119ciach zostan\u0105 om\u00f3wione takie tematy jak:&nbsp; Otrzymanie uprawnie\u0144&nbsp; Po pozytywnym wyniku egzaminu ka\u017cdy uczestnik dostanie za\u015bwiadczenie kwalifikacyjne uprawniaj\u0105ce do obs\u0142ugi urz\u0105dze\u0144 transportu bliskiego. Takie za\u015bwiadczenie wydaje Urz\u0105d Dozoru Technicznego i jest wa\u017cne 10 lat.&nbsp; Zalety szkolenia&nbsp; Szkolenia w naszej firmie prowadz\u0105 wyspecjalizowani pracownicy. Celem kurs\u00f3w jest przygotowanie uczestnik\u00f3w do pa\u0144stwowego egzaminu potwierdzaj\u0105cego ich kwalifikacje. Szkolenia obejmuj\u0105 zar\u00f3wno cz\u0119\u015b\u0107 teoretyczn\u0105 oraz praktyczn\u0105. Dzi\u0119ki temu ich uczestnicy lepiej i skuteczniej przyswoj\u0105 przekazywan\u0105 wiedz\u0119. Szkolimy kursant\u00f3w do uzyskania uprawnie\u0144 na operatora wyci\u0105g\u00f3w towarowych. Dzi\u0119ki otrzymanym dokumentom, uczestnicy mog\u0105 obs\u0142ugiwa\u0107 wyci\u0105gi towarowe stacjonarne, przeno\u015bne oraz przewo\u017ane. Sko\u0144czenie kursu daje uczestnikom mo\u017cliwo\u015b\u0107 przyst\u0105pienia do pa\u0144stwowego egzaminu. Jest on przeprowadzany przez komisj\u0119 powo\u0142an\u0105 przez UDT. Pozytywny wynik egzaminu pozwala na otrzymanie imiennego za\u015bwiadczenia, kt\u00f3re wydaje urz\u0105d.&nbsp; Kto mo\u017ce uczestniczy\u0107 w kursie oraz jak si\u0119 na niego zapisa\u0107?&nbsp; Do kursu mo\u017ce podej\u015b\u0107 osoba, kt\u00f3ra spe\u0142nia nast\u0119puj\u0105ce warunki:&nbsp; Aby zapisa\u0107 si\u0119 na szkolenie, zapraszamy do kontaktu.&nbsp; Charakterystyka wyci\u0105g\u00f3w towarowych&nbsp; Wyci\u0105g towarowy to platforma, kt\u00f3ra przesuwana jest po maszcie. Swoim wygl\u0105dem czy konstrukcj\u0105 przypomina drabin\u0119. Dzi\u0119ki wyci\u0105gom towarowym mo\u017cemy transportowa\u0107 materia\u0142y budowlane na wy\u017csze poziomy. Mo\u017cemy wyr\u00f3\u017cni\u0107 wyci\u0105gi towarowe liniowe i \u0142a\u0144cuchowe.&nbsp;&nbsp; Warunki eksploatacji wyci\u0105g\u00f3w towarowych&nbsp; Wszystkie wyci\u0105gi towarowe to urz\u0105dzenia, kt\u00f3re podlegaj\u0105 dozorowi technicznemu. Urz\u0105dzenia transportu bliskiego, kt\u00f3rych [&hellip;]<\/p>\n","protected":false},"author":6,"featured_media":4388,"parent":2721,"menu_order":0,"comment_status":"closed","ping_status":"closed","template":"","meta":{"sfsi_plus_gutenberg_text_before_share":"","sfsi_plus_gutenberg_show_text_before_share":"","sfsi_plus_gutenberg_icon_type":"","sfsi_plus_gutenberg_icon_alignemt":"","sfsi_plus_gutenburg_max_per_row":"","footnotes":""},"class_list":["post-4387","page","type-page","status-publish","has-post-thumbnail","hentry","has_thumb"],"aioseo_notices":[],"_links":{"self":[{"href":"https:\/\/kursy-udt.pl\/de\/wp-json\/wp\/v2\/pages\/4387","targetHints":{"allow":["GET"]}}],"collection":[{"href":"https:\/\/kursy-udt.pl\/de\/wp-json\/wp\/v2\/pages"}],"about":[{"href":"https:\/\/kursy-udt.pl\/de\/wp-json\/wp\/v2\/types\/page"}],"author":[{"embeddable":true,"href":"https:\/\/kursy-udt.pl\/de\/wp-json\/wp\/v2\/users\/6"}],"replies":[{"embeddable":true,"href":"https:\/\/kursy-udt.pl\/de\/wp-json\/wp\/v2\/comments?post=4387"}],"version-history":[{"count":4,"href":"https:\/\/kursy-udt.pl\/de\/wp-json\/wp\/v2\/pages\/4387\/revisions"}],"predecessor-version":[{"id":5583,"href":"https:\/\/kursy-udt.pl\/de\/wp-json\/wp\/v2\/pages\/4387\/revisions\/5583"}],"up":[{"embeddable":true,"href":"https:\/\/kursy-udt.pl\/de\/wp-json\/wp\/v2\/pages\/2721"}],"wp:featuredmedia":[{"embeddable":true,"href":"https:\/\/kursy-udt.pl\/de\/wp-json\/wp\/v2\/media\/4388"}],"wp:attachment":[{"href":"https:\/\/kursy-udt.pl\/de\/wp-json\/wp\/v2\/media?parent=4387"}],"curies":[{"name":"wp","href":"https:\/\/api.w.org\/{rel}","templated":true}]}}