{"id":4227,"date":"2022-09-01T08:21:41","date_gmt":"2022-09-01T08:21:41","guid":{"rendered":"https:\/\/kursy-udt.pl\/?page_id=4227"},"modified":"2023-05-16T15:53:24","modified_gmt":"2023-05-16T13:53:24","slug":"lotkurs","status":"publish","type":"page","link":"https:\/\/kursy-udt.pl\/de\/szkolenia\/spawalnictwo-materialow\/kurs-lutowanie\/","title":{"rendered":"L\u00f6tkurs"},"content":{"rendered":"<h2 class=\"wp-block-heading\">Was L\u00f6ten bedeutet\u00a0<\/h2>\n\n\n\n<p>Die Geschichte des L\u00f6tens reicht bis ins Altertum zur\u00fcck. Bereits 3000 v. Chr. verbanden die \u00c4gypter bei der Herstellung von Schmuck Gold und Silber miteinander. Diese wurden mit Kupferlot verbunden. Diese Methode wird auch heute noch verwendet, um Metalle und Legierungen mit unterschiedlichen Eigenschaften zu verbinden. L\u00f6ten ist also ein Verfahren, bei dem zwei Metallteile mit einem Bindemittel, dem Lot, zusammengef\u00fcgt werden. Das Ergebnis ist eine \u00e4sthetisch ansprechende, stabile und dauerhafte Verbindung. Das L\u00f6ten findet bei einer Temperatur statt, die \u00fcber dem Schmelzpunkt des Lots liegt (um die Verbindung zu plastifizieren). Der gesamte Prozess findet jedoch bei einer Temperatur statt, die die Struktur der verbundenen Teile nicht besch\u00e4digt.&nbsp;&nbsp;<\/p>\n\n\n\n<figure class=\"wp-block-embed is-type-video is-provider-youtube wp-block-embed-youtube wp-embed-aspect-16-9 wp-has-aspect-ratio\"><div class=\"wp-block-embed__wrapper\">\n<iframe loading=\"lazy\" title=\"ABSOLVIEREN SIE IHREN SCHWEISSKURS BEI UNS! IM GANZEN LAND! ERWERBEN SIE IHRE SCHWEISSERQUALIFIKATION!\" width=\"500\" height=\"281\" src=\"https:\/\/www.youtube.com\/embed\/Sn47FDJ5NSQ?feature=oembed\" frameborder=\"0\" allow=\"accelerometer; autoplay; clipboard-write; encrypted-media; gyroscope; picture-in-picture; web-share\" referrerpolicy=\"strict-origin-when-cross-origin\" allowfullscreen><\/iframe>\n<\/div><\/figure>\n\n\n\n<h2 class=\"wp-block-heading\">Kurse zum L\u00f6ten\u00a0<\/h2>\n\n\n\n<p>M\u00f6chten Sie lernen, wie man einen L\u00f6tkolben benutzt? Oder brauchen Sie ihn vielleicht beruflich? Dann kommen Sie zu uns. Im ERGON-Zentrum bieten wir L\u00f6tkurse an. Unsere Ausbilderinnen und Ausbilder zeigen Ihnen gerne, wie Sie mit den Materialien und Werkzeugen umgehen, damit Ihnen das Reparieren zu Hause keine Kopfschmerzen mehr bereitet. Sie lernen den sicheren Umgang mit dem L\u00f6tkolben und lernen, wie man bestimmte Materialien und Werkzeuge verwendet. Au\u00dferdem werden Sie lernen:&nbsp;<\/p>\n\n\n\n<ul class=\"wp-block-list\">\n<li>Arten von L\u00f6tkolben und Regeln f\u00fcr deren Verwendung;&nbsp;<\/li>\n\n\n\n<li>praktisch \u00fcber das L\u00f6ten;&nbsp;<\/li>\n\n\n\n<li>Grundlagen des L\u00f6tens - Theorie;&nbsp;<\/li>\n\n\n\n<li>\u00fcber gemachte L\u00f6tfehler;&nbsp;<\/li>\n\n\n\n<li>wie man Dr\u00e4hte repariert (L\u00f6ten und Entl\u00f6ten von Verbindungen);&nbsp;<\/li>\n\n\n\n<li>\u00fcber die Reparatur von Elektronik;&nbsp;<\/li>\n\n\n\n<li><a href=\"https:\/\/kursy-udt.pl\/de\/szkolenia\/bhp-bezpieczenstwo-pracy\/prawna-ochrona-pracy\/\">GESUNDHEIT UND SICHERHEIT<\/a> und Brandsicherheit.&nbsp;<\/li>\n<\/ul>\n\n\n\n<h2 class=\"wp-block-heading\">Ein bisschen Theorie zum L\u00f6ten\u00a0<\/h2>\n\n\n\n<p>Wenn Sie mit dem L\u00f6ten beginnen wollen, sollten Sie einige Fakten \u00fcber den Prozess erfahren.&nbsp;&nbsp;<\/p>\n\n\n\n<p>Das zum L\u00f6ten verwendete Werkzeug ist der L\u00f6tkolben. Er geh\u00f6rt zu den grundlegenden Werkstatteinrichtungen und wird bei vielen kleineren und gr\u00f6\u00dferen Arbeiten verwendet, bei denen Handger\u00e4te nicht ausreichen.&nbsp;&nbsp;<\/p>\n\n\n\n<p>Der L\u00f6tkolben besteht aus zwei Teilen: dem Kolben (der als Griff dient) und der Spitze (die in direktem Kontakt mit dem Bindemittel - dem Lot - steht). Beim L\u00f6ten werden die Metallteile durch das Bindemittel (Lot) miteinander verbunden. Physikalisch-chemisch gesehen beruht der L\u00f6tprozess (Verbindung von Metallteilen) auf zwei Ph\u00e4nomenen: Diffusion und Adh\u00e4sion. Das Bindemittel gelangt in den Raum zwischen den Bauteilen und die Partikel in die Poren auf deren Oberfl\u00e4che. Der L\u00f6tprozess beginnt mit der Reinigung der Oberfl\u00e4che der zu l\u00f6tenden Teile. Dann erhitzen wir die Bauteile und tragen Flussmittel und Lot auf die Kanten der zu verbindenden Teile auf. Ganz zum Schluss warten wir auf die Erstarrung und das Abk\u00fchlen des Bindemittels.&nbsp;&nbsp;<\/p>\n\n\n\n<p>Betrachtet man die Schmelztemperatur des Bindemittels, so unterscheidet man zwischen zwei Grundtypen des L\u00f6tens:&nbsp;<\/p>\n\n\n\n<ul class=\"wp-block-list\">\n<li>Weichl\u00f6ten;&nbsp;&nbsp;<\/li>\n\n\n\n<li>L\u00f6ten;&nbsp;&nbsp;<\/li>\n<\/ul>\n\n\n\n<figure class=\"wp-block-image size-large is-resized\"><img loading=\"lazy\" decoding=\"async\" src=\"https:\/\/kursy-udt.pl\/wp-content\/uploads\/2022\/09\/2-1.jpeg\" alt=\"Mann bei der Arbeit\" width=\"764\" height=\"509\"\/><\/figure>\n\n\n\n<figure class=\"wp-block-table\"><table><tbody><tr><td colspan=\"2\"><strong>Arten des L\u00f6tens<\/strong>&nbsp;<\/td><\/tr><tr><td><strong>Weichl\u00f6ten<\/strong>&nbsp;<\/td><td><strong>Hartl\u00f6ten<\/strong>&nbsp;<\/td><\/tr><tr><td>Der Prozess findet bei einer Temperatur von weniger als 450\u00b0C statt;&nbsp;<\/td><td>Der Prozess findet bei Temperaturen \u00fcber 450\u00b0C statt;&nbsp;<\/td><\/tr><tr><td>Der L\u00f6tkolben erhitzt das Material selektiv, so dass der gesamte Prozess Zeit braucht;&nbsp;<\/td><td>Manchmal sind die Temperaturen f\u00fcnfmal h\u00f6her als 450\u00b0C - wie beim industriellen L\u00f6ten. Dann werden speziellere Werkzeuge ben\u00f6tigt;&nbsp;<\/td><\/tr><tr><td>Es sind keine Schutzma\u00dfnahmen erforderlich (abgesehen von einer Dampfabsauganlage);&nbsp;<\/td><td>Der Einsatz von spezialisierten, fachkundigen Werkzeugen ist erforderlich;&nbsp;&nbsp;<\/td><\/tr><tr><td>Es wird h\u00e4ufig in der Elektronik (z. B. bei der Verbindung von Teilen auf einer Leiterplatte), bei der Abdichtung von Dachrinnen, D\u00e4chern und auch bei Blecharbeiten verwendet.&nbsp;&nbsp;<\/td><td>Es findet Anwendung beim Verbinden von Kohlenstoff-, Wolfram-, Nickel-, Molybd\u00e4n- und Chromst\u00e4hlen sowie von Gold, Silber, Kupfer oder Bronze.&nbsp;<\/td><\/tr><\/tbody><\/table><\/figure>\n\n\n\n<p>Au\u00dferdem liegt der Schmelzbereich der Legierung beim Weichl\u00f6ten bei etwa 180 - 280\u00b0 C. Die Basis von Weichlot ist Zinn und andere Metalle, die einen \u00e4hnlichen Schmelzpunkt haben (Cadmium, Wismut, Antimon). Es kann zum Verbinden von Bauteilen aus Kupfer, Messing, Stahl oder Zink verwendet werden. Da der gesamte Prozess nicht bei einer relativ hohen Temperatur abl\u00e4uft, wird Weichl\u00f6ten nicht nur von Profis, sondern auch von Amateuren verwendet. Sie verwenden L\u00f6tkolben in ihren Haushalten.&nbsp;&nbsp;<\/p>\n\n\n\n<p>Beim Hartl\u00f6ten, wo die Temperatur fast 1.000\u00b0C erreichen kann, reicht ein gew\u00f6hnlicher L\u00f6tkolben nicht aus. Wir verwenden dann eine L\u00f6tlampe oder einen Acetylen-Sauerstoff-Brenner.  Beim Hartl\u00f6ten handelt es sich oft um eine Silbermischung, die viele Metalle miteinander verbinden kann.&nbsp;&nbsp;<\/p>\n\n\n\n<p>Das Hartl\u00f6ten ist eine bekannte Methode der Metallbearbeitung mit zahlreichen Vorteilen. Die Stelle, an der die Metalle miteinander verbunden werden, sieht sehr \u00e4sthetisch aus und hat eine sehr hohe Festigkeit. Es gibt eine ganze Reihe von Loten mit den unterschiedlichsten Eigenschaften, aus denen man w\u00e4hlen kann. Diese Technologie ist nicht nur vertraut, sondern auch modern und kann fast alle Metalle und Legierungen miteinander verbinden.&nbsp;<\/p>\n\n\n\n<figure class=\"wp-block-image size-large is-resized\"><img loading=\"lazy\" decoding=\"async\" src=\"https:\/\/kursy-udt.pl\/wp-content\/uploads\/2022\/09\/3-1.jpeg\" alt=\"Profi-L\u00f6tkolben\" width=\"800\" height=\"503\"\/><\/figure>\n\n\n\n<p><strong>Willkommen bei unseren Fortbildungskursen&nbsp;<\/strong>&nbsp;<\/p>\n\n\n\n<p>Die L\u00f6tkurse in unserem ERGON-Zentrum bestehen aus einem praktischen Teil, der in Form eines station\u00e4ren Workshops durchgef\u00fchrt wird, und einem theoretischen Teil, der online absolviert werden kann. Die Kurse werden auf eine zug\u00e4ngliche und sehr interessante Weise unterrichtet. Unsere Ausbilder sind Fachleute mit umfassender Erfahrung auf dem Gebiet des L\u00f6tens.&nbsp;<\/p>\n\n\n\n<p>Egal, ob Sie gerade erst mit dem L\u00f6ten beginnen oder bereits mit den Grundlagen vertraut sind, Sie k\u00f6nnen den f\u00fcr Sie passenden Kurs w\u00e4hlen. Wir haben einen Kurs f\u00fcr Anf\u00e4nger und einen weiteren auf h\u00f6herem Niveau - f\u00fcr Fortgeschrittene.&nbsp;&nbsp;<\/p>\n\n\n\n<p>Nehmen Sie Kontakt mit uns auf, und wir werden Ihnen alle notwendigen Informationen zur Verf\u00fcgung stellen. Wir bieten markt\u00fcbliche Preise, die wir immer individuell mit Ihnen vereinbaren. Wir bieten Rabatte f\u00fcr gr\u00f6\u00dfere und organisierte Gruppen. Unser Hauptsitz ist in Warschau, aber wir haben auch Zentren in anderen polnischen St\u00e4dten wie Krakau, Bielsko-Biala und Kattowitz: Krakau, Bielsko-Biala oder Kattowitz. Wenn es sich um einen geschlossenen Kurs handelt, reisen wir praktisch an jeden Ort.&nbsp;&nbsp;<\/p>\n\n\n\n<p>Wir m\u00f6chten Sie auch ermutigen, sich mit der breiten Palette der von ERGON angebotenen Kurse vertraut zu machen. Wir bieten u. a. Einf\u00fchrungs- und Fortbildungskurse zum Thema Sicherheit und Gesundheitsschutz am Arbeitsplatz sowie Kurse zum Brandschutz an, <a href=\"https:\/\/kursy-udt.pl\/de\/szkolenia\/bhp-bezpieczenstwo-pracy\/pierwsza-pomoc-i-dzialania\/\">Erste-Hilfe-Ausbildung<\/a>sowie viele andere Kurse, f\u00fcr die Folgendes erforderlich ist <a href=\"https:\/\/kursy-udt.pl\/de\/uprawnienia-udt\/kategorie-uprawnien-2\/\">Anrechte<\/a> TDT oder UDT (zum Beispiel <a href=\"https:\/\/kursy-udt.pl\/de\/szkolenia\/udt-wdt-tdt\/wozki-widlowe-merlo\/\">Ausbildung zum\/zur Gabelstaplerfahrer\/in<\/a> oder Betreiber einer mobilen Hubarbeitsb\u00fchne).&nbsp;&nbsp;<\/p>\n\n\n\n<figure class=\"wp-block-image size-large is-resized\"><img loading=\"lazy\" decoding=\"async\" src=\"https:\/\/kursy-udt.pl\/wp-content\/uploads\/2023\/01\/75-Lutowanie-kursy-udt.pl_.png\" alt=\"ERGON-Ausbildung\" width=\"778\" height=\"486\"\/><\/figure>","protected":false},"excerpt":{"rendered":"<p>Co oznacza lutowanie\u00a0 Historia lutowania si\u0119ga jeszcze staro\u017cytno\u015bci. Ju\u017c 3000 lat p.n.e. Egipcjanie podczas produkcji bi\u017cuterii \u0142\u0105czyli ze sob\u0105 z\u0142oto i srebro. By\u0142o ono z\u0142\u0105czone ze sob\u0105 za pomoc\u0105 miedzianego lutu. I po dzie\u0144 dzisiejszy wykorzystuje si\u0119 t\u0119 metod\u0119 przy \u0142\u0105czeniu metali i stop\u00f3w o r\u00f3\u017cnych w\u0142a\u015bciwo\u015bciach. Lutowanie zatem jest metod\u0105, kt\u00f3ra polega na po\u0142\u0105czeniu ze sob\u0105 dw\u00f3ch element\u00f3w metalowych, za pomoc\u0105 spoiwa zwanego lutem. Efektem tego procesu jest estetyczna, stabilna oraz trwa\u0142a spoina. Lutowanie zachodzi w temperaturze, kt\u00f3ra jest temperatur\u0105 wy\u017csz\u0105 ni\u017c topnienie lutu (w celu uplastycznienia spoiwa). Jednak ca\u0142y proces zachodzi w temperaturze, kt\u00f3ra nie naruszy struktury po\u0142\u0105czonych cz\u0119\u015bci.&nbsp;&nbsp; Kursy z lutowania\u00a0 Chcesz nauczy\u0107 si\u0119, jak korzysta\u0107 z lutownicy? A mo\u017ce jest Ci to potrzebne zawodowo? Zapraszamy wi\u0119c do nas. W o\u015brodku&nbsp;ERGON prowadzimy kursy lutowania. Z ch\u0119ci\u0105 nasi instruktorzy poka\u017c\u0105, jak korzysta\u0107 z materia\u0142\u00f3w i narz\u0119dzi, a naprawianie rzeczy w domu nie przysporzy Ci ju\u017c wi\u0119cej b\u00f3lu g\u0142owy. Nauczysz si\u0119 w bezpieczny spos\u00f3b obs\u0142ugiwa\u0107 lutownic\u0119 i poznasz zasady stosowania konkretnych materia\u0142\u00f3w i narz\u0119dzi. Ponadto nauczysz si\u0119:&nbsp; Troch\u0119 teorii z lutowania\u00a0 Je\u017celi chcesz rozpocz\u0105\u0107 prac\u0119 z lutowaniem, powiniene\u015b pozna\u0107 kilka fakt\u00f3w dotycz\u0105cych tego procesu.&nbsp;&nbsp; Narz\u0119dziem s\u0142u\u017c\u0105cym do lutowania jest lutownica. Jest ona jednym z podstawowych urz\u0105dze\u0144 warsztatowych i wykorzystywana jest w wielu pracach, zar\u00f3wno tych drobniejszych jak i zaawansowanych, gdzie nie wystarcz\u0105 przybory r\u0119czne.&nbsp;&nbsp; Lutownica sk\u0142ada si\u0119 z dw\u00f3ch cz\u0119\u015bci: kolby (s\u0142u\u017c\u0105cej jako uchwyt) oraz grota (bezpo\u015brednio styka si\u0119 ze spoiwem \u2013 lutem). Podczas lutowania metalowe elementy zostaj\u0105 po\u0142\u0105czone spoiwem (lutem). Natomiast w aspekcie fizykochemicznym proces lutowania (\u0142\u0105czenie metalowych element\u00f3w) opiera si\u0119 na dw\u00f3ch [&hellip;]<\/p>\n","protected":false},"author":6,"featured_media":4228,"parent":2802,"menu_order":0,"comment_status":"closed","ping_status":"closed","template":"","meta":{"sfsi_plus_gutenberg_text_before_share":"","sfsi_plus_gutenberg_show_text_before_share":"","sfsi_plus_gutenberg_icon_type":"","sfsi_plus_gutenberg_icon_alignemt":"","sfsi_plus_gutenburg_max_per_row":"","footnotes":""},"class_list":["post-4227","page","type-page","status-publish","has-post-thumbnail","hentry","has_thumb"],"aioseo_notices":[],"_links":{"self":[{"href":"https:\/\/kursy-udt.pl\/de\/wp-json\/wp\/v2\/pages\/4227","targetHints":{"allow":["GET"]}}],"collection":[{"href":"https:\/\/kursy-udt.pl\/de\/wp-json\/wp\/v2\/pages"}],"about":[{"href":"https:\/\/kursy-udt.pl\/de\/wp-json\/wp\/v2\/types\/page"}],"author":[{"embeddable":true,"href":"https:\/\/kursy-udt.pl\/de\/wp-json\/wp\/v2\/users\/6"}],"replies":[{"embeddable":true,"href":"https:\/\/kursy-udt.pl\/de\/wp-json\/wp\/v2\/comments?post=4227"}],"version-history":[{"count":7,"href":"https:\/\/kursy-udt.pl\/de\/wp-json\/wp\/v2\/pages\/4227\/revisions"}],"predecessor-version":[{"id":5941,"href":"https:\/\/kursy-udt.pl\/de\/wp-json\/wp\/v2\/pages\/4227\/revisions\/5941"}],"up":[{"embeddable":true,"href":"https:\/\/kursy-udt.pl\/de\/wp-json\/wp\/v2\/pages\/2802"}],"wp:featuredmedia":[{"embeddable":true,"href":"https:\/\/kursy-udt.pl\/de\/wp-json\/wp\/v2\/media\/4228"}],"wp:attachment":[{"href":"https:\/\/kursy-udt.pl\/de\/wp-json\/wp\/v2\/media?parent=4227"}],"curies":[{"name":"wp","href":"https:\/\/api.w.org\/{rel}","templated":true}]}}