{"id":4220,"date":"2022-09-01T08:04:19","date_gmt":"2022-09-01T08:04:19","guid":{"rendered":"https:\/\/kursy-udt.pl\/?page_id=4220"},"modified":"2023-03-20T20:56:43","modified_gmt":"2023-03-20T19:56:43","slug":"druckgerate","status":"publish","type":"page","link":"https:\/\/kursy-udt.pl\/de\/szkolenia\/udt-wdt-tdt\/urzadzenia-cisnieniowe\/","title":{"rendered":"Kurs zur Bedienung von Druckger\u00e4ten"},"content":{"rendered":"<div class=\"wp-block-image\">\n<figure class=\"alignright size-large is-resized\"><img loading=\"lazy\" decoding=\"async\" src=\"https:\/\/kursy-udt.pl\/wp-content\/uploads\/2022\/09\/1.jpeg\" alt=\"UDT-Anspr\u00fcche\" width=\"400\" height=\"214\"\/><\/figure>\n<\/div>\n\n\n<p>Ergon l\u00e4dt Sie zu einem Lehrgang ein, der Sie auf die Arbeit als Druckger\u00e4tef\u00fchrer\/in vorbereitet. Im theoretischen und praktischen Unterricht lernen Sie den Aufbau und die Bedienung solcher Ger\u00e4te kennen. Unser erfahrenes Ausbildungspersonal vermittelt Ihnen das n\u00f6tige Wissen, um die staatliche Pr\u00fcfung zu bestehen.&nbsp;<\/p>\n\n\n\n<h2 class=\"wp-block-heading\">Ausbildungsprogramm&nbsp;<\/h2>\n\n\n\n<p>Um die oben genannten Ger\u00e4te bedienen zu k\u00f6nnen, ben\u00f6tigen Sie spezielle Qualifikationen. Deshalb bieten wir einen Lehrgang an, der Ihnen hilft, diese zu erwerben. Ziel des Lehrgangs ist es, Sie auf das selbstst\u00e4ndige Bef\u00fcllen und Bedienen von Ger\u00e4ten und Druckbeh\u00e4ltern vorzubereiten. Unsere Ausbildung ist sowohl praktisch als auch theoretisch. Sie erwerben Kenntnisse \u00fcber:&nbsp;<\/p>\n\n\n\n<ul class=\"wp-block-list\">\n<li>Gase, ihre chemischen und physikalischen Eigenschaften,&nbsp;<\/li>\n\n\n\n<li>die technische \u00dcberwachung f\u00fcr ortsbewegliche Tanks,&nbsp;<\/li>\n\n\n\n<li>Reparaturen an ortsbeweglichen Tanks, deren Konstruktion und Leistung,&nbsp;<\/li>\n\n\n\n<li>Warnschilder, Kennzeichnung, Farbcodierung von ortsbeweglichen Tanks,&nbsp;<\/li>\n\n\n\n<li>Zubeh\u00f6r,&nbsp;<\/li>\n\n\n\n<li>F\u00fclltanks (Kontroll- und Arbeitsverfahren),&nbsp;<\/li>\n\n\n\n<li>Gesundheits- und Sicherheitsvorschriften,&nbsp;<\/li>\n\n\n\n<li>Lagerung von ortsbeweglichen Tanks.&nbsp;<\/li>\n<\/ul>\n\n\n\n<p>Die praktischen Aktivit\u00e4ten betreffen:&nbsp;<\/p>\n\n\n\n<ol class=\"wp-block-list\" start=\"1\">\n<li>Bef\u00fcllung und Verwendung von Druckbeh\u00e4ltern - Flaschen und B\u00fcndeln mit Gasen:&nbsp;<\/li>\n<\/ol>\n\n\n\n<ul class=\"wp-block-list\">\n<li>aufgel\u00f6st (Acetylen),&nbsp;<\/li>\n\n\n\n<li>komprimiert (Luft, Sauerstoff, Argon, Stickstoff),&nbsp;<\/li>\n\n\n\n<li>verfl\u00fcssigt (Ammoniak, Distickstoffoxid, Kohlendioxid);&nbsp;<\/li>\n<\/ul>\n\n\n\n<ol class=\"wp-block-list\" start=\"2\">\n<li>Bef\u00fcllung und Verwendung von Kryobeh\u00e4ltern mit Gasen;&nbsp;<\/li>\n<\/ol>\n\n\n\n<ol class=\"wp-block-list\" start=\"3\">\n<li>Handhabung und Bef\u00fcllung von Druckbeh\u00e4ltern mit Gasen: Argon, Sauerstoff.&nbsp;<\/li>\n<\/ol>\n\n\n\n<p>Unsere Schulungen umfassen praktische Elemente und einen theoretischen Teil. Sie werden von erfahrenen Ausbildern mit langj\u00e4hriger Erfahrung durchgef\u00fchrt. Das Wissen wird sehr verst\u00e4ndlich und so vermittelt, dass das UDT-Staatsexamen f\u00fcr Sie keine Herausforderung, sondern nur ein Baustein zur Erlangung der notwendigen beruflichen Qualifikation ist. <a href=\"https:\/\/kursy-udt.pl\/de\/kontakt\/\">Kontaktieren Sie uns bitte<\/a> mit uns. Unsere Mitarbeiter werden Sie problemlos mit allen Informationen versorgen, die Sie ben\u00f6tigen. Die Preise bei uns sind marktg\u00e4ngig, erschwinglich und wir legen sie immer individuell mit dem Kunden fest. F\u00fcr gro\u00dfe und organisierte Gruppen haben wir Rabatte.&nbsp;&nbsp;<\/p>\n\n\n\n<figure class=\"wp-block-image size-large is-resized\"><img loading=\"lazy\" decoding=\"async\" src=\"https:\/\/kursy-udt.pl\/wp-content\/uploads\/2022\/09\/3.jpeg\" alt=\"Druckger\u00e4te\" width=\"772\" height=\"579\"\/><\/figure>\n\n\n\n<h2 class=\"wp-block-heading\">Ort der Ausbildung&nbsp;<\/h2>\n\n\n\n<p><a href=\"https:\/\/kursy-udt.pl\/de\/o-firmie\/\">ERGON-Zentrum f\u00fcr Personalverbesserung<\/a> bietet offene Schulungen und geschlossene Kurse an. Unser Hauptsitz befindet sich in Warschau, aber dies ist nicht die einzige Stadt, in der wir t\u00e4tig sind. Wir sind auch in Krakau, Kattowitz, Lodz, Posen, Bromberg, Danzig, Lublin, Torun, Breslau und anderen St\u00e4dten vertreten. Wir f\u00fchren Schulungen im ganzen Land durch. Wenn es sich um eine geschlossene Schulung handelt, sind wir in der Lage, an praktisch jeden Ort in Polen zu reisen.&nbsp;&nbsp;<\/p>\n\n\n\n<h2 class=\"wp-block-heading\">Druckger\u00e4te&nbsp;<\/h2>\n\n\n\n<p>Die unterschiedlichsten Druckger\u00e4te werden praktisch \u00fcberall eingesetzt. Sie dienen sowohl dem h\u00e4uslichen als auch dem professionellen Gebrauch. Bei den industriellen Druckger\u00e4ten handelt es sich um solche, die der technischen \u00dcberwachung unterliegen, d.h. in der Richtlinie des Ministerrats vom 7. Dezember 2012 aufgef\u00fchrt sind. Dazu geh\u00f6ren zum Beispiel:&nbsp;<\/p>\n\n\n\n<ul class=\"wp-block-list\">\n<li>Tanks f\u00fcr Fl\u00fcssiggas,&nbsp;<\/li>\n\n\n\n<li>Dampf- und Wasserheizkessel,&nbsp;<\/li>\n\n\n\n<li>Pipelines (Dampf, \u00dcbertragung, Prozess),&nbsp;<\/li>\n\n\n\n<li>Tankanlagen, W\u00e4rmetauscheranlagen, Anlagen f\u00fcr Wasserkessel,&nbsp;<\/li>\n\n\n\n<li>ortsbewegliche Druckbeh\u00e4lter (gr\u00f6\u00dfer als 0,35 dm3), einschlie\u00dflich Gasflaschen.&nbsp;<\/li>\n<\/ul>\n\n\n\n<p>Eines der oben genannten Ger\u00e4te sind Druckbeh\u00e4lter. Was sind sie? Druckluft kann auf vielf\u00e4ltige Weise verwendet werden. Sie wird in fast allen Industriezweigen eingesetzt. Kompressoren werden eingesetzt, um den Luftdruck zu erh\u00f6hen. Ohne Druckbeh\u00e4lter w\u00e4ren die Kompressoren jedoch nutzlos. Druckbeh\u00e4lter sind Ger\u00e4te, die in der Regel aus rostfreiem Stahl (einem sehr widerstandsf\u00e4higen Material) hergestellt werden und in erster Linie die Aufgabe haben, die Kompressoren zu entlasten. Au\u00dferdem tragen sie zur K\u00fchlung der Kompressoren bei und sind f\u00fcr die st\u00e4ndige Qualit\u00e4tskontrolle ihres Betriebs verantwortlich. In diesen Einheiten werden Gase oder Fl\u00fcssigkeiten gelagert, oder es finden in ihnen Prozesse statt.&nbsp;<\/p>\n\n\n\n<h2 class=\"wp-block-heading\">Druckbeh\u00e4lter und UDT&nbsp;<\/h2>\n\n\n\n<p>Es gibt viele Arten von Druckbeh\u00e4ltern. Jeder kann ein anderes Fassungsverm\u00f6gen haben, und sie k\u00f6nnen horizontal oder vertikal sein. Tanks mit kleinem Fassungsverm\u00f6gen k\u00f6nnen zum Beispiel in Autos, landwirtschaftlichen oder industriellen Fahrzeugen verwendet werden. Ger\u00e4te wie Tanks unterliegen der technischen \u00dcberwachung. Sie m\u00fcssen dem Amt f\u00fcr technische \u00dcberwachung (UDT) gemeldet werden, das auf der Grundlage eines Rechtsakts, insbesondere des Gesetzes vom 21. Dezember 2000 \u00fcber die technische \u00dcberwachung, arbeitet. Das UDT-Zertifikat beschreibt die Qualifikationen jeder einzelnen Person, die im Bereich der Wartung oder des Betriebs von Anlagen, die der technischen \u00dcberwachung unterliegen, besch\u00e4ftigt ist. Ortsbewegliche Druckbeh\u00e4lter mit einem Volumen von mehr als 0,35 dm3 unterliegen ebenfalls der UDT. Sie enthalten Gase oder Fl\u00fcssigkeiten unter einem Druck, der h\u00f6her ist als der atmosph\u00e4rische. Diese Ger\u00e4te:&nbsp;<\/p>\n\n\n<div class=\"wp-block-image\">\n<figure class=\"alignright size-large is-resized\"><img loading=\"lazy\" decoding=\"async\" src=\"https:\/\/kursy-udt.pl\/wp-content\/uploads\/2022\/09\/2.jpeg\" alt=\"Gasflasche\" width=\"361\" height=\"241\"\/><\/figure>\n<\/div>\n\n\n<ul class=\"wp-block-list\">\n<li>sind fest mit ortsbeweglichen Ger\u00e4ten verbunden (sie dienen nur dem Transport der in diesen Tanks enthaltenen Fl\u00fcssigkeiten),&nbsp;<\/li>\n\n\n\n<li>ihre Position zwischen Bef\u00fcllung und Entleerung \u00e4ndern,&nbsp;<\/li>\n\n\n\n<li>speichern Kraftstoff f\u00fcr den Antrieb der Fahrzeuge, mit denen sie fest verbunden sind.&nbsp;<\/li>\n<\/ul>\n\n\n\n<p>Dazu geh\u00f6ren z. B. ein Feuerl\u00f6schertank, eine Sauerstoffflasche oder ein Spezialger\u00e4tetank. Eine andere Art von Tank ist der Kryotank. Diese werden f\u00fcr die Lagerung von Fl\u00fcssiggasen (Sauerstoff, Stickstoff, Argon) verwendet.&nbsp;<\/p>\n\n\n\n<h2 class=\"wp-block-heading\">Unser Angebot&nbsp;<\/h2>\n\n\n\n<p>F\u00fcr viele Berufe ist es erforderlich, dass Sie <a href=\"https:\/\/kursy-udt.pl\/de\/uprawnienia-udt\/kategorie-uprawnien-2\/\">UDT-Anspr\u00fcche<\/a>durchgef\u00fchrt werden. Zum Beispiel f\u00fcr die Bedienung von technischen Ger\u00e4ten (Kr\u00e4ne, Laufkr\u00e4ne, Krane), die Bedienung von Glasfaserkabeln oder die Bef\u00fcllung und Bedienung von Druckger\u00e4ten. ERGON, unser Ausbildungszentrum, h\u00e4lt f\u00fcr Sie eine Vielzahl von Berufsausbildungen bereit, nach denen Sie die notwendigen Kenntnisse und F\u00e4higkeiten f\u00fcr den Beruf, in dem Sie arbeiten m\u00f6chten, erwerben. Nach Abschluss der Kurse m\u00fcssen Sie die UDT-Pr\u00fcfung ablegen. Wenn Sie diese bestanden haben, verf\u00fcgen Sie \u00fcber die erforderliche Arbeitsgenehmigung.<\/p>\n\n\n\n<p>Wir bieten unter anderem Schulungen an:\u00a0<\/p>\n\n\n\n<ul class=\"wp-block-list\">\n<li>Gesundheit und Sicherheit am Arbeitsplatz - Erstausbildung und Weiterbildung,&nbsp;<\/li>\n\n\n\n<li>PSA,&nbsp;<\/li>\n\n\n\n<li>f\u00fcr Kr\u00e4ne,\u00a0<\/li>\n\n\n\n<li>f\u00fcr mobile Arbeitsb\u00fchnen (einschlie\u00dflich Hubarbeitsb\u00fchnen und Scherenb\u00fchnen),\u00a0<\/li>\n\n\n\n<li>Lichtwellenleiterschwei\u00dfen,\u00a0<\/li>\n\n\n\n<li>Wartung und Reparatur der UDT-Ausr\u00fcstung.<\/li>\n<\/ul>\n\n\n\n<p>Beispiele f\u00fcr von ERGON angebotene Kurse&nbsp;<\/p>\n\n\n\n<figure class=\"wp-block-table\"><table><tbody><tr><td><strong>Art:<\/strong>&nbsp;<\/td><td><strong>F\u00fcr wen?<\/strong>&nbsp;<\/td><td><strong>Beschreibung der Ausbildung:<\/strong>&nbsp;<\/td><\/tr><tr><td>Mobile Plattformen&nbsp;<\/td><td>Z.B.: f\u00fcr Arbeiter, die Montagearbeiten durchf\u00fchren, Schiffe inspizieren.&nbsp;<\/td><td>Konstruktion und Vielfalt von H\u00e4ngeb\u00fchnen, Sicherheit bei der Bedienung der Ger\u00e4te, Festigkeitspr\u00fcfungen,&nbsp;<\/td><\/tr><tr><td><a href=\"https:\/\/kursy-udt.pl\/de\/szkolenia\/wysokosciowe-na-uprawnienia-alpinistyczne\/\">H\u00f6hentraining<\/a>&nbsp;<\/td><td>F\u00fcr Personen, die in gro\u00dfen H\u00f6hen arbeiten wollen, z. B. als Industriekletterer.&nbsp;<\/td><td>Rettungstechniken, erforderliche Fertigkeiten, Ausr\u00fcstung: Auswahl, Kontrolle und Handhabung, Gesundheit und Sicherheit, gesetzliche Vorschriften, individuelle und kollektive Sicherung, Gefahren.&nbsp;<\/td><\/tr><\/tbody><\/table><\/figure>\n\n\n\n<p><strong>Wir laden Sie ein, mehr \u00fcber unser Angebot zu erfahren und Kontakt mit uns aufzunehmen.<\/strong><\/p>\n\n\n\n<figure class=\"wp-block-image size-large is-resized\"><img loading=\"lazy\" decoding=\"async\" src=\"https:\/\/kursy-udt.pl\/wp-content\/uploads\/2022\/12\/84-Urzadzenia-cisnieniowe-Zbiorniki-przenosne-kursy-udt.pl_.png\" alt=\"ERGON-Ausbildung\" width=\"824\" height=\"515\"\/><\/figure>","protected":false},"excerpt":{"rendered":"<p>Firma Ergon zaprasza na szkolenie przygotowuj\u0105ce do pracy jako operator urz\u0105dze\u0144 ci\u015bnieniowych. Podczas zaj\u0119\u0107 teoretycznych i praktycznych poznacie budow\u0119 takich urz\u0105dze\u0144 oraz nauczycie si\u0119 je obs\u0142ugiwa\u0107. Nasza do\u015bwiadczona kadra szkoleniowa przeka\u017ce Pa\u0144stwu wiedz\u0119, kt\u00f3ra jest niezb\u0119dna do zdania pa\u0144stwowego egzaminu.&nbsp; Program szkolenia&nbsp; Aby m\u00f3c obs\u0142ugiwa\u0107 wy\u017cej wymienione urz\u0105dzenia, potrzebne s\u0105 specjalne uprawnienia. Dlatego te\u017c oferujemy kurs, kt\u00f3ry pomo\u017ce je zdoby\u0107. Celem szkolenia jest przygotowanie do samodzielnego nape\u0142niania oraz u\u017cytkowania urz\u0105dze\u0144 i zbiornik\u00f3w ci\u015bnieniowych. Nasze szkolenie to zar\u00f3wno cz\u0119\u015b\u0107 praktyczna jak i teoretyczna. Zdob\u0119d\u0105 Pa\u0144stwo wiedz\u0119 dotycz\u0105c\u0105:&nbsp; Zaj\u0119cia praktyczne dotycz\u0105:&nbsp; Nasze szkolenia to elementy praktyki oraz cz\u0119\u015b\u0107 teoretyczna. Prowadzone s\u0105 przez do\u015bwiadczonych instruktor\u00f3w z wieloletnim sta\u017cem. Wiedza przekazywana jest w spos\u00f3b bardzo zrozumia\u0142y i tak\u0105 metod\u0105, aby egzamin pa\u0144stwowy UDT nie by\u0142 dla Pa\u0144stwa wyzwaniem, a tylko elementem do zdobycia niezb\u0119dnych uprawnie\u0144 zawodowych. Zach\u0119camy do kontaktu z nami. Bez problemu nasi pracownicy udziel\u0105 Pa\u0144stwu wszystkich potrzebnych informacji. Ceny u nas s\u0105 rynkowe, przyst\u0119pne i zawsze ustalamy je indywidualnie z klientem. Dla grup, kt\u00f3re s\u0105 du\u017ce i zorganizowane, mamy zni\u017cki.&nbsp;&nbsp; Miejsce szkolenia&nbsp; O\u015brodek Doskonalenia Kadr ERGON przeprowadza szkolenia otwarte oraz kursy zamkni\u0119te. G\u0142\u00f3wna siedziba naszego o\u015brodka jest w Warszawie, ale to nie jedyne miasto, gdzie dzia\u0142amy. Jeste\u015bmy tak\u017ce mi\u0119dzy innymi w Krakowie, Katowicach, \u0141odzi, Poznaniu, Bydgoszczy, Gda\u0144sku, Lublinie, Toruniu, Wroc\u0142awiu. Szkolenia prowadzimy na terenie ca\u0142ego kraju. W przypadku, gdy jest to szkolenie zamkni\u0119te, jeste\u015bmy w stanie dojecha\u0107 praktycznie w ka\u017cde miejsce w Polsce.&nbsp;&nbsp; Urz\u0105dzenia ci\u015bnieniowe&nbsp; Najrozmaitsze urz\u0105dzenia ci\u015bnieniowe maj\u0105 zastosowanie praktycznie wsz\u0119dzie. S\u0142u\u017c\u0105 one zar\u00f3wno do u\u017cytku domowego jak i profesjonalnego. Je\u017celi mowa o urz\u0105dzeniach ci\u015bnieniowych przemys\u0142owych, [&hellip;]<\/p>\n","protected":false},"author":6,"featured_media":4222,"parent":2721,"menu_order":0,"comment_status":"closed","ping_status":"closed","template":"","meta":{"sfsi_plus_gutenberg_text_before_share":"","sfsi_plus_gutenberg_show_text_before_share":"","sfsi_plus_gutenberg_icon_type":"","sfsi_plus_gutenberg_icon_alignemt":"","sfsi_plus_gutenburg_max_per_row":"","footnotes":""},"class_list":["post-4220","page","type-page","status-publish","has-post-thumbnail","hentry","has_thumb"],"aioseo_notices":[],"_links":{"self":[{"href":"https:\/\/kursy-udt.pl\/de\/wp-json\/wp\/v2\/pages\/4220","targetHints":{"allow":["GET"]}}],"collection":[{"href":"https:\/\/kursy-udt.pl\/de\/wp-json\/wp\/v2\/pages"}],"about":[{"href":"https:\/\/kursy-udt.pl\/de\/wp-json\/wp\/v2\/types\/page"}],"author":[{"embeddable":true,"href":"https:\/\/kursy-udt.pl\/de\/wp-json\/wp\/v2\/users\/6"}],"replies":[{"embeddable":true,"href":"https:\/\/kursy-udt.pl\/de\/wp-json\/wp\/v2\/comments?post=4220"}],"version-history":[{"count":5,"href":"https:\/\/kursy-udt.pl\/de\/wp-json\/wp\/v2\/pages\/4220\/revisions"}],"predecessor-version":[{"id":5563,"href":"https:\/\/kursy-udt.pl\/de\/wp-json\/wp\/v2\/pages\/4220\/revisions\/5563"}],"up":[{"embeddable":true,"href":"https:\/\/kursy-udt.pl\/de\/wp-json\/wp\/v2\/pages\/2721"}],"wp:featuredmedia":[{"embeddable":true,"href":"https:\/\/kursy-udt.pl\/de\/wp-json\/wp\/v2\/media\/4222"}],"wp:attachment":[{"href":"https:\/\/kursy-udt.pl\/de\/wp-json\/wp\/v2\/media?parent=4220"}],"curies":[{"name":"wp","href":"https:\/\/api.w.org\/{rel}","templated":true}]}}