{"id":42,"date":"2014-02-10T17:15:54","date_gmt":"2014-02-10T17:15:54","guid":{"rendered":"http:\/\/kursy-udt.kwiaty0.pl\/?page_id=42"},"modified":"2020-02-28T20:05:03","modified_gmt":"2020-02-28T20:05:03","slug":"zimmerleute","status":"publish","type":"page","link":"https:\/\/kursy-udt.pl\/de\/ciegniki\/","title":{"rendered":"Abschleppwagen"},"content":{"rendered":"<div style=\"float: left; padding-right: 10px;\"><img decoding=\"async\" src=\"\/wp-content\/uploads\/2014\/04\/ciegniki.jpg\" alt=\"Abschleppwagen\" \/><\/div>\n<div class=\"wyjustuj\">\n<p>Tugger sind Hebezeuge, die dazu dienen, feste Gegenst\u00e4nde mit Hilfe von Spanngliedern - Haken oder Greifern - zu bewegen. Andere Namen sind Attraktoren, Winden oder H\u00e4uptlinge - um sie zu bedienen, braucht man eine <a href=\"https:\/\/kursy-udt.pl\/de\/uprawnienia-udt\/kategorie-uprawnien-2\/\">UDT-Anspr\u00fcche<\/a>. Wir bieten einen Traktorenkurs an, um sie zu bekommen.<\/p>\n<p>Unsere Traktorenkurse sind voller wertvoller Informationen und Praxis und werden als UDT-Schulungen durchgef\u00fchrt. Alle Schulungen werden von kompetenten Fachleuten auf dem Gebiet durchgef\u00fchrt. Nach Abschluss der Kurse und bestandener Pr\u00fcfung k\u00f6nnen Sie die Rechte des Technischen \u00dcberwachungsvereins erwerben. Wir laden Sie ein, von unserem Lehrangebot Gebrauch zu machen!<\/p>\n<\/div>\n<div class=\"button_styl\" style=\"float: right; padding-left: 15px; padding-bottom: 8px; margin-bottom: 5px;\"><a class=\"myButton myButton_maly\" href=\"https:\/\/platformaedukacji.pl\/login\/signup.php\" target=\"_blank\" rel=\"nofollow noopener noreferrer\"><span style=\"color: white;\">Anmeldung zur Schulung<\/span><\/a><\/div>","protected":false},"excerpt":{"rendered":"<p>Ci\u0119gniki to urz\u0105dzenia d\u017awigowe, kt\u00f3rych celem jest pomoc w przemieszczaniu przedmiot\u00f3w sta\u0142ych z pomoc\u0105 ci\u0119gien \u2013 hak\u00f3w lub chwytak\u00f3w. Zamienne nazwy to przyci\u0105garki, wci\u0105garki lub wodzarki \u2013 aby je obs\u0142ugiwa\u0107 trzeba posiada\u0107 uprawnienia UDT. Oferujemy kurs na ci\u0119gniki, kt\u00f3ry pozwoli je zdoby\u0107. Prowadzone przez nas kursy na ci\u0119gniki to pe\u0142ne warto\u015bciowych informacji i praktyki zaj\u0119cia, kt\u00f3re realizowane s\u0105 jako szkolenia UDT. Wszystkie szkolenia prowadzone s\u0105 przez kompetentnych specjalist\u00f3w z dziedziny. Po ich zako\u0144czeniu i zdaniu egzaminu mo\u017cna uzyska\u0107 uprawnienia Urz\u0119du Dozoru Technicznego. Zapraszamy do skorzystania z oferty dydaktycznej! Zapisz si\u0119 na szkolenie<\/p>","protected":false},"author":1,"featured_media":0,"parent":0,"menu_order":0,"comment_status":"closed","ping_status":"closed","template":"","meta":{"sfsi_plus_gutenberg_text_before_share":"","sfsi_plus_gutenberg_show_text_before_share":"","sfsi_plus_gutenberg_icon_type":"","sfsi_plus_gutenberg_icon_alignemt":"","sfsi_plus_gutenburg_max_per_row":"","footnotes":""},"class_list":["post-42","page","type-page","status-publish","hentry","has_thumb"],"aioseo_notices":[],"_links":{"self":[{"href":"https:\/\/kursy-udt.pl\/de\/wp-json\/wp\/v2\/pages\/42","targetHints":{"allow":["GET"]}}],"collection":[{"href":"https:\/\/kursy-udt.pl\/de\/wp-json\/wp\/v2\/pages"}],"about":[{"href":"https:\/\/kursy-udt.pl\/de\/wp-json\/wp\/v2\/types\/page"}],"author":[{"embeddable":true,"href":"https:\/\/kursy-udt.pl\/de\/wp-json\/wp\/v2\/users\/1"}],"replies":[{"embeddable":true,"href":"https:\/\/kursy-udt.pl\/de\/wp-json\/wp\/v2\/comments?post=42"}],"version-history":[{"count":17,"href":"https:\/\/kursy-udt.pl\/de\/wp-json\/wp\/v2\/pages\/42\/revisions"}],"predecessor-version":[{"id":2984,"href":"https:\/\/kursy-udt.pl\/de\/wp-json\/wp\/v2\/pages\/42\/revisions\/2984"}],"wp:attachment":[{"href":"https:\/\/kursy-udt.pl\/de\/wp-json\/wp\/v2\/media?parent=42"}],"curies":[{"name":"wp","href":"https:\/\/api.w.org\/{rel}","templated":true}]}}