{"id":4197,"date":"2022-08-30T06:43:44","date_gmt":"2022-08-30T06:43:44","guid":{"rendered":"https:\/\/kursy-udt.pl\/?page_id=4197"},"modified":"2023-03-20T20:32:31","modified_gmt":"2023-03-20T19:32:31","slug":"kurs-fur-containerabfertiger","status":"publish","type":"page","link":"https:\/\/kursy-udt.pl\/de\/szkolenia\/udt-wdt-tdt\/kurs-na-wozki-kontenerowe\/","title":{"rendered":"Container-LKW-Kurs"},"content":{"rendered":"<div class=\"wp-block-image\">\n<figure class=\"alignright size-large is-resized\"><img loading=\"lazy\" decoding=\"async\" src=\"https:\/\/kursy-udt.pl\/wp-content\/uploads\/2022\/08\/3-6.jpeg\" alt=\"UDT- und TDT-Genehmigungen\" width=\"360\" height=\"267\"\/><\/figure>\n<\/div>\n\n\n<p>Wir organisieren einen Kurs, in dem Sie Folgendes erwerben k\u00f6nnen <a href=\"https:\/\/kursy-udt.pl\/de\/uprawnienia-udt\/kategorie-uprawnien-2\/\">Anrechte<\/a> zum Bediener von Containergabelstaplern zu werden. Wenn wir Containergabelstapler bedienen wollen, m\u00fcssen wir die entsprechenden Qualifikationen erwerben. In der Regel bef\u00f6rdert der Arbeitgeber einen Arbeitnehmer zum Gabelstaplerfahrer und m\u00f6chte, dass dieser daf\u00fcr qualifiziert ist. Sie k\u00f6nnen sich jedoch schon vorher vorbereiten und einen Kurs absolvieren. Damit erweitern Sie Ihre Kompetenzen und erh\u00f6hen Ihre Chancen auf eine Anstellung. Die Ausbildung zum Containergabelstaplerfahrer wird angeboten von <a href=\"https:\/\/kursy-udt.pl\/de\/o-firmie\/\">ERGON-Zentrum f\u00fcr Personalverbesserung<\/a>.&nbsp;<\/p>\n\n\n\n<h2 class=\"wp-block-heading\">Voraussetzungen f\u00fcr den Beginn der Ausbildung&nbsp;<\/h2>\n\n\n\n<p>Eine Person, die ein Praktikum absolvieren m\u00f6chte, muss grundlegende Anforderungen erf\u00fcllen. Zun\u00e4chst einmal muss eine solche Person vollj\u00e4hrig sein. Au\u00dferdem sollte er oder sie mindestens \u00fcber eine Grundschulausbildung verf\u00fcgen. Au\u00dferdem ist es wichtig, dass er oder sie keine gesundheitlichen Gegenanzeigen f\u00fcr das F\u00fchren dieser Art von Maschinen hat. Es ist ratsam, einen F\u00fchrerschein der Klasse B zu besitzen, der das Erlernen des Umgangs mit dem Gabelstapler erleichtert. Der F\u00fchrerschein der Klasse C hingegen berechtigt zum F\u00fchren des Ger\u00e4ts auf \u00f6ffentlichen Stra\u00dfen. Wenn Sie alle Voraussetzungen erf\u00fcllen, k\u00f6nnen Sie sich problemlos f\u00fcr den Kurs anmelden.&nbsp;<\/p>\n\n\n\n<h2 class=\"wp-block-heading\">Themen der Aktivit\u00e4ten&nbsp;<\/h2>\n\n\n\n<p>Unsere Ausbildung garantiert sowohl theoretisches als auch praktisches Lernen. Eine fundierte Ausbildung ist die Grundlage f\u00fcr eine gut bestandene Pr\u00fcfung und damit f\u00fcr den Erwerb Ihrer Lizenz. Dies sind die Themen, die wir w\u00e4hrend des Kurses behandeln:\u00a0<\/p>\n\n\n\n<figure class=\"wp-block-table\"><table><tbody><tr><td><strong>Ausgabe<\/strong>&nbsp;<\/td><td><strong>Kurzer \u00dcberblick<\/strong>&nbsp;<\/td><\/tr><tr><td>Technische \u00dcberwachung&nbsp;<\/td><td>Der Teilnehmer lernt die Aufsichtsregeln und Rechtsnormen kennen, die die Beh\u00f6rden - UDT und TDT - regeln.&nbsp;<\/td><\/tr><tr><td>Bef\u00f6rderung von G\u00fctern&nbsp;<\/td><td>Vertrautmachen mit den Transportparametern.&nbsp;<\/td><\/tr><tr><td>Aufbau des Ger\u00e4ts&nbsp;<\/td><td>Die Sch\u00fcler lernen, wie ein Containerfahrzeug aufgebaut ist und wof\u00fcr die Instrumente verwendet werden.&nbsp;<\/td><\/tr><tr><td>GESUNDHEIT UND SICHERHEIT&nbsp;<\/td><td>Informieren Sie sich \u00fcber die Gesundheits- und Sicherheitsvorschriften und machen Sie sich mit den T\u00e4tigkeiten vertraut, die vor und nach dem Fahren des Ger\u00e4ts durchzuf\u00fchren sind.&nbsp;<\/td><\/tr><tr><td>Praxis&nbsp;<\/td><td>Bedienung der Ausr\u00fcstung, d.h. Fahren des Wagens, Bewegen des Containers, u.a.&nbsp;<\/td><\/tr><\/tbody><\/table><\/figure>\n\n\n\n<p>Wir haben daher eine ganze Reihe von Themen, die Sie in unserem Schulungszentrum lernen k\u00f6nnen. Die theoretischen Kenntnisse werden beim F\u00fchren eines Gabelstaplers angewandt und sind deshalb so wichtig. Es ist wichtig, dass es von der UDT und TDT gefordert wird. Unser Unternehmen garantiert eine umfassende Ausbildung in diesem Bereich.&nbsp;<\/p>\n\n\n\n<figure class=\"wp-block-image size-large is-resized\"><img loading=\"lazy\" decoding=\"async\" src=\"https:\/\/kursy-udt.pl\/wp-content\/uploads\/2022\/08\/2-9.jpeg\" alt=\"Kalmar Containerwagen\" width=\"777\" height=\"517\"\/><\/figure>\n\n\n\n<h2 class=\"wp-block-heading\">Pr\u00fcfung&nbsp;<\/h2>\n\n\n\n<p>Wie Sie bereits wissen, m\u00fcssen Sie f\u00fcr den Erwerb eines F\u00fchrerscheins f\u00fcr Containergabelstapler zun\u00e4chst eine Pr\u00fcfung ablegen. Sobald Sie alle Schulungen abgeschlossen haben, k\u00f6nnen Sie die Pr\u00fcfung ablegen. Normalerweise k\u00f6nnen Sie die Pr\u00fcfung etwa zwei Wochen nach Abschluss Ihrer Ausbildung ablegen. Die Wartezeit h\u00e4ngt von der jeweiligen Niederlassung des Technischen \u00dcberwachungsvereins oder des Technischen \u00dcberwachungsvereins Verkehr ab. Die Pr\u00fcfung besteht aus einem theoretischen Teil, in dem das Wissen \u00fcber die im Kurs erlernten Konzepte abgefragt wird, und einem praktischen Teil, in dem Sie Arbeiten an der Maschine durchf\u00fchren. Ein positives Ergebnis der Pr\u00fcfung stellt sicher, dass Sie qualifiziert sind.&nbsp;<\/p>\n\n\n\n<h2 class=\"wp-block-heading\">Was zeichnet uns aus?&nbsp;<\/h2>\n\n\n\n<p>Das ERGON Zentrum f\u00fcr Personalentwicklung verf\u00fcgt \u00fcber erfahrene und qualifizierte Mitarbeiter, die Sie entsprechend schulen. Das Lernen bei uns macht Spa\u00df und ist durch verschiedene Formen der Teilnehmeraktivierung interessant. Die Ger\u00e4te, mit denen wir unsere Kurse durchf\u00fchren, sind auf dem neuesten Stand der Technik. Das tr\u00e4gt auch dazu bei, dass sie von den Kursteilnehmern leicht zu bedienen ist. Alles wird ausf\u00fchrlich erkl\u00e4rt, und wenn n\u00f6tig, wird ein Thema noch einmal besprochen, wenn es nicht verstanden wurde. Die vorgenannten Themen k\u00f6nnen je nach den Bed\u00fcrfnissen unserer Kunden frei entwickelt werden. Die Ausbildung kann offen oder geschlossen sein. Ersteres bedeutet, dass sie jedem Interessierten zur Verf\u00fcgung steht und zu dem in unserem Terminplan angegebenen Datum organisiert wird. Die geschlossene Form hingegen ist am besten auf Ihre Bed\u00fcrfnisse zugeschnitten. Wir organisieren sie f\u00fcr bestimmte Gruppen, z. B. von einem Arbeitsplatz.&nbsp;<\/p>\n\n\n\n<h2 class=\"wp-block-heading\">Preis&nbsp;<\/h2>\n\n\n\n<p>Unser Zentrum garantiert, dass der Preis f\u00fcr die Ausbildung wettbewerbsf\u00e4hig und f\u00fcr alle vorteilhaft ist. Wir legen ihn individuell fest, da wir ihn an die Anzahl der Kursteilnehmer anpassen. Wir bieten auch Rabatte f\u00fcr organisierte Gruppen. Wir f\u00fchren die Kurse f\u00fcr Containerabfertiger in unseren Niederlassungen durch. Sollte jedoch Bedarf an einer Schulung vor Ort bestehen, so ist das kein Problem. Wir sind in der Lage, an jeden Ort in Polen zu reisen!\u00a0<\/p>\n\n\n\n<figure class=\"wp-block-image size-large is-resized\"><img loading=\"lazy\" decoding=\"async\" src=\"https:\/\/kursy-udt.pl\/wp-content\/uploads\/2022\/08\/1-12.jpeg\" alt=\"Bediener von Containerumschlagger\u00e4ten\" width=\"753\" height=\"501\"\/><\/figure>\n\n\n\n<h2 class=\"wp-block-heading\">Wer stellt die Zertifikate aus?&nbsp;<\/h2>\n\n\n\n<p>Beginnen wir damit, wo wir es konkret mit Containerumschlagger\u00e4ten zu tun haben. Sie k\u00f6nnen an Hafenterminals und Bahnumschlagterminals eingesetzt werden. In diesem Fall werden die Genehmigungen von der Technischen \u00dcberwachung des Verkehrs ausgestellt. In anderen Situationen k\u00f6nnen Sie einen Bef\u00e4higungsnachweis beim Technischen \u00dcberwachungsverein beantragen. Unabh\u00e4ngig davon, wo Sie den Containergabelstapler einsetzen werden, erwerben Sie Ihre Qualifikation durch eine Schulung. F\u00fcr die TDT ist keine bestimmte Kategorie erforderlich.&nbsp;&nbsp;<\/p>\n\n\n\n<h2 class=\"wp-block-heading\">Merkmale von Containerfahrzeugen&nbsp;&nbsp;<\/h2>\n\n\n\n<p>Ein Reachstacker ist ein Wagen, der G\u00fcter mit einem Gewicht von bis zu 45 Tonnen transportieren kann. Die Hubh\u00f6he dieses Ger\u00e4ts kann bis zu sechzehn Meter betragen. Containerstapler sind so konstruiert, dass sie solchen Gewichten standhalten. Sie werden umgangssprachlich als \"Tintenfische\" bezeichnet, weil Kalmar der Name des f\u00fchrenden Unternehmens ist, das diese Art von Ger\u00e4ten herstellt. Wagen dieser Marke sind auf dem Markt am weitesten verbreitet, aber auch andere Hersteller wie Konecranes sind im Einsatz. Nichtsdestotrotz sind die \"Tintenfische\" im Materialtransport am weitesten verbreitet, so dass es sich lohnt, praktische Fertigkeiten an diesen Maschinen zu erlernen. Wir k\u00f6nnen Ihnen versichern, dass wir Sie im Umgang mit Reachstackern schulen, damit sich dieses Wissen in Zukunft auszahlt!\u00a0\u00a0<\/p>\n\n\n\n<p>Sind Sie an diesem Angebot interessiert? Haben Sie irgendwelche Fragen? Wir laden Sie ein, einen Termin zu vereinbaren, um die genauen Daten und den Preis des Kurses zu bestimmen!&nbsp;<\/p>\n\n\n\n<figure class=\"wp-block-image size-large is-resized\"><img loading=\"lazy\" decoding=\"async\" src=\"https:\/\/kursy-udt.pl\/wp-content\/uploads\/2022\/12\/67-Urzadzenia-do-manipulacji-kontenerami-kursy-udt.pl_.png\" alt=\"ERGON-Kurs\" width=\"775\" height=\"485\"\/><\/figure>","protected":false},"excerpt":{"rendered":"<p>Organizujemy kurs, dzi\u0119ki kt\u00f3remu mo\u017cna naby\u0107 uprawnienia na operatora w\u00f3zk\u00f3w do manipulacji kontenerami. Je\u015bli mamy zamiar obs\u0142ugiwa\u0107 w\u00f3zki kontenerowe, niezb\u0119dne b\u0119dzie uzyskanie odpowiednich uprawnie\u0144. Zwykle pracodawcy awansuj\u0105 pracownika na stanowisko operatora w\u00f3zk\u00f3w wysokiego sk\u0142adowania i chc\u0105, aby taka osoba mia\u0142a do tego kwalifikacje. Mo\u017cna jednak by\u0107 przygotowanym ju\u017c wcze\u015bniej i zrobi\u0107 kurs. Dzi\u0119ki temu poszerzysz swoje kompetencje i zwi\u0119kszysz swoje szanse na zatrudnienie. Szkolenie na operatora w\u00f3zk\u00f3w kontenerowych prowadzi O\u015brodek Doskonalenia Kadr ERGON.&nbsp; Wymagania do rozpocz\u0119cia szkolenia&nbsp; Osoba chc\u0105ca zosta\u0107 uczestnikiem szkolenia, musi spe\u0142ni\u0107 podstawowe wymagania. Przede wszystkim taka osoba musi by\u0107 pe\u0142noletnia. R\u00f3wnie\u017c powinna mie\u0107 co najmniej wykszta\u0142cenie podstawowe. Poza tym wa\u017cne jest, aby nie mia\u0142a przeciwwskaza\u0144 zdrowotnych do prowadzenia tego typu urz\u0105dzenia. Warto mie\u0107 prawo jazdy kategorii B, kt\u00f3re wspomo\u017ce przy nauce operowania w\u00f3zkiem. Z kolei kategoria C umo\u017cliwi uczestnikowi jazd\u0119 maszyn\u0105 po publicznych drogach. Je\u015bli spe\u0142niasz wszystkie wymagania, bez trudu zapiszesz si\u0119 na kurs.&nbsp; Tematyka zaj\u0119\u0107&nbsp; Nasze szkolenie gwarantuje zar\u00f3wno nauk\u0119 pod k\u0105tem teoretycznym, jak i praktycznym. Solidne przeszkolenie to podstawa dobrze zdanego egzaminu i \u2013 co za tym idzie \u2013 nabycia uprawnie\u0144. Oto zagadnienia, jakie poruszamy w trakcie kursu:\u00a0 Zagadnienie&nbsp; Kr\u00f3tkie om\u00f3wienie&nbsp; Doz\u00f3r techniczny&nbsp; Uczestnik zapoznaje si\u0119 z zasadami dozoru i normami prawnymi, kt\u00f3re reguluj\u0105 organy \u2013 UDT i TDT.&nbsp; Przew\u00f3z \u0142adunk\u00f3w&nbsp; Zapoznanie si\u0119 z parametrami przewozu.&nbsp; Budowa urz\u0105dzenia&nbsp; Kursanci dowiaduj\u0105 si\u0119, jak w\u00f3zek kontenerowy jest skonstruowany i do czego s\u0142u\u017c\u0105 dane przyrz\u0105dy.&nbsp; BHP&nbsp; Nauka na temat przepis\u00f3w bezpiecze\u0144stwa i higieny pracy oraz zapoznanie z czynno\u015bciami, jakie nale\u017cy wykonywa\u0107 przed rozpocz\u0119ciem i po zako\u0144czeniu kierowania urz\u0105dzeniem.&nbsp; Praktyka&nbsp; Obs\u0142ugiwanie urz\u0105dzenia, czyli m.in. [&hellip;]<\/p>\n","protected":false},"author":6,"featured_media":4200,"parent":2721,"menu_order":0,"comment_status":"closed","ping_status":"closed","template":"","meta":{"sfsi_plus_gutenberg_text_before_share":"","sfsi_plus_gutenberg_show_text_before_share":"","sfsi_plus_gutenberg_icon_type":"","sfsi_plus_gutenberg_icon_alignemt":"","sfsi_plus_gutenburg_max_per_row":"","footnotes":""},"class_list":["post-4197","page","type-page","status-publish","has-post-thumbnail","hentry","has_thumb"],"aioseo_notices":[],"_links":{"self":[{"href":"https:\/\/kursy-udt.pl\/de\/wp-json\/wp\/v2\/pages\/4197","targetHints":{"allow":["GET"]}}],"collection":[{"href":"https:\/\/kursy-udt.pl\/de\/wp-json\/wp\/v2\/pages"}],"about":[{"href":"https:\/\/kursy-udt.pl\/de\/wp-json\/wp\/v2\/types\/page"}],"author":[{"embeddable":true,"href":"https:\/\/kursy-udt.pl\/de\/wp-json\/wp\/v2\/users\/6"}],"replies":[{"embeddable":true,"href":"https:\/\/kursy-udt.pl\/de\/wp-json\/wp\/v2\/comments?post=4197"}],"version-history":[{"count":4,"href":"https:\/\/kursy-udt.pl\/de\/wp-json\/wp\/v2\/pages\/4197\/revisions"}],"predecessor-version":[{"id":5561,"href":"https:\/\/kursy-udt.pl\/de\/wp-json\/wp\/v2\/pages\/4197\/revisions\/5561"}],"up":[{"embeddable":true,"href":"https:\/\/kursy-udt.pl\/de\/wp-json\/wp\/v2\/pages\/2721"}],"wp:featuredmedia":[{"embeddable":true,"href":"https:\/\/kursy-udt.pl\/de\/wp-json\/wp\/v2\/media\/4200"}],"wp:attachment":[{"href":"https:\/\/kursy-udt.pl\/de\/wp-json\/wp\/v2\/media?parent=4197"}],"curies":[{"name":"wp","href":"https:\/\/api.w.org\/{rel}","templated":true}]}}