{"id":4187,"date":"2022-08-23T10:02:09","date_gmt":"2022-08-23T10:02:09","guid":{"rendered":"https:\/\/kursy-udt.pl\/?page_id=4187"},"modified":"2023-03-21T13:31:22","modified_gmt":"2023-03-21T12:31:22","slug":"anspruche-tdt-uno","status":"publish","type":"page","link":"https:\/\/kursy-udt.pl\/de\/szkolenia\/udt-wdt-tdt\/uprawnienia-tdt-uno\/","title":{"rendered":"TDT-Genehmigungen, UNO - Ausbildungskurse"},"content":{"rendered":"<figure class=\"wp-block-image size-large is-resized\"><img loading=\"lazy\" decoding=\"async\" src=\"https:\/\/kursy-udt.pl\/wp-content\/uploads\/2022\/08\/3-5.jpeg\" alt=\"Tanker und Abf\u00fcller - Kurs\" width=\"771\" height=\"515\"\/><\/figure>\n\n\n\n<h2 class=\"wp-block-heading\">Kurs zum F\u00fcllen und Entleeren von Tanks&nbsp;<\/h2>\n\n\n\n<p><a href=\"https:\/\/kursy-udt.pl\/de\/o-firmie\/\">ERGON-Zentrum f\u00fcr Personalverbesserung<\/a> organisiert eine TDT-Schulung f\u00fcr das F\u00fcllen und Entleeren von Tanks. Dies ist eine wichtige F\u00e4higkeit f\u00fcr diejenigen, die verschiedene - vor allem gef\u00e4hrliche - Stoffe mit Hilfe von Tanks transportieren oder auslaufen lassen. Um diese Arbeit zu erledigen, m\u00fcssen Sie die richtigen Kenntnisse haben <a href=\"https:\/\/kursy-udt.pl\/de\/uprawnienia-udt\/kategorie-uprawnien-2\/\">Anrechte<\/a>. Wenn Sie diese nicht haben, drohen Ihnen im Falle einer Kontrolle empfindliche Strafen. Es lohnt sich also nicht, das Risiko einzugehen, machen Sie die Ausbildung!&nbsp;<\/p>\n\n\n\n<h2 class=\"wp-block-heading\">Wer sollte geschult werden?&nbsp;<\/h2>\n\n\n\n<p><a href=\"https:\/\/kursy-udt.pl\/de\/szkolenia\/udt-wdt-tdt\/tdt\/\">TDT-Kurs<\/a> (auch bekannt als UNO-Kurs) ist f\u00fcr alle Interessierten gedacht. Sie sollte insbesondere von Berufskraftfahrern, die G\u00fcter in Tanks transportieren, in Anspruch genommen werden. Diese Fahrer sind bereits f\u00fcr die Bef\u00f6rderung gef\u00e4hrlicher G\u00fcter qualifiziert, d. h. sie verf\u00fcgen \u00fcber das ADR. In bestimmten F\u00e4llen kann jedoch der Transport allein nicht ausreichen, so dass es sich lohnt, eine Zusatzqualifikation f\u00fcr das Bef\u00fcllen der Tanks selbst zu erwerben. Auch f\u00fcr Mitarbeiter, die Gefahrgutabf\u00fcllanlagen betreiben, werden Schulungen angeboten. Diese Art von Einrichtungen befinden sich in der Regel in Unternehmen, die solche Waren herstellen.&nbsp;<\/p>\n\n\n<div class=\"wp-block-image\">\n<figure class=\"alignright size-large is-resized\"><img loading=\"lazy\" decoding=\"async\" src=\"https:\/\/kursy-udt.pl\/wp-content\/uploads\/2022\/08\/2-8.jpeg\" alt=\"UNO-Betriebserlaubnis\" width=\"297\" height=\"297\"\/><\/figure>\n<\/div>\n\n\n<h2 class=\"wp-block-heading\">Anforderungen an den Praktikanten&nbsp;<\/h2>\n\n\n\n<p>In erster Linie muss eine Person, die an dem Kurs teilnehmen kann, mindestens 18 Jahre alt sein. Diese Person muss auch Polnisch k\u00f6nnen - ein wichtiges Kriterium f\u00fcr Ausl\u00e4nder, da die TDT-Pr\u00fcfung nicht in andere Sprachen \u00fcbersetzt wird. Wenn die Polnischkenntnisse nicht ausreichend sind, kann ein Dolmetscher zur Verf\u00fcgung gestellt werden. Wichtiger ist jedoch, dass der Teilnehmer zumindest eine Berufsausbildung hat. Dies kann auch durch einen Facharbeiterbrief gew\u00e4hrleistet werden. Das letzte Kriterium ist das Ausf\u00fcllen des Pr\u00fcfungsantrags. Dieser muss zu Beginn der Ausbildung zusammen mit dem Ausbildungsnachweis (oder dem Facharbeiternachweis) eingereicht werden.&nbsp;<\/p>\n\n\n\n<h2 class=\"wp-block-heading\">Umfang der Themen&nbsp;<\/h2>\n\n\n\n<p>Die TDT-Ausbildung umfasst sowohl theoretische als auch praktische Themen. Dazu geh\u00f6ren:&nbsp;<\/p>\n\n\n\n<figure class=\"wp-block-table\"><table><tbody><tr><td><strong>Ausgabe<\/strong>&nbsp;<\/td><td><strong>Erl\u00e4uterung<\/strong>&nbsp;<\/td><\/tr><tr><td><a href=\"https:\/\/kursy-udt.pl\/de\/szkolenia\/bhp-bezpieczenstwo-pracy\/prawna-ochrona-pracy\/\">GESUNDHEIT UND SICHERHEIT<\/a> und Feuerschutz&nbsp;<\/td><td>Machen Sie sich mit den Gesundheits-, Sicherheits- und Brandschutzvorschriften vertraut.&nbsp;<\/td><\/tr><tr><td>Gef\u00e4hrliche Materialien&nbsp;<\/td><td>Erwerb von Kenntnissen \u00fcber Gefahrstoffe und vor allem \u00fcber deren chemische oder physikalische Eigenschaften.&nbsp;<\/td><\/tr><tr><td>Tankbezeichnungen&nbsp;<\/td><td>Einweisung der Teilnehmer in die Beschreibung und das Lesen der Kennzeichnungen auf Tanks f\u00fcr den Transport.&nbsp;<\/td><\/tr><tr><td>Bau und \u00dcberwachung&nbsp;<\/td><td>Vertrautheit mit der Konstruktion der Tanks und der technischen \u00dcberwachung der gesamten Ausr\u00fcstung.&nbsp;<\/td><\/tr><tr><td>UNO-Betrieb&nbsp;<\/td><td>Praktisches Erlernen der Bedienung von Abf\u00fcllmaschinen sowie des Bef\u00fcllens und Entleerens von Tankwagen.&nbsp;<\/td><\/tr><\/tbody><\/table><\/figure>\n\n\n\n<p>Unabh\u00e4ngig von der Klasse des Materials, f\u00fcr das wir die Berechtigung erteilen, sind die Themen die gleichen. Der einzige Unterschied ist der Umfang des Stoffes, der w\u00e4hrend des Kurses bew\u00e4ltigt werden muss.&nbsp;<\/p>\n\n\n\n<h2 class=\"wp-block-heading\">Verlauf der Ausbildung und Pr\u00fcfung&nbsp;<\/h2>\n\n\n<div class=\"wp-block-image\">\n<figure class=\"alignright size-large is-resized\"><img loading=\"lazy\" decoding=\"async\" src=\"https:\/\/kursy-udt.pl\/wp-content\/uploads\/2022\/08\/1-11.jpeg\" alt=\"Bef\u00fcllung mit gef\u00e4hrlichen Stoffen\" width=\"253\" height=\"378\"\/><\/figure>\n<\/div>\n\n\n<p>Sobald die formalen Voraussetzungen erf\u00fcllt sind, kann die Ausbildung beginnen. Zu Beginn werden theoretische Themen besprochen. In einer sp\u00e4teren Phase werden praktische Aspekte behandelt, die f\u00fcr den gesamten Lernprozess entscheidend sind. Wenn der gesamte Stoff durchgenommen wurde, steht eine Pr\u00fcfung an. Die Technische Aufsicht im Verkehrswesen hat einen eigenen Pr\u00fcfungsausschuss, dem sich der Auszubildende stellen muss. Bei positivem Ausgang der Pr\u00fcfung erhalten Sie eine Bescheinigung \u00fcber die Bef\u00e4higung zum F\u00fchren von UNO-Ger\u00e4ten. Es ist erw\u00e4hnenswert, dass die Berechtigung zum F\u00fchren von Ausr\u00fcstungen unbefristet g\u00fcltig ist. Sie muss also nicht regelm\u00e4\u00dfig erneuert werden, wie dies bei anderen Ger\u00e4ten der Fall ist. Es ist auch wichtig zu wissen, dass es m\u00f6glich ist, Zulassungen f\u00fcr mehrere Gefahrstoffklassen zu erteilen. Dies ist eine gute L\u00f6sung f\u00fcr diejenigen, die bei ihrer Arbeit mit verschiedenen Arten von G\u00fctern umgehen m\u00fcssen.&nbsp;&nbsp;<\/p>\n\n\n\n<h2 class=\"wp-block-heading\">Warum sollten Sie uns w\u00e4hlen?&nbsp;<\/h2>\n\n\n\n<p>Unser Zentrum schult Sie im Umgang mit den TDT- und UNO-Ger\u00e4ten. Unsere gut ausgebildeten Fachkr\u00e4fte und die von uns zur Verf\u00fcgung gestellten Materialien werden daf\u00fcr sorgen, dass Sie gut auf die Pr\u00fcfung vorbereitet sind und diese auch bestehen. Wir organisieren die Schulungen in unseren Niederlassungen, aber wenn Sie sie an Ihrem Arbeitsplatz abhalten m\u00f6chten, ist dies m\u00f6glich. Wir kommen an jeden Ort in Polen! Das ERGON-Personalentwicklungszentrum ermutigt Sie, an einem Kurs teilzunehmen! &nbsp;<br>&nbsp;<br>&nbsp;<\/p>\n\n\n\n<h2 class=\"wp-block-heading\">Gef\u00e4hrliche G\u00fcter - was sind sie?&nbsp;<\/h2>\n\n\n\n<p>Das ERGON-Zentrum f\u00fcr die Entwicklung von Humanressourcen organisiert Schulungen f\u00fcr verschiedene als gef\u00e4hrlich eingestufte Produkte. Dazu geh\u00f6ren z. B. Gase oder brennbare Fl\u00fcssigkeiten - das sind die Klassen zwei und drei. Zur Klasse vier geh\u00f6ren feste brennbare Stoffe sowie selbstreagierende, spontan brennbare Stoffe und solche, die bei Kontakt mit Wasser brennbare Gase bilden. Oxidierende Stoffe und organische Peroxide hingegen sind Gefahrstoffe der Klasse f\u00fcnf. Wir schulen auch den Umgang mit giftigen und infekti\u00f6sen Stoffen - Klasse sechs - und \u00e4tzenden Stoffen, die zur Klasse acht geh\u00f6ren. An letzter Stelle der Klassifizierung stehen verschiedene nicht gef\u00e4hrliche G\u00fcter, d. h. Mehl, \u00d6le, Petrygo, Asphalt, bitumin\u00f6se Massen, die jedoch unter Druck abgef\u00fcllt werden.\u00a0<\/p>\n\n\n\n<p><strong>Wenn Sie Fragen haben, z\u00f6gern Sie bitte nicht, uns zu kontaktieren.<\/strong><\/p>\n\n\n\n<figure class=\"wp-block-image size-large is-resized\"><img loading=\"lazy\" decoding=\"async\" src=\"https:\/\/kursy-udt.pl\/wp-content\/uploads\/2023\/01\/80-TDT-kursy-udt.pl_.png\" alt=\"ERGON-Ausbildung\" width=\"743\" height=\"464\"\/><\/figure>","protected":false},"excerpt":{"rendered":"<p>Kurs nape\u0142niania i opr\u00f3\u017cniania cystern&nbsp; O\u015brodek Doskonalenia Kadr ERGON organizuje szkolenie TDT na nape\u0142nianie i opr\u00f3\u017cnianie cystern. Jest to wa\u017cna umiej\u0119tno\u015b\u0107 dla tych, kt\u00f3rzy przewo\u017c\u0105 b\u0105d\u017a rozlewaj\u0105 r\u00f3\u017cne substancje \u2013 w szczeg\u00f3lno\u015bci niebezpieczne \u2013 za pomoc\u0105 zbiornik\u00f3w. Aby wykonywa\u0107 t\u0119 prac\u0119, nale\u017cy mie\u0107 odpowiednie uprawnienia. Je\u015bli nie b\u0119dziesz ich mie\u0107, gro\u017c\u0105 Ci surowe kary w razie kontroli. Nie warto wi\u0119c ryzykowa\u0107, we\u017a udzia\u0142 w szkoleniu!&nbsp; Kto powinien si\u0119 przeszkoli\u0107?&nbsp; Kurs TDT (nazywany te\u017c kursem UNO) jest przeznaczony dla ka\u017cdego zainteresowanego. W szczeg\u00f3lno\u015bci powinny wzi\u0105\u0107 w nim udzia\u0142 osoby, kt\u00f3re s\u0105 zawodowymi kierowcami przewo\u017c\u0105cymi towary w zbiornikach. Tacy kierowcy maj\u0105 ju\u017c odpowiednie uprawnienia do przewozu produkt\u00f3w niebezpiecznych, czyli z zakresu ADR. Samo przewo\u017cenie mo\u017ce by\u0107 jednak niewystarczaj\u0105ce w szczeg\u00f3lnych przypadkach, dlatego warto wtedy naby\u0107 dodatkowe uprawnienia na samodzielne nape\u0142nianie cystern. Szkolenie tak\u017ce jest przeznaczone dla pracownik\u00f3w obs\u0142uguj\u0105cych rozlewnie towar\u00f3w niebezpiecznych. Tego typu urz\u0105dzenia s\u0105 zazwyczaj umieszczane w firmach, kt\u00f3re produkuj\u0105 takie w\u0142a\u015bnie towary.&nbsp; Wymagania wobec kursanta&nbsp; Przede wszystkim osoba, kt\u00f3ra mo\u017ce by\u0107 uczestnikiem kursu musi mie\u0107 uko\u0144czone 18 lat. Taka osoba musi te\u017c zna\u0107 j\u0119zyk polski \u2013 to wa\u017cne kryterium dla obcokrajowc\u00f3w, poniewa\u017c egzamin TDT nie jest t\u0142umaczony na inne j\u0119zyki. Je\u015bli znajomo\u015b\u0107 polskiego nie jest na odpowiednim poziomie, dopuszcza si\u0119 sytuacj\u0119, w kt\u00f3rej zapewniony jest t\u0142umacz. Wa\u017cniejsze jest jednak to, \u017ceby uczestnik mia\u0142 co najmniej wykszta\u0142cenie zawodowe. Spraw\u0119 w tym przypadku mo\u017ce za\u0142atwi\u0107 tak\u017ce za\u015bwiadczenie o byciu wykwalifikowanym robotnikiem. Ostatnie kryterium stanowi wype\u0142nienie wniosku o przeprowadzenie egzaminu. Ten w\u0142a\u015bnie dokument wraz z po\u015bwiadczeniem wykszta\u0142cenia (b\u0105d\u017a bycia robotnikiem wykwalifikowanym), nale\u017cy przed\u0142o\u017cy\u0107 przy rozpocz\u0119ciu szkolenia.&nbsp; Zakres temat\u00f3w&nbsp; [&hellip;]<\/p>\n","protected":false},"author":6,"featured_media":4188,"parent":2721,"menu_order":0,"comment_status":"closed","ping_status":"closed","template":"","meta":{"sfsi_plus_gutenberg_text_before_share":"","sfsi_plus_gutenberg_show_text_before_share":"","sfsi_plus_gutenberg_icon_type":"","sfsi_plus_gutenberg_icon_alignemt":"","sfsi_plus_gutenburg_max_per_row":"","footnotes":""},"class_list":["post-4187","page","type-page","status-publish","has-post-thumbnail","hentry","has_thumb"],"aioseo_notices":[],"_links":{"self":[{"href":"https:\/\/kursy-udt.pl\/de\/wp-json\/wp\/v2\/pages\/4187","targetHints":{"allow":["GET"]}}],"collection":[{"href":"https:\/\/kursy-udt.pl\/de\/wp-json\/wp\/v2\/pages"}],"about":[{"href":"https:\/\/kursy-udt.pl\/de\/wp-json\/wp\/v2\/types\/page"}],"author":[{"embeddable":true,"href":"https:\/\/kursy-udt.pl\/de\/wp-json\/wp\/v2\/users\/6"}],"replies":[{"embeddable":true,"href":"https:\/\/kursy-udt.pl\/de\/wp-json\/wp\/v2\/comments?post=4187"}],"version-history":[{"count":6,"href":"https:\/\/kursy-udt.pl\/de\/wp-json\/wp\/v2\/pages\/4187\/revisions"}],"predecessor-version":[{"id":5625,"href":"https:\/\/kursy-udt.pl\/de\/wp-json\/wp\/v2\/pages\/4187\/revisions\/5625"}],"up":[{"embeddable":true,"href":"https:\/\/kursy-udt.pl\/de\/wp-json\/wp\/v2\/pages\/2721"}],"wp:featuredmedia":[{"embeddable":true,"href":"https:\/\/kursy-udt.pl\/de\/wp-json\/wp\/v2\/media\/4188"}],"wp:attachment":[{"href":"https:\/\/kursy-udt.pl\/de\/wp-json\/wp\/v2\/media?parent=4187"}],"curies":[{"name":"wp","href":"https:\/\/api.w.org\/{rel}","templated":true}]}}