{"id":4149,"date":"2022-08-19T07:37:12","date_gmt":"2022-08-19T07:37:12","guid":{"rendered":"https:\/\/kursy-udt.pl\/?page_id=4149"},"modified":"2023-03-20T15:23:34","modified_gmt":"2023-03-20T14:23:34","slug":"wartung-der-feuerloschgerate","status":"publish","type":"page","link":"https:\/\/kursy-udt.pl\/de\/szkolenia\/sprzet-gasniczy\/konserwacja-sprzetu-gasniczego\/","title":{"rendered":"Kurs zur Wartung von Feuerwehrausr\u00fcstung"},"content":{"rendered":"<figure class=\"wp-block-image size-large is-resized\"><img loading=\"lazy\" decoding=\"async\" src=\"https:\/\/kursy-udt.pl\/wp-content\/uploads\/2022\/08\/3-4.jpeg\" alt=\"Rauchabz\u00fcge\" width=\"800\" height=\"534\"\/><\/figure>\n\n\n\n<h2 class=\"wp-block-heading\">Sichere Wartung von Feuerwehrausr\u00fcstung&nbsp;<\/h2>\n\n\n\n<p>Wir bieten Schulungen f\u00fcr die Wartung von Feuerl\u00f6schger\u00e4ten an. Wir nutzen das Wissen und die Erfahrung unserer Dozenten und Ausbilder, um Ihnen das Material\/den Lehrplan f\u00fcr den Kurs zur Instandhaltung von Feuerl\u00f6schger\u00e4ten zur Verf\u00fcgung zu stellen. In unseren Kursen beurteilen die Dozenten den korrekten technischen Zustand von Feuerl\u00f6schern und zeigen Ihnen, wie Sie deren Funktionsf\u00e4higkeit wiederherstellen k\u00f6nnen. Die Wartung dieser Art von Ger\u00e4ten erfordert spezielle Kenntnisse und F\u00e4higkeiten, so dass Sie in unseren Kursen hundertprozentig konzentriert sein sollten.\u00a0<\/p>\n\n\n\n<h2 class=\"wp-block-heading\">Verpflichtung zur Instandhaltung der Feuerwehrausr\u00fcstung&nbsp;<\/h2>\n\n\n\n<p>Jeder, der im Besitz von Feuerl\u00f6schger\u00e4ten oder Feuerl\u00f6schern ist, ist verpflichtet, diese gem\u00e4\u00df den in den Polnischen Normen f\u00fcr Feuerl\u00f6schger\u00e4te und Feuerl\u00f6scher festgelegten Grunds\u00e4tzen zu warten. Technische \u00dcberpr\u00fcfungen und Wartungsarbeiten sollten nicht seltener als einmal pro Jahr oder besser: gem\u00e4\u00df den Anweisungen des Herstellers durchgef\u00fchrt werden. In der ersten Phase eines Brandes ist das handliche <a href=\"https:\/\/kursy-udt.pl\/de\/szkolenia\/sprzet-gasniczy\/\">Feuerwehrausr\u00fcstung<\/a>. Wir verwenden dann Feuerl\u00f6scher, kleine Feuerl\u00f6schger\u00e4te oder L\u00f6schkugeln oder -decken. Feuerl\u00f6schkugeln zerstreuen das enthaltene L\u00f6schmittel in einem Radius von 5 m.&nbsp;<\/p>\n\n\n\n<h2 class=\"wp-block-heading\">Schulungsthemen zur Wartung von Feuerwehrausr\u00fcstung:&nbsp;<\/h2>\n\n\n\n<ul class=\"wp-block-list\">\n<li>Berufsethik,&nbsp;<\/li>\n\n\n\n<li>Normen und Rechtsvorschriften,&nbsp;<\/li>\n\n\n\n<li><a href=\"https:\/\/kursy-udt.pl\/de\/szkolenia\/bhp-bezpieczenstwo-pracy\/prawna-ochrona-pracy\/\">GESUNDHEIT UND SICHERHEIT<\/a> w\u00e4hrend der Wartungsarbeiten,&nbsp;<\/li>\n\n\n\n<li>Bau und Betrieb von tragbaren und mobilen Feuerl\u00f6schern,&nbsp;<\/li>\n\n\n\n<li>Wartungst\u00e4tigkeiten.&nbsp;<\/li>\n<\/ul>\n\n\n\n<h2 class=\"wp-block-heading\">Technische Anforderungen an den Brandschutz&nbsp;<\/h2>\n\n\n<div class=\"wp-block-image\">\n<figure class=\"alignright size-large is-resized\"><img loading=\"lazy\" decoding=\"async\" src=\"https:\/\/kursy-udt.pl\/wp-content\/uploads\/2022\/08\/1-6.jpeg\" alt=\"Feuerwehrausr\u00fcstung\" width=\"437\" height=\"188\"\/><\/figure>\n<\/div>\n\n\n<p>Jeder Feuerl\u00f6scher sollte regelm\u00e4\u00dfig gem\u00e4\u00df den Empfehlungen des Herstellers gewartet werden. Was die Normen anbelangt, so sollte die Wartung eines Feuerl\u00f6schers in Polen alle 12 Monate erfolgen, wenn es sich um einen Wartungsbetrieb mit einer Lizenz f\u00fcr handgehaltene Feuerl\u00f6schger\u00e4te handelt. Je nach Art der Arbeit kann das Wartungsintervall k\u00fcrzer sein. Nicht jeder ist sich dessen bewusst, weshalb es sich lohnt, noch einmal daran zu erinnern. Die Wartung von Feuerl\u00f6schern darf nur von befugten Personen durchgef\u00fchrt werden! Der Hersteller gibt Wartungsanweisungen heraus, die unbedingt beachtet werden sollten!&nbsp;<\/p>\n\n\n\n<h2 class=\"wp-block-heading\">Zweck der Schulung zur Wartung von Feuerl\u00f6schern&nbsp;<\/h2>\n\n\n\n<p>Vermittlung von Kenntnissen \u00fcber die Wartung und den Betrieb von handgef\u00fchrten Feuerwehrausr\u00fcstungen an alle unsere Auszubildenden.&nbsp;<\/p>\n\n\n\n<h2 class=\"wp-block-heading\">Was bekommen Sie von uns w\u00e4hrend der Ausbildung?&nbsp;<\/h2>\n\n\n\n<ul class=\"wp-block-list\">\n<li>Detaillierte Anweisungen f\u00fcr die Inspektion, Wartung und Reparatur von tragbaren und mobilen Feuerl\u00f6schern.&nbsp;<\/li>\n\n\n\n<li>Kompetenzen: Kenntnisse und F\u00e4higkeiten, die eine Vorbereitung auf die Pr\u00fcfung darstellen.&nbsp;<\/li>\n<\/ul>\n\n\n\n<h2 class=\"wp-block-heading\">Berechtigungen&nbsp;<\/h2>\n\n\n\n<p>Nach bestandener Pr\u00fcfung erh\u00e4lt der Auszubildende einen Bef\u00e4higungsnachweis f\u00fcr die Instandhaltung von tragbaren Feuerl\u00f6schger\u00e4ten.&nbsp;<\/p>\n\n\n\n<h2 class=\"wp-block-heading\">Preis&nbsp;<\/h2>\n\n\n\n<p>Der Preis h\u00e4ngt von der Anzahl der Teilnehmer ab, die sich f\u00fcr unsere Kurse anmelden. Einzelkunden und organisierte Gruppen sind willkommen. Bei organisierten Gruppen bieten wir dem Kunden eine Reise an, wenn eine ausreichende Anzahl von Personen zusammenkommt.&nbsp;<\/p>\n\n\n<div class=\"wp-block-image\">\n<figure class=\"alignright size-large is-resized\"><img loading=\"lazy\" decoding=\"async\" src=\"https:\/\/kursy-udt.pl\/wp-content\/uploads\/2022\/08\/2-5.jpeg\" alt=\"Wartung von Feuerl\u00f6schern\" width=\"257\" height=\"400\"\/><\/figure>\n<\/div>\n\n\n<h2 class=\"wp-block-heading\">Wo Sie uns finden k\u00f6nnen&nbsp;<\/h2>\n\n\n\n<p>Wir haben Zentren in verschiedenen Regionen Polens. F\u00fcr weitere Informationen z\u00f6gern Sie bitte nicht, uns zu kontaktieren.<strong> <\/strong><\/p>\n\n\n\n<h2 class=\"wp-block-heading\">Die Auszubildenden erwerben praktische F\u00e4higkeiten:\u00a0<\/h2>\n\n\n\n<ul class=\"wp-block-list\">\n<li>Durchf\u00fchrung regelm\u00e4\u00dfiger Inspektionen und Kontrollen von tragbaren Feuerl\u00f6schger\u00e4ten, einschlie\u00dflich Feuerl\u00f6schern verschiedener Typen,&nbsp;<\/li>\n\n\n\n<li>Wartungs- und Reparaturarbeiten durchf\u00fchren, einschlie\u00dflich der Demontage und des Zusammenbaus von Ger\u00e4ten, des Austauschs von L\u00f6schmitteln und der Kennzeichnung von Ger\u00e4ten.&nbsp;<\/li>\n<\/ul>\n\n\n\n<h2 class=\"wp-block-heading\">Bedienung des Feuerl\u00f6schers&nbsp;<\/h2>\n\n\n\n<p>Ein Feuerl\u00f6scher besteht aus 3 Komponenten: einem Ventil, einem L\u00f6schmittel und einem Druckbeh\u00e4lter. Wir unterteilen Feuerl\u00f6scher nach ihrer Zusammensetzung in verschiedene Typen. Handfeuerl\u00f6scher speichern ein L\u00f6schmittel in ihrem Inneren, das nach au\u00dfen zum Brandherd hin freigesetzt wird.&nbsp;<\/p>\n\n\n\n<h2 class=\"wp-block-heading\">Obligatorische Inspektionen&nbsp;<\/h2>\n\n\n\n<p>Regelm\u00e4\u00dfige Wartung von Ger\u00e4ten wie z. B.:&nbsp;<\/p>\n\n\n\n<ul class=\"wp-block-list\">\n<li>fest installierte und semi-permanente Feuerl\u00f6schsysteme,&nbsp;<\/li>\n\n\n\n<li>Innenhydranten und zugeh\u00f6rige Systemkomponenten,&nbsp;<\/li>\n\n\n\n<li>tragbare und mobile Feuerl\u00f6scher,&nbsp;<\/li>\n\n\n\n<li>Brandschutzt\u00fcren und -tore,&nbsp;<\/li>\n\n\n\n<li>Rauchabzugsger\u00e4te,&nbsp;<\/li>\n\n\n\n<li>Evakuierungsbeleuchtungsanlagen und -komponenten,&nbsp;<\/li>\n\n\n\n<li>Warnsysteme und Sprachnachrichten f\u00fcr die Sicherheit.&nbsp;<\/li>\n<\/ul>\n\n\n\n<p>Die Inspektion oder Reparatur von Feuerl\u00f6schern sollte an qualifizierte Fachfirmen oder Feuerwehrausr\u00fcster vergeben werden, die die Inspektion unter Einhaltung aller Sicherheitsstandards durchf\u00fchren. H\u00e4ufig werden Feuerl\u00f6schger\u00e4te von Personen benutzt, die keine Erfahrung in der Brandbek\u00e4mpfung oder im Umgang mit diesen Ger\u00e4ten haben. Wir ergreifen die Gelegenheit, solche Vorf\u00e4lle anzusprechen und m\u00f6chten Sie einladen <a href=\"https:\/\/kursy-udt.pl\/de\/o-firmie\/\">ERGON Zentrum f\u00fcr Personalentwicklung<\/a> f\u00fcr einen Kurs \u00fcber die Wartung von Feuerwehrausr\u00fcstung, f\u00fcr den wir eine spezielle Ausbildung anbieten. Informieren Sie sich \u00fcber die Einzelheiten des Angebots, indem Sie sich telefonisch oder per E-Mail mit uns in Verbindung setzen.&nbsp;&nbsp;<\/p>\n\n\n\n<h2 class=\"wp-block-heading\">\u00dcber die Arbeit des Feuerwehrausr\u00fcsters&nbsp;<\/h2>\n\n\n\n<p>Sicherheit ist f\u00fcr jeden von uns von gr\u00f6\u00dfter Bedeutung. Deshalb sollte die \u00dcberpr\u00fcfung von Feuerl\u00f6schger\u00e4ten nur von einer Person durchgef\u00fchrt werden, die dazu bef\u00e4higt ist. <a href=\"https:\/\/kursy-udt.pl\/de\/uprawnienia-udt\/kategorie-uprawnien-2\/\">Anrechte<\/a>. Die Best\u00e4tigung, dass die Wartung, Reparatur oder \u00dcberholung der Ausr\u00fcstung durchgef\u00fchrt wurde, erfolgt durch die Unterzeichnung eines Protokolls durch den Konservator. Andererseits sollten Feuerl\u00f6scher oder Hydranten mit einer Aktualisierungskennzeichnung - einer so genannten Pr\u00fcfplakette - versehen werden. Dabei handelt es sich in der Regel um einen Aufkleber mit dem Namen des Unternehmens, dem Namen und der Unterschrift des Instandhalters sowie dem Datum, an dem die Inspektion durchgef\u00fchrt wurde und g\u00fcltig ist.&nbsp;<\/p>\n\n\n\n<h2 class=\"wp-block-heading\">Unsere Ausbildung&nbsp;<\/h2>\n\n\n\n<p>Wir laden Sie auch zu Schulungen in unserem ERGON-Zentrum ein, u. a. f\u00fcr Gabelstapler, mobile Arbeitsb\u00fchnen, Krane, Turmdrehkrane und HDS- oder Glasfaserschwei\u00dfen.<\/p>\n\n\n\n<figure class=\"wp-block-image size-large is-resized\"><img loading=\"lazy\" decoding=\"async\" src=\"https:\/\/kursy-udt.pl\/wp-content\/uploads\/2023\/01\/Reklama-Na-Kursy-7.png\" alt=\"ERGON-Kurs\" width=\"822\" height=\"514\"\/><\/figure>","protected":false},"excerpt":{"rendered":"<p>Bezpieczna konserwacja sprz\u0119tu ga\u015bniczego&nbsp; Organizujemy szkolenie z konserwacji sprz\u0119tu ga\u015bniczego. Wykorzystujemy wiedz\u0119 i do\u015bwiadczenie naszych wyk\u0142adowc\u00f3w i instruktor\u00f3w, aby mogli Pa\u0144stwo zapozna\u0107 si\u0119 z materia\u0142em\/programem zaj\u0119\u0107 na kursie konserwatora sprz\u0119tu ga\u015bniczego. Na naszych zaj\u0119ciach wyk\u0142adowcy przeprowadzaj\u0105 ocen\u0119 prawid\u0142owego stanu technicznego ga\u015bnic, a tak\u017ce pokazuj\u0105 w jaki spos\u00f3b mo\u017cna przywr\u00f3ci\u0107 ich funkcje u\u017cytkowe. Konserwacja tego rodzaju urz\u0105dze\u0144 wymaga specjalistycznej wiedzy i umiej\u0119tno\u015bci, dlatego warto by\u0107 skupionym w stu procentach na naszych zaj\u0119ciach.\u00a0 Obowi\u0105zek konserwacji sprz\u0119tu ga\u015bniczego&nbsp; Ka\u017cda osoba posiadaj\u0105ca urz\u0105dzenia przeciwpo\u017carowe czy ga\u015bnice, ma obowi\u0105zek poddawa\u0107 je czynno\u015bciom konserwacyjnym zgodnie z zasadami okre\u015blonymi w Polskich Normach dotycz\u0105cych urz\u0105dze\u0144 przeciwpo\u017carowych i ga\u015bnic. Nie powinni\u015bmy przeprowadza\u0107 przegl\u0105d\u00f3w technicznych i czynno\u015bci konserwacyjnych rzadziej ni\u017c raz do roku, lub lepiej: zgodnie z instrukcj\u0105 ustalon\u0105 przez producenta. W pierwszej fazie powstania po\u017caru wykorzystuje si\u0119 podr\u0119czny sprz\u0119t ga\u015bniczy. Stosujemy wtedy ga\u015bnice, ma\u0142e agregaty ga\u015bnicze, czy kule lub koce ga\u015bnicze. Kule ga\u015bnicze rozpraszaj\u0105 zawarty w niej materia\u0142 ga\u015bniczy w promieniu 5m.&nbsp; Tematyka szkolenia na konserwatora sprz\u0119tu ga\u015bniczego:&nbsp; Wymagania techniczne przeciwpo\u017carowe&nbsp; Ka\u017cda ga\u015bnica powinna by\u0107 regularnie konserwowana zgodnie z zaleceniami producenta. Je\u015bli chodzi o normy, konserwacja ga\u015bnicy w Polsce powinna odbywa\u0107 si\u0119 co 12 miesi\u0119cy, je\u017celi jest to konserwator z uprawnieniami podr\u0119cznego sprz\u0119tu ga\u015bniczego. W zale\u017cno\u015bci od rodzaju pracy, okres mi\u0119dzykonserwacyjny mo\u017ce by\u0107 kr\u00f3tszy. Nie ka\u017cdy zdaje sobie z tego spraw\u0119, dlatego warto przypomnie\u0107 jeszcze raz. Konserwacja ga\u015bnic mo\u017ce by\u0107 wykonywana tylko przez uprawnione osoby! Producent wydaje instrukcj\u0119 konserwacji i nale\u017cy j\u0105 traktowa\u0107 jako nadrz\u0119dn\u0105!&nbsp; Cel szkolenia z zakresu konserwacji ga\u015bnic&nbsp; Przekazanie wiedzy dotycz\u0105cej konserwacji i obs\u0142ugi podr\u0119cznego sprz\u0119tu ga\u015bniczego wszystkim naszym s\u0142uchaczom.&nbsp; Co [&hellip;]<\/p>\n","protected":false},"author":6,"featured_media":4152,"parent":3957,"menu_order":0,"comment_status":"closed","ping_status":"closed","template":"","meta":{"sfsi_plus_gutenberg_text_before_share":"","sfsi_plus_gutenberg_show_text_before_share":"","sfsi_plus_gutenberg_icon_type":"","sfsi_plus_gutenberg_icon_alignemt":"","sfsi_plus_gutenburg_max_per_row":"","footnotes":""},"class_list":["post-4149","page","type-page","status-publish","has-post-thumbnail","hentry","has_thumb"],"aioseo_notices":[],"_links":{"self":[{"href":"https:\/\/kursy-udt.pl\/de\/wp-json\/wp\/v2\/pages\/4149","targetHints":{"allow":["GET"]}}],"collection":[{"href":"https:\/\/kursy-udt.pl\/de\/wp-json\/wp\/v2\/pages"}],"about":[{"href":"https:\/\/kursy-udt.pl\/de\/wp-json\/wp\/v2\/types\/page"}],"author":[{"embeddable":true,"href":"https:\/\/kursy-udt.pl\/de\/wp-json\/wp\/v2\/users\/6"}],"replies":[{"embeddable":true,"href":"https:\/\/kursy-udt.pl\/de\/wp-json\/wp\/v2\/comments?post=4149"}],"version-history":[{"count":5,"href":"https:\/\/kursy-udt.pl\/de\/wp-json\/wp\/v2\/pages\/4149\/revisions"}],"predecessor-version":[{"id":5545,"href":"https:\/\/kursy-udt.pl\/de\/wp-json\/wp\/v2\/pages\/4149\/revisions\/5545"}],"up":[{"embeddable":true,"href":"https:\/\/kursy-udt.pl\/de\/wp-json\/wp\/v2\/pages\/3957"}],"wp:featuredmedia":[{"embeddable":true,"href":"https:\/\/kursy-udt.pl\/de\/wp-json\/wp\/v2\/media\/4152"}],"wp:attachment":[{"href":"https:\/\/kursy-udt.pl\/de\/wp-json\/wp\/v2\/media?parent=4149"}],"curies":[{"name":"wp","href":"https:\/\/api.w.org\/{rel}","templated":true}]}}