{"id":4134,"date":"2022-08-16T07:38:51","date_gmt":"2022-08-16T07:38:51","guid":{"rendered":"https:\/\/kursy-udt.pl\/?page_id=4134"},"modified":"2023-03-20T11:14:38","modified_gmt":"2023-03-20T10:14:38","slug":"evakuierung-von-personen","status":"publish","type":"page","link":"https:\/\/kursy-udt.pl\/de\/szkolenia\/bhp-bezpieczenstwo-pracy\/ewakuacjia-ludzi\/","title":{"rendered":"Kraft zur Evakuierung von Personen aus einem geschlossenen Raum"},"content":{"rendered":"<figure class=\"wp-block-image size-large is-resized\"><img loading=\"lazy\" decoding=\"async\" src=\"https:\/\/kursy-udt.pl\/wp-content\/uploads\/2022\/08\/1-4.jpeg\" alt=\"Evakuierung von Personen\" width=\"800\" height=\"534\"\/><\/figure>\n\n\n\n<h2 class=\"wp-block-heading\">Kurs zur Evakuierung aus engen R\u00e4umen&nbsp;<\/h2>\n\n\n\n<p>Sie sind herzlich eingeladen, an Schulungen zur Evakuierung von Personen aus engen R\u00e4umen teilzunehmen. Der Kurs richtet sich an Personen, die f\u00fcr die Sicherheit bei Arbeiten in engen R\u00e4umen verantwortlich sind. Dabei werden Rettungsma\u00dfnahmen ber\u00fccksichtigt, die die Suche nach Verletzten, die Hilfeleistung mit Krankentragen und die Installation von Absauganlagen umfassen. Die Schulung steht allen offen, die in engen R\u00e4umen arbeiten und ihre Qualifikationen verbessern m\u00f6chten.&nbsp;<br>Die Evakuierung von Personen aus engen R\u00e4umen sollte nur von Personen mit entsprechender Ausbildung, Erfahrung und Kompetenz durchgef\u00fchrt werden, da sie mit einem hohen Risiko verbunden ist.&nbsp;&nbsp;<\/p>\n\n\n\n<h2 class=\"wp-block-heading\">Anforderungen an den Bewerber&nbsp;<\/h2>\n\n\n\n<p>Um an den Schulungen teilnehmen zu k\u00f6nnen, m\u00fcssen Sie folgende Voraussetzungen erf\u00fcllen: Sie d\u00fcrfen keine medizinischen Gegenanzeigen f\u00fcr die Arbeit in engen R\u00e4umen und in H\u00f6hen von \u00fcber 3 Metern haben und m\u00fcssen eine CS3-Schulung absolviert haben. Bitte beachten Sie, dass die Schulung eine gute k\u00f6rperliche Verfassung voraussetzt - die Teilnehmer absolvieren praktische \u00dcbungen mit Atemschutzger\u00e4ten. Willige Teilnehmer, die einen Bart haben oder eine Brille tragen <a href=\"https:\/\/kursy-udt.pl\/de\/kontakt\/\">Bitte kontaktieren Sie uns<\/a> bevor der Kurs beginnt.\u00a0\u00a0<\/p>\n\n\n\n<h2 class=\"wp-block-heading\">Ausbildungsprogramm&nbsp;<\/h2>\n\n\n<div class=\"wp-block-image\">\n<figure class=\"alignright size-large is-resized\"><img loading=\"lazy\" decoding=\"async\" src=\"https:\/\/kursy-udt.pl\/wp-content\/uploads\/2022\/08\/2-3.jpeg\" alt=\"geschlossener Raum\" width=\"400\" height=\"267\"\/><\/figure>\n<\/div>\n\n\n<p>Die Schulung besteht aus zwei Teilen: dem theoretischen Teil, in dem die Teilnehmer Kenntnisse \u00fcber Rettungs- und Evakuierungstechniken aus engen R\u00e4umen erwerben, und dem praktischen Teil, in dem die Teilnehmer lernen, wie sie unter Verwendung von Atemschutzger\u00e4ten einen engen Raum richtig betreten. W\u00e4hrend des Kurses erwerben die Teilnehmer praktische Kenntnisse dar\u00fcber, wie sie mit Winden und anderen Rettungssystemen arbeiten, welche Ma\u00dfnahmen bei schlechter Sicht zu ergreifen sind und wie sie sich in einer Notfallsituation verhalten sollen. W\u00e4hrend der Schulung werden die Teilnehmer auch mit verschiedenen Arten von Such- und Rettungsverfahren, gesetzlichen Vorschriften, vertikalen und seitlichen Zugangstechniken zu engen R\u00e4umen vertraut gemacht. Sie lernen, wie sie Rettungstrage-R\u00fcckzugssysteme installieren und verwenden und wie sie das richtige Gaswarnger\u00e4t ausw\u00e4hlen. Nach Abschluss des Kurses erhalten die Teilnehmer ein Zertifikat und ein Abzeichen, das drei Jahre lang g\u00fcltig ist.\u00a0<\/p>\n\n\n\n<h2 class=\"wp-block-heading\">Geschlossener Raum&nbsp;<\/h2>\n\n\n\n<p>Ein geschlossener Raum ist ein Begriff aus dem Bereich Gesundheit und Sicherheit, der sich auf einen Raum bezieht, der von allen Seiten begrenzt ist, dessen Ein- und Ausg\u00e4nge blockiert oder eingeschr\u00e4nkt sind und die schnelle Bewegung der Arbeitnehmer und den Luftaustausch verhindern. Dazu geh\u00f6ren z. B. Sch\u00e4chte, Abwasserkan\u00e4le, Tanks, verschiedene industrielle G\u00e4nge und Tunnel, das Innere von Industrieanlagen usw. Eingeschlossene R\u00e4ume sind nicht f\u00fcr den dauerhaften Aufenthalt von Menschen vorgesehen. Beim Abstieg kann ein Arbeitnehmer Gefahren ausgesetzt sein wie:&nbsp;<\/p>\n\n\n\n<ul class=\"wp-block-list\">\n<li>Verschmutzung, Staub, Sauerstoffmangel - verursacht durch Rost, Zersetzung und die Ansammlung schwerer Gase;&nbsp;<\/li>\n\n\n\n<li>Explosionsgefahr bei Arbeiten mit brennbarem Gas oder Dampf;&nbsp;<\/li>\n\n\n\n<li>Schwierigkeiten beim Verlassen des Raumes - Feuer, Verletzungen oder Krankheit k\u00f6nnen den Arbeitnehmer daran hindern, den Raum selbst\u00e4ndig zu verlassen;&nbsp;<\/li>\n\n\n\n<li>Gefahr von St\u00fcrzen aus der H\u00f6he;&nbsp;<\/li>\n\n\n\n<li>Gefahr der Aufsch\u00fcttung oder \u00dcberflutung;&nbsp;<\/li>\n\n\n\n<li>ung\u00fcnstige K\u00f6rperhaltung, beengte Verh\u00e4ltnisse, Verletzungsgefahr;&nbsp;<\/li>\n\n\n\n<li>unangenehme Temperaturen - Temperaturschwankungen, erh\u00f6hte Luftfeuchtigkeit;&nbsp;<\/li>\n\n\n\n<li>Kommunikationsschwierigkeiten - W\u00e4nde reflektieren und verst\u00e4rken den L\u00e4rm \u00fcberm\u00e4\u00dfig;&nbsp;<\/li>\n\n\n\n<li>Dunkelheit.&nbsp;<\/li>\n<\/ul>\n\n\n\n<figure class=\"wp-block-image size-large is-resized\"><img loading=\"lazy\" decoding=\"async\" src=\"https:\/\/kursy-udt.pl\/wp-content\/uploads\/2022\/08\/3-3.jpeg\" alt=\"Menschen mit Helmen\" width=\"800\" height=\"502\"\/><\/figure>\n\n\n\n<h2 class=\"wp-block-heading\">Rettungsma\u00dfnahmen&nbsp;<\/h2>\n\n\n\n<p>Bei einem Zwischenfall in einem geschlossenen Raum muss in erster Linie sichergestellt werden, dass das Opfer Zugang zu Luft hat. Die zweite Aufgabe besteht darin, Erste Hilfe so zu leisten, dass keine weiteren Sch\u00e4den f\u00fcr Gesundheit und Leben entstehen. Die Rettungsma\u00dfnahmen m\u00fcssen nach einem vorher ausgearbeiteten Plan erfolgen. Es muss entschieden werden, welche Ma\u00dfnahmen zu ergreifen sind, wobei die folgenden Bedingungen zu ber\u00fccksichtigen sind:&nbsp;&nbsp;<\/p>\n\n\n\n<ul class=\"wp-block-list\">\n<li>verf\u00fcgbare Humanressourcen,&nbsp;&nbsp;<\/li>\n\n\n\n<li>Zimmergr\u00f6\u00dfe,&nbsp;&nbsp;<\/li>\n\n\n\n<li>Leichtigkeit oder Schwierigkeit des Zugangs.&nbsp;&nbsp;<\/li>\n<\/ul>\n\n\n\n<p>Bei der Rettung einer Person aus einem geschlossenen Raum wird die Durchf\u00fchrung von Rettungsma\u00dfnahmen vorgeschlagen, die je nach Situation variieren k\u00f6nnen. Der Leiter des Rettungstrupps bleibt drau\u00dfen und leitet das Geschehen vor Ort. Es liegt in seiner Verantwortung, die eintretenden Personen f\u00fcr die Durchf\u00fchrung der Rettungsaktion zu organisieren und den Zeitpunkt des Ein- und Ausstiegs der Atemschutzger\u00e4tetr\u00e4ger aus dem geschlossenen Raum zu kontrollieren. Wenn das Team bereit ist, betritt ein Retter mit Atemschutzger\u00e4t und HLW-Ausr\u00fcstung den engen Raum. Er oder sie muss mit einem Funkger\u00e4t ausgestattet sein, um Informationen zu \u00fcbermitteln. Ein zweiter Retter mit Atemschutzger\u00e4t betritt den Raum und bleibt unten, um zus\u00e4tzliche Ausr\u00fcstung zu holen, die f\u00fcr den Einsatz ben\u00f6tigt wird. Der dritte Retter, der ebenfalls mit einem Atemschutzger\u00e4t ausger\u00fcstet ist, betritt den engen Raum und bleibt an Ort und Stelle, von wo aus er erforderlichenfalls den ersten beiden Rettern schnell zu Hilfe eilen oder den Verungl\u00fcckten mit Seilen evakuieren kann. Der vierte und f\u00fcnfte Retter stehen drau\u00dfen bereit, um bei Bedarf zu helfen. Die anderen Teammitglieder sind f\u00fcr die Bereitstellung zus\u00e4tzlicher Ausr\u00fcstung, z. B. eines Rettungsseils, und f\u00fcr die Unterst\u00fctzung bei der Bergung des Verungl\u00fcckten mit Hilfe einer Winde verantwortlich. Zwei zus\u00e4tzliche Bedingungen sollten beachtet werden.&nbsp;<\/p>\n\n\n\n<figure class=\"wp-block-table\"><table><tbody><tr><td><strong>Zustand<\/strong>&nbsp;<\/td><td><strong>Beschreibung<\/strong>&nbsp;<\/td><\/tr><tr><td>Erste&nbsp;<\/td><td>F\u00fcr eine solche Rettungsaktion werden etwa 10 Personen ben\u00f6tigt, von denen sich drei oder vier w\u00e4hrend des Einsatzes im Haus aufhalten.&nbsp;<\/td><\/tr><tr><td>Zweitens&nbsp;<\/td><td>Da der Sauerstoffmangel pl\u00f6tzlich auftritt, m\u00fcssen die Retter stets ein Atemschutzger\u00e4t tragen.&nbsp;<\/td><\/tr><\/tbody><\/table><\/figure>\n\n\n\n<p>Zur sicheren Durchf\u00fchrung von Routine- und Notfallrettungsarbeiten in engen R\u00e4umen sollte die folgende Ausr\u00fcstung verwendet werden:&nbsp;<\/p>\n\n\n\n<ul class=\"wp-block-list\">\n<li>Pers\u00f6nliche Schutzausr\u00fcstungen f\u00fcr die Atemwege, auch f\u00fcr die Notfallevakuierung - Atemschutzger\u00e4te, tragbare Druckluftversorgungssysteme, Selbstretter mit Druckluft f\u00fcr die Notfallevakuierung;&nbsp;<\/li>\n\n\n\n<li>Sicherheitsausr\u00fcstung und Zubeh\u00f6r f\u00fcr Arbeiten im freien Raum - Seile, Karabinerhaken, Gurte, Helme, Sicherungs- und Sicherungsger\u00e4te, Flaschenz\u00fcge;&nbsp;<\/li>\n\n\n\n<li>Evakuierungsausr\u00fcstung - Winden, Stative, Tragen und Aufh\u00e4ngesysteme;&nbsp;<\/li>\n\n\n\n<li>Luft\u00fcberwachungsger\u00e4te.&nbsp;<\/li>\n<\/ul>\n\n\n\n<p>Sie sind herzlich eingeladen, sich f\u00fcr unsere Schulungskurse anzumelden! F\u00fcr weitere Informationen k\u00f6nnen Sie uns gerne kontaktieren.&nbsp;<\/p>\n\n\n\n<figure class=\"wp-block-image size-large is-resized\"><img loading=\"lazy\" decoding=\"async\" src=\"https:\/\/kursy-udt.pl\/wp-content\/uploads\/2023\/01\/Uprawnienia-do-ewakuacji-ludzi-z-przestrzeni-zamknietej-kursy-udt.pl_.png\" alt=\"ERGON-Ausbildung\" width=\"832\" height=\"520\"\/><\/figure>","protected":false},"excerpt":{"rendered":"<p>Kurs ewakuacji z przestrzeni zamkni\u0119tych&nbsp; Serdecznie zapraszamy na szkolenia z ewakuacji ludzi z przestrzeni zamkni\u0119tych. Kurs jest przeznaczony dla os\u00f3b, kt\u00f3re bior\u0105 odpowiedzialno\u015b\u0107 za zagwarantowanie bezpiecze\u0144stwa podczas pracy w przestrzeniach zamkni\u0119tych, uwzgl\u0119dniaj\u0105c dzia\u0142ania ratownicze, kt\u00f3re obejmuj\u0105 poszukiwanie poszkodowanego, pomoc z u\u017cyciem noszy oraz montowanie system\u00f3w wyci\u0105gowych. W szkoleniu mog\u0105 wzi\u0105\u0107 udzia\u0142 osoby, kt\u00f3re pracuj\u0105 w przestrzeniach zamkni\u0119tych i chc\u0105 podwy\u017cszy\u0107 swoje kwalifikacje.&nbsp;Ewakuacje ludzi z przestrzeni zamkni\u0119tych mog\u0105 przeprowadza\u0107 tylko osoby posiadaj\u0105ce odpowiednie wykszta\u0142cenie, do\u015bwiadczenie i umiej\u0119tno\u015bci, gdy\u017c wi\u0105\u017c\u0105 si\u0119 one z du\u017cym ryzykiem.&nbsp;&nbsp; Wymogi wobec kandydata&nbsp; Aby wzi\u0105\u0107 udzia\u0142 w szkoleniach nale\u017cy spe\u0142nia\u0107 nast\u0119puj\u0105ce wymagania: nie posiada\u0107 \u017cadnych medycznych przeciwskaza\u0144 do pracy w ograniczonej przestrzeni oraz na wysoko\u015bci powy\u017cej 3 metr\u00f3w, a tak\u017ce przej\u015b\u0107 szkolenie CS3. Nale\u017cy pami\u0119ta\u0107, \u017ce szkolenie wymaga dobrej formy fizycznej \u2013 kursanci przechodz\u0105 \u0107wiczenia praktyczne w aparatach oddechowych. Ch\u0119tne osoby, kt\u00f3re maj\u0105 brod\u0119 lub nosz\u0105 okulary prosimy o kontakt przed rozpocz\u0119ciem kursu.\u00a0\u00a0 Program szkolenia&nbsp; Szkolenia obejmuj\u0105 dwie cz\u0119\u015bci \u2013 teoretyczn\u0105, podczas kt\u00f3rej uczestnicy zdobywaj\u0105 wiedz\u0119 z zakresu technik ratowania i ewakuacji z przestrzeni zamkni\u0119tych, a tak\u017ce cz\u0119\u015b\u0107 praktyczn\u0105, na kt\u00f3rej kursanci ucz\u0105 si\u0119 jak prawid\u0142owo wej\u015b\u0107 do przestrzeni zamkni\u0119tej u\u017cywaj\u0105c aparatu oddechowego. Podczas kursu uczestnicy w praktyce zdobywaj\u0105 wiedz\u0119 w jaki spos\u00f3b przeprowadza\u0107 operacje z wci\u0105garkami i innymi systemami ratowniczymi, jakie dzia\u0142ania podejmowa\u0107 w zerowej widoczno\u015bci i jak radzi\u0107 sobie w awaryjnej sytuacji. W trakcie szkole\u0144 uczestnicy zaznajamiaj\u0105 si\u0119 r\u00f3wnie\u017c z r\u00f3\u017cnego rodzaju procedurami poszukiwawczo\u2013ratowniczymi, regulacjami prawnymi, pionow\u0105 i boczn\u0105 technik\u0105 dost\u0119pu do przestrzeni zamkni\u0119tych. Dowiaduj\u0105 si\u0119 w jaki spos\u00f3b montowa\u0107 i u\u017cywa\u0107 ratowniczych system\u00f3w do wci\u0105gania noszy ratowniczych oraz w [&hellip;]<\/p>\n","protected":false},"author":6,"featured_media":4135,"parent":2792,"menu_order":0,"comment_status":"closed","ping_status":"closed","template":"","meta":{"sfsi_plus_gutenberg_text_before_share":"","sfsi_plus_gutenberg_show_text_before_share":"","sfsi_plus_gutenberg_icon_type":"","sfsi_plus_gutenberg_icon_alignemt":"","sfsi_plus_gutenburg_max_per_row":"","footnotes":""},"class_list":["post-4134","page","type-page","status-publish","has-post-thumbnail","hentry","has_thumb"],"aioseo_notices":[],"_links":{"self":[{"href":"https:\/\/kursy-udt.pl\/de\/wp-json\/wp\/v2\/pages\/4134","targetHints":{"allow":["GET"]}}],"collection":[{"href":"https:\/\/kursy-udt.pl\/de\/wp-json\/wp\/v2\/pages"}],"about":[{"href":"https:\/\/kursy-udt.pl\/de\/wp-json\/wp\/v2\/types\/page"}],"author":[{"embeddable":true,"href":"https:\/\/kursy-udt.pl\/de\/wp-json\/wp\/v2\/users\/6"}],"replies":[{"embeddable":true,"href":"https:\/\/kursy-udt.pl\/de\/wp-json\/wp\/v2\/comments?post=4134"}],"version-history":[{"count":4,"href":"https:\/\/kursy-udt.pl\/de\/wp-json\/wp\/v2\/pages\/4134\/revisions"}],"predecessor-version":[{"id":5519,"href":"https:\/\/kursy-udt.pl\/de\/wp-json\/wp\/v2\/pages\/4134\/revisions\/5519"}],"up":[{"embeddable":true,"href":"https:\/\/kursy-udt.pl\/de\/wp-json\/wp\/v2\/pages\/2792"}],"wp:featuredmedia":[{"embeddable":true,"href":"https:\/\/kursy-udt.pl\/de\/wp-json\/wp\/v2\/media\/4135"}],"wp:attachment":[{"href":"https:\/\/kursy-udt.pl\/de\/wp-json\/wp\/v2\/media?parent=4134"}],"curies":[{"name":"wp","href":"https:\/\/api.w.org\/{rel}","templated":true}]}}