{"id":4125,"date":"2022-08-12T13:10:08","date_gmt":"2022-08-12T13:10:08","guid":{"rendered":"https:\/\/kursy-udt.pl\/?page_id=4125"},"modified":"2023-03-20T10:52:26","modified_gmt":"2023-03-20T09:52:26","slug":"erste-hilfe-und-einsatze","status":"publish","type":"page","link":"https:\/\/kursy-udt.pl\/de\/szkolenia\/bhp-bezpieczenstwo-pracy\/pierwsza-pomoc-i-dzialania\/","title":{"rendered":"Erste-Hilfe-Kurs"},"content":{"rendered":"<div class=\"wp-block-image\">\n<figure class=\"alignleft size-large is-resized\"><img loading=\"lazy\" decoding=\"async\" src=\"https:\/\/kursy-udt.pl\/wp-content\/uploads\/2022\/08\/3-2.jpeg\" alt=\"grundlegende Informationen zur Ersten Hilfe\" width=\"400\" height=\"267\"\/><\/figure>\n<\/div>\n\n\n<p>Wir bieten Erste-Hilfe-Kurse an, in denen die Erste Hilfe in Theorie und Praxis vermittelt wird. Die im Kurs erworbenen F\u00e4higkeiten werden Sie in die Lage versetzen, Ihre Verantwortung in Bezug auf die Notwendigkeit der Ersten Hilfe wahrzunehmen.&nbsp;<\/p>\n\n\n\n<p>Erste Hilfe ist die Ma\u00dfnahme, die darauf abzielt, das Leben eines Menschen zu retten, bis der medizinische Notdienst eintrifft. Sie verhindert eine weitere Gef\u00e4hrdung des Opfers und die Entwicklung schwerer Komplikationen. Sie ist wirksam, wenn sie sofort oder so schnell wie m\u00f6glich nach dem Vorfall geleistet wird. Erste Hilfe kann jeder leisten, der sich in der N\u00e4he einer verletzten Person befindet. Diese F\u00e4higkeit ist grundlegend und auch sehr wichtig. In einem Notfall kann sie Leben retten. Kommen Sie zu unseren Erste-Hilfe-Kursen.&nbsp;<\/p>\n\n\n\n<h2 class=\"wp-block-heading\">Ausbildung in Erster Hilfe&nbsp;<\/h2>\n\n\n\n<p>Unsere Kurse sind ideal, wenn Sie Ihre Mitarbeiter schulen wollen. <a href=\"https:\/\/kursy-udt.pl\/de\/o-firmie\/\">ERGON-Zentrum f\u00fcr Personalverbesserung<\/a> bietet eine professionelle Ausbildung in \"Erster Hilfe f\u00fcr Leben und Gesundheit\" an. Wir verf\u00fcgen \u00fcber langj\u00e4hrige Erfahrung und unsere Ausbilder stehen den Teilnehmern w\u00e4hrend des gesamten Kurses zur Verf\u00fcgung. Unsere Mitarbeiter sind entsprechend qualifiziert, um eine gr\u00fcndliche Ausbildung zu gew\u00e4hrleisten. Eine Besonderheit unserer Qualifizierungskurse ist ihre Flexibilit\u00e4t, die es erm\u00f6glicht, sie an den jeweiligen Ausbildungsbedarf anzupassen. Es ist m\u00f6glich, einen passenden Termin zu w\u00e4hlen. Wir verf\u00fcgen \u00fcber voll ausgestattete Schulungsr\u00e4ume, Wiederbelebungspuppen, Schulungsausr\u00fcstung und anderes Zubeh\u00f6r, um eine effektive Schulung zu gew\u00e4hrleisten. Unsere Kurse finden in ganz Polen statt, z. B. in Warschau, Krakau, Pozna\u0144, \u0141\u00f3d\u017a, Gda\u0144sk, Lublin, Bydgoszcz und Szczecin. Die von uns angebotenen Kurse bestehen aus zwei Teilen: einem theoretischen und einem praktischen. <\/p>\n\n\n\n<p><strong>Im theoretischen Teil werden die folgenden Themen behandelt:<\/strong>&nbsp;<\/p>\n\n\n\n<ul class=\"wp-block-list\">\n<li>Rechtliche Aspekte der Ersten Hilfe;&nbsp;<\/li>\n\n\n\n<li>Evakuierung von Verletzten;&nbsp;<\/li>\n\n\n\n<li>Notrufnummern und wie man die Notdienste richtig anruft und benachrichtigt;&nbsp;<\/li>\n\n\n\n<li>Sicherung der Unfallstelle;&nbsp;<\/li>\n\n\n\n<li>die erforderlichen Schritte zur Behandlung verschiedener Arten von Verletzungen wie Blutungen, Frakturen, Verbrennungen, Erfrierungen, Fremdk\u00f6rper in der Wunde, Kopf-, Bauch- oder Thoraxtrauma;&nbsp;<\/li>\n\n\n\n<li>Herz-Lungen-Wiederbelebung, Durchf\u00fchrung von Herzdruckmassage und k\u00fcnstlicher Beatmung bei Erwachsenen und Kindern;&nbsp;<\/li>\n\n\n\n<li>Beurteilung der Vitalfunktionen von Verletzten;&nbsp;<\/li>\n\n\n\n<li>Ma\u00dfnahmen, die in lebens- und gesundheitsbedrohlichen Situationen erforderlich sind, wie z. B.: Epilepsieanfall, Erstickung, Vergiftung, Herzinfarkt, Ohnmacht, Stromschlag oder Blitzschlag.&nbsp;<\/li>\n<\/ul>\n\n\n\n<p><strong>Der praktische Teil umfasst:&nbsp;<\/strong><\/p>\n\n\n<div class=\"wp-block-image\">\n<figure class=\"alignright size-large is-resized\"><img loading=\"lazy\" decoding=\"async\" src=\"https:\/\/kursy-udt.pl\/wp-content\/uploads\/2022\/08\/2-2.jpeg\" alt=\"\u00dcbungsraum\" width=\"400\" height=\"267\"\/><\/figure>\n<\/div>\n\n\n<ul class=\"wp-block-list\">\n<li>Kriterien f\u00fcr die Auswahl und Evakuierung von Verletzten;&nbsp;<\/li>\n\n\n\n<li>\u00dcbungen zur Lagerung eines Unfallopfers in der sicheren Seitenlage;&nbsp;<\/li>\n\n\n\n<li>Grunds\u00e4tze der kardiopulmonalen Wiederbelebung - Herzmassage und k\u00fcnstliche Beatmung;&nbsp;<\/li>\n\n\n\n<li>Regeln f\u00fcr den Umgang mit einem Opfer eines Verkehrsunfalls;&nbsp;<\/li>\n\n\n\n<li>Verhaltenskriterien bei Verdacht auf Wirbels\u00e4ulenverletzung;&nbsp;<\/li>\n\n\n\n<li>Umgang mit lebensbedrohlichen Situationen wie Ertrinken, Stromschlag oder Blitzschlag, Ohnmacht, Epilepsie, Ersticken.&nbsp;<\/li>\n<\/ul>\n\n\n\n<h2 class=\"wp-block-heading\">Welche Formen der Erste-Hilfe-Ausbildung stehen Ihnen zur Verf\u00fcgung?&nbsp;<\/h2>\n\n\n\n<p>Die Ausbildung in Erster Hilfe f\u00fcr Leben und Gesundheit\" ist in zwei Formen erh\u00e4ltlich:&nbsp;<\/p>\n\n\n\n<figure class=\"wp-block-table\"><table><tbody><tr><td>Kursformate&nbsp;<\/td><td>Definition&nbsp;<\/td><\/tr><tr><td>\u00d6ffnen Sie&nbsp;<\/td><td>Sie stehen allen Interessierten zur Verf\u00fcgung, auch denjenigen, die sich selbst\u00e4ndig F\u00e4higkeiten und Kenntnisse in einem bestimmten Bereich aneignen wollen.&nbsp;<\/td><\/tr><tr><td>Geschlossen&nbsp;<\/td><td>Sie sind f\u00fcr Gruppen bestimmt. Es handelt sich um Kurse, die von Arbeitgebern oder Institutionen organisiert wurden.&nbsp;<\/td><\/tr><\/tbody><\/table><\/figure>\n\n\n\n<h2 class=\"wp-block-heading\">Wo k\u00f6nnen Sie uns finden?&nbsp;<\/h2>\n\n\n\n<p>Wir m\u00f6chten Sie zu einem \"Erste-Hilfe-Kurs\" bei ERGON einladen. Es handelt sich um Kurse, die st\u00e4ndig angeboten werden. Wir f\u00fchren Schulungen im ganzen Land durch, u. a. in Warschau, Krakau, Kattowitz, Bydgoszcz, Danzig, Toru\u0144, Lodz, Posen und Lublin. Bei geschlossenen Kursen sind wir in der Lage, zu reisen und sie \u00fcberall in Polen durchzuf\u00fchren. Rufen Sie uns einfach an und fragen Sie nach freien Terminen. Der Preis wird individuell festgelegt und h\u00e4ngt von der Anzahl der Teilnehmer ab. F\u00fcr gr\u00f6\u00dfere Gruppen gibt es die M\u00f6glichkeit von Preisnachl\u00e4ssen. Wir laden Sie ein, sich anzumelden und an unseren Kursen teilzunehmen!<\/p>\n\n\n\n<h2 class=\"wp-block-heading\">Bei der Ersten Hilfe sind die folgenden Ma\u00dfnahmen zu ergreifen:<\/h2>\n\n\n\n<ul class=\"wp-block-list\">\n<li>die Situation zu beurteilen und sichere Bedingungen f\u00fcr die Hilfeleistung zu schaffen;&nbsp;&nbsp;<\/li>\n\n\n\n<li>festzustellen, ob das Opfer bei Bewusstsein ist;&nbsp;&nbsp;<\/li>\n\n\n\n<li>die Durchg\u00e4ngigkeit der Atemwege wiederherstellen und die Vitalparameter bestimmen;&nbsp;&nbsp;<\/li>\n\n\n\n<li>einen Krankenwagen oder andere Spezialdienste rufen;&nbsp;&nbsp;<\/li>\n\n\n\n<li>Wiederbelebung beginnen;&nbsp;&nbsp;<\/li>\n\n\n\n<li>das Unfallopfer sorgf\u00e4ltig zu untersuchen und bei Blutungen, Traumata, Vergiftungen oder anderen lebensbedrohlichen Zust\u00e4nden geeignete Ma\u00dfnahmen zu ergreifen;&nbsp;&nbsp;<\/li>\n\n\n\n<li>Bringen Sie das Opfer in die seitliche Sicherheitsstellung;&nbsp;&nbsp;<\/li>\n\n\n\n<li>den Zustand des Opfers st\u00e4ndig zu \u00fcberwachen und psychologische Unterst\u00fctzung zu leisten.&nbsp;<\/li>\n<\/ul>\n\n\n\n<figure class=\"wp-block-image size-large is-resized\"><img loading=\"lazy\" decoding=\"async\" src=\"https:\/\/kursy-udt.pl\/wp-content\/uploads\/2022\/08\/1-2.jpeg\" alt=\"Menschen mit reflektierenden Westen\" width=\"800\" height=\"534\"\/><\/figure>\n\n\n\n<h2 class=\"wp-block-heading\">Arbeitsplatz und Erste Hilfe&nbsp;<\/h2>\n\n\n\n<p>Die Zulassung einer Person zur Arbeit ist mit einer Reihe von Pflichten verbunden, die der Arbeitgeber erf\u00fcllen muss, um die Sicherheit am Arbeitsplatz in jeder Hinsicht zu gew\u00e4hrleisten. Nach dem Arbeitsgesetzbuch hat jeder Arbeitgeber an einem bestimmten Arbeitsplatz die Aufgabe, einen Erste-Hilfe-Kasten bereitzustellen und aus den Reihen der Besch\u00e4ftigten eine Person zu benennen, die f\u00fcr die Erste Hilfe zust\u00e4ndig ist. Gem\u00e4\u00df den Vorschriften ist der Arbeitgeber verpflichtet, alle Erste-Hilfe-, Brandbek\u00e4mpfungs- und Evakuierungsma\u00dfnahmen zu ergreifen und den Kontakt mit Brandschutz- und medizinischen Notfalldiensten sowie mit externen Diensten, die speziell auf Erste Hilfe spezialisiert sind, zu gew\u00e4hrleisten. <\/p>\n\n\n\n<p>Es ist wichtig, dass es an jedem Arbeitsplatz eine Person gibt, die entsprechend qualifiziert ist, um Erste Hilfe zu leisten. Sie m\u00fcssen \u00fcber die richtigen F\u00e4higkeiten verf\u00fcgen, um auf verschiedene lebensbedrohliche und gesundheitliche Notf\u00e4lle wie Blutungen, Knochenbr\u00fcche, Ohnmachtsanf\u00e4lle, Verbrennungen, Erfrierungen oder jede andere Art von Verletzungen, die am Arbeitsplatz auftreten k\u00f6nnen, angemessen reagieren zu k\u00f6nnen. Auch die Kenntnis der Herz-Lungen-Wiederbelebung, der k\u00fcnstlichen Beatmung oder der sicheren Seitenlage ist bei der Rettung von Leben von entscheidender Bedeutung. Die erforderlichen Kenntnisse und F\u00e4higkeiten k\u00f6nnen in Erste-Hilfe-Kursen unseres Unternehmens erworben werden.&nbsp;&nbsp;<\/p>\n\n\n\n<p>Wir freuen uns auch \u00fcber Schulungen in den Bereichen Gesundheit und Sicherheit am Arbeitsplatz (Erst- und Wiederholungsschulungen) und Brandschutz. Bitte z\u00f6gern Sie nicht, uns zu kontaktieren, wenn Sie Fragen haben.&nbsp;<\/p>\n\n\n\n<figure class=\"wp-block-image size-large is-resized\"><img loading=\"lazy\" decoding=\"async\" src=\"https:\/\/kursy-udt.pl\/wp-content\/uploads\/2023\/01\/95-Pierwsza-pomoc-kursy-udt.pl_.png\" alt=\"Erste-Hilfe-Ausbildung\" width=\"838\" height=\"524\"\/><\/figure>","protected":false},"excerpt":{"rendered":"<p>Oferujemy kursy pierwszej pomocy, kt\u00f3re zar\u00f3wno w teorii jak i w praktyce poka\u017c\u0105, jak wygl\u0105da pierwsza pomoc. Zdobyte w trakcie zaj\u0119\u0107 umiej\u0119tno\u015bci, pozwol\u0105 wywi\u0105za\u0107 si\u0119 z obowi\u0105zk\u00f3w w zakresie konieczno\u015bci udzielenia pierwszej pomocy.&nbsp; Pierwsza pomoc to dzia\u0142ania, kt\u00f3re maj\u0105 na celu ratowanie ludzkiego \u017cycia do czasu przyjazdu ratownictwa medycznego. Zapobiega ona dalszemu nara\u017ceniu poszkodowanego na niebezpiecze\u0144stwo oraz rozwojowi powa\u017cnych powik\u0142a\u0144. Jest ona skuteczna, gdy zostanie udzielona natychmiast lub mo\u017cliwie jak najszybciej od momentu zdarzenia. Pierwszej pomocy osobie poszkodowanej mo\u017ce udzieli\u0107 ka\u017cdy, kto w danym momencie b\u0119dzie si\u0119 znajdowa\u0142 w pobli\u017cu. Umiej\u0119tno\u015b\u0107 ta jest podstawowa, a tak\u017ce bardzo wa\u017cna. W nag\u0142ych wypadkach mo\u017ce uratowa\u0107 \u017cycie. Zapraszamy na nasze kursy z udzielania pierwszej pomocy.&nbsp; Szkolenia z pierwszej pomocy&nbsp; Nasze kursy \u015bwietnie si\u0119 sprawdz\u0105 w sytuacji, gdy chcesz przeszkoli\u0107 swoich pracownik\u00f3w. O\u015brodek Doskonalenia Kadr ERGON oferuje profesjonalne szkolenia \u201ePierwsza pomoc w stanach zagro\u017cenia \u017cycia i zdrowia\u201d. Posiadamy wieloletni sta\u017c, a nasi instruktorzy s\u0105 do dyspozycji kursant\u00f3w w trakcie trwania kursu. Nasza kadra jest odpowiednio wykwalifikowana, aby przeprowadzi\u0107 dok\u0142adne szkolenie. Cech\u0105 naszych kurs\u00f3w kwalifikacyjnych jest ich elastyczno\u015b\u0107, kt\u00f3ra stwarza mo\u017cliwo\u015b\u0107 dostosowania ich do specyficznych potrzeb szkoleniowych. Istnieje mo\u017cliwo\u015b\u0107 wyboru dogodnego terminu. Do dyspozycji s\u0142uchaczy posiadamy w pe\u0142ni wyposa\u017cone sale \u0107wiczeniowe, manekiny do resuscytacji, sprz\u0119t szkoleniowy i inne akcesoria, dzi\u0119ki kt\u00f3rym zapewniamy skuteczne szkolenie. Nasze kursy odbywaj\u0105 si\u0119 na terenie ca\u0142ej Polski m.in. w Warszawie, Krakowie, Poznaniu, \u0141odzi, Gda\u0144sku, Lublinie, Bydgoszczy, Szczecinie. Oferowane przez nas kursy sk\u0142adaj\u0105 si\u0119 z dw\u00f3ch cz\u0119\u015bci: teoretycznej i praktycznej. Podczas cz\u0119\u015bci teoretycznej omawiane s\u0105 nast\u0119puj\u0105ce tematy:&nbsp; Cz\u0119\u015b\u0107 praktyczna obejmuje:&nbsp; Formy szkolenia pierwszej pomocy dost\u0119pne dla [&hellip;]<\/p>\n","protected":false},"author":6,"featured_media":4128,"parent":2792,"menu_order":0,"comment_status":"closed","ping_status":"closed","template":"","meta":{"sfsi_plus_gutenberg_text_before_share":"","sfsi_plus_gutenberg_show_text_before_share":"","sfsi_plus_gutenberg_icon_type":"","sfsi_plus_gutenberg_icon_alignemt":"","sfsi_plus_gutenburg_max_per_row":"","footnotes":""},"class_list":["post-4125","page","type-page","status-publish","has-post-thumbnail","hentry","has_thumb"],"aioseo_notices":[],"_links":{"self":[{"href":"https:\/\/kursy-udt.pl\/de\/wp-json\/wp\/v2\/pages\/4125","targetHints":{"allow":["GET"]}}],"collection":[{"href":"https:\/\/kursy-udt.pl\/de\/wp-json\/wp\/v2\/pages"}],"about":[{"href":"https:\/\/kursy-udt.pl\/de\/wp-json\/wp\/v2\/types\/page"}],"author":[{"embeddable":true,"href":"https:\/\/kursy-udt.pl\/de\/wp-json\/wp\/v2\/users\/6"}],"replies":[{"embeddable":true,"href":"https:\/\/kursy-udt.pl\/de\/wp-json\/wp\/v2\/comments?post=4125"}],"version-history":[{"count":4,"href":"https:\/\/kursy-udt.pl\/de\/wp-json\/wp\/v2\/pages\/4125\/revisions"}],"predecessor-version":[{"id":5515,"href":"https:\/\/kursy-udt.pl\/de\/wp-json\/wp\/v2\/pages\/4125\/revisions\/5515"}],"up":[{"embeddable":true,"href":"https:\/\/kursy-udt.pl\/de\/wp-json\/wp\/v2\/pages\/2792"}],"wp:featuredmedia":[{"embeddable":true,"href":"https:\/\/kursy-udt.pl\/de\/wp-json\/wp\/v2\/media\/4128"}],"wp:attachment":[{"href":"https:\/\/kursy-udt.pl\/de\/wp-json\/wp\/v2\/media?parent=4125"}],"curies":[{"name":"wp","href":"https:\/\/api.w.org\/{rel}","templated":true}]}}