{"id":4119,"date":"2022-08-12T12:31:58","date_gmt":"2022-08-12T12:31:58","guid":{"rendered":"https:\/\/kursy-udt.pl\/?page_id=4119"},"modified":"2023-03-20T15:36:11","modified_gmt":"2023-03-20T14:36:11","slug":"tdt","status":"publish","type":"page","link":"https:\/\/kursy-udt.pl\/de\/szkolenia\/udt-wdt-tdt\/tdt\/","title":{"rendered":"TDT-Zertifizierungskurs"},"content":{"rendered":"<div class=\"wp-block-image\">\n<figure class=\"alignright size-large is-resized\"><img loading=\"lazy\" decoding=\"async\" src=\"https:\/\/kursy-udt.pl\/wp-content\/uploads\/2022\/08\/12-1.jpeg\" alt=\"TDT-pflichtige Ger\u00e4te\" width=\"234\" height=\"306\"\/><\/figure>\n<\/div>\n\n\n<p>&nbsp;<br>Wir bieten landesweit berufliche Weiterbildungskurse f\u00fcr Arbeitnehmer an. Unser Unternehmen bietet professionelle Kurse an, mit denen Sie Folgendes erreichen k\u00f6nnen <a href=\"https:\/\/kursy-udt.pl\/de\/uprawnienia-udt\/kategorie-uprawnien-2\/\">Anrechte<\/a> Verkehrstechnische \u00dcberwachung und in einem n\u00e4chsten Schritt die T\u00e4tigkeit als Bediener von Ger\u00e4ten, die diese Qualifikationen erfordern.&nbsp;<\/p>\n\n\n\n<h2 class=\"wp-block-heading\">Was ist TDT?&nbsp;<\/h2>\n\n\n\n<p>Transportowy Doz\u00f3r Techniczny (abgek\u00fcrzt TDT) ist eine technische Aufsichtsbeh\u00f6rde, die durch das Gesetz vom 21. Dezember 2000 \u00fcber die technische Aufsicht gegr\u00fcndet wurde. Sie ist ein Zusammenschluss der Technischen Aufsicht f\u00fcr die Schifffahrt und der Technischen Aufsicht f\u00fcr die Eisenbahn. Zu den Hauptaufgaben des TDT geh\u00f6ren unter anderem: die Ausstellung einer Bescheinigung \u00fcber die Zulassung eines Fahrzeugs zur Bef\u00f6rderung gef\u00e4hrlicher G\u00fcter; die \u00dcberpr\u00fcfung, ob die Ausr\u00fcstung und die Bedingungen der Fahrzeugkontrollstationen den Anforderungen der Vorschriften entsprechen; die Durchf\u00fchrung von T\u00e4tigkeiten im Zusammenhang mit der Zulassung von Fahrzeugen. Die technische \u00dcberwachung des Verkehrs f\u00fchrt auch Pr\u00fcfungen durch, die die oben genannten Aufgaben zulassen. <\/p>\n\n\n\n<p>Die TDT nimmt Aufgaben in den folgenden Phasen wahr: Entwurf, Herstellung, Reparatur, Modernisierung, Vermarktung und Betrieb. Die Technische Transportinspektion umfasst Ausr\u00fcstungen wie: <a href=\"https:\/\/kursy-udt.pl\/de\/szkolenia\/udt-wdt-tdt\/urzadzenia-cisnieniowe\/\">Druckger\u00e4te<\/a>Spezialger\u00e4te f\u00fcr die kontinuierliche Bef\u00f6rderung und den Materialtransport, f\u00fcr die Bef\u00f6rderung gef\u00e4hrlicher G\u00fcter, Lagertanks, Seilf\u00f6rderanlagen, NO-Ausr\u00fcstung, Rohrleitungen, Ausr\u00fcstung f\u00fcr die R\u00fcckgewinnung von Treibstoffd\u00e4mpfen und Materialtransport. Zu den TDT-pflichtigen Materialtransportger\u00e4ten geh\u00f6ren: Br\u00fcckenkr\u00e4ne, Plattformen, <a href=\"https:\/\/kursy-udt.pl\/de\/szkolenia\/wozkiwidlowe\/\">Gabelstapler<\/a>Kr\u00e4ne f\u00fcr Schienenfahrzeuge.\u00a0<\/p>\n\n\n\n<h2 class=\"wp-block-heading\">TDT-Ausbildung - Angebot&nbsp;&nbsp;<\/h2>\n\n\n\n<p>Nur gut ausgebildete und professionelle Mitarbeiter sind eine Garantie f\u00fcr einen gut funktionierenden Arbeitsplatz. Es sind die Menschen, die in einem Unternehmen arbeiten, die sein Image und seinen Ruf pr\u00e4gen, was sich auf die Steigerung der Gewinne auswirkt. Um dies zu erreichen, lohnt es sich, in die Qualifikation der Mitarbeiter zu investieren und diese systematisch zu verbessern. Auch alle Arten von Ger\u00e4ten, die der technischen \u00dcberwachung unterliegen, erfordern eine entsprechende Qualifikation der Personen, die sie bedienen. Nur eine qualifizierte Person ist berechtigt, technische Ger\u00e4te zu reparieren, herzustellen und zu bedienen. Aus diesem Grund haben wir Kurse entwickelt, die sich ideal f\u00fcr Personen eignen, die die f\u00fcr eine bestimmte T\u00e4tigkeit erforderlichen Qualifikationen erwerben m\u00f6chten.&nbsp;<\/p>\n\n\n\n<figure class=\"wp-block-image size-large is-resized\"><img loading=\"lazy\" decoding=\"async\" src=\"https:\/\/kursy-udt.pl\/wp-content\/uploads\/2022\/08\/13-1.jpeg\" alt=\"TDT-Autorisierungsschulung\" width=\"803\" height=\"482\"\/><\/figure>\n\n\n\n<h2 class=\"wp-block-heading\">Anforderungen an die Bewerber&nbsp;<\/h2>\n\n\n\n<p>Um f\u00fcr den TDT-Kurs in Frage zu kommen, m\u00fcssen Sie zun\u00e4chst einmal \u00fcber 18 Jahre alt sein, mindestens eine Grundschulausbildung haben und die Bewerbungsunterlagen korrekt ausgef\u00fcllt haben. Sie sollten auch keine gesundheitlichen Gegenanzeigen f\u00fcr den Beruf haben.&nbsp;<\/p>\n\n\n\n<h2 class=\"wp-block-heading\">Warum sollten Sie uns w\u00e4hlen?&nbsp;<\/h2>\n\n\n\n<p>Unsere Ausbildungskurse zeichnen sich dadurch aus, dass wir hochqualifizierte Ausbilder besch\u00e4ftigen, die auf der Grundlage von Programmen unterrichten, die in Zusammenarbeit mit den Zulassungsbeh\u00f6rden entwickelt wurden. Jeder Teilnehmer erh\u00e4lt Zugang zu Schulungsunterlagen und professionelle Unterst\u00fctzung. Wir bieten eine umfassende Ausbildung durch theoretischen Unterricht, der Wissen vermittelt, und praktischen Unterricht, der es den Teilnehmern erm\u00f6glicht, die Informationen zu verinnerlichen. <\/p>\n\n\n\n<h2 class=\"wp-block-heading\">In den Vorlesungen werden unter anderem folgende Themen behandelt:\u00a0\u00a0<\/h2>\n\n\n\n<ul class=\"wp-block-list\">\n<li>Sichere Instandhaltung und Betrieb von Anlagen: Druck, Transport und Lagerung gef\u00e4hrlicher G\u00fcter, kontinuierlicher Transport, Druckbeaufschlagung von Fl\u00fcssigbeton;&nbsp;&nbsp;<\/li>\n\n\n\n<li>Betrieb einer Fahrzeugpr\u00fcfstelle;&nbsp;&nbsp;<\/li>\n\n\n\n<li>Einrichtungen zu bef\u00e4higen;&nbsp;&nbsp;<\/li>\n\n\n\n<li>technische Pr\u00fcfung von Fahrzeugen;&nbsp;&nbsp;<\/li>\n\n\n\n<li>Beschreibungen und Kennzeichnungen auf Transporttanks und Zertifizierung.&nbsp;&nbsp;<\/li>\n<\/ul>\n\n\n\n<p>In den Kursen geht es auch um den Betrieb von Erdgas-Tankstellen und das Bef\u00fcllen von ortsbeweglichen Druckbeh\u00e4ltern mit komprimiertem und verfl\u00fcssigtem Gas. Der Preis f\u00fcr die Kurse wird individuell nach der Anzahl der Teilnehmer festgelegt, wobei f\u00fcr gr\u00f6\u00dfere Gruppen attraktive Rabatte gew\u00e4hrt werden. Wir sind auch bereit, zu verhandeln. F\u00fcr weitere Informationen oder Fragen, <a href=\"https:\/\/kursy-udt.pl\/de\/kontakt\/\">Bitte kontaktieren Sie uns<\/a>.&nbsp;<\/p>\n\n\n\n<figure class=\"wp-block-image size-large is-resized\"><img loading=\"lazy\" decoding=\"async\" src=\"https:\/\/kursy-udt.pl\/wp-content\/uploads\/2022\/08\/14.jpeg\" alt=\"Teilnehmer an der Schulung\" width=\"800\" height=\"534\"\/><\/figure>\n\n\n\n<h2 class=\"wp-block-heading\">Form der Klassen&nbsp;<\/h2>\n\n\n\n<figure class=\"wp-block-table\"><table><tbody><tr><td><strong>Formular<\/strong>&nbsp;<\/td><td><strong>F\u00fcr wen?<\/strong>&nbsp;<\/td><\/tr><tr><td>\u00d6ffnen Sie&nbsp;<\/td><td>Sie richten sich an alle interessierten Personen und werden nach dem auf unserer Website ver\u00f6ffentlichten Zeitplan durchgef\u00fchrt.&nbsp;<\/td><\/tr><tr><td>Geschlossen&nbsp;<\/td><td>Sie richten sich an Gruppen, die von Arbeitgebern oder Institutionen gebildet werden, und sind sowohl in unseren Filialen als auch in ganz Polen verf\u00fcgbar - wir k\u00f6nnen problemlos reisen.&nbsp;<\/td><\/tr><\/tbody><\/table><\/figure>\n\n\n\n<h2 class=\"wp-block-heading\">TDT-Zertifizierung&nbsp;<\/h2>\n\n\n\n<p>TDT-Genehmigungen werden an in- und ausl\u00e4ndische Unternehmen vergeben. Nur Unternehmen, die \u00fcber eine solche Genehmigung verf\u00fcgen, d\u00fcrfen technische Ger\u00e4te und die daf\u00fcr verwendeten Materialien und Komponenten herstellen, reparieren und modernisieren. Sie werden in Form einer Verwaltungsentscheidung erteilt, wenn der Antragsteller die in Artikel 9 Absatz 2 des Gesetzes \u00fcber die technische \u00dcberwachung genannten Voraussetzungen erf\u00fcllt, wie z. B.:&nbsp;<\/p>\n\n\n\n<ul class=\"wp-block-list\">\n<li>eine geeignete Produktions-, Reparatur- oder Modernisierungstechnologie eingef\u00fchrt hat;&nbsp;<\/li>\n\n\n\n<li>verf\u00fcgt \u00fcber Ausr\u00fcstung f\u00fcr Produktion, Reparatur und Modernisierung;&nbsp;<\/li>\n\n\n\n<li>stellt Personal ein, das \u00fcber die in den einzelnen Verordnungen festgelegten Qualifikationen verf\u00fcgt;&nbsp;<\/li>\n\n\n\n<li>die Qualit\u00e4tskontrolle organisiert wird;&nbsp;<\/li>\n\n\n\n<li>in der Lage ist, zerst\u00f6rende und zerst\u00f6rungsfreie Pr\u00fcfungen an hergestellten, umger\u00fcsteten oder reparierten technischen Ger\u00e4ten in seinem Labor oder in einem von der zust\u00e4ndigen technischen Pr\u00fcfstelle zugelassenen Labor durchzuf\u00fchren.&nbsp;<\/li>\n<\/ul>\n\n\n\n<p>Sie sind herzlich eingeladen, mit uns Kontakt aufzunehmen und sich f\u00fcr eine Schulung anzumelden!&nbsp;<\/p>\n\n\n\n<figure class=\"wp-block-image size-large is-resized\"><img loading=\"lazy\" decoding=\"async\" src=\"https:\/\/kursy-udt.pl\/wp-content\/uploads\/2023\/01\/80-TDT-kursy-udt.pl_.png\" alt=\"ERGON-Ausbildung\" width=\"793\" height=\"496\"\/><\/figure>","protected":false},"excerpt":{"rendered":"<p>&nbsp;Prowadzimy profesjonalne szkolenia dla pracownik\u00f3w na terenie ca\u0142ej Polski. Nasza firma oferuje profesjonalne kursy, kt\u00f3re pozwol\u0105 uzyska\u0107 uprawnienia Transportowego Dozoru Technicznego, a w kolejnym kroku rozpocz\u0105\u0107 prace jako operator urz\u0105dze\u0144 wymagaj\u0105cych tych uprawnie\u0144.&nbsp; Co to jest TDT?&nbsp; Transportowy Doz\u00f3r Techniczny (w skr\u00f3cie TDT) jest to jednostka dozoru technicznego, kt\u00f3ra zosta\u0142a utworzona na mocy ustawy z dnia 21 grudnia 2000 r. o dozorze technicznym. Jest to po\u0142\u0105czenie Dozoru Technicznego \u017beglugi Morskiej i Kolejowego Dozoru Technicznego. Do g\u0142\u00f3wnych zada\u0144 TDT nale\u017cy mi\u0119dzy innymi: wydawanie \u015bwiadectwa o dopuszczeniu pojazdu do przewozu towar\u00f3w niebezpiecznych; sprawdzanie czy wyposa\u017cenie i warunki stacji kontroli pojazd\u00f3w s\u0105 zgodne z wymaganiami przepis\u00f3w wykonawczych; prowadzenie dzia\u0142a\u0144 zwi\u0105zanych z homologacj\u0105 pojazd\u00f3w. Transportowy Doz\u00f3r Techniczny przeprowadza r\u00f3wnie\u017c egzaminy uprawniaj\u0105ce do wykonywania wy\u017cej wymienionych zada\u0144. TDT realizuje zadania na etapach: projektowania, wytwarzania, naprawy, modernizacji, obrotu i eksploatacji. Transportowy Doz\u00f3r Techniczny obejmuje urz\u0105dzenia takie jak: urz\u0105dzenia ci\u015bnieniowe, specjalistyczne urz\u0105dzenia transportu ci\u0105g\u0142ego i bliskiego, do transportu towar\u00f3w niebezpiecznych, zbiorniki magazynowe, urz\u0105dzenia transportu linowego, urz\u0105dzenia NO, ruroci\u0105gi, do odzyskiwania par paliwa oraz transportu bliskiego. Do urz\u0105dze\u0144 transportu bliskiego podlegaj\u0105cych pod TDT nale\u017c\u0105: suwnice, podesty, w\u00f3zki jezdniowe podno\u015bnikowe, d\u017awignice pojazd\u00f3w kolejowych.\u00a0 Szkolenia TDT \u2013 oferta&nbsp;&nbsp; Tylko dobrze wykwalifikowani i profesjonalni pracownicy s\u0105 gwarancj\u0105 dobrze funkcjonuj\u0105cego zak\u0142adu pracy. To w\u0142a\u015bnie osoby pracuj\u0105ce w firmie tworz\u0105 jej wizerunek i rang\u0119, co ma wp\u0142yw na zwi\u0119kszenie zysk\u00f3w. Aby to osi\u0105gn\u0105\u0107, warto zainwestowa\u0107 i systematycznie podnosi\u0107 kwalifikacje swoich pracownik\u00f3w. R\u00f3wnie\u017c wszelkiego rodzaju urz\u0105dzenia, kt\u00f3re obj\u0119te s\u0105 dozorem technicznym wymagaj\u0105 od os\u00f3b ich u\u017cywaj\u0105cych odpowiednich kwalifikacji. Tylko osoba posiadaj\u0105ca uprawnienia ma prawo naprawia\u0107, wytwarza\u0107 i eksploatowa\u0107 urz\u0105dzenia [&hellip;]<\/p>\n","protected":false},"author":6,"featured_media":4120,"parent":2721,"menu_order":0,"comment_status":"closed","ping_status":"closed","template":"","meta":{"sfsi_plus_gutenberg_text_before_share":"","sfsi_plus_gutenberg_show_text_before_share":"","sfsi_plus_gutenberg_icon_type":"","sfsi_plus_gutenberg_icon_alignemt":"","sfsi_plus_gutenburg_max_per_row":"","footnotes":""},"class_list":["post-4119","page","type-page","status-publish","has-post-thumbnail","hentry","has_thumb"],"aioseo_notices":[],"_links":{"self":[{"href":"https:\/\/kursy-udt.pl\/de\/wp-json\/wp\/v2\/pages\/4119","targetHints":{"allow":["GET"]}}],"collection":[{"href":"https:\/\/kursy-udt.pl\/de\/wp-json\/wp\/v2\/pages"}],"about":[{"href":"https:\/\/kursy-udt.pl\/de\/wp-json\/wp\/v2\/types\/page"}],"author":[{"embeddable":true,"href":"https:\/\/kursy-udt.pl\/de\/wp-json\/wp\/v2\/users\/6"}],"replies":[{"embeddable":true,"href":"https:\/\/kursy-udt.pl\/de\/wp-json\/wp\/v2\/comments?post=4119"}],"version-history":[{"count":5,"href":"https:\/\/kursy-udt.pl\/de\/wp-json\/wp\/v2\/pages\/4119\/revisions"}],"predecessor-version":[{"id":5551,"href":"https:\/\/kursy-udt.pl\/de\/wp-json\/wp\/v2\/pages\/4119\/revisions\/5551"}],"up":[{"embeddable":true,"href":"https:\/\/kursy-udt.pl\/de\/wp-json\/wp\/v2\/pages\/2721"}],"wp:featuredmedia":[{"embeddable":true,"href":"https:\/\/kursy-udt.pl\/de\/wp-json\/wp\/v2\/media\/4120"}],"wp:attachment":[{"href":"https:\/\/kursy-udt.pl\/de\/wp-json\/wp\/v2\/media?parent=4119"}],"curies":[{"name":"wp","href":"https:\/\/api.w.org\/{rel}","templated":true}]}}