{"id":4111,"date":"2022-08-11T12:09:12","date_gmt":"2022-08-11T12:09:12","guid":{"rendered":"https:\/\/kursy-udt.pl\/?page_id=4111"},"modified":"2023-03-21T11:51:06","modified_gmt":"2023-03-21T10:51:06","slug":"ladehilfsmittel","status":"publish","type":"page","link":"https:\/\/kursy-udt.pl\/de\/szkolenia\/udt-wdt-tdt\/urzadzenia-zaladowcze\/","title":{"rendered":"Schulung in der Bedienung von Be- und Entlade- sowie F\u00fctterungsanlagen"},"content":{"rendered":"<p>Wir organisieren einen Schulungskurs, der darauf abzielt, die f\u00fcr die Durchf\u00fchrung von Be- und Entladevorg\u00e4ngen erforderlichen Kenntnisse zu erwerben. Nach erfolgreichem Abschluss der Schulung und einer bestandenen Pr\u00fcfung erhalten die Teilnehmer ein Standardzertifikat, das sie zur Bedienung des Ger\u00e4ts berechtigt. Die Kurse richten sich an Personen, die neu im Umgang mit Be- und Entladeger\u00e4ten sind, aber auch an diejenigen, die ihre Qualifikationen verbessern m\u00f6chten.\u00a0\u00a0<\/p>\n\n\n\n<figure class=\"wp-block-image size-large is-resized\"><img loading=\"lazy\" decoding=\"async\" src=\"https:\/\/kursy-udt.pl\/wp-content\/uploads\/2022\/08\/2-1.jpeg\" alt=\"Wartung der Maschine\" width=\"717\" height=\"479\"\/><\/figure>\n\n\n\n<h2 class=\"wp-block-heading\">UDT-Genehmigungen&nbsp;<\/h2>\n\n\n\n<p>Alle Lade-, Entlade- oder Zuf\u00fchrungseinrichtungen unterliegen der technischen \u00dcberwachung. Sie d\u00fcrfen nur von hochqualifizierten und erfahrenen Personen bedient, gewartet und repariert werden, die <a href=\"https:\/\/kursy-udt.pl\/de\/uprawnienia-udt\/kategorie-uprawnien-2\/\">Anrechte<\/a> die vom Technischen \u00dcberwachungsverein erteilt werden. Diese Genehmigungen k\u00f6nnen durch eine Schulung in der Bedienung dieser Ger\u00e4te und eine anschlie\u00dfende Pr\u00fcfung vor einer Kommission des Technischen \u00dcberwachungsamtes erworben werden. Wir haben daher ideale Kurse f\u00fcr die Bedienung von Be-, Entlade- oder Umschlagger\u00e4ten entwickelt. Bei unseren Schulungen garantieren wir eine professionelle Ausbildung und eine gute Chance, die Pr\u00fcfung auf Anhieb zu bestehen.&nbsp;&nbsp;<\/p>\n\n\n\n<h2 class=\"wp-block-heading\">Ausbildungsprogramm&nbsp;<\/h2>\n\n\n\n<p>Die Be- und Entladeschulung umfasst einen Vortragskurs. Wir arbeiten eng mit dem Technischen \u00dcberwachungsverein zusammen, so dass die Pr\u00fcfungstermine leicht auf die Bed\u00fcrfnisse unserer Kunden abgestimmt werden k\u00f6nnen. W\u00e4hrend des Kurses erhalten die Teilnehmer alle erforderlichen Unterrichtsmaterialien. Unsere Dozenten verf\u00fcgen \u00fcber langj\u00e4hrige Erfahrung und viele von ihnen sind Experten auf ihrem Gebiet. Jeder Teilnehmer kann sich auf eine individuelle Betreuung verlassen.&nbsp;&nbsp;<\/p>\n\n\n\n<p>Das Schulungsprogramm umfasst die folgenden Themen:&nbsp;&nbsp;<\/p>\n\n\n<div class=\"wp-block-image\">\n<figure class=\"alignright size-large is-resized\"><img loading=\"lazy\" decoding=\"async\" src=\"https:\/\/kursy-udt.pl\/wp-content\/uploads\/2022\/08\/3-1.jpeg\" alt=\"Entladevorrichtungen\" width=\"330\" height=\"220\"\/><\/figure>\n<\/div>\n\n\n<ul class=\"wp-block-list\">\n<li>Arbeitsschutz- und Sicherheitsvorschriften,&nbsp;&nbsp;<\/li>\n\n\n\n<li>Erforschung von Hebe- und Transportmechanismen,&nbsp;&nbsp;<\/li>\n\n\n\n<li>Konstruktion und Betrieb des Ger\u00e4ts,&nbsp;<\/li>\n\n\n\n<li>Regeln f\u00fcr den Brandschutz,&nbsp;&nbsp;<\/li>\n\n\n\n<li>die Einhaltung der hygienischen Bedingungen und Arbeitsmethoden,&nbsp;<\/li>\n\n\n\n<li>Verantwortlichkeiten des Betreibers,&nbsp;<\/li>\n\n\n\n<li>Gesundheit, Sicherheit und Schutz.&nbsp;<\/li>\n<\/ul>\n\n\n\n<p>Der Kurs vermittelt detaillierte Informationen, einschlie\u00dflich der Grunds\u00e4tze des Schutzes und der Sicherheit bei der Bedienung der Ger\u00e4te. Die Kursteilnehmer werden mit allen Merkmalen der bei dieser Art von Arbeit verwendeten Ger\u00e4te vertraut sein, wissen, wie das Fahrzeug und die Mechanismen am Arbeitsplatz richtig positioniert werden und wie alle Abl\u00e4ufe richtig organisiert werden.&nbsp;<\/p>\n\n\n\n<h2 class=\"wp-block-heading\">Wartung von Be- und Entlade- sowie F\u00fctterungseinrichtungen&nbsp;<\/h2>\n\n\n\n<p>Einen wichtigen Platz unter den Wartungsaktivit\u00e4ten f\u00fcr Be- und Entlademaschinen nimmt ein System der vorbeugenden Wartung und Instandhaltung ein. Die Lagereinrichtungen, einschlie\u00dflich der Be- und Entladeeinrichtungen, m\u00fcssen regelm\u00e4\u00dfig auf Funktionsst\u00f6rungen \u00fcberpr\u00fcft werden. Der ordnungsgem\u00e4\u00dfe Betrieb von Maschinen und Be- und Entladeeinrichtungen gew\u00e4hrleistet eine hohe Produktivit\u00e4t und Zuverl\u00e4ssigkeit. Kleinere Sch\u00e4den und Leistungseinbu\u00dfen k\u00f6nnen ohne gr\u00f6\u00dfere Kosten behoben werden, wenn sie rechtzeitig erkannt werden. <\/p>\n\n\n\n<p>Je nach Art der Dienstleistung werden Inspektionen und Fehlersuche sowohl von speziell geschulten Mitarbeitern als auch von Mitarbeitern des Servicezentrums durchgef\u00fchrt. Die Person, die direkt f\u00fcr den technischen Zustand und den korrekten Betrieb verantwortlich ist, ist die Person, die die ihr anvertraute Maschine bedient. Nach den geltenden Normen ist ein vorbeugendes Instandhaltungssystem eine Gesamtheit von miteinander verbundenen Instrumenten und Unterlagen, die zur Erhaltung und Wiederherstellung der Qualit\u00e4t von Maschinen unter bestimmten Betriebsbedingungen erforderlich sind. Es ist auch ein B\u00fcndel von organisatorischen und technischen Ma\u00dfnahmen, die sicherstellen, dass die Maschine in gutem Betriebszustand gehalten wird, dass die Betriebskosten gesenkt werden und dass die niedrigsten Kosten f\u00fcr das Lasthandling erreicht werden.\u00a0\u00a0<\/p>\n\n\n\n<p>Instandhaltung ist die Gesamtheit der Aktivit\u00e4ten, die die g\u00fcnstigsten <a href=\"https:\/\/kursy-udt.pl\/de\/szkolenia\/udt-wdt-tdt\/wyciagi-towarowe-kurs\/\">Betriebsbedingungen<\/a> Teile und Baugruppen der Maschine, um Fehlern rechtzeitig vorzubeugen und die festgestellten M\u00e4ngel zu beseitigen. Eine Reparatur ist eine Reihe von technischen Vorg\u00e4ngen, die darauf abzielen, Fehler zu beseitigen, die w\u00e4hrend der Nutzung einer Maschine aufgetreten sind.&nbsp;&nbsp;<\/p>\n\n\n\n<p>Die Wartung von Lagereinrichtungen umfasst eine Reihe von Arbeiten, die \u00fcber einen bestimmten Zeitraum hinweg durchgef\u00fchrt werden. Alle Arbeiten werden vom Hersteller geregelt und sind in den technischen Unterlagen zu den Ger\u00e4ten aufgef\u00fchrt.&nbsp;&nbsp;&nbsp;<\/p>\n\n\n\n<h2 class=\"wp-block-heading\">Inspektion der Ausr\u00fcstung&nbsp;<\/h2>\n\n\n\n<p>Die Wartung in der Schicht wird t\u00e4glich w\u00e4hrend des Betriebs des Ladeger\u00e4ts gem\u00e4\u00df den Empfehlungen des Herstellers durchgef\u00fchrt. Der Bediener \u00fcberpr\u00fcft den \u00e4u\u00dferen und inneren Zustand jeder Einheit des Ger\u00e4ts, den Benzinstand, das \u00d6l, die K\u00fchlfl\u00fcssigkeit, das Fahrgestell und die Antriebe. Die saisonale Wartung des Ger\u00e4ts erfolgt zweimal im Jahr, in der Regel im Herbst und im Fr\u00fchjahr. Die planm\u00e4\u00dfige Wartung sollte gem\u00e4\u00df dem in den technischen Unterlagen des Herstellers enthaltenen Zeitplan durchgef\u00fchrt werden. Sie wird nach einer bestimmten Anzahl von Betriebsstunden durchgef\u00fchrt.&nbsp;<\/p>\n\n\n\n<figure class=\"wp-block-image size-large is-resized\"><img loading=\"lazy\" decoding=\"async\" src=\"https:\/\/kursy-udt.pl\/wp-content\/uploads\/2022\/08\/1-1.jpeg\" alt=\"Ladehilfsmittel\" width=\"727\" height=\"485\"\/><\/figure>\n\n\n\n<h2 class=\"wp-block-heading\">Be- und Entlade- sowie F\u00fctterungseinrichtungen&nbsp;<\/h2>\n\n\n\n<p>Belade-, Entlade- und Beschickungsger\u00e4te werden f\u00fcr Be- und Entlade- sowie Umschlagvorg\u00e4nge eingesetzt. Durch den Einsatz effizienter Ger\u00e4te k\u00f6nnen Handels- und Lagerunternehmen ihre Abl\u00e4ufe erheblich optimieren und rationalisieren. Alle Prozesse werden vereinfacht, ohne dass die Gefahr besteht, dass der Transport der Waren besch\u00e4digt wird. Je nach Zweck und Umfang der Arbeiten k\u00f6nnen wir erw\u00e4hnen:&nbsp;<\/p>\n\n\n\n<figure class=\"wp-block-table\"><table><tbody><tr><td><strong>Typ<\/strong>&nbsp;<\/td><td><strong>Beschreibung<\/strong>&nbsp;<\/td><\/tr><tr><td>Lader, Gabeln&nbsp;<\/td><td>Sie werden eingesetzt, um eine Vielzahl von Materialien auf Transportmittel zu verladen und einzulagern sowie um Materialien in Lagern w\u00e4hrend des Sortierprozesses und im Verlauf des Produktionsprozesses zu bewegen. Im Betrieb \u00fcbernehmen sie das Aufnehmen, Bewegen und Abladen von Material. Je nach Art der Arbeit wird zwischen zyklischen und kontinuierlichen Maschinen unterschieden. Zyklische Lader lassen sich in Allzweckmaschinen, die eine breite Palette von Sch\u00fcttgut und Allzweckmaterialien bef\u00f6rdern, und Spezialmaschinen, die nur f\u00fcr eine bestimmte Art von Material ausgelegt sind, unterteilen.&nbsp;<\/td><\/tr><tr><td>Stapler&nbsp;<\/td><td>Diese Ger\u00e4te werden eingesetzt, wenn es notwendig ist, Lasten in der H\u00f6he zu heben und zu platzieren. Sie sind mit einem Hebemechanismus ausgestattet. Im Lagerbetrieb werden viele verschiedene Arten von Staplern eingesetzt. Es gibt elektrische, hydraulische, elektromechanische Stapler usw.&nbsp;<\/td><\/tr><\/tbody><\/table><\/figure>\n\n\n\n<p>Wir laden Sie herzlich ein, mit uns Kontakt aufzunehmen und sich f\u00fcr eine Ausbildung anzumelden!<\/p>\n\n\n\n<figure class=\"wp-block-image size-large is-resized\"><img loading=\"lazy\" decoding=\"async\" src=\"https:\/\/kursy-udt.pl\/wp-content\/uploads\/2022\/12\/urzadzenia-zaladowcze-wyladowcze-i-podajacych-kursy-udt.pl_.png\" alt=\"ERGON-Ausbildung\" width=\"753\" height=\"471\"\/><\/figure>","protected":false},"excerpt":{"rendered":"<p>Organizujemy szkolenie, kt\u00f3rego celem jest nabycie przez uczestnik\u00f3w niezb\u0119dnej wiedzy potrzebnej podczas wykonywania operacji za\u0142adunku i roz\u0142adunku. Kursanci po pomy\u015blnym zako\u0144czeniu szkolenia i pozytywnie zdanym egzaminie otrzymuj\u0105 standardowe \u015bwiadectwo uprawniaj\u0105ce do obs\u0142ugi urz\u0105dze\u0144. Kursy przeznaczone s\u0105 zar\u00f3wno dla os\u00f3b zaczynaj\u0105cych swoj\u0105 przygod\u0119 z urz\u0105dzeniami za\u0142adowczymi i wy\u0142adowczymi, ale tak\u017ce dla os\u00f3b chc\u0105cych podwy\u017cszy\u0107 swoje kwalifikacje.\u00a0\u00a0 Uprawnienia UDT&nbsp; Wszystkie urz\u0105dzenia za\u0142adunkowe, wy\u0142adunkowe lub podaj\u0105ce podlegaj\u0105 dozorowi technicznemu. Ich obs\u0142ug\u0105, konserwacj\u0105 i napraw\u0105 mog\u0105 zajmowa\u0107 si\u0119 wy\u0142\u0105cznie osoby wysoko wykwalifikowane z du\u017cym do\u015bwiadczeniem, posiadaj\u0105ce uprawnienia nadane przez Urz\u0105d Dozoru Technicznego. Uprawnienia te mo\u017cna uzyska\u0107 poprzez przej\u015bcie szkolenia z obs\u0142ugi tych urz\u0105dze\u0144, a nast\u0119pnie zdanie egzaminu przed komisj\u0105 Urz\u0119du Dozoru Technicznego. W zwi\u0105zku z tym stworzyli\u015bmy idealne kursy z obs\u0142ugi urz\u0105dze\u0144 za\u0142adowczych, wy\u0142adowczych lub podaj\u0105cych \u0142adunki w ci\u0105gach technologicznych prze\u0142adowczych. Podczas naszych szkole\u0144 gwarantujemy profesjonalne przeszkolenie oraz du\u017c\u0105 szans\u0119 na pozytywne zdanie egzaminu za pierwszym razem.&nbsp;&nbsp; Program szkolenia&nbsp; Szkolenie w zakresie za\u0142adunku i roz\u0142adunku obejmuje kurs w formie wyk\u0142ad\u00f3w. \u015aci\u015ble wsp\u00f3\u0142pracujemy z Urz\u0119dem Dozoru Technicznego, dzi\u0119ki czemu z \u0142atwo\u015bci\u0105 mo\u017cna zorganizowa\u0107 termin egzamin\u00f3w w zale\u017cno\u015bci od potrzeb naszych klient\u00f3w. Podczas zaj\u0119\u0107 kursanci otrzymuj\u0105 wszystkie niezb\u0119dne materia\u0142y dydaktyczne. Nasi instruktorzy posiadaj\u0105 wieloletnie do\u015bwiadczenie, a wielu z nich jest ekspertami w swojej dziedzinie. Ka\u017cdy uczestnik mo\u017ce liczy\u0107 na indywidualne podej\u015bcie.&nbsp;&nbsp; W programie szkolenia uwzgl\u0119dniono nast\u0119puj\u0105ce zagadnienia:&nbsp;&nbsp; Kurs dostarcza szczeg\u00f3\u0142owych informacji z uwzgl\u0119dnieniem zasad ochrony i bezpiecze\u0144stwa pracy przy obs\u0142udze urz\u0105dze\u0144. Uczestnicy kursu b\u0119d\u0105 znali wszystkie cechy sprz\u0119tu wykorzystywanego w tego typu pracach, b\u0119d\u0105 wiedzieli jak prawid\u0142owo rozmie\u015bci\u0107 pojazd i mechanizmy w miejscu pracy oraz jak w\u0142a\u015bciwie zorganizowa\u0107 wszystkie procesy.&nbsp; Konserwacja [&hellip;]<\/p>\n","protected":false},"author":6,"featured_media":4113,"parent":2721,"menu_order":0,"comment_status":"closed","ping_status":"closed","template":"","meta":{"sfsi_plus_gutenberg_text_before_share":"","sfsi_plus_gutenberg_show_text_before_share":"","sfsi_plus_gutenberg_icon_type":"","sfsi_plus_gutenberg_icon_alignemt":"","sfsi_plus_gutenburg_max_per_row":"","footnotes":""},"class_list":["post-4111","page","type-page","status-publish","has-post-thumbnail","hentry","has_thumb"],"aioseo_notices":[],"_links":{"self":[{"href":"https:\/\/kursy-udt.pl\/de\/wp-json\/wp\/v2\/pages\/4111","targetHints":{"allow":["GET"]}}],"collection":[{"href":"https:\/\/kursy-udt.pl\/de\/wp-json\/wp\/v2\/pages"}],"about":[{"href":"https:\/\/kursy-udt.pl\/de\/wp-json\/wp\/v2\/types\/page"}],"author":[{"embeddable":true,"href":"https:\/\/kursy-udt.pl\/de\/wp-json\/wp\/v2\/users\/6"}],"replies":[{"embeddable":true,"href":"https:\/\/kursy-udt.pl\/de\/wp-json\/wp\/v2\/comments?post=4111"}],"version-history":[{"count":5,"href":"https:\/\/kursy-udt.pl\/de\/wp-json\/wp\/v2\/pages\/4111\/revisions"}],"predecessor-version":[{"id":5595,"href":"https:\/\/kursy-udt.pl\/de\/wp-json\/wp\/v2\/pages\/4111\/revisions\/5595"}],"up":[{"embeddable":true,"href":"https:\/\/kursy-udt.pl\/de\/wp-json\/wp\/v2\/pages\/2721"}],"wp:featuredmedia":[{"embeddable":true,"href":"https:\/\/kursy-udt.pl\/de\/wp-json\/wp\/v2\/media\/4113"}],"wp:attachment":[{"href":"https:\/\/kursy-udt.pl\/de\/wp-json\/wp\/v2\/media?parent=4111"}],"curies":[{"name":"wp","href":"https:\/\/api.w.org\/{rel}","templated":true}]}}