{"id":40,"date":"2014-02-10T17:15:14","date_gmt":"2014-02-10T17:15:14","guid":{"rendered":"http:\/\/kursy-udt.kwiaty0.pl\/?page_id=40"},"modified":"2022-12-05T14:23:05","modified_gmt":"2022-12-05T14:23:05","slug":"krane-2","status":"publish","type":"page","link":"https:\/\/kursy-udt.pl\/de\/dzwigi\/","title":{"rendered":"Kr\u00e4ne"},"content":{"rendered":"<p><img loading=\"lazy\" decoding=\"async\" class=\"paddingleft10 wp-image-3592 size-medium alignleft\" src=\"https:\/\/kursy-udt.pl\/wp-content\/uploads\/2021\/11\/dzwigi_budowlane-300x225.jpg\" alt=\"\" width=\"300\" height=\"225\" srcset=\"https:\/\/kursy-udt.pl\/wp-content\/uploads\/2021\/11\/dzwigi_budowlane-300x225.jpg 300w, https:\/\/kursy-udt.pl\/wp-content\/uploads\/2021\/11\/dzwigi_budowlane-1024x768.jpg 1024w, https:\/\/kursy-udt.pl\/wp-content\/uploads\/2021\/11\/dzwigi_budowlane-768x576.jpg 768w, https:\/\/kursy-udt.pl\/wp-content\/uploads\/2021\/11\/dzwigi_budowlane-1536x1153.jpg 1536w, https:\/\/kursy-udt.pl\/wp-content\/uploads\/2021\/11\/dzwigi_budowlane-640x480.jpg 640w, https:\/\/kursy-udt.pl\/wp-content\/uploads\/2021\/11\/dzwigi_budowlane-624x468.jpg 624w, https:\/\/kursy-udt.pl\/wp-content\/uploads\/2021\/11\/dzwigi_budowlane.jpg 1563w\" sizes=\"auto, (max-width: 300px) 100vw, 300px\" \/>Ger\u00e4te zum einfachen Heben von Lasten - Waren oder Personen auf Plattformen oder in speziellen Kabinen. Wir unterscheiden zwischen <a href=\"https:\/\/kursy-udt.pl\/de\/szkolenia\/udt-wdt-tdt\/operowanie-dzwigami\/\">Baukr\u00e4ne<\/a> Vertikal-, Schacht-, Kreis-, Schr\u00e4g- oder Hafenkr\u00e4ne. Um das Ger\u00e4t professionell zu betreiben, ben\u00f6tigen Sie <a href=\"https:\/\/kursy-udt.pl\/de\/uprawnienia-udt\/kategorie-uprawnien-2\/\">UDT-Anspr\u00fcche<\/a>. Die erteilte Krangenehmigung berechtigt zum Betrieb und zur Wartung der Krane.<\/p>\n<div class=\"wyjustuj\">\n<p>W\u00e4hrend der Ausbildung vermitteln unsere Lehrkr\u00e4fte das gesamte notwendige Wissen, das ein Kranf\u00fchrer haben sollte. Der Krankurs besteht aus theoretischem und praktischem Unterricht. W\u00e4hrend der UDT-Schulung erwirbt der Teilnehmer die notwendigen Informationen, um die Pr\u00fcfung abzulegen. Alle Kurse werden von qualifizierten Fachleuten geleitet. Sie sind herzlich willkommen!<\/p>\n<p><a href=\"https:\/\/kursy-udt.pl\/wp-content\/uploads\/2022\/12\/69-Dzwigi-osobowe-towarowe-kursy-udt.pl_.png\"><img loading=\"lazy\" decoding=\"async\" class=\"aligncenter wp-image-4567\" src=\"https:\/\/kursy-udt.pl\/wp-content\/uploads\/2022\/12\/69-Dzwigi-osobowe-towarowe-kursy-udt.pl_-300x188.png\" alt=\"\" width=\"750\" height=\"469\" srcset=\"https:\/\/kursy-udt.pl\/wp-content\/uploads\/2022\/12\/69-Dzwigi-osobowe-towarowe-kursy-udt.pl_-300x188.png 300w, https:\/\/kursy-udt.pl\/wp-content\/uploads\/2022\/12\/69-Dzwigi-osobowe-towarowe-kursy-udt.pl_-1024x640.png 1024w, https:\/\/kursy-udt.pl\/wp-content\/uploads\/2022\/12\/69-Dzwigi-osobowe-towarowe-kursy-udt.pl_-768x480.png 768w, https:\/\/kursy-udt.pl\/wp-content\/uploads\/2022\/12\/69-Dzwigi-osobowe-towarowe-kursy-udt.pl_-18x12.png 18w, https:\/\/kursy-udt.pl\/wp-content\/uploads\/2022\/12\/69-Dzwigi-osobowe-towarowe-kursy-udt.pl_-624x390.png 624w, https:\/\/kursy-udt.pl\/wp-content\/uploads\/2022\/12\/69-Dzwigi-osobowe-towarowe-kursy-udt.pl_.png 1200w\" sizes=\"auto, (max-width: 750px) 100vw, 750px\" \/><\/a><\/p>\n<\/div>\n<div class=\"button_styl\" style=\"float: right; padding-left: 15px; padding-bottom: 8px; margin-bottom: 5px;\"><a class=\"myButton myButton_maly\" href=\"https:\/\/platformaedukacji.pl\/login\/signup.php\" target=\"_blank\" rel=\"nofollow noopener\"><span style=\"color: white;\">Anmeldung zur Schulung<\/span><\/a><\/div>","protected":false},"excerpt":{"rendered":"<p>Ger\u00e4te zum leichten Heben von Lasten - Waren oder Personen - auf Plattformen oder in speziellen Kabinen. Man unterscheidet u. a. zwischen Vertikal-, Schacht-, Kreis-, Schr\u00e4g- und Hafenkranen. Um einen Kran beruflich zu betreiben, ist eine Lizenz des Technischen \u00dcberwachungsvereins (UDT) erforderlich. Der Erwerb eines Kranf\u00fchrerscheins berechtigt Sie zum Betrieb und zur Wartung von Kr\u00e4nen. W\u00e4hrend der Ausbildung vermitteln unsere Lehrkr\u00e4fte das gesamte notwendige Wissen, das ein Kranf\u00fchrer haben sollte. Der Krankurs umfasst theoretischen Unterricht und praktische Ausbildung. W\u00e4hrend der UDT-Schulung erwirbt der Teilnehmer die notwendigen Informationen, um die Pr\u00fcfung abzulegen. Alle Kurse werden von qualifizierten Fachleuten geleitet. Sie sind herzlich willkommen! Anmeldung zur Schulung<\/p>","protected":false},"author":1,"featured_media":3592,"parent":0,"menu_order":0,"comment_status":"closed","ping_status":"closed","template":"","meta":{"sfsi_plus_gutenberg_text_before_share":"","sfsi_plus_gutenberg_show_text_before_share":"","sfsi_plus_gutenberg_icon_type":"","sfsi_plus_gutenberg_icon_alignemt":"","sfsi_plus_gutenburg_max_per_row":"","footnotes":""},"class_list":["post-40","page","type-page","status-publish","has-post-thumbnail","hentry","has_thumb"],"aioseo_notices":[],"_links":{"self":[{"href":"https:\/\/kursy-udt.pl\/de\/wp-json\/wp\/v2\/pages\/40","targetHints":{"allow":["GET"]}}],"collection":[{"href":"https:\/\/kursy-udt.pl\/de\/wp-json\/wp\/v2\/pages"}],"about":[{"href":"https:\/\/kursy-udt.pl\/de\/wp-json\/wp\/v2\/types\/page"}],"author":[{"embeddable":true,"href":"https:\/\/kursy-udt.pl\/de\/wp-json\/wp\/v2\/users\/1"}],"replies":[{"embeddable":true,"href":"https:\/\/kursy-udt.pl\/de\/wp-json\/wp\/v2\/comments?post=40"}],"version-history":[{"count":15,"href":"https:\/\/kursy-udt.pl\/de\/wp-json\/wp\/v2\/pages\/40\/revisions"}],"predecessor-version":[{"id":4570,"href":"https:\/\/kursy-udt.pl\/de\/wp-json\/wp\/v2\/pages\/40\/revisions\/4570"}],"wp:featuredmedia":[{"embeddable":true,"href":"https:\/\/kursy-udt.pl\/de\/wp-json\/wp\/v2\/media\/3592"}],"wp:attachment":[{"href":"https:\/\/kursy-udt.pl\/de\/wp-json\/wp\/v2\/media?parent=40"}],"curies":[{"name":"wp","href":"https:\/\/api.w.org\/{rel}","templated":true}]}}