{"id":3986,"date":"2022-06-30T08:03:51","date_gmt":"2022-06-30T08:03:51","guid":{"rendered":"https:\/\/kursy-udt.pl\/?page_id=3986"},"modified":"2023-03-20T11:39:29","modified_gmt":"2023-03-20T10:39:29","slug":"kurs-fur-baugeschirr","status":"publish","type":"page","link":"https:\/\/kursy-udt.pl\/de\/szkolenia\/wysokosciowe-na-uprawnienia-alpinistyczne\/kurs-na-szelki-budowlane\/","title":{"rendered":"Kurs f\u00fcr Baugeschirr"},"content":{"rendered":"<div class=\"wp-block-image\">\n<figure class=\"alignright size-large is-resized\"><img loading=\"lazy\" decoding=\"async\" src=\"https:\/\/kursy-udt.pl\/wp-content\/uploads\/2022\/06\/grasshopper-01.jpeg\" alt=\"Arbeiter im Gurtzeug auf dem Dach\" width=\"296\" height=\"296\"\/><\/figure>\n<\/div>\n\n\n<p>Sind Sie ein Arbeitnehmer, der in gro\u00dfen H\u00f6hen arbeitet? Oder ein Arbeitgeber, dem die Sicherheit seiner Mitarbeiter am Herzen liegt?  Dann kommen Sie zu unserem Gurtzeugkurs! Durch den individuellen Ansatz des Kurses wird der Teilnehmer umfassend und professionell auf die Arbeit in der H\u00f6he vorbereitet.&nbsp;<\/p>\n\n\n\n<h2 class=\"wp-block-heading\">Was k\u00f6nnen Sie in diesem Kurs lernen?&nbsp;<\/h2>\n\n\n\n<p>In der Schulung werden wir eine breite Palette von Themen rund um das Arbeiten in der H\u00f6he mit Baugurten behandeln. Sie werden unter anderem Folgendes lernen:&nbsp;<\/p>\n\n\n<div class=\"wp-block-image\">\n<figure class=\"alignright size-large is-resized\"><img loading=\"lazy\" decoding=\"async\" src=\"https:\/\/kursy-udt.pl\/wp-content\/uploads\/2022\/06\/pol_pl_Szelki-bezpieczenstwa-Irudek-Expert-Pro-300U-11502_1.jpeg\" alt=\"Kurse zum Aufbau von Kabelb\u00e4umen\" width=\"153\" height=\"231\"\/><\/figure>\n<\/div>\n\n\n<ul class=\"wp-block-list\">\n<li>grundlegende Bestimmungen des polnischen und europ\u00e4ischen Rechts,&nbsp;<\/li>\n\n\n\n<li>physische Faktoren, die bei der Arbeit in der H\u00f6he eine Rolle spielen,&nbsp;<\/li>\n\n\n\n<li>Bewertung und Evaluierung berufsbedingter Risiken und Beseitigung der am Arbeitsplatz bestehenden Gefahren,<\/li>\n\n\n\n<li>Bewertung des Arbeitsplatzes, Risiken und M\u00f6glichkeiten, sich bei der Arbeit zu sch\u00fctzen,\u00a0<\/li>\n\n\n\n<li>Auswahl der f\u00fcr den Arbeitsplatz geeigneten pers\u00f6nlichen Schutzausr\u00fcstung,\u00a0<\/li>\n\n\n\n<li>Methodik f\u00fcr die Durchf\u00fchrung von sicheren Arbeiten in der H\u00f6he,\u00a0<\/li>\n\n\n\n<li>praktische Techniken f\u00fcr die Arbeit mit Bauklammern.<\/li>\n<\/ul>\n\n\n\n<h2 class=\"wp-block-heading\">Personen, die die folgenden Bedingungen erf\u00fcllen, sind zur Teilnahme eingeladen:\u00a0<\/h2>\n\n\n\n<figure class=\"wp-block-table\"><table><tbody><tr><td>Vollendung des 18. Lebensjahres&nbsp;<\/td><td>derzeitige Pr\u00fcfung zur Genehmigung von Arbeiten \u00fcber 3 m&nbsp;<\/td><td>guter physischer und psychophysischer Zustand&nbsp;<\/td><\/tr><\/tbody><\/table><\/figure>\n\n\n\n<figure class=\"wp-block-embed is-type-video is-provider-youtube wp-block-embed-youtube wp-embed-aspect-16-9 wp-has-aspect-ratio\"><div class=\"wp-block-embed__wrapper\">\n<iframe loading=\"lazy\" title=\"H\u00d6HENKURSE VERVOLLST\u00c4NDIGEN SIE IHRE AUSBILDUNG BEI UNS UND ERWERBEN SIE NATIONAL ANERKANNTE QUALIFIKATIONEN\" width=\"500\" height=\"281\" src=\"https:\/\/www.youtube.com\/embed\/Lf4dfMhJft0?feature=oembed\" frameborder=\"0\" allow=\"accelerometer; autoplay; clipboard-write; encrypted-media; gyroscope; picture-in-picture; web-share\" referrerpolicy=\"strict-origin-when-cross-origin\" allowfullscreen><\/iframe>\n<\/div><\/figure>\n\n\n\n<h2 class=\"wp-block-heading\">Wer sind wir?\u00a0<\/h2>\n\n\n\n<p>Wir schulen unsere Kunden seit 20 Jahren. Wir bieten umfassende Schulungsdienste f\u00fcr verschiedene Berufsgruppen an. Unser Angebot umfasst UDT-Kurse und andere Schulungen f\u00fcr Spezialisten, Monteure, Bediener und Wartungspersonal. Bei uns erwerben Sie nicht nur die erforderlichen F\u00e4higkeiten, sondern lernen auch, wie Sie sicher arbeiten k\u00f6nnen!&nbsp;&nbsp;&nbsp;<\/p>\n\n\n<div class=\"wp-block-image\">\n<figure class=\"alignright size-large is-resized\"><img loading=\"lazy\" decoding=\"async\" src=\"https:\/\/kursy-udt.pl\/wp-content\/uploads\/2022\/06\/szelki-bezpieczenstwa-portwest-fp-73.jpeg\" alt=\"UDT-Anspr\u00fcche\" width=\"275\" height=\"275\"\/><\/figure>\n<\/div>\n\n\n<h2 class=\"wp-block-heading\">Was wir sonst noch bieten:&nbsp;<\/h2>\n\n\n\n<ul class=\"wp-block-list\">\n<li>Ausbildung in den Bereichen Gesundheit und Sicherheit am Arbeitsplatz und Brandschutz,&nbsp;<\/li>\n\n\n\n<li>Kurse zur Bedienung und Wartung von UDT-Maschinen, einschlie\u00dflich Hub- und Scherenb\u00fchnen, Gabelstaplern, Teleskopladern, Kr\u00e4nen und HDS-Kr\u00e4nen,&nbsp;<\/li>\n\n\n\n<li>Modernisierung,&nbsp;<\/li>\n\n\n\n<li>den Verkauf von Ger\u00e4ten (neu und gebraucht),&nbsp;<\/li>\n\n\n\n<li>die M\u00f6glichkeit der Anmietung von Ersatzger\u00e4ten (Gabelstapler oder Scherenhubwagen).&nbsp;<\/li>\n<\/ul>\n\n\n\n<p><strong>Haben Sie noch Fragen?<\/strong>&nbsp;<\/p>\n\n\n\n<p>Sie k\u00f6nnen sich gerne mit uns in Verbindung setzen.&nbsp;<\/p>\n\n\n\n<figure class=\"wp-block-image size-large is-resized\"><img loading=\"lazy\" decoding=\"async\" src=\"https:\/\/kursy-udt.pl\/wp-content\/uploads\/2022\/01\/kursy-udt-dostep-budowlany.png\" alt=\"ERGON-Ausbildung\" width=\"836\" height=\"523\"\/><\/figure>","protected":false},"excerpt":{"rendered":"<p>Sind Sie ein Arbeitnehmer, der in gro\u00dfen H\u00f6hen arbeitet? Oder ein Arbeitgeber, dem die Sicherheit seiner Mitarbeiter am Herzen liegt?  Dann kommen Sie zu unserem Gurtzeugkurs! Durch die individuelle Gestaltung des Kurses wird der Teilnehmer umfassend und professionell auf die Arbeit in der H\u00f6he vorbereitet.  Was k\u00f6nnen Sie w\u00e4hrend des Kurses lernen?  W\u00e4hrend der Schulung stellen wir Ihnen ein breites Spektrum an Themen rund um das Arbeiten in der H\u00f6he unter Verwendung von Baugurten vor. Sie lernen u. a. Folgendes:  Wir nehmen Personen auf, die die folgenden Bedingungen erf\u00fcllen:  mindestens 18 Jahre alt, g\u00fcltige Pr\u00fcfung f\u00fcr Arbeiten \u00fcber 3 m H\u00f6he, gute physische und psychophysische Verfassung Wer sind wir?  Wir bilden unsere Kunden seit 20 Jahren aus. Wir bieten umfassende Schulungsdienste f\u00fcr verschiedene Berufsgruppen an. Unser Angebot umfasst UDT-Kurse und andere Schulungen f\u00fcr Spezialisten, Monteure, Bediener und Wartungspersonal. Bei uns erwerben Sie nicht nur die erforderlichen F\u00e4higkeiten, sondern lernen auch, wie Sie sicher arbeiten k\u00f6nnen!    Was wir sonst noch bieten:  Haben Sie Fragen?  Nehmen Sie Kontakt mit uns auf.&nbsp;<\/p>","protected":false},"author":6,"featured_media":4437,"parent":2263,"menu_order":0,"comment_status":"closed","ping_status":"closed","template":"","meta":{"sfsi_plus_gutenberg_text_before_share":"","sfsi_plus_gutenberg_show_text_before_share":"","sfsi_plus_gutenberg_icon_type":"","sfsi_plus_gutenberg_icon_alignemt":"","sfsi_plus_gutenburg_max_per_row":"","footnotes":""},"class_list":["post-3986","page","type-page","status-publish","has-post-thumbnail","hentry","has_thumb"],"aioseo_notices":[],"_links":{"self":[{"href":"https:\/\/kursy-udt.pl\/de\/wp-json\/wp\/v2\/pages\/3986","targetHints":{"allow":["GET"]}}],"collection":[{"href":"https:\/\/kursy-udt.pl\/de\/wp-json\/wp\/v2\/pages"}],"about":[{"href":"https:\/\/kursy-udt.pl\/de\/wp-json\/wp\/v2\/types\/page"}],"author":[{"embeddable":true,"href":"https:\/\/kursy-udt.pl\/de\/wp-json\/wp\/v2\/users\/6"}],"replies":[{"embeddable":true,"href":"https:\/\/kursy-udt.pl\/de\/wp-json\/wp\/v2\/comments?post=3986"}],"version-history":[{"count":6,"href":"https:\/\/kursy-udt.pl\/de\/wp-json\/wp\/v2\/pages\/3986\/revisions"}],"predecessor-version":[{"id":5521,"href":"https:\/\/kursy-udt.pl\/de\/wp-json\/wp\/v2\/pages\/3986\/revisions\/5521"}],"up":[{"embeddable":true,"href":"https:\/\/kursy-udt.pl\/de\/wp-json\/wp\/v2\/pages\/2263"}],"wp:featuredmedia":[{"embeddable":true,"href":"https:\/\/kursy-udt.pl\/de\/wp-json\/wp\/v2\/media\/4437"}],"wp:attachment":[{"href":"https:\/\/kursy-udt.pl\/de\/wp-json\/wp\/v2\/media?parent=3986"}],"curies":[{"name":"wp","href":"https:\/\/api.w.org\/{rel}","templated":true}]}}