{"id":3964,"date":"2022-06-27T11:37:48","date_gmt":"2022-06-27T11:37:48","guid":{"rendered":"https:\/\/kursy-udt.pl\/?page_id=3964"},"modified":"2023-03-21T14:27:21","modified_gmt":"2023-03-21T13:27:21","slug":"hds-krane","status":"publish","type":"page","link":"https:\/\/kursy-udt.pl\/de\/szkolenia\/udt-wdt-tdt\/zurawie-hds\/","title":{"rendered":"HDS-Kr\u00e4ne - Kurs"},"content":{"rendered":"<figure class=\"wp-block-image size-large is-resized\"><img loading=\"lazy\" decoding=\"async\" src=\"https:\/\/kursy-udt.pl\/wp-content\/uploads\/2022\/06\/0039-oso.edu_.pl-oudemanfh460_06.jpg\" alt=\"Ger\u00e4teeigenschaften\" width=\"718\" height=\"380\"\/><\/figure>\n\n\n\n<h2 class=\"wp-block-heading\">Zweck der Ausbildung&nbsp;<\/h2>\n\n\n\n<p>Mit einem Kurs in unserem Schulungszentrum erhalten Sie Ihre HDS-Lizenz, die Sie zu T\u00e4tigkeiten wie dem Bedienen von hydraulischen Autokr\u00e4nen berechtigt. In unserem Unternehmen bieten wir eine umfassende Qualit\u00e4tsschulung an. Wenn Sie sich f\u00fcr einen Kurs bei uns entscheiden, k\u00f6nnen Sie ganz einfach das Wissen erwerben, das Sie ben\u00f6tigen, um die <a href=\"https:\/\/kursy-udt.pl\/de\/uprawnienia-udt\/kategorie-uprawnien-2\/\">UDT-Anspr\u00fcche<\/a> als Operator zu arbeiten.&nbsp;<\/p>\n\n\n<div class=\"wp-block-image\">\n<figure class=\"alignleft size-large is-resized\"><img loading=\"lazy\" decoding=\"async\" src=\"https:\/\/kursy-udt.pl\/wp-content\/uploads\/2022\/06\/20171022_06L.jpg\" alt=\"HDS-Kran\" width=\"369\" height=\"277\"\/><\/figure>\n<\/div>\n\n\n<h2 class=\"wp-block-heading\">Anforderungen&nbsp;<\/h2>\n\n\n\n<p>Um HDS-Operator zu werden, m\u00fcssen Sie mindestens \u00fcber einen Grundschulabschluss verf\u00fcgen, vollj\u00e4hrig sein und keine \u00e4rztlich attestierten Kontraindikationen f\u00fcr die Arbeit in diesem Beruf haben.&nbsp;<\/p>\n\n\n\n<h2 class=\"wp-block-heading\">Ort des Unterrichts&nbsp;<\/h2>\n\n\n\n<p>Die Kurse finden in unseren Niederlassungen im ganzen Land statt, aber wir organisieren auch Schulungen f\u00fcr geschlossene Gruppen mit Anreise zum Kunden. Die Kurse werden nach den aktuellen Informationen auf unserer Website durchgef\u00fchrt.&nbsp;<\/p>\n\n\n\n<figure class=\"wp-block-embed is-type-video is-provider-youtube wp-block-embed-youtube wp-embed-aspect-16-9 wp-has-aspect-ratio\"><div class=\"wp-block-embed__wrapper\">\n<iframe loading=\"lazy\" title=\"KRANF\u00dcHRER UDT-ZERTIFIZIERUNG INTERNATIONALE ZERTIFIKATE VERVOLLST\u00c4NDIGEN SIE IHRE AUSBILDUNG MIT UNS\" width=\"500\" height=\"281\" src=\"https:\/\/www.youtube.com\/embed\/I0-deFLsRSA?feature=oembed\" frameborder=\"0\" allow=\"accelerometer; autoplay; clipboard-write; encrypted-media; gyroscope; picture-in-picture; web-share\" referrerpolicy=\"strict-origin-when-cross-origin\" allowfullscreen><\/iframe>\n<\/div><\/figure>\n\n\n\n<h2 class=\"wp-block-heading\">Verantwortlichkeiten des HDS-Kranf\u00fchrers\u00a0<\/h2>\n\n\n\n<p>F\u00fcr den Bediener eines Ladekrans ist der Besitz einer speziellen HDS-Lizenz unerl\u00e4sslich. Diese wird an Personen vergeben, die einen Lehrgang absolviert und eine Pr\u00fcfung vor einer UDT-Kommission erfolgreich bestanden haben. Der Bediener muss Kenntnisse \u00fcber die vor, w\u00e4hrend und nach der Arbeit auszuf\u00fchrenden Aufgaben haben, die wir auch in den Kursen unseres Unternehmens vermitteln.&nbsp;<\/p>\n\n\n\n<figure class=\"wp-block-table\"><table><tbody><tr><td>Pflichten des Betreibers vor Beginn der Arbeiten&nbsp;<\/td><td>Der Fahrer muss sich unbedingt mit den technischen Unterlagen und den Betriebsunterlagen des Krans sowie mit der Zulassungsbescheinigung des Krans vertraut machen. Wenn eines dieser Dokumente fehlt, darf er seine Arbeit nicht ausf\u00fchren.\u00a0<br>Au\u00dferdem ist eine ordnungsgem\u00e4\u00dfe Wartung gem\u00e4\u00df den Anweisungen des Herstellers durchzuf\u00fchren. \u00dcberpr\u00fcfen Sie n\u00e4mlich sorgf\u00e4ltig die Ausr\u00fcstung, die Dichtigkeit der Bauteile, die Funktion der hydraulischen Verriegelungen, die Sicherheits- und Verriegelungsvorrichtungen und das Gleiten der St\u00fctzen.\u00a0<br>Stellt er oder sie Unregelm\u00e4\u00dfigkeiten fest, ist es seine oder ihre Aufgabe, dies einem Vorgesetzten zu melden.\u00a0\u00a0\u00a0<\/td><\/tr><tr><td>Verantwortlichkeiten des Bedieners w\u00e4hrend des Betriebs&nbsp;<\/td><td>\u00dcberpr\u00fcfung der Lage des Standorts und der Ausdehnung des Krans.\u00a0<br>Vorbereitung des Krans f\u00fcr die Ladearbeiten.\u00a0<br>Angemessenes Einh\u00e4ngen und Sichern der Ladung.\u00a0<br>Dabei behalten wir den laufenden Kran und seine Hubkapazit\u00e4t genau im Auge.\u00a0<br>Befolgung von Zeichen und Signalen.\u00a0<br>Reagieren bei Unf\u00e4llen oder Notf\u00e4llen.\u00a0<\/td><\/tr><tr><td>Verantwortlichkeiten des Bedieners bei Beendigung der Arbeit&nbsp;<\/td><td>Montieren Sie den Kran und die St\u00fctzen und sichern Sie sie in der Transportposition.\u00a0<br>Pr\u00fcfen Sie gr\u00fcndlich, dass die Ladung keine Gefahr darstellt.\u00a0<br>Abtransport des Krans in die Garage und Reinigung der Arbeitsteile von Schmutz.\u00a0<br>Umfassender Schutz der Maschine gegen die Benutzung durch ungeeignete Personen.\u00a0<br>\u00dcbergabe von Dokumenten an eine bevollm\u00e4chtigte Person.\u00a0<\/td><\/tr><\/tbody><\/table><\/figure>\n\n\n\n<p>Wenn die oben genannten Regeln beachtet werden, verl\u00e4uft die Arbeit in der Regel reibungslos. Der Bediener ist in der Lage, sicher zu arbeiten und weder sich selbst noch andere Arbeiter oder die Umwelt zu gef\u00e4hrden. Um jedoch der Tatsache Rechnung zu tragen, dass es bei der Arbeit des Kranf\u00fchrers zu Unf\u00e4llen kommen kann, sollte der Bediener die Sicherheitsanforderungen und verbotenen T\u00e4tigkeiten bei der Arbeit mit dem HDS-Kran sowie die Vorschriften der <a href=\"https:\/\/kursy-udt.pl\/de\/szkolenia\/bhp-bezpieczenstwo-pracy\/prawna-ochrona-pracy\/\">GESUNDHEIT UND SICHERHEIT<\/a>. Die HDS-Schulung vermittelt dem Auszubildenden stets Kenntnisse zum Thema, die die Grundlage f\u00fcr die Zertifizierung vor der UDT-Kommission in Bezug auf die Kenntnisse \u00fcber hydraulische Autokrane bilden.&nbsp;<\/p>\n\n\n\n<figure class=\"wp-block-image size-large is-resized\"><img loading=\"lazy\" decoding=\"async\" src=\"https:\/\/kursy-udt.pl\/wp-content\/uploads\/2022\/06\/csm_180607_p11__laden_hang_2_f18df7d055.jpg\" alt=\"Kursinformationen\" width=\"750\" height=\"421\"\/><\/figure>\n\n\n\n<h2 class=\"wp-block-heading\">Beschreibung des Ger\u00e4ts&nbsp;<\/h2>\n\n\n\n<p>HDS sind hydraulische Autokr\u00e4ne, die am h\u00e4ufigsten im Umschlag eingesetzt werden. Umschlagkrane zeichnen sich dadurch aus, dass sie \u00fcber einen mechanischen Antrieb verf\u00fcgen, der auf der Grundlage einer auf einem Sockel drehbaren S\u00e4ule konstruiert ist, und ein weiteres wichtiges Element dieses Antriebs ist der Auslegermechanismus.Einteilung der HDS-Krane nach ihrer Bauart:&nbsp;<\/p>\n\n\n\n<ul class=\"wp-block-list\">\n<li>Ladekr\u00e4ne, die auf dem Mittelteil des Fahrzeugs montiert sind,&nbsp;<\/li>\n\n\n\n<li>Ladekran, der am Heck des Fahrzeugs hinter der Ladefl\u00e4che des Fahrzeugs montiert ist,&nbsp;<\/li>\n\n\n\n<li>Ladekr\u00e4ne, die hinter der Fahrerkabine des Fahrzeugs montiert sind,&nbsp;<\/li>\n\n\n\n<li>HDS-Kr\u00e4ne f\u00fcr die Holzverladung werden als Forstkr\u00e4ne bezeichnet, zumal sie anstelle von Haken mit einem speziellen Greifer zum Tragen und Heben von Brettern oder Holz ausgestattet sind,&nbsp;<\/li>\n\n\n\n<li>Bei Allzweckkr\u00e4nen, die starr auf einem Fahrzeugrahmen montiert sind, arbeitet der Ausleger sowohl horizontal durch Drehen als auch vertikal durch Absenken und Heben von Lasten.&nbsp;<\/li>\n<\/ul>\n\n\n\n<h2 class=\"wp-block-heading\">Unterteilung der HDS-Krane in ihre strukturellen Komponenten:&nbsp;<\/h2>\n\n\n\n<ul class=\"wp-block-list\">\n<li>der Ausleger - ein verstellbares Element, an dem die Last befestigt ist, wird manuell oder hydraulisch ausgefahren,\u00a0<\/li>\n\n\n\n<li>S\u00e4ulen - das vertikale Element des Krans, das sich auf der Basis befindet; der daran befestigte Ausleger f\u00fchrt die Bewegungen im horizontalen Bereich aus,\u00a0<\/li>\n\n\n\n<li>Sockel - werden auf der Basis des Krans montiert,\u00a0<\/li>\n\n\n\n<li>St\u00fctzen - dienen der Stabilisierung des Ger\u00e4ts und verhindern, dass es wackelt,\u00a0<\/li>\n\n\n\n<li>Zubeh\u00f6r - Zusatzger\u00e4te.\u00a0<\/li>\n<\/ul>\n\n\n\n<figure class=\"wp-block-video\"><video controls src=\"https:\/\/kursy-udt.pl\/wp-content\/uploads\/2023\/03\/ACCEPTED-zrurawia-przenosnego-4K-kursy-udt.mp4\"><\/video><\/figure>\n\n\n\n<h2 class=\"wp-block-heading\">Bei der Arbeit mit HDS-Kr\u00e4nen verwendete Hilfsmittel&nbsp;<\/h2>\n\n\n\n<p>In jedem HDS-Krankurs behandeln wir ein sehr wichtiges Thema, n\u00e4mlich die Verwendung von Haken, Seilen und Schlingen, an denen der Ballast entsprechend befestigt wird. Dies ist ein wesentliches Wissen, da die UDT-Ausbilder Ihr Wissen dar\u00fcber sehr oft w\u00e4hrend der Pr\u00fcfung testen. Sie werden verwendet, um Lasten mit Leichtigkeit zu transportieren, und dank ihnen k\u00f6nnen wir sie \u00fcberall leicht anbringen. Es ist jedoch wichtig, dass sie regelm\u00e4\u00dfig gewartet werden. Andernfalls k\u00f6nnen sie zur Ursache eines Unfalls werden. Welche Arten von Hilfsmitteln gibt es?&nbsp;<\/p>\n\n\n\n<ul class=\"wp-block-list\">\n<li>Seile werden verwendet, wenn HDS mit Winden ausgestattet sind. Sie m\u00fcssen besonderen Anforderungen gen\u00fcgen. Es werden nur zugelassene Seile verwendet, die vom Hersteller f\u00fcr die Produktion zugelassen sind.\u00a0<\/li>\n\n\n\n<li>Anschlagmittel sind die wichtigsten Hilfsmittel bei der Sicherung einer Ladung. Man unterscheidet zwischen Hebeb\u00e4ndern mit geschlossenem Kreislauf, Einfachzugb\u00e4ndern, Doppelzugb\u00e4ndern, Dreizugb\u00e4ndern und Vierzugb\u00e4ndern.&nbsp;<\/li>\n\n\n\n<li>Die Ladung wird entsprechend ihrem Gewicht, ihrer Lage, ihrem Schwerpunkt, ihrer Form und ihren Abmessungen zusammengestellt.&nbsp;<\/li>\n\n\n\n<li>Haken m\u00fcssen, wie alle anderen Hilfsmittel auch, vor der Benutzung \u00fcberpr\u00fcft werden. Sie sind Bestandteile der Konstruktion des Krans. Der Bediener bedient den Kran direkt \u00fcber sie oder indirekt \u00fcber die Anschlagmittel, um die Last mit Leichtigkeit zu transportieren.&nbsp;<\/li>\n<\/ul>\n\n\n\n<p><strong>Wir m\u00f6chten Sie zu unseren anderen Schulungen f\u00fcr Bediener und Wartungspersonal von UDT-Ger\u00e4ten wie Gabelstaplern, mobilen Arbeitsb\u00fchnen, Teleskopladern oder Kr\u00e4nen einladen. Wir bieten auch Schulungen zum Thema Sicherheit und Gesundheitsschutz am Arbeitsplatz (Erst- und Wiederholungsschulungen) sowie Brandschutzschulungen an.<\/strong>&nbsp;<\/p>\n\n\n\n<p><strong>Wenn Sie Fragen haben, k\u00f6nnen Sie sich gerne an uns wenden.<\/strong><\/p>\n\n\n\n<figure class=\"wp-block-image size-large is-resized\"><img loading=\"lazy\" decoding=\"async\" src=\"https:\/\/kursy-udt.pl\/wp-content\/uploads\/2022\/12\/41-Zurawie-przenosne-HDS-kursy-udt.pl_.png\" alt=\"ERGON-Ausbildung\" width=\"744\" height=\"465\"\/><\/figure>","protected":false},"excerpt":{"rendered":"<p>Cel szkolenia&nbsp; Dzi\u0119ki kursowi w naszym o\u015brodku szkoleniowym otrzymasz uprawnienia HDS, kt\u00f3re upowa\u017cniaj\u0105 do czynno\u015bci takich jak obs\u0142uga hydraulicznych d\u017awig\u00f3w samochodowych. W naszej firmie zapewniamy kompleksow\u0105 jako\u015b\u0107 kszta\u0142cenia, a wybieraj\u0105c u nas kurs, mo\u017cesz z \u0142atwo\u015bci\u0105 uzyska\u0107 potrzebn\u0105 wiedz\u0119, aby zdoby\u0107 uprawnienia UDT do pracy na stanowisku operatora.&nbsp; Wymagania&nbsp; Aby zosta\u0107 operatorem HDS, nale\u017cy mie\u0107 przynajmniej wykszta\u0142cenie podstawowe, by\u0107 osob\u0105 pe\u0142noletni\u0105 i nie posiada\u0107 przeciwwskaza\u0144, po\u015bwiadczonych dokumentem od lekarza, do wykonywania pracy na danym stanowisku.&nbsp; Miejsce prowadzonych zaj\u0119\u0107&nbsp; Zaj\u0119cia odbywaj\u0105 si\u0119 w naszych oddzia\u0142ach na terenie ca\u0142ego kraju, jednak organizujemy r\u00f3wnie\u017c szkolenia dla grup zamkni\u0119tych z dojazdem do klienta. Kursy odbywaj\u0105 si\u0119 zgodnie z aktualnymi informacjami na naszej stronie.&nbsp; Obowi\u0105zki operatora d\u017awigu HDS\u00a0 Operator d\u017awigu prze\u0142adunkowego koniecznie musi posiada\u0107 specjalistyczne uprawnienia HDS. Przyznawane s\u0105 one osobom, kt\u00f3re uko\u0144czy\u0142y szkolenie i zda\u0142y pozytywnie egzamin przed komisj\u0105 UDT. Operator musi posiada\u0107 wiedz\u0119 na temat obowi\u0105zk\u00f3w jakie nale\u017cy wykona\u0107 przed, w trakcie oraz po zako\u0144czeniu pracy, kt\u00f3rych r\u00f3wnie\u017c nauczamy na kursie w naszej firmie.&nbsp; Obowi\u0105zki operatora przed rozpocz\u0119ciem pracy&nbsp; Maszynista koniecznie musi zapozna\u0107 s\u0105 z dokumentacj\u0105 techniczno\u2013ruchow\u0105 \u017curawia i instrukcj\u0105 obs\u0142ugi oraz \u015bwiadectwem dopuszczania \u017curawia do eksploatacji. Je\u017celi brakuje kt\u00f3rego\u015b z wymienionych dokument\u00f3w, nie mo\u017ce on podj\u0105\u0107 swojej pracy.\u00a0R\u00f3wnie\u017c musi dokona\u0107 odpowiedniej konserwacji zgodnie z instrukcj\u0105 producenta. Mianowicie sprawdzi\u0107 dok\u0142adnie sprz\u0119t, szczelno\u015b\u0107 element\u00f3w, dzia\u0142anie zamk\u00f3w hydraulicznych, zabezpieczenia i blokady oraz przesuwanie podp\u00f3r.\u00a0Je\u017celi zauwa\u017cy jakie\u015b nieprawid\u0142owo\u015bci, jego powinno\u015bci\u0105 jest zg\u0142oszenie to prze\u0142o\u017conemu.\u00a0\u00a0\u00a0 Obowi\u0105zki operatora w trakcie pracy&nbsp; Sprawdzenie po\u0142o\u017cenia terenu i zasi\u0119gu \u017curawia.\u00a0Przygotowanie d\u017awigu do prac \u0142adunkowych.\u00a0Odpowiednie zaczepienie \u0142adunku i jego zabezpieczenia.\u00a0Ca\u0142y czas baczne obserwuje \u017curawia w trakcie pracy [&hellip;]<\/p>\n","protected":false},"author":6,"featured_media":3965,"parent":2721,"menu_order":0,"comment_status":"closed","ping_status":"closed","template":"","meta":{"sfsi_plus_gutenberg_text_before_share":"","sfsi_plus_gutenberg_show_text_before_share":"","sfsi_plus_gutenberg_icon_type":"","sfsi_plus_gutenberg_icon_alignemt":"","sfsi_plus_gutenburg_max_per_row":"","footnotes":""},"class_list":["post-3964","page","type-page","status-publish","has-post-thumbnail","hentry","has_thumb"],"aioseo_notices":[],"_links":{"self":[{"href":"https:\/\/kursy-udt.pl\/de\/wp-json\/wp\/v2\/pages\/3964","targetHints":{"allow":["GET"]}}],"collection":[{"href":"https:\/\/kursy-udt.pl\/de\/wp-json\/wp\/v2\/pages"}],"about":[{"href":"https:\/\/kursy-udt.pl\/de\/wp-json\/wp\/v2\/types\/page"}],"author":[{"embeddable":true,"href":"https:\/\/kursy-udt.pl\/de\/wp-json\/wp\/v2\/users\/6"}],"replies":[{"embeddable":true,"href":"https:\/\/kursy-udt.pl\/de\/wp-json\/wp\/v2\/comments?post=3964"}],"version-history":[{"count":7,"href":"https:\/\/kursy-udt.pl\/de\/wp-json\/wp\/v2\/pages\/3964\/revisions"}],"predecessor-version":[{"id":5638,"href":"https:\/\/kursy-udt.pl\/de\/wp-json\/wp\/v2\/pages\/3964\/revisions\/5638"}],"up":[{"embeddable":true,"href":"https:\/\/kursy-udt.pl\/de\/wp-json\/wp\/v2\/pages\/2721"}],"wp:featuredmedia":[{"embeddable":true,"href":"https:\/\/kursy-udt.pl\/de\/wp-json\/wp\/v2\/media\/3965"}],"wp:attachment":[{"href":"https:\/\/kursy-udt.pl\/de\/wp-json\/wp\/v2\/media?parent=3964"}],"curies":[{"name":"wp","href":"https:\/\/api.w.org\/{rel}","templated":true}]}}