{"id":3957,"date":"2022-06-27T11:14:50","date_gmt":"2022-06-27T11:14:50","guid":{"rendered":"https:\/\/kursy-udt.pl\/?page_id=3957"},"modified":"2023-03-20T15:05:34","modified_gmt":"2023-03-20T14:05:34","slug":"feuerwehrausrustung","status":"publish","type":"page","link":"https:\/\/kursy-udt.pl\/de\/szkolenia\/sprzet-gasniczy\/","title":{"rendered":"Ausbildung zum Instandhalter f\u00fcr Feuerwehrausr\u00fcstung"},"content":{"rendered":"<p>Besuchen Sie mit uns einen professionellen Lehrgang f\u00fcr die Instandhaltung von Feuerwehrausr\u00fcstung. Unser qualifiziertes Ausbildungspersonal bereitet Sie auf Ihre T\u00e4tigkeit als Feuerwehrger\u00e4tewart vor. Unser Unternehmen bietet seit vielen Jahren professionelle Schulungen an, daher k\u00f6nnen Sie uns vertrauen. Durch die Teilnahme am Lehrgang erwerben Sie neue Kenntnisse und F\u00e4higkeiten und verbessern Ihre berufliche Qualifikation.&nbsp;<\/p>\n\n\n\n<figure class=\"wp-block-image size-large is-resized\"><img loading=\"lazy\" decoding=\"async\" src=\"https:\/\/kursy-udt.pl\/wp-content\/uploads\/2022\/06\/extinguisher.jpeg\" alt=\"Feuerschutz\" width=\"818\" height=\"545\"\/><\/figure>\n\n\n\n<h2 class=\"wp-block-heading\">Ausbildungsprogramm&nbsp;<\/h2>\n\n\n\n<p>Die Verantwortung f\u00fcr den Brandschutz eines Geb\u00e4udes oder eines Gel\u00e4ndes liegt beim Betreiber oder Nutzer auf der Grundlage eines zivilrechtlichen Vertrags. Das Ziel der Ausbildung <a href=\"https:\/\/kursy-udt.pl\/de\/szkolenia\/bhp-bezpieczenstwo-pracy\/prawna-ochrona-pracy\/\">GESUNDHEIT UND SICHERHEIT<\/a> besteht darin, dem betreffenden Arbeitnehmer Informationen \u00fcber die Brandbek\u00e4mpfungsausr\u00fcstung sowie Kenntnisse \u00fcber das Verhalten im Brandfall zu vermitteln.&nbsp;<\/p>\n\n\n\n<p><strong>Der theoretische Teil umfasst:<\/strong>&nbsp;<\/p>\n\n\n\n<ul class=\"wp-block-list\">\n<li>Hilfe f\u00fcr die Betroffenen,&nbsp;<\/li>\n\n\n\n<li>Alarmverfahren und Evakuierung,&nbsp;<\/li>\n\n\n\n<li>Bedienung von handgef\u00fchrten Feuerl\u00f6schger\u00e4ten,&nbsp;<\/li>\n\n\n\n<li>Anordnung der Brandschutzeinrichtungen in der Einrichtung,&nbsp;<\/li>\n\n\n\n<li>Beschilderung f\u00fcr Feuer und Evakuierung,&nbsp;<\/li>\n\n\n\n<li>mit dem Brandschutzhandbuch der Einrichtung vertraut sein,&nbsp;<\/li>\n\n\n\n<li>Brandgefahren.&nbsp;<\/li>\n<\/ul>\n\n\n\n<p><strong>Der praktische Teil umfasst:<\/strong>&nbsp;<\/p>\n\n\n\n<ul class=\"wp-block-list\">\n<li>Evakuierungs\u00fcbungen,&nbsp;<\/li>\n\n\n\n<li>\u00dcbungen zur Verwendung von Innenhydranten und Feuerl\u00f6schern.&nbsp;<\/li>\n<\/ul>\n\n\n\n<h2 class=\"wp-block-heading\">Wer kann an dem Kurs teilnehmen?&nbsp;<\/h2>\n\n\n\n<p>Die Ausbildung steht allen Erwachsenen mit mindestens Grundschulbildung offen.&nbsp;<\/p>\n\n\n<div class=\"wp-block-image\">\n<figure class=\"alignright size-large is-resized\"><img loading=\"lazy\" decoding=\"async\" src=\"https:\/\/kursy-udt.pl\/wp-content\/uploads\/2022\/06\/Teplootrazhatelnyiy-kostyum-e1470220583985.jpeg\" alt=\"Schutzkleidung\" width=\"350\" height=\"251\"\/><\/figure>\n<\/div>\n\n\n<h2 class=\"wp-block-heading\">Datum und Ort des Unterrichts&nbsp;<\/h2>\n\n\n\n<p>Der n\u00e4chstgelegene Termin f\u00fcr den Unterricht wird immer auf unserer Website ver\u00f6ffentlicht. Der Unterricht findet in unserem Hauptsitz in Warschau oder in unseren Niederlassungen im ganzen Land statt. Wir organisieren auch individuelle Schulungen in den R\u00e4umlichkeiten des Kunden.&nbsp;<\/p>\n\n\n\n<h2 class=\"wp-block-heading\">Methoden der Brandbek\u00e4mpfung&nbsp;<\/h2>\n\n\n\n<p>Im Falle eines Brandes m\u00fcssen zun\u00e4chst die zust\u00e4ndigen Stellen informiert und die Brandbek\u00e4mpfung eingeleitet werden. Mit Hilfe der praktischen Feuerl\u00f6schger\u00e4te, die sich in den R\u00e4umlichkeiten befinden, n\u00e4mlich Innenhydranten oder Feuerl\u00f6scher, k\u00f6nnen wir die Gefahr minimieren. Um mit dem L\u00f6schen eines Brandes zu beginnen, ist es jedoch wichtig, daran zu denken, einen Feuerl\u00f6scher zu verwenden, der ordnungsgem\u00e4\u00df gekennzeichnet ist.&nbsp;<\/p>\n\n\n\n<figure class=\"wp-block-table\"><table><tbody><tr><td><strong>A<\/strong>&nbsp;<\/td><td>An die Gruppe <strong>A<\/strong> Das Feuer ist ein brennender organischer Feststoff, der brennt, wenn er gl\u00fcht, wie z. B. Holz oder Papier. Um das Feuer angemessen zu l\u00f6schen, verwenden wir ein L\u00f6schmittel wie Kohlendioxid (Schneel\u00f6scher), L\u00f6schpulver, L\u00f6schschaum oder Wasser.&nbsp;<\/td><\/tr><tr><td><strong>B<\/strong>&nbsp;<\/td><td>Wenn brennbare Fl\u00fcssigkeiten oder Feststoffe, die durch Hitze schmelzen (L\u00f6sungsmittel, schmelzende Kunststoffe, Bodenpasten) brennen, verwenden wir Feuerl\u00f6scher der Gruppe <strong>B<\/strong> die Wahl eines L\u00f6schmittels wie Halon, Kohlendioxid, L\u00f6schpulver oder L\u00f6schschaum.&nbsp;<\/td><\/tr><tr><td><strong>C<\/strong>&nbsp;<\/td><td>Wenn ein Brand entstanden ist und brennbares Gas (Acetylen, Erdgas, Propan-Butan) vorhanden ist, sollte die folgende Gruppe von L\u00f6schmitteln verwendet werden <strong>C<\/strong>: Kohlendioxid, L\u00f6schpulver und Halon.\u00a0<\/td><\/tr><tr><td><strong>D<\/strong>&nbsp;<\/td><td>Entflammbare Metalle (Uran, Magnesium, Natrium) werden mit einem Pulverl\u00f6schger\u00e4t der Gruppe <strong>D<\/strong>.&nbsp;<\/td><\/tr><tr><td><strong>E<\/strong>&nbsp;<\/td><td>Gruppenfeuerl\u00f6scher <strong>E<\/strong> wurde fr\u00fcher verwendet, um Br\u00e4nde zu l\u00f6schen, die durch oder in der N\u00e4he von unter Spannung stehenden Ger\u00e4ten verursacht wurden. Heute wird das Symbol nicht mehr verwendet, wie die Aufschrift auf dem Etikett des Feuerl\u00f6schers verr\u00e4t.&nbsp;<\/td><\/tr><tr><td><strong>F<\/strong>&nbsp;<\/td><td>\u00d6le und Fette in K\u00fcchenger\u00e4ten sollten mit Feuerl\u00f6schern der Gruppe <strong>F,<\/strong> zum Beispiel mit einem Stand-, Pulver- oder Schneel\u00f6scher mit der Kennzeichnung F.&nbsp;<\/td><\/tr><\/tbody><\/table><\/figure>\n\n\n\n<p>Zu den handgef\u00fchrten Feuerl\u00f6schger\u00e4ten geh\u00f6ren die bereits erw\u00e4hnten Feuerl\u00f6scher mit einem Gewicht von bis zu 20 kg und L\u00f6schmittel mit einem Gewicht von bis zu 12 kg sowie L\u00f6schdecken. Der L\u00f6schvorgang selbst h\u00e4ngt, wenn er richtig durchgef\u00fchrt wird, unter anderem von der Wahl des richtigen L\u00f6schmittels ab. F\u00fcr eine sichere Durchf\u00fchrung ist es jedoch erforderlich, die Art des zu l\u00f6schenden Brandes zu erkennen und ein Mindestma\u00df an Wissen \u00fcber die Wirkung des L\u00f6schmittels zu besitzen.&nbsp;&nbsp;<\/p>\n\n\n\n<p><strong>Innenhydrant<\/strong> ist ein Wasserversorgungsventil, das in einem speziellen Netz installiert, in einem Schrank untergebracht und mit einer D\u00fcse und einem Feuerwehrschlauch ausgestattet ist. Sein Durchmesser betr\u00e4gt 25 oder 50 mm. Er wird verwendet, um ein Feuer im Kern zu lokalisieren, und Wasser wird als L\u00f6schmittel eingesetzt. An der Bedienung des Hydranten sollten zwei Personen beteiligt sein. Einer dosiert die Wassermenge, die durch den Hydranten flie\u00dft, der andere bedient die D\u00fcsen. Wasser darf nicht zum L\u00f6schen der oben genannten stromf\u00fchrenden elektrischen Ger\u00e4te und ihrer Umgebung sowie von Stoffen, die in Verbindung mit Wasser ein brennbares Gas bilden, verwendet werden.&nbsp;&nbsp;<\/p>\n\n\n\n<p><strong>Vertikaler Wasserfeuerl\u00f6scher <\/strong>ist ein zylindrischer Beh\u00e4lter, der einen Wasserschaum bildenden Stoff enth\u00e4lt. Um das Ger\u00e4t zu benutzen, muss die Sicherheitsplombe aufgebrochen und der Schlagbolzen eingedr\u00fcckt werden, wobei der Schaumstrahl in die Mitte des Feuers zu richten ist und der L\u00f6scher nur in vertikaler Position funktioniert. Wenn der Feuerl\u00f6scher nicht mehr funktioniert, m\u00fcssen Sie den Hebel der D\u00fcse loslassen.\u00a0\u00a0<\/p>\n\n\n\n<figure class=\"wp-block-image size-large is-resized\"><img loading=\"lazy\" decoding=\"async\" src=\"https:\/\/kursy-udt.pl\/wp-content\/uploads\/2022\/06\/info_mobile.png\" alt=\"Pulverfeuerl\u00f6scher\" width=\"809\" height=\"804\"\/><\/figure>\n\n\n\n<p><strong>Pulverfeuerl\u00f6scher<\/strong> ebenfalls mit einem zylindrischen Auffangbeh\u00e4lter, ist mit einem Hebel versehen, der ein Ventil oder einen Impaktor mit Treibladung bet\u00e4tigt. Um ihn zu benutzen, m\u00fcssen die Plombe und der Sicherungsstift aufgebrochen und der Hebel oder Klopfer in Richtung des Brandherdes bet\u00e4tigt werden. Wie der vorherige Feuerl\u00f6scher funktioniert auch dieser in aufrechter Position, und um den Betrieb zu beenden, muss der Bet\u00e4tigungshebel oder der Schlaghebel losgelassen werden.&nbsp;&nbsp;<\/p>\n\n\n\n<p><strong>Schneel\u00f6scher<\/strong> ist ein zylindrischer Beh\u00e4lter, der mit einem Schlauch und einem Ventil ausgestattet ist, das in einem Auslassstutzen endet. In ihm befindet sich verfl\u00fcssigtes Kohlendioxid. Um den Feuerl\u00f6scher au\u00dfer Betrieb zu setzen, muss das Ventil geschlossen werden. Wichtig ist auch, dass er nicht zum L\u00f6schen von Personen verwendet werden darf und nur am Griff in aufrechter Position gehalten werden darf.&nbsp;&nbsp;<\/p>\n\n\n\n<p><strong>Feuerl\u00f6schdecke<\/strong> ist eine Platte aus Glasfaser, ein v\u00f6llig unbrennbares Gewebe mit einer Oberfl\u00e4che von etwa 2 m\u00b2.  Sie erstickt das Feuer im Keim, indem sie die Luftzufuhr zu dem gl\u00fchenden Gegenstand unterbricht. Um es zu verwenden, muss es aus seiner H\u00fclle genommen und aufgefaltet werden, so dass es den brennenden Gegenstand dicht abdeckt. Bei der Verwendung an einer Person sollte diese zun\u00e4chst umgedreht und dann mit einer Decke dicht zugedeckt werden.&nbsp;<\/p>\n\n\n\n<p>&nbsp;<br><strong>Wenn Sie Fragen zum Kurs haben, k\u00f6nnen Sie sich gerne an uns wenden.<\/strong>&nbsp;<br><strong><\/strong>&nbsp;<\/p>\n\n\n\n<figure class=\"wp-block-image size-large is-resized\"><img loading=\"lazy\" decoding=\"async\" src=\"https:\/\/kursy-udt.pl\/wp-content\/uploads\/2023\/01\/Reklama-Na-Kursy-7.png\" alt=\"ERGON-Ausbildung\" width=\"784\" height=\"490\"\/><\/figure>","protected":false},"excerpt":{"rendered":"<p>Zapraszamy na profesjonalny kurs z konserwacji sprz\u0119tu ga\u015bniczego. Nasza wykwalifikowana kadra szkoleniowa przygotuje Ci\u0119 do pracy jako konserwator sprz\u0119tu ga\u015bniczego. Nasza firma przeprowadza szkolenia zawodowe od wielu lat, dlatego mo\u017cesz nam zaufa\u0107. Uczestnicz\u0105c w kursie zdob\u0119dziesz now\u0105 wiedz\u0119 i umiej\u0119tno\u015bci oraz podniesiesz swoje kwalifikacje zawodowe.&nbsp; Program szkolenia&nbsp; Odpowiedzialno\u015b\u0107 z zakresu ochrony przeciwpo\u017carowej obiektu lub terenu ponosi zarz\u0105dca b\u0105d\u017a u\u017cytkownik na podstawie umowy cywilnoprawnej. Celem szkolenia BHP jest przekazanie danemu pracownikowi informacji z zakresu sprz\u0119tu ga\u015bniczego, jak i wiedzy na temat zachowania si\u0119 w przypadku wyst\u0105pienia po\u017caru.&nbsp; Cz\u0119\u015b\u0107 teoretyczna obejmuje:&nbsp; Cz\u0119\u015b\u0107 praktyczna zawiera:&nbsp; Kto mo\u017ce wzi\u0105\u0107 udzia\u0142 w kursie?&nbsp; W szkoleniu mo\u017ce wzi\u0105\u0107 udzia\u0142 ka\u017cda pe\u0142noletnia osoba, kt\u00f3ra posiada wykszta\u0142cenie co najmniej podstawowe.&nbsp; Termin oraz miejsce zaj\u0119\u0107&nbsp; Najbli\u017cszy termin zaj\u0119\u0107 publikowany jest zawsze na naszej stronie internetowej. Zaj\u0119cia odbywaj\u0105 si\u0119 stacjonarnie w naszej siedzibie w Warszawie lub oddzia\u0142ach na terenie ca\u0142ego kraju. Organizujemy r\u00f3wnie\u017c indywidualne szkolenia w siedzibie firmy klienta.&nbsp; Sposoby gaszenia po\u017car\u00f3w&nbsp; W przypadku zaistnienia po\u017caru nale\u017cy poinformowa\u0107 najpierw odpowiednie s\u0142u\u017cby i przyst\u0105pi\u0107 do akcji ga\u015bniczej. Korzystaj\u0105c z pomocy podr\u0119cznego sprz\u0119tu ga\u015bniczego, kt\u00f3ry znajduje si\u0119 na terenie obiektu, a mianowicie hydrant\u00f3w wewn\u0119trznych lub ga\u015bnic, jeste\u015bmy w stanie zminimalizowa\u0107 zagro\u017cenie. Jednak, aby zacz\u0105\u0107 gasi\u0107 po\u017car nale\u017cy pami\u0119ta\u0107 o zastosowaniu odpowiednio oznaczonej na etykiecie ga\u015bnicy.&nbsp; A&nbsp; Do grupy A zaliczamy pal\u0105ce si\u0119 cia\u0142a sta\u0142e pochodzenia organicznego przy kt\u00f3rych spalaniu wyst\u0119puje zjawisko roz\u017carzenia na przyk\u0142ad drewno lub papier. Aby odpowiednio ugasi\u0107 po\u017car, stosujemy \u015brodek ga\u015bniczy taki jak dwutlenek w\u0119gla (ga\u015bnica \u015bniegowa), proszek ga\u015bniczy, pian\u0119 ga\u015bnicz\u0105 b\u0105d\u017a wod\u0119.&nbsp; B&nbsp; W przypadku spalania si\u0119 cieczy palnych b\u0105d\u017a substancji sta\u0142ych topniej\u0105cych [&hellip;]<\/p>\n","protected":false},"author":6,"featured_media":3958,"parent":65,"menu_order":0,"comment_status":"closed","ping_status":"closed","template":"page-templates\/template-podkategorie.php","meta":{"sfsi_plus_gutenberg_text_before_share":"","sfsi_plus_gutenberg_show_text_before_share":"","sfsi_plus_gutenberg_icon_type":"","sfsi_plus_gutenberg_icon_alignemt":"","sfsi_plus_gutenburg_max_per_row":"","footnotes":""},"class_list":["post-3957","page","type-page","status-publish","has-post-thumbnail","hentry","has_thumb"],"aioseo_notices":[],"_links":{"self":[{"href":"https:\/\/kursy-udt.pl\/de\/wp-json\/wp\/v2\/pages\/3957","targetHints":{"allow":["GET"]}}],"collection":[{"href":"https:\/\/kursy-udt.pl\/de\/wp-json\/wp\/v2\/pages"}],"about":[{"href":"https:\/\/kursy-udt.pl\/de\/wp-json\/wp\/v2\/types\/page"}],"author":[{"embeddable":true,"href":"https:\/\/kursy-udt.pl\/de\/wp-json\/wp\/v2\/users\/6"}],"replies":[{"embeddable":true,"href":"https:\/\/kursy-udt.pl\/de\/wp-json\/wp\/v2\/comments?post=3957"}],"version-history":[{"count":3,"href":"https:\/\/kursy-udt.pl\/de\/wp-json\/wp\/v2\/pages\/3957\/revisions"}],"predecessor-version":[{"id":5542,"href":"https:\/\/kursy-udt.pl\/de\/wp-json\/wp\/v2\/pages\/3957\/revisions\/5542"}],"up":[{"embeddable":true,"href":"https:\/\/kursy-udt.pl\/de\/wp-json\/wp\/v2\/pages\/65"}],"wp:featuredmedia":[{"embeddable":true,"href":"https:\/\/kursy-udt.pl\/de\/wp-json\/wp\/v2\/media\/3958"}],"wp:attachment":[{"href":"https:\/\/kursy-udt.pl\/de\/wp-json\/wp\/v2\/media?parent=3957"}],"curies":[{"name":"wp","href":"https:\/\/api.w.org\/{rel}","templated":true}]}}