{"id":3940,"date":"2022-06-24T07:30:57","date_gmt":"2022-06-24T07:30:57","guid":{"rendered":"https:\/\/kursy-udt.pl\/?page_id=3940"},"modified":"2023-03-21T14:06:34","modified_gmt":"2023-03-21T13:06:34","slug":"lizenz-fur-mobile-aufzuge","status":"publish","type":"page","link":"https:\/\/kursy-udt.pl\/de\/szkolenia\/udt-wdt-tdt\/uprawnienia-podesty-ruchome\/","title":{"rendered":"Erwerben Sie Ihre Lizenz f\u00fcr mobile Plattformen"},"content":{"rendered":"<div class=\"wp-block-image\">\n<figure class=\"alignright size-large is-resized\"><img loading=\"lazy\" decoding=\"async\" src=\"https:\/\/kursy-udt.pl\/wp-content\/uploads\/2022\/06\/74487ced-3bdf-4d69-8de8-41b13a319a9b.637472691776199548.jpg\" alt=\"mobile Plattform\" width=\"285\" height=\"311\"\/><\/figure>\n<\/div>\n\n\n<p>Wir laden Sie zu professionellen Schulungskursen f\u00fcr Bediener von mobilen Arbeitsb\u00fchnen ein. Wir organisieren Kurse f\u00fcr alle Arten dieser Ausr\u00fcstung.<\/p>\n\n\n\n<p>Um mobile Arbeitsb\u00fchnen bedienen zu k\u00f6nnen, ben\u00f6tigen Sie eine Ausbildung, nach der Sie eine Pr\u00fcfung beim Technischen \u00dcberwachungsverein ablegen und bei Bestehen eine Lizenz vom Technischen \u00dcberwachungsverein erhalten. In den Kursen behandeln wir Themen wie die Konstruktion und den Einsatz der Ger\u00e4te sowie die Vorschriften f\u00fcr Sicherheit und Gesundheitsschutz am Arbeitsplatz<\/p>\n\n\n\n<h2 class=\"wp-block-heading\">Informationen zur Ausbildung<\/h2>\n\n\n\n<p>Unsere Spezialisten mit langj\u00e4hriger Erfahrung legen Wert auf ein hohes Niveau der Lehre. Wir m\u00f6chten daher sicherstellen, dass die Teilnehmer nicht nur das Wissen erhalten, das sie brauchen, um in der von ihnen gew\u00e4hlten Kategorie zertifiziert zu werden, sondern dass dieses Wissen ihnen auch das Leben in ihrer t\u00e4glichen Arbeit als Betreiber erleichtert. In diesem Sinne sind alle unsere Programme so geschrieben, dass sie sowohl n\u00fctzliche Informationen als auch praktische Aktivit\u00e4ten enthalten, um zu veranschaulichen, wie es im wirklichen Leben zugeht.&nbsp;<\/p>\n\n\n\n<p>Der Kurs umfasst die folgenden Themen:&nbsp;<\/p>\n\n\n\n<ul class=\"wp-block-list\">\n<li>Arten und Konstruktion von mobilen Plattformen,&nbsp;<\/li>\n\n\n\n<li>die Aufgaben des Bedieners w\u00e4hrend seines Dienstes an der Arbeitsstelle,&nbsp;<\/li>\n\n\n\n<li>Gesundheits- und Sicherheitsvorschriften,&nbsp;<\/li>\n\n\n\n<li>praktische \u00dcbungen,&nbsp;<\/li>\n\n\n\n<li>Informationen \u00fcber die technische \u00dcberwachung der Maschine.&nbsp;<\/li>\n<\/ul>\n\n\n\n<figure class=\"wp-block-embed is-type-video is-provider-youtube wp-block-embed-youtube wp-embed-aspect-16-9 wp-has-aspect-ratio\"><div class=\"wp-block-embed__wrapper\">\n<iframe loading=\"lazy\" title=\"MOBILE PLATTFORMEN UDT OPERATOR\" width=\"500\" height=\"281\" src=\"https:\/\/www.youtube.com\/embed\/sadG__ZRQI8?feature=oembed\" frameborder=\"0\" allow=\"accelerometer; autoplay; clipboard-write; encrypted-media; gyroscope; picture-in-picture; web-share\" referrerpolicy=\"strict-origin-when-cross-origin\" allowfullscreen><\/iframe>\n<\/div><\/figure>\n\n\n\n<h2 class=\"wp-block-heading\">Abschlusspr\u00fcfung&nbsp;<\/h2>\n\n\n\n<p>Am Ende der Schulung legen die Teilnehmer eine Pr\u00fcfung vor einer Kommission des Technischen \u00dcberwachungsamtes ab. Das Bestehen dieser Pr\u00fcfung verleiht Berechtigungen, die je nach Ger\u00e4t zwischen 5 und 10 Jahren g\u00fcltig sind und in ganz Polen anerkannt werden. Auf Wunsch des Absolventen kann das Dokument auch in einer anderen Sprache ausgestellt werden.&nbsp;<\/p>\n\n\n\n<h2 class=\"wp-block-heading\">Die Voraussetzungen f\u00fcr die Anmeldung zu einem Kurs f\u00fcr mobile Plattformen:&nbsp;<\/h2>\n\n\n\n<ul class=\"wp-block-list\">\n<li>mindestens 18 Jahre alt sein,&nbsp;<\/li>\n\n\n\n<li>Mindestgrundschulbildung,&nbsp;<\/li>\n\n\n\n<li>keine Kontraindikationen f\u00fcr die Arbeit in dieser Position haben.&nbsp;<\/li>\n<\/ul>\n\n\n\n<h2 class=\"wp-block-heading\">Wo k\u00f6nnen Sie uns finden?&nbsp;<\/h2>\n\n\n\n<p>Unser Hauptsitz befindet sich in Warschau, und wir bieten auch Schulungen in Kattowitz, Krakau, Lublin, Breslau, Danzig, Lodz, Rzeszow, Bromberg, Bielsko-Biala, Posen und anderen Orten an. Es ist jedoch auch m\u00f6glich, einen Kurs an einem vom Kunden angegebenen Ort in ganz Polen zu organisieren.\u00a0<\/p>\n\n\n\n<figure class=\"wp-block-image size-large is-resized\"><img loading=\"lazy\" decoding=\"async\" src=\"https:\/\/kursy-udt.pl\/wp-content\/uploads\/2022\/06\/191025productheros0808e-w1920.jpg\" alt=\"Gesundheits- und Sicherheitsvorschriften bei der Benutzung von Arbeitsb\u00fchnen\" width=\"797\" height=\"287\"\/><\/figure>\n\n\n\n<h2 class=\"wp-block-heading\">Wie hoch ist der Preis des Kurses?&nbsp;<\/h2>\n\n\n\n<p>Im Vergleich zu anderen Unternehmen ist der Preis bei uns sehr attraktiv, da wir stets darauf achten, dass unsere Preise wettbewerbsf\u00e4hig sind. Wir sind offen f\u00fcr Verhandlungen und gew\u00e4hren kosteng\u00fcnstige Rabatte f\u00fcr Gruppen.&nbsp;&nbsp;<\/p>\n\n\n\n<h2 class=\"wp-block-heading\">Grunds\u00e4tze f\u00fcr den Betrieb von mobilen Arbeitsb\u00fchnen und Freilaufb\u00fchnen<\/h2>\n\n\n\n<p>F\u00fcr die Nutzung mobiler Plattformen sind, wie bereits erw\u00e4hnt, die entsprechenden Genehmigungen erforderlich. Jeder Benutzer, der die Ger\u00e4te bedient, muss die Einsatzbedingungen kennen. Es ist nicht zul\u00e4ssig, die mobilen Arbeitsb\u00fchnen zu benutzen, wenn man nicht mit den Rettungsverfahren vertraut ist oder wenn sich keine Person in der N\u00e4he befindet, die mit den Vorschriften vertraut ist. Der Bediener, der die Maschine bedient, muss jederzeit die Oberfl\u00e4che der mobilen Arbeitsb\u00fchne sowie den Bereich \u00fcber ihr kontrollieren. Er muss die Maschine mit \u00e4u\u00dferster Vorsicht so bedienen, dass er Hindernissen ausweichen kann. Die Arbeitnehmer m\u00fcssen sich an bestimmte Regeln halten, z. B. d\u00fcrfen sie sich nicht \u00fcber das Gel\u00e4nder beugen, sich nicht gegen das Bedienfeld lehnen und keine Gegenst\u00e4nde darauf ablegen. Dar\u00fcber hinaus ist die Benutzung von Mobiltelefonen verboten.&nbsp;<\/p>\n\n\n\n<figure class=\"wp-block-image size-large is-resized\"><img loading=\"lazy\" decoding=\"async\" src=\"https:\/\/kursy-udt.pl\/wp-content\/uploads\/2022\/06\/sc3500_back_01.jpg\" alt=\"die gro\u00dfartigen M\u00f6glichkeiten, die die Ausbildung bietet\" width=\"691\" height=\"461\"\/><\/figure>\n\n\n\n<h2 class=\"wp-block-heading\">Was m\u00fcssen Sie \u00fcber Unf\u00e4lle bei der Arbeit mit mobilen Plattformen wissen?&nbsp;<\/h2>\n\n\n\n<p>Besonderes Augenmerk muss auf die Gr\u00fcnde f\u00fcr das Eintreten von Ereignissen gelegt werden, und dazu geh\u00f6ren:&nbsp;<\/p>\n\n\n\n<ul class=\"wp-block-list\">\n<li>Missachtung von Gesundheits- und Sicherheitsvorschriften,&nbsp;<\/li>\n\n\n\n<li>der verwerfliche Zustand der elektrischen Anlagen des Bahnsteigs,&nbsp;<\/li>\n\n\n\n<li>Unkenntnis der Gebrauchsanweisung f\u00fcr das betreffende Ger\u00e4t,&nbsp;<\/li>\n\n\n\n<li>Verbarrikadierung der Durchg\u00e4nge zu den Arbeitspl\u00e4tzen,&nbsp;<\/li>\n\n\n\n<li>fehlende oder unzureichende Verwendung von Sicherheitseinrichtungen und Schutzvorrichtungen,&nbsp;<\/li>\n\n\n\n<li>mangelhafte Ausr\u00fcstung und daraus resultierende fehlende Inspektion und Wartung,&nbsp;<\/li>\n\n\n\n<li>Es ist auch wichtig, daran zu denken, geeignete pers\u00f6nliche Schutzausr\u00fcstung zu verwenden, um sich vor St\u00fcrzen aus der H\u00f6he zu sch\u00fctzen.&nbsp;<\/li>\n<\/ul>\n\n\n\n<p>Arten von Unf\u00e4llen bei der Arbeit mit mobilen Arbeitsb\u00fchnen:&nbsp;<\/p>\n\n\n\n<ul class=\"wp-block-list\">\n<li>von in Bewegung befindlichen Mechanismen erfasst werden, die nicht ausreichend abgeschirmt sind,&nbsp;<\/li>\n\n\n\n<li>Auswirkungen auf die Struktur und durch unzureichende Kontrolle der Mechanismen verursacht,&nbsp;<\/li>\n\n\n\n<li>Stromschlag,&nbsp;<\/li>\n\n\n\n<li>Sturz aus der H\u00f6he.&nbsp;<\/li>\n<\/ul>\n\n\n\n<p>Einer der h\u00e4ufigsten t\u00f6dlichen Unf\u00e4lle auf fahrbaren Arbeitsb\u00fchnen ist der Stromschlag, da wir bei Arbeiten in der H\u00f6he sehr h\u00e4ufig mit Stromleitungen in Ber\u00fchrung kommen. Weitere h\u00e4ufige Gefahren sind die unzureichende Nutzung und Wartung von Arbeitsb\u00fchnen. Die meisten F\u00e4lle k\u00f6nnen verhindert werden. In unseren Kursen lernen Sie die Vorschriften kennen <a href=\"https:\/\/kursy-udt.pl\/de\/szkolenia\/bhp-bezpieczenstwo-pracy\/prawna-ochrona-pracy\/\">GESUNDHEIT UND SICHERHEIT<\/a>den Umgang mit Gefahren in diesem Bereich sowie mit Arbeiten in der N\u00e4he von elektrischen Netzen und Ger\u00e4ten.&nbsp;<\/p>\n\n\n\n<h2 class=\"wp-block-heading\">Welches sind die wichtigsten Sicherheitsbedingungen am Arbeitsplatz?&nbsp;<\/h2>\n\n\n\n<ul class=\"wp-block-list\">\n<li>Am wichtigsten ist, dass die Grenzen des sicheren Bereichs f\u00fcr die Arbeitnehmer festgelegt, eingez\u00e4unt und entsprechend ausgeschildert werden, damit Unbefugte keinen Zugang dazu haben.&nbsp;<\/li>\n\n\n\n<li>Alle Personen m\u00fcssen mit den Verfahren vertraut sein.&nbsp;<\/li>\n\n\n\n<li>Der markierte Bereich sollte jederzeit \u00fcberwacht werden.&nbsp;<\/li>\n\n\n\n<li>Trennen Sie, wenn m\u00f6glich, Ger\u00e4te und Netzwerke ab. Ist dies jedoch nicht m\u00f6glich, m\u00fcssen sie ordnungsgem\u00e4\u00df abgeschirmt werden.&nbsp;<\/li>\n<\/ul>\n\n\n\n<p>Bei der Bedienung mobiler Arbeitsb\u00fchnen darf auch nicht vergessen werden, dass der Untergrund f\u00fcr die Benutzung geeignet ist. Dies ist eines der Grundprinzipien f\u00fcr den sicheren Einsatz der Ger\u00e4te. Die Auswahl des Untergrunds unter der Maschine hat Einfluss auf den Komfort und die Geschwindigkeit der Bewegung. Der Untergrund muss kompakt und stabil sein, um keine Gefahr am Arbeitsplatz darzustellen. Jede Hebeb\u00fchne mit Eigenantrieb, Scherenb\u00fchne, Korbb\u00fchne oder S\u00e4ulenb\u00fchne muss vor der Benutzung ordnungsgem\u00e4\u00df gepr\u00fcft werden. Mit Hilfe von Visualisierungen k\u00f6nnen wir die Art des Untergrunds genau bestimmen, aber in der Zwischenzeit werden von Fall zu Fall geochemische Untersuchungen durchgef\u00fchrt, da die Art des Untergrunds von den Witterungsbedingungen beeinflusst wird, insbesondere von Regen und Schnee, die den Boden nass werden lassen.&nbsp;<\/p>\n\n\n\n<figure class=\"wp-block-video\"><video controls src=\"https:\/\/kursy-udt.pl\/wp-content\/uploads\/2023\/02\/ACCEPTED-operator-podestow-4K-kursy-udt.mp4\"><\/video><\/figure>\n\n\n\n<h2 class=\"wp-block-heading\">Warum hat die Art des Stra\u00dfenbelags einen so gro\u00dfen Einfluss auf die Sicherheit?&nbsp;<\/h2>\n\n\n\n<ul class=\"wp-block-list\">\n<li>Die sichersten Oberfl\u00e4chen sind nat\u00fcrlich Asphalt, Beton oder Kopfsteinpflaster. Auch hier muss man entsprechend vorsichtig sein. Schmutz oder Auswaschungen des Bodens sind eine besondere Gefahr.&nbsp;<\/li>\n\n\n\n<li>Grasbewachsene B\u00f6den sind einigerma\u00dfen sicher, aber achten Sie darauf, dass sie gut konturiert und flach sind.&nbsp;<\/li>\n\n\n\n<li>Bei der Arbeit auf stillgelegten Fl\u00e4chen inspizieren wir Gruben und nicht markierte Strukturen.&nbsp;<\/li>\n\n\n\n<li>Bei Arbeiten in st\u00e4dtischen Gebieten m\u00fcssen Kanalisationssch\u00e4chte, Tunnel, Gruben, Keller und Abwasserkan\u00e4le ber\u00fccksichtigt werden.&nbsp;<\/li>\n\n\n\n<li>Der Strand geh\u00f6rt zu den schwierigeren Gebieten, was den losen Sand und die Gefahr von Auswaschungen angeht.&nbsp;<\/li>\n<\/ul>\n\n\n\n<p>Anhand der obigen Informationen k\u00f6nnen wir feststellen, dass nicht jedes Gel\u00e4nde als Untergrund f\u00fcr mobile Plattformen geeignet ist. Es ist jedoch m\u00f6glich, sie zu nivellieren und zu stabilisieren, vor allem durch die Verwendung von Holzbrettern. In unserem Kurs lernen Sie diese und andere Informationen, die es Ihnen erm\u00f6glichen, den Untergrund f\u00fcr Korb-, Scheren- und andere Hebeb\u00fchnen vorzubereiten. Sie sind herzlich eingeladen zu <a href=\"https:\/\/kursy-udt.pl\/de\/szkolenia\/podesty-ruchome\/\">Kurse f\u00fcr mobile Plattformen<\/a> An ERGON. In unserem Zentrum erlernen Sie die korrekte Bedienung mobiler Arbeitsb\u00fchnen und erwerben die entsprechenden Qualifikationen im Bereich UDT:&nbsp;<\/p>\n\n\n\n<ul class=\"wp-block-list\">\n<li>mobile Plattformen,\u00a0<\/li>\n\n\n\n<li>station\u00e4re mobile Plattformen,<\/li>\n\n\n\n<li>Mobilfunkmasten,<\/li>\n\n\n\n<li>Ausgesetzte mobile Plattformen,<\/li>\n\n\n\n<li>Plattformen auf Schienenfahrzeugen.<\/li>\n<\/ul>\n\n\n\n<p><strong>Sie k\u00f6nnen sich gerne mit uns in Verbindung setzen.<\/strong><\/p>\n\n\n\n<figure class=\"wp-block-image size-large is-resized\"><img loading=\"lazy\" decoding=\"async\" src=\"https:\/\/kursy-udt.pl\/wp-content\/uploads\/2022\/12\/PODESTY-RUCHOME-kursy-udt.pl_.png\" alt=\"ERGON-Ausbildung\" width=\"765\" height=\"478\"\/><\/figure>","protected":false},"excerpt":{"rendered":"<p>Zapraszamy na profesjonalne szkolenia na operatora podest\u00f3w ruchomych. Organizujemy kursy na wszystkie rodzaje tych urz\u0105dze\u0144. Do obs\u0142ugi podest\u00f3w ruchomych potrzebne jest przeszkolenie, po kt\u00f3rym podchodzi si\u0119 do egzaminu w Urz\u0119dzie Dozoru Technicznego, a po jego zdaniu kursant otrzymuje uprawnienia UDT. Na kursach poruszamy takie tematy jak budowa i zastosowanie urz\u0105dze\u0144, jak r\u00f3wnie\u017c zasady bezpiecze\u0144stwa i higieny pracy Informacje o szkoleniu Nasi specjali\u015bci z wieloletnim do\u015bwiadczeniem stawiaj\u0105 na wysoki poziom nauczania. Dlatego te\u017c zale\u017cy nam, aby kursanci nie tylko otrzymali wiedz\u0119 niezb\u0119dn\u0105 do uzyskania certyfikatu w wybranej przez siebie kategorii, lecz r\u00f3wnie\u017c, aby ta wiedza u\u0142atwia\u0142a \u017cycie w codziennej pracy na stanowisku operatora. Maj\u0105c to na uwadze, wszystkie nasze programy pisane s\u0105 w spos\u00f3b obejmuj\u0105cy korzystne informacje, a tak\u017ce zaj\u0119cia praktyczne, by zilustrowa\u0107, jak wygl\u0105da to w rzeczywisto\u015bci.&nbsp; Kurs obejmuje poni\u017csze informacje:&nbsp; Egzamin ko\u0144cowy&nbsp; Ko\u0144cz\u0105c szkolenie uczestnicy podchodz\u0105 do testu przed komisj\u0105 Urz\u0119du Dozoru Technicznego, a jego pozytywne zdanie nadaje uprawnienia wa\u017cne w zale\u017cno\u015bci od urz\u0105dzenia na czas od 5 do 10 lat i honorowane na terenie ca\u0142ej Polski. Dla potrzeby zdaj\u0105cego, dokument mo\u017ce by\u0107 wydany r\u00f3wnie\u017c w innym j\u0119zyku.&nbsp; Wymagania jakie nale\u017cy spe\u0142ni\u0107, aby m\u00f3c zapisa\u0107 si\u0119 na kurs na podesty ruchome:&nbsp; Gdzie nas znajdziecie?&nbsp; Nasza g\u0142\u00f3wna siedziba znajduje si\u0119 w Warszawie, a dodatkowo prowadzimy r\u00f3wnie\u017c szkolenia m.in. w Katowicach, Krakowie, Lublinie, Wroc\u0142awiu, Gda\u0144sku, \u0141odzi, Rzeszowie, Bydgoszczy i Bielsku\u2013Bia\u0142ej, Poznaniu. Jest jednak mo\u017cliwo\u015b\u0107 zorganizowania kursu w miejscu wskazanym przez klienta na terenie ca\u0142ej Polski.\u00a0 Jaka jest cena kursu?&nbsp; W por\u00f3wnaniu do innych firm, cena u nas jest bardzo atrakcyjna, gdy\u017c zawsze dbamy o to, by [&hellip;]<\/p>\n","protected":false},"author":6,"featured_media":621,"parent":2721,"menu_order":0,"comment_status":"closed","ping_status":"closed","template":"","meta":{"sfsi_plus_gutenberg_text_before_share":"","sfsi_plus_gutenberg_show_text_before_share":"","sfsi_plus_gutenberg_icon_type":"","sfsi_plus_gutenberg_icon_alignemt":"","sfsi_plus_gutenburg_max_per_row":"","footnotes":""},"class_list":["post-3940","page","type-page","status-publish","has-post-thumbnail","hentry","has_thumb"],"aioseo_notices":[],"_links":{"self":[{"href":"https:\/\/kursy-udt.pl\/de\/wp-json\/wp\/v2\/pages\/3940","targetHints":{"allow":["GET"]}}],"collection":[{"href":"https:\/\/kursy-udt.pl\/de\/wp-json\/wp\/v2\/pages"}],"about":[{"href":"https:\/\/kursy-udt.pl\/de\/wp-json\/wp\/v2\/types\/page"}],"author":[{"embeddable":true,"href":"https:\/\/kursy-udt.pl\/de\/wp-json\/wp\/v2\/users\/6"}],"replies":[{"embeddable":true,"href":"https:\/\/kursy-udt.pl\/de\/wp-json\/wp\/v2\/comments?post=3940"}],"version-history":[{"count":5,"href":"https:\/\/kursy-udt.pl\/de\/wp-json\/wp\/v2\/pages\/3940\/revisions"}],"predecessor-version":[{"id":5634,"href":"https:\/\/kursy-udt.pl\/de\/wp-json\/wp\/v2\/pages\/3940\/revisions\/5634"}],"up":[{"embeddable":true,"href":"https:\/\/kursy-udt.pl\/de\/wp-json\/wp\/v2\/pages\/2721"}],"wp:featuredmedia":[{"embeddable":true,"href":"https:\/\/kursy-udt.pl\/de\/wp-json\/wp\/v2\/media\/621"}],"wp:attachment":[{"href":"https:\/\/kursy-udt.pl\/de\/wp-json\/wp\/v2\/media?parent=3940"}],"curies":[{"name":"wp","href":"https:\/\/api.w.org\/{rel}","templated":true}]}}