{"id":3934,"date":"2022-06-23T13:36:14","date_gmt":"2022-06-23T13:36:14","guid":{"rendered":"https:\/\/kursy-udt.pl\/?page_id=3934"},"modified":"2023-03-20T11:03:14","modified_gmt":"2023-03-20T10:03:14","slug":"besonders-gefahrliche-arbeit","status":"publish","type":"page","link":"https:\/\/kursy-udt.pl\/de\/szkolenia\/bhp-bezpieczenstwo-pracy\/prace-szczegolnie-niebezpieczne\/","title":{"rendered":"Schulung von Arbeitnehmern, die besonders gef\u00e4hrliche Arbeiten ausf\u00fchren"},"content":{"rendered":"<p>Wir laden Sie ein, unser Schulungsangebot zu nutzen <a href=\"https:\/\/kursy-udt.pl\/de\/szkolenia\/bhp-bezpieczenstwo-pracy\/prawna-ochrona-pracy\/\">GESUNDHEIT UND SICHERHEIT<\/a> in ODK ERGON! Wir m\u00f6chten Sie daran erinnern, dass Unternehmensleiter und Mitarbeiter verpflichtet sind, die geltenden Vorschriften f\u00fcr die Durchf\u00fchrung besonders gef\u00e4hrlicher Arbeiten zu kennen. Diese Kenntnisse k\u00f6nnen nur durch die Teilnahme an einem entsprechenden Kurs erworben werden. Wir bieten Ihnen eine umfassende und professionelle Weiterbildung im Bereich des Arbeitsschutzes an.&nbsp;<\/p>\n\n\n\n<figure class=\"wp-block-image size-large is-resized\"><img loading=\"lazy\" decoding=\"async\" src=\"https:\/\/kursy-udt.pl\/wp-content\/uploads\/2022\/06\/3.jpg\" alt=\"besonders gef\u00e4hrliche Arbeit\" width=\"849\" height=\"386\"\/><\/figure>\n\n\n\n<h2 class=\"wp-block-heading\">Welche Arbeiten stufen wir als besonders gef\u00e4hrlich ein?\u00a0<\/h2>\n\n\n\n<p>Nach den Arbeitsschutzvorschriften ist eine besonders gef\u00e4hrliche Arbeit eine Arbeit, bei deren Ausf\u00fchrung aufgrund ihrer Art, der verwendeten Gefahrstoffe oder des Ortes, an dem sie ausgef\u00fchrt wird, ein erh\u00f6htes Unfallrisiko besteht. Besonders gef\u00e4hrlich ist definiert als:&nbsp;<\/p>\n\n\n\n<ul class=\"wp-block-list\">\n<li>Bau-, Abbruch-, Renovierungs- und Montagearbeiten, die ohne Unterbrechung des Betriebs der Arbeitsst\u00e4tte oder eines Teils davon durchgef\u00fchrt werden;&nbsp;<\/li>\n\n\n\n<li>Arbeiten in Tanks, Kan\u00e4len, in technischen Anlagen und anderen gef\u00e4hrlichen engen R\u00e4umen sowie Arbeiten mit Gefahrstoffen und Arbeiten in der H\u00f6he;&nbsp;<\/li>\n\n\n\n<li>Arbeiten, die aufgrund anderer Rechtsvorschriften \u00fcber Sicherheit und Gesundheitsschutz oder aufgrund von Anweisungen f\u00fcr den Betrieb von Ger\u00e4ten und Anlagen als besonders gef\u00e4hrlich gelten, sowie andere Arbeiten mit erh\u00f6hten Gefahren oder unter schwierigen Bedingungen, die vom Arbeitgeber als besonders gef\u00e4hrlich eingestuft werden.&nbsp;<\/li>\n<\/ul>\n\n\n\n<h2 class=\"wp-block-heading\">Zweck der Ausbildung&nbsp;<\/h2>\n\n\n\n<p>Nach dem Arbeitsgesetzbuch sind die Arbeitgeber verpflichtet, ihre Arbeitnehmer zu regelm\u00e4\u00dfigen Schulungen \u00fcber Gesundheit und Sicherheit am Arbeitsplatz zu verpflichten. Ziel der von uns angebotenen Schulung ist es, den Teilnehmern das Wissen zu vermitteln, wie sie sichere und hygienische Arbeitsbedingungen in \u00dcbereinstimmung mit den geltenden Rechtsvorschriften und Rechtsakten schaffen k\u00f6nnen. Die Schulungsteilnehmer werden in die Lage versetzt, Probleme im Bereich Sicherheit und Gesundheitsschutz am Arbeitsplatz zu definieren, zu bewerten, zu planen, zu kontrollieren und L\u00f6sungen vorzuschlagen. Nach der von ERGON angebotenen Schulung sind die Auszubildenden in der Lage, die Ursachen von Risiken selbst\u00e4ndig zu untersuchen, zu analysieren und zu verringern. Die Teilnehmer lernen, wie sie mit Arbeitgebern und Arbeitnehmern bei der Ermittlung m\u00f6glicher Risiken zusammenarbeiten k\u00f6nnen.&nbsp;&nbsp;&nbsp;<\/p>\n\n\n\n<figure class=\"wp-block-image size-large is-resized\"><img loading=\"lazy\" decoding=\"async\" src=\"https:\/\/kursy-udt.pl\/wp-content\/uploads\/2022\/06\/dfvd.jpg\" alt=\"Schulungen zu Gesundheit und Sicherheit\" width=\"824\" height=\"549\"\/><\/figure>\n\n\n\n<h2 class=\"wp-block-heading\">Regelm\u00e4\u00dfiges Schulungsprogramm&nbsp;<\/h2>\n\n\n\n<p>Die folgenden Themen werden w\u00e4hrend der Schulung behandelt:&nbsp;<\/p>\n\n\n\n<ul class=\"wp-block-list\">\n<li>besonders gef\u00e4hrliche Arbeiten;&nbsp;<\/li>\n\n\n\n<li>Bestimmungen,&nbsp;<\/li>\n\n\n\n<li>allgemeine Einstufung von besonders gef\u00e4hrlichen Arbeiten,&nbsp;<\/li>\n\n\n\n<li>Verantwortlichkeiten von Managern und F\u00fchrungskr\u00e4ften,&nbsp;<\/li>\n\n\n\n<li>Verfahren,&nbsp;<\/li>\n\n\n\n<li>andere Arbeiten vs. Beaufsichtigung von Mitarbeitern.&nbsp;<\/li>\n\n\n\n<li>Gesetzlicher Arbeitsschutz - \u00dcberwachung durch das Management;&nbsp;<\/li>\n\n\n\n<li>grundlegende Informationen zum Arbeitsrecht,&nbsp;<\/li>\n\n\n\n<li>die geltenden Rechtsvorschriften \u00fcber die Rechte und Pflichten von Arbeitgebern und Arbeitnehmern,&nbsp;<\/li>\n\n\n\n<li>Die aktuelle Gesetzgebung im Bereich der Gesundheitsvorsorge f\u00fcr Arbeitnehmer und der Ausbildung im Bereich Sicherheit und Gesundheitsschutz am Arbeitsplatz und die Auswirkungen auf die Verantwortung des Managements,&nbsp;<\/li>\n\n\n\n<li>die Rolle des Vorgesetzten bei disziplinarischer Entlassung.&nbsp;<\/li>\n\n\n\n<li>Arbeitsunf\u00e4lle - die Rolle des Vorgesetzten;&nbsp;<\/li>\n\n\n\n<li>den aktuellen Stand der Gesetzgebung,&nbsp;<\/li>\n\n\n\n<li>den Begriff des Arbeitsunfalls,&nbsp;<\/li>\n\n\n\n<li>das Konzept eines Unfalls, der als Arbeitsunfall behandelt wird,&nbsp;<\/li>\n\n\n\n<li>das Konzept des Beinahe-Unfalls,&nbsp;<\/li>\n\n\n\n<li>Aufschl\u00fcsselung der Unf\u00e4lle nach Folgen (t\u00f6dlich, schwer, kollektiv),&nbsp;<\/li>\n\n\n\n<li>Arbeitsunf\u00e4lle und andere arbeitsbedingte Unf\u00e4lle im Lichte der Rechtsprechung des Obersten Gerichtshofs,&nbsp;<\/li>\n\n\n\n<li>Konsum von Alkohol, Rauschmitteln und Arbeitsunf\u00e4llen,&nbsp;<\/li>\n\n\n\n<li>die Verfolgung einer zivilrechtlichen Unfallklage,&nbsp;<\/li>\n\n\n\n<li>die Zust\u00e4ndigkeiten von Managern, Gesundheits- und Sicherheitsdiensten, Wartungsdiensten und der gesamten Betriebsleitung.&nbsp;<\/li>\n\n\n\n<li>die materielle und pers\u00f6nliche Haftung der Arbeitnehmer;&nbsp;<\/li>\n\n\n\n<li>Arten von Sanktionen,&nbsp;<\/li>\n\n\n\n<li>Anwendbarkeit,&nbsp;<\/li>\n\n\n\n<li>Verfahren f\u00fcr die Verh\u00e4ngung von Disziplinarstrafen.&nbsp;<\/li>\n<\/ul>\n\n\n\n<figure class=\"wp-block-image size-large is-resized\"><img loading=\"lazy\" decoding=\"async\" src=\"https:\/\/kursy-udt.pl\/wp-content\/uploads\/2022\/06\/Promoting-Safety-Behavior-at-Work.jpg\" alt=\"regelm\u00e4\u00dfige Schulungen im Bereich Gesundheit und Sicherheit am Arbeitsplatz\" width=\"834\" height=\"475\"\/><\/figure>\n\n\n\n<h2 class=\"wp-block-heading\">Vorteile der Wahl eines ERGON-Angebots&nbsp;<\/h2>\n\n\n\n<p>Die von ODK ERGON angebotenen Kurse garantieren ein professionelles Personal, das sich aus Experten f\u00fcr Arbeitsschutz und Brandschutz zusammensetzt. Bei den Schulungen kommen die neuesten Lehrmethoden zum Einsatz, z. B. Aktivierungsmethoden, dank derer die Teilnehmer aktiv am Unterricht teilnehmen und so die M\u00f6glichkeit haben, eine Sicherheitskultur an ihrem Arbeitsplatz aufzubauen.&nbsp;<\/p>\n\n\n\n<h2 class=\"wp-block-heading\">Wie oft sollten Schulungen zu Sicherheit und Gesundheitsschutz organisiert und besucht werden?&nbsp;<\/h2>\n\n\n\n<p>In regelm\u00e4\u00dfigen Abst\u00e4nden werden Schulungen durchgef\u00fchrt, um das Wissen \u00fcber Gesundheit und Sicherheit am Arbeitsplatz zu aktualisieren. Sie werden in \u00dcbereinstimmung mit den Bestimmungen der Verordnung (Dz.U.2004.180.1860.) durchgef\u00fchrt.&nbsp;<\/p>\n\n\n\n<figure class=\"wp-block-table\"><table><tbody><tr><td><strong>Position am Arbeitsplatz<\/strong>&nbsp;<\/td><td><strong>H\u00e4ufigkeit der regelm\u00e4\u00dfigen Fortbildung<\/strong>&nbsp;<\/td><\/tr><tr><td>Arbeitgeber und F\u00fchrungskr\u00e4fte&nbsp;<\/td><td>einmal alle 5 Jahre&nbsp;<\/td><\/tr><tr><td>Ingenieurwesen und technisches Personal\u00a0<\/td><td>einmal alle 5 Jahre&nbsp;<\/td><\/tr><tr><td>Personen, die im Bereich Gesundheit und Sicherheit am Arbeitsplatz besch\u00e4ftigt sind&nbsp;<\/td><td>einmal alle 5 Jahre&nbsp;<\/td><\/tr><tr><td>Arbeitnehmer in Arbeiterberufen (hohes Gesundheits- und Unfallrisiko)&nbsp;<\/td><td>einmal alle 1 Jahr&nbsp;<\/td><\/tr><tr><td>Arbeitnehmer in Arbeiterberufen&nbsp;<\/td><td>einmal alle 3 Jahre&nbsp;<\/td><\/tr><tr><td>Verwaltungs- und B\u00fcropersonal und andere\u00a0<\/td><td>einmal alle 6 Jahre&nbsp;<\/td><\/tr><\/tbody><\/table><\/figure>\n\n\n\n<h2 class=\"wp-block-heading\">Wer muss eine Schulung zu Sicherheit und Gesundheitsschutz absolvieren?&nbsp;<\/h2>\n\n\n\n<p>Das Arbeitsgesetzbuch verpflichtet den Arbeitgeber, den Arbeitnehmer in Fragen der Sicherheit und des Gesundheitsschutzes zu schulen, bevor er ihn zur Arbeit zul\u00e4sst, und eine regelm\u00e4\u00dfige Schulung in diesem Bereich zu organisieren. Verf\u00fcgt ein Arbeitnehmer nicht \u00fcber die erforderlichen Qualifikationen und <a href=\"https:\/\/kursy-udt.pl\/de\/uprawnienia-udt\/kategorie-uprawnien-2\/\">Kr\u00e4fte<\/a> oder die erforderlichen F\u00e4higkeiten sowie die Kenntnis der Vorschriften nicht besitzt, kann er\/sie aus Sicherheitsgr\u00fcnden nicht zur Arbeit zugelassen werden. Alle Besch\u00e4ftigten m\u00fcssen unabh\u00e4ngig von der Art der ausgef\u00fchrten Arbeit in Sicherheit und Gesundheitsschutz geschult werden, einschlie\u00dflich:&nbsp;<\/p>\n\n\n\n<ul class=\"wp-block-list\">\n<li>Personen, die im Rahmen zivilrechtlicher Vertr\u00e4ge besch\u00e4ftigt sind;&nbsp;<\/li>\n\n\n\n<li>Personen, die zu Ausbildungszwecken besch\u00e4ftigt werden.&nbsp;<\/li>\n<\/ul>\n\n\n\n<h2 class=\"wp-block-heading\">Warum eine Ausbildung bei ERGON?&nbsp;<\/h2>\n\n\n\n<p>Wenn Sie sich f\u00fcr unsere Schulungen entscheiden, k\u00f6nnen Sie sicher sein, dass Ihre Mitarbeiter ein fundiertes Wissen \u00fcber die Gesundheits- und Sicherheitsanforderungen f\u00fcr bestimmte Positionen, insbesondere f\u00fcr besonders gef\u00e4hrliche, erhalten. Sollten Sie Fragen zu unserem Angebot haben <a href=\"https:\/\/kursy-udt.pl\/de\/kontakt\/\">Bitte kontaktieren Sie uns<\/a> - unsere Mitarbeiter helfen Ihnen gerne bei der Kl\u00e4rung von Zweifeln. Wir ermutigen Sie, unsere Dienste in Anspruch zu nehmen! Das Team <a href=\"https:\/\/kursy-udt.pl\/de\/o-firmie\/\">ERGON Zentrum f\u00fcr Personalentwicklung<\/a>&nbsp;<\/p>\n\n\n\n<figure class=\"wp-block-image size-large is-resized\"><img loading=\"lazy\" decoding=\"async\" src=\"https:\/\/kursy-udt.pl\/wp-content\/uploads\/2023\/01\/86-BHP-kursy-udt.pl_.png\" alt=\"ERGON-Ausbildung\" width=\"835\" height=\"522\"\/><\/figure>","protected":false},"excerpt":{"rendered":"<p>Zapraszamy do skorzystania z oferty szkole\u0144 BHP w ODK ERGON! Przypominamy, \u017ce kadra zarz\u0105dzaj\u0105ca przedsi\u0119biorstwem oraz pracownicy s\u0105 zobowi\u0105zani do znajomo\u015bci obowi\u0105zuj\u0105cych przepis\u00f3w dotycz\u0105cych wykonywania prac szczeg\u00f3lnie niebezpiecznych. Wiedz\u0119 t\u0119 mo\u017cna zdoby\u0107 jedynie przez uczestnictwo w odpowiednim kursie. Oferujemy kompleksowe i profesjonalne szkolenia okresowe z zakresu bezpiecze\u0144stwa i higieny pracy.&nbsp; Jakie prace zaliczamy do szczeg\u00f3lnie niebezpiecznych?\u00a0 Wed\u0142ug przepis\u00f3w BHP prace szczeg\u00f3lnie niebezpieczne to takie zadania, kt\u00f3rych wykonywanie zwi\u0119ksza zagro\u017cenie wypadkowe ze wzgl\u0119du na ich specyfik\u0119, wykorzystywane materia\u0142y niebezpieczne lub miejsce ich wykonywania. Przez szczeg\u00f3lnie niebezpieczne rozumie si\u0119:&nbsp; Cel szkolenia&nbsp; Zgodnie z kodeksem pracy pracodawca ma obowi\u0105zek skierowa\u0107 swoich pracownik\u00f3w na okresowe szkolenie z zakresu bezpiecze\u0144stwa i higieny pracy. Celem oferowanego przez nas szkolenia jest przekazanie uczestnikom wiedzy o tworzeniu bezpiecznych i higienicznych warunk\u00f3w pracy zgodnie z obowi\u0105zuj\u0105cymi przepisami i aktami prawnymi. Kursant b\u0119dzie potrafi\u0142 definiowa\u0107, ocenia\u0107, planowa\u0107, kontrolowa\u0107 i sugerowa\u0107 rozwi\u0105zania problem\u00f3w BHP wyst\u0119puj\u0105cych w zak\u0142adzie pracy. Po przej\u015bciu oferowanego przez ERGON szkolenia, kursanci b\u0119d\u0105 w stanie samodzielnie bada\u0107, analizowa\u0107 oraz redukowa\u0107 przyczyny zagro\u017ce\u0144. Uczestnicy naucz\u0105 si\u0119 jak wsp\u00f3\u0142pracowa\u0107 z pracodawcami i pracownikami w okre\u015blaniu mo\u017cliwych zagro\u017ce\u0144.&nbsp;&nbsp;&nbsp; Program szkolenia okresowego&nbsp; W trakcie szkolenia zostan\u0105 poruszone nast\u0119puj\u0105ce zagadnienia:&nbsp; Korzy\u015bci z wyboru oferty ERGON&nbsp; Oferowane przez ODK ERGON kursy gwarantuj\u0105 profesjonaln\u0105 kadr\u0119 z\u0142o\u017con\u0105 z ekspert\u00f3w z dziedziny BHP i PPO\u017b. Podczas szkole\u0144 korzystamy z najnowszych metod nauczania np. aktywizacyjnych, dzi\u0119ki czemu uczestnicy bior\u0105 aktywny udzia\u0142 w zaj\u0119ciach, co pozwala im dostrzec mo\u017cliwo\u015b\u0107 budowania w swoim miejscu pracy kultury bezpiecze\u0144stwa.&nbsp; Jak cz\u0119sto nale\u017cy organizowa\u0107 i uczestniczy\u0107 w szkoleniach BHP?&nbsp; Szkolenia okresowe przeprowadza si\u0119, by aktualizowa\u0107 wiedz\u0119 z zakresu [&hellip;]<\/p>\n","protected":false},"author":6,"featured_media":3937,"parent":2792,"menu_order":0,"comment_status":"closed","ping_status":"closed","template":"","meta":{"sfsi_plus_gutenberg_text_before_share":"","sfsi_plus_gutenberg_show_text_before_share":"","sfsi_plus_gutenberg_icon_type":"","sfsi_plus_gutenberg_icon_alignemt":"","sfsi_plus_gutenburg_max_per_row":"","footnotes":""},"class_list":["post-3934","page","type-page","status-publish","has-post-thumbnail","hentry","has_thumb"],"aioseo_notices":[],"_links":{"self":[{"href":"https:\/\/kursy-udt.pl\/de\/wp-json\/wp\/v2\/pages\/3934","targetHints":{"allow":["GET"]}}],"collection":[{"href":"https:\/\/kursy-udt.pl\/de\/wp-json\/wp\/v2\/pages"}],"about":[{"href":"https:\/\/kursy-udt.pl\/de\/wp-json\/wp\/v2\/types\/page"}],"author":[{"embeddable":true,"href":"https:\/\/kursy-udt.pl\/de\/wp-json\/wp\/v2\/users\/6"}],"replies":[{"embeddable":true,"href":"https:\/\/kursy-udt.pl\/de\/wp-json\/wp\/v2\/comments?post=3934"}],"version-history":[{"count":3,"href":"https:\/\/kursy-udt.pl\/de\/wp-json\/wp\/v2\/pages\/3934\/revisions"}],"predecessor-version":[{"id":5517,"href":"https:\/\/kursy-udt.pl\/de\/wp-json\/wp\/v2\/pages\/3934\/revisions\/5517"}],"up":[{"embeddable":true,"href":"https:\/\/kursy-udt.pl\/de\/wp-json\/wp\/v2\/pages\/2792"}],"wp:featuredmedia":[{"embeddable":true,"href":"https:\/\/kursy-udt.pl\/de\/wp-json\/wp\/v2\/media\/3937"}],"wp:attachment":[{"href":"https:\/\/kursy-udt.pl\/de\/wp-json\/wp\/v2\/media?parent=3934"}],"curies":[{"name":"wp","href":"https:\/\/api.w.org\/{rel}","templated":true}]}}