{"id":3928,"date":"2022-06-23T13:24:17","date_gmt":"2022-06-23T13:24:17","guid":{"rendered":"https:\/\/kursy-udt.pl\/?page_id=3928"},"modified":"2023-03-20T13:37:41","modified_gmt":"2023-03-20T12:37:41","slug":"raucher-kocher","status":"publish","type":"page","link":"https:\/\/kursy-udt.pl\/de\/szkolenia\/sep-uprawnienia-do-1kv\/palacz-kotlow\/","title":{"rendered":"Ausbildung eines Brenners f\u00fcr einen Zentralheizungskessel. - Qualifikationen im Bereich W\u00e4rmeenergie"},"content":{"rendered":"<div class=\"wp-block-image\">\n<figure class=\"alignright size-large is-resized\"><img loading=\"lazy\" decoding=\"async\" src=\"https:\/\/kursy-udt.pl\/wp-content\/uploads\/2022\/06\/HTB1hi7WJmrqK1RjSZK9q6xyypXaN-scaled.jpg\" alt=\"Verpflichtungen des Rauchers\" width=\"304\" height=\"269\"\/><\/figure>\n<\/div>\n\n\n<p><a href=\"https:\/\/kursy-udt.pl\/de\/o-firmie\/\">ERGON-Zentrum f\u00fcr Personalverbesserung<\/a> l\u00e4dt Sie ein, sich f\u00fcr die Ausbildung zum\/zur Zentralheizungskessel- und Herdfeuerungsbauer\/in der Klasse G2 anzumelden. Wir bereiten Sie professionell und umfassend auf den Beruf und das Bestehen der staatlichen Pr\u00fcfung vor. Wer mit Heizungsanlagen, -netzen und -ger\u00e4ten arbeiten will, braucht die richtige Qualifikation. Eine Person mit <a href=\"https:\/\/kursy-udt.pl\/de\/uprawnienia-udt\/kategorie-uprawnien-2\/\">Anrechte<\/a> Der CO-Heizer hat ein breites Spektrum an Besch\u00e4ftigungsm\u00f6glichkeiten und kann als Heizkesselw\u00e4rter f\u00fcr Gaszentralheizungen, Dampfkesselw\u00e4rter, CO-Wasserrostkesselw\u00e4rter und viele andere arbeiten.\u00a0<\/p>\n\n\n\n<h2 class=\"wp-block-heading\">Zweck des Kurses&nbsp;<\/h2>\n\n\n\n<p>Der Lehrgang richtet sich an Personen, die mit dem t\u00e4glichen Betrieb und der Beaufsichtigung von Anlagen zur Erzeugung, Verarbeitung, \u00dcbertragung und zum Verbrauch von W\u00e4rme befasst sind oder die eine T\u00e4tigkeit als CO-Brenner aufnehmen m\u00f6chten. Der von ERGON angebotene Kurs bietet eine theoretische und praktische Vorbereitung auf den Betrieb von Heizkesseln sowie auf die Qualifikationspr\u00fcfung zur Erlangung von Genehmigungen f\u00fcr den Betrieb und die Beaufsichtigung bestimmter Arten von Heizkesseln.&nbsp;<strong>&nbsp;<\/strong>&nbsp;<\/p>\n\n\n\n<h2 class=\"wp-block-heading\">Durch den Kurs erworbene Kenntnisse&nbsp;<\/h2>\n\n\n\n<p>W\u00e4hrend des Kurses lernen die Auszubildenden die Vorschriften f\u00fcr die technische \u00dcberwachung, die Organisation von Arbeiten an thermischen Anlagen, thermische Techniken, die Aufgaben eines Zentralheizungsheizers, Arten und Methoden des Kessel- und Herdbetriebs, die verwendeten Brennstoffarten und Sicherheitsvorschriften kennen. Dar\u00fcber hinaus werden in der Ausbildung Themen behandelt wie:&nbsp;<\/p>\n\n\n<div class=\"wp-block-image\">\n<figure class=\"alignright size-large is-resized\"><img loading=\"lazy\" decoding=\"async\" src=\"https:\/\/kursy-udt.pl\/wp-content\/uploads\/2022\/06\/Gas-Turbine.jpg\" alt=\"technische \u00dcberwachung\" width=\"405\" height=\"269\"\/><\/figure>\n<\/div>\n\n\n<ul class=\"wp-block-list\">\n<li>Allgemeine Bestimmungen und Informationen zur technischen \u00dcberwachung,&nbsp;<\/li>\n\n\n\n<li>Organisation des Arbeitsplatzes unter Beachtung der Sicherheitsvorschriften und -bestimmungen,&nbsp;<\/li>\n\n\n\n<li>Aufgaben als Heizkessel und Zentralheizungsherd Heizer,&nbsp;<\/li>\n\n\n\n<li>Wege, um die Kessel in st\u00e4ndiger Betriebsbereitschaft zu halten,&nbsp;<\/li>\n\n\n\n<li>Diagramme der CO-Kesselanlage,&nbsp;<\/li>\n\n\n\n<li>Bedienung von Kontroll- und Messger\u00e4ten,\u00a0<\/li>\n\n\n\n<li>Netze und thermische Anlagen,&nbsp;<\/li>\n\n\n\n<li>die Dampf- und Hei\u00dfwasseranlagen in der Industrie,&nbsp;<\/li>\n\n\n\n<li>Regeln <a href=\"https:\/\/kursy-udt.pl\/de\/szkolenia\/bhp-bezpieczenstwo-pracy\/prawna-ochrona-pracy\/\">GESUNDHEIT UND SICHERHEIT<\/a> als Heizer f\u00fcr den Zentralheizungskessel.&nbsp;<\/li>\n<\/ul>\n\n\n\n<h2 class=\"wp-block-heading\">Preis der Ausbildung&nbsp;<\/h2>\n\n\n\n<p>Schulungen bei ERGON garantieren einen professionellen Ansatz und attraktive Preise. Die Kosten f\u00fcr Gruppenschulungen f\u00fcr Unternehmen h\u00e4ngen von der Anzahl der Teilnehmer und der Dauer des Kurses ab. Bitte kontaktieren Sie uns f\u00fcr weitere Informationen. Unsere Mitarbeiter werden alle Ihre Fragen beantworten.&nbsp;<\/p>\n\n\n\n<h2 class=\"wp-block-heading\">Ort der Ausbildung&nbsp;<\/h2>\n\n\n\n<p>Die W\u00e4rmeschulungen finden in Warschau und in unseren Niederlassungen im ganzen Land statt. F\u00fcr organisierte Gruppen bieten wir auch Schulungen unter Ausschluss der \u00d6ffentlichkeit an - in diesem Fall reisen wir nach Absprache zum Kunden.&nbsp;<strong>&nbsp;<\/strong>&nbsp;<\/p>\n\n\n\n<h2 class=\"wp-block-heading\">Anforderungen&nbsp;<\/h2>\n\n\n<div class=\"wp-block-image\">\n<figure class=\"alignright size-large is-resized\"><img loading=\"lazy\" decoding=\"async\" src=\"https:\/\/kursy-udt.pl\/wp-content\/uploads\/2022\/06\/preview-123.jpg\" alt=\"SEP-Pr\u00fcfung\" width=\"359\" height=\"222\"\/><\/figure>\n<\/div>\n\n\n<p>Die Ausbildung zum Heizungsfachmann\/zur Heizungsfachfrau CH richtet sich an Personen, die Kompetenzen f\u00fcr die \u00dcberwachung oder Bedienung von Heizungsanlagen, -installationen und -netzen erwerben m\u00fcssen. Um die Pr\u00fcfung f\u00fcr die G2-Qualifikation ablegen zu k\u00f6nnen, m\u00fcssen Sie drei Bedingungen erf\u00fcllen: Sie m\u00fcssen mindestens 18 Jahre alt sein, \u00fcber eine Grundausbildung verf\u00fcgen und ein Gesundheitszeugnis vorlegen, aus dem hervorgeht, dass keine Gegenanzeigen f\u00fcr die Aus\u00fcbung dieses Berufs vorliegen.&nbsp;<strong>&nbsp;<\/strong>&nbsp;<\/p>\n\n\n\n<h2 class=\"wp-block-heading\">Berechtigungen&nbsp;<\/h2>\n\n\n\n<p>Der Kurs schlie\u00dft mit einer Pr\u00fcfung ab, in der die erworbenen Kenntnisse vor einem Qualifikationsausschuss der SEP oder PSE, SIMP, SITPS getestet werden. Bei positivem Ergebnis erhalten Sie ein Zertifikat, das die erworbenen Qualifikationen best\u00e4tigt. Sie sind 5 Jahre lang g\u00fcltig.&nbsp;<strong>&nbsp;<\/strong>&nbsp;<\/p>\n\n\n\n<h2 class=\"wp-block-heading\">Aufgaben eines Heizkesselw\u00e4rters&nbsp;<\/h2>\n\n\n\n<p>Dieser Beruf umfasst den Betrieb und die st\u00e4ndige \u00dcberwachung verschiedener Kesseltypen, je nach dem f\u00fcr die Versorgung verwendeten Brennstoff. Der Heizer erf\u00fcllt seine Aufgaben, indem er die Anweisungen f\u00fcr die jeweiligen Ger\u00e4te, Armaturen und Hilfseinrichtungen sowie die Anweisungen f\u00fcr den Betrieb des Kesselraums beachtet. Die Art und Weise, wie diese T\u00e4tigkeit ausgef\u00fchrt wird, und die Aufgaben h\u00e4ngen von der Art des Kessels ab.&nbsp;<strong>&nbsp;<\/strong>&nbsp;<\/p>\n\n\n\n<figure class=\"wp-block-table\"><table><tbody><tr><td><strong>Typ des Kessels<\/strong>&nbsp;<\/td><td><strong>Stellenbeschreibung<\/strong>&nbsp;<\/td><td><strong>Art der Durchf\u00fchrung<\/strong>&nbsp;<\/td><\/tr><tr><td><strong>Gasheizkessel<\/strong>&nbsp;<\/td><td>Der Brenner des Gaskessels startet, \u00fcberwacht und steuert den Kessel, schaltet die Brenner ein, kontrolliert die Temperatur und \u00fcberwacht den Verbrennungsprozess.&nbsp;<\/td><td>Aufrechterhaltung der st\u00e4ndigen Betriebsbereitschaft der Heizkessel;\u00a0<br>Z\u00fcndung der Brenner;\u00a0<br>\u00dcberpr\u00fcfung und Ablesen der Anzeigen von Kontroll- und Messger\u00e4ten;\u00a0<br>Steuern und \u00dcberwachen der Inbetriebnahme und des Betriebs von gasbefeuerten Zentralheizungskesseln und Brennstoffversorgungsanlagen;\u00a0<br>Druck- und Temperatur\u00fcberwachung;\u00a0<br>Zugabe von Stoffen f\u00fcr die Regeneration des Bettes in Wasserenth\u00e4rtungsanlagen;\u00a0<br>Einstellung der Armaturen und des Gasweges des Heizkessels;\u00a0<br>Filter, Abgasrohre und W\u00e4rmeaustauschfl\u00e4chen sauber halten.\u00a0<\/td><\/tr><tr><td><strong>Dampfkessel<\/strong>&nbsp;<\/td><td>Der Dampferzeuger transportiert die Brennstoffmasse zu den Trichtern, hydriert die Kessel und Roste und z\u00fcndet das Feuer im Feuerraum an. Zu seinen Aufgaben geh\u00f6rt auch das Sp\u00fclen und Entl\u00fcften der Kessel.&nbsp;<\/td><td>um eine ordnungsgem\u00e4\u00dfe Verbrennung und Rauchgasabsaugung durchzuf\u00fchren;\u00a0<br>Aufrechterhaltung der st\u00e4ndigen Betriebsbereitschaft der Heizkessel;\u00a0<br>Inbetriebnahme von Dampfkesseln und Beaufsichtigung des Betriebs von Brennstoffversorgungssystemen;\u00a0<br>\u00dcberwachung von Druck-, Temperatur- und Luftzugmessern;\u00a0<br>Auswahl der optimalen Betriebsparameter des Kessels.\u00a0<\/td><\/tr><\/tbody><\/table><\/figure>\n\n\n\n<h2 class=\"wp-block-heading\">Eine Ausbildung bei uns lohnt sich, denn:<\/h2>\n\n\n\n<ul class=\"wp-block-list\">\n<li>wir verf\u00fcgen \u00fcber langj\u00e4hrige Erfahrung in der Vorbereitung von Betreibern thermischer Anlagen;\u00a0<\/li>\n\n\n\n<li>Das Ausbildungspersonal setzt sich aus Fachleuten und qualifizierten Mitarbeitern aus gro\u00dfen Unternehmen zusammen, die W\u00e4rmenetze einsetzen;&nbsp;<\/li>\n\n\n\n<li>wir konzentrieren uns auf praktische F\u00e4higkeiten.&nbsp;<\/li>\n<\/ul>\n\n\n\n<p>Wenn Sie Fragen zu unserem Angebot haben, <a href=\"https:\/\/kursy-udt.pl\/de\/kontakt\/\">Bitte kontaktieren Sie uns<\/a> - unsere Mitarbeiter helfen Ihnen gerne bei der Kl\u00e4rung von Zweifeln. Wir ermutigen Sie, unsere Dienste in Anspruch zu nehmen!\u00a0<\/p>\n\n\n\n<figure class=\"wp-block-image size-large is-resized\"><img loading=\"lazy\" decoding=\"async\" src=\"https:\/\/kursy-udt.pl\/wp-content\/uploads\/2023\/01\/Palacz-kotlow-CO-kursy-udt.pl_.png\" alt=\"ERGON-Kurse\" width=\"781\" height=\"488\"\/><\/figure>","protected":false},"excerpt":{"rendered":"<p>O\u015brodek Doskonalenia Kadr ERGON zaprasza do zapis\u00f3w na szkolenie palacza kot\u0142\u00f3w i piec\u00f3w centralnego ogrzewania z kategorii G2. Zajmujemy si\u0119 profesjonalnym i kompleksowym przygotowaniem do zawodu oraz pozytywnego zdania egzaminu pa\u0144stwowego. Je\u015bli chcesz pracowa\u0107 z instalacjami, sieciami i urz\u0105dzeniami cieplnymi, musisz posiada\u0107 odpowiednie kwalifikacje. Osoba posiadaj\u0105ca uprawnienia palacza CO ma wiele opcji zatrudnienia i mo\u017ce pracowa\u0107 mi\u0119dzy innymi na stanowisku palacza gazowych kot\u0142\u00f3w centralnego ogrzewania, operatora kot\u0142\u00f3w parowych, palacza wodnych rusztowych kot\u0142\u00f3w CO i na wielu innych.\u00a0 Cel kursu&nbsp; Szkolenie przeznaczone jest dla os\u00f3b, kt\u00f3re na co dzie\u0144 zajmuj\u0105 si\u0119 eksploatacj\u0105 i dozorem urz\u0105dze\u0144 wytwarzaj\u0105cych, przetwarzaj\u0105cych, przesy\u0142aj\u0105cych i zu\u017cywaj\u0105cych ciep\u0142o lub pragn\u0105 rozpocz\u0105\u0107 prac\u0119 na stanowisku palacza CO. Kurs oferowany przez ERGON zapewnia teoretyczne i praktyczne przygotowanie do obs\u0142ugi kot\u0142\u00f3w oraz egzaminu kwalifikacyjnego, by uzyska\u0107 uprawnienia eksploatacji i dozoru poszczeg\u00f3lnych rodzaj\u00f3w kot\u0142\u00f3w.&nbsp;&nbsp;&nbsp; Wiedza zdobyta w trakcie kursu&nbsp; Kursanci w trakcie szkolenia poznaj\u0105 przepisy o dozorze technicznym, organizacji pracy przy urz\u0105dzeniach cieplnych, techniki cieplne, obowi\u0105zki palacza CO, rodzaje i metody eksploatacji kot\u0142\u00f3w i piec\u00f3w, typy u\u017cywanych paliw oraz zasady bezpiecze\u0144stwa. Ponadto w trakcie szkolenia zostan\u0105 poruszone zagadnienia takie jak:&nbsp; Cena szkolenia&nbsp; Szkolenia w ERGON gwarantuj\u0105 profesjonalne podej\u015bcie oraz atrakcyjne ceny. Koszt szkolenia grupowego dla firm zale\u017cy od ilo\u015bci zg\u0142oszonych os\u00f3b i d\u0142ugo\u015bci kursu. W celu uzyskania szczeg\u00f3\u0142owych informacji zapraszamy do kontaktu. Nasi pracownicy odpowiedz\u0105 na wszelkie Pa\u0144stwa pytania.&nbsp; Miejsce szkolenia&nbsp; Szkolenia ciep\u0142ownicze odbywaj\u0105 si\u0119 w Warszawie oraz w naszych oddzia\u0142ach na terenie ca\u0142ego kraju. Oferujemy r\u00f3wnie\u017c szkolenia w formie zamkni\u0119tej dla grup zorganizowanych \u2013 w\u00f3wczas doje\u017cd\u017camy do klienta, po uzgodnieniu warunk\u00f3w.&nbsp;&nbsp;&nbsp; Wymagania&nbsp; Szkolenie palacza kot\u0142\u00f3w CO [&hellip;]<\/p>\n","protected":false},"author":6,"featured_media":3929,"parent":2411,"menu_order":0,"comment_status":"closed","ping_status":"closed","template":"","meta":{"sfsi_plus_gutenberg_text_before_share":"","sfsi_plus_gutenberg_show_text_before_share":"","sfsi_plus_gutenberg_icon_type":"","sfsi_plus_gutenberg_icon_alignemt":"","sfsi_plus_gutenburg_max_per_row":"","footnotes":""},"class_list":["post-3928","page","type-page","status-publish","has-post-thumbnail","hentry","has_thumb"],"aioseo_notices":[],"_links":{"self":[{"href":"https:\/\/kursy-udt.pl\/de\/wp-json\/wp\/v2\/pages\/3928","targetHints":{"allow":["GET"]}}],"collection":[{"href":"https:\/\/kursy-udt.pl\/de\/wp-json\/wp\/v2\/pages"}],"about":[{"href":"https:\/\/kursy-udt.pl\/de\/wp-json\/wp\/v2\/types\/page"}],"author":[{"embeddable":true,"href":"https:\/\/kursy-udt.pl\/de\/wp-json\/wp\/v2\/users\/6"}],"replies":[{"embeddable":true,"href":"https:\/\/kursy-udt.pl\/de\/wp-json\/wp\/v2\/comments?post=3928"}],"version-history":[{"count":5,"href":"https:\/\/kursy-udt.pl\/de\/wp-json\/wp\/v2\/pages\/3928\/revisions"}],"predecessor-version":[{"id":5534,"href":"https:\/\/kursy-udt.pl\/de\/wp-json\/wp\/v2\/pages\/3928\/revisions\/5534"}],"up":[{"embeddable":true,"href":"https:\/\/kursy-udt.pl\/de\/wp-json\/wp\/v2\/pages\/2411"}],"wp:featuredmedia":[{"embeddable":true,"href":"https:\/\/kursy-udt.pl\/de\/wp-json\/wp\/v2\/media\/3929"}],"wp:attachment":[{"href":"https:\/\/kursy-udt.pl\/de\/wp-json\/wp\/v2\/media?parent=3928"}],"curies":[{"name":"wp","href":"https:\/\/api.w.org\/{rel}","templated":true}]}}