{"id":3915,"date":"2022-06-23T11:46:18","date_gmt":"2022-06-23T11:46:18","guid":{"rendered":"https:\/\/kursy-udt.pl\/?page_id=3915"},"modified":"2023-03-20T12:38:53","modified_gmt":"2023-03-20T11:38:53","slug":"gerustbauer","status":"publish","type":"page","link":"https:\/\/kursy-udt.pl\/de\/szkolenia\/montazysta-rusztowan\/","title":{"rendered":"ERGON-Kurs f\u00fcr professionelle Ger\u00fcstbauer"},"content":{"rendered":"<p>Die Ausbildung befasst sich mit allen Aspekten eines Metallger\u00fcstbauers. Um in dieser Position arbeiten zu k\u00f6nnen, m\u00fcssen Sie einen formalen Abschluss erwerben <a href=\"https:\/\/kursy-udt.pl\/de\/uprawnienia-udt\/kategorie-uprawnien-2\/\">Anrechte<\/a> Ger\u00fcstbauer, der nur nach bestandener Pr\u00fcfung vor einer vom Institut f\u00fcr mechanisiertes Bauen und Felsbergbau eingesetzten Kommission ausgestellt wird. Eine Person mit der entsprechenden Qualifikation kann ein Bauarbeiter werden, der f\u00fcr die Vorbereitung der Baustelle f\u00fcr den Bau der Konstruktion, die Auswahl der Hilfselemente und die Installation des Ger\u00fcsts selbst verantwortlich ist - der Ger\u00fcstbauer. Vertrauen Sie uns und das Bestehen der staatlichen Pr\u00fcfung wird nicht schwer sein!\u00a0<\/p>\n\n\n\n<figure class=\"wp-block-video\"><video controls src=\"https:\/\/kursy-udt.pl\/wp-content\/uploads\/2023\/02\/ACCEPTED-montazysta-rusztowan-4K-kursy-udt.mp4\"><\/video><\/figure>\n\n\n\n<h2 class=\"wp-block-heading\">Zugangsvoraussetzungen f\u00fcr den Kurs&nbsp;<\/h2>\n\n\n\n<p>Eine Genehmigung zur Aufstellung von Bauger\u00fcsten kann erhalten, wer:&nbsp;<\/p>\n\n\n\n<ul class=\"wp-block-list\">\n<li>das 18. Lebensjahr vollendet hat,&nbsp;<\/li>\n\n\n\n<li>\u00fcber ein Minimum an Grundbildung verf\u00fcgt,&nbsp;<\/li>\n\n\n\n<li>im Besitz einer g\u00fcltigen \u00e4rztlichen Bescheinigung f\u00fcr Arbeiten in einer H\u00f6he von mehr als 3 Metern ist.&nbsp;<\/li>\n<\/ul>\n\n\n\n<h2 class=\"wp-block-heading\">Zus\u00e4tzliche Kriterien&nbsp;<\/h2>\n\n\n\n<p>Wer in diesem Beruf anfangen will, darf keine H\u00f6henangst haben - das ist die erste und wohl wichtigste Voraussetzung, denn die Arbeit findet in betr\u00e4chtlicher H\u00f6he statt, haupts\u00e4chlich im Freien, gelegentlich aber auch in hohen Geb\u00e4uden. Eine weitere erforderliche F\u00e4higkeit ist das Lesen von technischen Pl\u00e4nen. Ein guter Monteur zeichnet sich durch Gewissenhaftigkeit, Genauigkeit und Teamf\u00e4higkeit aus - er muss sich bewusst sein, dass sein Handeln die Sicherheit vieler Menschen im Umfeld des Ger\u00fcsts beeinflusst.&nbsp;<\/p>\n\n\n\n<h2 class=\"wp-block-heading\">Umfang des Kurses&nbsp;<\/h2>\n\n\n\n<p>Der von ERGON angebotene Kurs vermittelt Kenntnisse \u00fcber:&nbsp;<\/p>\n\n\n\n<ul class=\"wp-block-list\">\n<li>Vorschriften <a href=\"https:\/\/kursy-udt.pl\/de\/szkolenia\/bhp-bezpieczenstwo-pracy\/prawna-ochrona-pracy\/\">GESUNDHEIT UND SICHERHEIT<\/a> im Zusammenhang mit dem Aufbau und der Verwendung von Ger\u00fcsten;&nbsp;<\/li>\n\n\n\n<li>Erstellung der technischen Dokumentation;&nbsp;<\/li>\n\n\n\n<li>M\u00f6glichkeiten zur Vorbereitung des Standorts f\u00fcr die Installation;&nbsp;<\/li>\n\n\n\n<li>Regeln f\u00fcr den Bau von Ger\u00fcsten aus Systemrohren und Stahl;\u00a0<\/li>\n\n\n\n<li>die bei der Montage verwendeten Technologien;&nbsp;<\/li>\n\n\n\n<li>Methoden der Zustands\u00fcberwachung;&nbsp;<\/li>\n\n\n\n<li>wie man ein Ger\u00fcst sicher abbaut.&nbsp;<\/li>\n<\/ul>\n\n\n\n<h2 class=\"wp-block-heading\">Qualifikation als Ger\u00fcstbauer&nbsp;<\/h2>\n\n\n\n<p><a href=\"https:\/\/kursy-udt.pl\/de\/o-firmie\/\">ERGON-Zentrum f\u00fcr Personalverbesserung<\/a> ist vom Institut f\u00fcr mechanisiertes Bauen und Felsbergbau f\u00fcr die Durchf\u00fchrung eines umfassenden Berufslehrgangs f\u00fcr Metallger\u00fcstbauer zugelassen. Nach bestandener staatlicher Pr\u00fcfung erhalten Sie ein Zertifikat und einen Eintrag in das Arbeitsmaschinenf\u00fchrerheft.\u00a0<\/p>\n\n\n\n<h2 class=\"wp-block-heading\">Gut zu wissen&nbsp;<\/h2>\n\n\n<div class=\"wp-block-image\">\n<figure class=\"alignright size-large is-resized\"><img loading=\"lazy\" decoding=\"async\" src=\"https:\/\/kursy-udt.pl\/wp-content\/uploads\/2022\/06\/vysh56.jpg\" alt=\"Bauarbeiten\" width=\"264\" height=\"408\"\/><\/figure>\n<\/div>\n\n\n<p>Ger\u00fcste werden nicht nur bei Bau- oder Renovierungsarbeiten eingesetzt, sondern auch bei Konzerten und Veranstaltungen - die B\u00fchne ist auch die entsprechende Beleuchtung und die visuellen Effekte, die in der H\u00f6he installiert werden. Wir k\u00f6nnen also schlussfolgern, dass ein Ger\u00fcstbauer in fast jedem Teil Polens Arbeit finden wird, also warten Sie nicht und melden Sie sich noch heute f\u00fcr eine Ausbildung an.\u00a0<\/p>\n\n\n\n<h2 class=\"wp-block-heading\">Warum Ger\u00fcstbauer\/in werden?&nbsp;<\/h2>\n\n\n\n<p>Ger\u00fcstbauer-Jobs bieten einfache und schnelle Besch\u00e4ftigungsm\u00f6glichkeiten, auch im Ausland. Fachkr\u00e4fte k\u00f6nnen sich nicht \u00fcber einen Mangel an Stellenangeboten beklagen. Die polnische Bauindustrie entwickelt sich st\u00e4ndig weiter, und es gibt keinen Mangel an Arbeitsm\u00f6glichkeiten als Ger\u00fcstbauer.&nbsp;<\/p>\n\n\n\n<h2 class=\"wp-block-heading\">Wie viel verdient man als Bauger\u00fcstbauer?&nbsp;<\/h2>\n\n\n\n<p>Der Verdienst eines Ger\u00fcstbauers in Polen kann als gut bezeichnet werden. Im Ausland, z. B. in Deutschland oder Frankreich, kann ein Ger\u00fcstbauer mit dem doppelten Verdienst rechnen. Es ist jedoch zu bedenken, dass der Stundensatz umso h\u00f6her ist, je erfahrener und geschulter der Arbeiter ist.&nbsp;<strong>&nbsp;<\/strong>&nbsp;<\/p>\n\n\n\n<h2 class=\"wp-block-heading\">Aufgaben eines Ger\u00fcstbauers f\u00fcr Bauarbeiten\u00a0<\/h2>\n\n\n\n<p>Zu den Hauptaufgaben geh\u00f6ren:&nbsp;<\/p>\n\n\n\n<ul class=\"wp-block-list\">\n<li>Auswahl der Komponenten der geplanten Konstruktion und \u00dcberpr\u00fcfung ihrer Qualit\u00e4t,&nbsp;<\/li>\n\n\n\n<li>Vorbereitung des Standorts f\u00fcr die Installation,&nbsp;<\/li>\n\n\n\n<li>Auf- und Abbau von Bauger\u00fcsten unter Beachtung der erforderlichen Sicherheitsvorschriften,&nbsp;<\/li>\n\n\n\n<li>Lesen von technischen Pl\u00e4nen,&nbsp;<\/li>\n\n\n\n<li>Nebent\u00e4tigkeiten.&nbsp;<\/li>\n<\/ul>\n\n\n\n<h2 class=\"wp-block-heading\">Bedingungen f\u00fcr den fachgerechten Einbau&nbsp;<\/h2>\n\n\n\n<p>Bevor mit den Arbeiten am Ger\u00fcst begonnen werden kann, muss die Konstruktion vom Bauleiter oder einer anderen beauftragten und befugten Person genehmigt werden, was durch einen Eintrag in das Baustellenprotokoll best\u00e4tigt werden muss. Um sicherzustellen, dass die errichtete Anlage den Sicherheitsstandards entspricht, ist es wichtig, dies zu ber\u00fccksichtigen:&nbsp;<\/p>\n\n\n\n<ul class=\"wp-block-list\">\n<li>Montage des Ger\u00fcsts gem\u00e4\u00df den Anforderungen der Herstelleranweisungen oder des jeweiligen Projekts;&nbsp;<\/li>\n\n\n\n<li>Pr\u00fcfung des Zustands auch des kleinsten Bauteils - eine verformte oder verbogene Stange oder ein mit Rost bedecktes Bauteil ist unbrauchbar;&nbsp;<\/li>\n\n\n\n<li>Sicherung der Anlage durch Verankerung am Geb\u00e4ude und Erdung.&nbsp;<\/li>\n<\/ul>\n\n\n\n<h2 class=\"wp-block-heading\">Ort der Ausbildung&nbsp;<\/h2>\n\n\n\n<p>Ger\u00fcstbauer-Schulungen finden an verschiedenen Orten im ganzen Land statt - wir organisieren Schulungen u. a. in Warschau, Krakau, Kattowitz, Danzig, Breslau, Posen, Rzesz\u00f3w, Lublin, Lodz und Bielsko-Bia\u0142a. Wir bieten auch Schulungen unter Ausschluss der \u00d6ffentlichkeit an, die nach vorheriger Absprache an einem f\u00fcr den Kunden geeigneten Ort stattfinden.\u00a0<\/p>\n\n\n\n<h2 class=\"wp-block-heading\">Preis&nbsp;<\/h2>\n\n\n\n<p>Bei ERGON garantieren wir einen professionellen Ansatz und einen angemessenen Preis. F\u00fcr gr\u00f6\u00dfere Gruppen haben wir vielversprechende Rabatte vorgesehen. F\u00fcr weitere Informationen zu den Preisen kontaktieren Sie bitte <a href=\"https:\/\/kursy-udt.pl\/de\/kontakt\/\">Kontaktaufnahme mit uns<\/a> per Telefon.&nbsp;<\/p>\n\n\n\n<figure class=\"wp-block-image size-large is-resized\"><img loading=\"lazy\" decoding=\"async\" src=\"https:\/\/kursy-udt.pl\/wp-content\/uploads\/2022\/06\/Ramnye-stroitelnye-lesa.jpg\" alt=\"Ger\u00fcstbauer\" width=\"765\" height=\"510\"\/><\/figure>\n\n\n\n<h2 class=\"wp-block-heading\">Warum mit ERGON trainieren?&nbsp;<\/h2>\n\n\n\n<p>Durch die von uns organisierte Schulung k\u00f6nnen Sie die erforderlichen Kenntnisse erwerben, um selbst\u00e4ndig und sicher Ger\u00fcste zu errichten. Der von uns angebotene Kurs bereitet Sie theoretisch und praktisch auf die T\u00e4tigkeit vor. Bei der Ausbildung legen wir Wert auf eine umfassende Qualifizierung unserer Auszubildenden. Die Sicherheitsbestimmungen im Baugewerbe versch\u00e4rfen sich zusehends - die Folge ist ein wachsender Bedarf an Fachkr\u00e4ften mit den richtigen Erlaubnissen und Berechtigungen. Um diesen Beruf legal aus\u00fcben zu k\u00f6nnen, muss man \u00fcber einen von den daf\u00fcr eingerichteten Institutionen anerkannten Abschluss verf\u00fcgen. Ger\u00fcstbauer, die einen Ger\u00fcstbaukurs absolviert haben, erhalten ein Abschlusszertifikat, nach bestandener Pr\u00fcfung einen staatlichen F\u00fchrerschein und einen Eintrag in das Ger\u00fcstbaubuch, der ihnen die Bef\u00e4higung zur Aus\u00fcbung der T\u00e4tigkeit als Ger\u00fcstbauer best\u00e4tigt.&nbsp;<\/p>\n\n\n\n<p>Dar\u00fcber hinaus bieten wir Kurse f\u00fcr die Bedienung und Wartung von UDT-Maschinen sowie Schulungen zum Arbeitsschutz und zur Brandsicherheit an.&nbsp;<\/p>","protected":false},"excerpt":{"rendered":"<p>Szkolenie po\u015bwi\u0119cone jest wszystkim aspektom pracy montera rusztowa\u0144 metalowych. By podj\u0105\u0107 prac\u0119 na tym stanowisku, nale\u017cy zdoby\u0107 oficjalne uprawnienia montera rusztowa\u0144, kt\u00f3re wydawane s\u0105 jedynie po zdaniu egzaminu przed komisj\u0105 powo\u0142an\u0105 przez Instytut Mechanizacji Budownictwa i G\u00f3rnictwa Skalnego. Osoba z odpowiednimi uprawnieniami mo\u017ce zosta\u0107 pracownikiem budowlanym odpowiedzialnym za przygotowanie terenu pod budow\u0119 konstrukcji, wyb\u00f3r element\u00f3w pomocniczych oraz sam\u0105 instalacj\u0119 rusztowa\u0144 \u2013 monterem rusztowa\u0144. Zaufaj nam, a zdanie egzaminu pa\u0144stwowego nie b\u0119dzie trudne!\u00a0 Wymagania wst\u0119pne potrzebne do rozpocz\u0119cia kursu&nbsp; Uprawnienia do monta\u017cu rusztowa\u0144 budowlanych mo\u017ce uzyska\u0107 osoba, kt\u00f3ra:&nbsp; Dodatkowe kryteria&nbsp; Osoba chc\u0105ca rozpocz\u0105\u0107 prac\u0119 na tym stanowisku nie mo\u017ce mie\u0107 l\u0119ku wysoko\u015bci \u2013 jest to pierwszy i chyba najwa\u017cniejszy warunek, poniewa\u017c praca odbywa si\u0119 na znacznych wysoko\u015bciach g\u0142\u00f3wnie na zewn\u0105trz, cho\u0107 zdarzaj\u0105 si\u0119 zlecenia wewn\u0105trz wysokich budynk\u00f3w. Kolejn\u0105 wymagan\u0105 umiej\u0119tno\u015bci\u0105 jest czytanie plan\u00f3w technicznych. Dobry monter charakteryzuje si\u0119 sumienno\u015bci\u0105, dok\u0142adno\u015bci\u0105 oraz umiej\u0119tno\u015bci\u0105 pracy w zespole \u2013 taka osoba musi by\u0107 \u015bwiadoma, \u017ce jej dzia\u0142anie rzutuje na bezpiecze\u0144stwo wielu os\u00f3b w otoczeniu rusztowa\u0144.&nbsp; Zakres tematyczny kursu&nbsp; Oferowany przez ERGON kurs zapewnia zdobycie wiedzy o:&nbsp; Uprawnienia montera rusztowa\u0144&nbsp; O\u015brodek Doskonalenia Kadr ERGON posiada akredytacj\u0119 Instytutu Mechanizacji Budownictwa i G\u00f3rnictwa Skalnego na prowadzenie wszechstronnego kursu zawodowego dla monta\u017cyst\u00f3w metalowych rusztowa\u0144 budowlano\u2013monta\u017cowych. Po uzyskaniu pozytywnej oceny z egzaminu pa\u0144stwowego, otrzymuje si\u0119 \u015bwiadectwo oraz wpis do Ksi\u0105\u017ceczki Operatora Maszyn Roboczych.\u00a0 Warto wiedzie\u0107&nbsp; Rusztowania maj\u0105 zastosowanie nie tylko w pracach budowlanych czy renowacyjnych, ale wykorzystuje si\u0119 je r\u00f3wnie\u017c na koncertach i imprezach \u2013 scena to tak\u017ce odpowiednie o\u015bwietlenie i efekty wizualne, kt\u00f3re instaluje si\u0119 na wysoko\u015bciach. Mo\u017cemy wi\u0119c stwierdzi\u0107, \u017ce monta\u017cysta rusztowa\u0144 [&hellip;]<\/p>\n","protected":false},"author":6,"featured_media":3916,"parent":65,"menu_order":0,"comment_status":"closed","ping_status":"closed","template":"","meta":{"sfsi_plus_gutenberg_text_before_share":"","sfsi_plus_gutenberg_show_text_before_share":"","sfsi_plus_gutenberg_icon_type":"","sfsi_plus_gutenberg_icon_alignemt":"","sfsi_plus_gutenburg_max_per_row":"","footnotes":""},"class_list":["post-3915","page","type-page","status-publish","has-post-thumbnail","hentry","has_thumb"],"aioseo_notices":[],"_links":{"self":[{"href":"https:\/\/kursy-udt.pl\/de\/wp-json\/wp\/v2\/pages\/3915","targetHints":{"allow":["GET"]}}],"collection":[{"href":"https:\/\/kursy-udt.pl\/de\/wp-json\/wp\/v2\/pages"}],"about":[{"href":"https:\/\/kursy-udt.pl\/de\/wp-json\/wp\/v2\/types\/page"}],"author":[{"embeddable":true,"href":"https:\/\/kursy-udt.pl\/de\/wp-json\/wp\/v2\/users\/6"}],"replies":[{"embeddable":true,"href":"https:\/\/kursy-udt.pl\/de\/wp-json\/wp\/v2\/comments?post=3915"}],"version-history":[{"count":5,"href":"https:\/\/kursy-udt.pl\/de\/wp-json\/wp\/v2\/pages\/3915\/revisions"}],"predecessor-version":[{"id":5524,"href":"https:\/\/kursy-udt.pl\/de\/wp-json\/wp\/v2\/pages\/3915\/revisions\/5524"}],"up":[{"embeddable":true,"href":"https:\/\/kursy-udt.pl\/de\/wp-json\/wp\/v2\/pages\/65"}],"wp:featuredmedia":[{"embeddable":true,"href":"https:\/\/kursy-udt.pl\/de\/wp-json\/wp\/v2\/media\/3916"}],"wp:attachment":[{"href":"https:\/\/kursy-udt.pl\/de\/wp-json\/wp\/v2\/media?parent=3915"}],"curies":[{"name":"wp","href":"https:\/\/api.w.org\/{rel}","templated":true}]}}