{"id":3901,"date":"2022-06-23T11:23:55","date_gmt":"2022-06-23T11:23:55","guid":{"rendered":"https:\/\/kursy-udt.pl\/?page_id=3901"},"modified":"2023-03-21T11:37:20","modified_gmt":"2023-03-21T10:37:20","slug":"hakenaufhanger","status":"publish","type":"page","link":"https:\/\/kursy-udt.pl\/de\/szkolenia\/udt-wdt-tdt\/rigger-hakowy\/","title":{"rendered":"Spezialkurs f\u00fcr Hakenzieher zu einem attraktiven Preis"},"content":{"rendered":"<p><a href=\"https:\/\/kursy-udt.pl\/de\/o-firmie\/\">ERGON-Zentrum f\u00fcr Personalverbesserung<\/a> l\u00e4dt Sie ein, an einer Schulung f\u00fcr Hakenaufsteller teilzunehmen, um neue Qualifikationen zu erwerben und <a href=\"https:\/\/kursy-udt.pl\/de\/uprawnienia-udt\/kategorie-uprawnien-2\/\">Anrechte<\/a> und verbessern Sie Ihre Besch\u00e4ftigungsf\u00e4higkeit. Der von uns angebotene Kurs bef\u00e4higt Sie zu einer T\u00e4tigkeit im Bereich der Instandhaltung von Umschlagger\u00e4ten, bei G\u00fctertransportunternehmen, in Werften oder H\u00e4fen.&nbsp;<strong>&nbsp;<\/strong>&nbsp;<\/p>\n\n\n\n<figure class=\"wp-block-image size-large is-resized\"><img loading=\"lazy\" decoding=\"async\" src=\"https:\/\/kursy-udt.pl\/wp-content\/uploads\/2022\/06\/1596470169487_mammoet-canada_picture.jpg\" alt=\"der Haken gibt ein Signal an den Kranf\u00fchrer\" width=\"742\" height=\"588\"\/><\/figure>\n\n\n\n<h2 class=\"wp-block-heading\">Zweck des Kurses f\u00fcr Hakenaufleger&nbsp;<\/h2>\n\n\n\n<p>Die Auszubildenden erwerben die theoretischen und praktischen Kenntnisse, die erforderlich sind, um Lasten sicher zu sichern und mit den Kranf\u00fchrern bei der Vorbereitung von Lasten zum Be- oder Entladen zusammenzuarbeiten. Die Schulungsteilnehmer lernen die verschiedenen Arten von Hebegurten und Anschlagmitteln sowie die f\u00fcr ihre Verwendung geltenden Sicherheitsvorschriften kennen.&nbsp;<\/p>\n\n\n\n<h2 class=\"wp-block-heading\">F\u00fcr wen ist der Kurs gedacht?&nbsp;&nbsp;<\/h2>\n\n\n\n<p>Die Teilnahme an unserem Kurs richtet sich an Erwachsene, die \u00fcber ein \u00e4rztliches Attest verf\u00fcgen, das best\u00e4tigt, dass keine Gegenanzeigen f\u00fcr die Arbeit in dieser Position bestehen. Wir empfehlen die Teilnahme an diesem Kurs f\u00fcr Wartungspersonal in Unternehmen, die Materialtransportger\u00e4te einsetzen, Mitarbeiter von Unternehmen, die G\u00fctertransportdienste anbieten, und andere Personen, die eine Qualifikation f\u00fcr die Bedienung von Hebezeugen, Kr\u00e4nen, Hebezeugen und Anschlagmitteln ben\u00f6tigen.&nbsp;&nbsp;&nbsp;<\/p>\n\n\n\n<h2 class=\"wp-block-heading\">Ausbildungsprogramm&nbsp;<\/h2>\n\n\n\n<p>Der Hakenliftkurs befasst sich mit der Bedienung von Ger\u00e4ten f\u00fcr den Transport von Lasten. In der Schulung behandelte Themen:&nbsp;<\/p>\n\n\n\n<ul class=\"wp-block-list\">\n<li>Ausr\u00fcstung wie Kr\u00e4ne, Br\u00fcckenkr\u00e4ne, Kr\u00e4ne,&nbsp;<\/li>\n\n\n\n<li>Eigenschaften von Kr\u00e4nen und Anschlagmitteln,&nbsp;<\/li>\n\n\n\n<li>Bestimmung der Masse und des Schwerpunkts von Waren,&nbsp;<\/li>\n\n\n\n<li>Grunds\u00e4tze f\u00fcr das Befestigen und L\u00f6sen der Ladung,&nbsp;<\/li>\n\n\n\n<li>Betrieb von Hebezeugen,&nbsp;<\/li>\n\n\n\n<li>geltenden Sicherheitsvorschriften.&nbsp;<\/li>\n<\/ul>\n\n\n\n<p>Am Ende der Ausbildung verf\u00fcgt der Auszubildende \u00fcber umfassende praktische und theoretische Kenntnisse in der Bedienung von Haken und anderen Anschlagmitteln. Die Fachkraft in dieser Position kennt die Eigenschaften der einzelnen Krankomponenten, kann das Anbauger\u00e4t auf das zu transportierende Material abstimmen. Er oder sie bedient und \u00fcberpr\u00fcft die zu bedienenden Ger\u00e4te sicher.&nbsp;<\/p>\n\n\n\n<figure class=\"wp-block-image size-large is-resized\"><img loading=\"lazy\" decoding=\"async\" src=\"https:\/\/kursy-udt.pl\/wp-content\/uploads\/2022\/06\/20190220-Crane-Operation-Rigging-and-Construction-Techniques-0027.jpg\" alt=\"Kontrolle der Anschlagmittel durch den Rigger\" width=\"763\" height=\"382\"\/><\/figure>\n\n\n\n<h2 class=\"wp-block-heading\">Berechtigungen&nbsp;<\/h2>\n\n\n\n<p>Der Kurs schlie\u00dft mit einer Pr\u00fcfung ab, in der die erworbenen Kenntnisse getestet werden. Nach einem positiven Ergebnis erhalten die Teilnehmer ein Zertifikat, das auf der Grundlage von \u00a7 18 der Verordnung des Ministers f\u00fcr Nationale Bildung vom 18. August 2017 \u00fcber die Weiterbildung in nicht-schulischen Formen ausgestellt wird (Journal of Laws, item 1632).&nbsp;<\/p>\n\n\n\n<h2 class=\"wp-block-heading\">Wer ist ein Hook Rigger?&nbsp;<\/h2>\n\n\n\n<p>Die Person in dieser Position handhabt Lasten und setzt die daf\u00fcr verwendeten schweren Maschinen ein. Der Hakentr\u00e4ger bringt Gegenst\u00e4nde, die Lasten sind, mit Seilen, Ketten, Sch\u00e4keln, Klemmen oder B\u00e4ndern an Kr\u00e4nen an oder l\u00f6st sie ab. Dabei werden Winden, Flaschenz\u00fcge, Umlenkrollen und \u00e4hnliche Vorrichtungen verwendet.&nbsp;&nbsp;&nbsp;<\/p>\n\n\n\n<h2 class=\"wp-block-heading\">Verantwortlichkeiten der Nutte&nbsp;<\/h2>\n\n\n\n<p>Die Person in dieser Position ist verantwortlich f\u00fcr die Auswahl geeigneter Hebezeuge und Anbauger\u00e4te, die Vorbereitung der Last f\u00fcr das Be- oder Entladen in \u00dcbereinstimmung mit den Vorschriften <a href=\"https:\/\/kursy-udt.pl\/de\/szkolenia\/bhp-bezpieczenstwo-pracy\/prawna-ochrona-pracy\/\">GESUNDHEIT UND SICHERHEIT<\/a> und mit dem Kranf\u00fchrer zusammenarbeiten. Ein Mitarbeiter, der die T\u00e4tigkeiten eines Hakenger\u00e4tes ausf\u00fchrt, sollte:&nbsp;<\/p>\n\n\n\n<ul class=\"wp-block-list\">\n<li>die Grunds\u00e4tze des sicheren vertikalen Transports von Materialien kennen,&nbsp;<\/li>\n\n\n\n<li>die sichere Verwendung von Seil- und Kettengeh\u00e4ngen und Zusatzausr\u00fcstungen kennen,&nbsp;<\/li>\n\n\n\n<li>in der Lage sein, mit dem Kran oder dem Kranf\u00fchrer durch herk\u00f6mmliche Zeichen zu kommunizieren.&nbsp;<\/li>\n<\/ul>\n\n\n\n<p>Vor Beginn der Arbeiten sollte der Hakenschl\u00e4ger:&nbsp;<\/p>\n\n\n\n<ul class=\"wp-block-list\">\n<li>machen Sie sich mit der Last vertraut,&nbsp;<\/li>\n\n\n\n<li>das Gewicht, den Schwerpunkt und die H\u00e4rte der Ware zu bestimmen,&nbsp;<\/li>\n\n\n\n<li>Machen Sie sich mit der St\u00e4rke und Richtung des Windes vertraut,&nbsp;<\/li>\n\n\n\n<li>einen Arbeitsplan erstellen,&nbsp;<\/li>\n\n\n\n<li>Schlingen und Beschl\u00e4ge ausw\u00e4hlen,&nbsp;<\/li>\n\n\n\n<li>bereiten Sie die Seile und andere f\u00fcr die Arbeit ben\u00f6tigten Werkzeuge vor,&nbsp;<\/li>\n\n\n\n<li>die Art der Stapelung zu bestimmen und den Entladebereich vorzubereiten.&nbsp;<\/li>\n<\/ul>\n\n\n\n<h2 class=\"wp-block-heading\">Karrierem\u00f6glichkeiten&nbsp;<\/h2>\n\n\n\n<p>Arbeiter dieser Art transportieren schweres und spezielles Ger\u00e4t. Neben Kr\u00e4nen bedient der Hakentransporteur auch Takelage-Transportmittel, so dass er am h\u00e4ufigsten in Werften und H\u00e4fen gebraucht wird.&nbsp;<strong>&nbsp;<\/strong>&nbsp;<\/p>\n\n\n\n<figure class=\"wp-block-image size-large is-resized\"><img loading=\"lazy\" decoding=\"async\" src=\"https:\/\/kursy-udt.pl\/wp-content\/uploads\/2022\/06\/platformaedukacji.pl-Assembling_a_crane_in_the-city_of_Tempe_6-2.jpg\" alt=\"Sch\u00e4kel - Transportanwendungen\" width=\"772\" height=\"483\"\/><\/figure>\n\n\n\n<h2 class=\"wp-block-heading\">Arten von Anschlagmitteln und Hebezubeh\u00f6r&nbsp;<\/h2>\n\n\n\n<p>Eine Konstruktion zum Bewegen, Verschieben und Heben schwerer Lasten, die wir f\u00e4lschlicherweise meist als Kran bezeichnen, kann in Kr\u00e4ne, Hebezeuge, Krane oder Br\u00fcckenkr\u00e4ne unterteilt werden. Diese Ger\u00e4te erf\u00fcllen ihre Funktion haupts\u00e4chlich durch den Einsatz von Krangeh\u00e4ngen, die zum Anschnallen, St\u00fctzen und Aufh\u00e4ngen der zu hebenden Last dienen. Ein System mit Gurt-, Seil- und Kettengeh\u00e4ngen wird als Strangsystem bezeichnet. Spezialsysteme werden, wie der Name schon sagt, f\u00fcr die spezifischen Bed\u00fcrfnisse einzelner Lasten hergestellt, und wir k\u00f6nnen Greifer f\u00fcr unregelm\u00e4\u00dfig geformte Materialien einbauen. Der Prozess des Hebens, Bewegens oder Umsetzens von Lasten erfordert den Einsatz von Hebezeugen - dies ist der Fall, wenn sehr lange Werkst\u00fccke oder extrem schwere Lasten transportiert werden. In diesem Fall werden Traversen, Umlenkrollen, Sch\u00e4kel, Haken, Seile, Spanner und andere Befestigungssysteme eingesetzt, um die Last sicher zu bewegen.&nbsp;&nbsp;&nbsp;<\/p>\n\n\n\n<h2 class=\"wp-block-heading\">W\u00e4hrend der Transportarbeiten ist es verboten:&nbsp;<\/h2>\n\n\n\n<ul class=\"wp-block-list\">\n<li>das Tragen von Lasten \u00fcber Menschen,&nbsp;<\/li>\n\n\n\n<li>seinen Arbeitsplatz verl\u00e4sst oder seine Funktion einer anderen Person \u00fcberl\u00e4sst,&nbsp;<\/li>\n\n\n\n<li>Heben von ungesicherten, eingeklemmten, gefrorenen Lasten,&nbsp;<\/li>\n\n\n\n<li>Heben von G\u00fctern mit unbestimmtem Gewicht,&nbsp;<\/li>\n\n\n\n<li>die Handhabung von Lasten, wenn das Hebegurtband diagonal angeordnet ist,&nbsp;<\/li>\n\n\n\n<li>unter der transportierten Last zu bleiben,&nbsp;<\/li>\n\n\n\n<li>Erfassen des Anschlagmittels und seiner Bestandteile mit den H\u00e4nden,&nbsp;<\/li>\n\n\n\n<li>eine angeh\u00e4ngte Last unbeaufsichtigt zu lassen,&nbsp;<\/li>\n\n\n\n<li>das Hebegurtzeug an einem Ort zu belassen, an dem es besch\u00e4digt werden kann.&nbsp;<\/li>\n<\/ul>\n\n\n\n<h2 class=\"wp-block-heading\">Warum mit uns trainieren?&nbsp;<\/h2>\n\n\n\n<p>Der von uns angebotene Lehrgang bereitet Sie theoretisch und praktisch auf die T\u00e4tigkeit als Hakentakler\/in vor. Bei der Ausbildung legen wir Wert auf eine umfassende Qualifizierung unserer Auszubildenden. Das Ausbildungspersonal setzt sich aus Fachleuten und qualifizierten Mitarbeitern gro\u00dfer Umschlagbetriebe zusammen. Nach Abschluss unserer Ausbildung verf\u00fcgen Sie \u00fcber die notwendigen Kenntnisse und Fertigkeiten, um das Be- und Entladen von Materialien selbstst\u00e4ndig und sicher zu man\u00f6vrieren.&nbsp;&nbsp;<\/p>\n\n\n\n<p><strong>Wenn Sie Fragen zu unserem Angebot haben <a href=\"https:\/\/kursy-udt.pl\/de\/kontakt\/\">Bitte kontaktieren Sie uns<\/a> - unsere Mitarbeiter helfen Ihnen gerne bei der Kl\u00e4rung von Zweifeln. Wir ermutigen Sie, unsere Dienste in Anspruch zu nehmen! Das Team von ODK ERGON<\/strong>&nbsp;<\/p>\n\n\n\n<figure class=\"wp-block-image size-large is-resized\"><img loading=\"lazy\" decoding=\"async\" src=\"https:\/\/kursy-udt.pl\/wp-content\/uploads\/2022\/12\/55-hakowy-sygnlista-kursy-udt.pl_.png\" alt=\"ERGON-Kurs\" width=\"761\" height=\"476\"\/><\/figure>","protected":false},"excerpt":{"rendered":"<p>O\u015brodek Doskonalenia Kadr ERGON zaprasza do udzia\u0142u w szkoleniu na stanowisko riggera hakowego, kt\u00f3re pozwala naby\u0107 nowe kwalifikacje i uprawnienia oraz zwi\u0119kszy\u0107 szanse na rynku pracy. Oferowany przez nas kurs umo\u017cliwi Ci zatrudnienie w s\u0142u\u017cbie utrzymania ruchu przy obs\u0142udze urz\u0105dze\u0144 transportu bliskiego, przedsi\u0119biorstwach \u015bwiadcz\u0105cych transport \u0142adunk\u00f3w, stoczniach lub portach.&nbsp;&nbsp;&nbsp; Cel kursu na riggera hakowego&nbsp; Uczestnicy szkolenia zdob\u0119d\u0105 teoretyczn\u0105 i praktyczn\u0105 wiedz\u0119 niezb\u0119dn\u0105 do bezpiecznego mocowania \u0142adunk\u00f3w oraz wsp\u00f3\u0142pracy z operatorami urz\u0105dze\u0144 d\u017awigowych w zakresie przygotowania \u0142adunk\u00f3w do za\u0142adunku lub roz\u0142adunku. Kursanci zapoznaj\u0105 si\u0119 z r\u00f3\u017cnymi typami zawiesi i osprz\u0119tu d\u017awigowego oraz przepisami bezpiecze\u0144stwa obowi\u0105zuj\u0105cymi w trakcie ich u\u017cytkowania.&nbsp; Dla kogo przeznaczony jest kurs?&nbsp;&nbsp; Udzia\u0142 w naszym kursie kierowany jest do os\u00f3b pe\u0142noletnich, kt\u00f3re posiadaj\u0105 za\u015bwiadczenie lekarskie o braku przeciwskaza\u0144 do pracy na tym stanowisku. Uczestnictwo w kursie zalecamy pracownikom s\u0142u\u017cby utrzymania ruchu w zak\u0142adach wykorzystuj\u0105cych urz\u0105dzenia transportu bliskiego, pracownikom przedsi\u0119biorstw \u015bwiadcz\u0105cych us\u0142ugi przewozu \u0142adunk\u00f3w oraz pozosta\u0142ym osobom, kt\u00f3re potrzebuj\u0105 uprawnie\u0144 z zakresu obs\u0142ugi wci\u0105gnik\u00f3w, suwnic, wci\u0105garek oraz zawiesi.&nbsp;&nbsp;&nbsp; Program szkolenia&nbsp; Kurs riggera hakowego obejmuje obs\u0142ug\u0119 urz\u0105dze\u0144 przeznaczonych do transportu \u0142adunk\u00f3w. Zagadnienia poruszane na szkoleniu:&nbsp; Po zako\u0144czonym szkoleniu kursant dysponuje kompleksow\u0105 wiedz\u0105 praktyczn\u0105 i teoretyczn\u0105 z zakresu obs\u0142ugi hak\u00f3w i innych zawiesi. Specjalista na tym stanowisku zna charakterystyk\u0119 poszczeg\u00f3lnych element\u00f3w d\u017awignic, potrafi dopasowa\u0107 osprz\u0119t do przewo\u017conego materia\u0142u. W bezpieczny spos\u00f3b eksploatuje i dokonuje przegl\u0105du obs\u0142ugiwanych urz\u0105dze\u0144.&nbsp; Uprawnienia&nbsp; Kurs zako\u0144czony jest egzaminem sprawdzaj\u0105cym zdobyt\u0105 wiedz\u0119. Po otrzymaniu pozytywnego wyniku, kursanci otrzymuj\u0105 za\u015bwiadczenie wydane na podstawie \u00a7 18 rozporz\u0105dzenia Ministra Edukacji Narodowej z dnia 18 sierpnia 2017 r. w sprawie kszta\u0142cenia ustawicznego w formach pozaszkolnych (Dz. U. poz. [&hellip;]<\/p>\n","protected":false},"author":6,"featured_media":3903,"parent":2721,"menu_order":0,"comment_status":"closed","ping_status":"closed","template":"","meta":{"sfsi_plus_gutenberg_text_before_share":"","sfsi_plus_gutenberg_show_text_before_share":"","sfsi_plus_gutenberg_icon_type":"","sfsi_plus_gutenberg_icon_alignemt":"","sfsi_plus_gutenburg_max_per_row":"","footnotes":""},"class_list":["post-3901","page","type-page","status-publish","has-post-thumbnail","hentry","has_thumb"],"aioseo_notices":[],"_links":{"self":[{"href":"https:\/\/kursy-udt.pl\/de\/wp-json\/wp\/v2\/pages\/3901","targetHints":{"allow":["GET"]}}],"collection":[{"href":"https:\/\/kursy-udt.pl\/de\/wp-json\/wp\/v2\/pages"}],"about":[{"href":"https:\/\/kursy-udt.pl\/de\/wp-json\/wp\/v2\/types\/page"}],"author":[{"embeddable":true,"href":"https:\/\/kursy-udt.pl\/de\/wp-json\/wp\/v2\/users\/6"}],"replies":[{"embeddable":true,"href":"https:\/\/kursy-udt.pl\/de\/wp-json\/wp\/v2\/comments?post=3901"}],"version-history":[{"count":5,"href":"https:\/\/kursy-udt.pl\/de\/wp-json\/wp\/v2\/pages\/3901\/revisions"}],"predecessor-version":[{"id":5591,"href":"https:\/\/kursy-udt.pl\/de\/wp-json\/wp\/v2\/pages\/3901\/revisions\/5591"}],"up":[{"embeddable":true,"href":"https:\/\/kursy-udt.pl\/de\/wp-json\/wp\/v2\/pages\/2721"}],"wp:featuredmedia":[{"embeddable":true,"href":"https:\/\/kursy-udt.pl\/de\/wp-json\/wp\/v2\/media\/3903"}],"wp:attachment":[{"href":"https:\/\/kursy-udt.pl\/de\/wp-json\/wp\/v2\/media?parent=3901"}],"curies":[{"name":"wp","href":"https:\/\/api.w.org\/{rel}","templated":true}]}}