{"id":389,"date":"2014-03-01T12:34:53","date_gmt":"2014-03-01T12:34:53","guid":{"rendered":"http:\/\/kursy-udt.kwiaty0.pl\/?page_id=389"},"modified":"2026-03-10T16:42:48","modified_gmt":"2026-03-10T15:42:48","slug":"preisliste-2","status":"publish","type":"page","link":"https:\/\/kursy-udt.pl\/de\/cennik\/","title":{"rendered":"Die Preisliste"},"content":{"rendered":"<div class=\"wyjustuj\">\n<table border=\"1\" cellspacing=\"0\" cellpadding=\"7\">\n<tbody>\n<tr>\n<td bgcolor=\"#c6d9f1\">\n<p align=\"CENTER\"><b>Titel des Kurses - Ausbildung<\/b><br \/>\nDas Angebot umfasst die Kosten f\u00fcr die Eignungspr\u00fcfung<br \/>\nvor der UDT-Kommission<\/p>\n<\/td>\n<td colspan=\"1\" valign=\"TOP\" bgcolor=\"#c6d9f1\">\n<p align=\"CENTER\"><b>Der Preis richtet sich nach der Anzahl der angemeldeten Personen<br \/>\n<\/b>Die angegebenen Preise sind Bruttopreise inklusive Mehrwertsteuer.<\/p>\n<\/td>\n<\/tr>\n<tr>\n<td bgcolor=\"#fde9d9\"><span style=\"text-decoration: underline;\">Gabelstaplerkurs<\/span> mit Austausch von Fl\u00fcssiggasflaschen - Kat. IIWJO<\/td>\n<td style=\"vertical-align: middle;\" rowspan=\"16\" bgcolor=\"#fde9d9\">\n<p align=\"CENTER\">1) <a href=\"https:\/\/platformaedukacji.pl\/panel\/login\/registered.php\">Anmelden \/ Bezahlen on-lin <\/a><\/p>\n<p align=\"CENTER\">2) <a href=\"https:\/\/kursy-udt.pl\/de\/anfrage-2\/\" data-wplink-edit=\"true\">Angebot an E-Mail <\/a><\/p>\n<p align=\"CENTER\">3) <a href=\"tel:+48222902909\">Preis erfragen unter Tel.<\/a><\/p>\n<p align=\"CENTER\">4) <span class=\"kontakttel\">Bitte um telefonischen Kontakt<\/span><\/p>\n<\/td>\n<\/tr>\n<tr>\n<td><span style=\"text-decoration: underline;\">Spezialkurs f\u00fcr Gabelstapler <\/span>- Gabelstapler mit hochfahrbarer Fahrerkabine - cat IWJO<\/td>\n<\/tr>\n<tr>\n<td bgcolor=\"#fde9d9\"><span style=\"text-decoration: underline;\">Kurs f\u00fcr Teleskoplader<\/span> - Qualifikation als Teleskopladerfahrer (Spezialgabelstapler mit variabler Reichweite) - Kat.<\/td>\n<\/tr>\n<tr>\n<td><span style=\"text-decoration: underline;\">Kurs zur Bedienung einer mobilen Arbeitsb\u00fchne<\/span> - mobil frei beweglich: Schere, gelenkig, teleskopisch, mobil - Kat. IP<\/td>\n<\/tr>\n<tr>\n<td bgcolor=\"#fde9d9\"><span style=\"text-decoration: underline;\">Kurs f\u00fcr Hubarbeitsb\u00fchnenf\u00fchrer<\/span> - Betrieb von fahrzeugmontierten mobilen Arbeitsb\u00fchnen - Cat IP<\/td>\n<\/tr>\n<tr>\n<td><span style=\"text-decoration: underline;\">Parcours f\u00fcr h\u00e4ngende, mastgest\u00fctzte und station\u00e4re Plattformen<\/span> - die keine Prozesslinie darstellen - CAT IIP<\/td>\n<\/tr>\n<tr>\n<td bgcolor=\"#fde9d9\"><span style=\"text-decoration: underline;\">HDS-Kranf\u00fchrerlehrgang<\/span> - Betrieb von Mobil- und Mobilkr\u00e4nen auf HDS-Fahrgestellen - Kat II\u00af<\/td>\n<\/tr>\n<tr>\n<td><span style=\"text-decoration: underline;\">Kurs f\u00fcr die Bedienung von Kr\u00e4nen, Hebezeugen und Winden<\/span> - gesteuert von der Arbeitsebene - Kategorie IIS<\/td>\n<\/tr>\n<tr>\n<td bgcolor=\"#fde9d9\"><span style=\"text-decoration: underline;\">Kurs zur Bedienung von Hebezeugen und Winden<\/span> - F\u00fchrerschein f\u00fcr Hebezeuge und Winden, die von der Arbeitsebene aus gesteuert werden, einschlie\u00dflich eines kabellosen Cat IIW<\/td>\n<\/tr>\n<tr>\n<td><span style=\"text-decoration: underline;\">Kurs zur Bedienung eines station\u00e4ren Krans<\/span> - Berechtigung des Bedieners eines station\u00e4ren Krans - Werkstattkategorie II\u00af<\/td>\n<\/tr>\n<tr>\n<td bgcolor=\"#fde9d9\"><span style=\"text-decoration: underline;\">Kurs f\u00fcr die Bedienung von G\u00fcter- und Personenkr\u00e4nen<\/span> - Betrieb von Lastenaufz\u00fcgen mit interner Kontrolle und Krankenhaus- oder Baukr\u00e4nen mit Pr\u00fcfung vor der UDT - ID und IID Berechtigungen.<\/td>\n<\/tr>\n<tr>\n<td><span style=\"text-decoration: underline;\">Kurs f\u00fcr Mobilkranf\u00fchrer<\/span> - Betrieb von Autokr\u00e4nen<\/td>\n<\/tr>\n<tr>\n<td bgcolor=\"#fde9d9\"><span style=\"text-decoration: underline;\">Kurs f\u00fcr Hochgeschwindigkeitskranf\u00fchrer <\/span> - IZ-Einstufung f\u00fcr Betreiber von drahtlos gesteuerten Kr\u00e4nen<\/td>\n<\/tr>\n<tr>\n<td><span style=\"text-decoration: underline;\">Kurs f\u00fcr Turmdrehkranf\u00fchrer<\/span> - IZ-Berechtigung f\u00fcr Betreiber von Turmdrehkranen aller Art (Versicherungskosten im Preis der praktischen Kurse enthalten)<\/td>\n<\/tr>\n<tr>\n<td bgcolor=\"#fde9d9\"><span style=\"text-decoration: underline;\">Instandhaltungskurs<\/span> - UDT-Genehmigungen f\u00fcr die Wartung, Reparatur und Instandhaltung von Materialtransportger\u00e4ten, die der Technischen \u00dcberwachung unterliegen, z. B. Gabelstapler, Kr\u00e4ne, Laufkr\u00e4ne, mobile Arbeitsb\u00fchnen und andere.<\/td>\n<\/tr>\n<tr>\n<td><span style=\"text-decoration: underline;\">Haken und Signalgeber<\/span> - Sicherer Betrieb - Handhabung von allgemeinen und speziellen Hakenschlingen - ISO 23853:2018 Krane - Ausbildung von Anschl\u00e4gern und Signalgebern.<\/td>\n<\/tr>\n<tr>\n<td bgcolor=\"#fde9d9\"><span style=\"text-decoration: underline;\">H\u00f6hentraining<\/span> - Sicherer Betrieb - Auffanggurte, Auffanggurte f\u00fcr Arbeiten in der H\u00f6he - BS8454 BS8454<\/td>\n<\/tr>\n<tr>\n<td colspan=\"5\" bgcolor=\"#c6d9f1\">\n<p align=\"CENTER\"><span style=\"font-size: small;\"><span style=\"font-weight: normal;\">Das oben genannte Preisangebot stellt kein Angebot im Sinne des B\u00fcrgerlichen Gesetzbuches dar, da,<br \/>\nDass die Kosten f\u00fcr jede Schulung individuell ausgehandelt werden k\u00f6nnen. <\/span><\/span><\/p>\n<\/td>\n<\/tr>\n<\/tbody>\n<\/table>\n<\/div>","protected":false},"excerpt":{"rendered":"<p>Nazwa kursu &#8211; szkolenia Oferta zawiera koszt egzaminu kwalifikacyjnego przed komisj\u0105 UDT Cena jest uzale\u017cniona od ilo\u015bci zg\u0142oszonych os\u00f3b Podane ceny to koszt Brutto ZW VAT Kurs na w\u00f3zki wid\u0142owe podno\u015bnikowe z wymian\u0105 butli gazowych LPG &#8211; kat. IIWJO 1) zapisz si\u0119 \/ zap\u0142a\u0107 on-lin 2) oferta na maila 3) zapytaj o cen\u0119 tel na infolinii 4) Popro\u015b o kontakt telefoniczny Kurs na w\u00f3zki wid\u0142owe specjalizowane &#8211; w\u00f3zki wid\u0142owe z kabin\u0105 unosz\u0105c\u0105 operatora &#8211; kat. IWJO Kurs na \u0142adowarki teleskopowe &#8211; uprawnienia na operatora \u0142adowarek teleskopowych (w\u00f3zk\u00f3w wid\u0142owych specjalizowanych ze zmiennym wysi\u0119giem) &#8211; kat. IWJO Kurs obs\u0142ugi podest\u00f3w ruchomych &#8211; przejezdnych wolnobie\u017cnych: no\u017cycowych, przegubowych, teleskopowych, przewo\u017anych \u2013 kat IP Kurs obs\u0142ugi podno\u015bnik\u00f3w koszowych &#8211; obs\u0142uga podest\u00f3w ruchomych montowanych na pojazdach \u2013 kat IP Kurs obs\u0142ugi podest\u00f3w wisz\u0105cych, masztowych, stacjonarnych \u2013 nie stanowi\u0105cych ci\u0105gu technologicznego \u2013 kat IIP Kurs operatora \u017curawi HDS &#8211; obs\u0142uga \u017curawi przeno\u015bnych i przewo\u017anych zamontowanych na podwoziu samochodowym typu HDS \u2013 kat. II\u017b Kurs obs\u0142ugi suwnic i wci\u0105gnik\u00f3w oraz wci\u0105garek &#8211; sterowanych z poziomu roboczego- kat. IIS Kurs obs\u0142ugi wci\u0105gnik\u00f3w i wci\u0105garek &#8211; uprawnienia na operatora wci\u0105gnik\u00f3w i wci\u0105garek sterowanych z poziomu roboczego w tym bezprzewodowe kat. IIW Kurs obs\u0142ugi \u017curawi stacjonarnych &#8211; uprawnienia na operatora \u017curawik\u00f3w stacjonarnych &#8211; warsztatowych kat. II\u017b Kurs obs\u0142ugi d\u017awig\u00f3w towarowo &#8211; osobowych &#8211; obs\u0142uga d\u017awig\u00f3w towarowych ze sterowaniem wewn\u0119trznym i szpitalne lub budowlane z egz. przed UDT &#8211; uprawnienia ID i IID. Kurs operatora d\u017awig\u00f3w samojezdnych &#8211; obs\u0142uga \u017curawi samojezdnych zamontowanych na samochodach Kurs operatora \u017curawi szybkomontuj\u0105cych &#8211; uprawnienia I\u017b na operatora \u017curawi sterowanych z poziomu [&hellip;]<\/p>\n","protected":false},"author":1,"featured_media":0,"parent":0,"menu_order":2,"comment_status":"closed","ping_status":"closed","template":"","meta":{"sfsi_plus_gutenberg_text_before_share":"","sfsi_plus_gutenberg_show_text_before_share":"","sfsi_plus_gutenberg_icon_type":"","sfsi_plus_gutenberg_icon_alignemt":"","sfsi_plus_gutenburg_max_per_row":"","footnotes":""},"class_list":["post-389","page","type-page","status-publish","hentry","has_no_thumb"],"aioseo_notices":[],"_links":{"self":[{"href":"https:\/\/kursy-udt.pl\/de\/wp-json\/wp\/v2\/pages\/389","targetHints":{"allow":["GET"]}}],"collection":[{"href":"https:\/\/kursy-udt.pl\/de\/wp-json\/wp\/v2\/pages"}],"about":[{"href":"https:\/\/kursy-udt.pl\/de\/wp-json\/wp\/v2\/types\/page"}],"author":[{"embeddable":true,"href":"https:\/\/kursy-udt.pl\/de\/wp-json\/wp\/v2\/users\/1"}],"replies":[{"embeddable":true,"href":"https:\/\/kursy-udt.pl\/de\/wp-json\/wp\/v2\/comments?post=389"}],"version-history":[{"count":25,"href":"https:\/\/kursy-udt.pl\/de\/wp-json\/wp\/v2\/pages\/389\/revisions"}],"predecessor-version":[{"id":6245,"href":"https:\/\/kursy-udt.pl\/de\/wp-json\/wp\/v2\/pages\/389\/revisions\/6245"}],"wp:attachment":[{"href":"https:\/\/kursy-udt.pl\/de\/wp-json\/wp\/v2\/media?parent=389"}],"curies":[{"name":"wp","href":"https:\/\/api.w.org\/{rel}","templated":true}]}}