{"id":3882,"date":"2022-06-23T08:54:17","date_gmt":"2022-06-23T08:54:17","guid":{"rendered":"https:\/\/kursy-udt.pl\/?page_id=3882"},"modified":"2023-03-20T13:13:02","modified_gmt":"2023-03-20T12:13:02","slug":"handschneider","status":"publish","type":"page","link":"https:\/\/kursy-udt.pl\/de\/szkolenia\/spawalnictwo-materialow\/reczny-przecinacz\/","title":{"rendered":"Kurs f\u00fcr handgef\u00fchrte thermische Schneidger\u00e4te"},"content":{"rendered":"<div class=\"wp-block-image\">\n<figure class=\"alignright size-large is-resized\"><img loading=\"lazy\" decoding=\"async\" src=\"https:\/\/kursy-udt.pl\/wp-content\/uploads\/2022\/06\/images-2021-06-23T150302.206.jpg\" alt=\"Thermoschneider\" width=\"402\" height=\"268\"\/><\/figure>\n<\/div>\n\n\n<p>Der Lehrgang richtet sich an Personen, die sich zum manuellen Brennschneider qualifizieren m\u00f6chten. Da die Nachfrage nach qualifizierten Arbeitskr\u00e4ften mit Schneid- und Schwei\u00dfkenntnissen st\u00e4ndig steigt, erf\u00fcllen wir die Erwartungen unserer Kunden und vermitteln Wissen auf zug\u00e4ngliche und hocheffiziente Weise. Der angebotene Kurs bereitet praktisch und theoretisch auf den Beruf vor. Bei der Ausbildung legen wir Wert auf eine umfassende Qualifizierung unserer Auszubildenden. Der Lehrgang schlie\u00dft mit einer theoretischen Pr\u00fcfung und einer \u00dcberpr\u00fcfung der praktischen Fertigkeiten durch eine Pr\u00fcfungskommission ab.&nbsp;<\/p>\n\n\n\n<h2 class=\"wp-block-heading\">Zweck der Ausbildung&nbsp;<\/h2>\n\n\n\n<p>Die Teilnehmer lernen den Aufbau und die Funktionsweise von Plasma- und Acetylenbrennern, Vorschriften <a href=\"https:\/\/kursy-udt.pl\/de\/szkolenia\/bhp-bezpieczenstwo-pracy\/prawna-ochrona-pracy\/\">GESUNDHEIT UND SICHERHEIT<\/a> beim Arbeiten mit technischen Gasen, beim Schneiden nach definierten Linien, beim Brennen von L\u00f6chern oder beim Schneiden von Rohren und Stahlprofilen. Unser Kurs stellt sicher, dass die Teilnehmer auf die praktischen Aufgaben beim Trennen verschiedener Materialien vorbereitet sind.&nbsp;&nbsp;&nbsp;<\/p>\n\n\n\n<h2 class=\"wp-block-heading\">Aus der Ausbildung gewonnene Kenntnisse&nbsp;<\/h2>\n\n\n\n<p>Angeboten von <a href=\"https:\/\/kursy-udt.pl\/de\/o-firmie\/\">ODK ERGON<\/a> der Kurs erm\u00f6glicht:&nbsp;<\/p>\n\n\n\n<ul class=\"wp-block-list\">\n<li>Erwerb von Kompetenzen im Autogen- und Plasmaschneiden,&nbsp;<\/li>\n\n\n\n<li>Erlangung einer Bescheinigung gem\u00e4\u00df der Verordnung des Wirtschaftsministers vom 27. April 2000 \u00fcber Sicherheit und Gesundheitsschutz bei Schwei\u00dfarbeiten (Gesetzblatt Nr. 40, Pos. 470),&nbsp;<\/li>\n\n\n\n<li>Beginn der Arbeit als manueller Thermoschneider.&nbsp;<\/li>\n<\/ul>\n\n\n\n<p>W\u00e4hrend des theoretischen Unterrichts werden Sie Folgendes lernen:&nbsp;<\/p>\n\n\n\n<ul class=\"wp-block-list\">\n<li>Grundlagen der Werkstoffkunde,&nbsp;<\/li>\n\n\n\n<li>Zerspanungstechniken und -technologien,&nbsp;<\/li>\n\n\n\n<li>die Arten der verwendeten Gase,&nbsp;<\/li>\n\n\n\n<li>Brennerdesign,&nbsp;<\/li>\n\n\n\n<li>korrekte Flammensteuerung,&nbsp;<\/li>\n\n\n\n<li>Qualit\u00e4tsanforderungen an die verwendeten Materialien,&nbsp;<\/li>\n\n\n\n<li>Gesundheits- und Sicherheitsvorschriften am Arbeitsplatz.&nbsp;<\/li>\n<\/ul>\n\n\n\n<p>Der praktische Unterricht gibt Ihnen die M\u00f6glichkeit zu \u00fcben:&nbsp;<\/p>\n\n\n\n<ul class=\"wp-block-list\">\n<li>Gas- und Plasmabrennerbetrieb,&nbsp;<\/li>\n\n\n\n<li>Schneiden von Blechen entlang definierter Linien,&nbsp;<\/li>\n\n\n\n<li>Lochfeuerung,&nbsp;<\/li>\n\n\n\n<li>Schneiden von Rohren und Stahlprofilen.&nbsp;<\/li>\n<\/ul>\n\n\n\n<figure class=\"wp-block-image size-large is-resized\"><img loading=\"lazy\" decoding=\"async\" src=\"https:\/\/kursy-udt.pl\/wp-content\/uploads\/2022\/06\/oso.edu_.pl-0071-metal-cutting-torches-2018-guide-e1519627046180.jpg\" alt=\"Grundlagen der Werkstoffkunde\" width=\"700\" height=\"448\"\/><\/figure>\n\n\n\n<h2 class=\"wp-block-heading\">An wen richtet sich die Ausbildung zum Plasma- und Acetylenbrennerschneiden?&nbsp;<\/h2>\n\n\n\n<p>Die von ERGON angebotene Schulung richtet sich an Personen, die die Grundlagen des Umgangs mit Plasma- und Autogenbrennern erlernen wollen, und an diejenigen, deren Arbeit Kenntnisse \u00fcber das Schneiden von Materialien erfordert. Der Kurs richtet sich an:&nbsp;<\/p>\n\n\n\n<ul class=\"wp-block-list\">\n<li>Einzelpersonen und Arbeitnehmer,&nbsp;<\/li>\n\n\n\n<li>Arbeitnehmer in verwandten Berufen wie Schlosser, Mechaniker, Wartungspersonal.&nbsp;<\/li>\n<\/ul>\n\n\n\n<p>Der Kurs Plasma- und Autogenschneiden richtet sich an Personen, die:&nbsp;<\/p>\n\n\n\n<ul class=\"wp-block-list\">\n<li>mindestens 18 Jahre alt sind,&nbsp;<\/li>\n\n\n\n<li>mindestens die Primarschule abgeschlossen haben,&nbsp;<\/li>\n\n\n\n<li>keine medizinischen Kontraindikationen f\u00fcr die Arbeit in dieser Position haben.&nbsp;<\/li>\n<\/ul>\n\n\n\n<h2 class=\"wp-block-heading\">Was beinhaltet das Plasmaschneiden?&nbsp;<\/h2>\n\n\n\n<p>Bei der Plasmabearbeitung werden Metallpartikel durch einen Lichtbogen aufgeschmolzen und aus dem Schneidspalt herausgeschleudert. Die Effizienz dieser Art des Schneidens wird durch die hohe Energie des Lichtbogens beeinflusst. Ein komprimierter Gasstrom str\u00f6mt durch den Lichtbogen und wird dabei ionisiert, wodurch ein Plasma entsteht, das auch als vierter Aggregatzustand bezeichnet wird. Diese Technik erfordert keine Materialvorbereitung, so dass auch verschmutzte, lackierte oder verrostete Teile mit dieser Methode geschnitten werden k\u00f6nnen. Durch die richtige Wahl des Verh\u00e4ltnisses der verwendeten Plasmagase l\u00e4sst sich eine qualitativ hochwertige, nahezu zunderfreie Schnittfl\u00e4che erzielen.&nbsp;<\/p>\n\n\n\n<figure class=\"wp-block-table\"><table><tbody><tr><td><strong>Vorteile<\/strong>&nbsp;<\/td><td><strong>Benachteiligungen<\/strong>&nbsp;<\/td><\/tr><tr><td>Schnittgeschwindigkeit,&nbsp;<br>schnelles Durchstechen und kein Erhitzen erforderlich,&nbsp;<br>geringe thermische Verformung,&nbsp;<br>kleiner Schnittspalt und hohe Oberfl\u00e4chenqualit\u00e4t.&nbsp;<\/td><td>starke UV-Strahlung,&nbsp;<br>die gro\u00dfe Mengen an Gasen und sch\u00e4dlichen D\u00e4mpfen freisetzen,&nbsp;<br>gro\u00dfen L\u00e4rm,&nbsp;<br>\u00c4nderungen im Schnittbereich.&nbsp;<\/td><\/tr><\/tbody><\/table><\/figure>\n\n\n\n<figure class=\"wp-block-embed is-type-video is-provider-youtube wp-block-embed-youtube wp-embed-aspect-16-9 wp-has-aspect-ratio\"><div class=\"wp-block-embed__wrapper\">\n<iframe loading=\"lazy\" title=\"ABSOLVIEREN SIE IHREN SCHWEISSKURS BEI UNS! IM GANZEN LAND! ERWERBEN SIE IHRE SCHWEISSERQUALIFIKATION!\" width=\"500\" height=\"281\" src=\"https:\/\/www.youtube.com\/embed\/Sn47FDJ5NSQ?feature=oembed\" frameborder=\"0\" allow=\"accelerometer; autoplay; clipboard-write; encrypted-media; gyroscope; picture-in-picture; web-share\" referrerpolicy=\"strict-origin-when-cross-origin\" allowfullscreen><\/iframe>\n<\/div><\/figure>\n\n\n\n<h2 class=\"wp-block-heading\">Wie sieht das Autogenschneiden aus?&nbsp;<\/h2>\n\n\n\n<p>Acetylen-Sauerstoff-Brenner verwenden ein Gasschneideverfahren, bei dem das Material auf eine Temperatur gebracht wird, bei der es verbrennt und als Metalloxid entweicht. Dieser Brennertyp eignet sich besonders f\u00fcr das Trennen von niedrig legierten und kohlenstoffarmen Metallen. Es gibt zwar auch Brenner, die Propan-Butan verwenden, aber das schnellere Erreichen hoher Temperaturen spricht f\u00fcr die Verwendung von Acetylen. Das Acetylen-Sauerstoff-Schneiden, auch Autogenschneiden genannt, eignet sich f\u00fcr Materialien wie Blei, Aluminium, Silber, Zinn, Stahl, Kupfer oder Zink und erm\u00f6glicht das Trennen von bis zu 3 cm d\u00fcnnem Stahl. Das Gas eignet sich jedoch nicht zum Trennen von sehr d\u00fcnnen Materialien; es ist unm\u00f6glich, Materialien mit einer Dicke von weniger als 3 mm zu bearbeiten.&nbsp;<\/p>\n\n\n\n<figure class=\"wp-block-table\"><table><tbody><tr><td><strong>Vorteile<\/strong>&nbsp;<\/td><td><strong>Benachteiligungen<\/strong>&nbsp;<\/td><\/tr><tr><td>breite Palette von Schnittst\u00e4rken,&nbsp;<br>Hochwertiges Schneiden von dicken Materialien,&nbsp;<br>F\u00e4higkeit, in verschiedenen Winkeln zu schneiden.&nbsp;<\/td><td>breite W\u00e4rmeeinflusszone,&nbsp;<br>lange Durchdringungszeit durch das Material,&nbsp;<br>niedrige Betriebsgeschwindigkeit,&nbsp;<br>nicht in der Lage, hochlegierte St\u00e4hle und St\u00e4hle mit einem hohen Kohlenstoffgehalt zu schneiden.&nbsp;<\/td><\/tr><\/tbody><\/table><\/figure>\n\n\n<div class=\"wp-block-image\">\n<figure class=\"alignright size-large is-resized\"><img loading=\"lazy\" decoding=\"async\" src=\"https:\/\/kursy-udt.pl\/wp-content\/uploads\/2022\/06\/MESSER_Cutting_torch_set.jpg\" alt=\"dickes Material\" width=\"389\" height=\"292\"\/><\/figure>\n<\/div>\n\n\n<h2 class=\"wp-block-heading\">Ort der Ausbildung&nbsp;<\/h2>\n\n\n\n<p>Die von ERGON organisierten Schulungen finden in ganz Polen statt. Wir bieten auch Schulungen unter Ausschluss der \u00d6ffentlichkeit an, die nach vorheriger Absprache an einem f\u00fcr den Kunden geeigneten Ort durchgef\u00fchrt werden.&nbsp;<\/p>\n\n\n\n<h2 class=\"wp-block-heading\">Preis&nbsp;<\/h2>\n\n\n\n<p>Schulungen bei ERGON garantieren einen professionellen Ansatz und attraktive Preise. F\u00fcr gr\u00f6\u00dfere Gruppen bieten wir vielversprechende Rabatte an. F\u00fcr weitere Informationen \u00fcber unser Angebot k\u00f6nnen Sie uns gerne anrufen.&nbsp;&nbsp;&nbsp;<\/p>\n\n\n\n<h2 class=\"wp-block-heading\">Vorteile des Kurses zum manuellen Brennschneiden&nbsp;<\/h2>\n\n\n\n<p>Nur ein professionell durchgef\u00fchrter Schneid- oder thermischer Schwei\u00dfprozess kann die mit dem Materialtrennungsprozess verbundenen Risiken beseitigen oder reduzieren. Mit der Teilnahme an unserem Lehrgang erhalten Sie die notwendigen Kenntnisse, um selbst Plasma- oder Acetylen-Sauerstoff-Schneiden durchzuf\u00fchren.&nbsp;<\/p>\n\n\n\n<figure class=\"wp-block-image size-large is-resized\"><img loading=\"lazy\" decoding=\"async\" src=\"https:\/\/kursy-udt.pl\/wp-content\/uploads\/2023\/01\/Reklama-Na-Kursy-7-1.png\" alt=\"ERGON-Ausbildung\" width=\"812\" height=\"508\"\/><\/figure>","protected":false},"excerpt":{"rendered":"<p>Szkolenie przeznaczone jest dla os\u00f3b chc\u0105cych zdoby\u0107 kwalifikacje do pracy jako r\u0119czny przecinacz termiczny. Poniewa\u017c zapotrzebowanie na pracownik\u00f3w kwalifikuj\u0105cych si\u0119 umiej\u0119tno\u015bci\u0105 ci\u0119cia i spawania wci\u0105\u017c ro\u015bnie, wychodzimy naprzeciw oczekiwaniom naszych klient\u00f3w i przekazujemy wiedz\u0119 w przyst\u0119pny i bardzo wydajny spos\u00f3b. Oferowany kurs zapewnia praktyczne i teoretyczne przygotowanie do pracy w zawodzie. W trakcie szkolenia stawiamy na kompleksowe podnoszenie kwalifikacji naszych kursant\u00f3w. Kurs zako\u0144czony jest egzaminem teoretycznym oraz sprawdzeniem umiej\u0119tno\u015bci praktycznych przez komisj\u0119 egzaminacyjn\u0105.&nbsp; Cel szkolenia&nbsp; Uczestnicy zapoznaj\u0105 si\u0119 z budow\u0105 i obs\u0142ug\u0105 palnik\u00f3w plazmowych i acetylenowo\u2013tlenowych, przepisami BHP podczas pracy z gazami technicznymi, metodami ci\u0119cia po wyznaczonych liniach, wypalaniem otwor\u00f3w czy ci\u0119cia rur i profili stalowych. Nasz kurs zapewnia przygotowanie uczestnik\u00f3w do wykonywania praktycznych czynno\u015bci zwi\u0105zanych z rozdzielaniem r\u00f3\u017cnego rodzaju materia\u0142\u00f3w.&nbsp;&nbsp;&nbsp; Wiedza zdobyta w trakcie szkolenia&nbsp; Oferowany przez ODK ERGON kurs umo\u017cliwia:&nbsp; W trakcie zaj\u0119\u0107 teoretycznych zapoznasz si\u0119 z:&nbsp; Zaj\u0119cia praktyczne umo\u017cliwi\u0105 Ci \u0107wiczenie:&nbsp; Do kogo kierowane jest szkolenie ci\u0119cia palnikiem plazmowym i acetylenowo\u2013tlenowym?&nbsp; Oferowane przez ERGON szkolenie dedykowane jest osobom, kt\u00f3re chc\u0105 zapozna\u0107 si\u0119 z podstawami u\u017cycia palnik\u00f3w plazmowych i oksyacetylenowych oraz dla tych, kt\u00f3rych praca wymaga znajomo\u015bci przeprowadzania procesu ci\u0119cia materia\u0142\u00f3w. Kurs kierujemy do:&nbsp; Kurs ci\u0119cia plazmowego i acetylenowo\u2013tlenowego przeznaczony jest dla os\u00f3b, kt\u00f3re:&nbsp; Na czym polega ci\u0119cie plazmowe?&nbsp; W plazmowej obr\u00f3bce metali nast\u0119puje wytopienie i wyrzucenie cz\u0105stek metalu ze szczeliny ci\u0119cia za pomoc\u0105 \u0142uku elektrycznego. Na efektywno\u015b\u0107 tego rodzaju ci\u0119cia wp\u0142ywa wysoka energia \u0142uku. Spr\u0119\u017cony strumie\u0144 gazu przep\u0142ywa przez \u0142uk elektryczny, w\u00f3wczas nast\u0119puje jego jonizacja \u2013 w ten spos\u00f3b wytwarza si\u0119 plazma, zwana r\u00f3wnie\u017c czwartym stanem materii. Stosowanie tej techniki nie wymaga [&hellip;]<\/p>\n","protected":false},"author":6,"featured_media":3858,"parent":2802,"menu_order":0,"comment_status":"closed","ping_status":"closed","template":"","meta":{"sfsi_plus_gutenberg_text_before_share":"","sfsi_plus_gutenberg_show_text_before_share":"","sfsi_plus_gutenberg_icon_type":"","sfsi_plus_gutenberg_icon_alignemt":"","sfsi_plus_gutenburg_max_per_row":"","footnotes":""},"class_list":["post-3882","page","type-page","status-publish","has-post-thumbnail","hentry","has_thumb"],"aioseo_notices":[],"_links":{"self":[{"href":"https:\/\/kursy-udt.pl\/de\/wp-json\/wp\/v2\/pages\/3882","targetHints":{"allow":["GET"]}}],"collection":[{"href":"https:\/\/kursy-udt.pl\/de\/wp-json\/wp\/v2\/pages"}],"about":[{"href":"https:\/\/kursy-udt.pl\/de\/wp-json\/wp\/v2\/types\/page"}],"author":[{"embeddable":true,"href":"https:\/\/kursy-udt.pl\/de\/wp-json\/wp\/v2\/users\/6"}],"replies":[{"embeddable":true,"href":"https:\/\/kursy-udt.pl\/de\/wp-json\/wp\/v2\/comments?post=3882"}],"version-history":[{"count":8,"href":"https:\/\/kursy-udt.pl\/de\/wp-json\/wp\/v2\/pages\/3882\/revisions"}],"predecessor-version":[{"id":5529,"href":"https:\/\/kursy-udt.pl\/de\/wp-json\/wp\/v2\/pages\/3882\/revisions\/5529"}],"up":[{"embeddable":true,"href":"https:\/\/kursy-udt.pl\/de\/wp-json\/wp\/v2\/pages\/2802"}],"wp:featuredmedia":[{"embeddable":true,"href":"https:\/\/kursy-udt.pl\/de\/wp-json\/wp\/v2\/media\/3858"}],"wp:attachment":[{"href":"https:\/\/kursy-udt.pl\/de\/wp-json\/wp\/v2\/media?parent=3882"}],"curies":[{"name":"wp","href":"https:\/\/api.w.org\/{rel}","templated":true}]}}