{"id":3875,"date":"2022-06-22T12:17:02","date_gmt":"2022-06-22T12:17:02","guid":{"rendered":"https:\/\/kursy-udt.pl\/?page_id=3875"},"modified":"2023-03-21T12:18:00","modified_gmt":"2023-03-21T11:18:00","slug":"baumaschinen","status":"publish","type":"page","link":"https:\/\/kursy-udt.pl\/de\/szkolenia\/udt-wdt-tdt\/maszyny-budowlane\/","title":{"rendered":"Ausbildung von Baumaschinenf\u00fchrern"},"content":{"rendered":"<figure class=\"wp-block-image size-large is-resized\"><img loading=\"lazy\" decoding=\"async\" src=\"https:\/\/kursy-udt.pl\/wp-content\/uploads\/2022\/06\/oso.edu_.pl-0077-pelle_hydraulique.jpg\" alt=\"Stra\u00dfenwalze auf einer Baustelle\" width=\"773\" height=\"435\"\/><\/figure>\n\n\n\n<h2 class=\"wp-block-heading\">Kurs in Baumaschinenbedienung\u00a0<\/h2>\n\n\n\n<p>Willkommen bei den Fachschulungen f\u00fcr Erdbewegungsmaschinenf\u00fchrer und Ger\u00fcstbauer. Steigern Sie Ihre Attraktivit\u00e4t auf dem Arbeitsmarkt und nutzen Sie das Angebot von ERGON! Die f\u00fcr schwere Bauarbeiten eingesetzten Ger\u00e4te tragen dazu bei, die Fertigstellung des Projekts zu verbessern und erheblich zu beschleunigen. Es ist jedoch zu bedenken, dass die Bediener \u00fcber die erforderlichen Kenntnisse und F\u00e4higkeiten verf\u00fcgen m\u00fcssen. <a href=\"https:\/\/kursy-udt.pl\/de\/uprawnienia-udt\/kategorie-uprawnien-2\/\">Anrechte<\/a> f\u00fcr deren sichere und korrekte Verwendung. G\u00f6nnen Sie sich die Chance, sich fundierte Kenntnisse anzueignen, die sich in Zukunft in beruflichen Leistungen niederschlagen werden.\u00a0\u00a0<\/p>\n\n\n\n<h2 class=\"wp-block-heading\">Zweck des Kurses&nbsp;<\/h2>\n\n\n<div class=\"wp-block-image\">\n<figure class=\"alignright size-large is-resized\"><img loading=\"lazy\" decoding=\"async\" src=\"https:\/\/kursy-udt.pl\/wp-content\/uploads\/2022\/06\/kurso.eu-077.jpg\" alt=\"Radlader mit Schaufel\" width=\"392\" height=\"300\"\/><\/figure>\n<\/div>\n\n\n<p>Der Lehrgang f\u00fcr Baumaschinenf\u00fchrer soll den Teilnehmern theoretische und praktische Kenntnisse \u00fcber die sichere Bedienung ausgew\u00e4hlter Erdbewegungsmaschinen und alle Aspekte der Arbeit eines Metallger\u00fcstbauers vermitteln. Wir bereiten auf die staatliche Pr\u00fcfung vor einem vom Institut f\u00fcr Mechanisierung des Bauwesens und des Felsbergbaus eingesetzten Pr\u00fcfungsausschuss vor.&nbsp;&nbsp;&nbsp;<\/p>\n\n\n\n<h2 class=\"wp-block-heading\">Detailliertes Angebot&nbsp;<\/h2>\n\n\n\n<p>Die von ERGON angebotenen Kurse gliedern sich in einen theoretischen und einen praktischen Teil. Wenn Sie an einem Spezialisierungskurs der Klasse I teilnehmen m\u00f6chten, m\u00fcssen Sie \u00fcber einen Bef\u00e4higungsnachweis der Klasse III f\u00fcr den jeweiligen Baumaschinentyp verf\u00fcgen. In unserem Angebot finden Sie:\u00a0<\/p>\n\n\n\n<figure class=\"wp-block-table\"><table><tbody><tr><td>MASCHINENNAME&nbsp;<\/td><td>KLASSE UND AUFTRAGSBEDINGUNGEN<\/td><\/tr><tr><td>Einkopfbagger&nbsp;<\/td><td>Klasse III - Einzelne Mobilbagger mit einem Bruttogewicht von bis zu 25 Tonnen\u00a0<br>Klasse I - alle Arten von Baggern ohne Begrenzung des Gesamtgewichts<\/td><\/tr><tr><td>Einzellader\u00a0<\/td><td>Klasse III - Einzellader bis 20 Tonnen zul\u00e4ssiges Gesamtgewicht\u00a0<br>Klasse I - alle Arten von Baggern ohne Begrenzung des Gesamtgewichts\u00a0<\/td><\/tr><tr><td>Planierraupe\u00a0<\/td><td>Klasse III - Planierraupen mit einer Motorleistung von bis zu 110 kW\u00a0<br>Klasse I - Planierraupen mit einer Motorleistung von mehr als 110 kW\u00a0<\/td><\/tr><tr><td>Baggerlader\u00a0<\/td><td>Klasse III - alle Arten von Baggerladern<\/td><\/tr><tr><td>Stra\u00dfenwalze&nbsp;<\/td><td>Klasse II - alle Arten von Stra\u00dfenwalzen<\/td><\/tr><\/tbody><\/table><\/figure>\n\n\n\n<p>Das Ausbildungsprogramm f\u00fcr jede Maschine umfasst den Erwerb theoretischer Kenntnisse und praktischer F\u00e4higkeiten. Im ersten Teil des Kurses lernen die Teilnehmer etwas \u00fcber:\u00a0<\/p>\n\n\n\n<ul class=\"wp-block-list\">\n<li>die allgemeine Konstruktion und Funktionsweise des betreffenden Ger\u00e4ts:&nbsp;<\/li>\n\n\n\n<li>Konstruktion und Merkmale der Maschine,&nbsp;<\/li>\n\n\n\n<li>Aufbau und Prinzip von Antriebs- und Fahrwerksystemen,&nbsp;<\/li>\n\n\n\n<li>Sicherheitsvorschriften f\u00fcr den Betrieb,&nbsp;<\/li>\n\n\n\n<li>Bau und Ausstattung von Kabinen.&nbsp;<\/li>\n\n\n\n<li>die Technologie der durchgef\u00fchrten Arbeiten:&nbsp;<\/li>\n\n\n\n<li>allgemeine Kenntnisse \u00fcber Erdarbeiten,&nbsp;<\/li>\n\n\n\n<li>Techniken f\u00fcr die Arbeit mit dem betreffenden Ger\u00e4t,&nbsp;<\/li>\n\n\n\n<li>Technologien, die im Betrieb eingesetzt werden,&nbsp;<\/li>\n\n\n\n<li>Grunds\u00e4tze des sicheren Betriebs.&nbsp;<\/li>\n<\/ul>\n\n\n\n<p>W\u00e4hrend des praktischen Unterrichts lernen die Studenten Folgendes:&nbsp;<\/p>\n\n\n<div class=\"wp-block-image\">\n<figure class=\"alignright size-large is-resized\"><img loading=\"lazy\" decoding=\"async\" src=\"https:\/\/kursy-udt.pl\/wp-content\/uploads\/2022\/06\/images-1.jpg\" alt=\"Baumaschinen im Einsatz\" width=\"363\" height=\"272\"\/><\/figure>\n<\/div>\n\n\n<ul class=\"wp-block-list\">\n<li>Einf\u00fchrendes Briefing,&nbsp;<\/li>\n\n\n\n<li>Job-Coaching,&nbsp;<\/li>\n\n\n\n<li>den Bereich der Arbeitsbewegungen der betreffenden Maschine,&nbsp;<\/li>\n\n\n\n<li>den Bewegungsbereich des an die Maschine angepassten Anbauger\u00e4ts,&nbsp;<\/li>\n\n\n\n<li>Technik zur Fortbewegung auf der Baustelle,&nbsp;<\/li>\n\n\n\n<li>Vorbereitung des Arbeitsplatzes,&nbsp;<\/li>\n\n\n\n<li>Arbeiten mit Ger\u00e4ten,&nbsp;<\/li>\n\n\n\n<li>Erkennen und Beheben kleinerer Fehler,&nbsp;<\/li>\n\n\n\n<li>Erstellung von Betriebsunterlagen.&nbsp;<\/li>\n<\/ul>\n\n\n\n<h2 class=\"wp-block-heading\">Kursinhalte f\u00fcr Ger\u00fcstbauer&nbsp;<\/h2>\n\n\n\n<p>Der von ERGON angebotene Kurs erm\u00f6glicht den Erwerb von Kenntnissen aus:&nbsp;<\/p>\n\n\n\n<ul class=\"wp-block-list\">\n<li>Vorschriften <a href=\"https:\/\/kursy-udt.pl\/de\/szkolenia\/bhp-bezpieczenstwo-pracy\/prawna-ochrona-pracy\/\">GESUNDHEIT UND SICHERHEIT<\/a> im Zusammenhang mit dem Aufbau und der Verwendung von Ger\u00fcsten;&nbsp;<\/li>\n\n\n\n<li>Erstellung der technischen Dokumentation;&nbsp;<\/li>\n\n\n\n<li>Regeln f\u00fcr den Bau von Ger\u00fcsten aus System- und Stahlrohren;\u00a0<\/li>\n\n\n\n<li>die bei der Montage verwendeten Technologien;&nbsp;<\/li>\n\n\n\n<li>Methoden der Zustands\u00fcberwachung;&nbsp;<\/li>\n\n\n\n<li>sichere Demontage von Ger\u00fcsten.&nbsp;<\/li>\n<\/ul>\n\n\n\n<p>Die praktischen Aktivit\u00e4ten umfassen:&nbsp;<\/p>\n\n\n\n<ul class=\"wp-block-list\">\n<li>Vorbereitungsarbeiten, die vor der Ger\u00fcstmontage durchgef\u00fchrt werden;&nbsp;<\/li>\n\n\n\n<li>Montage- und Demontage\u00fcbungen f\u00fcr Rohr-, Modul- und Rahmenger\u00fcste;&nbsp;<\/li>\n\n\n\n<li>Pr\u00fcfung des technischen Zustands des errichteten Bauwerks.&nbsp;<\/li>\n<\/ul>\n\n\n\n<h2 class=\"wp-block-heading\">F\u00fcr wen ist der Kurs gedacht?&nbsp;<\/h2>\n\n\n\n<p>Wir empfehlen Ihnen die Teilnahme an unserem Kurs, wenn Sie sich f\u00fcr die Bedienung von Baggern, Ladern, Baggerladern, Planierraupen und Stra\u00dfenwalzen qualifizieren m\u00f6chten. Die Teilnehmer m\u00fcssen mindestens 18 Jahre alt sein und ein \u00e4rztliches Attest vorlegen, aus dem hervorgeht, dass f\u00fcr die Arbeit in diesen Bereichen keine Gegenanzeigen bestehen. F\u00fcr die Ausbildung zum Ger\u00fcstbauer ist au\u00dferdem ein g\u00fcltiges \u00e4rztliches Attest erforderlich, aus dem hervorgeht, dass man in der Lage ist, in einer H\u00f6he von \u00fcber 3 Metern zu arbeiten.\u00a0\u00a0<\/p>\n\n\n\n<p>Wenn Sie Fragen zu unserem Angebot haben <a href=\"https:\/\/kursy-udt.pl\/de\/kontakt\/\">Bitte kontaktieren Sie uns<\/a> - unsere Mitarbeiter helfen Ihnen gerne bei der Kl\u00e4rung von Zweifeln. Wir ermutigen Sie, unsere Dienste in Anspruch zu nehmen!<\/p>\n\n\n\n<figure class=\"wp-block-image size-large is-resized\"><img loading=\"lazy\" decoding=\"async\" src=\"https:\/\/kursy-udt.pl\/wp-content\/uploads\/2022\/12\/79-Koparki-kursy-udt.pl_.png\" alt=\"ERGON-Ausbildung\" width=\"751\" height=\"469\"\/><\/figure>","protected":false},"excerpt":{"rendered":"<p>Kurs z obs\u0142ugi maszyn budowlanych\u00a0 Zapraszamy na specjalistyczne szkolenia operator\u00f3w maszyn do rob\u00f3t ziemnych oraz montera rusztowa\u0144. Zwi\u0119ksz swoj\u0105 atrakcyjno\u015b\u0107 na rynku pracy i skorzystaj z oferty ERGON! Urz\u0105dzenia wykorzystywane do ci\u0119\u017ckich prac budowlanych pomagaj\u0105 usprawni\u0107 i znacznie przyspieszy\u0107 uko\u0144czenie inwestycji. Warto jednak pami\u0119ta\u0107, \u017ce operatorzy powinni posiada\u0107 niezb\u0119dn\u0105 wiedz\u0119 oraz uprawnienia do ich bezpiecznego i prawid\u0142owego u\u017cytkowania. Daj sobie szans\u0119 na zdobycie rzetelnej wiedzy, kt\u00f3ra w przysz\u0142o\u015bci prze\u0142o\u017cy si\u0119 na profesjonalne wykonywanie obowi\u0105zk\u00f3w zawodowych.\u00a0\u00a0 Cel kursu&nbsp; Szkolenie dla operator\u00f3w maszyn budowlanych ma na celu przekazanie uczestnikom wiedzy teoretycznej i praktycznej z zakresu bezpiecznej obs\u0142ugi wybranych maszyn do prac ziemnych oraz wszystkich aspekt\u00f3w pracy montera rusztowa\u0144 metalowych. Zapewniamy przygotowanie do egzaminu pa\u0144stwowego przed komisj\u0105 egzaminacyjn\u0105 powo\u0142an\u0105 przez Instytut Mechanizacji Budownictwa i G\u00f3rnictwa Skalnego.&nbsp;&nbsp;&nbsp; Szczeg\u00f3\u0142owa oferta&nbsp; Oferowane przez ERGON kursy podzielone s\u0105 na cz\u0119\u015b\u0107 teoretyczn\u0105 oraz praktyczn\u0105. W przypadku zainteresowania udzia\u0142em w kursie specjalizacji I klasy, konieczne jest posiadanie uprawnie\u0144 III klasy dla danego rodzaju maszyny budowlanej. W naszej ofercie znajdziesz:\u00a0 NAZWA MASZYNY&nbsp; KLASA\u00a0I ZAKRES UPRAWNIE\u0143 koparka jednonaczyniowa&nbsp; Klasa III \u2013 koparki jednonaczyniowe o masie ca\u0142kowitej do 25 ton\u00a0Klasa I \u2013 wszystkie typy koparek bez ogranicze\u0144 masy ca\u0142kowitej \u0142adowarka jednonaczyniowa\u00a0 Klasa III \u2013 \u0142adowarki jednonaczyniowe o masie ca\u0142kowitej do 20 ton\u00a0Klasa I \u2013 wszystkie typy koparek bez ogranicze\u0144 masy ca\u0142kowitej\u00a0 spycharka\u00a0 Klasa III\u00a0\u2013 spycharki o mocy silnika do 110kW\u00a0Klasa I \u2013 spycharki powy\u017cej mocy silnika 110kW\u00a0 koparko\u2013\u0142adowarka\u00a0 Klasa III \u2013 wszystkie typy koparko\u2013\u0142adowarek walec drogowy&nbsp; Klasa II\u00a0\u2013 wszystkie typy walc\u00f3w drogowych Program szkolenia na poszczeg\u00f3lne maszyny zak\u0142ada zdobycie wiedzy teoretycznej oraz umiej\u0119tno\u015bci praktycznych. W pierwszej cz\u0119\u015bci [&hellip;]<\/p>\n","protected":false},"author":6,"featured_media":3870,"parent":2721,"menu_order":0,"comment_status":"closed","ping_status":"closed","template":"","meta":{"sfsi_plus_gutenberg_text_before_share":"","sfsi_plus_gutenberg_show_text_before_share":"","sfsi_plus_gutenberg_icon_type":"","sfsi_plus_gutenberg_icon_alignemt":"","sfsi_plus_gutenburg_max_per_row":"","footnotes":""},"class_list":["post-3875","page","type-page","status-publish","has-post-thumbnail","hentry","has_thumb"],"aioseo_notices":[],"_links":{"self":[{"href":"https:\/\/kursy-udt.pl\/de\/wp-json\/wp\/v2\/pages\/3875","targetHints":{"allow":["GET"]}}],"collection":[{"href":"https:\/\/kursy-udt.pl\/de\/wp-json\/wp\/v2\/pages"}],"about":[{"href":"https:\/\/kursy-udt.pl\/de\/wp-json\/wp\/v2\/types\/page"}],"author":[{"embeddable":true,"href":"https:\/\/kursy-udt.pl\/de\/wp-json\/wp\/v2\/users\/6"}],"replies":[{"embeddable":true,"href":"https:\/\/kursy-udt.pl\/de\/wp-json\/wp\/v2\/comments?post=3875"}],"version-history":[{"count":5,"href":"https:\/\/kursy-udt.pl\/de\/wp-json\/wp\/v2\/pages\/3875\/revisions"}],"predecessor-version":[{"id":5607,"href":"https:\/\/kursy-udt.pl\/de\/wp-json\/wp\/v2\/pages\/3875\/revisions\/5607"}],"up":[{"embeddable":true,"href":"https:\/\/kursy-udt.pl\/de\/wp-json\/wp\/v2\/pages\/2721"}],"wp:featuredmedia":[{"embeddable":true,"href":"https:\/\/kursy-udt.pl\/de\/wp-json\/wp\/v2\/media\/3870"}],"wp:attachment":[{"href":"https:\/\/kursy-udt.pl\/de\/wp-json\/wp\/v2\/media?parent=3875"}],"curies":[{"name":"wp","href":"https:\/\/api.w.org\/{rel}","templated":true}]}}