{"id":38,"date":"2014-02-10T17:12:48","date_gmt":"2014-02-10T17:12:48","guid":{"rendered":"http:\/\/kursy-udt.kwiaty0.pl\/?page_id=38"},"modified":"2023-02-14T12:31:18","modified_gmt":"2023-02-14T11:31:18","slug":"aufzuge-2","status":"publish","type":"page","link":"https:\/\/kursy-udt.pl\/de\/podnosniki\/","title":{"rendered":"Hubarbeitsb\u00fchnen, Scherenb\u00fchnen und andere"},"content":{"rendered":"<p><img loading=\"lazy\" decoding=\"async\" class=\"paddingleft10 alignleft wp-image-3586 size-medium\" src=\"https:\/\/kursy-udt.pl\/wp-content\/uploads\/2021\/11\/podnosnik_koszowy-300x200.jpg\" alt=\"\" width=\"300\" height=\"200\" srcset=\"https:\/\/kursy-udt.pl\/wp-content\/uploads\/2021\/11\/podnosnik_koszowy-300x200.jpg 300w, https:\/\/kursy-udt.pl\/wp-content\/uploads\/2021\/11\/podnosnik_koszowy-1024x683.jpg 1024w, https:\/\/kursy-udt.pl\/wp-content\/uploads\/2021\/11\/podnosnik_koszowy-768x512.jpg 768w, https:\/\/kursy-udt.pl\/wp-content\/uploads\/2021\/11\/podnosnik_koszowy-624x416.jpg 624w, https:\/\/kursy-udt.pl\/wp-content\/uploads\/2021\/11\/podnosnik_koszowy.jpg 1461w\" sizes=\"auto, (max-width: 300px) 100vw, 300px\" \/><\/p>\n<div class=\"wyjustuj\">\n<p><a href=\"https:\/\/kursy-udt.pl\/de\/o-firmie\/\">ERGON-Zentrum f\u00fcr Personalverbesserung<\/a> l\u00e4dt Sie herzlich ein zu <a href=\"https:\/\/kursy-udt.pl\/de\/szkolenia\/udt-wdt-tdt\/zwyzki-podnosniki-koszowe\/\">Ausbildung f\u00fcr Hubarbeitsb\u00fchnen<\/a> und Scherenhebeb\u00fchnen und andere. Das Ziel der Ausbildung ist es, die notwendigen <a href=\"https:\/\/kursy-udt.pl\/de\/uprawnienia-udt\/kategorie-uprawnien-2\/\">UDT-Anspr\u00fcche<\/a>ohne die die Ger\u00e4te nicht betrieben werden k\u00f6nnen. Bau-, Montage- oder Dekorationsarbeiten erfordern den Einsatz von Ger\u00e4ten wie Scheren- und Korbb\u00fchnen - eine Ausbildung ist daher unerl\u00e4sslich, um alle T\u00e4tigkeiten sicher und vorschriftsm\u00e4\u00dfig ausf\u00fchren zu k\u00f6nnen. Mit uns wird es noch einfacher, den F\u00fchrerschein zu machen! In unserem Zentrum f\u00fchren wir seit Jahren Kurse f\u00fcr Hubarbeitsb\u00fchnen und Scherenb\u00fchnen durch. Wir haben bereits Tausende von Mitarbeitern geschult, die dank uns ihre UDT-Pr\u00fcfungen ohne Probleme bestanden und die erforderlichen Genehmigungen erhalten haben. Wir besch\u00e4ftigen nur qualifizierte Dozenten und Ausbilder, die die Vorschriften und die Funktionsweise von Hubarbeitsb\u00fchnen genau kennen - unsere Kurse sind daher immer voller wertvoller Informationen, die in der sp\u00e4teren t\u00e4glichen Arbeit angewendet werden k\u00f6nnen. Jeder Kurs gliedert sich in einen theoretischen und einen praktischen Teil. Der theoretische Teil umfasst die technischen Pr\u00fcfvorschriften, Informationen \u00fcber Krane, einschlie\u00dflich Hebeb\u00fchnen, ihre Konstruktion und ihren Betrieb, und wir vermitteln auch Informationen \u00fcber <a href=\"https:\/\/kursy-udt.pl\/de\/szkolenia\/bhp-bezpieczenstwo-pracy\/prawna-ochrona-pracy\/\">GESUNDHEIT UND SICHERHEIT<\/a>. So bereiten wir Sie umfassend auf die UDT-Pr\u00fcfung nach den aktuellen Vorschriften vor.<\/p>\n<div class=\"filmw\">\n<div class=\"responsive-youtube\" style=\"text-align: center;\"><iframe loading=\"lazy\" title=\"YouTube-Video-Player\" src=\"https:\/\/www.youtube.com\/embed\/sadG__ZRQI8\" width=\"560\" height=\"315\" frameborder=\"0\" allowfullscreen=\"allowfullscreen\"><\/iframe><\/div>\n<\/div>\n<h2><strong>Benutzung von Aufz\u00fcgen<\/strong><\/h2>\n<p>Aufz\u00fcge sind eine Gruppe von Ger\u00e4ten, die dazu bestimmt sind, Arbeiten in der H\u00f6he auszuf\u00fchren. Nach der Klassifizierung wird diese Gruppe von Ger\u00e4ten bezeichnet als <span class=\"linkwartykule\"><a href=\"\/de\/ausbildung\/mobile-plattformen\/\">mobile Plattformen<\/a><\/span> geh\u00f6ren auch Hubarbeitsb\u00fchnen, f\u00fcr deren Betrieb daher eine Genehmigung erforderlich ist. Hubarbeitsb\u00fchnen sind die beliebtesten unter ihnen. Diese erleichtern das Heben von Personen, Materialien und Ger\u00e4ten auf eine bestimmte H\u00f6he f\u00fcr Bau-, Ausbau-, Installations-, Dekorations-, Reinigungs- und andere Arbeiten.<\/p>\n<p>Die Ger\u00e4te k\u00f6nnen auf R\u00e4dern oder auf einem Fahrzeug montiert sein; in diesem Fall spricht man von selbstfahrenden oder freilaufenden mobilen Arbeitsb\u00fchnen. Aufgrund ihrer Bauart werden diese Ger\u00e4te in Knickarm- und Scherenger\u00e4te sowie in Teleskopger\u00e4te unterteilt. Sie k\u00f6nnen mit einer I P UDT-Lizenz betrieben werden.<br \/>\n<div style=\"width: 640px;\" class=\"wp-video\"><video id=\"video-38-1\" width=\"640\" height=\"360\" poster=\"https:\/\/kursy-udt.pl\/wp-content\/uploads\/2023\/02\/20230127_031102_0000.jpg\" preload=\"metadata\" controls=\"controls\"><source type=\"video\/mp4\" src=\"https:\/\/kursy-udt.pl\/wp-content\/uploads\/2023\/02\/ACCEPTED-operator-podestow-4K-kursy-udt.mp4?_=1\" \/><a href=\"https:\/\/kursy-udt.pl\/wp-content\/uploads\/2023\/02\/ACCEPTED-operator-podestow-4K-kursy-udt.mp4\">https:\/\/kursy-udt.pl\/wp-content\/uploads\/2023\/02\/ACCEPTED-operator-podestow-4K-kursy-udt.mp4<\/a><\/video><\/div>\n<h2><strong>Zweck der Ausbildung<\/strong><\/h2>\n<p>Die Schulungen richten sich an Personen, die mindestens 18 Jahre alt sind, \u00fcber eine abgeschlossene Grundschulausbildung verf\u00fcgen und ein \u00e4rztliches Attest vorlegen k\u00f6nnen, aus dem hervorgeht, dass keine Gegenanzeigen f\u00fcr die Arbeit als Maschinenf\u00fchrer vorliegen.<\/p>\n<p>Unsere Aufzugsschulung vermittelt die notwendigen theoretischen und praktischen Kenntnisse f\u00fcr die Bedienung der Anlagen gem\u00e4\u00df den Arbeitsschutz- und technischen \u00dcberwachungsvorschriften. Am Ende der Schulung kann der Teilnehmer die UDT-Pr\u00fcfung ablegen, um die entsprechenden Berechtigungen zu erhalten.<\/p>\n<p>Wir bieten Aufzugskurse zu wettbewerbsf\u00e4higen Preisen und mit der M\u00f6glichkeit von Rabatten f\u00fcr gr\u00f6\u00dfere Gruppen. Wir k\u00f6nnen auch \u00fcberall und zu jeder Zeit einen Kurs organisieren, je nach den W\u00fcnschen unserer Kunden. Die Tatsache, dass unsere Kurse immer gr\u00fcndlich geplant und reich an Theorie und Praxis sind, macht es f\u00fcr Sie noch einfacher, sich anschlie\u00dfend zertifizieren zu lassen.<\/p>\n<p>Sie sind herzlich eingeladen, die Dienste des ERGON Cardinal Training Centre zu nutzen!<\/p>\n<p><a href=\"https:\/\/kursy-udt.pl\/wp-content\/uploads\/2022\/12\/18-podnosniki-koszowe-kursy-udt.pl_.png\"><img loading=\"lazy\" decoding=\"async\" class=\"aligncenter wp-image-4551\" src=\"https:\/\/kursy-udt.pl\/wp-content\/uploads\/2022\/12\/18-podnosniki-koszowe-kursy-udt.pl_-300x188.png\" alt=\"\" width=\"750\" height=\"469\" srcset=\"https:\/\/kursy-udt.pl\/wp-content\/uploads\/2022\/12\/18-podnosniki-koszowe-kursy-udt.pl_-300x188.png 300w, https:\/\/kursy-udt.pl\/wp-content\/uploads\/2022\/12\/18-podnosniki-koszowe-kursy-udt.pl_-1024x640.png 1024w, https:\/\/kursy-udt.pl\/wp-content\/uploads\/2022\/12\/18-podnosniki-koszowe-kursy-udt.pl_-768x480.png 768w, https:\/\/kursy-udt.pl\/wp-content\/uploads\/2022\/12\/18-podnosniki-koszowe-kursy-udt.pl_-18x12.png 18w, https:\/\/kursy-udt.pl\/wp-content\/uploads\/2022\/12\/18-podnosniki-koszowe-kursy-udt.pl_-624x390.png 624w, https:\/\/kursy-udt.pl\/wp-content\/uploads\/2022\/12\/18-podnosniki-koszowe-kursy-udt.pl_.png 1200w\" sizes=\"auto, (max-width: 750px) 100vw, 750px\" \/><\/a><\/p>\n<\/div>\n<div class=\"button_styl\" style=\"float: right; padding-left: 15px; padding-bottom: 8px; margin-bottom: 5px;\"><a class=\"myButton myButton_maly\" href=\"https:\/\/platformaedukacji.pl\/login\/signup.php\" target=\"_blank\" rel=\"nofollow noopener\"><span style=\"color: white;\">Anmeldung zur Schulung<\/span><\/a><\/div>","protected":false},"excerpt":{"rendered":"<p>O\u015brodek Doskonalenia Kadr ERGON serdecznie zaprasza na szkolenia na podno\u015bniki koszowe i podno\u015bniki no\u017cycowe oraz inne. Celem szkolenia jest uzyskanie niezb\u0119dnych uprawnie\u0144 UDT, bez kt\u00f3rych nie mo\u017cna obs\u0142ugiwa\u0107 urz\u0105dze\u0144. Prace budowlane, monta\u017cowe czy dekoratorskie wymagaj\u0105 stosowania urz\u0105dze\u0144 takich jak podno\u015bniki no\u017cycowe i koszowe \u2013 szkolenia s\u0105 w zwi\u0105zku z tym niezb\u0119dne, \u017ceby realizowa\u0107 wszystkie czynno\u015bci bezpiecznie i zgodnie z przepisami. Z nami uprawnienia b\u0119d\u0105 jeszcze \u0142atwiejsze do zdobycia! W naszym o\u015brodku prowadzimy kursy na podno\u015bniki koszowe i no\u017cycowe od lat. Przeszkolili\u015bmy ju\u017c tysi\u0105ce pracownik\u00f3w, kt\u00f3rzy dzi\u0119ki nam zdali egzaminy UDT bezproblemowo i uzyskali potrzebne uprawnienia. Zatrudniamy tylko wykwalifikowanych wyk\u0142adowc\u00f3w i instruktor\u00f3w, kt\u00f3rzy w szczeg\u00f3\u0142ach znaj\u0105 przepisy i wiedz\u0105, jak dzia\u0142aj\u0105 podno\u015bniki \u2013 kursy realizowane w\u0142a\u015bnie przez nas z tego powodu s\u0105 zawsze pe\u0142ne warto\u015bciowych informacji, kt\u00f3re znajduj\u0105 zastosowanie w p\u00f3\u017aniejszych codziennych pracach. Ka\u017cdy kurs podzielony jest na cz\u0119\u015b\u0107 teoretyczn\u0105 i praktyczn\u0105. Cz\u0119\u015b\u0107 teoretyczna porusza tematyk\u0119 przepis\u00f3w o dozorze technicznym, informacje o d\u017awignicach, w tym o podno\u015bnikach, ich budowie oraz obs\u0142udze, tak\u017ce przekazujemy informacje na temat BHP. W efekcie kompleksowo przygotowujemy do podej\u015bcia do egzaminu UDT zgodnie obowi\u0105zuj\u0105cymi przepisami. Zastosowanie podno\u015bnik\u00f3w Podno\u015bniki to grupa urz\u0105dze\u0144, kt\u00f3re przeznaczone s\u0105 do realizowania prac na wysoko\u015bciach. Zgodnie z klasyfikacj\u0105 do grupy urz\u0105dze\u0144 okre\u015blanych mianem podesty ruchome zaliczamy tak\u017ce podno\u015bniki, uprawnienia s\u0105 zatem niezb\u0119dne do ich obs\u0142ugi zgodnie z przepisami prawa. Najpopularniejsze z nich to podno\u015bniki koszowe. Dzi\u0119ki nim mo\u017cna \u0142atwo wznosi\u0107 na okre\u015blon\u0105 wysoko\u015b\u0107 osoby, materia\u0142y oraz wyposa\u017cenie, by prowadzi\u0107 prace budowlane, wyko\u0144czeniowe, monta\u017cowe, dekoratorskie, prace czy\u015bcicielskie oraz innego typu. Urz\u0105dzenia mog\u0105 by\u0107 umieszczone na ko\u0142ach lub samochodach \u2013 [&hellip;]<\/p>\n","protected":false},"author":1,"featured_media":3586,"parent":0,"menu_order":0,"comment_status":"closed","ping_status":"closed","template":"","meta":{"sfsi_plus_gutenberg_text_before_share":"","sfsi_plus_gutenberg_show_text_before_share":"","sfsi_plus_gutenberg_icon_type":"","sfsi_plus_gutenberg_icon_alignemt":"","sfsi_plus_gutenburg_max_per_row":"","footnotes":""},"class_list":["post-38","page","type-page","status-publish","has-post-thumbnail","hentry","has_thumb"],"aioseo_notices":[],"_links":{"self":[{"href":"https:\/\/kursy-udt.pl\/de\/wp-json\/wp\/v2\/pages\/38","targetHints":{"allow":["GET"]}}],"collection":[{"href":"https:\/\/kursy-udt.pl\/de\/wp-json\/wp\/v2\/pages"}],"about":[{"href":"https:\/\/kursy-udt.pl\/de\/wp-json\/wp\/v2\/types\/page"}],"author":[{"embeddable":true,"href":"https:\/\/kursy-udt.pl\/de\/wp-json\/wp\/v2\/users\/1"}],"replies":[{"embeddable":true,"href":"https:\/\/kursy-udt.pl\/de\/wp-json\/wp\/v2\/comments?post=38"}],"version-history":[{"count":24,"href":"https:\/\/kursy-udt.pl\/de\/wp-json\/wp\/v2\/pages\/38\/revisions"}],"predecessor-version":[{"id":4761,"href":"https:\/\/kursy-udt.pl\/de\/wp-json\/wp\/v2\/pages\/38\/revisions\/4761"}],"wp:featuredmedia":[{"embeddable":true,"href":"https:\/\/kursy-udt.pl\/de\/wp-json\/wp\/v2\/media\/3586"}],"wp:attachment":[{"href":"https:\/\/kursy-udt.pl\/de\/wp-json\/wp\/v2\/media?parent=38"}],"curies":[{"name":"wp","href":"https:\/\/api.w.org\/{rel}","templated":true}]}}