{"id":3793,"date":"2022-05-20T11:19:59","date_gmt":"2022-05-20T11:19:59","guid":{"rendered":"https:\/\/kursy-udt.pl\/?page_id=3793"},"modified":"2023-03-20T12:56:15","modified_gmt":"2023-03-20T11:56:15","slug":"tropfverfahren","status":"publish","type":"page","link":"https:\/\/kursy-udt.pl\/de\/szkolenia\/spawalnictwo-materialow\/metody-ciec\/","title":{"rendered":"Kurs f\u00fcr Brennschneider\u00a0"},"content":{"rendered":"<p>Wir bieten einen Kurs \u00fcber Acetylen-Sauerstoff-, Plasma- und Elektrobrenner an, die zu den beliebtesten Werkzeugen f\u00fcr das Trennen von kohlenstoffarmen und niedrig legierten Metallen geh\u00f6ren. In unserem Zentrum werden Sie alle notwendigen Informationen \u00fcber die Arbeit als Bediener lernen.\u00a0\u00a0<\/p>\n\n\n\n<figure class=\"wp-block-image size-large is-resized\"><img loading=\"lazy\" decoding=\"async\" src=\"https:\/\/kursy-udt.pl\/wp-content\/uploads\/2022\/05\/oso.edu_.pl-0071.jpg\" alt=\"Plasmabrenner\" width=\"821\" height=\"485\"\/><\/figure>\n\n\n\n<h2 class=\"wp-block-heading\">F\u00fcr wen ist unsere Schulung gedacht?&nbsp;<\/h2>\n\n\n\n<p>F\u00fcr alle, die theoretische Kenntnisse und praktische F\u00e4higkeiten im Bereich des manuellen Brennschneidens erwerben m\u00f6chten.&nbsp;<\/p>\n\n\n\n<h2 class=\"wp-block-heading\">Was ist das Hauptziel des Kurses?&nbsp;<\/h2>\n\n\n\n<p>Praktische und theoretische Vorbereitung der Auszubildenden auf das manuelle Brennschneiden mit Acetylen-Sauerstoff, Plasma und elektrischen Flammen.\u00a0<\/p>\n\n\n\n<p>Grundvoraussetzungen f\u00fcr den Kurs&nbsp;<\/p>\n\n\n\n<p>Jeder Teilnehmer muss mindestens 18 Jahre alt sein und \u00fcber einen Grundschulabschluss verf\u00fcgen.&nbsp;<\/p>\n\n\n\n<figure class=\"wp-block-embed is-type-video is-provider-youtube wp-block-embed-youtube wp-embed-aspect-16-9 wp-has-aspect-ratio\"><div class=\"wp-block-embed__wrapper\">\n<iframe loading=\"lazy\" title=\"ABSOLVIEREN SIE IHREN SCHWEISSKURS BEI UNS! IM GANZEN LAND! ERWERBEN SIE IHRE SCHWEISSERQUALIFIKATION!\" width=\"500\" height=\"281\" src=\"https:\/\/www.youtube.com\/embed\/Sn47FDJ5NSQ?feature=oembed\" frameborder=\"0\" allow=\"accelerometer; autoplay; clipboard-write; encrypted-media; gyroscope; picture-in-picture; web-share\" referrerpolicy=\"strict-origin-when-cross-origin\" allowfullscreen><\/iframe>\n<\/div><\/figure>\n\n\n\n<h2 class=\"wp-block-heading\">Detailliertes Kursprogramm&nbsp;<\/h2>\n\n\n\n<p>Die Schulung umfasst die folgenden Themen:&nbsp;<\/p>\n\n\n\n<ul class=\"wp-block-list\">\n<li>Regeln <a href=\"https:\/\/kursy-udt.pl\/de\/szkolenia\/bhp-bezpieczenstwo-pracy\/prawna-ochrona-pracy\/\">GESUNDHEIT UND SICHERHEIT<\/a> und PSA beim Brennschneiden,&nbsp;<\/li>\n\n\n\n<li>Grundlagen der Theorie des Brennschneidens,&nbsp;<\/li>\n\n\n\n<li>Reduktionsmittel,&nbsp;<\/li>\n\n\n\n<li>Ausr\u00fcstung f\u00fcr den Arbeitsplatz des Brennschneiders,&nbsp;<\/li>\n\n\n\n<li>technische Gase zum Schneiden,&nbsp;<\/li>\n\n\n\n<li>Druckmessger\u00e4te,&nbsp;<\/li>\n\n\n\n<li>Gasschneidbrenner,&nbsp;<\/li>\n\n\n\n<li>Gasflaschen f\u00fcr technische Gase mit Manometer,&nbsp;<\/li>\n\n\n\n<li>technische Gasleitungen,&nbsp;<\/li>\n\n\n\n<li>Brennschneidtechnik,&nbsp;<\/li>\n\n\n\n<li>halbautomatische und automatische Brennschneidmaschinen,&nbsp;<\/li>\n\n\n\n<li>und praktische Aktivit\u00e4ten.&nbsp;<\/li>\n<\/ul>\n\n\n\n<h2 class=\"wp-block-heading\">Wie l\u00e4uft die Abschlusspr\u00fcfung ab?&nbsp;<\/h2>\n\n\n\n<p>Im Anschluss an die Schulung findet eine interne Pr\u00fcfung \u00fcber die w\u00e4hrend des Programms erworbenen Kenntnisse statt.&nbsp;<\/p>\n\n\n\n<h2 class=\"wp-block-heading\">Teilnahmeberechtigung nach Abschluss des Kurses&nbsp;<\/h2>\n\n\n\n<p>Teilnehmer, die die Pr\u00fcfung erfolgreich ablegen, erhalten ein Zertifikat \u00fcber den Abschluss des Kurses und alle erforderlichen Unterlagen f\u00fcr die Aus\u00fcbung des Berufs.&nbsp;<\/p>\n\n\n\n<figure class=\"wp-block-image size-large is-resized\"><img loading=\"lazy\" decoding=\"async\" src=\"https:\/\/kursy-udt.pl\/wp-content\/uploads\/2022\/05\/safety-equipment-1024x768-1.jpg\" alt=\"Mitarbeiter in Schutzkleidung\" width=\"722\" height=\"542\"\/><\/figure>\n\n\n\n<h2 class=\"wp-block-heading\">Arten von Schnitten&nbsp;<\/h2>\n\n\n\n<p>Beim Brennschneiden wird ein Metall auf die so genannte Z\u00fcndtemperatur gebracht. Bei Kontakt mit dem Brenner verbrennt es und entweicht dann in Form von Metalloxid. Entsprechend konstruierte Brenner k\u00f6nnen bestimmte Anteile von brennbarem Gas mit Sauerstoff mischen. Als brennbare Gase werden Stoffe wie Propan-Butan und Acetylen verwendet.\u00a0\u00a0<\/p>\n\n\n\n<p><strong>Schneiden mit Acetylen <\/strong>ist aufgrund seiner F\u00e4higkeit, hohe Temperaturen zu erreichen, eine \u00e4u\u00dferst effiziente Methode. Weitere Vorteile sind die Mobilit\u00e4t, die hohe Qualit\u00e4t der Metallzerspanung und die M\u00f6glichkeit, die Schneidprozesse zu mechanisieren. Diese Methode wird in vielen Industriezweigen und unter anderem in kleinen Werkst\u00e4tten oder gro\u00dfen Produktionshallen eingesetzt.&nbsp;&nbsp;<\/p>\n\n\n\n<p><strong>Brennschneiden<\/strong> kann zur Bearbeitung von Gusseisen, Bronze, Messing, Stahl und verschiedenen Metalllegierungen sowie zum L\u00f6ten, Erhitzen oder Brennen verwendet werden. Beim Gasschwei\u00dfen wird das Werkst\u00fcck mit einer Flamme auf eine geeignete Temperatur erhitzt, so dass es sich zersetzt und seinen Aggregatzustand \u00e4ndert. Auf diese Weise lassen sich Werkst\u00fccke aus Stahl bis zu einer Dicke von 300 mm dauerhaft verschwei\u00dfen oder trennen. Der richtige Brennertyp ist f\u00fcr die Wirkung und die Qualit\u00e4t des Schnittes verantwortlich. Ein kleinerer Brenner bedeutet einen kleineren Strahl. Das bedeutet mehr Pr\u00e4zision. Brenner werden zum Schneiden und auch zum Schwei\u00dfen verwendet. Allerdings ist nicht jedes Metall f\u00fcr die Bearbeitung mit dieser Methode geeignet. Zu den geeigneten Metallen geh\u00f6ren Bronze, Messing, Gusseisen, Eisen, Wolfram und Titan.&nbsp;&nbsp;<\/p>\n\n\n<div class=\"wp-block-image\">\n<figure class=\"alignright size-large is-resized\"><img loading=\"lazy\" decoding=\"async\" src=\"https:\/\/kursy-udt.pl\/wp-content\/uploads\/2022\/05\/MESSER_Cutting_torch_set.jpg\" alt=\"Brennschneiden\" width=\"355\" height=\"266\"\/><\/figure>\n<\/div>\n\n\n<p><strong>Plasmaschneiden<\/strong> zielt auf das Schmelzen und Aussto\u00dfen von Metall aus dem Schneidspalt durch einen hochkonzentrierten Lichtbogen mit hoher kinetischer Energie, der zwischen dem zu schneidenden Werkst\u00fcck und der nicht schmelzenden Elektrode gl\u00fcht. Das Plasma wird durch einen Brenner erzeugt. Das Durchleiten eines Druckgasstroms durch den Lichtbogen bewirkt eine Ionisierung und erzeugt durch die hohe Leistungsdichte einen Strahl. Eine D\u00fcse, die sich im Brenner befindet, fokussiert den Plasmalichtbogen. Die W\u00e4nde der D\u00fcse werden gek\u00fchlt und bewirken eine Verengung der S\u00e4ule. Bei diesem Verfahren wird eine hohe Temperatur (10000\u00f730000K) im Kern des Plasmalichtbogens und eine extrem hohe Strahlgeschwindigkeit verwendet. Dadurch wird das Material geschmolzen und aus dem Spalt geblasen. Bei diesem Verfahren wird h\u00e4ufig Luft als Gas verwendet. Leistungsst\u00e4rkere Ger\u00e4te verwenden vor allem Wasserstoff, Argon, Kohlendioxid, Stickstoff und Argon-Helium- oder Argon-Wasserstoff-Gemische. Der Plasmastrahl kann elektrisch leitende Werkstoffe wie Kupfer, Aluminium und seine Legierungen, Messing, legierte oder unlegierte St\u00e4hle und Gusseisen schneiden.\u00a0<\/p>\n\n\n\n<h2 class=\"wp-block-heading\">Wir unterscheiden zwischen den einzelnen Vor- und Nachteilen des Brennschneidens&nbsp;<\/h2>\n\n\n\n<p><strong>Vorteile:<\/strong>&nbsp;<\/p>\n\n\n\n<ul class=\"wp-block-list\">\n<li>kleiner Wirkungsbereich des Schneidens,&nbsp;<\/li>\n\n\n\n<li>gute Oberfl\u00e4chenqualit\u00e4t,&nbsp;<\/li>\n\n\n\n<li>kleine L\u00fccke,&nbsp;<\/li>\n\n\n\n<li>schnelles Durchstechen,&nbsp;<\/li>\n\n\n\n<li>einfache Automatisierung des Prozesses,&nbsp;<\/li>\n\n\n\n<li>Schnittbereich - von 0,5 mm bis 160 mm,\u00a0<\/li>\n\n\n\n<li>effizientes vertikales Schneiden,&nbsp;<\/li>\n\n\n\n<li>geringe thermische Verformung,&nbsp;<\/li>\n\n\n\n<li>etwa 6-mal schnellere Schnittgeschwindigkeit als beim Autogenschneiden,\u00a0<\/li>\n\n\n\n<li>geringer Einfluss der Temperatur auf das Bauteil,&nbsp;<\/li>\n\n\n\n<li>kein Verbrennen von d\u00fcnnen Materialien.&nbsp;<\/li>\n<\/ul>\n\n\n\n<p><strong>Benachteiligungen<\/strong>:&nbsp;<\/p>\n\n\n\n<ul class=\"wp-block-list\">\n<li>Ver\u00e4nderungen in der Aufschlagfl\u00e4che des Schnittes,&nbsp;<\/li>\n\n\n\n<li>L\u00e4rm (gilt nicht f\u00fcr Unterwasserschneiden),&nbsp;<\/li>\n\n\n\n<li>starke UV-Strahlung,&nbsp;<\/li>\n\n\n\n<li>Schwierigkeiten bei der Einhaltung der Senkrechtstellung von Kanten,&nbsp;<\/li>\n\n\n\n<li>hohe Konzentrationen von gesundheitssch\u00e4dlichen D\u00e4mpfen und Gasen.&nbsp;<\/li>\n<\/ul>\n\n\n\n<p>&nbsp;<br><strong>Wenn Sie Fragen zum Kurs haben, k\u00f6nnen Sie uns gerne kontaktieren!<\/strong><\/p>\n\n\n\n<figure class=\"wp-block-image size-large is-resized\"><img loading=\"lazy\" decoding=\"async\" src=\"https:\/\/kursy-udt.pl\/wp-content\/uploads\/2023\/01\/Reklama-Na-Kursy-7-1.png\" alt=\"ERGON-Ausbildung\" width=\"772\" height=\"482\"\/><\/figure>","protected":false},"excerpt":{"rendered":"<p>Oferujemy kurs na palniki acetylenowo\u2013tlenowe, plazmowe i elektryczne, kt\u00f3re s\u0105 jednymi z najpopularniejszych narz\u0119dzi wykorzystywanych do rozdzielania metali niskow\u0119glowych i niskostopowych. W naszym o\u015brodku dowiesz si\u0119 wszystkich niezb\u0119dnych informacji dotycz\u0105cych pracy jako operator.\u00a0\u00a0 Dla kogo przeznaczone jest nasze szkolenie?&nbsp; Dla wszystkich os\u00f3b, kt\u00f3re chcia\u0142yby zdoby\u0107 wiedz\u0119 teoretyczn\u0105 oraz umiej\u0119tno\u015bci praktyczne w temacie r\u0119cznego ci\u0119cia gazowego.&nbsp; Jaki jest g\u0142\u00f3wny cel kursu?&nbsp; Praktyczne oraz teoretyczne przygotowanie kursant\u00f3w do r\u0119cznego ci\u0119cia gazowego p\u0142omieniem acetylenowo\u2013tlenowym, plazmowym i elektrycznym.\u00a0 Podstawowe wymagania przed przyst\u0105pieniem do kursu&nbsp; Ka\u017cdy uczestnik musi mie\u0107 uko\u0144czone 18 lat i posiada\u0107 minimum wykszta\u0142cenie podstawowe.&nbsp; Szczeg\u00f3\u0142owy program kursu&nbsp; Szkolenie obejmuje nast\u0119puj\u0105ce zagadnienia tematyczne:&nbsp; Jak przebiega egzamin ko\u0144cowy?&nbsp; Po szkoleniu odb\u0119dzie si\u0119 egzamin wewn\u0119trzny z zakresu nauki zdobytej podczas trwania programu.&nbsp; Uprawnienia uzyskiwane po uko\u0144czeniu kursu&nbsp; Uczestnicy, kt\u00f3rzy pozytywnie zdali egzamin, otrzymuj\u0105 \u015bwiadectwo uko\u0144czenia kursu oraz wszystkie niezb\u0119dne dokumenty pozwalaj\u0105ce na prac\u0119 w zawodzie.&nbsp; Rodzaje ci\u0119\u0107&nbsp; Ci\u0119cie gazowe polega na doprowadzeniu metalu do tzw. temperatury zap\u0142onu. W kontakcie z palnikiem ulega on spaleniu, po czym ulatnia si\u0119 w postaci tlenku metalu. Odpowiednio zaprojektowane palniki potrafi\u0105 wymiesza\u0107 konkretne proporcje gazu palnego z tlenem. Jako gaz palny wykorzystuje si\u0119 materia\u0142y takie jak propan\u2013butan i acetylen.\u00a0\u00a0 Ci\u0119cie z acetylenem jest niezwykle efektywnym sposobem ze wzgl\u0119du na w\u0142a\u015bciwo\u015bci osi\u0105gania wysokich temperatur. Jego dodatkow\u0105 zalet\u0105 jest mobilno\u015b\u0107, wysoka jako\u015b\u0107 ci\u0119cia metali oraz opcja zmechanizowania proces\u00f3w ci\u0119cia przy ich u\u017cyciu. Metoda ta jest wykorzystywana w wielu ga\u0142\u0119ziach przemys\u0142u oraz m.in. w ma\u0142ych warsztatach lub wielkich halach produkcyjnych.&nbsp;&nbsp; Ci\u0119cia gazowego mo\u017cna u\u017cywa\u0107 do obr\u00f3bki \u017celiwa, br\u0105zu, mosi\u0105dzu, stali oraz r\u00f3\u017cnych stop\u00f3w metali, a tak\u017ce do lutowania, [&hellip;]<\/p>\n","protected":false},"author":6,"featured_media":3795,"parent":2802,"menu_order":0,"comment_status":"closed","ping_status":"closed","template":"","meta":{"sfsi_plus_gutenberg_text_before_share":"","sfsi_plus_gutenberg_show_text_before_share":"","sfsi_plus_gutenberg_icon_type":"","sfsi_plus_gutenberg_icon_alignemt":"","sfsi_plus_gutenburg_max_per_row":"","footnotes":""},"class_list":["post-3793","page","type-page","status-publish","has-post-thumbnail","hentry","has_thumb"],"aioseo_notices":[],"_links":{"self":[{"href":"https:\/\/kursy-udt.pl\/de\/wp-json\/wp\/v2\/pages\/3793","targetHints":{"allow":["GET"]}}],"collection":[{"href":"https:\/\/kursy-udt.pl\/de\/wp-json\/wp\/v2\/pages"}],"about":[{"href":"https:\/\/kursy-udt.pl\/de\/wp-json\/wp\/v2\/types\/page"}],"author":[{"embeddable":true,"href":"https:\/\/kursy-udt.pl\/de\/wp-json\/wp\/v2\/users\/6"}],"replies":[{"embeddable":true,"href":"https:\/\/kursy-udt.pl\/de\/wp-json\/wp\/v2\/comments?post=3793"}],"version-history":[{"count":7,"href":"https:\/\/kursy-udt.pl\/de\/wp-json\/wp\/v2\/pages\/3793\/revisions"}],"predecessor-version":[{"id":5526,"href":"https:\/\/kursy-udt.pl\/de\/wp-json\/wp\/v2\/pages\/3793\/revisions\/5526"}],"up":[{"embeddable":true,"href":"https:\/\/kursy-udt.pl\/de\/wp-json\/wp\/v2\/pages\/2802"}],"wp:featuredmedia":[{"embeddable":true,"href":"https:\/\/kursy-udt.pl\/de\/wp-json\/wp\/v2\/media\/3795"}],"wp:attachment":[{"href":"https:\/\/kursy-udt.pl\/de\/wp-json\/wp\/v2\/media?parent=3793"}],"curies":[{"name":"wp","href":"https:\/\/api.w.org\/{rel}","templated":true}]}}