{"id":3656,"date":"2022-03-22T12:27:15","date_gmt":"2022-03-22T12:27:15","guid":{"rendered":"https:\/\/kursy-udt.pl\/?page_id=3656"},"modified":"2023-03-20T10:21:06","modified_gmt":"2023-03-20T09:21:06","slug":"mma-schweisverfahren","status":"publish","type":"page","link":"https:\/\/kursy-udt.pl\/de\/publikacje\/spawalnictwo-materialow\/mma-metoda-spawania\/","title":{"rendered":"Was es mit MMA, dem g\u00e4ngigsten Schwei\u00dfverfahren, auf sich hat"},"content":{"rendered":"<div class=\"wp-block-image\">\n<figure class=\"alignright size-large is-resized\"><img loading=\"lazy\" decoding=\"async\" src=\"https:\/\/kursy-udt.pl\/wp-content\/uploads\/2022\/03\/welding-history-fairlawn-min.jpg\" alt=\"Schwei\u00dfer bei der Arbeit\" width=\"417\" height=\"289\"\/><\/figure>\n<\/div>\n\n\n<p>MMA (Metall-Lichtbogenhandschwei\u00dfen) ist eine sehr beliebte Methode zur Herstellung von Schwei\u00dfverbindungen. Es ist auch eine der unkompliziertesten und kosteng\u00fcnstigsten Methoden dieser Art. Schwei\u00dfarbeiten vor Ort werden h\u00e4ufig mit dem MMA-Verfahren durchgef\u00fchrt, da die M\u00f6glichkeit besteht, mobile Ger\u00e4te zu verwenden. Die Vielseitigkeit von MMA ist auch darauf zur\u00fcckzuf\u00fchren, dass damit z. B. Stahl, Gusseisen und seltener Nichteisenmetalle und deren Legierungen, z. B. Kupfer, Nickel und Aluminium, verbunden werden k\u00f6nnen. Was sollten Sie sonst noch \u00fcber das Schwei\u00dfen mit diesem Verfahren wissen?&nbsp;&nbsp;&nbsp;&nbsp;<\/p>\n\n\n\n<h2 class=\"wp-block-heading\">MMA-Grundlagen&nbsp;<\/h2>\n\n\n\n<p>Die MMA-Schwei\u00dftechnik ist auch unter anderen Namen bekannt: Methode 111 und Schwei\u00dfen mit umh\u00fcllter Elektrode. Der letztgenannte Name bezieht sich auf die Verwendung eines speziellen Zubeh\u00f6rs f\u00fcr das Schwei\u00dfverfahren. Dabei handelt es sich um eine Elektrode, die aus einem Kern (einem metallischen Element) und einer speziellen Umh\u00fcllung (einer Umh\u00fcllungsmasse unterschiedlicher chemischer Zusammensetzung) besteht, die sie abschirmt. Die Elektrode erzeugt einen elektrischen Lichtbogen zwischen ihr und den zu verbindenden Materialien. W\u00e4hrend dieser Zeit schmilzt die Umh\u00fcllung unter dem Einfluss von W\u00e4rmeenergie bei sehr hoher Temperatur, wobei Gasd\u00e4mpfe und Schlacke freigesetzt werden. Ihre Funktion besteht haupts\u00e4chlich darin, die Schwei\u00dfnaht vor der Atmosph\u00e4re und einer zu schnellen Erstarrung der Werkstoffe zu sch\u00fctzen.&nbsp;&nbsp;&nbsp;<\/p>\n\n\n\n<h2 class=\"wp-block-heading\">MMA vs. WIG, MIG, MAG&nbsp;<\/h2>\n\n\n\n<p>Der Hauptunterschied zwischen MMA und WIG-, MIG- und MAG-Verfahren ist die L\u00e4nge der Elektrode. Bei MMA verk\u00fcrzt sich die L\u00e4nge der Elektrode, so dass der Elektrodenhalter in einem variablen Abstand zum Werkst\u00fcck bleibt. Daher muss man sich bem\u00fchen, einen konstanten Abstand zwischen dem Schwei\u00dfbad (geschmolzene Materialschicht) und der Elektrode selbst einzuhalten. Diese F\u00e4higkeit erfordert sowohl Sachkenntnis als auch eine praktische Ausbildung. Wenn Sie fortgeschrittene Kenntnisse \u00fcber Schwei\u00dftechniken erwerben m\u00f6chten, kommen Sie zu unserer UDT-Schulung bei ERGON.&nbsp;&nbsp;&nbsp;<\/p>\n\n\n<div class=\"wp-block-image\">\n<figure class=\"alignright size-large is-resized\"><img loading=\"lazy\" decoding=\"async\" src=\"https:\/\/kursy-udt.pl\/wp-content\/uploads\/2022\/03\/817783.jpg\" alt=\"Nachlaufelektrode\" width=\"442\" height=\"249\"\/><\/figure>\n<\/div>\n\n\n<h2 class=\"wp-block-heading\">Sicherheit und Schutz&nbsp;<\/h2>\n\n\n\n<p>Die Sicherheit bei der Durchf\u00fchrung von Schwei\u00dfarbeiten beruht auf der Vermeidung von Verbrennungen an Augen, Haut und Haaren und von Rauchvergiftungen sowie auf der Vermeidung von Br\u00e4nden. Es ist zu bedenken, dass der Lichtbogen der Elektrode nicht abgeschirmt ist und daher Sicherheitsma\u00dfnahmen wie spezielle Visiere, Schutzschilde und Spezialhandschuhe eingesetzt werden m\u00fcssen. Zum Schutz der Umwelt k\u00f6nnen Schutzschirme verwendet und L\u00f6sungen zur Steuerung der Bel\u00fcftung eingesetzt werden.&nbsp;&nbsp;&nbsp;<\/p>\n\n\n\n<h2 class=\"wp-block-heading\">Wie k\u00f6nnen Sie die F\u00e4higkeiten und Qualifikationen eines Schwei\u00dfers erwerben?&nbsp;<\/h2>\n\n\n\n<p>ERGON ist ein professionelles Ausbildungszentrum, das seit mehreren Jahren kontinuierlich auf dem Markt ist. In dieser Zeit haben wir die Erwartungen vieler Auszubildender erf\u00fcllt, die nach Abschluss ihrer Ausbildung und Zertifizierung mit fundierten Kenntnissen und F\u00e4higkeiten ausgestattet wurden und Folgendes erworben haben <a href=\"https:\/\/kursy-udt.pl\/de\/uprawnienia-udt\/kategorie-uprawnien-2\/\">Anrechte<\/a> die f\u00fcr ihre Arbeit unerl\u00e4sslich sind. Wir bieten Kurse und UDT-Schulungen an, in denen wir Sie oder Ihre Mitarbeiter in diesem Beruf schulen. Wir w\u00fcrden uns freuen, Sie bei einer Schulung begr\u00fc\u00dfen zu d\u00fcrfen. Wenn Sie Fragen oder Bedenken haben, stehen Ihnen unsere Berater zur Verf\u00fcgung.&nbsp;&nbsp;&nbsp;<\/p>\n\n\n\n<figure class=\"wp-block-image size-large is-resized\"><img loading=\"lazy\" decoding=\"async\" src=\"https:\/\/kursy-udt.pl\/wp-content\/uploads\/2022\/03\/stick_welding.jpg\" alt=\"Schwei\u00dfstation\" width=\"837\" height=\"628\"\/><\/figure>","protected":false},"excerpt":{"rendered":"<p>Spawanie MMA (ang. manual metal arc welding) jest bardzo popularn\u0105 metod\u0105 wykonywania po\u0142\u0105cze\u0144 spawanych. Jest tak\u017ce jedn\u0105 z najmniej skomplikowanych, a jednocze\u015bnie najbardziej ekonomicznych metod tego rodzaju. Czynno\u015bci spawania w terenie cz\u0119sto wykonuje si\u0119 technik\u0105 MMA, dzi\u0119ki mo\u017cliwo\u015bci wykorzystania mobilnego sprz\u0119tu. Uniwersalno\u015b\u0107 MMA wynika tak\u017ce z jej zastosowania do \u0142\u0105czenia np. stali, \u017celiwa, a rzadziej tak\u017ce metali nie\u017celaznych i ich stop\u00f3w np. miedzi, niklu, aluminium. Co jeszcze nale\u017cy wiedzie\u0107 o spawaniu t\u0105 metod\u0105?&nbsp;&nbsp;&nbsp;&nbsp; Podstawy MMA&nbsp; Technika spawania MMA znana jest tak\u017ce pod innymi nazwami: metoda 111 oraz spawanie elektrod\u0105 otulon\u0105. Ostatnia z tych nazw jest nawi\u0105zaniem do zastosowania konkretnego akcesorium w procesie zespalania materia\u0142\u00f3w. Jest nim elektroda zbudowana z rdzenia (element metaliczny) i os\u0142aniaj\u0105cej go specjalnej otuliny (masa okrywaj\u0105ca o r\u00f3\u017cnym sk\u0142adzie chemicznym). Elektroda wytwarza \u0142uk elektryczny pomi\u0119dzy ni\u0105 a materia\u0142ami, kt\u00f3re maj\u0105 zosta\u0107 po\u0142\u0105czone. W tym czasie, pod wp\u0142ywem energii cieplnej o bardzo wysokiej temperaturze, otulina topi si\u0119, uwalniaj\u0105c opary gazu oraz \u017cu\u017cel. Ich zadaniem jest g\u0142\u00f3wnie ochrona po\u0142\u0105czenia spawanego przed wp\u0142ywem atmosfery i zbyt szybkim zakrzepni\u0119ciem materia\u0142\u00f3w.&nbsp;&nbsp;&nbsp; MMA a TIG, MIG, MAG&nbsp; Kluczow\u0105 r\u00f3\u017cnic\u0105 pomi\u0119dzy MMA a metodami TIG, MIG, MAG jest d\u0142ugo\u015b\u0107 elektrody. W wypadku MMA, jej d\u0142ugo\u015b\u0107 podlega skracaniu, tak wi\u0119c uchwyt elektrody pozostaje w zmiennej odleg\u0142o\u015bci od przedmiotu spawania. W zwi\u0105zku z tym, nale\u017cy d\u0105\u017cy\u0107 do utrzymania sta\u0142ej odleg\u0142o\u015bci mi\u0119dzy jeziorkiem spawalniczym (stopiona warstwa materia\u0142u) a sam\u0105 elektrod\u0105. Taka umiej\u0119tno\u015b\u0107 wymaga zar\u00f3wno znajomo\u015bci rzeczy, jak i praktycznego treningu. Je\u015bli chcia\u0142by\u015b uzyska\u0107 zaawansowan\u0105 wiedz\u0119 o technikach spawalniczych, zapraszamy na nasze szkolenie UDT w ERGON.&nbsp;&nbsp;&nbsp; Bezpiecze\u0144stwo i ochrona&nbsp; Bezpiecze\u0144stwo wykonania prac spawalniczych [&hellip;]<\/p>\n","protected":false},"author":6,"featured_media":3647,"parent":2737,"menu_order":0,"comment_status":"closed","ping_status":"closed","template":"","meta":{"sfsi_plus_gutenberg_text_before_share":"","sfsi_plus_gutenberg_show_text_before_share":"","sfsi_plus_gutenberg_icon_type":"","sfsi_plus_gutenberg_icon_alignemt":"","sfsi_plus_gutenburg_max_per_row":"","footnotes":""},"class_list":["post-3656","page","type-page","status-publish","has-post-thumbnail","hentry","has_thumb"],"aioseo_notices":[],"_links":{"self":[{"href":"https:\/\/kursy-udt.pl\/de\/wp-json\/wp\/v2\/pages\/3656","targetHints":{"allow":["GET"]}}],"collection":[{"href":"https:\/\/kursy-udt.pl\/de\/wp-json\/wp\/v2\/pages"}],"about":[{"href":"https:\/\/kursy-udt.pl\/de\/wp-json\/wp\/v2\/types\/page"}],"author":[{"embeddable":true,"href":"https:\/\/kursy-udt.pl\/de\/wp-json\/wp\/v2\/users\/6"}],"replies":[{"embeddable":true,"href":"https:\/\/kursy-udt.pl\/de\/wp-json\/wp\/v2\/comments?post=3656"}],"version-history":[{"count":7,"href":"https:\/\/kursy-udt.pl\/de\/wp-json\/wp\/v2\/pages\/3656\/revisions"}],"predecessor-version":[{"id":5508,"href":"https:\/\/kursy-udt.pl\/de\/wp-json\/wp\/v2\/pages\/3656\/revisions\/5508"}],"up":[{"embeddable":true,"href":"https:\/\/kursy-udt.pl\/de\/wp-json\/wp\/v2\/pages\/2737"}],"wp:featuredmedia":[{"embeddable":true,"href":"https:\/\/kursy-udt.pl\/de\/wp-json\/wp\/v2\/media\/3647"}],"wp:attachment":[{"href":"https:\/\/kursy-udt.pl\/de\/wp-json\/wp\/v2\/media?parent=3656"}],"curies":[{"name":"wp","href":"https:\/\/api.w.org\/{rel}","templated":true}]}}