{"id":3624,"date":"2022-01-13T11:55:40","date_gmt":"2022-01-13T11:55:40","guid":{"rendered":"https:\/\/kursy-udt.pl\/?page_id=3624"},"modified":"2022-01-13T23:43:57","modified_gmt":"2022-01-13T23:43:57","slug":"was-ein-kran-ist","status":"publish","type":"page","link":"https:\/\/kursy-udt.pl\/de\/szkolenia\/kurs-na-suwnice\/czym-jest-suwnica\/","title":{"rendered":"Was ist ein Kran?"},"content":{"rendered":"<p><span data-contrast=\"auto\"><img loading=\"lazy\" decoding=\"async\" class=\"paddingleft10 alignleft wp-image-3625 size-medium\" src=\"https:\/\/kursy-udt.pl\/wp-content\/uploads\/2022\/01\/screen_2x-5-300x199.jpg\" alt=\"\" width=\"300\" height=\"199\" srcset=\"https:\/\/kursy-udt.pl\/wp-content\/uploads\/2022\/01\/screen_2x-5-300x199.jpg 300w, https:\/\/kursy-udt.pl\/wp-content\/uploads\/2022\/01\/screen_2x-5-1024x680.jpg 1024w, https:\/\/kursy-udt.pl\/wp-content\/uploads\/2022\/01\/screen_2x-5-768x510.jpg 768w, https:\/\/kursy-udt.pl\/wp-content\/uploads\/2022\/01\/screen_2x-5-624x414.jpg 624w, https:\/\/kursy-udt.pl\/wp-content\/uploads\/2022\/01\/screen_2x-5.jpg 1379w\" sizes=\"auto, (max-width: 300px) 100vw, 300px\" \/>Ein Br\u00fcckenkran ist ein Kran, der im so genannten Kurzstreckentransport zum Bewegen schwerer Lasten eingesetzt wird. Charakteristisch f\u00fcr diese Art von Kran ist seine einfache und unkomplizierte Konstruktion. Es handelt sich n\u00e4mlich um einen einfachen horizontalen Stahltr\u00e4ger, auf dem sich ein Hebezeug bewegt. Der Tr\u00e4ger selbst, Br\u00fccke genannt, st\u00fctzt sich wiederum an beiden Enden auf Laufbalken oder direkt auf Schienenf\u00fchrungen ab.<\/span><span data-ccp-props=\"{&quot;201341983&quot;:0,&quot;335559739&quot;:160,&quot;335559740&quot;:259}\">\u00a0<\/span><\/p>\n<p><span data-contrast=\"auto\">Laufkr\u00e4ne sind ideal f\u00fcr den Einsatz in Au\u00dfenbereichen auf gr\u00f6\u00dferen oder kleineren Baustellen oder an allen Arten von Verladedocks f\u00fcr den See-, Schienen- oder Stra\u00dfentransport. Sie sind auch in geschlossenen R\u00e4umen wie kleineren oder gr\u00f6\u00dferen Produktions- oder Montagehallen in der Schwerindustrie unentbehrlich, wo es nicht unn\u00f6tig ist, schwere oder sperrige Teile zu bewegen.<\/span><span data-ccp-props=\"{&quot;201341983&quot;:0,&quot;335559739&quot;:160,&quot;335559740&quot;:259}\">\u00a0<\/span><\/p>\n<p><span data-contrast=\"auto\">Leider hat ein solcher Br\u00fcckenkran neben dem gro\u00dfen Vorteil der hohen Hubkapazit\u00e4t auch seine Grenzen, die sich direkt aus seiner Konstruktion ergeben. Dazu geh\u00f6ren:\u00a0<\/span><span data-ccp-props=\"{&quot;201341983&quot;:0,&quot;335559739&quot;:160,&quot;335559740&quot;:259}\">\u00a0<\/span><\/p>\n<ul>\n<li data-leveltext=\"\uf0b7\" data-font=\"Symbol\" data-listid=\"1\" aria-setsize=\"-1\" data-aria-posinset=\"1\" data-aria-level=\"1\"><span data-contrast=\"auto\">eingeschr\u00e4nkter Bewegungsspielraum aufgrund der L\u00e4nge der Strecke, <\/span><span data-ccp-props=\"{&quot;134233279&quot;:true,&quot;201341983&quot;:0,&quot;335559739&quot;:160,&quot;335559740&quot;:259}\">\u00a0<\/span><\/li>\n<li data-leveltext=\"\uf0b7\" data-font=\"Symbol\" data-listid=\"1\" aria-setsize=\"-1\" data-aria-posinset=\"1\" data-aria-level=\"1\"><span data-contrast=\"auto\">begrenzte Hubh\u00f6he in Abh\u00e4ngigkeit von der Bauh\u00f6he der verwendeten Tr\u00e4ger,<\/span><span data-ccp-props=\"{&quot;134233279&quot;:true,&quot;201341983&quot;:0,&quot;335559739&quot;:160,&quot;335559740&quot;:259}\">\u00a0<\/span><\/li>\n<li data-leveltext=\"\uf0b7\" data-font=\"Symbol\" data-listid=\"1\" aria-setsize=\"-1\" data-aria-posinset=\"1\" data-aria-level=\"1\"><span data-contrast=\"auto\">begrenzte Abmessungen der verschobenen Last aufgrund der L\u00e4nge der Br\u00fccke.<\/span><span data-ccp-props=\"{&quot;134233279&quot;:true,&quot;201341983&quot;:0,&quot;335559739&quot;:160,&quot;335559740&quot;:259}\">\u00a0<\/span><\/li>\n<\/ul>\n<p><span data-contrast=\"auto\">Es gibt viele Arten von Kr\u00e4nen, die sich strukturell voneinander unterscheiden. Diese Unterschiede stehen in engem Zusammenhang mit dem Verwendungszweck sowie mit den r\u00e4umlichen Zw\u00e4ngen, die durch die Merkmale des Arbeitsplatzes eines bestimmten Ger\u00e4ts entstehen. Und das sind Krane:<\/span><span data-ccp-props=\"{&quot;201341983&quot;:0,&quot;335559739&quot;:160,&quot;335559740&quot;:259}\">\u00a0<\/span><\/p>\n<ul>\n<li data-leveltext=\"\uf0b7\" data-font=\"Symbol\" data-listid=\"2\" aria-setsize=\"-1\" data-aria-posinset=\"3\" data-aria-level=\"1\"><span data-contrast=\"auto\">Br\u00fccke zum Gleis,<\/span><span data-ccp-props=\"{&quot;134233279&quot;:true,&quot;201341983&quot;:0,&quot;335559739&quot;:160,&quot;335559740&quot;:259}\">\u00a0<\/span><\/li>\n<li data-leveltext=\"\uf0b7\" data-font=\"Symbol\" data-listid=\"2\" aria-setsize=\"-1\" data-aria-posinset=\"4\" data-aria-level=\"1\"><span data-contrast=\"auto\">h\u00e4ngende Plattformen,<\/span><span data-ccp-props=\"{&quot;134233279&quot;:true,&quot;201341983&quot;:0,&quot;335559739&quot;:160,&quot;335559740&quot;:259}\">\u00a0<\/span><\/li>\n<li data-leveltext=\"\uf0b7\" data-font=\"Symbol\" data-listid=\"2\" aria-setsize=\"-1\" data-aria-posinset=\"4\" data-aria-level=\"1\"><span data-contrast=\"auto\">gated,<\/span><span data-ccp-props=\"{&quot;134233279&quot;:true,&quot;201341983&quot;:0,&quot;335559739&quot;:160,&quot;335559740&quot;:259}\">\u00a0<\/span><\/li>\n<li data-leveltext=\"\uf0b7\" data-font=\"Symbol\" data-listid=\"2\" aria-setsize=\"-1\" data-aria-posinset=\"4\" data-aria-level=\"1\"><span data-contrast=\"auto\">Halb-Tor,<\/span><span data-ccp-props=\"{&quot;134233279&quot;:true,&quot;201341983&quot;:0,&quot;335559739&quot;:160,&quot;335559740&quot;:259}\">\u00a0<\/span><\/li>\n<li data-leveltext=\"\uf0b7\" data-font=\"Symbol\" data-listid=\"2\" aria-setsize=\"-1\" data-aria-posinset=\"4\" data-aria-level=\"1\"><span data-contrast=\"auto\">freitragend,<\/span><span data-ccp-props=\"{&quot;134233279&quot;:true,&quot;201341983&quot;:0,&quot;335559739&quot;:160,&quot;335559740&quot;:259}\">\u00a0<\/span><\/li>\n<li data-leveltext=\"\uf0b7\" data-font=\"Symbol\" data-listid=\"2\" aria-setsize=\"-1\" data-aria-posinset=\"4\" data-aria-level=\"1\"><span data-contrast=\"auto\">Spalten,<\/span><span data-ccp-props=\"{&quot;134233279&quot;:true,&quot;201341983&quot;:0,&quot;335559739&quot;:160,&quot;335559740&quot;:259}\">\u00a0<\/span><\/li>\n<li data-leveltext=\"\uf0b7\" data-font=\"Symbol\" data-listid=\"2\" aria-setsize=\"-1\" data-aria-posinset=\"4\" data-aria-level=\"1\"><span data-contrast=\"auto\">modular.<\/span><span data-ccp-props=\"{&quot;134233279&quot;:true,&quot;201341983&quot;:0,&quot;335559739&quot;:160,&quot;335559740&quot;:259}\">\u00a0<\/span><\/li>\n<\/ul>\n<p><span data-contrast=\"auto\">Bei Kr\u00e4nen gibt es auch verschiedene technische L\u00f6sungen f\u00fcr den Antrieb. Zum Einsatz kommen elektrische, hydraulische und pneumatische Antriebe oder eine Kombination davon, je nach Konstruktion. Es gibt aber auch einfache Br\u00fcckenkr\u00e4ne, die unkompliziert konstruiert sind und ohne mechanische Antriebe manuell betrieben werden.<\/span><span data-ccp-props=\"{&quot;201341983&quot;:0,&quot;335559739&quot;:160,&quot;335559740&quot;:259}\">\u00a0<\/span><\/p>\n<p><span data-contrast=\"auto\">Die Steuerung eines solchen Ger\u00e4ts ist nichts aus der Kategorie \"schwierig\" und kann von verschiedenen Ebenen aus erfolgen. Ob von einer auf dem Kran befindlichen Kabine aus oder von der Arbeitsebene aus, d. h. der Ebene, von der aus wir die Last heben, kann der Kran \u00fcber verschiedene Arten von verkabelten oder unverkabelten Steuerungen gesteuert werden. Der Kran kann auch in automatisierten Prozessen mit spezieller Computersoftware gesteuert werden.\u00a0\u00a0\u00a0\u00a0\u00a0\u00a0\u00a0\u00a0\u00a0<\/span><span data-ccp-props=\"{&quot;201341983&quot;:0,&quot;335559739&quot;:160,&quot;335559740&quot;:259}\">\u00a0<\/span><\/p>\n<p><span data-contrast=\"auto\">Seit vielen Jahren organisiert ERGON unter anderem Ausbildungskurse zur Vorbereitung auf die T\u00e4tigkeit als Kranf\u00fchrer und -wart. W\u00e4hrend des Kurses erwerben Sie unter der Leitung von Ausbildern mit langj\u00e4hriger Erfahrung theoretische und praktische Kenntnisse \u00fcber Fragen im Zusammenhang mit dem Betrieb dieser Ger\u00e4te. Sie werden nicht nur in den Grunds\u00e4tzen der Bedienung und Handhabung dieser Ger\u00e4te geschult, sondern auch mit den Grunds\u00e4tzen der Arbeitssicherheit und des Gesundheitsschutzes gem\u00e4\u00df den geltenden gesetzlichen Vorschriften vertraut gemacht.   W\u00e4hrend der Ausbildung bereiten Sie die Ausbilder mit theoretischem und praktischem Wissen auf die Pr\u00fcfung zum <a href=\"https:\/\/kursy-udt.pl\/de\/uprawnienia-udt\/kategorie-uprawnien-2\/\">Anrechte<\/a> Kranf\u00fchrer. Eine solche Pr\u00fcfung wird vom Technischen \u00dcberwachungsverein (UDT) organisiert, der zu diesem Zweck ernannt wird und gleichzeitig befugt ist, die entsprechenden Zertifikate auszustellen, die die erforderlichen Qualifikationen f\u00fcr die Arbeit mit bestimmten Ger\u00e4ten bescheinigen.\u00a0<\/span><span data-ccp-props=\"{&quot;201341983&quot;:0,&quot;335559739&quot;:160,&quot;335559740&quot;:259}\">\u00a0<\/span><\/p>\n<p><span data-contrast=\"auto\">Da es sich bei der Arbeit mit Kr\u00e4nen um eine k\u00f6rperliche Arbeit handelt, die mit verschiedenen Risiken und Bel\u00e4stigungen verbunden ist, m\u00fcssen die Bewerber ein \u00e4rztliches Attest und eine psychotechnische Untersuchung vorlegen. Die \u00e4rztliche Untersuchung muss best\u00e4tigen, dass keine medizinischen Gegenanzeigen f\u00fcr den Beruf des Kranf\u00fchrers vorliegen, der mit Unannehmlichkeiten wie Arbeiten bei wechselhaftem Wetter, \u00fcberm\u00e4\u00dfigem L\u00e4rm, oft unzureichender und wechselnder Beleuchtung, hoher k\u00f6rperlicher Anstrengung oder zu langem Verweilen in einer unver\u00e4nderlichen Position verbunden ist. Der psychotechnische Test muss hingegen best\u00e4tigen, dass der Bewerber die erforderliche Eignung f\u00fcr die Arbeit mit Kr\u00e4nen besitzt. Insbesondere muss festgestellt werden, dass keine psycho-physischen St\u00f6rungen vorliegen, die die ordnungsgem\u00e4\u00dfe und sichere Durchf\u00fchrung von Kranarbeiten beeintr\u00e4chtigen und den Bewerber oder Dritte einem Unfallrisiko aussetzen k\u00f6nnten.<\/span><span data-ccp-props=\"{&quot;201341983&quot;:0,&quot;335559739&quot;:160,&quot;335559740&quot;:259}\">\u00a0<\/span><\/p>\n<p><span data-contrast=\"auto\">Die von den ERGON-Schulungszentren durchgef\u00fchrten Kurse werden in verschiedenen Formeln organisiert, die flexibel an die Gegebenheiten und Bed\u00fcrfnisse des Kunden angepasst werden, wobei die Anforderungen des Kunden hinsichtlich der Wahl des Ortes und des Datums des Kurses ber\u00fccksichtigt werden. Die theoretische und praktische Ausbildung kann sowohl in den ERGON-Zentren als auch an vom Kunden bestimmten Orten stattfinden. Der Unterricht kann in verschiedenen Konfigurationen durchgef\u00fchrt werden. Entweder station\u00e4r in umfassender oder modularer Form, wobei die theoretischen und praktischen Kenntnisse nach dem Standort des Krans aufgeteilt sind, mit dem der praktische Unterricht stattfindet, oder hybrid, d. h. remote und station\u00e4r, wobei die theoretischen und praktischen Kenntnisse nach dem Standort des Krans aufgeteilt sind, mit dem der praktische Unterricht stattfindet. Fernunterricht nur in Bezug auf das theoretische Wissen mit Hilfe von \u00f6ffentlichen Sprechern und station\u00e4rer Unterricht in Bezug auf das kognitive Wissen und die praktischen \u00dcbungen mit Hilfe des Krans.<\/span><span data-ccp-props=\"{&quot;201341983&quot;:0,&quot;335559739&quot;:160,&quot;335559740&quot;:259}\">\u00a0<\/span><\/p>\n<p><img loading=\"lazy\" decoding=\"async\" class=\"aligncenter wp-image-3637 size-large\" src=\"https:\/\/kursy-udt.pl\/wp-content\/uploads\/2022\/01\/Kopia-kursy-udt-obsluga-suwnicy-1-1024x640.png\" alt=\"\" width=\"1024\" height=\"640\" srcset=\"https:\/\/kursy-udt.pl\/wp-content\/uploads\/2022\/01\/Kopia-kursy-udt-obsluga-suwnicy-1-1024x640.png 1024w, https:\/\/kursy-udt.pl\/wp-content\/uploads\/2022\/01\/Kopia-kursy-udt-obsluga-suwnicy-1-300x188.png 300w, https:\/\/kursy-udt.pl\/wp-content\/uploads\/2022\/01\/Kopia-kursy-udt-obsluga-suwnicy-1-768x480.png 768w, https:\/\/kursy-udt.pl\/wp-content\/uploads\/2022\/01\/Kopia-kursy-udt-obsluga-suwnicy-1-624x390.png 624w, https:\/\/kursy-udt.pl\/wp-content\/uploads\/2022\/01\/Kopia-kursy-udt-obsluga-suwnicy-1.png 1200w\" sizes=\"auto, (max-width: 1024px) 100vw, 1024px\" \/><\/p>","protected":false},"excerpt":{"rendered":"<p>Suwnica jest d\u017awigiem u\u017cywanym w tak zwanym transporcie bliskim do przenoszenia \u0142adunk\u00f3w ci\u0119\u017ckich. Charakterystycznym dla tego typu d\u017awigu jest jego prosta i nieskomplikowana budowa. Jest to bowiem prosta pozioma stalowa belka z przesuwaj\u0105c\u0105 si\u0119 na niej wci\u0105gark\u0105. Sama natomiast belka nazywana mostem oparta jest na jej obu ko\u0144cach na d\u017awigarach jezdnych lub bezpo\u015brednio na prowadnicach szynowych.\u00a0 Suwnice sprawdzaj\u0105 si\u0119 doskonale w terenie otwartym na wi\u0119kszych lub mniejszych placach bud\u00f3w czy wszelkiego rodzaju portach prze\u0142adunkowych w transporcie morskim, kolejowym czy ko\u0142owym. Niezast\u0105pione s\u0105 tak\u017ce w obszarach zamkni\u0119tych takich jak mniejsze lub wi\u0119ksze hale produkcyjne czy monta\u017cowe w przemy\u015ble ci\u0119\u017ckim, gdzie nie zb\u0119dne jest przemieszczanie ci\u0119\u017ckich lub wielkogabarytowych element\u00f3w konstrukcyjnych.\u00a0 Niestety opr\u00f3cz ogromnej zalety jak\u0105 jest du\u017cy ud\u017awig takiej suwnicy ma ona te\u017c swoje ograniczenia wynikaj\u0105ce bezpo\u015brednio z jej konstrukcji. S\u0105 nimi:\u00a0\u00a0 ograniczony zakres ruchu wynikaj\u0105cy z d\u0142ugo\u015bci toru jazdy, \u00a0 ograniczona wysoko\u015b\u0107 podnoszenia ci\u0119\u017caru zwi\u0105zana z wysoko\u015bci\u0105 konstrukcji u\u017cytych d\u017awigar\u00f3w,\u00a0 ograniczone wymiary przemieszczanego ci\u0119\u017caru wynikaj\u0105ce z d\u0142ugo\u015bci mostu.\u00a0 Istnieje wiele rodzaj\u00f3w suwnic konstrukcyjnie r\u00f3\u017cni\u0105cych si\u0119 od siebie. Te r\u00f3\u017cnice \u015bci\u015ble zwi\u0105zane s\u0105 z\u00a0 ich przeznaczeniem, a tak\u017ce ograniczeniami przestrzennymi wynikaj\u0105cymi z charakterystyki miejsca pracy konkretnego urz\u0105dzenia. I s\u0105 to suwnice:\u00a0 pomostowe na torowe,\u00a0 pomostowe podwieszane,\u00a0 bramowe,\u00a0 p\u00f3\u0142-bramowe,\u00a0 wspornikowe,\u00a0 kolumnowe,\u00a0 modu\u0142owe.\u00a0 W suwnicach znajdziemy te\u017c r\u00f3\u017cne rozwi\u0105zania techniczne zwi\u0105zane z ich nap\u0119dem. Stosuje si\u0119 nap\u0119dy elektryczne, hydrauliczne i pneumatyczne lub \u0142\u0105cznie w r\u00f3\u017cnych kombinacjach w zale\u017cno\u015bci od konstrukcji. Ale istniej\u0105 tak\u017ce proste nieskomplikowane w swej budowie suwnice bez nap\u0119d\u00f3w mechanicznych obs\u0142ugiwane r\u0119cznie.\u00a0 Sterowanie takim urz\u0105dzeniem nie nale\u017cy do rzeczy z kategorii, \u201etrudne\u201d i mo\u017ce odbywa\u0107 si\u0119 z [&hellip;]<\/p>\n","protected":false},"author":1,"featured_media":3625,"parent":1322,"menu_order":0,"comment_status":"closed","ping_status":"closed","template":"","meta":{"sfsi_plus_gutenberg_text_before_share":"","sfsi_plus_gutenberg_show_text_before_share":"","sfsi_plus_gutenberg_icon_type":"","sfsi_plus_gutenberg_icon_alignemt":"","sfsi_plus_gutenburg_max_per_row":"","footnotes":""},"class_list":["post-3624","page","type-page","status-publish","has-post-thumbnail","hentry","has_thumb"],"aioseo_notices":[],"_links":{"self":[{"href":"https:\/\/kursy-udt.pl\/de\/wp-json\/wp\/v2\/pages\/3624","targetHints":{"allow":["GET"]}}],"collection":[{"href":"https:\/\/kursy-udt.pl\/de\/wp-json\/wp\/v2\/pages"}],"about":[{"href":"https:\/\/kursy-udt.pl\/de\/wp-json\/wp\/v2\/types\/page"}],"author":[{"embeddable":true,"href":"https:\/\/kursy-udt.pl\/de\/wp-json\/wp\/v2\/users\/1"}],"replies":[{"embeddable":true,"href":"https:\/\/kursy-udt.pl\/de\/wp-json\/wp\/v2\/comments?post=3624"}],"version-history":[{"count":3,"href":"https:\/\/kursy-udt.pl\/de\/wp-json\/wp\/v2\/pages\/3624\/revisions"}],"predecessor-version":[{"id":3638,"href":"https:\/\/kursy-udt.pl\/de\/wp-json\/wp\/v2\/pages\/3624\/revisions\/3638"}],"up":[{"embeddable":true,"href":"https:\/\/kursy-udt.pl\/de\/wp-json\/wp\/v2\/pages\/1322"}],"wp:featuredmedia":[{"embeddable":true,"href":"https:\/\/kursy-udt.pl\/de\/wp-json\/wp\/v2\/media\/3625"}],"wp:attachment":[{"href":"https:\/\/kursy-udt.pl\/de\/wp-json\/wp\/v2\/media?parent=3624"}],"curies":[{"name":"wp","href":"https:\/\/api.w.org\/{rel}","templated":true}]}}