{"id":3620,"date":"2022-01-12T23:26:51","date_gmt":"2022-01-12T23:26:51","guid":{"rendered":"https:\/\/kursy-udt.pl\/?page_id=3620"},"modified":"2026-03-04T10:11:03","modified_gmt":"2026-03-04T09:11:03","slug":"glasfaseroptik","status":"publish","type":"page","link":"https:\/\/kursy-udt.pl\/de\/szkolenia\/spawalnictwo-materialow\/swiatlowodow\/","title":{"rendered":"Kurs zum Schwei\u00dfen von Lichtwellenleitern"},"content":{"rendered":"<p><span data-ccp-props=\"{&quot;201341983&quot;:0,&quot;335559739&quot;:160,&quot;335559740&quot;:256}\"><img loading=\"lazy\" decoding=\"async\" class=\"paddingleft10 alignleft wp-image-3621 size-medium\" src=\"https:\/\/kursy-udt.pl\/wp-content\/uploads\/2022\/01\/s2-300x200.jpg\" alt=\"Lohnt es sich, Lichtwellenleiter-Schwei\u00dfer zu werden?\" width=\"300\" height=\"200\" srcset=\"https:\/\/kursy-udt.pl\/wp-content\/uploads\/2022\/01\/s2-300x200.jpg 300w, https:\/\/kursy-udt.pl\/wp-content\/uploads\/2022\/01\/s2-1024x683.jpg 1024w, https:\/\/kursy-udt.pl\/wp-content\/uploads\/2022\/01\/s2-768x512.jpg 768w, https:\/\/kursy-udt.pl\/wp-content\/uploads\/2022\/01\/s2-624x416.jpg 624w, https:\/\/kursy-udt.pl\/wp-content\/uploads\/2022\/01\/s2.jpg 1357w\" sizes=\"auto, (max-width: 300px) 100vw, 300px\" \/><\/span><span data-contrast=\"auto\">Seit vielen Jahren beobachten wir weltweit und seit einigen Jahren auch in Polen ein wachsendes Interesse an der Glasfasertechnologie und deren verst\u00e4rkte Einf\u00fchrung durch Telekommunikationsunternehmen. Infolgedessen steigt die Nachfrage dieser Unternehmen nach in diesem Bereich ausgebildeten Fachkr\u00e4ften - Installateuren f\u00fcr Glasfasernetze - rapide an. Eine der wichtigsten Qualit\u00e4ten - die Qualit\u00e4ten eines Installateurs, die in diesem Beruf sehr erw\u00fcnscht sind - ist die F\u00e4higkeit, Glasfaserkabel zu splei\u00dfen.\u00a0<\/span><span data-ccp-props=\"{&quot;201341983&quot;:0,&quot;335559739&quot;:160,&quot;335559740&quot;:256}\">\u00a0<\/span><\/p>\n<p><span data-contrast=\"auto\">Aus diesem Grund organisiert die Firma ERGON, die die aktuelle Situation auf dem Arbeitsmarkt kennt, Kurse f\u00fcr das Schwei\u00dfen von Glasfasern und bildet dank ihres professionellen Ansatzes mit gro\u00dfem Erfolg Fachpersonal in diesem Beruf aus. Die Kurse richten sich nicht nur an erfahrene Installateure, sondern auch an alle, die sich die Kenntnisse und F\u00e4higkeiten eines k\u00fcnftigen Glasfaserschwei\u00dfers aneignen m\u00f6chten.<\/span><span data-ccp-props=\"{&quot;201341983&quot;:0,&quot;335559739&quot;:160,&quot;335559740&quot;:256}\">\u00a0<\/span><\/p>\n<p><span data-contrast=\"auto\">Das Schwei\u00dfen von Glasfasern ist an sich keine komplizierte oder schwierige T\u00e4tigkeit, aber es erfordert Genauigkeit und Pr\u00e4zision bei der schrittweisen Durchf\u00fchrung des Verbindungsvorgangs. Obwohl es sich um ein technologisch fortschrittliches Verfahren handelt, das durch den Aufbau der Glasfasern selbst bedingt ist und den Einsatz von Spezialger\u00e4ten in Form von Schwei\u00dfmaschinen, optischen Leistungsmessern, Glasfaserschneidern usw. erfordert, ist es kein Geheimwissen und f\u00fcr jeden, der es will, erlernbar. Dieses Wissen kann in Schulungen, z. B. bei ERGON, erworben werden, wo man nicht nur das Schwei\u00dfen selbst, sondern auch das allgemeine Wissen \u00fcber die Glasfasertechnik kennenlernt.<\/span><span data-ccp-props=\"{&quot;201341983&quot;:0,&quot;335559739&quot;:160,&quot;335559740&quot;:256}\">\u00a0<\/span><\/p>\n<div class=\"filmw\">\n<div class=\"responsive-youtube\" style=\"text-align: center;\"><iframe loading=\"lazy\" title=\"YouTube-Video-Player\" src=\"https:\/\/www.youtube.com\/embed\/Sn47FDJ5NSQ\" width=\"560\" height=\"315\" frameborder=\"0\" allowfullscreen=\"allowfullscreen\"><\/iframe><\/div>\n<\/div>\n<h2><strong>Ausbildung<\/strong><\/h2>\n<p>In dem Kurs werden wir dank der hochqualifizierten Ausbilder die theoretischen und praktischen Kenntnisse erwerben, die f\u00fcr die korrekte Ausf\u00fchrung der Arbeiten beim Schwei\u00dfen von Glasfasern erforderlich sind. Wir lernen die Arten von Glasfaserkabeln und deren Aufbau kennen. Wir lernen die Instrumente, Werkzeuge und Techniken kennen, die bei der Vorbereitung der Installation unmittelbar vor dem Schwei\u00dfen zu verwenden sind. Wir lernen die Vielzahl der existierenden Modelle von Glasfaserschwei\u00dfmaschinen kennen und die Unterschiede zwischen ihnen, die sich vor allem aus ihrer Begrenztheit in Bezug auf die Pr\u00e4zision und Qualit\u00e4t der Schwei\u00dfn\u00e4hte ergeben. Wir lernen Musterger\u00e4te kennen, ihre Gebrauchsanweisungen, die F\u00e4higkeiten eines bestimmten Schwei\u00dfger\u00e4ts, seine Funktionen sowie die vorprogrammierten Optionen zum Splei\u00dfen von Glasfasern. Au\u00dferdem lernen wir die endg\u00fcltige Bewertung der Qualit\u00e4t der von uns gefertigten Schwei\u00dfnaht auf der Grundlage einer Sichtpr\u00fcfung sowie die korrekte Interpretation des Ergebnisses der vom Ger\u00e4t - dem Schwei\u00dfer - durchgef\u00fchrten gesch\u00e4tzten Diagnose.<\/p>\n<ul>\n<li>Lohnt es sich, Lichtwellenleiter-Schwei\u00dfer zu werden?<\/li>\n<li>Lohnt es sich wirklich, in sich selbst zu investieren, wenn man nicht viel Zeit f\u00fcr die Teilnahme an der Schulung ben\u00f6tigt?<\/li>\n<li>Lohnt es sich, mit einem geringen finanziellen Aufwand einen neuen Beruf zu erlernen?<\/li>\n<\/ul>\n<div style=\"width: 640px;\" class=\"wp-video\"><video id=\"video-3620-1\" width=\"640\" height=\"360\" poster=\"https:\/\/kursy-udt.pl\/wp-content\/uploads\/2023\/02\/jpg_20230127_112831_0000.jpg\" preload=\"metadata\" controls=\"controls\"><source type=\"video\/mp4\" src=\"https:\/\/kursy-udt.pl\/wp-content\/uploads\/2023\/02\/ACCEPTED-spawacz-swiatlowodOW-4K-kursy-udt.mp4?_=1\" \/><a href=\"https:\/\/kursy-udt.pl\/wp-content\/uploads\/2023\/02\/ACCEPTED-spawacz-swiatlowodOW-4K-kursy-udt.mp4\">https:\/\/kursy-udt.pl\/wp-content\/uploads\/2023\/02\/ACCEPTED-spawacz-swiatlowodOW-4K-kursy-udt.mp4<\/a><\/video><\/div>\n\n\n<p>Die Antwort scheint eindeutig und klar zu sein. Und das sollte sie auch sein. Ber\u00fccksichtigt man die derzeitige Situation auf dem Arbeitsmarkt und die steigende Nachfrage nach Fachkr\u00e4ften in diesem Beruf, die in direktem Zusammenhang mit dem wachsenden Engagement der Telekommunikationsunternehmen und der Gr\u00f6\u00dfenordnung des \u00dcbergangs zur Glasfasertechnologie steht, so kann man davon ausgehen, dass dieser Zustand noch viele Jahre anhalten wird. Vor diesem Hintergrund sollte die Antwort lauten: Ja, ja! Es lohnt sich, Glasfaserschwei\u00dfer zu werden!<\/p>\n\n\n\n<p>ERGON ist seit vielen Jahren in verschiedenen Bereichen der beruflichen Bildung t\u00e4tig. Daher verf\u00fcgt es \u00fcber einen gro\u00dfen Erfahrungsschatz, den es w\u00e4hrend seiner T\u00e4tigkeit erworben hat. ERGON verf\u00fcgt \u00fcber geeignete soziale und technische Ressourcen f\u00fcr den Unterricht und ist daher in der Lage, seine Ausbildungskurse zu organisieren und an die individuellen Bed\u00fcrfnisse von Einzel- und Gruppenkunden anzupassen.<\/p>\n\n\n\n<p><strong>Die Auszubildenden k\u00f6nnen erwarten:&nbsp;&nbsp;<\/strong><\/p>\n\n\n\n<ul class=\"wp-block-list\">\n<li>Die beim Kauf angegebene Anzahl der Stunden f\u00fcr den praktischen und theoretischen Unterricht (Pr\u00e4senz- oder Online-Unterricht)<\/li>\n\n\n\n<li>Elektronisches Schulungsmaterial mit einigen Kursen in Papierform<\/li>\n\n\n\n<li>Zugang zu einer Schulungsplattform mit Wissenstests und zus\u00e4tzlichen Materialien<\/li>\n\n\n\n<li>Zugang zu verschiedenen Arten von Ausr\u00fcstungen, Sicherheitsausr\u00fcstungen, Gurtzeugen, Westen usw., die w\u00e4hrend des praktischen Unterrichts zur Verf\u00fcgung gestellt werden<\/li>\n\n\n\n<li>Durchf\u00fchrung einer externen Pr\u00fcfung (gilt nicht f\u00fcr Ausbildungsg\u00e4nge, f\u00fcr die keine Pr\u00fcfung vorgesehen ist)<\/li>\n\n\n\n<li>Best\u00e4tigung des Abschlusses der Ausbildung\/Pr\u00fcfung in Form eines vereinfachten Beiblatts, wie vom Arbeitgeber gefordert<\/li>\n\n\n\n<li>Erfrischungen in den Pausen: Kaffee, Tee, Kekse<\/li>\n\n\n\n<li>Unterst\u00fctzung bei der Unterbringung und Verpflegung - nach gesonderter Vereinbarung<\/li>\n<\/ul>\n\n\n\n<h2 class=\"wp-block-heading\">Glasfaserzertifizierungen - berufliche Entwicklung in der Praxis<\/h2>\n\n\n\n<p>Der CFOS\/S-Kurs f\u00fchrt Sie in die Welt des professionellen Faserschwei\u00dfens ein und zeigt Ihnen gleichzeitig, wie Sie Ihre F\u00e4higkeiten in den vollst\u00e4ndigen Zertifizierungspfad f\u00fcr Fasertechniker einordnen k\u00f6nnen.<\/p>\n\n\n\n<h3 class=\"wp-block-heading\">CFOT - Zertifizierter Lichtwellenleitertechniker<\/h3>\n\n\n\n<p>Ein Basiszertifikat f\u00fcr Anf\u00e4nger, das Installation, Betrieb und grundlegende Glasfasermessungen abdeckt.<\/p>\n\n\n\n<h3 class=\"wp-block-heading\">CFOS\/O - Au\u00dferhalb der Anlage<\/h3>\n\n\n\n<p>Spezialisiert auf den Bau und die Instandhaltung von Au\u00dfennetzen - in der Erde, in der Kanalisation und in Masten.<\/p>\n\n\n\n<h3 class=\"wp-block-heading\">CFOS\/S - Splei\u00dfen<\/h3>\n\n\n\n<p>Praktischer Kurs mit Schwerpunkt auf dem professionellen Faserschwei\u00dfen: Vorbereitung, Schwei\u00dfen, Sicherung und Qualit\u00e4tskontrolle von Verbindungen.<\/p>\n\n\n\n<h3 class=\"wp-block-heading\">CFOS\/T - Pr\u00fcfung<\/h3>\n\n\n\n<p>Schulung in der Messung und Pr\u00fcfung von Glasfasernetzen, einschlie\u00dflich der Verwendung von OTDRs und der Dokumentation der Ergebnisse.<\/p>\n\n\n\n<h2 class=\"wp-block-heading\"><strong>Preis des Kurses<\/strong><\/h2>\n\n\n\n<p>Das Resort bietet einen sehr g\u00fcnstigen Kurspreis. F\u00fcr gr\u00f6\u00dfere Gruppen haben wir attraktive Rabatte vorbereitet. Ein detailliertes Preisangebot finden Sie hier  Wenn Sie weitere Fragen haben, kontaktieren Sie uns bitte unter +48 22 290 29 09 oder per E-Mail:&nbsp;<a href=\"mailto:biuro@kursy-udt.pl\">biuro@kursy-udt.pl<\/a> unsere Mitarbeiter werden sie detailliert beantworten.<\/p>\n\n\n\n<figure class=\"wp-block-image size-large\"><a href=\"https:\/\/kursy-udt.pl\/wp-content\/uploads\/2022\/01\/kursy-udt-spawanei-swiatlowodow.png\"><img loading=\"lazy\" decoding=\"async\" width=\"1024\" height=\"640\" src=\"https:\/\/kursy-udt.pl\/wp-content\/uploads\/2022\/01\/kursy-udt-spawanei-swiatlowodow-1024x640.png\" alt=\"\" class=\"wp-image-3633\" srcset=\"https:\/\/kursy-udt.pl\/wp-content\/uploads\/2022\/01\/kursy-udt-spawanei-swiatlowodow-1024x640.png 1024w, https:\/\/kursy-udt.pl\/wp-content\/uploads\/2022\/01\/kursy-udt-spawanei-swiatlowodow-300x188.png 300w, https:\/\/kursy-udt.pl\/wp-content\/uploads\/2022\/01\/kursy-udt-spawanei-swiatlowodow-768x480.png 768w, https:\/\/kursy-udt.pl\/wp-content\/uploads\/2022\/01\/kursy-udt-spawanei-swiatlowodow-624x390.png 624w, https:\/\/kursy-udt.pl\/wp-content\/uploads\/2022\/01\/kursy-udt-spawanei-swiatlowodow.png 1200w\" sizes=\"auto, (max-width: 1024px) 100vw, 1024px\" \/><\/a><\/figure>","protected":false},"excerpt":{"rendered":"<p>Od wielu lat na \u015bwiecie, a tak\u017ce od kilku lat w Polsce obserwujemy wzrost zainteresowania technologi\u0105 \u015bwiat\u0142owodow\u0105 i wzmo\u017cone wdra\u017canie jej przez firmy telekomunikacyjne. W zwi\u0105zku z czym bardzo szybko ro\u015bnie zapotrzebowanie tych, \u017ce firm na wykszta\u0142conych kierunkowo specjalist\u00f3w &#8211; instalator\u00f3w sieci \u015bwiat\u0142owodowych. Jedn\u0105 z wa\u017cniejszych cech &#8211; zalet instalatora, bardzo po\u017c\u0105dan\u0105 w tym zawodzie jest umiej\u0119tno\u015b\u0107 wykonywania spaw\u00f3w \u015bwiat\u0142owodowych.\u00a0\u00a0 Dlatego te\u017c Firma ERGON rozumiej\u0105c aktualn\u0105 sytuacj\u0119 na rynku pracy organizuje kursy spawania \u015bwiat\u0142owod\u00f3w i z du\u017cym powodzeniem dzi\u0119ki profesjonalnemu podej\u015bciu szkoli wyspecjalizowane kadry w tym zawodzie. Prowadzone szkolenia przeznaczone s\u0105 nie tylko dla ju\u017c do\u015bwiadczonych instalator\u00f3w, ale tak\u017ce dla wszystkich ch\u0119tnych chc\u0105cych naby\u0107 wiedz\u0119 i umiej\u0119tno\u015bci przysz\u0142ego spawacza \u015bwiat\u0142owod\u00f3w.\u00a0 Spawanie w\u0142\u00f3kien \u015bwiat\u0142owodowych samo w sobie nie jest zaj\u0119ciem skomplikowanym ani trudnym do przeprowadzenia to jednak wymaga od nas dok\u0142adno\u015bci i precyzji w wykonywaniu krok po kroku procedury ich \u0142\u0105czenia. Co prawda jest to proces technologicznie zaawansowany z uwagi na budow\u0119 samych w\u0142\u00f3kien \u015bwiat\u0142owodowych i wymaga u\u017cycia specjalistycznego sprz\u0119tu w postaci spawarek, miernik\u00f3w mocy optycznej, obcinarek \u015bwiat\u0142owodowych itp. to nie jest to wiedza tajemna i jest osi\u0105galna dla ka\u017cdego chc\u0105cego. Tak\u0105 wiedz\u0119 mo\u017cna naby\u0107 na szkoleniach prowadzonych mi\u0119dzy innymi w firmie ERGON na kt\u00f3rych zapoznamy si\u0119 nie tylko z zagadnieniami dotycz\u0105cymi samego spawania, ale tak\u017ce zostanie nam szerzej przybli\u017cona og\u00f3lna wiedza na temat technologii \u015bwiat\u0142owodowej.\u00a0 Szkolenie Na kursie dzi\u0119ki merytorycznie wysoko wykfalifikowanej kadrze instruktor\u00f3w nab\u0119dziemy wiedz\u0119 teoretyczn\u0105 i praktyczn\u0105 niezb\u0119dn\u0105 do prawid\u0142owego przeprowadzania operacji w procesie spawania w\u0142\u00f3kien \u015bwiat\u0142owodowych. Zapoznamy si\u0119 z rodzajami kabli \u015bwiat\u0142owodowych i ich struktur\u0105 budowy. Poznamy instrumenty, narz\u0119dzia oraz techniki pos\u0142ugiwania [&hellip;]<\/p>\n","protected":false},"author":1,"featured_media":3621,"parent":2802,"menu_order":0,"comment_status":"closed","ping_status":"closed","template":"","meta":{"sfsi_plus_gutenberg_text_before_share":"","sfsi_plus_gutenberg_show_text_before_share":"","sfsi_plus_gutenberg_icon_type":"","sfsi_plus_gutenberg_icon_alignemt":"","sfsi_plus_gutenburg_max_per_row":"","footnotes":""},"class_list":["post-3620","page","type-page","status-publish","has-post-thumbnail","hentry","has_thumb"],"aioseo_notices":[],"_links":{"self":[{"href":"https:\/\/kursy-udt.pl\/de\/wp-json\/wp\/v2\/pages\/3620","targetHints":{"allow":["GET"]}}],"collection":[{"href":"https:\/\/kursy-udt.pl\/de\/wp-json\/wp\/v2\/pages"}],"about":[{"href":"https:\/\/kursy-udt.pl\/de\/wp-json\/wp\/v2\/types\/page"}],"author":[{"embeddable":true,"href":"https:\/\/kursy-udt.pl\/de\/wp-json\/wp\/v2\/users\/1"}],"replies":[{"embeddable":true,"href":"https:\/\/kursy-udt.pl\/de\/wp-json\/wp\/v2\/comments?post=3620"}],"version-history":[{"count":5,"href":"https:\/\/kursy-udt.pl\/de\/wp-json\/wp\/v2\/pages\/3620\/revisions"}],"predecessor-version":[{"id":6242,"href":"https:\/\/kursy-udt.pl\/de\/wp-json\/wp\/v2\/pages\/3620\/revisions\/6242"}],"up":[{"embeddable":true,"href":"https:\/\/kursy-udt.pl\/de\/wp-json\/wp\/v2\/pages\/2802"}],"wp:featuredmedia":[{"embeddable":true,"href":"https:\/\/kursy-udt.pl\/de\/wp-json\/wp\/v2\/media\/3621"}],"wp:attachment":[{"href":"https:\/\/kursy-udt.pl\/de\/wp-json\/wp\/v2\/media?parent=3620"}],"curies":[{"name":"wp","href":"https:\/\/api.w.org\/{rel}","templated":true}]}}