{"id":3611,"date":"2022-01-12T15:19:43","date_gmt":"2022-01-12T15:19:43","guid":{"rendered":"https:\/\/kursy-udt.pl\/?page_id=3611"},"modified":"2023-02-14T16:44:03","modified_gmt":"2023-02-14T15:44:03","slug":"gebaudezugang","status":"publish","type":"page","link":"https:\/\/kursy-udt.pl\/de\/szkolenia\/wysokosciowe-na-uprawnienia-alpinistyczne\/dostepu-budowlanego\/","title":{"rendered":"Geb\u00e4udezugangskurs"},"content":{"rendered":"<p><img loading=\"lazy\" decoding=\"async\" class=\"paddingleft10 alignleft wp-image-3612 size-medium\" src=\"https:\/\/kursy-udt.pl\/wp-content\/uploads\/2022\/01\/s2-2-300x200.jpg\" alt=\"\" width=\"300\" height=\"200\" srcset=\"https:\/\/kursy-udt.pl\/wp-content\/uploads\/2022\/01\/s2-2-300x200.jpg 300w, https:\/\/kursy-udt.pl\/wp-content\/uploads\/2022\/01\/s2-2-1024x683.jpg 1024w, https:\/\/kursy-udt.pl\/wp-content\/uploads\/2022\/01\/s2-2-768x512.jpg 768w, https:\/\/kursy-udt.pl\/wp-content\/uploads\/2022\/01\/s2-2-1536x1024.jpg 1536w, https:\/\/kursy-udt.pl\/wp-content\/uploads\/2022\/01\/s2-2-624x416.jpg 624w, https:\/\/kursy-udt.pl\/wp-content\/uploads\/2022\/01\/s2-2.jpg 1600w\" sizes=\"auto, (max-width: 300px) 100vw, 300px\" \/>Willkommen bei dem von ERGON organisierten Kurs f\u00fcr den Zugang zum Bauwesen. Wir bilden seit \u00fcber 25 Jahren erfolgreich Fachleute aus. Die Ausbildung wird in \u00dcbereinstimmung mit BS 8454 durchgef\u00fchrt, und wir helfen Ihnen, auf professionelle und zug\u00e4ngliche Weise zu lernen <a href=\"https:\/\/kursy-udt.pl\/de\/uprawnienia-udt\/kategorie-uprawnien-2\/\">Anrechte<\/a> H\u00f6hen in Bezug auf den Zugang zu Geb\u00e4uden.<\/p>\n<h2><strong>Was bedeutet Zugang zu Geb\u00e4uden?<\/strong><\/h2>\n<p>Die Ausbildung in der H\u00f6he, die auch als Geb\u00e4udezugang bezeichnet wird, richtet sich an alle Personen, die bei ihrer Arbeit der Gefahr eines Absturzes aus der H\u00f6he ausgesetzt sind. Die Arbeit in der H\u00f6he wird in der Verordnung des Ministers f\u00fcr Arbeit und Sozialpolitik vom 26. September 1997 \u00fcber die allgemeinen Vorschriften zur Sicherheit und Hygiene bei der Arbeit in ihrer ge\u00e4nderten Fassung definiert. (konsolidierter Text: Gesetzblatt 2003, Nr. 169, Pos. 1650, in der ge\u00e4nderten Fassung) ist eine Arbeit auf einer Fl\u00e4che, die sich mindestens 1,0 m \u00fcber dem Boden oder dem Erdboden befindet. Ab einer H\u00f6he von 1 m spricht man von H\u00f6henarbeit und ab 2 m besteht eine Pflicht zur Verwendung von SOI (pers\u00f6nliche Schutzausr\u00fcstung). Dies gilt f\u00fcr alle, die sich bei ihrer Arbeit in der H\u00f6he aufhalten, und f\u00fcr diejenigen, die sich bei Arbeiten in Senken, Tanks, Sch\u00e4chten oder Sch\u00e4chten durch einen Absturz verletzen k\u00f6nnen.<\/p>\n<p>Die Schulung f\u00fcr H\u00f6henarbeiter im Baugewerbe wird f\u00fcr Arbeiter empfohlen, die ihre Aufgaben haupts\u00e4chlich mit den eigenen H\u00e4nden ausf\u00fchren und die pers\u00f6nliche Schutzausr\u00fcstung (PSA) - SOI haupts\u00e4chlich zum Schutz vor St\u00fcrzen bei der Arbeit verwenden.<\/p>\n<div class=\"filmw\">\n<div class=\"responsive-youtube\" style=\"text-align: center;\"><iframe loading=\"lazy\" title=\"YouTube-Video-Player\" src=\"https:\/\/www.youtube.com\/embed\/Lf4dfMhJft0\" width=\"560\" height=\"315\" frameborder=\"0\" allowfullscreen=\"allowfullscreen\"><\/iframe><\/div>\n<\/div>\n<p><strong>Arbeiten in der H\u00f6he im Baugewerbe werden auf der Baustelle durchgef\u00fchrt:<\/strong><\/p>\n<p>Strommasten, Dachst\u00fchle, Masten, Turmkonstruktionen, Schornsteine, Flach- und Steild\u00e4cher mit unterschiedlichen Neigungen, Geb\u00e4udestrukturen ohne Decken, Ger\u00fcste, Leitern, Aufz\u00fcge, Plattformen, Podeste, Galerien, Verstrebungen und andere Erhebungen und Strukturelemente.<\/p>\n<p>&nbsp;<\/p>\n<p><strong>Der Kurs Building Access richtet sich speziell an folgende Zielgruppe:<\/strong><\/p>\n<ul>\n<li>allgemeine Bauarbeiter<\/li>\n<li>Mobiltelefonisten<\/li>\n<li>Assembler<\/li>\n<li>Konservatoren<\/li>\n<li>Dachdecker<\/li>\n<li>Schneer\u00e4umungsteams<\/li>\n<li>Arbeiter in der Wasserversorgung und Abwasserentsorgung<\/li>\n<li>Installateure von Fotovoltaikanlagen<\/li>\n<li>Mitarbeiter im Energiesektor<\/li>\n<li>f\u00fcr Unternehmen, die die Ausbildung ihrer Mitarbeiter auslagern m\u00f6chten<\/li>\n<li>f\u00fcr Personen, die den Arbeitsplatz wechseln und neue berufliche Qualifikationen erwerben m\u00f6chten<\/li>\n<\/ul>\n<p>Das Kursprogramm ist umfangreich und bietet eine umfassende, theoretische und praktische Vorbereitung auf die Arbeit im Baubereich, die mehr Sicherheit am Arbeitsplatz garantiert.<\/p>\n<p>Der praktische Teil des Kurses wird an speziell vorbereiteten Strukturen durchgef\u00fchrt, die fest im Schulungszentrum verankert sind. In den Workshops werden Ausr\u00fcstungen wie Auffangsysteme, Auffanggurte, Verbindungselemente, Falld\u00e4mpfer, selbstbremsende Ger\u00e4te, geflochtene Kernseile mit geringer Dehnung, Sicherheitsleinen, Verbindungselemente, Falld\u00e4mpfer und Industrieschutzhelme verwendet.<br \/>\n<div style=\"width: 640px;\" class=\"wp-video\"><video id=\"video-3611-1\" width=\"640\" height=\"360\" poster=\"https:\/\/kursy-udt.pl\/wp-content\/uploads\/2023\/02\/20230127_030434_0000.jpg\" preload=\"metadata\" controls=\"controls\"><source type=\"video\/mp4\" src=\"https:\/\/kursy-udt.pl\/wp-content\/uploads\/2023\/02\/ACCEPTED-alpinista-4K-kursy-udt.mp4?_=1\" \/><a href=\"https:\/\/kursy-udt.pl\/wp-content\/uploads\/2023\/02\/ACCEPTED-alpinista-4K-kursy-udt.mp4\">https:\/\/kursy-udt.pl\/wp-content\/uploads\/2023\/02\/ACCEPTED-alpinista-4K-kursy-udt.mp4<\/a><\/video><\/div>\n<p><strong>Aus der Schulung gewonnene Erkenntnisse:<\/strong><\/p>\n<ul>\n<li>Merkmale und Risiken der Arbeit in der H\u00f6he<\/li>\n<li>Allgemeine Regeln f\u00fcr Arbeiten in der H\u00f6he<\/li>\n<li>Organisation des Arbeitsplatzes<\/li>\n<li>M\u00f6glichkeiten f\u00fcr den sicheren Transport der f\u00fcr die Arbeit ben\u00f6tigten Werkzeuge und Materialien<\/li>\n<li>Auswahl und korrekte Verwendung der f\u00fcr die auszuf\u00fchrenden Arbeiten geeigneten Ausr\u00fcstung<\/li>\n<li>Grunds\u00e4tze des Kn\u00fcpfens von Knoten, Erlernen des Kn\u00fcpfens von Grundknoten, Erlernen der Bewertung der Qualit\u00e4t ihrer Arbeit, Erlernen des Verankerns<\/li>\n<li>sichere Benutzung und Bedienung von Auffanggurten<\/li>\n<li>die F\u00e4higkeit, die im Einsatz befindlichen Ger\u00e4te laufend zu \u00fcberpr\u00fcfen (Inspektionen)<\/li>\n<li>Kenntnis der CE-Kennzeichnung<\/li>\n<li>Pers\u00f6nliche Schutzausr\u00fcstung gegen Absturz (PSA)<\/li>\n<li>F\u00e4higkeit, gem\u00e4\u00df den Empfehlungen und Anweisungen des Ger\u00e4teherstellers zu arbeiten<\/li>\n<li>Nutzung, Kontrolle und Speicherung von Systemen, pr\u00e4operative Systemplanung<\/li>\n<li>Kenntnisse \u00fcber die Auswirkungen der Witterungsbedingungen auf den Betrieb des Systems<\/li>\n<li>die h\u00e4ufigsten Unfallursachen und M\u00f6glichkeiten zur Verringerung der Unfallh\u00e4ufigkeit<\/li>\n<li>Kenntnisse \u00fcber das Absturzsicherungssystem EN PN 363:2008<\/li>\n<li>F\u00e4higkeit, Sicherheit und Risiken bei Arbeiten in der H\u00f6he zu beurteilen<\/li>\n<li>die geltenden Normen und Vorschriften f\u00fcr die Sicherheit bei Arbeiten in der H\u00f6he<\/li>\n<\/ul>\n<p><strong>Die Dauer der Schulung betr\u00e4gt 8 Stunden, davon 5 Stunden Praxis. <\/strong><\/p>\n<p><strong>Nach Abschluss des Kurses erh\u00e4lt der Praktikant<\/strong><\/p>\n<p>Zertifikat \u00fcber den Abschluss der ERGON-Schulung in polnischer und englischer Sprache, das in Polen und im Ausland anerkannt ist und auf der Norm BS 8454 basiert. Das Zentrum stellt die Zertifikate in Form einer Plastikkarte mit Hologramm und Bild in englischer Sprache oder in Papierform im A4-Format mit Hologramm und Bild (polnisch-englisch) aus. Die Zertifikate enthalten eine detaillierte Beschreibung der erworbenen Qualifikationen f\u00fcr Arbeiten in der H\u00f6he.<\/p>\n<h2><strong>Anforderungen<\/strong><\/h2>\n<p>Um sich anzumelden f\u00fcr <a href=\"https:\/\/kursy-udt.pl\/de\/szkolenia\/wysokosciowe-na-uprawnienia-alpinistyczne\/\">Hochgebirgskurs<\/a> des Geb\u00e4udezugangs m\u00fcssen die folgenden Anforderungen erf\u00fcllt werden:<\/p>\n<ul>\n<li>Mindestens 18 Jahre alt<\/li>\n<li>mindestens Grundschulbildung<\/li>\n<li>k\u00f6rperliche Eignung f\u00fcr Arbeiten in der H\u00f6he<\/li>\n<li>von einem Arbeitsmediziner ausgestellte H\u00f6hentests<\/li>\n<\/ul>\n<h2><strong>Preis des Kurses<\/strong><\/h2>\n<p>Das Resort bietet einen sehr g\u00fcnstigen Kurspreis. F\u00fcr gr\u00f6\u00dfere Gruppen haben wir attraktive Rabatte vorbereitet. Ein detailliertes Preisangebot finden Sie hier  Wenn Sie weitere Fragen haben. <a href=\"https:\/\/kursy-udt.pl\/de\/kontakt\/\">Bitte kontaktieren Sie uns<\/a> unter: +48 22 290 29 09 oder per E-Mail: <a href=\"mailto:biuro@platformaedukacji.pl\">biuro@platformaedukacji.pl<\/a> unsere Mitarbeiter werden sie detailliert beantworten.<\/p>\n<h2><strong>Wo findet die Ausbildung statt?<\/strong><\/h2>\n<p>Der Unterricht im OSO-Zentrum wird von zertifizierten Ausbildern und hochqualifizierten Pr\u00fcfern durchgef\u00fchrt.  H\u00f6hentrainingskurse f\u00fcr den Bauzugang werden in der Schulungshalle unseres OSO-Schulungszentrums f\u00fcr Bediener in Warschau Ursus, Gierdziejewskiego-Stra\u00dfe 5\/272A, durchgef\u00fchrt. Der Veranstalter sorgt f\u00fcr Speisen und Getr\u00e4nke.<\/p>\n<p>Das Zentrum kann auch ein H\u00f6hentraining, z. B. f\u00fcr Elektriker an Masten, an einem vom Kunden vorgeschlagenen Ort organisieren. Bitte z\u00f6gern Sie nicht, uns zu kontaktieren, wenn Sie weitere Fragen haben. Wir ermutigen Sie, an unserer Ausbildung teilzunehmen!<\/p>\n<h2><strong>Warum die Ausbildung? <\/strong><\/h2>\n<p>In unserem Zentrum bilden wir seit \u00fcber 25 Jahren erfolgreich Fachleute aus. Unsere Schulungen f\u00fcr Erwachsene werden auf h\u00f6chstem Niveau nach der Bildungsqualit\u00e4tsnorm ISO 29990 durchgef\u00fchrt. Qualifikationen f\u00fcr den Zugang zu Geb\u00e4uden in der H\u00f6he werden von Arbeitgebern f\u00fcr T\u00e4tigkeiten wie allgemeine Bauarbeiten, Fassaden- und Dachanstriche, Dachreparaturen oder Schneer\u00e4umung nachgefragt. Folglich gibt es eine Vielzahl von Besch\u00e4ftigungsm\u00f6glichkeiten in Polen und im Ausland. Wir empfehlen Ihnen auch, sich mit dem Angebot anderer von unserem Zentrum organisierter Bergsteigerausbildungen vertraut zu machen: Seilzugangstraining und H\u00f6hentraining nach IRATA.<\/p>\n<p><img loading=\"lazy\" decoding=\"async\" class=\"aligncenter wp-image-3631 size-large\" src=\"https:\/\/kursy-udt.pl\/wp-content\/uploads\/2022\/01\/kursy-udt-dostep-budowlany-1024x640.png\" alt=\"\" width=\"1024\" height=\"640\" srcset=\"https:\/\/kursy-udt.pl\/wp-content\/uploads\/2022\/01\/kursy-udt-dostep-budowlany-1024x640.png 1024w, https:\/\/kursy-udt.pl\/wp-content\/uploads\/2022\/01\/kursy-udt-dostep-budowlany-300x188.png 300w, https:\/\/kursy-udt.pl\/wp-content\/uploads\/2022\/01\/kursy-udt-dostep-budowlany-768x480.png 768w, https:\/\/kursy-udt.pl\/wp-content\/uploads\/2022\/01\/kursy-udt-dostep-budowlany-624x390.png 624w, https:\/\/kursy-udt.pl\/wp-content\/uploads\/2022\/01\/kursy-udt-dostep-budowlany.png 1200w\" sizes=\"auto, (max-width: 1024px) 100vw, 1024px\" \/><\/p>","protected":false},"excerpt":{"rendered":"<p>Zapraszamy na kurs dost\u0119pu budowlanego, organizowany przez ERGON. Ju\u017c od ponad 25 lat skutecznie kszta\u0142cimy zawodowc\u00f3w. Szkolenie realizowane jest zgodnie z norm\u0105 BS 8454. Profesjonalnie i przyst\u0119pnie pomagamy zdoby\u0107 uprawnienia wysoko\u015bciowe w zakresie dost\u0119pu budowlanego. Czym jest dost\u0119p budowlany? Szkolenie wysoko\u015bciowe zwane dost\u0119pem budowlanym adresowane jest do wszystkich kt\u00f3rzy w czasie wykonywania swojej pracy nara\u017ceni s\u0105 na upadek z wysoko\u015bci. Prac\u0105 na wysoko\u015bci w rozumieniu Rozporz\u0105dzenia Ministra Pracy i Polityki Socjalnej z dnia 26 wrze\u015bnia 1997 r. w sprawie og\u00f3lnych przepis\u00f3w bezpiecze\u0144stwa i higieny pracy z p\u00f3\u017cn. zm. (tekst jedn.: Dz. U. z 2003 r., nr 169, poz. 1650 ze zm.) jest praca wykonywana na powierzchni znajduj\u0105cej si\u0119 na wysoko\u015bci co najmniej 1,0 m nad poziomem pod\u0142ogi lub ziemi. O pracy na wysoko\u015bci m\u00f3wimy od 1m a od 2m zachodzi obowi\u0105zek stosowania SOI (\u015brodk\u00f3w ochrony indywidualnej). Dotyczy to wszystkich kt\u00f3rzy w trakcie wykonywania obowi\u0105zk\u00f3w s\u0142u\u017cbowych znajduj\u0105 si\u0119 na podwy\u017cszeniach oraz tych kt\u00f3rzy pracuj\u0105c przy zag\u0142\u0119bieniach, zbiornikach, w\u0142azach czy studzienkach mog\u0105 dozna\u0107 urazu na skutek upadku z wysoko\u015bci. Szkolenia wysoko\u015bciowe z zakresu dost\u0119pu budowlanego polecane s\u0105 pracownikom, kt\u00f3rzy wykonuj\u0105c powierzone im zadania u\u017cywaj\u0105 przede wszystkim w\u0142asnych r\u0105k a \u015arodki Ochrony Indywidualnej &#8211; SOI stosuj\u0105 g\u0142\u00f3wnie do ochrony przed upadkiem z wysoko\u015bci w trakcie wykonywania pracy. Prace na wysoko\u015bci w dost\u0119pie budowlanym wykonywane s\u0105 na: s\u0142upach energetycznych, kratownicach, masztach, konstrukcjach wie\u017cowych, kominach, dachach p\u0142askich i stromych o r\u00f3\u017cnym nachyleniu, konstrukcjach budowlanych bez strop\u00f3w, rusztowaniach, drabinach, podno\u015bnikach, pomostach, podestach, galeriach, klamrach i innych podwy\u017cszeniach oraz elementach konstrukcji. &nbsp; Kurs z dost\u0119pu budowlanego kierujemy szczeg\u00f3lnie do: pracownik\u00f3w og\u00f3lnobudowlanych pracownik\u00f3w [&hellip;]<\/p>\n","protected":false},"author":1,"featured_media":3612,"parent":2263,"menu_order":0,"comment_status":"closed","ping_status":"closed","template":"","meta":{"sfsi_plus_gutenberg_text_before_share":"","sfsi_plus_gutenberg_show_text_before_share":"","sfsi_plus_gutenberg_icon_type":"","sfsi_plus_gutenberg_icon_alignemt":"","sfsi_plus_gutenburg_max_per_row":"","footnotes":""},"class_list":["post-3611","page","type-page","status-publish","has-post-thumbnail","hentry","has_thumb"],"aioseo_notices":[],"_links":{"self":[{"href":"https:\/\/kursy-udt.pl\/de\/wp-json\/wp\/v2\/pages\/3611","targetHints":{"allow":["GET"]}}],"collection":[{"href":"https:\/\/kursy-udt.pl\/de\/wp-json\/wp\/v2\/pages"}],"about":[{"href":"https:\/\/kursy-udt.pl\/de\/wp-json\/wp\/v2\/types\/page"}],"author":[{"embeddable":true,"href":"https:\/\/kursy-udt.pl\/de\/wp-json\/wp\/v2\/users\/1"}],"replies":[{"embeddable":true,"href":"https:\/\/kursy-udt.pl\/de\/wp-json\/wp\/v2\/comments?post=3611"}],"version-history":[{"count":9,"href":"https:\/\/kursy-udt.pl\/de\/wp-json\/wp\/v2\/pages\/3611\/revisions"}],"predecessor-version":[{"id":4775,"href":"https:\/\/kursy-udt.pl\/de\/wp-json\/wp\/v2\/pages\/3611\/revisions\/4775"}],"up":[{"embeddable":true,"href":"https:\/\/kursy-udt.pl\/de\/wp-json\/wp\/v2\/pages\/2263"}],"wp:featuredmedia":[{"embeddable":true,"href":"https:\/\/kursy-udt.pl\/de\/wp-json\/wp\/v2\/media\/3612"}],"wp:attachment":[{"href":"https:\/\/kursy-udt.pl\/de\/wp-json\/wp\/v2\/media?parent=3611"}],"curies":[{"name":"wp","href":"https:\/\/api.w.org\/{rel}","templated":true}]}}