{"id":3605,"date":"2022-01-12T15:08:32","date_gmt":"2022-01-12T15:08:32","guid":{"rendered":"https:\/\/kursy-udt.pl\/?page_id=3605"},"modified":"2024-10-23T12:48:31","modified_gmt":"2024-10-23T10:48:31","slug":"access-rope-irata","status":"publish","type":"page","link":"https:\/\/kursy-udt.pl\/de\/szkolenia\/wysokosciowe-na-uprawnienia-alpinistyczne\/dostepu-linowego\/","title":{"rendered":"Seilzugangskurse f\u00fcr industrielle Zwecke - gem\u00e4\u00df BS 7985"},"content":{"rendered":"<p><img loading=\"lazy\" decoding=\"async\" class=\"paddingleft10 alignleft wp-image-3607 size-medium\" src=\"https:\/\/kursy-udt.pl\/wp-content\/uploads\/2022\/01\/screen_2x-4-300x200.jpg\" alt=\"\" width=\"300\" height=\"200\" srcset=\"https:\/\/kursy-udt.pl\/wp-content\/uploads\/2022\/01\/screen_2x-4-300x200.jpg 300w, https:\/\/kursy-udt.pl\/wp-content\/uploads\/2022\/01\/screen_2x-4-1024x683.jpg 1024w, https:\/\/kursy-udt.pl\/wp-content\/uploads\/2022\/01\/screen_2x-4-768x512.jpg 768w, https:\/\/kursy-udt.pl\/wp-content\/uploads\/2022\/01\/screen_2x-4-1536x1024.jpg 1536w, https:\/\/kursy-udt.pl\/wp-content\/uploads\/2022\/01\/screen_2x-4-624x416.jpg 624w, https:\/\/kursy-udt.pl\/wp-content\/uploads\/2022\/01\/screen_2x-4.jpg 1600w\" sizes=\"auto, (max-width: 300px) 100vw, 300px\" \/><\/p>\n<p>ERGON l\u00e4dt Sie zu einer professionellen Ausbildung im Bereich seilunterst\u00fctzter Zugang f\u00fcr industrielle Zwecke ein, die internationalen Standards entspricht. Wir stellen sicher, dass unsere Schulungen mit BS 7985 (Code for the use of rope access methods for industrial purposes) \u00fcbereinstimmen.<\/p>\n<p><strong>Warum sollten Sie uns vertrauen?<\/strong><\/p>\n<p>ODK ERGON ist ein Unternehmen, das hochqualifizierte Spezialisten in technischen Bereichen ausbildet. Wir sind seit 25 Jahren ununterbrochen auf dem Markt f\u00fcr Bildungsdienstleistungen t\u00e4tig. Das in dieser Zeit erworbene Wissen macht uns zu Experten bei der Durchf\u00fchrung von Ausbildungsprojekten.<\/p>\n<p>Unser <a href=\"https:\/\/kursy-udt.pl\/de\/szkolenia\/wysokosciowe-na-uprawnienia-alpinistyczne\/dostep-linowy\/\">Seilzugangskurs<\/a> f\u00fcr den industriellen Einsatz gem\u00e4\u00df BS 7985 ist ein qualitativ hochwertiges Schulungsprodukt, das u. a. folgende Ressourcen umfasst:<\/p>\n<ul>\n<li>qualifizierte und erfahrene Ausbilder,<\/li>\n<li>vollst\u00e4ndige Ausbildungsinfrastruktur,<\/li>\n<li>kompetente Kundendienstspezialisten in jeder Phase der Zusammenarbeit,<\/li>\n<li>moderne Lehrmethoden und solide entwickelte Schulungsmaterialien.<\/li>\n<\/ul>\n<p>Wir bilden zuk\u00fcnftige Industriekletterer effektiv und kompetent aus!<\/p>\n<div class=\"filmw\">\n<div class=\"responsive-youtube\" style=\"text-align: center;\"><iframe loading=\"lazy\" title=\"YouTube-Video-Player\" src=\"https:\/\/www.youtube.com\/embed\/Lf4dfMhJft0\" width=\"560\" height=\"315\" frameborder=\"0\" allowfullscreen=\"allowfullscreen\"><\/iframe><\/div>\n<\/div>\n<p><strong>Was ist Industriebergsteigen?<\/strong><\/p>\n<p>Industrielles Bergsteigen bezieht sich auf eine Situation, in der ein Arbeitnehmer zu industriellen Zwecken Arbeiten in der H\u00f6he mit Hilfe von Seilzugangstechniken durchf\u00fchrt. W\u00e4hrend der Arbeit befindet er sich in einer Aufh\u00e4ngung und benutzt gleichzeitig zwei unabh\u00e4ngige Seile - ein Arbeitsseil und ein Sicherungsseil. Ihre Verwendung ist notwendig f\u00fcr: die Festlegung der Position des Arbeiters w\u00e4hrend der Arbeit, den Auf- und Abstieg vom Arbeitsplatz und das Sichern.<\/p>\n<p>Strenge Sicherheitsvorkehrungen und spezielle Absturzsicherungen sorgen daf\u00fcr, dass die Arbeit in der H\u00f6he so sicher wie m\u00f6glich ist. Klettertechniken werden eingesetzt, wenn der Einsatz anderer Methoden (z. B. Bauzugang) wirtschaftlich nicht tragbar oder zu riskant ist oder wenn diese Techniken die einzige praktikable Ausf\u00fchrungsl\u00f6sung darstellen. Au\u00dferdem ist der seilunterst\u00fctzte Zugang eine umweltfreundliche Methode, da keine invasiven Zugangsger\u00e4te verwendet werden m\u00fcssen.<\/p>\n<p>Der zuk\u00fcnftige Industriekletterer sollte sich durch eine ausgezeichnete k\u00f6rperliche Fitness auszeichnen. Auch f\u00fcr diesen Beruf ist eine angemessene Ausbildung unerl\u00e4sslich, die im Wesentlichen darin besteht, theoretische Aspekte mit einer intensiven Ausbildung im praktischen Unterricht zu verbinden.<\/p>\n<p><strong>Welche Art von Arbeit verrichtet eine Person mit einer Bergsteigerlizenz?<\/strong><\/p>\n<p>Eine Person, die \u00fcber eine Qualifikation f\u00fcr den seilunterst\u00fctzten Zugang in der Industrie verf\u00fcgt, kann in der H\u00f6he u. a. folgende Arbeiten ausf\u00fchren:<\/p>\n<ul>\n<li>Aktivit\u00e4ten in der N\u00e4he von Hochspannungsmasten, Telekommunikationst\u00fcrmen und Masten,<\/li>\n<li>Aktivit\u00e4ten zur Restaurierung von Denkm\u00e4lern,<\/li>\n<li>Reinigung von Fenster- und Fassadenfl\u00e4chen von Hochh\u00e4usern,<\/li>\n<li>Entfernen von Schnee- und Eisschichten von D\u00e4chern oder anderen Geb\u00e4udeteilen,<\/li>\n<li>Durchf\u00fchrung von Verst\u00e4rkungsarbeiten an K\u00fcstenklippen,<\/li>\n<li>Reinigung, Inspektion und Wartung von Plattformen auf See,<\/li>\n<li>Montage und Renovierung von Stahlbetonkonstruktionen,<\/li>\n<li>Hoch- und Tiefbauarbeiten,<\/li>\n<li>Baumf\u00e4llung.<\/li>\n<\/ul>\n<p><strong>Seilzugangskurs f\u00fcr industrielle Zwecke bei ERGON<\/strong><\/p>\n<p>Unser Kurs basiert auf einem System, das nach den besten Praktiken entwickelt wurde und die von Organisationen wie OTDL und SPRAT verbreiteten Werte respektiert. Es ber\u00fccksichtigt sowohl die internationalen als auch die nationalen Vorschriften im Bereich der H\u00f6henarbeit, einschlie\u00dflich der Norm EN 12841. Das Kursprogramm umfasst eine theoretische und praktische Vorbereitung auf den seilunterst\u00fctzten Zugang auf dem Niveau des Niveaus P 1\/ L 1 gem\u00e4\u00df der Klassifizierung der F\u00e4higkeiten von OTDL oder SPRAT.<\/p>\n<p>Im Rahmen des praktischen Teils des Kurses werden die Fertigkeiten in speziellen Strukturen trainiert, die Teil unserer <a href=\"https:\/\/kursy-udt.pl\/de\/o-firmie\/\">Ausbildungszentrum<\/a>. W\u00e4hrend des Unterrichts verwenden wir professionelle Absturzsicherungsausr\u00fcstung, d. h. Auffangsysteme, Sicherheitsgurte, Verbindungselemente, Falld\u00e4mpfer, selbstbremsende Ger\u00e4te, geflochtene Kernseile mit geringer Dehnung, Sicherheitsleinen und Industrieschutzhelme. Die Kursteilnehmer lernen, sowohl tempor\u00e4re als auch permanente Sicherungssysteme zu benutzen. Die Ausbildung findet unter strikter Einhaltung der Sicherheitsvorschriften f\u00fcr Arbeiten in der H\u00f6he statt.<\/p>\n<p><strong>Das Ausbildungsprogramm umfasst:<\/strong><\/p>\n<ul>\n<li>Doppeltes Seilf\u00fchrungssystem: Arbeits- und Sicherungsseile,<\/li>\n<li>Vorbereitung des Arbeitsplatzes und Planung der T\u00e4tigkeiten,<\/li>\n<li>Regeln f\u00fcr die t\u00e4gliche \u00dcberpr\u00fcfung der Ausr\u00fcstung vor der Benutzung,<\/li>\n<li>Grunds\u00e4tze der Instandhaltung von Ger\u00e4ten,<\/li>\n<li>Risikobewertung f\u00fcr Arbeiten in der H\u00f6he,<\/li>\n<li>Grunds\u00e4tze der Evakuierung, Selbstrettung in der H\u00f6he,<\/li>\n<li>sch\u00e4dliche Faktoren bei der Arbeit in der H\u00f6he,<\/li>\n<li>die geltenden Normen und Vorschriften f\u00fcr die Sicherheit in der H\u00f6he,<\/li>\n<li>die w\u00e4hrend der Arbeit geltenden Gesundheits- und Sicherheitsvorschriften.<\/li>\n<\/ul>\n<p><em>Dauer der Ausbildung: 5 Tage + 1 Pr\u00fcfungstag (insgesamt 6 Tage mit 8 Stunden pro Tag).<\/em><\/p>\n<p><em>W\u00e4hrend des Unterrichts konzentrieren wir uns auf praktische F\u00e4higkeiten!<\/em><\/p>\n<p><strong>Die Bescheinigung, die eine <a href=\"https:\/\/kursy-udt.pl\/de\/uprawnienia-udt\/kategorie-uprawnien-2\/\">Anrechte<\/a><\/strong><\/p>\n<p>Ein Bef\u00e4higungsnachweis f\u00fcr H\u00f6henarbeiten mit seilunterst\u00fctztem Zugang wird nach bestandener Pr\u00fcfung ausgestellt. Er enth\u00e4lt eine detaillierte Beschreibung der erworbenen Qualifikationen. In \u00dcbereinstimmung mit der Norm BS 7985 wird es in polnischer und englischer Sprache herausgegeben. Die Bescheinigung besteht aus einer Plastikkarte mit einem Hologramm und einem Bild in englischer Sprache und einem Papierdokument im A4-Format mit einem Hologramm und einem Bild (Polnisch-Englisch).<\/p>\n<p>Der Abschluss ist national und international anerkannt.<\/p>\n<p><strong>Anforderungen f\u00fcr Studenten<\/strong><\/p>\n<p>Um sich f\u00fcr einen H\u00f6henkurs mit seilunterst\u00fctztem Zugang f\u00fcr industrielle Zwecke anzumelden, sollte jede Person die folgenden formalen Anforderungen erf\u00fcllen:<\/p>\n<ul>\n<li>vollendetes Alter von 18 Jahren,<\/li>\n<li>mindestens Grundschulbildung,<\/li>\n<li>gute k\u00f6rperliche Fitness (soweit es m\u00f6glich ist, in der H\u00f6he zu arbeiten),<\/li>\n<li>Vorlage einer Bescheinigung eines Arbeitsmediziners, aus der hervorgeht, dass keine gesundheitlichen Einw\u00e4nde gegen die Arbeit in der Position\/unter bestimmten Bedingungen bestehen.<\/li>\n<\/ul>\n<p><strong>Preiswerter Parcours mit Seilzugang f\u00fcr industrielle Zwecke<\/strong><\/p>\n<p>ERGON legt Wert auf eine hohe Qualit\u00e4t der Kurse, aber nicht auf \u00fcberh\u00f6hte Preise! Unsere Preise bleiben daher wettbewerbsf\u00e4hig.<\/p>\n<p>F\u00fcr organisierte Gruppen haben wir attraktive Rabatte vorbereitet.<\/p>\n<p>Wenn Sie Fragen haben, wenden Sie sich bitte an uns. Unsere Ausbildungsberater geben Ihnen alle Informationen, Ratschl\u00e4ge und helfen Ihnen bei den Formalit\u00e4ten.<\/p>\n<p><strong>Informationen \u00fcber den Schulungsort<\/strong><\/p>\n<p><a href=\"https:\/\/kursy-udt.pl\/de\/szkolenia\/wysokosciowe-na-uprawnienia-alpinistyczne\/\">H\u00f6hentraining<\/a> Der seilunterst\u00fctzte Zugang f\u00fcr industrielle Zwecke findet in der Einrichtung OSO - Operator Training Centre statt, die sich im Warschauer Stadtteil Ursus in der Gierdziejewskiego-Stra\u00dfe 5\/272A befindet. Der praktische Unterricht, einschlie\u00dflich Unterweisung und Schulung, findet in einer speziell vorbereiteten Schulungshalle statt, die mit hochspezialisierten Ger\u00e4ten der Marke PETZL auf einer professionellen Struktur (H=12m x B 7m X L10m) ausgestattet ist, die die Anforderungen f\u00fcr Kurse erf\u00fcllt, die von Organisationen wie OTDL oder SPRAT durchgef\u00fchrt werden. Zur Ausbildungsinfrastruktur geh\u00f6ren auch Industrieleitern, Plattformen und Traversen sowie zugelassene Anschlagpunkte (feste Sicherungspunkte).<\/p>\n<p>Der Organisator sorgt f\u00fcr eine Mahlzeit und Erfrischungen im Rahmen der Schulung.<\/p>\n<p><strong>Seilzugangstechnik f\u00fcr die Industrie bei ERGON - warum lohnt es sich?<\/strong><\/p>\n<p>Arbeitnehmer mit einer Qualifikation f\u00fcr seilunterst\u00fctzten Zugang werden von Arbeitgebern f\u00fcr eine Vielzahl von Arbeiten gesucht, z. B. in Hochh\u00e4usern, auf hohen Strukturen, Denkm\u00e4lern, Klippen, schwimmenden Plattformen und vielem mehr. Unsere Ausbildung vermittelt den angehenden Industriekletterern die notwendigen Kenntnisse und F\u00e4higkeiten, um ihre Arbeit sicher auszuf\u00fchren und in Notsituationen die richtigen Entscheidungen zu treffen, und bereitet sie solide auf die Pr\u00fcfung vor.<\/p>\n<p>Wir setzen alles daran, dass die Zusammenarbeit mit uns zufriedenstellend verl\u00e4uft. Wir stellen sicher, dass wir in jeder Phase der Zusammenarbeit bei der Durchf\u00fchrung der Ausbildung f\u00fcr ein hohes Ma\u00df an Bildung und Komfort f\u00fcr den Kunden sorgen.<\/p>\n<p>Willkommen bei unserem Seilzugangskurs f\u00fcr industrielle Zwecke! Wir setzen sie nach unserem eigenen System um und ber\u00fccksichtigen dabei die wichtigsten Werte der Branche, wie sie bei ERGON zum Ausdruck kommen:<\/p>\n<ul>\n<li>Beachtung der hohen Sicherheitsstandards bei Arbeiten in der H\u00f6he,<\/li>\n<li>Verbesserung der Methoden des seilunterst\u00fctzten Zugangs,<\/li>\n<li>Entwicklung eines Kodex bew\u00e4hrter Praktiken,<\/li>\n<li>Verbesserung des Personals im Bereich des seilunterst\u00fctzten Zugangs.<\/li>\n<\/ul>\n<p><strong>Wenn Sie die Qualifikation f\u00fcr sich selbst erwerben m\u00f6chten oder dar\u00fcber nachdenken, Ihre Mitarbeiter zu qualifizieren, laden wir Sie ein, mit uns Kontakt aufzunehmen. W\u00e4hlen Sie<\/strong><\/p>\n<p><a href=\"https:\/\/kursy-udt.pl\/wp-content\/uploads\/2022\/06\/kursy-udt-dostep-budowlany.png\"><img loading=\"lazy\" decoding=\"async\" class=\"aligncenter wp-image-3834\" src=\"https:\/\/kursy-udt.pl\/wp-content\/uploads\/2022\/06\/kursy-udt-dostep-budowlany-300x188.png\" alt=\"\" width=\"750\" height=\"469\" srcset=\"https:\/\/kursy-udt.pl\/wp-content\/uploads\/2022\/06\/kursy-udt-dostep-budowlany-300x188.png 300w, https:\/\/kursy-udt.pl\/wp-content\/uploads\/2022\/06\/kursy-udt-dostep-budowlany-1024x640.png 1024w, https:\/\/kursy-udt.pl\/wp-content\/uploads\/2022\/06\/kursy-udt-dostep-budowlany-768x480.png 768w, https:\/\/kursy-udt.pl\/wp-content\/uploads\/2022\/06\/kursy-udt-dostep-budowlany-624x390.png 624w, https:\/\/kursy-udt.pl\/wp-content\/uploads\/2022\/06\/kursy-udt-dostep-budowlany.png 1200w\" sizes=\"auto, (max-width: 750px) 100vw, 750px\" \/><\/a><\/p>\n<p>&nbsp;<\/p>","protected":false},"excerpt":{"rendered":"<p>ERGON zaprasza na profesjonalne szkolenie z dost\u0119pu linowego do cel\u00f3w przemys\u0142owych, spe\u0142niaj\u0105ce standardy mi\u0119dzynarodowe. Zapewniamy, \u017ce nasze szkolenie jest zbie\u017cne z norm\u0105 BS 7985 (kodeks stosowania metod dost\u0119pu linowego dla cel\u00f3w przemys\u0142owych). Dlaczego warto zaufa\u0107 w\u0142a\u015bnie nam? ODK ERGON jest podmiotem kszta\u0142c\u0105cym wysokiej klasy specjalist\u00f3w z dziedzin technicznych. Istniejemy na rynku us\u0142ug edukacyjnych nieprzerwanie od 25 lat. Wiedza zdobyta w tym czasie czyni nas ekspertami w zakresie realizacji projekt\u00f3w szkoleniowych. Nasz kurs dost\u0119pu linowego do cel\u00f3w przemys\u0142owych, zgodny z norm\u0105 BS 7985, to wysokojako\u015bciowy produkt szkoleniowy, anga\u017cuj\u0105cy zasoby takie jak: wykwalifikowana i do\u015bwiadczona kadra instruktorska, pe\u0142na infrastruktura szkoleniowa, kompetentni specjali\u015bci ds. obs\u0142ugi klienta na ka\u017cdym etapie wsp\u00f3\u0142pracy, nowoczesne metody dydaktyczne oraz solidnie opracowane materia\u0142y szkoleniowe. Efektywnie i fachowo kszta\u0142cimy przysz\u0142ych alpinist\u00f3w przemys\u0142owych! Na czym polega alpinizm przemys\u0142owy? Alpinizm przemys\u0142owy dotyczy sytuacji, w kt\u00f3rej pracownik przeprowadza prace na wysoko\u015bci, korzystaj\u0105c z metod dost\u0119pu linowego do cel\u00f3w przemys\u0142owych. Podczas wykonywania pracy, znajduje si\u0119 on na podwieszeniu i wykorzystuje jednocze\u015bnie dwie niezale\u017cne liny &#8211; robocz\u0105 i asekuracyjn\u0105. Ich u\u017cycie jest niezb\u0119dne do: ustalenia pozycji pracownika podczas pracy, wchodzenia i zjazdu ze stanowiska pracy oraz asekuracji. W celu zapewnienia jak najbezpieczniejszych warunk\u00f3w do pracy na wysoko\u015bci, stosuje si\u0119 surowe procedury bezpiecze\u0144stwa oraz specjalistyczny sprz\u0119t do ochrony przed upadkiem z wysoko\u015bci. Z technik alpinistycznych korzysta si\u0119 wtedy, kiedy zastosowanie innych metod (np. dost\u0119pu budowlanego) jest nieefektywne ekonomicznie, obci\u0105\u017cone zbyt wysokim ryzykiem lub w przypadkach, gdy te techniki s\u0105 jedynym mo\u017cliwym rozwi\u0105zaniem wykonawczym. Co wi\u0119cej, dost\u0119p linowy jest metod\u0105 przyjazn\u0105 dla \u015brodowiska, poniewa\u017c nie wymaga stosowania inwazyjnego sprz\u0119tu dost\u0119powego. Przysz\u0142y alpinista [&hellip;]<\/p>\n","protected":false},"author":1,"featured_media":3607,"parent":2263,"menu_order":0,"comment_status":"closed","ping_status":"closed","template":"","meta":{"sfsi_plus_gutenberg_text_before_share":"","sfsi_plus_gutenberg_show_text_before_share":"","sfsi_plus_gutenberg_icon_type":"","sfsi_plus_gutenberg_icon_alignemt":"","sfsi_plus_gutenburg_max_per_row":"","footnotes":""},"class_list":["post-3605","page","type-page","status-publish","has-post-thumbnail","hentry","has_thumb"],"aioseo_notices":[],"_links":{"self":[{"href":"https:\/\/kursy-udt.pl\/de\/wp-json\/wp\/v2\/pages\/3605","targetHints":{"allow":["GET"]}}],"collection":[{"href":"https:\/\/kursy-udt.pl\/de\/wp-json\/wp\/v2\/pages"}],"about":[{"href":"https:\/\/kursy-udt.pl\/de\/wp-json\/wp\/v2\/types\/page"}],"author":[{"embeddable":true,"href":"https:\/\/kursy-udt.pl\/de\/wp-json\/wp\/v2\/users\/1"}],"replies":[{"embeddable":true,"href":"https:\/\/kursy-udt.pl\/de\/wp-json\/wp\/v2\/comments?post=3605"}],"version-history":[{"count":8,"href":"https:\/\/kursy-udt.pl\/de\/wp-json\/wp\/v2\/pages\/3605\/revisions"}],"predecessor-version":[{"id":6129,"href":"https:\/\/kursy-udt.pl\/de\/wp-json\/wp\/v2\/pages\/3605\/revisions\/6129"}],"up":[{"embeddable":true,"href":"https:\/\/kursy-udt.pl\/de\/wp-json\/wp\/v2\/pages\/2263"}],"wp:featuredmedia":[{"embeddable":true,"href":"https:\/\/kursy-udt.pl\/de\/wp-json\/wp\/v2\/media\/3607"}],"wp:attachment":[{"href":"https:\/\/kursy-udt.pl\/de\/wp-json\/wp\/v2\/media?parent=3605"}],"curies":[{"name":"wp","href":"https:\/\/api.w.org\/{rel}","templated":true}]}}