{"id":36,"date":"2014-02-10T17:12:23","date_gmt":"2014-02-10T17:12:23","guid":{"rendered":"http:\/\/kursy-udt.kwiaty0.pl\/?page_id=36"},"modified":"2022-12-05T11:39:52","modified_gmt":"2022-12-05T11:39:52","slug":"einengungen","status":"publish","type":"page","link":"https:\/\/kursy-udt.pl\/de\/szkolenia\/zwyzki\/","title":{"rendered":"Verbesserung der Ausbildung"},"content":{"rendered":"<div style=\"float: left; padding-right: 10px;\"><img decoding=\"async\" src=\"\/wp-content\/uploads\/2014\/03\/szkolenia-na-podnosnik.jpeg\" alt=\"Kurs \u00fcber Hochaufz\u00fcge Warschau - Foto\" \/><\/div>\n<div class=\"wyjustuj\">\n<p>W <a href=\"https:\/\/kursy-udt.pl\/de\/o-firmie\/\">ERGON Zentrum f\u00fcr Personalentwicklung<\/a> Wir bieten einen professionellen Kurs f\u00fcr Scherenb\u00fchnen, selbstfahrende Arbeitsb\u00fchnen und andere Plattformen an. Unser Ziel ist es, jeden Teilnehmer umfassend zu schulen, so dass er oder sie in der Lage ist, die wichtigsten Genehmigungen f\u00fcr die Arbeitsb\u00fchnen gem\u00e4\u00df den UDT-Vorschriften zu erhalten. Wir sorgen daf\u00fcr, dass die Mitarbeiter mit der Funktionsweise und Bedienung der Ger\u00e4te bestens vertraut sind - die Schulung deckt das Thema umfassend ab und ist, da sie von Experten auf ihrem Gebiet durchgef\u00fchrt wird, die beste Investition f\u00fcr Arbeitnehmer und Arbeitgeber. Wir bem\u00fchen uns, auch die Preise f\u00fcr unsere Auslegerschulungen so niedrig wie m\u00f6glich zu halten. F\u00fcr gr\u00f6\u00dfere Gruppen haben wir zus\u00e4tzliche Preisnachl\u00e4sse vorbereitet!<\/p>\n<p>Jeder Lehrgang f\u00fcr Arbeitsb\u00fchnen in unserem Zentrum gliedert sich in einen theoretischen und einen praktischen Teil, weshalb er die Thematik in ihrer Gesamtheit abdeckt und es den Mitarbeitern erm\u00f6glicht, sich solide auf die UDT-Pr\u00fcfung vorzubereiten und diese erfolgreich zu bestehen. Die Teilnehmer der Arbeitsb\u00fchnenschulung erhalten u.a. Informationen zum sicheren Umgang mit dem Ger\u00e4t gem\u00e4\u00df den Bestimmungen des T\u00dcV. <a href=\"https:\/\/kursy-udt.pl\/de\/szkolenia\/bhp-bezpieczenstwo-pracy\/prawna-ochrona-pracy\/\">GESUNDHEIT UND SICHERHEIT<\/a> \u00fcber das Arbeiten in der H\u00f6he sowie Informationen \u00fcber den Aufbau und die Funktionsweise dieser Maschinen. Wir bieten auch praktische Kurse an, die es den Teilnehmern erm\u00f6glichen, die f\u00fcr die Bedienung der Ger\u00e4te erforderlichen F\u00e4higkeiten zu erwerben. Die in unserem Zentrum organisierten Kurse sind die beste Wahl!<\/p>\n<div class=\"filmw\">\n<div class=\"responsive-youtube\" style=\"text-align: center;\"><iframe loading=\"lazy\" title=\"YouTube-Video-Player\" src=\"https:\/\/www.youtube.com\/embed\/sadG__ZRQI8\" width=\"560\" height=\"315\" frameborder=\"0\" allowfullscreen=\"allowfullscreen\"><\/iframe><\/div>\n<\/div>\n<h2><strong>Anmeldung<\/strong><\/h2>\n<p>Hubarbeitsb\u00fchnen, die auch als Hubarbeitsb\u00fchnen bezeichnet werden, sind Ger\u00e4te, die als <span class=\"linkwartykule\">mobile Plattformen<\/span>. Sie sind f\u00fcr den schnellen Aufbau von Personen, Ausr\u00fcstungen oder Materialien in einer bestimmten H\u00f6he konzipiert, um vertraglich vereinbarte Arbeiten auszuf\u00fchren, beispielsweise im Baugewerbe, in der Werbung oder im Dienstleistungssektor. Sie werden f\u00fcr Bau-, Montage-, Installations-, Dekorations-, Reinigungs- und viele andere Arbeiten verwendet, bei denen eine bestimmte H\u00f6he erreicht werden muss und die Errichtung eines Ger\u00fcsts keine wirtschaftliche L\u00f6sung w\u00e4re.<\/p>\n<p>Ausleger k\u00f6nnen sowohl im Freien als auch in Innenr\u00e4umen eingesetzt werden, auch bei hohen Gew\u00f6lben. Das macht sie zu vielseitigen Ger\u00e4ten. Sie k\u00f6nnen selbstfahrend sein, d. h. auf Kraftfahrzeugen montiert, oder frei beweglich, wie z. B. Scheren-, Teleskop- und Gelenkausleger. Die f\u00fcr die Bedienung dieser Ger\u00e4te erforderlichen Qualifikationen werden als I P bezeichnet.<\/p>\n<h2><strong>Zweck der Ausbildung<\/strong><\/h2>\n<p>Unsere Ausbildung richtet sich an Personen, die mindestens 18 Jahre alt sind und mindestens \u00fcber eine Grundschulausbildung verf\u00fcgen. Au\u00dferdem muss ein \u00e4rztliches Attest vorgelegt werden, aus dem hervorgeht, dass keine Kontraindikationen f\u00fcr den Beruf des Operators bestehen.<\/p>\n<p>Ziel der angebotenen Schulung ist es, den Teilnehmern durch theoretische Informationen und praktische Aktivit\u00e4ten die korrekte Bedienung der Ger\u00e4te zu vermitteln und eine Best\u00e4tigung dieser F\u00e4higkeiten zu erhalten. <a href=\"https:\/\/kursy-udt.pl\/de\/uprawnienia-udt\/kategorie-uprawnien-2\/\">UDT-Anspr\u00fcche<\/a>. Ein Arbeitnehmer, der \u00fcber eine entsprechende Genehmigung verf\u00fcgt, darf dann an Arbeiten teilnehmen, bei denen die St\u00fctzen benutzt werden.<\/p>\n<p>Mit dem ERGON Card Centre of Excellence ist es noch einfacher, Ihre Kletterqualifikation zu erlangen. Wir laden Sie herzlich ein, unsere Dienste in Anspruch zu nehmen!<\/p>\n<\/div>\n<p><a href=\"https:\/\/kursy-udt.pl\/wp-content\/uploads\/2022\/12\/16-kurs-zwyzki-nozycowe-kursy-udt.pl_.png\"><img loading=\"lazy\" decoding=\"async\" class=\"aligncenter wp-image-4526\" src=\"https:\/\/kursy-udt.pl\/wp-content\/uploads\/2022\/12\/16-kurs-zwyzki-nozycowe-kursy-udt.pl_-300x188.png\" alt=\"\" width=\"750\" height=\"469\" srcset=\"https:\/\/kursy-udt.pl\/wp-content\/uploads\/2022\/12\/16-kurs-zwyzki-nozycowe-kursy-udt.pl_-300x188.png 300w, https:\/\/kursy-udt.pl\/wp-content\/uploads\/2022\/12\/16-kurs-zwyzki-nozycowe-kursy-udt.pl_-1024x640.png 1024w, https:\/\/kursy-udt.pl\/wp-content\/uploads\/2022\/12\/16-kurs-zwyzki-nozycowe-kursy-udt.pl_-768x480.png 768w, https:\/\/kursy-udt.pl\/wp-content\/uploads\/2022\/12\/16-kurs-zwyzki-nozycowe-kursy-udt.pl_-18x12.png 18w, https:\/\/kursy-udt.pl\/wp-content\/uploads\/2022\/12\/16-kurs-zwyzki-nozycowe-kursy-udt.pl_-624x390.png 624w, https:\/\/kursy-udt.pl\/wp-content\/uploads\/2022\/12\/16-kurs-zwyzki-nozycowe-kursy-udt.pl_.png 1200w\" sizes=\"auto, (max-width: 750px) 100vw, 750px\" \/><\/a><\/p>\n<div class=\"button_styl\" style=\"float: right; padding-left: 15px; padding-bottom: 8px; margin-bottom: 5px;\"><a class=\"myButton myButton_maly\" href=\"https:\/\/platformaedukacji.pl\/login\/signup.php\" target=\"_blank\" rel=\"nofollow noopener noreferrer\"><span style=\"color: white;\">Anmeldung zur Schulung<\/span><\/a><\/div>","protected":false},"excerpt":{"rendered":"<p>W O\u015brodku Doskonalenia Kadr ERGON oferujemy profesjonalny kurs na zwy\u017cki no\u017cycowe, samojezdne i inne. Naszym celem jest kompleksowe przeszkolenie ka\u017cdego uczestnika, aby m\u00f3g\u0142 uzyska\u0107 on kluczowe uprawnienia na zwy\u017cki zgodnie z przepisami UDT. Dzi\u0119ki nam pracownicy bardzo dobrze znaj\u0105 zasady dzia\u0142ania oraz obs\u0142ug\u0119 urz\u0105dzenia \u2013 szkolenia kompleksowo obejmuj\u0105 temat i dzi\u0119ki temu, \u017ce prowadzone s\u0105 przez ekspert\u00f3w w swojej dziedzinie, s\u0105 najlepsz\u0105 inwestycj\u0105 zar\u00f3wno dla pracownika, jak i dla pracodawcy. Dok\u0142adamy wszelkich stara\u0144, aby zapewni\u0107 tak\u017ce jak najni\u017csze ceny na nasze szkolenia na zwy\u017cki. Dla wi\u0119kszych grup przygotowali\u015bmy dodatkowe obni\u017cki cen! Ka\u017cdy kurs na zwy\u017cki w naszym O\u015brodku jest podzielony na cz\u0119\u015b\u0107 teoretyczn\u0105 i cz\u0119\u015b\u0107 praktyczn\u0105, dlatego ca\u0142o\u015bciowo ujmuje tematyk\u0119 i pozwala na solidne przygotowanie pracownik\u00f3w do podej\u015bcia do egzaminu UDT oraz jego pozytywnego zaliczenia. Podczas szkolenia na zwy\u017cki jego uczestnicy otrzymuj\u0105 mi\u0119dzy innymi informacje na temat zasad bezpiecznego operowania urz\u0105dzeniem zgodnie z przepisami Urz\u0119du Dozoru Technicznego oraz BHP w zakresie prac na wysoko\u015bci, a tak\u017ce informacje na temat budowy i zasad dzia\u0142ania tych maszyn. Prowadzimy r\u00f3wnie\u017c zaj\u0119cia praktyczne, kt\u00f3re pozwalaj\u0105 uczestnikom zdoby\u0107 niezb\u0119dne umiej\u0119tno\u015bci w zakresie operowania urz\u0105dzeniem. Kursy organizowane w naszym O\u015brodku to najlepszy wyb\u00f3r! Zastosowanie Zwy\u017cki, kt\u00f3re okre\u015blane s\u0105 tak\u017ce mianem podno\u015bnik\u00f3w koszowych, s\u0105 urz\u0105dzeniami zaliczanymi do podest\u00f3w ruchomych. S\u0105 one przeznaczone do szybkiego wznoszenia na okre\u015blon\u0105 wysoko\u015b\u0107 os\u00f3b, wyposa\u017cenia czy materia\u0142\u00f3w, aby realizowa\u0107 w ten spos\u00f3b zlecone prace, na przyk\u0142ad w bran\u017cy budowlanej, reklamowej, us\u0142ugowej. Urz\u0105dzenia te s\u0105 stosowane przy pracach budowlanych, monta\u017cowych, instalacyjnych, dekoratorskich, pracach czy\u015bcicielskich i wielu innych, podczas kt\u00f3rych niezb\u0119dne jest dostanie si\u0119 na okre\u015blon\u0105 wysoko\u015b\u0107, przy czym [&hellip;]<\/p>\n","protected":false},"author":1,"featured_media":3427,"parent":65,"menu_order":0,"comment_status":"closed","ping_status":"closed","template":"","meta":{"sfsi_plus_gutenberg_text_before_share":"","sfsi_plus_gutenberg_show_text_before_share":"","sfsi_plus_gutenberg_icon_type":"","sfsi_plus_gutenberg_icon_alignemt":"","sfsi_plus_gutenburg_max_per_row":"","footnotes":""},"class_list":["post-36","page","type-page","status-publish","has-post-thumbnail","hentry","has_thumb"],"aioseo_notices":[],"_links":{"self":[{"href":"https:\/\/kursy-udt.pl\/de\/wp-json\/wp\/v2\/pages\/36","targetHints":{"allow":["GET"]}}],"collection":[{"href":"https:\/\/kursy-udt.pl\/de\/wp-json\/wp\/v2\/pages"}],"about":[{"href":"https:\/\/kursy-udt.pl\/de\/wp-json\/wp\/v2\/types\/page"}],"author":[{"embeddable":true,"href":"https:\/\/kursy-udt.pl\/de\/wp-json\/wp\/v2\/users\/1"}],"replies":[{"embeddable":true,"href":"https:\/\/kursy-udt.pl\/de\/wp-json\/wp\/v2\/comments?post=36"}],"version-history":[{"count":29,"href":"https:\/\/kursy-udt.pl\/de\/wp-json\/wp\/v2\/pages\/36\/revisions"}],"predecessor-version":[{"id":4529,"href":"https:\/\/kursy-udt.pl\/de\/wp-json\/wp\/v2\/pages\/36\/revisions\/4529"}],"up":[{"embeddable":true,"href":"https:\/\/kursy-udt.pl\/de\/wp-json\/wp\/v2\/pages\/65"}],"wp:featuredmedia":[{"embeddable":true,"href":"https:\/\/kursy-udt.pl\/de\/wp-json\/wp\/v2\/media\/3427"}],"wp:attachment":[{"href":"https:\/\/kursy-udt.pl\/de\/wp-json\/wp\/v2\/media?parent=36"}],"curies":[{"name":"wp","href":"https:\/\/api.w.org\/{rel}","templated":true}]}}