{"id":3549,"date":"2021-09-03T14:04:15","date_gmt":"2021-09-03T14:04:15","guid":{"rendered":"https:\/\/kursy-udt.pl\/?page_id=3549"},"modified":"2022-12-16T08:37:58","modified_gmt":"2022-12-16T08:37:58","slug":"ausrustung-fur-behinderte-wartung-von-aufzugen","status":"publish","type":"page","link":"https:\/\/kursy-udt.pl\/de\/szkolenia\/udt-wdt-tdt\/urzadzenia-niepelnosprawni-podnosniki-konserwacja\/","title":{"rendered":"Instandhaltungskurs f\u00fcr behinderte Ger\u00e4te: Plattformen und Hebeb\u00fchnen"},"content":{"rendered":"<p><a href=\"https:\/\/kursy-udt.pl\/wp-content\/uploads\/2021\/09\/kursy-udt.pl-0027-OPUBLIKOWANY-v19-Copy.jpg\"><img loading=\"lazy\" decoding=\"async\" class=\"paddingleft10 alignleft wp-image-3550 size-medium\" src=\"https:\/\/kursy-udt.pl\/wp-content\/uploads\/2021\/09\/kursy-udt.pl-0027-OPUBLIKOWANY-v19-Copy-300x225.jpg\" alt=\"Ein Ger\u00e4t f\u00fcr den Transport von Menschen mit Behinderungen ist ein elektrisch oder hydraulisch betriebener Aufzug.\" width=\"300\" height=\"225\" srcset=\"https:\/\/kursy-udt.pl\/wp-content\/uploads\/2021\/09\/kursy-udt.pl-0027-OPUBLIKOWANY-v19-Copy-300x225.jpg 300w, https:\/\/kursy-udt.pl\/wp-content\/uploads\/2021\/09\/kursy-udt.pl-0027-OPUBLIKOWANY-v19-Copy-1024x768.jpg 1024w, https:\/\/kursy-udt.pl\/wp-content\/uploads\/2021\/09\/kursy-udt.pl-0027-OPUBLIKOWANY-v19-Copy-768x576.jpg 768w, https:\/\/kursy-udt.pl\/wp-content\/uploads\/2021\/09\/kursy-udt.pl-0027-OPUBLIKOWANY-v19-Copy-1536x1152.jpg 1536w, https:\/\/kursy-udt.pl\/wp-content\/uploads\/2021\/09\/kursy-udt.pl-0027-OPUBLIKOWANY-v19-Copy-640x480.jpg 640w, https:\/\/kursy-udt.pl\/wp-content\/uploads\/2021\/09\/kursy-udt.pl-0027-OPUBLIKOWANY-v19-Copy-624x468.jpg 624w, https:\/\/kursy-udt.pl\/wp-content\/uploads\/2021\/09\/kursy-udt.pl-0027-OPUBLIKOWANY-v19-Copy.jpg 2048w\" sizes=\"auto, (max-width: 300px) 100vw, 300px\" \/><\/a>Mobilit\u00e4tsplattformen werden an Orten mit architektonischen Barrieren installiert: Treppen, schmale T\u00fcren oder Schwellen. Sie erm\u00f6glichen es einer Person im Rollstuhl oder auf Kr\u00fccken, die oberen Stockwerke eines Geb\u00e4udes zu erreichen: Wohnung, B\u00fcro, Klinik oder Universit\u00e4t. Lifte sind hydraulisch oder elektrisch betriebene Aufz\u00fcge. Sie werden als Flurf\u00f6rderzeuge eingestuft und unterliegen gem\u00e4\u00df den Vorschriften der technischen \u00dcberwachung. Das bedeutet, dass Sie f\u00fcr die Durchf\u00fchrung von Reparatur- und Wartungsarbeiten an solchen Ger\u00e4ten eine Bescheinigung des Technischen \u00dcberwachungsvereins ben\u00f6tigen. <a href=\"https:\/\/kursy-udt.pl\/de\/uprawnienia-udt\/kategorie-uprawnien-2\/\">Anrechte<\/a>.<\/p>\n<p>Wir laden Sie ein, an einem Kurs teilzunehmen, dessen Abschluss zusammen mit dem Bestehen des Staatsexamens den Erwerb dieser Qualifikation erm\u00f6glicht. Damit k\u00f6nnen Sie eine Stelle als Wartungstechniker f\u00fcr Handhabungsger\u00e4te in einem Unternehmen oder einem Betrieb antreten, der auf die Reparatur dieser Art von Ger\u00e4ten spezialisiert ist.<\/p>\n<h2>Programm des Kurses \u00fcber die Wartung von Ger\u00e4ten f\u00fcr den Transport von Menschen mit Behinderungen<\/h2>\n<p>Die Ausbildung besteht aus einem theoretischen Teil - Vorlesungen - und einem praktischen Teil. Unsere Ausbilder sind erfahren in der Ausbildung zuk\u00fcnftiger Instandhaltungsmitarbeiter und vermitteln Wissen auf eine Art und Weise, die f\u00fcr die Teilnehmer zug\u00e4nglich ist und sie aktiviert. In den Kursen lernen Sie unter anderem:<\/p>\n<ul>\n<li>Welche Arten von Plattformen gibt es f\u00fcr den Transport von Menschen mit Behinderungen?<\/li>\n<li>Wie elektrisch und hydraulisch betriebene Ger\u00e4te aufgebaut sind<\/li>\n<li>Typische M\u00e4ngel, mit denen Wartungstechniker von Umschlagger\u00e4ten konfrontiert werden<\/li>\n<li>Bestimmungen \u00fcber die Instandhaltung von Ausr\u00fcstungen f\u00fcr behinderte Menschen<\/li>\n<li>Aufgaben als Wartungspersonal f\u00fcr Handhabungsger\u00e4te<\/li>\n<li>Grunds\u00e4tze <a href=\"https:\/\/kursy-udt.pl\/de\/szkolenia\/bhp-bezpieczenstwo-pracy\/prawna-ochrona-pracy\/\">GESUNDHEIT UND SICHERHEIT<\/a> und Erste Hilfe bei Unf\u00e4llen und Notf\u00e4llen<\/li>\n<\/ul>\n<p>Im Anschluss an die Vorlesung nehmen die Teilnehmer an einem praktischen Kurs teil, in dem sie die Konstruktion von Transportplattformen kennenlernen, sich mit den Sicherheitsvorschriften f\u00fcr den Betrieb vertraut machen und Methoden zur Behebung der h\u00e4ufigsten Fehler erlernen.<\/p>\n<p>Der Kurs dauert in der Regel zwischen 38 und 96 Stunden, kann aber f\u00fcr Personen, die bereits mit Handhabungsger\u00e4ten gearbeitet haben, auch k\u00fcrzer sein. Diese Personen ben\u00f6tigen m\u00f6glicherweise weniger Zeit zum Lernen w\u00e4hrend des praktischen Teils. Dies wird im Einzelfall mit dem Dozenten vereinbart.<\/p>\n<h2>UDT-Lizenzpr\u00fcfung<\/h2>\n<p>Der Kurs bereitet auf die Arbeit als Wartungsarbeiter vor, aber der Abschluss des Kurses reicht nicht aus, um arbeiten zu k\u00f6nnen. Gem\u00e4\u00df den Vorschriften muss ein Restaurator eine von der UDT durchgef\u00fchrte Pr\u00fcfung ablegen, und nur wenn er diese Pr\u00fcfung besteht, erh\u00e4lt er die entsprechende Lizenz.<\/p>\n<p>Die Pr\u00fcfung wird vom Zentrum in Zusammenarbeit mit der UDT organisiert. Dies bedeutet, dass die Auszubildenden sich nicht in einer Au\u00dfenstelle des Amtes zur Pr\u00fcfung anmelden m\u00fcssen. Die schriftlichen (Test) und m\u00fcndlichen Pr\u00fcfungen werden zu einem von der UDT festgelegten Termin durchgef\u00fchrt, an den die Termine unserer Schulungen angepasst sind.<\/p>\n<p>Wenn Sie zertifiziert sind, k\u00f6nnen Sie Reparaturen, Wartungsarbeiten und vorgeschriebene technische \u00dcberpr\u00fcfungen an allen Arten von Ger\u00e4ten zur Bef\u00f6rderung von Menschen mit Behinderungen durchf\u00fchren.<\/p>\n<h2><a href=\"https:\/\/kursy-udt.pl\/wp-content\/uploads\/2021\/09\/kursy-udt.pl-0027-OPUBLIKOWANY-v20-Copy.jpg\"><img loading=\"lazy\" decoding=\"async\" class=\"alignnone wp-image-3551 size-large\" src=\"https:\/\/kursy-udt.pl\/wp-content\/uploads\/2021\/09\/kursy-udt.pl-0027-OPUBLIKOWANY-v20-Copy-768x1024.jpg\" alt=\" F\u00fcr die Wartung von Ger\u00e4ten zur Bef\u00f6rderung von Menschen mit Behinderungen ist eine Genehmigung erforderlich \" width=\"768\" height=\"1024\" srcset=\"https:\/\/kursy-udt.pl\/wp-content\/uploads\/2021\/09\/kursy-udt.pl-0027-OPUBLIKOWANY-v20-Copy-768x1024.jpg 768w, https:\/\/kursy-udt.pl\/wp-content\/uploads\/2021\/09\/kursy-udt.pl-0027-OPUBLIKOWANY-v20-Copy-225x300.jpg 225w, https:\/\/kursy-udt.pl\/wp-content\/uploads\/2021\/09\/kursy-udt.pl-0027-OPUBLIKOWANY-v20-Copy-1152x1536.jpg 1152w, https:\/\/kursy-udt.pl\/wp-content\/uploads\/2021\/09\/kursy-udt.pl-0027-OPUBLIKOWANY-v20-Copy-624x832.jpg 624w, https:\/\/kursy-udt.pl\/wp-content\/uploads\/2021\/09\/kursy-udt.pl-0027-OPUBLIKOWANY-v20-Copy.jpg 1200w\" sizes=\"auto, (max-width: 768px) 100vw, 768px\" \/><\/a><\/h2>\n<h2>Anforderungen an die Teilnehmer<\/h2>\n<p>Der Kurs steht allen Personen offen, die mindestens 18 Jahre alt sind, mindestens die Grundschule abgeschlossen haben und keine gesundheitlichen Einw\u00e4nde gegen den Pflegeberuf haben.<\/p>\n<p>Damit die Schulung ihre volle Wirkung entfalten kann, m\u00fcssen die Teilnehmer \u00fcber Grundkenntnisse in Mechanik, Maschinenbau und Elektrotechnik verf\u00fcgen.<\/p>\n<h2>Praktische Informationen<\/h2>\n<p>Regelm\u00e4\u00dfig finden an verschiedenen Orten Instandhaltungsschulungen statt. Wir haben Niederlassungen in mehreren Gro\u00dfst\u00e4dten und unseren Hauptsitz in Warschau. Wir bieten auch geschlossene Schulungen f\u00fcr Unternehmen an - Termin und Ort werden dabei an die Bed\u00fcrfnisse des Arbeitgebers und der Arbeitnehmer angepasst.<\/p>\n<p>Wenn Sie einen Kurs besuchen und ein zertifizierter Restaurator werden m\u00f6chten, laden wir Sie ein, einen Platz auf unserer Website www.platformaedukacji.pl zu buchen. Dort finden Sie aktuelle Schulungstermine mit Orten, Preisen und weiteren Details. Die Bezahlung kann \u00fcber PayNow oder BLIK wie Przelewy24 erfolgen.<\/p>\n<p>Wenn Sie weitere Fragen oder Bedenken haben, k\u00f6nnen Sie uns gerne telefonisch oder per E-Mail kontaktieren.<\/p>\n<p><a href=\"https:\/\/kursy-udt.pl\/wp-content\/uploads\/2022\/12\/Reklama-Na-Kursy-7.png\"><img loading=\"lazy\" decoding=\"async\" class=\"aligncenter wp-image-4576\" src=\"https:\/\/kursy-udt.pl\/wp-content\/uploads\/2022\/12\/Reklama-Na-Kursy-7-300x188.png\" alt=\"\" width=\"750\" height=\"469\" srcset=\"https:\/\/kursy-udt.pl\/wp-content\/uploads\/2022\/12\/Reklama-Na-Kursy-7-300x188.png 300w, https:\/\/kursy-udt.pl\/wp-content\/uploads\/2022\/12\/Reklama-Na-Kursy-7-1024x640.png 1024w, https:\/\/kursy-udt.pl\/wp-content\/uploads\/2022\/12\/Reklama-Na-Kursy-7-768x480.png 768w, https:\/\/kursy-udt.pl\/wp-content\/uploads\/2022\/12\/Reklama-Na-Kursy-7-18x12.png 18w, https:\/\/kursy-udt.pl\/wp-content\/uploads\/2022\/12\/Reklama-Na-Kursy-7-624x390.png 624w, https:\/\/kursy-udt.pl\/wp-content\/uploads\/2022\/12\/Reklama-Na-Kursy-7.png 1200w\" sizes=\"auto, (max-width: 750px) 100vw, 750px\" \/><\/a><\/p>\n<p>&nbsp;<\/p>","protected":false},"excerpt":{"rendered":"<p>Platformy do transportu os\u00f3b niepe\u0142nosprawnych ruchowo s\u0105 montowane w miejscach z barierami architektonicznymi: schodami, w\u0105skimi drzwiami czy progami. Umo\u017cliwiaj\u0105 one osobie poruszaj\u0105cej si\u0119 na w\u00f3zku czy o kulach dostanie si\u0119 na wy\u017csze pi\u0119tra budynku: domu, urz\u0119du, przychodni czy uczelni. Podno\u015bniki s\u0105 rodzajem d\u017awigu zasilanego hydraulicznie lub elektrycznie. Zalicza si\u0119 je do urz\u0105dze\u0144 transportu bliskiego i zgodnie z przepisami s\u0105 one obj\u0119te dozorem technicznym. Oznacza to, \u017ce aby m\u00f3c wykonywa\u0107 naprawy i prace konserwacyjne przy takich urz\u0105dzeniach, trzeba posiada\u0107 wydane przez Urz\u0105d Dozoru Technicznego uprawnienia. Zapraszamy Pa\u0144stwa na kurs, kt\u00f3rego uko\u0144czenie, wraz ze zdanym egzaminem pa\u0144stwowym, umo\u017cliwi zdobycie takich uprawnie\u0144. Dzi\u0119ki temu b\u0119d\u0105 mogli Pa\u0144stwo podj\u0105\u0107 prac\u0119 konserwatora urz\u0105dze\u0144 transportu bliskiego w dowolnej firmie czy zak\u0142adzie specjalizuj\u0105cych si\u0119 w naprawach tego typu sprz\u0119tu. Program kursu konserwacji urz\u0105dze\u0144 do transportu os\u00f3b niepe\u0142nosprawnych Szkolenie sk\u0142ada si\u0119 z cz\u0119\u015bci teoretycznej &#8211; wyk\u0142ad\u00f3w oraz praktycznej. Nasi instruktorzy maj\u0105 do\u015bwiadczenie w prowadzeniu zaj\u0119\u0107 dla przysz\u0142ych konserwator\u00f3w, przekazuj\u0105 wiedz\u0119 w spos\u00f3b przyst\u0119pny i aktywizuj\u0105cy uczestnik\u00f3w. Podczas zaj\u0119\u0107 dowiedz\u0105 si\u0119 Pa\u0144stwo mi\u0119dzy innymi: Jakie s\u0105 rodzaje platform do transportu os\u00f3b niepe\u0142nosprawnych W jaki spos\u00f3b s\u0105 zbudowane urz\u0105dzenia zasilane elektrycznie i hydraulicznie Typowe usterki, z jakimi maj\u0105 do czynienia konserwatorzy urz\u0105dze\u0144 transportu bliskiego Przepisy zwi\u0105zane z konserwacj\u0105 urz\u0105dze\u0144 dla os\u00f3b niepe\u0142nosprawnych Obowi\u0105zki na stanowisku konserwatora urz\u0105dze\u0144 transportu bliskiego Zasady BHP i udzielania pierwszej pomocy w przypadku awarii i wypadk\u00f3w Po cz\u0119\u015bci wyk\u0142adowej uczestnicy bior\u0105 udzia\u0142 w zaj\u0119ciach praktycznych, w trakcie kt\u00f3rych zapoznaj\u0105 si\u0119 z budow\u0105 platform do transportu, poznaj\u0105 zasady bezpiecze\u0144stwa obowi\u0105zuj\u0105ce przy eksploatacji i ucz\u0105 si\u0119 metod naprawiania najpopularniejszych usterek. Kurs trwa standardowo [&hellip;]<\/p>\n","protected":false},"author":1,"featured_media":3550,"parent":2721,"menu_order":0,"comment_status":"closed","ping_status":"closed","template":"","meta":{"sfsi_plus_gutenberg_text_before_share":"","sfsi_plus_gutenberg_show_text_before_share":"","sfsi_plus_gutenberg_icon_type":"","sfsi_plus_gutenberg_icon_alignemt":"","sfsi_plus_gutenburg_max_per_row":"","footnotes":""},"class_list":["post-3549","page","type-page","status-publish","has-post-thumbnail","hentry","has_thumb"],"aioseo_notices":[],"_links":{"self":[{"href":"https:\/\/kursy-udt.pl\/de\/wp-json\/wp\/v2\/pages\/3549","targetHints":{"allow":["GET"]}}],"collection":[{"href":"https:\/\/kursy-udt.pl\/de\/wp-json\/wp\/v2\/pages"}],"about":[{"href":"https:\/\/kursy-udt.pl\/de\/wp-json\/wp\/v2\/types\/page"}],"author":[{"embeddable":true,"href":"https:\/\/kursy-udt.pl\/de\/wp-json\/wp\/v2\/users\/1"}],"replies":[{"embeddable":true,"href":"https:\/\/kursy-udt.pl\/de\/wp-json\/wp\/v2\/comments?post=3549"}],"version-history":[{"count":4,"href":"https:\/\/kursy-udt.pl\/de\/wp-json\/wp\/v2\/pages\/3549\/revisions"}],"predecessor-version":[{"id":4577,"href":"https:\/\/kursy-udt.pl\/de\/wp-json\/wp\/v2\/pages\/3549\/revisions\/4577"}],"up":[{"embeddable":true,"href":"https:\/\/kursy-udt.pl\/de\/wp-json\/wp\/v2\/pages\/2721"}],"wp:featuredmedia":[{"embeddable":true,"href":"https:\/\/kursy-udt.pl\/de\/wp-json\/wp\/v2\/media\/3550"}],"wp:attachment":[{"href":"https:\/\/kursy-udt.pl\/de\/wp-json\/wp\/v2\/media?parent=3549"}],"curies":[{"name":"wp","href":"https:\/\/api.w.org\/{rel}","templated":true}]}}