{"id":3536,"date":"2021-09-03T13:20:43","date_gmt":"2021-09-03T13:20:43","guid":{"rendered":"https:\/\/kursy-udt.pl\/?page_id=3536"},"modified":"2025-03-12T09:36:17","modified_gmt":"2025-03-12T08:36:17","slug":"betrieb-von-mobilen-eisenbahnen","status":"publish","type":"page","link":"https:\/\/kursy-udt.pl\/de\/szkolenia\/udt-wdt-tdt\/obsluga-ruchomych-kolejowe\/","title":{"rendered":"Kurs f\u00fcr den Betrieb mobiler Plattformen auf Schienenfahrzeugen"},"content":{"rendered":"<p><a href=\"https:\/\/kursy-udt.pl\/wp-content\/uploads\/2021\/09\/kursy-udt.pl-0025-OPUBLIKOWANE-v15-Copy.jpg\"><img loading=\"lazy\" decoding=\"async\" class=\"paddingleft10 alignleft wp-image-3541 size-medium\" src=\"https:\/\/kursy-udt.pl\/wp-content\/uploads\/2021\/09\/kursy-udt.pl-0025-OPUBLIKOWANE-v15-Copy-300x225.jpg\" alt=\"Mobiler Bahnsteigbetreiber auf Schienenfahrzeugen arbeitet an der Reparatur und Instandhaltung der Eisenbahninfrastruktur \" width=\"300\" height=\"225\" srcset=\"https:\/\/kursy-udt.pl\/wp-content\/uploads\/2021\/09\/kursy-udt.pl-0025-OPUBLIKOWANE-v15-Copy-300x225.jpg 300w, https:\/\/kursy-udt.pl\/wp-content\/uploads\/2021\/09\/kursy-udt.pl-0025-OPUBLIKOWANE-v15-Copy-1024x768.jpg 1024w, https:\/\/kursy-udt.pl\/wp-content\/uploads\/2021\/09\/kursy-udt.pl-0025-OPUBLIKOWANE-v15-Copy-768x576.jpg 768w, https:\/\/kursy-udt.pl\/wp-content\/uploads\/2021\/09\/kursy-udt.pl-0025-OPUBLIKOWANE-v15-Copy-640x480.jpg 640w, https:\/\/kursy-udt.pl\/wp-content\/uploads\/2021\/09\/kursy-udt.pl-0025-OPUBLIKOWANE-v15-Copy-624x468.jpg 624w, https:\/\/kursy-udt.pl\/wp-content\/uploads\/2021\/09\/kursy-udt.pl-0025-OPUBLIKOWANE-v15-Copy.jpg 1200w\" sizes=\"auto, (max-width: 300px) 100vw, 300px\" \/><\/a><a href=\"https:\/\/kursy-udt.pl\/de\/szkolenia\/udt-wdt-tdt\/ruchome-na-kolejowych-konserwacja\/\">Mobile Plattformen auf Schienenfahrzeugen<\/a> sind als Umschlagger\u00e4te unter technischer Aufsicht eingestuft. Um sie zu bedienen, muss man vom Technischen Amt f\u00fcr Verkehr zugelassen sein. Der von uns angebotene Kurs erm\u00f6glicht es, diese Genehmigungen zu erhalten. Der Kurs beinhaltet eine Pr\u00fcfung, die vom TDT abgenommen wird, und der Umfang der im Kurs behandelten Themen entspricht dem f\u00fcr die Pr\u00fcfung erforderlichen Umfang.<\/p>\n<p>Die Kurse stehen sowohl Fachleuten offen, die bereits als Bediener von Flurf\u00f6rderzeugen arbeiten, als auch solchen, die <a href=\"https:\/\/kursy-udt.pl\/de\/uprawnienia-udt\/kategorie-uprawnien-2\/\">Anrechte<\/a> f\u00fcr andere Arten von Plattformen, aber auch f\u00fcr Personen ohne Berufserfahrung.<\/p>\n<h2>Kurs \u00fcber mobile Bahnsteige - Betrieb<\/h2>\n<div style=\"width: 640px;\" class=\"wp-video\"><video id=\"video-3536-1\" width=\"640\" height=\"360\" poster=\"https:\/\/kursy-udt.pl\/wp-content\/uploads\/2023\/02\/20230127_031102_0000.jpg\" preload=\"metadata\" controls=\"controls\"><source type=\"video\/mp4\" src=\"https:\/\/kursy-udt.pl\/wp-content\/uploads\/2023\/02\/ACCEPTED-operator-podestow-4K-kursy-udt.mp4?_=1\" \/><a href=\"https:\/\/kursy-udt.pl\/wp-content\/uploads\/2023\/02\/ACCEPTED-operator-podestow-4K-kursy-udt.mp4\">https:\/\/kursy-udt.pl\/wp-content\/uploads\/2023\/02\/ACCEPTED-operator-podestow-4K-kursy-udt.mp4<\/a><\/video><\/div>\n<p><strong>Das Kursprogramm umfasst die folgenden Themen:<\/strong><\/p>\n<ul>\n<li>Bau von mobilen Plattformen auf Schienenfahrzeugen, ihre Arten und ihr Verwendungszweck<\/li>\n<li>Grunds\u00e4tze <a href=\"https:\/\/kursy-udt.pl\/de\/szkolenia\/bhp-bezpieczenstwo-pracy\/prawna-ochrona-pracy\/\">GESUNDHEIT UND SICHERHEIT<\/a> die f\u00fcr den Betrieb dieser Art von Ger\u00e4ten gelten<\/li>\n<li>Stabilit\u00e4t der Plattformen<\/li>\n<li>Aktivit\u00e4t vor, w\u00e4hrend und nach der Arbeit<\/li>\n<li>Elektrische, mechanische und hydraulische Sicherheitseinrichtungen<\/li>\n<li>Sicherheitsverantwortung des Bahnsteigbetreibers<\/li>\n<li>Vertrautheit mit Betriebsanleitungen und technischen Unterlagen<\/li>\n<li>Bestimmungen des Gesetzes \u00fcber die technische \u00dcberwachung<\/li>\n<\/ul>\n<p>Der theoretische Teil wird durch praktischen Unterricht erg\u00e4nzt, in dem die Teilnehmer lernen, die Plattformen in dem f\u00fcr die Pr\u00fcfung erforderlichen Umfang zu bedienen.<\/p>\n<p>Die Dauer des Kurses liegt zwischen 10 und 35 Stunden und kann f\u00fcr diejenigen verk\u00fcrzt werden, die bereits mit dieser Art von Plattform gearbeitet haben und weniger Zeit ben\u00f6tigen, um sich mit dem Material vertraut zu machen.<\/p>\n<p>Der Kurs f\u00fcr mobile Bahnsteige und die UDT-Pr\u00fcfung steht denjenigen offen, die:<\/p>\n<ul>\n<li>mindestens einen Grundschulabschluss haben<\/li>\n<li>mindestens 18 Jahre alt sind<\/li>\n<li>Erkl\u00e4rung, dass keine gesundheitliche Kontraindikation vorliegt<\/li>\n<\/ul>\n<p>Wenn Sie sich f\u00fcr eine Schulung anmelden m\u00f6chten, besuchen Sie bitte unsere Website <a href=\"https:\/\/platformaedukacji.pl\/sklep\/\">www.platformaedukacji.pl<\/a>. Dort finden Sie Details zu Terminen, Ort, Preisen und mehr. Die Buchung erfolgt, indem Sie das gew\u00fcnschte Datum in den Warenkorb legen und die Zahlung vornehmen.<\/p>\n<p>Der Unterricht findet an verschiedenen Orten in ganz Polen statt. Wir haben auch die M\u00f6glichkeit, eine geschlossene Schulung f\u00fcr Ihr Unternehmen zu organisieren. In diesem Fall <a href=\"https:\/\/kursy-udt.pl\/de\/kontakt\/\">Bitte kontaktieren Sie uns<\/a> per Telefon oder E-Mail.<\/p>\n<div class=\"filmw\">\n<div class=\"responsive-youtube\" style=\"text-align: center;\"><iframe loading=\"lazy\" title=\"YouTube-Video-Player\" src=\"https:\/\/www.youtube.com\/embed\/sadG__ZRQI8\" width=\"560\" height=\"315\" frameborder=\"0\" allowfullscreen=\"allowfullscreen\"><\/iframe><\/div>\n<\/div>\n<h2>Qualifikationen von Betreibern mobiler Bahnsteige<\/h2>\n<p>Der Kurs beinhaltet eine Pr\u00fcfung, die von autorisierten Personen des TDT durchgef\u00fchrt wird. Unser Zentrum fungiert als Vermittler bei der Organisation der Pr\u00fcfung und vertritt die Teilnehmer vor der Beh\u00f6rde. Wir k\u00fcmmern uns um die Einschreibung der Teilnehmer und andere organisatorische Fragen. Die im Lehrgang behandelten Themen entsprechen den aktuellen TDT-Pr\u00fcfungsanforderungen, so dass die Auszubildenden optimal auf die Qualifikationspr\u00fcfung vorbereitet werden.<\/p>\n<p><img loading=\"lazy\" decoding=\"async\" class=\"alignnone wp-image-6166 size-large\" src=\"https:\/\/kursy-udt.pl\/wp-content\/uploads\/2025\/03\/IMG_0025-1024x768.jpg\" alt=\"\" width=\"1024\" height=\"768\" srcset=\"https:\/\/kursy-udt.pl\/wp-content\/uploads\/2025\/03\/IMG_0025-1024x768.jpg 1024w, https:\/\/kursy-udt.pl\/wp-content\/uploads\/2025\/03\/IMG_0025-300x225.jpg 300w, https:\/\/kursy-udt.pl\/wp-content\/uploads\/2025\/03\/IMG_0025-768x576.jpg 768w, https:\/\/kursy-udt.pl\/wp-content\/uploads\/2025\/03\/IMG_0025-1536x1152.jpg 1536w, https:\/\/kursy-udt.pl\/wp-content\/uploads\/2025\/03\/IMG_0025-2048x1536.jpg 2048w, https:\/\/kursy-udt.pl\/wp-content\/uploads\/2025\/03\/IMG_0025-16x12.jpg 16w, https:\/\/kursy-udt.pl\/wp-content\/uploads\/2025\/03\/IMG_0025-640x480.jpg 640w, https:\/\/kursy-udt.pl\/wp-content\/uploads\/2025\/03\/IMG_0025-624x468.jpg 624w\" sizes=\"auto, (max-width: 1024px) 100vw, 1024px\" \/><\/p>\n<p>Nach Bestehen der Pr\u00fcfung und des praktischen Teils wird dem Bewerber die TDT-Lizenz erteilt. Sie ist 10 Jahre lang g\u00fcltig und gilt f\u00fcr alle Arten von Plattformen, die auf Schienenfahrzeugen montiert sind.<\/p>\n<p>Mit einer TDT-Qualifikation k\u00f6nnen Sie eine Stelle bei Eisenbahnunternehmen antreten, die sich mit der Reparatur, der Wartung und dem Bau von Infrastruktur befassen. Fachleute in diesem Bereich werden auch von Unternehmen gesucht, die solche Arbeiten als Subunternehmer ausf\u00fchren.<\/p>\n<p><a href=\"https:\/\/kursy-udt.pl\/wp-content\/uploads\/2022\/12\/PODESTY-RUCHOME-kursy-udt.pl_.png\"><img loading=\"lazy\" decoding=\"async\" class=\"aligncenter wp-image-4531\" src=\"https:\/\/kursy-udt.pl\/wp-content\/uploads\/2022\/12\/PODESTY-RUCHOME-kursy-udt.pl_-300x188.png\" alt=\"\" width=\"750\" height=\"469\" srcset=\"https:\/\/kursy-udt.pl\/wp-content\/uploads\/2022\/12\/PODESTY-RUCHOME-kursy-udt.pl_-300x188.png 300w, https:\/\/kursy-udt.pl\/wp-content\/uploads\/2022\/12\/PODESTY-RUCHOME-kursy-udt.pl_-1024x640.png 1024w, https:\/\/kursy-udt.pl\/wp-content\/uploads\/2022\/12\/PODESTY-RUCHOME-kursy-udt.pl_-768x480.png 768w, https:\/\/kursy-udt.pl\/wp-content\/uploads\/2022\/12\/PODESTY-RUCHOME-kursy-udt.pl_-18x12.png 18w, https:\/\/kursy-udt.pl\/wp-content\/uploads\/2022\/12\/PODESTY-RUCHOME-kursy-udt.pl_-624x390.png 624w, https:\/\/kursy-udt.pl\/wp-content\/uploads\/2022\/12\/PODESTY-RUCHOME-kursy-udt.pl_.png 1200w\" sizes=\"auto, (max-width: 750px) 100vw, 750px\" \/><\/a><\/p>\n<p>&nbsp;<\/p>","protected":false},"excerpt":{"rendered":"<p>Podesty ruchome na pojazdach kolejowych s\u0105 zaliczane do urz\u0105dze\u0144 transportu bliskiego, obj\u0119tych dozorem technicznym. Do ich obs\u0142ugi konieczne jest posiadanie uprawnie\u0144 wydawanych przez Transportowy Urz\u0105d Techniczny. Oferowany przez nas kurs umo\u017cliwia zdobycie tych uprawnie\u0144. W ramach kursu odbywa si\u0119 przeprowadzany przez TDT egzamin, a zakres zagadnie\u0144 poruszanych podczas zaj\u0119\u0107 odpowiada tym wymaganym podczas egzaminu. Na zaj\u0119cia zapraszamy zar\u00f3wno specjalist\u00f3w pracuj\u0105cych ju\u017c w zawodzie operatora urz\u0105dze\u0144 transportu bliskiego, posiadaj\u0105cych uprawnienia na inne rodzaje podest\u00f3w, jak i osoby bez do\u015bwiadczenia zawodowego. Kurs na podesty ruchome kolejowe &#8211; obs\u0142uga Program kursu obejmuje nast\u0119puj\u0105ce zagadnienia: Budowa podest\u00f3w ruchomych na pojazdach kolejowych, ich rodzaje i przeznaczenie Zasady BHP obowi\u0105zuj\u0105ce przy obs\u0142udze tego typu urz\u0105dze\u0144 Stateczno\u015b\u0107 podest\u00f3w Czynno\u015b\u0107 przed w czasie i po zako\u0144czeniu pracy Zabezpieczenia elektryczne, mechaniczne i hydrauliczne Obowi\u0105zki operatora podest\u00f3w kolejowych w zakresie bezpiecze\u0144stwa Zapoznawanie si\u0119 z instrukcj\u0105 obs\u0142ugi i dokumentacj\u0105 techniczn\u0105 Przepisy ustawy o dozorze technicznym Uzupe\u0142nieniem cz\u0119\u015bci teoretycznej s\u0105 zaj\u0119cia praktyczne, w ramach kt\u00f3rych uczestnicy ucz\u0105 si\u0119 obs\u0142ugi podest\u00f3w w zakresie wymaganym na egzaminie. Czas trwania zaj\u0119\u0107 wynosi od 10 do 35 godzin, mo\u017ce zosta\u0107 skr\u00f3cony w przypadku os\u00f3b, kt\u00f3re pracowa\u0142y ju\u017c z tego typu podestami i potrzebuj\u0105 mniej czasu na zapoznanie si\u0119 z materia\u0142em. W kursie na podesty ruchome kolejowe i egzaminie UDT mog\u0105 wzi\u0105\u0107 udzia\u0142 osoby, kt\u00f3re: Posiadaj\u0105 co najmniej wykszta\u0142cenie podstawowe Maj\u0105 uko\u0144czone 18 lat O\u015bwiadczenie o braku przeciwwskaza\u0144 zdrowotnych Osoby, kt\u00f3re chcia\u0142yby zapisa\u0107 si\u0119 na szkolenie, zapraszamy na nasz\u0105 stron\u0119 www.platformaedukacji.pl. Znajd\u0105 tam Pa\u0144stwo szczeg\u00f3\u0142y na temat termin\u00f3w, lokalizacji, cen i inne. Rezerwacji dokonuje si\u0119 poprzez dodanie wybranego terminu do koszyka i [&hellip;]<\/p>\n","protected":false},"author":1,"featured_media":3541,"parent":2721,"menu_order":0,"comment_status":"closed","ping_status":"closed","template":"","meta":{"sfsi_plus_gutenberg_text_before_share":"","sfsi_plus_gutenberg_show_text_before_share":"","sfsi_plus_gutenberg_icon_type":"","sfsi_plus_gutenberg_icon_alignemt":"","sfsi_plus_gutenburg_max_per_row":"","footnotes":""},"class_list":["post-3536","page","type-page","status-publish","has-post-thumbnail","hentry","has_thumb"],"aioseo_notices":[],"_links":{"self":[{"href":"https:\/\/kursy-udt.pl\/de\/wp-json\/wp\/v2\/pages\/3536","targetHints":{"allow":["GET"]}}],"collection":[{"href":"https:\/\/kursy-udt.pl\/de\/wp-json\/wp\/v2\/pages"}],"about":[{"href":"https:\/\/kursy-udt.pl\/de\/wp-json\/wp\/v2\/types\/page"}],"author":[{"embeddable":true,"href":"https:\/\/kursy-udt.pl\/de\/wp-json\/wp\/v2\/users\/1"}],"replies":[{"embeddable":true,"href":"https:\/\/kursy-udt.pl\/de\/wp-json\/wp\/v2\/comments?post=3536"}],"version-history":[{"count":7,"href":"https:\/\/kursy-udt.pl\/de\/wp-json\/wp\/v2\/pages\/3536\/revisions"}],"predecessor-version":[{"id":6168,"href":"https:\/\/kursy-udt.pl\/de\/wp-json\/wp\/v2\/pages\/3536\/revisions\/6168"}],"up":[{"embeddable":true,"href":"https:\/\/kursy-udt.pl\/de\/wp-json\/wp\/v2\/pages\/2721"}],"wp:featuredmedia":[{"embeddable":true,"href":"https:\/\/kursy-udt.pl\/de\/wp-json\/wp\/v2\/media\/3541"}],"wp:attachment":[{"href":"https:\/\/kursy-udt.pl\/de\/wp-json\/wp\/v2\/media?parent=3536"}],"curies":[{"name":"wp","href":"https:\/\/api.w.org\/{rel}","templated":true}]}}