{"id":3532,"date":"2021-09-03T13:00:23","date_gmt":"2021-09-03T13:00:23","guid":{"rendered":"https:\/\/kursy-udt.pl\/?page_id=3532"},"modified":"2025-03-12T09:33:40","modified_gmt":"2025-03-12T08:33:40","slug":"mobile-instandhaltung-auf-der-schiene","status":"publish","type":"page","link":"https:\/\/kursy-udt.pl\/de\/szkolenia\/udt-wdt-tdt\/ruchome-na-kolejowych-konserwacja\/","title":{"rendered":"Kurs f\u00fcr mobile Plattformen auf Schienenfahrzeugen - Wartung"},"content":{"rendered":"<p><a href=\"https:\/\/kursy-udt.pl\/wp-content\/uploads\/2021\/09\/kursy-udt.pl-0025-6-OPUBLIKOWANY-v17-Copy.jpg\"><img loading=\"lazy\" decoding=\"async\" class=\"paddingleft10 alignleft wp-image-3544 size-medium\" src=\"https:\/\/kursy-udt.pl\/wp-content\/uploads\/2021\/09\/kursy-udt.pl-0025-6-OPUBLIKOWANY-v17-Copy-300x225.jpg\" alt=\"Mobile Plattformen auf Schienenfahrzeugen werden bei der Reparatur von Eisenbahninfrastrukturen eingesetzt \" width=\"300\" height=\"225\" srcset=\"https:\/\/kursy-udt.pl\/wp-content\/uploads\/2021\/09\/kursy-udt.pl-0025-6-OPUBLIKOWANY-v17-Copy-300x225.jpg 300w, https:\/\/kursy-udt.pl\/wp-content\/uploads\/2021\/09\/kursy-udt.pl-0025-6-OPUBLIKOWANY-v17-Copy-1024x768.jpg 1024w, https:\/\/kursy-udt.pl\/wp-content\/uploads\/2021\/09\/kursy-udt.pl-0025-6-OPUBLIKOWANY-v17-Copy-768x576.jpg 768w, https:\/\/kursy-udt.pl\/wp-content\/uploads\/2021\/09\/kursy-udt.pl-0025-6-OPUBLIKOWANY-v17-Copy-1536x1152.jpg 1536w, https:\/\/kursy-udt.pl\/wp-content\/uploads\/2021\/09\/kursy-udt.pl-0025-6-OPUBLIKOWANY-v17-Copy-640x480.jpg 640w, https:\/\/kursy-udt.pl\/wp-content\/uploads\/2021\/09\/kursy-udt.pl-0025-6-OPUBLIKOWANY-v17-Copy-624x468.jpg 624w, https:\/\/kursy-udt.pl\/wp-content\/uploads\/2021\/09\/kursy-udt.pl-0025-6-OPUBLIKOWANY-v17-Copy.jpg 2016w\" sizes=\"auto, (max-width: 300px) 100vw, 300px\" \/><\/a>Dies ist die Ausbildung, nach der Sie Folgendes erhalten k\u00f6nnen <a href=\"https:\/\/kursy-udt.pl\/de\/uprawnienia-udt\/kategorie-uprawnien-2\/\">Anrechte<\/a> Wartung, Reparatur und Inspektion von Plattformen, die auf Schienenfahrzeugen montiert sind. Der Kurs, der theoretisches Wissen mit praktischen F\u00e4higkeiten verbindet, wird mit einer Pr\u00fcfung durch den TDT abgeschlossen. Wer den Lehrgang absolviert und die Pr\u00fcfung bestanden hat, erh\u00e4lt ein f\u00fcnf Jahre lang g\u00fcltiges Zertifikat, das f\u00fcr Eisenbahnunternehmen und Unternehmen, die Reparaturarbeiten am Schienennetz durchf\u00fchren, vorgeschrieben ist.<\/p>\n<h2>Auf Schienenfahrzeugen montierte mobile Plattformen<\/h2>\n<p>Reparatur-, Wartungs- und Bauarbeiten an Eisenbahn- oder Stra\u00dfenbahninfrastrukturen erfordern den Einsatz von Spezialger\u00e4ten. Eine Art sind Bahnsteige - Aufz\u00fcge, die sich auf schienengebundenen Schienenfahrzeugen befinden. Sie werden vor allem f\u00fcr die Reparatur, Wartung und Inspektion von elektrischen Antrieben eingesetzt.<\/p>\n<p>Die Bahnsteige von Schienenfahrzeugen sind mit Arbeitsb\u00fchnen ausgestattet, auf denen die Arbeiter ihre Aufgaben erledigen k\u00f6nnen. Durch die Anbringung des Aufzugs auf einem Schienenfahrzeug kann die Ausr\u00fcstung problemlos weite Strecken zur\u00fccklegen und den Einsatzort schnell erreichen.<\/p>\n<h2>Berechtigung zur Instandhaltung von mobilen Plattformen, die auf Eisenbahnfahrzeugen montiert sind<\/h2>\n<p>Die Technische Aufsichtsbeh\u00f6rde f\u00fcr das Verkehrswesen ist f\u00fcr die Ausstellung von Qualifikationen f\u00fcr Bahnsteigw\u00e4rter auf Schienenfahrzeugen zust\u00e4ndig. Qualifizierte Betreuer verwenden einen Qualifikationsnachweis in Form einer Karte mit Foto. Die Bescheinigungen werden f\u00fcr 5 Jahre ausgestellt.<\/p>\n<p>Um einen Bef\u00e4higungsnachweis zu erhalten, m\u00fcssen Sie - gem\u00e4\u00df dem Gesetz \u00fcber die technische \u00dcberwachung - einen Instandhaltungskurs absolvieren und eine Pr\u00fcfung ablegen. Die Qualifikationspr\u00fcfung findet in unserem Zentrum oder an einem anderen Kursort statt, unter Beteiligung von TDT-Pr\u00fcfern. Die Termine unserer Schulungen sind auf die Pr\u00fcfungstermine abgestimmt, so dass die Auszubildenden nicht lange auf ihre Qualifikationspr\u00fcfung warten m\u00fcssen. Die TDT-Pr\u00fcfer \u00fcberpr\u00fcfen die Kenntnisse und F\u00e4higkeiten der Kandidaten anhand eines Wissenstests und einer m\u00fcndlichen Pr\u00fcfung der praktischen F\u00e4higkeiten.<\/p>\n<p><img loading=\"lazy\" decoding=\"async\" class=\"alignnone size-large wp-image-6164\" src=\"https:\/\/kursy-udt.pl\/wp-content\/uploads\/2025\/03\/IMG_0024-1024x768.jpg\" alt=\"\" width=\"1024\" height=\"768\" srcset=\"https:\/\/kursy-udt.pl\/wp-content\/uploads\/2025\/03\/IMG_0024-1024x768.jpg 1024w, https:\/\/kursy-udt.pl\/wp-content\/uploads\/2025\/03\/IMG_0024-300x225.jpg 300w, https:\/\/kursy-udt.pl\/wp-content\/uploads\/2025\/03\/IMG_0024-768x576.jpg 768w, https:\/\/kursy-udt.pl\/wp-content\/uploads\/2025\/03\/IMG_0024-1536x1152.jpg 1536w, https:\/\/kursy-udt.pl\/wp-content\/uploads\/2025\/03\/IMG_0024-2048x1536.jpg 2048w, https:\/\/kursy-udt.pl\/wp-content\/uploads\/2025\/03\/IMG_0024-16x12.jpg 16w, https:\/\/kursy-udt.pl\/wp-content\/uploads\/2025\/03\/IMG_0024-640x480.jpg 640w, https:\/\/kursy-udt.pl\/wp-content\/uploads\/2025\/03\/IMG_0024-624x468.jpg 624w\" sizes=\"auto, (max-width: 1024px) 100vw, 1024px\" \/><\/p>\n<h2>Kurs f\u00fcr mobile Plattformen auf Schienenfahrzeugen - Informationen<\/h2>\n<p>Im Rahmen der Schulung lernen die Teilnehmer die Konstruktion von Bahnsteigen auf Schienenfahrzeugen, ihre Typen, ihre Funktionsweise, die Ma\u00dfnahmen zur Gew\u00e4hrleistung der technischen Effizienz der Ausr\u00fcstung und die Beseitigung der h\u00e4ufigsten Fehler kennen. Sie erwerben auch Kenntnisse \u00fcber die Vorschriften der technischen \u00dcberwachung, die Grunds\u00e4tze der <a href=\"https:\/\/kursy-udt.pl\/de\/szkolenia\/bhp-bezpieczenstwo-pracy\/prawna-ochrona-pracy\/\">GESUNDHEIT UND SICHERHEIT<\/a>Wartung der Ger\u00e4te, F\u00fchren von Aufzeichnungen, Einarbeitung in die Betriebsanleitung. Das Kursprogramm ist auf die UDT-Pr\u00fcfungsanforderungen abgestimmt.<\/p>\n<p>Die Dauer des Kurses - der theoretische und der praktische Teil - liegt zwischen 32 und 96 Stunden, je nachdem, wie viel Zeit ein Teilnehmer f\u00fcr die Beherrschung der Instandhaltungskenntnisse ben\u00f6tigt. Die praktischen Einheiten werden individuell auf die Bed\u00fcrfnisse der Auszubildenden zugeschnitten.<\/p>\n<p>F\u00fcr die Teilnahme an einem Kurs zur Instandhaltung von Bahnsteigen auf Schienenfahrzeugen m\u00fcssen Sie:<\/p>\n<ul>\n<li>Mindestens 18 Jahre alt sein<\/li>\n<li>mindestens eine Grundausbildung haben<\/li>\n<li>ein \u00e4rztliches Attest vorlegen, das best\u00e4tigt, dass keine gesundheitlichen Hindernisse f\u00fcr die Aus\u00fcbung des Berufs vorliegen<\/li>\n<\/ul>\n<p>Alle Informationen zu den Unterrichtsterminen, dem Unterrichtsort und anderen organisatorischen Details finden Sie auf unserer Website <a href=\"https:\/\/platformaedukacji.pl\/sklep\/\">www.platformaedukacji.pl<\/a>. \u00dcber diese Website k\u00f6nnen Sie einen Platz in einem Schulungskurs Ihrer Wahl buchen. Wenn Sie nicht an einem Pr\u00e4senzkurs teilnehmen k\u00f6nnen oder wollen, k\u00f6nnen Sie sich f\u00fcr Online-Kurse anmelden (gilt nur f\u00fcr den theoretischen Teil).<\/p>\n<p><a href=\"https:\/\/kursy-udt.pl\/wp-content\/uploads\/2022\/12\/PODESTY-RUCHOME-kursy-udt.pl_.png\"><img loading=\"lazy\" decoding=\"async\" class=\"aligncenter wp-image-4531\" src=\"https:\/\/kursy-udt.pl\/wp-content\/uploads\/2022\/12\/PODESTY-RUCHOME-kursy-udt.pl_-300x188.png\" alt=\"\" width=\"750\" height=\"469\" srcset=\"https:\/\/kursy-udt.pl\/wp-content\/uploads\/2022\/12\/PODESTY-RUCHOME-kursy-udt.pl_-300x188.png 300w, https:\/\/kursy-udt.pl\/wp-content\/uploads\/2022\/12\/PODESTY-RUCHOME-kursy-udt.pl_-1024x640.png 1024w, https:\/\/kursy-udt.pl\/wp-content\/uploads\/2022\/12\/PODESTY-RUCHOME-kursy-udt.pl_-768x480.png 768w, https:\/\/kursy-udt.pl\/wp-content\/uploads\/2022\/12\/PODESTY-RUCHOME-kursy-udt.pl_-18x12.png 18w, https:\/\/kursy-udt.pl\/wp-content\/uploads\/2022\/12\/PODESTY-RUCHOME-kursy-udt.pl_-624x390.png 624w, https:\/\/kursy-udt.pl\/wp-content\/uploads\/2022\/12\/PODESTY-RUCHOME-kursy-udt.pl_.png 1200w\" sizes=\"auto, (max-width: 750px) 100vw, 750px\" \/><\/a><\/p>\n<p>&nbsp;<\/p>","protected":false},"excerpt":{"rendered":"<p>To szkolenie, po kt\u00f3rym mo\u017cna uzyska\u0107 uprawnienia do wykonywania konserwacji, napraw i przegl\u0105d\u00f3w podest\u00f3w montowanych na pojazdach kolejowych. Kurs, \u0142\u0105cz\u0105cy w sobie wiedz\u0119 teoretycznymi z umiej\u0119tno\u015bciami praktycznymi, jest zako\u0144czony egzaminem przeprowadzanym przez TDT. Osoby, kt\u00f3re wezm\u0105 udzia\u0142 w szkoleniu i zalicz\u0105 egzamin z wynikiem pozytywnym, otrzymuj\u0105 uprawnienia wa\u017cne 5 lat, wymagane w sp\u00f3\u0142kach kolejowych i firmach \u015bwiadcz\u0105cych us\u0142ugi naprawcze sieci kolejowej. Podesty ruchome montowane na pojazdach kolejowych Prace naprawcze, konserwatorskie i budowlane zwi\u0105zane z infrastruktur\u0105 kolejow\u0105 czy tramwajow\u0105 wymagaj\u0105 u\u017cywania specjalistycznego sprz\u0119tu. Jednym z rodzaj\u00f3w s\u0105 podesty &#8211; podno\u015bniki znajduj\u0105ce si\u0119 na pojazdach kolejowych poruszaj\u0105cych si\u0119 po szynach. S\u0105 one wykorzystywane g\u0142\u00f3wnie do napraw, konserwacji i przegl\u0105d\u00f3w trakcji elektrycznej. Podesty na pojazdach kolejowych s\u0105 wyposa\u017cone w platformy robocze, na kt\u00f3rych pracownicy mog\u0105 wykonywa\u0107 swoje zadania. Dzi\u0119ki umieszczeniu podno\u015bnika na poje\u017adzie kolejowym urz\u0105dzenie mo\u017ce \u0142atwo przemieszcza\u0107 si\u0119 na du\u017ce odleg\u0142o\u015bci, szybko docieraj\u0105c w miejsce prowadzenia prac. Uprawnienia do konserwacji podest\u00f3w ruchomych montowanych na pojazdach kolejowych Za wydawanie uprawnie\u0144 dla konserwator\u00f3w podest\u00f3w na pojazdach kolejowych odpowiada Transportowy Dozoru Techniczny. Konserwatorzy z uprawnieniami pos\u0142uguj\u0105 si\u0119 za\u015bwiadczeniem kwalifikacyjnym w postaci karty ze zdj\u0119ciem. Uprawnienia s\u0105 wydawane na 5 lat. Aby otrzyma\u0107 za\u015bwiadczenie kwalifikacyjne, nale\u017cy &#8211; zgodnie z ustaw\u0105 o dozorze technicznym &#8211; uko\u0144czy\u0107 kurs z zakresu konserwacji i zda\u0107 egzamin. Sprawdzenie kwalifikacji odbywa si\u0119 w naszym O\u015brodku lub innym miejscu prowadzenia kursu, z udzia\u0142em egzaminator\u00f3w TDT. Terminy naszych szkole\u0144 s\u0105 dostosowane do termin\u00f3w egzamin\u00f3w, dzi\u0119ki czemu kursanci nie musz\u0105 czeka\u0107 przez d\u0142ugi czas na sprawdzenie kwalifikacji. Inspektorzy UDT sprawdzaj\u0105 wiedz\u0119 i umiej\u0119tno\u015bci kandydat\u00f3w za pomoc\u0105 testu wiedzy oraz sprawdzianu [&hellip;]<\/p>\n","protected":false},"author":1,"featured_media":3544,"parent":2721,"menu_order":0,"comment_status":"closed","ping_status":"closed","template":"","meta":{"sfsi_plus_gutenberg_text_before_share":"","sfsi_plus_gutenberg_show_text_before_share":"","sfsi_plus_gutenberg_icon_type":"","sfsi_plus_gutenberg_icon_alignemt":"","sfsi_plus_gutenburg_max_per_row":"","footnotes":""},"class_list":["post-3532","page","type-page","status-publish","has-post-thumbnail","hentry","has_thumb"],"aioseo_notices":[],"_links":{"self":[{"href":"https:\/\/kursy-udt.pl\/de\/wp-json\/wp\/v2\/pages\/3532","targetHints":{"allow":["GET"]}}],"collection":[{"href":"https:\/\/kursy-udt.pl\/de\/wp-json\/wp\/v2\/pages"}],"about":[{"href":"https:\/\/kursy-udt.pl\/de\/wp-json\/wp\/v2\/types\/page"}],"author":[{"embeddable":true,"href":"https:\/\/kursy-udt.pl\/de\/wp-json\/wp\/v2\/users\/1"}],"replies":[{"embeddable":true,"href":"https:\/\/kursy-udt.pl\/de\/wp-json\/wp\/v2\/comments?post=3532"}],"version-history":[{"count":6,"href":"https:\/\/kursy-udt.pl\/de\/wp-json\/wp\/v2\/pages\/3532\/revisions"}],"predecessor-version":[{"id":6165,"href":"https:\/\/kursy-udt.pl\/de\/wp-json\/wp\/v2\/pages\/3532\/revisions\/6165"}],"up":[{"embeddable":true,"href":"https:\/\/kursy-udt.pl\/de\/wp-json\/wp\/v2\/pages\/2721"}],"wp:featuredmedia":[{"embeddable":true,"href":"https:\/\/kursy-udt.pl\/de\/wp-json\/wp\/v2\/media\/3544"}],"wp:attachment":[{"href":"https:\/\/kursy-udt.pl\/de\/wp-json\/wp\/v2\/media?parent=3532"}],"curies":[{"name":"wp","href":"https:\/\/api.w.org\/{rel}","templated":true}]}}