{"id":3528,"date":"2021-09-03T12:26:43","date_gmt":"2021-09-03T12:26:43","guid":{"rendered":"https:\/\/kursy-udt.pl\/?page_id=3528"},"modified":"2022-12-16T09:06:18","modified_gmt":"2022-12-16T09:06:18","slug":"stationare-mastgefuhrte-hubarbeitsbuhnen-wartung","status":"publish","type":"page","link":"https:\/\/kursy-udt.pl\/de\/szkolenia\/udt-wdt-tdt\/podesty-ruchome-stacjonarne-masztowe-konserwacja\/","title":{"rendered":"Kurs \u00fcber station\u00e4re und mastgef\u00fchrte Hubarbeitsb\u00fchnen - Wartung"},"content":{"rendered":"<p>Der Kurs ist eine Vorbereitung auf die Erlangung der Zertifizierung als Bediener von Umschlagger\u00e4ten. Sie betrifft mobile Plattformen der Kategorie \"KP\". - mast und station\u00e4r. Mit <a href=\"https:\/\/kursy-udt.pl\/de\/uprawnienia-udt\/kategorie-uprawnien-2\/\">UDT-Anspr\u00fcche<\/a> in diesem Bereich k\u00f6nnen Sie Reparaturen, Wartungsarbeiten und vorgeschriebene \u00dcberpr\u00fcfungen an diesem Ger\u00e4t nach den Anweisungen des Herstellers selbst durchf\u00fchren. UDT-zertifizierte Wartungstechniker sind gefragte Spezialisten, die unter anderem in Bauunternehmen, Transportunternehmen, Reparaturbetrieben und Lagerh\u00e4usern arbeiten.<\/p>\n<p><a href=\"https:\/\/kursy-udt.pl\/wp-content\/uploads\/2022\/10\/2.jpeg\"><img loading=\"lazy\" decoding=\"async\" class=\"aligncenter wp-image-4445\" src=\"https:\/\/kursy-udt.pl\/wp-content\/uploads\/2022\/10\/2-300x200.jpeg\" alt=\"\" width=\"750\" height=\"500\" srcset=\"https:\/\/kursy-udt.pl\/wp-content\/uploads\/2022\/10\/2-300x200.jpeg 300w, https:\/\/kursy-udt.pl\/wp-content\/uploads\/2022\/10\/2-1024x683.jpeg 1024w, https:\/\/kursy-udt.pl\/wp-content\/uploads\/2022\/10\/2-768x512.jpeg 768w, https:\/\/kursy-udt.pl\/wp-content\/uploads\/2022\/10\/2-1536x1024.jpeg 1536w, https:\/\/kursy-udt.pl\/wp-content\/uploads\/2022\/10\/2-18x12.jpeg 18w, https:\/\/kursy-udt.pl\/wp-content\/uploads\/2022\/10\/2-624x416.jpeg 624w, https:\/\/kursy-udt.pl\/wp-content\/uploads\/2022\/10\/2.jpeg 1600w\" sizes=\"auto, (max-width: 750px) 100vw, 750px\" \/><\/a><\/p>\n<h2>Details des Mastes und des festen Plattformverlaufs<\/h2>\n<p>Das Ausbildungsprogramm ist so konzipiert, dass ein Maximum an theoretischem und praktischem Wissen vermittelt wird. Ein integraler Bestandteil ist der praktische Unterricht, in dem die Ausbilder den Auszubildenden beibringen, wie sie die Ger\u00e4te nach ihren individuellen Bed\u00fcrfnissen warten k\u00f6nnen.<\/p>\n<p>Die Teilnehmer erhalten zwischen 38 und 96 Unterrichtsstunden, in denen sie in die Themen eingef\u00fchrt werden, die zum Bestehen der staatlichen Pr\u00fcfung erforderlich sind. Die Informationen umfassen unter anderem den Aufbau von station\u00e4ren und Mastb\u00fchnen, ihre Funktionsweise, Methoden zur Behebung der h\u00e4ufigsten Fehler, die Reinigung von B\u00fchnen, die Verwendung von Anweisungen und technischen Unterlagen. Sie lernen auch die Pflichten des Instandhalters gem\u00e4\u00df den Vorschriften kennen. <a href=\"https:\/\/kursy-udt.pl\/de\/szkolenia\/bhp-bezpieczenstwo-pracy\/prawna-ochrona-pracy\/\">GESUNDHEIT UND SICHERHEIT<\/a> und das Gesetz \u00fcber die technische \u00dcberwachung.<\/p>\n<p>Praktische Informationen:<\/p>\n<ul>\n<li>Wann beginnt der Unterricht: Der aktuelle Stundenplan ist ver\u00f6ffentlicht unter <a href=\"https:\/\/platformaedukacji.pl\/sklep\/\">www.platformaedukacji.pl<\/a>.<\/li>\n<li>Wo finden die Kurse statt: Die Vorlesungen finden am Hauptsitz des Zentrums in Warschau oder in einer seiner Niederlassungen in ganz Polen statt. Die Teilnehmer k\u00f6nnen auch die vom Zentrum zur Verf\u00fcgung gestellten Man\u00f6vrierfl\u00e4chen nutzen.<\/li>\n<li>Wer kann teilnehmen: Die Kurse richten sich an Personen, die mindestens 18 Jahre alt sind, \u00fcber eine Grundausbildung verf\u00fcgen und in einem Gesundheitszustand sind, der es ihnen erlaubt, in diesem Beruf zu arbeiten.<\/li>\n<li>Anmeldung zu den Kursen: Die Buchung eines Platzes in einem Kurs Ihrer Wahl k\u00f6nnen Sie unter www.platformaedukacji.pl vornehmen.<\/li>\n<li>Schulungen f\u00fcr Unternehmen: Auf Wunsch organisieren wir einen UDT-Wartungskurs f\u00fcr Unternehmensmitarbeiter. <a href=\"https:\/\/kursy-udt.pl\/de\/kontakt\/\">Bitte kontaktieren Sie<\/a> Telefon oder E-Mail f\u00fcr Einzelheiten.<\/li>\n<\/ul>\n<h2>UDT-Pr\u00fcfung und -Zertifizierung<\/h2>\n<p><a href=\"https:\/\/kursy-udt.pl\/wp-content\/uploads\/2022\/10\/1.jpeg\"><img loading=\"lazy\" decoding=\"async\" class=\"size-medium wp-image-4444 alignright\" src=\"https:\/\/kursy-udt.pl\/wp-content\/uploads\/2022\/10\/1-300x169.jpeg\" alt=\"\" width=\"300\" height=\"169\" srcset=\"https:\/\/kursy-udt.pl\/wp-content\/uploads\/2022\/10\/1-300x169.jpeg 300w, https:\/\/kursy-udt.pl\/wp-content\/uploads\/2022\/10\/1-1024x576.jpeg 1024w, https:\/\/kursy-udt.pl\/wp-content\/uploads\/2022\/10\/1-768x432.jpeg 768w, https:\/\/kursy-udt.pl\/wp-content\/uploads\/2022\/10\/1-1536x864.jpeg 1536w, https:\/\/kursy-udt.pl\/wp-content\/uploads\/2022\/10\/1-18x10.jpeg 18w, https:\/\/kursy-udt.pl\/wp-content\/uploads\/2022\/10\/1-624x351.jpeg 624w, https:\/\/kursy-udt.pl\/wp-content\/uploads\/2022\/10\/1.jpeg 1600w\" sizes=\"auto, (max-width: 300px) 100vw, 300px\" \/><\/a><a href=\"https:\/\/kursy-udt.pl\/de\/szkolenia\/podesty-ruchome\/\">Kurs f\u00fcr mobile Plattformen<\/a> und Mast wird durch eine von der Technischen Verkehrsbeh\u00f6rde durchgef\u00fchrte Pr\u00fcfung abgeschlossen. Die Teilnehmer brauchen sich nicht zur Pr\u00fcfung anzumelden - wir \u00fcbernehmen dies f\u00fcr sie und k\u00fcmmern uns auch um andere organisatorische Fragen. Die Pr\u00fcfung findet zu einem Termin statt, der in der N\u00e4he des Ausbildungstermins liegt. Sie besteht aus einem theoretischen und einem praktischen Teil, in dem Sie Ihre Kenntnisse \u00fcber die Konstruktion der Ger\u00e4te, die Vorschriften sowie die F\u00e4higkeit zur Durchf\u00fchrung von Reparatur- und Wartungsarbeiten nachweisen m\u00fcssen.<\/p>\n<p>UDT-Unterhaltsqualifikationen werden f\u00fcr f\u00fcnf Jahre erteilt. Sie haben die Form einer Plastikkarte, die bei der Aufnahme einer beruflichen T\u00e4tigkeit und auch bei der Erbringung von Dienstleistungen als Unternehmen zu verwenden ist.<\/p>\n<p>Wartungstechniker f\u00fcr Flurf\u00f6rderzeuge k\u00f6nnen selbst\u00e4ndig oder angestellt sein und f\u00fchren die vorgeschriebenen technischen Inspektionen durch, f\u00fchren Aufzeichnungen \u00fcber die Ger\u00e4te und k\u00fcmmern sich um die laufende Fehlerbehebung.<\/p>\n<p><a href=\"https:\/\/kursy-udt.pl\/wp-content\/uploads\/2022\/12\/PODESTY-RUCHOME-kursy-udt.pl_.png\"><img loading=\"lazy\" decoding=\"async\" class=\"aligncenter wp-image-4531\" src=\"https:\/\/kursy-udt.pl\/wp-content\/uploads\/2022\/12\/PODESTY-RUCHOME-kursy-udt.pl_-300x188.png\" alt=\"\" width=\"750\" height=\"469\" srcset=\"https:\/\/kursy-udt.pl\/wp-content\/uploads\/2022\/12\/PODESTY-RUCHOME-kursy-udt.pl_-300x188.png 300w, https:\/\/kursy-udt.pl\/wp-content\/uploads\/2022\/12\/PODESTY-RUCHOME-kursy-udt.pl_-1024x640.png 1024w, https:\/\/kursy-udt.pl\/wp-content\/uploads\/2022\/12\/PODESTY-RUCHOME-kursy-udt.pl_-768x480.png 768w, https:\/\/kursy-udt.pl\/wp-content\/uploads\/2022\/12\/PODESTY-RUCHOME-kursy-udt.pl_-18x12.png 18w, https:\/\/kursy-udt.pl\/wp-content\/uploads\/2022\/12\/PODESTY-RUCHOME-kursy-udt.pl_-624x390.png 624w, https:\/\/kursy-udt.pl\/wp-content\/uploads\/2022\/12\/PODESTY-RUCHOME-kursy-udt.pl_.png 1200w\" sizes=\"auto, (max-width: 750px) 100vw, 750px\" \/><\/a><\/p>","protected":false},"excerpt":{"rendered":"<p>Kurs to przygotowanie do zdobycia uprawnie\u0144 w zawodzie konserwatora urz\u0105dze\u0144 transportu bliskiego. Dotyczy podest\u00f3w ruchomych z kategorii \u201eKP\u201d \u2013 masztowych i stacjonarnych. Posiadaj\u0105c uprawnienia UDT w tym zakresie, mo\u017cna samodzielnie zgodnie z instrukcj\u0105 producenta dokonywa\u0107 napraw, prac konserwacyjnych, a tak\u017ce obowi\u0105zkowych przegl\u0105d\u00f3w tych urz\u0105dze\u0144. Konserwatorzy z uprawnieniami UDT to specjali\u015bci poszukiwani do pracy mi\u0119dzy innymi w firmach budowlanych, transportowych, remontowych, w magazynach. Szczeg\u00f3\u0142owe informacje na temat kursu na podesty masztowe i stacjonarne Program szkolenia jest u\u0142o\u017cony tak, aby przekazywa\u0107 maksimum wiedzy teoretycznej i praktycznej. Integraln\u0105 jego cz\u0119\u015bci\u0105 s\u0105 zaj\u0119cia praktyczne, podczas kt\u00f3rych instruktorzy ucz\u0105 kursant\u00f3w konserwacji urz\u0105dze\u0144 zgodnie z indywidualnymi potrzebami. Uczestnicy maj\u0105 do dyspozycji od 38 do 96 godzin zaj\u0119\u0107, w czasie kt\u00f3rych zapoznaj\u0105 si\u0119 z zagadnieniami niezb\u0119dnymi do zaliczenia egzaminu pa\u0144stwowego. Informacje te dotycz\u0105 mi\u0119dzy innymi budowy podest\u00f3w stacjonarnych i masztowych, sposobu ich dzia\u0142ania, metod usuwania najpopularniejszych usterek, czyszczenia podest\u00f3w, pos\u0142ugiwania si\u0119 instrukcjami i dokumentacj\u0105 techniczn\u0105. Poznaj\u0105 r\u00f3wnie\u017c obowi\u0105zki konserwatora wynikaj\u0105ce z przepis\u00f3w BHP i ustawy o dozorze technicznym. Informacje praktyczne: Kiedy rozpoczynaj\u0105 si\u0119 zaj\u0119cia: aktualny harmonogram jest opublikowany na stronie www.platformaedukacji.pl. Gdzie odbywaj\u0105 si\u0119 zaj\u0119cia: wyk\u0142ady odbywaj\u0105 si\u0119 w siedzibie O\u015brodka w Warszawie lub w jednym z oddzia\u0142\u00f3w na terenie ca\u0142ej Polski. Do dyspozycji uczestnik\u00f3w s\u0105 tak\u017ce place manewrowe ze sprz\u0119tem udost\u0119pnianym przez O\u015brodek. Kto mo\u017ce uczestniczy\u0107: kursy s\u0105 przeznaczone dla os\u00f3b, kt\u00f3re maj\u0105 uko\u0144czone 18 lat, co najmniej podstawowe wykszta\u0142cenie oraz stan zdrowia, kt\u00f3ry pozwala na prac\u0119 w zawodzie. Jak zapisa\u0107 si\u0119 na zaj\u0119cia: rezerwacji miejsca na wybranym kursie mo\u017cna dokona\u0107 na stronie www.platformaedukacji.pl. Szkolenia dla firm: na \u017cyczenie klient\u00f3w biznesowych [&hellip;]<\/p>\n","protected":false},"author":1,"featured_media":4445,"parent":2721,"menu_order":0,"comment_status":"closed","ping_status":"closed","template":"","meta":{"sfsi_plus_gutenberg_text_before_share":"","sfsi_plus_gutenberg_show_text_before_share":"","sfsi_plus_gutenberg_icon_type":"","sfsi_plus_gutenberg_icon_alignemt":"","sfsi_plus_gutenburg_max_per_row":"","footnotes":""},"class_list":["post-3528","page","type-page","status-publish","has-post-thumbnail","hentry","has_thumb"],"aioseo_notices":[],"_links":{"self":[{"href":"https:\/\/kursy-udt.pl\/de\/wp-json\/wp\/v2\/pages\/3528","targetHints":{"allow":["GET"]}}],"collection":[{"href":"https:\/\/kursy-udt.pl\/de\/wp-json\/wp\/v2\/pages"}],"about":[{"href":"https:\/\/kursy-udt.pl\/de\/wp-json\/wp\/v2\/types\/page"}],"author":[{"embeddable":true,"href":"https:\/\/kursy-udt.pl\/de\/wp-json\/wp\/v2\/users\/1"}],"replies":[{"embeddable":true,"href":"https:\/\/kursy-udt.pl\/de\/wp-json\/wp\/v2\/comments?post=3528"}],"version-history":[{"count":4,"href":"https:\/\/kursy-udt.pl\/de\/wp-json\/wp\/v2\/pages\/3528\/revisions"}],"predecessor-version":[{"id":4578,"href":"https:\/\/kursy-udt.pl\/de\/wp-json\/wp\/v2\/pages\/3528\/revisions\/4578"}],"up":[{"embeddable":true,"href":"https:\/\/kursy-udt.pl\/de\/wp-json\/wp\/v2\/pages\/2721"}],"wp:featuredmedia":[{"embeddable":true,"href":"https:\/\/kursy-udt.pl\/de\/wp-json\/wp\/v2\/media\/4445"}],"wp:attachment":[{"href":"https:\/\/kursy-udt.pl\/de\/wp-json\/wp\/v2\/media?parent=3528"}],"curies":[{"name":"wp","href":"https:\/\/api.w.org\/{rel}","templated":true}]}}