{"id":3521,"date":"2021-09-03T11:15:31","date_gmt":"2021-09-03T11:15:31","guid":{"rendered":"https:\/\/kursy-udt.pl\/?page_id=3521"},"modified":"2023-01-04T09:17:34","modified_gmt":"2023-01-04T09:17:34","slug":"ladeflachen","status":"publish","type":"page","link":"https:\/\/kursy-udt.pl\/de\/szkolenia\/udt-wdt-tdt\/podesty-zaladowcze\/","title":{"rendered":"Kurs \u00fcber Ladefl\u00e4chen - Zertifizierung f\u00fcr Instandhalter"},"content":{"rendered":"<p><a href=\"https:\/\/kursy-udt.pl\/wp-content\/uploads\/2021\/09\/kursy-udt.pl-0023-OPUBLIKOWANY-v13-Copy-scaled.jpg\"><img loading=\"lazy\" decoding=\"async\" class=\"paddingleft10 alignleft wp-image-3537 size-medium\" src=\"https:\/\/kursy-udt.pl\/wp-content\/uploads\/2021\/09\/kursy-udt.pl-0023-OPUBLIKOWANY-v13-Copy-300x200.jpg\" alt=\" Mobile Ladeplattformen befinden sich auf LKW-Anh\u00e4ngern und werden f\u00fcr den Transport von G\u00fctern verwendet. \" width=\"300\" height=\"200\" srcset=\"https:\/\/kursy-udt.pl\/wp-content\/uploads\/2021\/09\/kursy-udt.pl-0023-OPUBLIKOWANY-v13-Copy-300x200.jpg 300w, https:\/\/kursy-udt.pl\/wp-content\/uploads\/2021\/09\/kursy-udt.pl-0023-OPUBLIKOWANY-v13-Copy-1024x683.jpg 1024w, https:\/\/kursy-udt.pl\/wp-content\/uploads\/2021\/09\/kursy-udt.pl-0023-OPUBLIKOWANY-v13-Copy-768x512.jpg 768w, https:\/\/kursy-udt.pl\/wp-content\/uploads\/2021\/09\/kursy-udt.pl-0023-OPUBLIKOWANY-v13-Copy-1536x1024.jpg 1536w, https:\/\/kursy-udt.pl\/wp-content\/uploads\/2021\/09\/kursy-udt.pl-0023-OPUBLIKOWANY-v13-Copy-2048x1365.jpg 2048w, https:\/\/kursy-udt.pl\/wp-content\/uploads\/2021\/09\/kursy-udt.pl-0023-OPUBLIKOWANY-v13-Copy-624x416.jpg 624w\" sizes=\"auto, (max-width: 300px) 100vw, 300px\" \/><\/a>Mobile Ladeplattformen (auch Selbstentladungsplattformen genannt) sind Ger\u00e4te, die zum Heben und Senken von G\u00fctern auf Lkw-Anh\u00e4ngern verwendet werden. Sie sind mit hydraulischen Komponenten ausgestattet und fungieren als eine Art Aufzug. Sie erleichtern das Be- und Entladen von Waren mit Gabelstaplern in Lagerh\u00e4usern, Gesch\u00e4ften, Fabriken oder auf Baustellen. Damit Ladeplattformen f\u00fcr den Einsatz zugelassen werden k\u00f6nnen, m\u00fcssen sie regelm\u00e4\u00dfig Pr\u00fcfungen und Inspektionen unterzogen werden. Diese werden von qualifizierten, UDT-zertifizierten Technikern durchgef\u00fchrt.<\/p>\n<p>Unser Kurs richtet sich an Personen, die diese Kenntnisse erwerben m\u00f6chten. <a href=\"https:\/\/kursy-udt.pl\/de\/uprawnienia-udt\/kategorie-uprawnien-2\/\">Anrechte<\/a>. Wir empfehlen ihn sowohl Personen, die bereits als Wartungspersonal mit mobilen Plattformen arbeiten, als auch solchen, die keine Erfahrung in diesem Beruf haben. Durch die Teilnahme an den Kursen und das Bestehen der staatlichen UDT-Pr\u00fcfung erh\u00e4lt jeder Auszubildende ein Zertifikat f\u00fcr die Reparatur und Wartung von Ladeplattformen, einschlie\u00dflich der Personenbef\u00f6rderung, mit einer G\u00fcltigkeit von 5 Jahren.<\/p>\n<h2>Verlauf der Ausbildung<\/h2>\n<p>Der Lehrgang zur Instandhaltung von Umschlagger\u00e4ten - Ladeplattformen besteht aus einem Vortrag und einem praktischen Teil. Die Gesamtdauer liegt zwischen 32 und 96 Stunden. Die Diskrepanz ergibt sich aus der Tatsache, dass die f\u00fcr die Qualifizierung erforderliche Zeit f\u00fcr Personen mit Erfahrung verk\u00fcrzt werden kann.<\/p>\n<p>Das Kursprogramm wurde mit dem Amt f\u00fcr technische \u00dcberwachung abgestimmt und umfasst Themen wie:<\/p>\n<ul>\n<li>Allgemeine Informationen \u00fcber die technischen \u00dcberwachungsvorschriften<\/li>\n<li>Konstruktion und Funktionsweise der Trichterseiten<\/li>\n<li>Elektrischer Teil<\/li>\n<li>Mechanischer Teil, einschlie\u00dflich Hydraulik<\/li>\n<li>Sich mit den Anweisungen und der technischen Dokumentation des Ger\u00e4ts vertraut machen<\/li>\n<li>Verordnungen <a href=\"https:\/\/kursy-udt.pl\/de\/szkolenia\/bhp-bezpieczenstwo-pracy\/prawna-ochrona-pracy\/\">GESUNDHEIT UND SICHERHEIT<\/a> f\u00fcr die Instandhaltung von Plattformen<\/li>\n<li>Aufgaben und Befugnisse des Vormundes<\/li>\n<li>Grunds\u00e4tze des Betriebs und der Wartung von Ger\u00e4ten<\/li>\n<li>Die h\u00e4ufigsten Defekte an Trichterw\u00e4nden und wie sie repariert werden k\u00f6nnen<\/li>\n<\/ul>\n<p>Der theoretische Teil - die Vorlesungen - kann auch online gehalten werden. Das Zentrum f\u00fchrt die Vorlesungen in Form von Webinaren durch, die in Echtzeit stattfinden. Der praktische Teil - \u00dcbungen mit der Ausr\u00fcstung - muss station\u00e4r stattfinden, entweder in den R\u00e4umlichkeiten des Zentrums oder in einer Zweigstelle.<\/p>\n<h2>Pr\u00fcfung der UDT-Instandhaltungslizenz<\/h2>\n<p>Um eine Lizenz f\u00fcr die Wartung von Handhabungsger\u00e4ten zu erhalten, muss der Kursteilnehmer eine Pr\u00fcfung ablegen. Das Zentrum organisiert die Pr\u00fcfung f\u00fcr die Teilnehmer umfassend, einschlie\u00dflich der Bereitstellung einer p\u00e4dagogischen und technischen Basis. Die UDT-Pr\u00fcfer sind f\u00fcr die Durchf\u00fchrung der Qualifikationspr\u00fcfung verantwortlich.<\/p>\n<p>Die Auszubildenden werden \u00fcber den Termin der Pr\u00fcfung informiert. Bei der Planung des Ausbildungsablaufs versuchen wir, die Wartezeit f\u00fcr die Eignungspr\u00fcfung so kurz wie m\u00f6glich zu halten. Die Pr\u00fcfungen finden am Ausbildungsort statt.<\/p>\n<p>Die UDT-Inspektoren \u00fcberpr\u00fcfen die theoretische Vorbereitung der Kandidaten durch einen Wissenstest und eine m\u00fcndliche Pr\u00fcfung mit dem betreffenden Ger\u00e4t.<\/p>\n<p>Bei erfolgreicher Pr\u00fcfung erh\u00e4lt der Pr\u00fcfling f\u00fcr die Instandhaltung von Ger\u00e4ten unter technischer Aufsicht einen Bef\u00e4higungsnachweis in Form einer Plastikkarte. Dieser ist landesweit g\u00fcltig und wird f\u00fcr die Aufnahme einer Besch\u00e4ftigung ben\u00f6tigt.<a href=\"https:\/\/kursy-udt.pl\/wp-content\/uploads\/2021\/09\/kursy-udt.pl-0023-OPUBLIKOWANY-v14-Copy.jpg\"><img loading=\"lazy\" decoding=\"async\" class=\"alignnone size-large wp-image-3539\" src=\"https:\/\/kursy-udt.pl\/wp-content\/uploads\/2021\/09\/kursy-udt.pl-0023-OPUBLIKOWANY-v14-Copy-1024x768.jpg\" alt=\"Selbstkippende Bordwand - die Plattform kann Teil eines LKWs sein \" width=\"1024\" height=\"768\" srcset=\"https:\/\/kursy-udt.pl\/wp-content\/uploads\/2021\/09\/kursy-udt.pl-0023-OPUBLIKOWANY-v14-Copy-1024x768.jpg 1024w, https:\/\/kursy-udt.pl\/wp-content\/uploads\/2021\/09\/kursy-udt.pl-0023-OPUBLIKOWANY-v14-Copy-300x225.jpg 300w, https:\/\/kursy-udt.pl\/wp-content\/uploads\/2021\/09\/kursy-udt.pl-0023-OPUBLIKOWANY-v14-Copy-768x576.jpg 768w, https:\/\/kursy-udt.pl\/wp-content\/uploads\/2021\/09\/kursy-udt.pl-0023-OPUBLIKOWANY-v14-Copy-640x480.jpg 640w, https:\/\/kursy-udt.pl\/wp-content\/uploads\/2021\/09\/kursy-udt.pl-0023-OPUBLIKOWANY-v14-Copy-624x468.jpg 624w, https:\/\/kursy-udt.pl\/wp-content\/uploads\/2021\/09\/kursy-udt.pl-0023-OPUBLIKOWANY-v14-Copy.jpg 1200w\" sizes=\"auto, (max-width: 1024px) 100vw, 1024px\" \/><\/a><\/p>\n<h2>Kurs \u00fcber Fahrgast- und Ladefl\u00e4chen - Details<\/h2>\n<h3>Aufzeichnungen<\/h3>\n<p>Reservierungen f\u00fcr einen Platz in der ausgew\u00e4hlten Schulung k\u00f6nnen vorgenommen werden \u00fcber <a href=\"https:\/\/platformaedukacji.pl\/sklep\/\">www.platformaedukacji.pl<\/a>. Der Platz ist reserviert, sobald die Zahlung \u00fcber Przelewy24.pl erfolgt ist.<\/p>\n<h3>Datum und Ort des Unterrichts<\/h3>\n<p>Der Unterricht findet regelm\u00e4\u00dfig an verschiedenen Orten statt, unter anderem in Warschau, Schlesien, Wroc\u0142aw, Krakau und anderen Gro\u00dfst\u00e4dten. Die aktuellen Termine finden Sie unter <a href=\"https:\/\/platformaedukacji.pl\/sklep\/\">www.platformaedukacji.pl<\/a>.<\/p>\n<h3>Anforderungen an die Teilnehmer<\/h3>\n<p>F\u00fcr die Teilnahme m\u00fcssen folgende Bedingungen erf\u00fcllt sein: Alter ab 18 Jahren, mindestens Grundschulabschluss, keine gesundheitlichen Gegenanzeigen.<\/p>\n<p>Weitere Informationen \u00fcber unsere Kurse finden Sie auf der Website z <a href=\"https:\/\/kursy-udt.pl\/de\/faq\/\">h\u00e4ufig gestellte Fragen<\/a>.<\/p>\n<p><a href=\"https:\/\/kursy-udt.pl\/wp-content\/uploads\/2023\/01\/podesty-zaladowcze-kursy-udt.pl_.png\"><img loading=\"lazy\" decoding=\"async\" class=\"aligncenter wp-image-4588\" src=\"https:\/\/kursy-udt.pl\/wp-content\/uploads\/2023\/01\/podesty-zaladowcze-kursy-udt.pl_-300x188.png\" alt=\"\" width=\"750\" height=\"469\" srcset=\"https:\/\/kursy-udt.pl\/wp-content\/uploads\/2023\/01\/podesty-zaladowcze-kursy-udt.pl_-300x188.png 300w, https:\/\/kursy-udt.pl\/wp-content\/uploads\/2023\/01\/podesty-zaladowcze-kursy-udt.pl_-1024x640.png 1024w, https:\/\/kursy-udt.pl\/wp-content\/uploads\/2023\/01\/podesty-zaladowcze-kursy-udt.pl_-768x480.png 768w, https:\/\/kursy-udt.pl\/wp-content\/uploads\/2023\/01\/podesty-zaladowcze-kursy-udt.pl_-18x12.png 18w, https:\/\/kursy-udt.pl\/wp-content\/uploads\/2023\/01\/podesty-zaladowcze-kursy-udt.pl_-624x390.png 624w, https:\/\/kursy-udt.pl\/wp-content\/uploads\/2023\/01\/podesty-zaladowcze-kursy-udt.pl_.png 1200w\" sizes=\"auto, (max-width: 750px) 100vw, 750px\" \/><\/a><\/p>\n<p>&nbsp;<\/p>","protected":false},"excerpt":{"rendered":"<p>Podesty ruchome za\u0142adowcze (zwane r\u00f3wnie\u017c burtami samowy\u0142adowczymi) to urz\u0105dzenia, kt\u00f3re s\u0142u\u017c\u0105 do podnoszenia i opuszczania towar\u00f3w na przyczepach samochodowych. S\u0105 wyposa\u017cone w elementy hydrauliczne i dzia\u0142aj\u0105 jak swego rodzaju winda. U\u0142atwiaj\u0105 \u0142adowanie i odbi\u00f3r towar\u00f3w za pomoc\u0105 w\u00f3zk\u00f3w wid\u0142owych w magazynach, sklepach, fabrykach czy na budowach. Aby podesty za\u0142adowcze by\u0142y dopuszczone do u\u017cytkowania, musz\u0105 regularnie przechodzi\u0107 badania i przegl\u0105dy. Ich wykonywaniem zajmuj\u0105 si\u0119 wykwalifikowani konserwatorzy z uprawnieniami UDT. Nasz kurs jest przeznaczony dla os\u00f3b, kt\u00f3re chc\u0105 zdoby\u0107 takie uprawnienia. Polecamy go zar\u00f3wno osobom, kt\u00f3re pracuj\u0105 ju\u017c z podestami ruchomymi jako konserwatorzy, jak i tym, kt\u00f3re nie maj\u0105 do\u015bwiadczenia w zawodzie. Uczestnicz\u0105c w zaj\u0119ciach i zaliczaj\u0105c egzamin pa\u0144stwowy UDT, ka\u017cdy kursant otrzymuje uprawnienia do napraw i konserwacji podest\u00f3w za\u0142adowczych, w tym do transportu os\u00f3b, wa\u017cne przez 5 lat. Przebieg szkolenia Szkolenie z konserwacji urz\u0105dze\u0144 transportu bliskiego &#8211; podest\u00f3w za\u0142adowczych sk\u0142ada si\u0119 z cz\u0119\u015bci wyk\u0142adowej oraz praktycznej. \u0141\u0105czny czas trwania to od 32 to 96 godzin. Rozbie\u017cno\u015b\u0107 ta wynika z faktu, \u017ce w przypadku os\u00f3b z do\u015bwiadczeniem czas potrzebny na zdobycie kwalifikacji mo\u017ce zosta\u0107 skr\u00f3cony. Program zaj\u0119\u0107 zosta\u0142 uzgodniony z Urz\u0119dem Dozoru Technicznego i obejmuje mi\u0119dzy innymi takie zagadnienia jak: Og\u00f3lne wiadomo\u015bci na temat przepis\u00f3w dozoru technicznego Budowa i spos\u00f3b dzia\u0142ania burt samowy\u0142adowczych Cze\u015b\u0107 elektryczna Cze\u015b\u0107 mechaniczna, w tym hydrauliczna Zapoznawanie si\u0119 z instrukcj\u0105 i dokumentacj\u0105 techniczn\u0105 urz\u0105dze\u0144 Przepisy BHP obowi\u0105zuj\u0105ce przy konserwacji podest\u00f3w Obowi\u0105zki i uprawnienia konserwatora Zasady eksploatacji urz\u0105dze\u0144 i utrzymania ich w dobrym stanie technicznym Najcz\u0119stsze usterki wyst\u0119puj\u0105ce w burtach samowy\u0142adowczych, sposoby ich naprawy Cz\u0119\u015b\u0107 teoretyczna &#8211; wyk\u0142ady mo\u017ce by\u0107 realizowana tak\u017ce online. O\u015brodek [&hellip;]<\/p>\n","protected":false},"author":1,"featured_media":3537,"parent":2721,"menu_order":0,"comment_status":"closed","ping_status":"closed","template":"","meta":{"sfsi_plus_gutenberg_text_before_share":"","sfsi_plus_gutenberg_show_text_before_share":"","sfsi_plus_gutenberg_icon_type":"","sfsi_plus_gutenberg_icon_alignemt":"","sfsi_plus_gutenburg_max_per_row":"","footnotes":""},"class_list":["post-3521","page","type-page","status-publish","has-post-thumbnail","hentry","has_thumb"],"aioseo_notices":[],"_links":{"self":[{"href":"https:\/\/kursy-udt.pl\/de\/wp-json\/wp\/v2\/pages\/3521","targetHints":{"allow":["GET"]}}],"collection":[{"href":"https:\/\/kursy-udt.pl\/de\/wp-json\/wp\/v2\/pages"}],"about":[{"href":"https:\/\/kursy-udt.pl\/de\/wp-json\/wp\/v2\/types\/page"}],"author":[{"embeddable":true,"href":"https:\/\/kursy-udt.pl\/de\/wp-json\/wp\/v2\/users\/1"}],"replies":[{"embeddable":true,"href":"https:\/\/kursy-udt.pl\/de\/wp-json\/wp\/v2\/comments?post=3521"}],"version-history":[{"count":5,"href":"https:\/\/kursy-udt.pl\/de\/wp-json\/wp\/v2\/pages\/3521\/revisions"}],"predecessor-version":[{"id":4589,"href":"https:\/\/kursy-udt.pl\/de\/wp-json\/wp\/v2\/pages\/3521\/revisions\/4589"}],"up":[{"embeddable":true,"href":"https:\/\/kursy-udt.pl\/de\/wp-json\/wp\/v2\/pages\/2721"}],"wp:featuredmedia":[{"embeddable":true,"href":"https:\/\/kursy-udt.pl\/de\/wp-json\/wp\/v2\/media\/3537"}],"wp:attachment":[{"href":"https:\/\/kursy-udt.pl\/de\/wp-json\/wp\/v2\/media?parent=3521"}],"curies":[{"name":"wp","href":"https:\/\/api.w.org\/{rel}","templated":true}]}}