{"id":3514,"date":"2021-09-03T10:45:52","date_gmt":"2021-09-03T10:45:52","guid":{"rendered":"https:\/\/kursy-udt.pl\/?page_id=3514"},"modified":"2022-12-05T14:35:42","modified_gmt":"2022-12-05T14:35:42","slug":"wartungspersonal-fur-mobile-plattformen","status":"publish","type":"page","link":"https:\/\/kursy-udt.pl\/de\/szkolenia\/udt-wdt-tdt\/konserwator-podestow-ruchomych\/","title":{"rendered":"Kurs f\u00fcr die Wartung mobiler Arbeitsb\u00fchnen (Hubarbeitsb\u00fchnen)"},"content":{"rendered":"<p><a href=\"https:\/\/kursy-udt.pl\/wp-content\/uploads\/2021\/09\/kursy-udt.pl-0022-OPUBLIKOWANY-v11-Copy.jpg\"><img loading=\"lazy\" decoding=\"async\" class=\"paddingleft10 alignleft wp-image-3515 size-medium\" src=\"https:\/\/kursy-udt.pl\/wp-content\/uploads\/2021\/09\/kursy-udt.pl-0022-OPUBLIKOWANY-v11-Copy-300x225.jpg\" alt=\"Ein Hubarbeitsb\u00fchnen-Instandhalter ist eine Person, die die t\u00e4glichen Reparaturen und vorgeschriebenen Inspektionen der Ausr\u00fcstung durchf\u00fchrt\" width=\"300\" height=\"225\" srcset=\"https:\/\/kursy-udt.pl\/wp-content\/uploads\/2021\/09\/kursy-udt.pl-0022-OPUBLIKOWANY-v11-Copy-300x225.jpg 300w, https:\/\/kursy-udt.pl\/wp-content\/uploads\/2021\/09\/kursy-udt.pl-0022-OPUBLIKOWANY-v11-Copy.jpg 579w\" sizes=\"auto, (max-width: 300px) 100vw, 300px\" \/><\/a>Fahrbare Arbeitsb\u00fchnen, wie Treppenlifte, Scherenlifte und andere, sind Ger\u00e4te, die der technischen \u00dcberwachung unterliegen. Dies bedeutet nicht nur, dass die entsprechenden Genehmigungen f\u00fcr den Betrieb der Systeme vorliegen m\u00fcssen. Sie beinhaltet auch die Verpflichtung, technische Aufzeichnungen \u00fcber die Ger\u00e4te zu f\u00fchren, regelm\u00e4\u00dfige Inspektionen durchzuf\u00fchren und vieles mehr. Reparaturen und Inspektionen an mobilen Arbeitsb\u00fchnen d\u00fcrfen nur von einem Wartungstechniker mit einer von der UDT erteilten Lizenz durchgef\u00fchrt werden.<\/p>\n<p>Diese <a href=\"https:\/\/kursy-udt.pl\/de\/uprawnienia-udt\/kategorie-uprawnien-2\/\">Anrechte<\/a> Diese k\u00f6nnen Sie erwerben, indem Sie an einem von unserem Zentrum organisierten Kurs teilnehmen und die Pr\u00fcfung vor der UDT-Kommission ablegen. Das Themenspektrum des Kurses entspricht den Pr\u00fcfungsanforderungen des Amtes, und dank der Erfahrung und der angemessenen Herangehensweise der Ausbilder k\u00f6nnen auch Personen ohne Erfahrung die Wartung von Arbeitsb\u00fchnen erlernen.<\/p>\n<h2>Informationen \u00fcber den Kurs zur Wartung von mobilen Plattformen<\/h2>\n<p>Die Ausbildung umfasst das Erlernen der Instandhaltung von Ausr\u00fcstungen der Kategorie der mobilen Arbeitsb\u00fchnen. Dazu geh\u00f6ren die beliebten Hubarbeitsb\u00fchnen und Scherenb\u00fchnen. F\u00fcr diejenigen, die sich f\u00fcr andere Flurf\u00f6rderzeuge qualifizieren m\u00f6chten, gibt es ein weiteres Kursangebot - Informationen hier.<\/p>\n<p>Im Rahmen dieser Aktivit\u00e4t werden die Teilnehmer unter anderem Folgendes lernen:<\/p>\n<ul>\n<li>Wie Hubarbeitsb\u00fchnen und andere mobile Aufz\u00fcge gebaut werden und wie sie funktionieren<\/li>\n<li>Welches sind die geltenden technischen \u00dcberwachungsvorschriften?<\/li>\n<li>Welche Verantwortlichkeiten hat der Instandhalter f\u00fcr die Inspektion und Reparatur der Ausr\u00fcstung<\/li>\n<li>Welche typischen Fehler treten bei mobilen Plattformen auf und wie werden sie behoben?<\/li>\n<li>Welche Regeln <a href=\"https:\/\/kursy-udt.pl\/de\/szkolenia\/bhp-bezpieczenstwo-pracy\/prawna-ochrona-pracy\/\">GESUNDHEIT UND SICHERHEIT<\/a> gelten f\u00fcr den Betrieb von<\/li>\n<li>Verwendung von Handb\u00fcchern und technischen Unterlagen<\/li>\n<li>Wie man mobile Plattformen pflegt<\/li>\n<li>Mechanischer Teil, einschlie\u00dflich Hydraulik<\/li>\n<li>Elektrischer Teil<\/li>\n<\/ul>\n<p>Neben den Vorlesungen nehmen die Kursteilnehmer auch an praktischen Aktivit\u00e4ten teil.<\/p>\n<p>Die Ausbildung richtet sich an Erwachsene, die mindestens \u00fcber eine Grundschulbildung verf\u00fcgen und bei guter Gesundheit die Pr\u00fcfung ablegen und die Arbeit ausf\u00fchren k\u00f6nnen. Wir setzen keine Erfahrung voraus, aber zertifizierte Praxis in der Bedienung mobiler Plattformen kann die f\u00fcr die Ausbildung ben\u00f6tigte Zeit verk\u00fcrzen.<\/p>\n<h2>Zulassungspr\u00fcfung<\/h2>\n<p><a href=\"https:\/\/kursy-udt.pl\/de\/uprawnienia-udt\/\">UDT-Kurs<\/a> Die Pr\u00fcfung f\u00fcr den Hubarbeitsb\u00fchnen-Wartungstechniker wird von der UDT-Kommission durchgef\u00fchrt. Die Pr\u00fcfung findet in den R\u00e4umlichkeiten des Zentrums oder am Ort des Unterrichts statt. Die Studierenden m\u00fcssen sich nicht selbst zur Pr\u00fcfung anmelden - alle organisatorischen Fragen werden von den Vertretern des Zentrums geregelt.<\/p>\n<p>Die Qualifikationspr\u00fcfung besteht aus einem schriftlichen Test und einer m\u00fcndlichen Pr\u00fcfung. Nach Bestehen beider Teile stellt das Technische \u00dcberwachungsamt dem Wartungstechniker ein Qualifikationszertifikat aus, das 5 Jahre lang g\u00fcltig ist.<a href=\"https:\/\/kursy-udt.pl\/wp-content\/uploads\/2021\/09\/kursy-udt.pl-0022-OPUBLIKOWANYv12-Copy.jpg\"><img loading=\"lazy\" decoding=\"async\" class=\"size-full wp-image-3516 aligncenter\" src=\"https:\/\/kursy-udt.pl\/wp-content\/uploads\/2021\/09\/kursy-udt.pl-0022-OPUBLIKOWANYv12-Copy.jpg\" alt=\"Die Arbeit als Instandhalter f\u00fcr mobile Plattformen erfordert eine UDT-Qualifikation \" width=\"579\" height=\"434\" srcset=\"https:\/\/kursy-udt.pl\/wp-content\/uploads\/2021\/09\/kursy-udt.pl-0022-OPUBLIKOWANYv12-Copy.jpg 579w, https:\/\/kursy-udt.pl\/wp-content\/uploads\/2021\/09\/kursy-udt.pl-0022-OPUBLIKOWANYv12-Copy-300x225.jpg 300w\" sizes=\"auto, (max-width: 579px) 100vw, 579px\" \/><\/a><\/p>\n<h2>Arbeiten mit einer Wartungslizenz f\u00fcr mobile Plattformen<\/h2>\n<p>Mit einem Bef\u00e4higungsnachweis kann ein Wartungstechniker Reparaturen an mobilen Arbeitsb\u00fchnen und vorgeschriebene technische Inspektionen durchf\u00fchren. Diese Kontrollen werden regelm\u00e4\u00dfig und auch vor der Freigabe der Ger\u00e4te durchgef\u00fchrt. UDT-Ger\u00e4tebetreuer werden von gro\u00dfen Bau-, Transport- und Renovierungsunternehmen sowie von Vermietern mobiler Arbeitsb\u00fchnen besch\u00e4ftigt. Viele zertifizierte Techniker machen sich auch selbst\u00e4ndig und f\u00fchren Reparaturen und Wartungsarbeiten im Auftrag anderer Unternehmen durch.<\/p>\n<h2>Kurs zur Wartung von Absetzmulden - Details<\/h2>\n<p>Die Kurse f\u00fcr Personen ohne Erfahrung dauern zwischen 38 und 96 Stunden. F\u00fcr diejenigen, die bereits mit mobilen Plattformen gearbeitet haben, zum Beispiel als Betreiber, kann die Zeit k\u00fcrzer sein.<\/p>\n<p>Die Schulungen finden regelm\u00e4\u00dfig an verschiedenen Orten statt - in Warschau, Krakau, Schlesien und anderen Gro\u00dfst\u00e4dten. Ausf\u00fchrliche Informationen finden Sie auf unserer Website <a href=\"https:\/\/platformaedukacji.pl\/sklep\/\">www.platformaedukacji.pl<\/a>. Dies ist ein System zur Buchung von Kurspl\u00e4tzen, \u00fcber das Sie auch Zahlungen vornehmen k\u00f6nnen.<\/p>\n<p>Wenn Sie individuelle Fragen haben oder eine geschlossene Schulung f\u00fcr Ihr Unternehmen organisieren m\u00f6chten <a href=\"https:\/\/kursy-udt.pl\/de\/kontakt\/\">Bitte kontaktieren Sie uns<\/a> per E-Mail oder Telefon.<\/p>\n<p><a href=\"https:\/\/kursy-udt.pl\/wp-content\/uploads\/2022\/12\/18-podnosniki-koszowe-kursy-udt.pl_.png\"><img loading=\"lazy\" decoding=\"async\" class=\"aligncenter wp-image-4551\" src=\"https:\/\/kursy-udt.pl\/wp-content\/uploads\/2022\/12\/18-podnosniki-koszowe-kursy-udt.pl_-300x188.png\" alt=\"\" width=\"750\" height=\"469\" srcset=\"https:\/\/kursy-udt.pl\/wp-content\/uploads\/2022\/12\/18-podnosniki-koszowe-kursy-udt.pl_-300x188.png 300w, https:\/\/kursy-udt.pl\/wp-content\/uploads\/2022\/12\/18-podnosniki-koszowe-kursy-udt.pl_-1024x640.png 1024w, https:\/\/kursy-udt.pl\/wp-content\/uploads\/2022\/12\/18-podnosniki-koszowe-kursy-udt.pl_-768x480.png 768w, https:\/\/kursy-udt.pl\/wp-content\/uploads\/2022\/12\/18-podnosniki-koszowe-kursy-udt.pl_-18x12.png 18w, https:\/\/kursy-udt.pl\/wp-content\/uploads\/2022\/12\/18-podnosniki-koszowe-kursy-udt.pl_-624x390.png 624w, https:\/\/kursy-udt.pl\/wp-content\/uploads\/2022\/12\/18-podnosniki-koszowe-kursy-udt.pl_.png 1200w\" sizes=\"auto, (max-width: 750px) 100vw, 750px\" \/><\/a><\/p>\n<p>&nbsp;<\/p>","protected":false},"excerpt":{"rendered":"<p>Podesty ruchome, takie jak zwy\u017cki, podno\u015bniki no\u017cycowe i inne, s\u0105 urz\u0105dzeniami obj\u0119tymi dozorem technicznym. Oznacza to nie tylko konieczno\u015b\u0107 posiadania odpowiednich uprawnie\u0144 do ich obs\u0142ugi. Wi\u0105\u017ce si\u0119 to tak\u017ce z obowi\u0105zkiem prowadzenia dokumentacji technicznej urz\u0105dze\u0144, regularnego przeprowadzania przegl\u0105d\u00f3w i innymi. Naprawami i przegl\u0105dami podest\u00f3w ruchomych mo\u017ce zajmowa\u0107 si\u0119 tylko konserwator z uprawnieniami przyznanymi przez UDT. Takie uprawnienia mo\u017cna uzyska\u0107, bior\u0105c udzia\u0142 w organizowanym przez nasz O\u015brodek kursie i podchodz\u0105c do egzaminu przed komisj\u0105 UDT. Zakres zagadnie\u0144 poruszanych na szkoleniu odpowiada wymogom egzaminacyjnym Urz\u0119du, a dzi\u0119ki do\u015bwiadczeniu i odpowiedniemu podej\u015bciu instruktor\u00f3w konserwacji podest\u00f3w mog\u0105 nauczy\u0107 si\u0119 nawet osoby bez do\u015bwiadczenia. Informacje na temat kursu z zakresu konserwacji podest\u00f3w ruchomych Szkolenie obejmuje nauk\u0119 konserwacji urz\u0105dze\u0144 z kategorii podest\u00f3w ruchomych. Nale\u017c\u0105 do nich popularne podno\u015bniki koszowe, czyli tzw. zwy\u017cki, a tak\u017ce podesty no\u017cycowe. Osoby, kt\u00f3re chcia\u0142yby uzyska\u0107 uprawnienia na inne urz\u0105dzenia transportu bliskiego, zapraszamy do zapoznania si\u0119 z ofert\u0105 pozosta\u0142ych kurs\u00f3w &#8211; informacje tutaj. W ramach zaj\u0119\u0107 uczestnicy dowiedz\u0105 si\u0119 mi\u0119dzy innymi: Jak zbudowane s\u0105 podno\u015bniki koszowe i inne podesty ruchome, w jaki spos\u00f3b dzia\u0142aj\u0105 Jakie s\u0105 obowi\u0105zuj\u0105ce przepisy dozoru technicznego Jakie obowi\u0105zki ma konserwator w zakresie przegl\u0105d\u00f3w i napraw urz\u0105dze\u0144 Jakie s\u0105 typowe usterki wyst\u0119puj\u0105ce w podestach ruchomych i jak si\u0119 je usuwa Jakie zasady BHP obowi\u0105zuj\u0105 przy eksploatacji Jak korzysta\u0107 z instrukcji i dokumentacji technicznej W jaki spos\u00f3b nale\u017cy dba\u0107 o stan techniczny podestow ruchomych Cze\u015b\u0107 mechaniczna, w tym hydrauliczna Cze\u015b\u0107 elektryczna Uczestnicy kursu, opr\u00f3cz wyk\u0142ad\u00f3w, bior\u0105 udzia\u0142 tak\u017ce w zaj\u0119ciach praktycznych. Szkolenie jest przeznaczone dla os\u00f3b pe\u0142noletnich, posiadaj\u0105cych wykszta\u0142cenie co najmniej podstawowe, o dobrym stanie [&hellip;]<\/p>\n","protected":false},"author":1,"featured_media":3515,"parent":2721,"menu_order":0,"comment_status":"closed","ping_status":"closed","template":"","meta":{"sfsi_plus_gutenberg_text_before_share":"","sfsi_plus_gutenberg_show_text_before_share":"","sfsi_plus_gutenberg_icon_type":"","sfsi_plus_gutenberg_icon_alignemt":"","sfsi_plus_gutenburg_max_per_row":"","footnotes":""},"class_list":["post-3514","page","type-page","status-publish","has-post-thumbnail","hentry","has_thumb"],"aioseo_notices":[],"_links":{"self":[{"href":"https:\/\/kursy-udt.pl\/de\/wp-json\/wp\/v2\/pages\/3514","targetHints":{"allow":["GET"]}}],"collection":[{"href":"https:\/\/kursy-udt.pl\/de\/wp-json\/wp\/v2\/pages"}],"about":[{"href":"https:\/\/kursy-udt.pl\/de\/wp-json\/wp\/v2\/types\/page"}],"author":[{"embeddable":true,"href":"https:\/\/kursy-udt.pl\/de\/wp-json\/wp\/v2\/users\/1"}],"replies":[{"embeddable":true,"href":"https:\/\/kursy-udt.pl\/de\/wp-json\/wp\/v2\/comments?post=3514"}],"version-history":[{"count":3,"href":"https:\/\/kursy-udt.pl\/de\/wp-json\/wp\/v2\/pages\/3514\/revisions"}],"predecessor-version":[{"id":4572,"href":"https:\/\/kursy-udt.pl\/de\/wp-json\/wp\/v2\/pages\/3514\/revisions\/4572"}],"up":[{"embeddable":true,"href":"https:\/\/kursy-udt.pl\/de\/wp-json\/wp\/v2\/pages\/2721"}],"wp:featuredmedia":[{"embeddable":true,"href":"https:\/\/kursy-udt.pl\/de\/wp-json\/wp\/v2\/media\/3515"}],"wp:attachment":[{"href":"https:\/\/kursy-udt.pl\/de\/wp-json\/wp\/v2\/media?parent=3514"}],"curies":[{"name":"wp","href":"https:\/\/api.w.org\/{rel}","templated":true}]}}