{"id":3507,"date":"2021-09-03T08:59:34","date_gmt":"2021-09-03T08:59:34","guid":{"rendered":"https:\/\/kursy-udt.pl\/?page_id=3507"},"modified":"2022-12-16T10:35:25","modified_gmt":"2022-12-16T10:35:25","slug":"wartungstechniker","status":"publish","type":"page","link":"https:\/\/kursy-udt.pl\/de\/szkolenia\/udt-wdt-tdt\/konserwator-urzadzen-udt\/","title":{"rendered":"UDT-Ger\u00e4tewartungskurs mit Zulassungspr\u00fcfung"},"content":{"rendered":"<p><a href=\"https:\/\/kursy-udt.pl\/wp-content\/uploads\/2021\/09\/kursy-udt.pl-0021-OPUBLIKOWANE-v9-Copy.jpg\"><img loading=\"lazy\" decoding=\"async\" class=\"alignleft wp-image-3509 size-medium\" src=\"https:\/\/kursy-udt.pl\/wp-content\/uploads\/2021\/09\/kursy-udt.pl-0021-OPUBLIKOWANE-v9-Copy-300x198.jpg\" alt=\"Ein Instandhalter f\u00fcr UDT-Ausr\u00fcstung ist eine Person, die Plattformen, Kr\u00e4ne, Laufkatzen, Kr\u00e4ne, Br\u00fcckenkr\u00e4ne, Hebeb\u00fchnen und Hebezeuge oder andere Ger\u00e4te repariert und inspiziert. \" width=\"300\" height=\"198\" srcset=\"https:\/\/kursy-udt.pl\/wp-content\/uploads\/2021\/09\/kursy-udt.pl-0021-OPUBLIKOWANE-v9-Copy-300x198.jpg 300w, https:\/\/kursy-udt.pl\/wp-content\/uploads\/2021\/09\/kursy-udt.pl-0021-OPUBLIKOWANE-v9-Copy.jpg 579w\" sizes=\"auto, (max-width: 300px) 100vw, 300px\" \/><\/a>In diesem Kurs lernen Sie von Grund auf, wie Sie Reparaturen und Wartungsarbeiten an Materialtransportger\u00e4ten durchf\u00fchren k\u00f6nnen. Sie richten sich sowohl an Personen, die noch nie mit dieser Art von Ger\u00e4ten gearbeitet haben, als auch an diejenigen, die als Bediener t\u00e4tig sind. Praktika, die mit einem Staatsexamen abschlie\u00dfen, sind eine M\u00f6glichkeit, Wissen schnell zu erg\u00e4nzen und marktf\u00e4hige Qualifikationen zu erwerben.<\/p>\n<h2>Wartungsarbeiten an der UDT-Ausr\u00fcstung<\/h2>\n<p>Ein Instandhalter f\u00fcr Flurf\u00f6rderzeuge ist eine Person, die befugt ist, Reparaturen und regelm\u00e4\u00dfige technische Inspektionen durchzuf\u00fchren und die Ausr\u00fcstung f\u00fcr die Abnahme durch das OTI vorzubereiten. Solche Spezialisten sind bei gro\u00dfen Bau- oder Transportunternehmen angestellt, k\u00f6nnen aber auch auf eigene Rechnung im Rahmen ihrer T\u00e4tigkeit Dienstleistungen erbringen.<\/p>\n<h2>Handhabungsger\u00e4te<\/h2>\n<p>Es handelt sich um Ger\u00e4te zur Bef\u00f6rderung von Personen, Werkzeugen und Lasten, die in einem begrenzten Bereich arbeiten. Diese Kategorie umfasst mobile Plattformen, Kr\u00e4ne, Hebezeuge, Kr\u00e4ne, Stapler, Laufkatzen, Kr\u00e4ne. Nach den Vorschriften unterliegen sie alle der technischen \u00dcberwachung, und f\u00fcr ihren Betrieb ist ein Bef\u00e4higungsnachweis des Technischen \u00dcberwachungsvereins erforderlich. F\u00fcr jedes dieser Ger\u00e4te <a href=\"https:\/\/kursy-udt.pl\/de\/uprawnienia-udt\/kategorie-uprawnien-2\/\">Anrechte<\/a> wird separat im Rahmen des jeweiligen Kurses erworben.<\/p>\n<h2>Arten von Wartungsschulungen<\/h2>\n<p>In unserem Zentrum f\u00fchren wir die folgenden Kurse mit dem Staatsexamen UDT durch:<\/p>\n<ul>\n<li>Hebeb\u00fchnen (Absetzkipper, Hubarbeitsb\u00fchnen)<\/li>\n<li><a href=\"https:\/\/kursy-udt.pl\/de\/szkolenia\/udt-wdt-tdt\/podesty-zaladowcze\/\">Ladefl\u00e4chen<\/a>einschlie\u00dflich Personenbef\u00f6rderung<\/li>\n<li><a href=\"https:\/\/kursy-udt.pl\/de\/szkolenia\/udt-wdt-tdt\/podesty-ruchome-wiszace\/\">Aufgeh\u00e4ngte mobile Plattformen<\/a>Mast und station\u00e4r<\/li>\n<li>Plattformen auf Schienenfahrzeugen<\/li>\n<li>Ausr\u00fcstung f\u00fcr behinderte Menschen<\/li>\n<li>Krane f\u00fcr allgemeine und\/oder spezielle Zwecke<\/li>\n<li>Hebezeuge und Winden f\u00fcr allgemeine und\/oder spezielle Zwecke<\/li>\n<li>Kr\u00e4ne: Turmdrehkr\u00e4ne, Mobilkr\u00e4ne, Mobilkr\u00e4ne (HDS), station\u00e4re Kr\u00e4ne, Eisenbahnkr\u00e4ne und Kr\u00e4ne auf Schienenfahrzeugen, Werft- und Hafenkr\u00e4ne, Schwimmkr\u00e4ne, Deckskr\u00e4ne<\/li>\n<\/ul>\n<h2>Kurs f\u00fcr Bediener von Umschlagger\u00e4ten - organisatorische Einzelheiten<\/h2>\n<h3>Programm der Aktivit\u00e4ten<\/h3>\n<p>Die Themen, die in den einzelnen Kursen behandelt werden, sind unterschiedlich, aber sie haben einen gemeinsamen Rahmenplan. Die allgemeine Tagesordnung f\u00fcr alle Arten von Ger\u00e4ten lautet wie folgt:<\/p>\n<ol>\n<li>Gesetze und Vorschriften f\u00fcr die technische \u00dcberwachung von Anlagen<\/li>\n<li>Bau und Betrieb von Umschlagger\u00e4ten - Allgemeine Informationen<\/li>\n<li>Wartungsaufgaben f\u00fcr Inspektion und Reparaturen<\/li>\n<li>Typische Fehlfunktionen eines bestimmten Ger\u00e4tetyps und deren Behebung<\/li>\n<li>Grunds\u00e4tze <a href=\"https:\/\/kursy-udt.pl\/de\/szkolenia\/bhp-bezpieczenstwo-pracy\/prawna-ochrona-pracy\/\">GESUNDHEIT UND SICHERHEIT<\/a> anwendbar auf Betrieb und Wartung<\/li>\n<li>Verwendung von Handb\u00fcchern und technischen Unterlagen \u00fcber Ger\u00e4te<\/li>\n<li>Probleme mit mechanischen, elektrischen und hydraulischen Komponenten<\/li>\n<li>Vorschriften zur Gew\u00e4hrleistung der technischen Leistungsf\u00e4higkeit der Ger\u00e4te.<\/li>\n<\/ol>\n<p>Die Kursdauer liegt zwischen 32 und 96 Stunden, je nach dem gew\u00e4hlten Thema und der Erfahrung des Teilnehmers.<\/p>\n<h3>Anforderungen an die Teilnehmer<\/h3>\n<p>Der Kurs steht allen offen, die mindestens 18 Jahre alt sind, eine Grundschulausbildung (oder h\u00f6her) haben und in guter gesundheitlicher Verfassung sind, um als Wartungstechniker zu arbeiten. F\u00fcr die Schulung an einigen Ger\u00e4ten sind Kenntnisse (und\/oder Zertifizierungen) in Elektrotechnik und anderen technischen Bereichen erforderlich - Einzelheiten entnehmen Sie bitte den einzelnen Kursbeschreibungen.<\/p>\n<p><a href=\"https:\/\/kursy-udt.pl\/wp-content\/uploads\/2021\/09\/kursy-udt.pl-0021-OPUBLIKOWANE-v10-Copy.jpg\"><img loading=\"lazy\" decoding=\"async\" class=\"size-full wp-image-3510 aligncenter\" src=\"https:\/\/kursy-udt.pl\/wp-content\/uploads\/2021\/09\/kursy-udt.pl-0021-OPUBLIKOWANE-v10-Copy.jpg\" alt=\" Im Rahmen seiner Aufgaben f\u00fchrt der UDT-Ger\u00e4tewart regelm\u00e4\u00dfige Inspektionen und Reparaturen an den \" width=\"579\" height=\"332\" srcset=\"https:\/\/kursy-udt.pl\/wp-content\/uploads\/2021\/09\/kursy-udt.pl-0021-OPUBLIKOWANE-v10-Copy.jpg 579w, https:\/\/kursy-udt.pl\/wp-content\/uploads\/2021\/09\/kursy-udt.pl-0021-OPUBLIKOWANE-v10-Copy-300x172.jpg 300w\" sizes=\"auto, (max-width: 579px) 100vw, 579px\" \/><\/a><\/p>\n<h3>UDT-Lizenzpr\u00fcfung<\/h3>\n<p>Das Staatsexamen wird am Ende des Kurses f\u00fcr die Teilnehmer abgehalten, die den theoretischen und praktischen Teil bestanden haben. Unser Zentrum k\u00fcmmert sich um organisatorische Fragen und die Anmeldung zur Pr\u00fcfung im Namen der Teilnehmer. Die Qualifikationspr\u00fcfung findet in den R\u00e4umlichkeiten des Zentrums oder der UDT (Warschau oder einer anderen Niederlassung) statt. Die \u00dcberpr\u00fcfung der Qualifikationen erfolgt in Form eines Wissenstests und einer m\u00fcndlichen Pr\u00fcfung.<\/p>\n<p>Wer die Pr\u00fcfung besteht, erh\u00e4lt ein von der UDT ausgestelltes Qualifikationszertifikat in Form einer Plastikkarte. Dies berechtigt sie, als Wartungstechniker an Ger\u00e4ten unter technischer Aufsicht in Polen zu arbeiten.<\/p>\n<h3>Anmeldung zur Schulung<\/h3>\n<p>Um sich f\u00fcr den Kurs Ihrer Wahl anzumelden, besuchen Sie bitte unsere Website <a href=\"https:\/\/platformaedukacji.pl\/sklep\/\">www.platformaedukacji.pl<\/a>. Sie finden hier Schulungen zu ausgew\u00e4hlten Terminen und Orten. Sie m\u00fcssen die ausgew\u00e4hlte Option in den Warenkorb legen und die Zahlung vornehmen. Der Preis f\u00fcr den UDT-Kurs zum Ger\u00e4tewart kann je nach Datum, Kursort und anderen Faktoren variieren.<\/p>\n<p>Wir veranstalten auch Schulungen f\u00fcr Unternehmen in diesem Bereich. Geschlossene Schulungen k\u00f6nnen in den R\u00e4umlichkeiten des Kunden oder an einem anderen vom Kunden gew\u00e4hlten Ort stattfinden. Wir sind flexibel, was den Zeitplan angeht. Wenn Sie Interesse haben, z\u00f6gern Sie bitte nicht, uns zu kontaktieren.<\/p>\n<p><a href=\"https:\/\/kursy-udt.pl\/wp-content\/uploads\/2022\/12\/Reklama-Na-Kursy-7-2.png\"><img loading=\"lazy\" decoding=\"async\" class=\"aligncenter wp-image-4585\" src=\"https:\/\/kursy-udt.pl\/wp-content\/uploads\/2022\/12\/Reklama-Na-Kursy-7-2-300x188.png\" alt=\"\" width=\"750\" height=\"469\" srcset=\"https:\/\/kursy-udt.pl\/wp-content\/uploads\/2022\/12\/Reklama-Na-Kursy-7-2-300x188.png 300w, https:\/\/kursy-udt.pl\/wp-content\/uploads\/2022\/12\/Reklama-Na-Kursy-7-2-1024x640.png 1024w, https:\/\/kursy-udt.pl\/wp-content\/uploads\/2022\/12\/Reklama-Na-Kursy-7-2-768x480.png 768w, https:\/\/kursy-udt.pl\/wp-content\/uploads\/2022\/12\/Reklama-Na-Kursy-7-2-18x12.png 18w, https:\/\/kursy-udt.pl\/wp-content\/uploads\/2022\/12\/Reklama-Na-Kursy-7-2-624x390.png 624w, https:\/\/kursy-udt.pl\/wp-content\/uploads\/2022\/12\/Reklama-Na-Kursy-7-2.png 1200w\" sizes=\"auto, (max-width: 750px) 100vw, 750px\" \/><\/a><\/p>\n<p>&nbsp;<\/p>","protected":false},"excerpt":{"rendered":"<p>To zaj\u0119cia, kt\u00f3re pozwalaj\u0105 na zdobycie od podstaw wiedzy w zakresie wykonywania napraw i przegl\u0105d\u00f3w urz\u0105dze\u0144 transportu bliskiego. S\u0105 przeznaczone zar\u00f3wno dla os\u00f3b, kt\u00f3re nie pracowa\u0142y dotychczas z tego rodzaju urz\u0105dzeniami, jak i tych, kt\u00f3re wykonuj\u0105 zaw\u00f3d operatora. Praktyczne szkolenia zako\u0144czone egzaminem pa\u0144stwowym to spos\u00f3b na szybkie uzupe\u0142nienie wiedzy i uzyskanie poszukiwanych na rynku pracy kwalifikacji. Praca konserwatora urz\u0105dze\u0144 UDT Konserwator urz\u0105dze\u0144 transportu bliskiego to osoba, kt\u00f3ra jest uprawniona do przeprowadzania napraw, regularnych przegl\u0105d\u00f3w technicznych, a tak\u017ce do przygotowywania urz\u0105dze\u0144 do odbioru przez UDT. Tacy specjali\u015bci s\u0105 zatrudniani w du\u017cych firmach budowlanych czy transportowych, ale mog\u0105 tak\u017ce \u015bwiadczy\u0107 us\u0142ugi na w\u0142asny rachunek, w ramach prowadzonej dzia\u0142alno\u015bci. Urz\u0105dzenia transportu bliskiego S\u0105 to urz\u0105dzenia przeznaczone do transportu os\u00f3b, narz\u0119dzi, \u0142adunk\u00f3w, pracuj\u0105ce w ograniczonym zasi\u0119gu. Do tej kategorii nale\u017c\u0105 podesty ruchome, suwnice, wci\u0105garki, \u017curawie, uk\u0142adnice, w\u00f3zki, d\u017awigi. Zgodnie z przepisami, wszystkie s\u0105 obj\u0119te dozorem technicznym, a do ich obs\u0142ugi potrzebne jest za\u015bwiadczenie kwalifikacyjne wydane przez UDT. Na ka\u017cde z tych urz\u0105dze\u0144 uprawnienia zdobywa si\u0119 osobno, w ramach odpowiedniego kursu. Rodzaje szkole\u0144 z zakresu konserwacji W naszym O\u015brodku przeprowadzamy nast\u0119puj\u0105ce kursy z egzaminem pa\u0144stwowym UDT: Podesty ruchome (zwy\u017cki, podno\u015bniki koszowe) Podesty za\u0142adowcze, w tym do transportu os\u00f3b Podesty ruchome wisz\u0105ce, masztowe i stacjonarne Podesty na pojazdach kolejowych Urz\u0105dzenia dla os\u00f3b niepe\u0142nosprawnych Suwnice og\u00f3lnego i\/lub specjalnego przeznaczenia Wci\u0105gniki i wci\u0105garki og\u00f3lnego i\/lub specjalnego przeznaczenia \u017burawie: wie\u017cowe, samojezdne (d\u017awigi), przeno\u015bne HDS, stacjonarne, kolejowe i na pojazdach kolejowych, stoczniowe i portowe, p\u0142ywaj\u0105ce, pok\u0142adowe Kurs dla konserwator\u00f3w urz\u0105dze\u0144 transportu bliskiego &#8211; szczeg\u00f3\u0142y organizacyjne Program zaj\u0119\u0107 Zakres zagadnie\u0144 poruszanych na poszczeg\u00f3lnych szkoleniach jest r\u00f3\u017cny, [&hellip;]<\/p>\n","protected":false},"author":1,"featured_media":3509,"parent":2721,"menu_order":0,"comment_status":"closed","ping_status":"closed","template":"","meta":{"sfsi_plus_gutenberg_text_before_share":"","sfsi_plus_gutenberg_show_text_before_share":"","sfsi_plus_gutenberg_icon_type":"","sfsi_plus_gutenberg_icon_alignemt":"","sfsi_plus_gutenburg_max_per_row":"","footnotes":""},"class_list":["post-3507","page","type-page","status-publish","has-post-thumbnail","hentry","has_thumb"],"aioseo_notices":[],"_links":{"self":[{"href":"https:\/\/kursy-udt.pl\/de\/wp-json\/wp\/v2\/pages\/3507","targetHints":{"allow":["GET"]}}],"collection":[{"href":"https:\/\/kursy-udt.pl\/de\/wp-json\/wp\/v2\/pages"}],"about":[{"href":"https:\/\/kursy-udt.pl\/de\/wp-json\/wp\/v2\/types\/page"}],"author":[{"embeddable":true,"href":"https:\/\/kursy-udt.pl\/de\/wp-json\/wp\/v2\/users\/1"}],"replies":[{"embeddable":true,"href":"https:\/\/kursy-udt.pl\/de\/wp-json\/wp\/v2\/comments?post=3507"}],"version-history":[{"count":3,"href":"https:\/\/kursy-udt.pl\/de\/wp-json\/wp\/v2\/pages\/3507\/revisions"}],"predecessor-version":[{"id":4586,"href":"https:\/\/kursy-udt.pl\/de\/wp-json\/wp\/v2\/pages\/3507\/revisions\/4586"}],"up":[{"embeddable":true,"href":"https:\/\/kursy-udt.pl\/de\/wp-json\/wp\/v2\/pages\/2721"}],"wp:featuredmedia":[{"embeddable":true,"href":"https:\/\/kursy-udt.pl\/de\/wp-json\/wp\/v2\/media\/3509"}],"wp:attachment":[{"href":"https:\/\/kursy-udt.pl\/de\/wp-json\/wp\/v2\/media?parent=3507"}],"curies":[{"name":"wp","href":"https:\/\/api.w.org\/{rel}","templated":true}]}}