{"id":3503,"date":"2021-09-03T08:27:37","date_gmt":"2021-09-03T08:27:37","guid":{"rendered":"https:\/\/kursy-udt.pl\/?page_id=3503"},"modified":"2023-02-14T12:26:45","modified_gmt":"2023-02-14T11:26:45","slug":"mastgefuhrte-mobile-arbeitsbuhnen","status":"publish","type":"page","link":"https:\/\/kursy-udt.pl\/de\/szkolenia\/udt-wdt-tdt\/podesty-ruchome-masztowe\/","title":{"rendered":"Mastlift-Kurs"},"content":{"rendered":"<p>Dabei handelt es sich um eine Ausbildung, deren Programm den Anforderungen des T\u00dcV entspricht und den Umfang der Kenntnisse ber\u00fccksichtigt, die f\u00fcr das Staatsexamen auf mobilen Plattformen erforderlich sind. Wir empfehlen den Kurs f\u00fcr Personen, die entschlossen sind, neue Qualifikationen im Beruf des Handhabungsger\u00e4tef\u00fchrers zu erwerben.<\/p>\n<h2>Was ist eine Plattform f\u00fcr mobile Masten?<\/h2>\n<p>Es handelt sich um ein Handhabungsger\u00e4t, das dazu dient, Arbeiter vertikal als Arbeitsplatz in der H\u00f6he zu bewegen. Bei dieser Plattform befindet sich die Plattform auf einem Mast - einer Fachwerkkonstruktion, auf der sie sich dank der Wirkung einer Antriebseinheit - einer Zahnstangenpresse - bewegen kann. Der Mast ist in der Regel klappbar, so dass seine H\u00f6he je nach Bedarf variiert werden kann. Das Ganze wird auf ein Fahrgestell mit R\u00e4dern gestellt, so dass die Plattform leicht zur Baustelle transportiert\/geliefert werden kann....<\/p>\n<p><a href=\"https:\/\/kursy-udt.pl\/wp-content\/uploads\/2022\/10\/1-1.jpeg\"><img loading=\"lazy\" decoding=\"async\" class=\"aligncenter wp-image-4448\" src=\"https:\/\/kursy-udt.pl\/wp-content\/uploads\/2022\/10\/1-1-300x187.jpeg\" alt=\"\" width=\"750\" height=\"468\" srcset=\"https:\/\/kursy-udt.pl\/wp-content\/uploads\/2022\/10\/1-1-300x187.jpeg 300w, https:\/\/kursy-udt.pl\/wp-content\/uploads\/2022\/10\/1-1-1024x639.jpeg 1024w, https:\/\/kursy-udt.pl\/wp-content\/uploads\/2022\/10\/1-1-768x480.jpeg 768w, https:\/\/kursy-udt.pl\/wp-content\/uploads\/2022\/10\/1-1-1536x959.jpeg 1536w, https:\/\/kursy-udt.pl\/wp-content\/uploads\/2022\/10\/1-1-18x12.jpeg 18w, https:\/\/kursy-udt.pl\/wp-content\/uploads\/2022\/10\/1-1-624x390.jpeg 624w, https:\/\/kursy-udt.pl\/wp-content\/uploads\/2022\/10\/1-1.jpeg 1600w\" sizes=\"auto, (max-width: 750px) 100vw, 750px\" \/><\/a><\/p>\n<p>Der Betreiber einer mobilen Mastb\u00fchne sollte sich zun\u00e4chst vergewissern, dass das Ger\u00e4t f\u00fcr den Innen- und Au\u00dfeneinsatz geeignet ist. Einige sind nur f\u00fcr den Gebrauch in Innenr\u00e4umen bestimmt. Es ist auch wichtig, das Ger\u00e4t auf einer stabilen Unterlage zu positionieren und mit St\u00fctzen zu sichern, damit ein sicheres Arbeiten m\u00f6glich ist.<\/p>\n<p>Mastb\u00fchnen werden unter anderem in folgenden Bereichen eingesetzt:<\/p>\n<ul>\n<li>Bauarbeiten<\/li>\n<li>Renovierungsarbeiten wie Malerarbeiten, Isolierung, Verputzarbeiten<\/li>\n<li>Einbau von Installationen, Fenstern, zentralen Klimaanlagen an Geb\u00e4udefassaden<\/li>\n<li>Arbeit in Lagern und Fabrikhallen<\/li>\n<\/ul>\n<p>Nach der UDT-Klassifizierung ist eine ortsfeste mobile Arbeitsb\u00fchne ein Umschlagger\u00e4t unter technischer Aufsicht. Bis Juni 2020 geh\u00f6rte sie zusammen mit den H\u00e4ngeb\u00fchnen zur Kategorie II P und erh\u00e4lt nun eine <a href=\"https:\/\/kursy-udt.pl\/de\/uprawnienia-udt\/kategorie-uprawnien-2\/\">UDT-Anspr\u00fcche<\/a> auf <a href=\"https:\/\/kursy-udt.pl\/de\/szkolenia\/udt-wdt-tdt\/podesty-ruchome-stacjonarne-masztowe-konserwacja\/\">station\u00e4re und auf Masten montierte mobile Arbeitsb\u00fchnen<\/a> zur gleichen Zeit.<\/p>\n<div class=\"filmw\">\n<div class=\"responsive-youtube\" style=\"text-align: center;\"><iframe loading=\"lazy\" title=\"YouTube-Video-Player\" src=\"https:\/\/www.youtube.com\/embed\/sadG__ZRQI8\" width=\"560\" height=\"315\" frameborder=\"0\" allowfullscreen=\"allowfullscreen\"><\/iframe><\/div>\n<\/div>\n<h2>Mastheber - Bedienerkurs<\/h2>\n<p>Ziel der Kurse ist die Vermittlung von Kenntnissen \u00fcber den Bau, den Betrieb, die Nutzung von Arbeitsb\u00fchnen, die Sicherheitsvorschriften f\u00fcr den Betrieb und die Pflichten im Zusammenhang mit der technischen \u00dcberwachung. Theoretische Vorlesungen werden durch praktische \u00dcbungen erg\u00e4nzt, so dass auch diejenigen, die noch nie mit Mastb\u00fchnen zu tun hatten, deren Bedienung ausreichend beherrschen.<\/p>\n<h3>Dauer der Aktivit\u00e4ten<\/h3>\n<p>Die Anzahl der Unterrichtsstunden kann variieren, je nachdem, in welche Gruppe ein Teilnehmer eingestuft wird. Der Zeitaufwand f\u00fcr das Erlernen wird individuell festgelegt - wer bereits Erfahrung mit Plattformen hat, ben\u00f6tigt m\u00f6glicherweise weniger Stunden f\u00fcr Vorlesungen und praktische \u00dcbungen. Anf\u00e4ngern hingegen wird das gesamte f\u00fcr die Pr\u00fcfung erforderliche Wissen vermittelt.<\/p>\n<p>Die ungef\u00e4hre Dauer des Kurses liegt zwischen 8 und 20-35 Stunden. Informationen hierzu erhalten die Auszubildenden in der Anmeldephase.<br \/>\n<div style=\"width: 640px;\" class=\"wp-video\"><video id=\"video-3503-1\" width=\"640\" height=\"360\" poster=\"https:\/\/kursy-udt.pl\/wp-content\/uploads\/2023\/02\/20230127_031102_0000.jpg\" preload=\"metadata\" controls=\"controls\"><source type=\"video\/mp4\" src=\"https:\/\/kursy-udt.pl\/wp-content\/uploads\/2023\/02\/ACCEPTED-operator-podestow-4K-kursy-udt.mp4?_=1\" \/><a href=\"https:\/\/kursy-udt.pl\/wp-content\/uploads\/2023\/02\/ACCEPTED-operator-podestow-4K-kursy-udt.mp4\">https:\/\/kursy-udt.pl\/wp-content\/uploads\/2023\/02\/ACCEPTED-operator-podestow-4K-kursy-udt.mp4<\/a><\/video><\/div>\n<h3>Termine der Klasse<\/h3>\n<p>Bis zu mehrmals im Monat werden neue Schulungsgruppen eingerichtet. Wann die n\u00e4chsten Kurse \"Station\u00e4re mobile Arbeitsb\u00fchnen\" beginnen, entnehmen Sie bitte den Informationen auf unserer Website <a href=\"https:\/\/platformaedukacji.pl\/sklep\/\">www.platformaedukacji.pl<\/a>.<\/p>\n<h3>Standort<\/h3>\n<p>Der Unterricht findet an verschiedenen Orten statt, auch online. Wir veranstalten <a href=\"https:\/\/kursy-udt.pl\/de\/szkolenia\/podesty-ruchome\/\">Kurse f\u00fcr mobile Plattformen<\/a> in Warschau sowie in vielen anderen Gro\u00dfst\u00e4dten. Der theoretische Teil kann auch online absolviert werden, indem man an Webinaren teilnimmt, die in Echtzeit - live - stattfinden.<\/p>\n<h3>Bedingungen f\u00fcr die Teilnahme<\/h3>\n<p>Wir verlangen von den Teilnehmern keine Erfahrung oder Praxis. Wir erwarten jedoch, dass grundlegende Anforderungen erf\u00fcllt werden: 18 Jahre oder \u00e4lter, ein Mindestma\u00df an Grundbildung sowie das Fehlen gesundheitlicher Gegenanzeigen, die in Form einer Erkl\u00e4rung des Praktikanten best\u00e4tigt werden, und im Falle einer Arbeit gem\u00e4\u00df den Anforderungen des Arbeitsgesetzes ist ein \u00e4rztliches Attest erforderlich.<\/p>\n<h3>Aufzeichnungen<\/h3>\n<p>Um sich f\u00fcr einen Mastb\u00fchnenf\u00fchrer-Kurs anzumelden, w\u00e4hlen Sie das entsprechende Datum auf der Website <a href=\"https:\/\/platformaedukacji.pl\/sklep\/\">www.platformaedukacji.pl<\/a>, legen Sie es in den Warenkorb und bezahlen Sie dann. Dann wird ein Platz f\u00fcr den ausgew\u00e4hlten Lehrgang reserviert.<\/p>\n<p>Auf der Website k\u00f6nnen Sie sich auch f\u00fcr andere Kurse anmelden: Hochhaus (selbstfahrende mobile Arbeitsb\u00fchnen), mobile begehbare Arbeitsb\u00fchnen und andere Ausr\u00fcstungen, die unter die technische \u00dcberwachung fallen.<\/p>\n<h3>Pr\u00fcfung und Berechtigung<\/h3>\n<p>Nach Abschluss des theoretischen und praktischen Unterrichts haben die Teilnehmer die M\u00f6glichkeit, die staatliche Pr\u00fcfung abzulegen, die von der UDT durchgef\u00fchrt wird. Die Ausbildungskurse werden von unserem Zentrum zu solchen Zeiten organisiert, dass die Pr\u00fcfung so bald wie m\u00f6glich nach dem Unterricht stattfindet. Der Kursteilnehmer absolviert einen Wissenstest und anschlie\u00dfend eine praktische Pr\u00fcfung vor einem Pr\u00fcfer der UDT Warschau oder einer anderen Niederlassung.<\/p>\n<p>Nach erfolgreichem Abschluss der Pr\u00fcfung erh\u00e4lt der Bewerber eine Fahrerlaubnis. Sie gelten sowohl f\u00fcr station\u00e4re als auch f\u00fcr mobile Mastplattformen und sind f\u00fcr 10 aufeinander folgende Jahre g\u00fcltig. Dieses Dokument reicht aus, um in ganz Polen als Operator zu arbeiten.<\/p>\n<p><a href=\"https:\/\/kursy-udt.pl\/wp-content\/uploads\/2022\/12\/PODESTY-RUCHOME-kursy-udt.pl_.png\"><img loading=\"lazy\" decoding=\"async\" class=\"aligncenter wp-image-4531\" src=\"https:\/\/kursy-udt.pl\/wp-content\/uploads\/2022\/12\/PODESTY-RUCHOME-kursy-udt.pl_-300x188.png\" alt=\"\" width=\"750\" height=\"469\" srcset=\"https:\/\/kursy-udt.pl\/wp-content\/uploads\/2022\/12\/PODESTY-RUCHOME-kursy-udt.pl_-300x188.png 300w, https:\/\/kursy-udt.pl\/wp-content\/uploads\/2022\/12\/PODESTY-RUCHOME-kursy-udt.pl_-1024x640.png 1024w, https:\/\/kursy-udt.pl\/wp-content\/uploads\/2022\/12\/PODESTY-RUCHOME-kursy-udt.pl_-768x480.png 768w, https:\/\/kursy-udt.pl\/wp-content\/uploads\/2022\/12\/PODESTY-RUCHOME-kursy-udt.pl_-18x12.png 18w, https:\/\/kursy-udt.pl\/wp-content\/uploads\/2022\/12\/PODESTY-RUCHOME-kursy-udt.pl_-624x390.png 624w, https:\/\/kursy-udt.pl\/wp-content\/uploads\/2022\/12\/PODESTY-RUCHOME-kursy-udt.pl_.png 1200w\" sizes=\"auto, (max-width: 750px) 100vw, 750px\" \/><\/a><\/p>","protected":false},"excerpt":{"rendered":"<p>To szkolenie, kt\u00f3rego program jest zgodny z wymogami Urz\u0119du Dozoru Technicznego i uwzgl\u0119dnia zakres wiedzy wymagany na egzaminie pa\u0144stwowym z podest\u00f3w ruchomych. Kurs polecamy osobom, kt\u00f3re s\u0105 zdecydowane na zdobycie nowych kwalifikacji w zawodzie operatora urz\u0105dze\u0144 transportu bliskiego. Czym jest podest ruchomy masztowy To urz\u0105dzenie transportu bliskiego, s\u0142u\u017c\u0105ce do przemieszczania pracownik\u00f3w w pionie jako stanowisko pracy na wysoko\u015bci.. W przypadku tego podestu platforma umieszczona jest na maszcie \u2013 konstrukcji kratownicowej, po kt\u00f3rej mo\u017ce przesuwa\u0107 si\u0119 dzi\u0119ki dzia\u0142aniu zespo\u0142u nap\u0119dowego &#8211; d\u017awignika z\u0119batkowego. Maszt jest najcz\u0119\u015bciej sk\u0142adany, dzi\u0119ki czemu mo\u017cna zmienia\u0107 jego wysoko\u015b\u0107, w zale\u017cno\u015bci od potrzeb. Ca\u0142o\u015b\u0107 jest umieszczona na podwoziu wyposa\u017conym w ko\u0142a, dzi\u0119ki czemu podest mo\u017cna \u0142atwo przewie\u017a\u0107\/dostarczy\u0107 na miejsce budowy.. Operator podest\u00f3w ruchomych masztowych powinien przede wszystkim sprawdzi\u0107, czy urz\u0105dzenie nadaje si\u0119 do pracy wewn\u0105trz i na zewn\u0105trz budynk\u00f3w. Niekt\u00f3re z nich s\u0105 przeznaczone tylko do pracy w pomieszczeniach. Wa\u017cne jest tak\u017ce odpowiednie ustawienie urz\u0105dzenia na stabilnym pod\u0142o\u017cu i zabezpieczenie go podporami, tak aby praca by\u0142a w pe\u0142ni bezpieczna. Podesty masztowe wykorzystuje si\u0119 mi\u0119dzy innymi w: Pracach budowlanych Pracach remontowych, takich jak malowanie, ocieplanie, tynkowanie Monta\u017cu instalacji, okien, jednostek centralnych klimatyzacji na elewacjach budynk\u00f3w Pracach w magazynach i halach fabrycznych Wed\u0142ug klasyfikacji UDT podest ruchomy stacjonarny jest urz\u0105dzeniem transportu bliskiego obj\u0119tym dozorem technicznym. Do czerwca 2020 nale\u017ca\u0142 do kategorii II P, wraz z podestami wisz\u0105cymi, obecnie uzyskuje si\u0119 uprawnienia UDT na podesty ruchome stacjonarne i masztowe jednocze\u015bnie. Podesty ruchome masztowe \u2013 kurs dla operator\u00f3w Celem kurs\u00f3w jest przekazanie wiedzy na temat budowy, dzia\u0142ania, zastosowa\u0144 podest\u00f3w, zasad bezpiecze\u0144stwa przy ich eksploatacji oraz obowi\u0105zk\u00f3w [&hellip;]<\/p>\n","protected":false},"author":1,"featured_media":4448,"parent":2721,"menu_order":0,"comment_status":"closed","ping_status":"closed","template":"","meta":{"sfsi_plus_gutenberg_text_before_share":"","sfsi_plus_gutenberg_show_text_before_share":"","sfsi_plus_gutenberg_icon_type":"","sfsi_plus_gutenberg_icon_alignemt":"","sfsi_plus_gutenburg_max_per_row":"","footnotes":""},"class_list":["post-3503","page","type-page","status-publish","has-post-thumbnail","hentry","has_thumb"],"aioseo_notices":[],"_links":{"self":[{"href":"https:\/\/kursy-udt.pl\/de\/wp-json\/wp\/v2\/pages\/3503","targetHints":{"allow":["GET"]}}],"collection":[{"href":"https:\/\/kursy-udt.pl\/de\/wp-json\/wp\/v2\/pages"}],"about":[{"href":"https:\/\/kursy-udt.pl\/de\/wp-json\/wp\/v2\/types\/page"}],"author":[{"embeddable":true,"href":"https:\/\/kursy-udt.pl\/de\/wp-json\/wp\/v2\/users\/1"}],"replies":[{"embeddable":true,"href":"https:\/\/kursy-udt.pl\/de\/wp-json\/wp\/v2\/comments?post=3503"}],"version-history":[{"count":6,"href":"https:\/\/kursy-udt.pl\/de\/wp-json\/wp\/v2\/pages\/3503\/revisions"}],"predecessor-version":[{"id":4757,"href":"https:\/\/kursy-udt.pl\/de\/wp-json\/wp\/v2\/pages\/3503\/revisions\/4757"}],"up":[{"embeddable":true,"href":"https:\/\/kursy-udt.pl\/de\/wp-json\/wp\/v2\/pages\/2721"}],"wp:featuredmedia":[{"embeddable":true,"href":"https:\/\/kursy-udt.pl\/de\/wp-json\/wp\/v2\/media\/4448"}],"wp:attachment":[{"href":"https:\/\/kursy-udt.pl\/de\/wp-json\/wp\/v2\/media?parent=3503"}],"curies":[{"name":"wp","href":"https:\/\/api.w.org\/{rel}","templated":true}]}}