{"id":3498,"date":"2021-09-02T13:45:14","date_gmt":"2021-09-02T13:45:14","guid":{"rendered":"https:\/\/kursy-udt.pl\/?page_id=3498"},"modified":"2023-02-14T12:27:23","modified_gmt":"2023-02-14T11:27:23","slug":"stationare-mobile-plattformen","status":"publish","type":"page","link":"https:\/\/kursy-udt.pl\/de\/szkolenia\/udt-wdt-tdt\/podesty-ruchome-stacjonarne\/","title":{"rendered":"Kurs f\u00fcr station\u00e4re mobile Plattformen"},"content":{"rendered":"<p>Dieser Kurs richtet sich an Personen, die als Bediener einer station\u00e4ren mobilen Arbeitsb\u00fchne arbeiten m\u00f6chten. Um sich in diesem Bereich zu qualifizieren, m\u00fcssen Sie eine Pr\u00fcfung vor der UDT-Kommission ablegen. Die von den Ausbildern des Zentrums angebotenen Schulungen sind eine zuverl\u00e4ssige Quelle f\u00fcr das Wissen, das f\u00fcr diese Pr\u00fcfung erforderlich ist. Dar\u00fcber hinaus bereiten sie die k\u00fcnftigen Bediener auf eine sichere und unfallfreie Arbeit mit den Ger\u00e4ten vor.<\/p>\n<p><a href=\"https:\/\/kursy-udt.pl\/wp-content\/uploads\/2022\/10\/12345.jpg\"><img loading=\"lazy\" decoding=\"async\" class=\"size-medium wp-image-4450 alignright\" src=\"https:\/\/kursy-udt.pl\/wp-content\/uploads\/2022\/10\/12345-300x225.jpg\" alt=\"\" width=\"300\" height=\"225\" srcset=\"https:\/\/kursy-udt.pl\/wp-content\/uploads\/2022\/10\/12345-300x225.jpg 300w, https:\/\/kursy-udt.pl\/wp-content\/uploads\/2022\/10\/12345-768x576.jpg 768w, https:\/\/kursy-udt.pl\/wp-content\/uploads\/2022\/10\/12345-16x12.jpg 16w, https:\/\/kursy-udt.pl\/wp-content\/uploads\/2022\/10\/12345-640x480.jpg 640w, https:\/\/kursy-udt.pl\/wp-content\/uploads\/2022\/10\/12345-624x468.jpg 624w, https:\/\/kursy-udt.pl\/wp-content\/uploads\/2022\/10\/12345.jpg 1024w\" sizes=\"auto, (max-width: 300px) 100vw, 300px\" \/><\/a><\/p>\n<h2>UDT-Zulassung f\u00fcr station\u00e4re Plattformen<\/h2>\n<p>Nach der Klassifizierung des Technischen \u00dcberwachungsamtes geh\u00f6ren ortsfeste Plattformen zu den Umschlagger\u00e4ten und unterliegen der technischen \u00dcberwachung. Zusammen mit aufgeh\u00e4ngten mobilen Plattformen geh\u00f6ren sie zur fr\u00fcheren Kategorie II P. <a href=\"https:\/\/kursy-udt.pl\/de\/uprawnienia-udt\/kategorie-uprawnien-2\/\">Berechtigungen<\/a> auf <a href=\"https:\/\/kursy-udt.pl\/de\/szkolenia\/udt-wdt-tdt\/podesty-ruchome-stacjonarne-masztowe-konserwacja\/\">station\u00e4re mobile Plattformen<\/a> f\u00fcr Betreiber werden f\u00fcr 10 Jahre erteilt und m\u00fcssen danach erneuert werden. Der von der Beh\u00f6rde ausgestellte Bef\u00e4higungsnachweis in Form einer Plastikkarte ist in ganz Polen g\u00fcltig und wird f\u00fcr eine Besch\u00e4ftigung ben\u00f6tigt.<\/p>\n<p>Die Pr\u00fcfung, die von der zust\u00e4ndigen UDT-Kommission (in Warschau oder in der Au\u00dfenstelle des Amtes) durchgef\u00fchrt wird, besteht aus einem Wissenstest mit geschlossenen Fragen, gefolgt von einer praktischen Pr\u00fcfung, bei der ein Gespr\u00e4ch mit einem Pr\u00fcfer an einem bestimmten Ger\u00e4t stattfindet. Die Qualifikationspr\u00fcfung ist ein integraler Bestandteil des Kurses - die UDT f\u00fchrt die Pr\u00fcfung zum festgelegten Termin durch.<\/p>\n<div class=\"filmw\">\n<div class=\"responsive-youtube\" style=\"text-align: center;\"><iframe loading=\"lazy\" title=\"YouTube-Video-Player\" src=\"https:\/\/www.youtube.com\/embed\/sadG__ZRQI8\" width=\"560\" height=\"315\" frameborder=\"0\" allowfullscreen=\"allowfullscreen\"><\/iframe><\/div>\n<\/div>\n<h2>Jobs f\u00fcr Bediener station\u00e4rer Arbeitsb\u00fchnen<\/h2>\n<p>Eine station\u00e4re mobile Arbeitsb\u00fchne ist ein Ger\u00e4t, das f\u00fcr den Einsatz an einem bestimmten Ort konzipiert ist. Er ist nicht mit einem Mechanismus ausgestattet, mit dem er bewegt werden kann. Dennoch ist er sehr beliebt: Er wird f\u00fcr Arbeiten im Freien und in R\u00e4umen verwendet. Beispiele f\u00fcr Anwendungen sind:<\/p>\n<ul>\n<li>KWK-Anlagen<\/li>\n<li>Schwerindustrie<\/li>\n<li>Reparatur- und Wartungsarbeiten:<\/li>\n<li>Produktions- und Wartungsprozesse<\/li>\n<\/ul>\n<h2>Kurs \"Station\u00e4re mobile Plattformen\" - Informationen<\/h2>\n<div style=\"width: 640px;\" class=\"wp-video\"><video id=\"video-3498-1\" width=\"640\" height=\"360\" poster=\"https:\/\/kursy-udt.pl\/wp-content\/uploads\/2023\/02\/20230127_031102_0000.jpg\" preload=\"metadata\" controls=\"controls\"><source type=\"video\/mp4\" src=\"https:\/\/kursy-udt.pl\/wp-content\/uploads\/2023\/02\/ACCEPTED-operator-podestow-4K-kursy-udt.mp4?_=1\" \/><a href=\"https:\/\/kursy-udt.pl\/wp-content\/uploads\/2023\/02\/ACCEPTED-operator-podestow-4K-kursy-udt.mp4\">https:\/\/kursy-udt.pl\/wp-content\/uploads\/2023\/02\/ACCEPTED-operator-podestow-4K-kursy-udt.mp4<\/a><\/video><\/div>\nDas UDT-Schulungsprogramm (in \u00dcbereinstimmung mit den Pr\u00fcfungsanforderungen dieser Institution) konzentriert sich auf die f\u00fcr die \u00dcberpr\u00fcfung von Qualifikationen erforderlichen Themen. Die Teilnehmer nehmen an theoretischen Vorlesungen und praktischen \u00dcbungen teil.<\/p>\n<p>Ausbildungsrahmen:<\/p>\n<ul>\n<li>Konstruktion, Arten und Anwendungen von festen Plattformen<\/li>\n<li>Verantwortlichkeiten des Ger\u00e4tef\u00fchrers w\u00e4hrend, vor und nach dem Betrieb<\/li>\n<li>Sicherheitsvorschriften f\u00fcr den Betrieb<\/li>\n<li>Geltende technische Pr\u00fcfvorschriften<\/li>\n<li>Praktische Aktivit\u00e4ten<\/li>\n<\/ul>\n<p>Die Ausbildung steht Erwachsenen offen, die mindestens \u00fcber einen Grundschulabschluss verf\u00fcgen und keine gesundheitlichen Probleme haben (eine Bescheinigung \u00fcber den guten Gesundheitszustand ist erforderlich, und eine Bescheinigung des Arbeitsmediziners, falls Sie berufst\u00e4tig sind). Es ist keine Erfahrung mit der Bedienung von Plattformen erforderlich - die Kurse werden von Anfang an oder - wenn eine Gruppe von Teilnehmern mit mehr Erfahrung zusammenkommt - nach Bedarf durchgef\u00fchrt.<\/p>\n<p>Je nach Gruppe kann die Dauer des Unterrichts zwischen 8 und 35 Stunden liegen. Die f\u00fcr die praktische Ausbildung ben\u00f6tigte Zeit wird individuell mit dem Ausbilder vereinbart.<\/p>\n<p>Informationen \u00fcber Kurstermine und -orte finden Sie auf unserer Website. Aktuelle Informationen finden Sie auch unter <a href=\"https:\/\/platformaedukacji.pl\/sklep\/\">www.platformaedukacji.pl<\/a>. Sie k\u00f6nnen sich dort auch f\u00fcr Kurse anmelden und Zahlungen leisten.<\/p>\n<p>Bei station\u00e4ren mobilen Plattformen k\u00f6nnen wir auch Kurse in einem geschlossenen Format als Schulung f\u00fcr Firmenmitarbeiter organisieren. Um die Einzelheiten zu besprechen, k\u00f6nnen Sie uns gerne per E-Mail oder Telefon kontaktieren.<\/p>\n<p>Werfen Sie einen Blick auf unser weiteres Kursangebot: f\u00fcr mobile Arbeitsb\u00fchnen, selbstfahrende Arbeitsb\u00fchnen oder Kurse f\u00fcr Stehleitern.<\/p>\n<p><a href=\"https:\/\/kursy-udt.pl\/wp-content\/uploads\/2022\/12\/PODESTY-RUCHOME-kursy-udt.pl_.png\"><img loading=\"lazy\" decoding=\"async\" class=\"aligncenter wp-image-4531\" src=\"https:\/\/kursy-udt.pl\/wp-content\/uploads\/2022\/12\/PODESTY-RUCHOME-kursy-udt.pl_-300x188.png\" alt=\"\" width=\"750\" height=\"469\" srcset=\"https:\/\/kursy-udt.pl\/wp-content\/uploads\/2022\/12\/PODESTY-RUCHOME-kursy-udt.pl_-300x188.png 300w, https:\/\/kursy-udt.pl\/wp-content\/uploads\/2022\/12\/PODESTY-RUCHOME-kursy-udt.pl_-1024x640.png 1024w, https:\/\/kursy-udt.pl\/wp-content\/uploads\/2022\/12\/PODESTY-RUCHOME-kursy-udt.pl_-768x480.png 768w, https:\/\/kursy-udt.pl\/wp-content\/uploads\/2022\/12\/PODESTY-RUCHOME-kursy-udt.pl_-18x12.png 18w, https:\/\/kursy-udt.pl\/wp-content\/uploads\/2022\/12\/PODESTY-RUCHOME-kursy-udt.pl_-624x390.png 624w, https:\/\/kursy-udt.pl\/wp-content\/uploads\/2022\/12\/PODESTY-RUCHOME-kursy-udt.pl_.png 1200w\" sizes=\"auto, (max-width: 750px) 100vw, 750px\" \/><\/a><\/p>","protected":false},"excerpt":{"rendered":"<p>To zaj\u0119cia przeznaczone dla os\u00f3b, kt\u00f3re chc\u0105 pracowa\u0107 w zawodzie operatora podest\u00f3w ruchomych stacjonarnych. Zdobycie kwalifikacji w tym zakresie wi\u0105\u017ce si\u0119 z konieczno\u015bci\u0105 zdania egzaminu przed komisj\u0105 UDT. Szkolenia prowadzone przez instruktor\u00f3w O\u015brodka stanowi\u0105 rzetelne \u017ar\u00f3d\u0142o wiedzy wymaganej na tym egzaminie. Dodatkowo s\u0105 dla przysz\u0142ych operator\u00f3w przygotowaniem do bezpiecznej, bezwypadkowej pracy z urz\u0105dzeniami. Uprawnienia UDT na podesty stacjonarne Wed\u0142ug klasyfikacji Urz\u0119du Dozoru Technicznego podesty stacjonarne nale\u017c\u0105 do urz\u0105dze\u0144 transportu bliskiego i s\u0105 obj\u0119te dozorem technicznym. Razem z podestami ruchomymi wisz\u0105cymi zaliczane s\u0105 do dawnej kategorii II P. Uprawnienia na podesty ruchome stacjonarne dla operator\u00f3w s\u0105 przyznawane na 10 lat, po tym czasie nale\u017cy je odnowi\u0107. Wystawione przez Urz\u0105d za\u015bwiadczenie kwalifikacyjne w formie karty plastikowej jest wa\u017cne na terenie ca\u0142ej Polski i wymagane przy zatrudnieniu. Przeprowadzany przez odpowiedni\u0105 komisj\u0119 UDT (w Warszawie lub oddziale terenowym Urz\u0119du) egzamin ma form\u0119 testu wiedzy z pytaniami zamkni\u0119tymi, a nast\u0119pnie sprawdzianu praktycznego, w czasie kt\u00f3rego odbywa si\u0119 rozmow\u0119 z egzaminatorem przy danym urz\u0105dzeniu. Proces sprawdzenia kwalifikacji jest integraln\u0105 cz\u0119\u015bci\u0105 kursu \u2013 UDT przeprowadza egzamin w wyznaczonym terminie. Praca dla operator\u00f3w podest\u00f3w stacjonarnych Podest ruchomy stacjonarny jest urz\u0105dzeniem przeznaczonym do pracy w jednym, wyznaczonym miejscu. Nie jest wyposa\u017cony w mechanizm umo\u017cliwiaj\u0105cy przemieszczanie. Mimo to jest do\u015b\u0107 popularny: u\u017cywa si\u0119 go w pracach na zewn\u0105trz i wewn\u0105trz budynk\u00f3w. Przyk\u0142adowe zastosowania to: Elektrociep\u0142ownie Przemys\u0142 ci\u0119\u017cki Prace remontowe i konserwacyjne: Procesy produkcyjne i konserwacyjne Kurs \u201cPodesty ruchome stacjonarne\u201d &#8211; informacje Program szkolenia UDT (zgodne z wymogami egzaminacyjnymi tej instytucji) skupia si\u0119 na zagadnieniach wymaganych podczas sprawdzenia kwalifikacji. Uczestnicy bior\u0105 udzia\u0142 w wyk\u0142adach teoretycznych oraz [&hellip;]<\/p>\n","protected":false},"author":1,"featured_media":4450,"parent":2721,"menu_order":0,"comment_status":"closed","ping_status":"closed","template":"","meta":{"sfsi_plus_gutenberg_text_before_share":"","sfsi_plus_gutenberg_show_text_before_share":"","sfsi_plus_gutenberg_icon_type":"","sfsi_plus_gutenberg_icon_alignemt":"","sfsi_plus_gutenburg_max_per_row":"","footnotes":""},"class_list":["post-3498","page","type-page","status-publish","has-post-thumbnail","hentry","has_thumb"],"aioseo_notices":[],"_links":{"self":[{"href":"https:\/\/kursy-udt.pl\/de\/wp-json\/wp\/v2\/pages\/3498","targetHints":{"allow":["GET"]}}],"collection":[{"href":"https:\/\/kursy-udt.pl\/de\/wp-json\/wp\/v2\/pages"}],"about":[{"href":"https:\/\/kursy-udt.pl\/de\/wp-json\/wp\/v2\/types\/page"}],"author":[{"embeddable":true,"href":"https:\/\/kursy-udt.pl\/de\/wp-json\/wp\/v2\/users\/1"}],"replies":[{"embeddable":true,"href":"https:\/\/kursy-udt.pl\/de\/wp-json\/wp\/v2\/comments?post=3498"}],"version-history":[{"count":6,"href":"https:\/\/kursy-udt.pl\/de\/wp-json\/wp\/v2\/pages\/3498\/revisions"}],"predecessor-version":[{"id":4758,"href":"https:\/\/kursy-udt.pl\/de\/wp-json\/wp\/v2\/pages\/3498\/revisions\/4758"}],"up":[{"embeddable":true,"href":"https:\/\/kursy-udt.pl\/de\/wp-json\/wp\/v2\/pages\/2721"}],"wp:featuredmedia":[{"embeddable":true,"href":"https:\/\/kursy-udt.pl\/de\/wp-json\/wp\/v2\/media\/4450"}],"wp:attachment":[{"href":"https:\/\/kursy-udt.pl\/de\/wp-json\/wp\/v2\/media?parent=3498"}],"curies":[{"name":"wp","href":"https:\/\/api.w.org\/{rel}","templated":true}]}}