{"id":3492,"date":"2021-09-02T12:10:53","date_gmt":"2021-09-02T12:10:53","guid":{"rendered":"https:\/\/kursy-udt.pl\/?page_id=3492"},"modified":"2023-01-04T09:19:46","modified_gmt":"2023-01-04T09:19:46","slug":"scherenhebebuhne","status":"publish","type":"page","link":"https:\/\/kursy-udt.pl\/de\/szkolenia\/udt-wdt-tdt\/boom-lift-scissor-lift\/","title":{"rendered":"Ein Kurs zur Vorbereitung auf die Arbeit auf Hubarbeitsb\u00fchnen im Ausland (Auslegerb\u00fchne, Scherenb\u00fchne)."},"content":{"rendered":"<p><a href=\"https:\/\/kursy-udt.pl\/wp-content\/uploads\/2021\/09\/kursy-udt.pl-0017-OPUBLIKOWANE-v7-Copy.jpg\"><img loading=\"lazy\" decoding=\"async\" class=\"paddingleft10 wp-image-3493 size-medium alignleft\" src=\"https:\/\/kursy-udt.pl\/wp-content\/uploads\/2021\/09\/kursy-udt.pl-0017-OPUBLIKOWANE-v7-Copy-300x200.jpg\" alt=\"Hubarbeitsb\u00fchnen, Scherenhebeb\u00fchnen (Boom Lift, Scissor Lift) - f\u00fcr die Bedienung dieser Maschinen im Ausland sind zus\u00e4tzliche Qualifikationen erforderlich\" width=\"300\" height=\"200\" srcset=\"https:\/\/kursy-udt.pl\/wp-content\/uploads\/2021\/09\/kursy-udt.pl-0017-OPUBLIKOWANE-v7-Copy-300x200.jpg 300w, https:\/\/kursy-udt.pl\/wp-content\/uploads\/2021\/09\/kursy-udt.pl-0017-OPUBLIKOWANE-v7-Copy.jpg 579w\" sizes=\"auto, (max-width: 300px) 100vw, 300px\" \/><\/a>Die Erlangung einer beruflichen Qualifikation vor der Abreise ins Ausland kann der Schl\u00fcssel zu einer gut bezahlten Stelle mit einer kurzen Stellensuche sein. Solche Spezialisten wie Bediener mobiler Arbeitsb\u00fchnen sind - wie bei uns - im Baugewerbe, bei Renovierungsarbeiten und in anderen Branchen gefragt. Hubarbeitsb\u00fchnen und Scherenb\u00fchnen werden auch f\u00fcr Arbeiten auf \u00d6lplattformen sowie in H\u00e4fen und Werften eingesetzt. Um diese Maschinen im Ausland bedienen zu k\u00f6nnen, ist es oft notwendig, zus\u00e4tzliche Qualifikationen zu erwerben. <a href=\"https:\/\/kursy-udt.pl\/de\/uprawnienia-udt\/kategorie-uprawnien-2\/\">Anrechte<\/a>. Die polnischen, von der UDT ausgestellten, werden nicht \u00fcberall anerkannt.<\/p>\n<p>F\u00fcr diejenigen, die in mit der Organisation assoziierten L\u00e4ndern arbeiten m\u00f6chten <a href=\"https:\/\/kursy-udt.pl\/de\/szkolenia\/udt-wdt-tdt\/sygnalista-hakowy\/\">OMHEC<\/a> (Offshore Mechanical Handling Equipment Committee), d. h. das Vereinigte K\u00f6nigreich, D\u00e4nemark, Norwegen und die Niederlande, empfehlen wir Ihnen einen Kurs, der Sie auf die Zertifizierung vorbereitet. Mit dieser Zertifizierung k\u00f6nnen Sie als Ger\u00e4tef\u00fchrer arbeiten. Der Unterricht findet an einem festen Standort in Warschau oder per Fernunterricht in Form von E-Learning statt.<\/p>\n<h2>Kurs zur Bedienung von Hubarbeitsb\u00fchnen und Scherenhebeb\u00fchnen im Ausland<\/h2>\n<p>Die Ausbildung wurde von Experten unseres Zentrums auf der Grundlage der von der OMHEC-Organisation festgelegten Normen und der MEWP-Norm ISO 18878 vorbereitet, so dass die Absolvierung der Ausbildung und der Erwerb des Zertifikats in den oben genannten L\u00e4ndern anerkannt werden.<\/p>\n<p>W\u00e4hrend der Schulung erwerben die Teilnehmer Kenntnisse \u00fcber:<\/p>\n<ul>\n<li>Aufbau und Funktionsweise der Aufzugskomponenten von Hubarbeitsb\u00fchnen<\/li>\n<li>Sicherheitsvorschriften unter Ber\u00fccksichtigung der Arbeitsbedingungen an Land und auf See<\/li>\n<li>Ausl\u00e4ndische Vorschriften f\u00fcr den Betrieb von mobilen Plattformen<\/li>\n<li>Hebetests sowie Kraft- und Stabilit\u00e4tstests<\/li>\n<\/ul>\n<p>In \u00dcbereinstimmung mit den ISO- und OMHEC-Richtlinien nehmen die Studenten auch an praktischen Kursen teil, in denen sie lernen, wie man die Ger\u00e4te bedient und wie man sie sicher bedient.<\/p>\n<div class=\"filmw\">\n<div class=\"responsive-youtube\" style=\"text-align: center;\"><iframe loading=\"lazy\" title=\"YouTube-Video-Player\" src=\"https:\/\/www.youtube.com\/embed\/sadG__ZRQI8\" width=\"560\" height=\"315\" frameborder=\"0\" allowfullscreen=\"allowfullscreen\"><\/iframe><\/div>\n<\/div>\n<h2>Berechtigung zur Arbeit im Ausland<\/h2>\n<p>Am Ende des Ausbildungsteils wird eine Pr\u00fcfung f\u00fcr die Auszubildenden organisiert: ein theoretischer und ein praktischer Teil. Bei Bestehen erhalten sie das Zertifikat, das sie f\u00fcr die Bewerbung um eine Stelle im Ausland ben\u00f6tigen. Das Zentrum bietet auch die M\u00f6glichkeit, gegen einen Aufpreis von 300 PLN eine Hot Work-Plastikkarte auszustellen. Das Zertifikat ist 5 Jahre lang g\u00fcltig.<\/p>\n<h2>Informationen \u00fcber Ger\u00e4te, die nach der Qualifizierung betrieben werden k\u00f6nnen<\/h2>\n<h3>Hebeb\u00fchnen<\/h3>\n<p>Dies sind mobile Plattformen, die als selbstfahrend eingestuft werden. Sie sind auch als Stehleitern bekannt. Es handelt sich um eine der h\u00e4ufigsten Arten von Arbeitsb\u00fchnen: ein Ausleger mit einer Plattform auf einem LKW-Anh\u00e4nger. Die Ausleger k\u00f6nnen sich in Bezug auf Hubkraft, Arbeitsh\u00f6he, Plattformgr\u00f6\u00dfe und Antrieb (Elektro- oder Dieselantrieb) unterscheiden und je nach diesen Parametern f\u00fcr verschiedene Zwecke eingesetzt werden. Sie werden sowohl f\u00fcr Arbeiten in Innenr\u00e4umen (z. B. Montage- oder Wartungsarbeiten in gro\u00dfen Fabrik- oder Lagerhallen) als auch im Freien eingesetzt: f\u00fcr Arbeiten an Geb\u00e4udefassaden, die Installation und Reparatur von Beleuchtungen, das Beschneiden von \u00c4sten oder das Aufh\u00e4ngen von gro\u00dfformatiger Werbung.<a href=\"https:\/\/kursy-udt.pl\/wp-content\/uploads\/2021\/09\/kursy-udt.pl-0017-OPUBLIKOWANY-v8-Copy.jpg\"><img loading=\"lazy\" decoding=\"async\" class=\"size-full wp-image-3494 aligncenter\" src=\"https:\/\/kursy-udt.pl\/wp-content\/uploads\/2021\/09\/kursy-udt.pl-0017-OPUBLIKOWANY-v8-Copy.jpg\" alt=\"\" width=\"579\" height=\"386\" srcset=\"https:\/\/kursy-udt.pl\/wp-content\/uploads\/2021\/09\/kursy-udt.pl-0017-OPUBLIKOWANY-v8-Copy.jpg 579w, https:\/\/kursy-udt.pl\/wp-content\/uploads\/2021\/09\/kursy-udt.pl-0017-OPUBLIKOWANY-v8-Copy-300x200.jpg 300w\" sizes=\"auto, (max-width: 579px) 100vw, 579px\" \/><\/a><\/p>\n<h3>Scherenhebeb\u00fchnen<\/h3>\n<p>Es handelt sich um Ger\u00e4te, die nach der Klassifizierung der UDT zu den frei beweglichen Plattformen geh\u00f6ren. Ein charakteristisches Merkmal dieser Aufz\u00fcge sind die klappbaren Ausleger, die in ihrer Funktionsweise einer Schere \u00e4hneln. Am Ausleger befindet sich eine Arbeitsplattform f\u00fcr den vertikalen Transport der Arbeiter. Das Ganze steht auf einer Plattform, die mit R\u00e4dern ausgestattet ist. Elektrische Scherenhebeb\u00fchnen werden aufgrund ihrer geringen Gr\u00f6\u00dfe h\u00e4ufig f\u00fcr Arbeiten in Innenr\u00e4umen eingesetzt. Dazu geh\u00f6ren Arbeiten wie das Streichen von W\u00e4nden und Decken, Installations- oder Renovierungsarbeiten. Gr\u00f6\u00dfere Hebeb\u00fchnen mit Verbrennungsmotor eignen sich gut f\u00fcr Arbeiten in schwierigem Gel\u00e4nde, einschlie\u00dflich steiler H\u00e4nge und geringer Tragf\u00e4higkeit.<\/p>\n<p><a href=\"https:\/\/kursy-udt.pl\/wp-content\/uploads\/2022\/12\/18-podnosniki-koszowe-kursy-udt.pl_.png\"><img loading=\"lazy\" decoding=\"async\" class=\"aligncenter wp-image-4551\" src=\"https:\/\/kursy-udt.pl\/wp-content\/uploads\/2022\/12\/18-podnosniki-koszowe-kursy-udt.pl_-300x188.png\" alt=\"\" width=\"750\" height=\"469\" srcset=\"https:\/\/kursy-udt.pl\/wp-content\/uploads\/2022\/12\/18-podnosniki-koszowe-kursy-udt.pl_-300x188.png 300w, https:\/\/kursy-udt.pl\/wp-content\/uploads\/2022\/12\/18-podnosniki-koszowe-kursy-udt.pl_-1024x640.png 1024w, https:\/\/kursy-udt.pl\/wp-content\/uploads\/2022\/12\/18-podnosniki-koszowe-kursy-udt.pl_-768x480.png 768w, https:\/\/kursy-udt.pl\/wp-content\/uploads\/2022\/12\/18-podnosniki-koszowe-kursy-udt.pl_-18x12.png 18w, https:\/\/kursy-udt.pl\/wp-content\/uploads\/2022\/12\/18-podnosniki-koszowe-kursy-udt.pl_-624x390.png 624w, https:\/\/kursy-udt.pl\/wp-content\/uploads\/2022\/12\/18-podnosniki-koszowe-kursy-udt.pl_.png 1200w\" sizes=\"auto, (max-width: 750px) 100vw, 750px\" \/><\/a><\/p>\n<p>&nbsp;<\/p>","protected":false},"excerpt":{"rendered":"<p>Uzyskanie kwalifikacji zawodowych przed wyjazdem za granic\u0119 mo\u017ce by\u0107 kluczem do zdobycia dobrze p\u0142atnej pracy przy kr\u00f3tkim czasie poszukiwania zatrudnienia. Tacy specjali\u015bci, jak operatorzy podest\u00f3w ruchomych, s\u0105 &#8211; podobnie jak w naszym kraju \u2013 poszukiwani w firmach budowlanych, remontowych i z innych bran\u017c. Podno\u015bniki koszowe i no\u017cycowe wykorzystuje si\u0119 tak\u017ce w pracach na platformach wiertniczych oraz w portach i stoczniach. Aby m\u00f3c obs\u0142ugiwa\u0107 te urz\u0105dzenia za granic\u0105, cz\u0119sto trzeba uzyska\u0107 dodatkowe uprawnienia. Te polskie, wydawane przez UDT, nie wsz\u0119dzie s\u0105 honorowane. Osobom, kt\u00f3re chcia\u0142yby podj\u0105\u0107 prac\u0119 w krajach zrzeszonych w organizacji OMHEC (Offshore Mechanical Handling Equipment Committee), czyli Wielkiej Brytanii, Danii, Norwegii i Holandii, polecamy kurs przygotowuj\u0105cy do zdobycia certyfikatu. Otrzymanie tych uprawnie\u0144 pozwala wykonywa\u0107 prac\u0119 na stanowisku operatora urz\u0105dze\u0144. Zaj\u0119cia odbywaj\u0105 si\u0119 stacjonarnie w Warszawie lub zdalnie, w formie e-learningu. Przebieg kursu na obs\u0142ug\u0119 podno\u015bnik\u00f3w koszowych (boom lift) i podno\u015bnik\u00f3w no\u017cycowych (scissor lift) za granic\u0105 Szkolenie zosta\u0142o przygotowane przez ekspert\u00f3w z naszego O\u015brodka w oparciu o standardy wyznaczone przez organizacj\u0119 OMHEC oraz o normy MEWP ISO 18878. Dzi\u0119ki temu uko\u0144czenie szkolenia i zdobycie certyfikatu jest honorowane w wymienionych krajach. Podczas szkolenia uczestnicy zdobywaj\u0105 wiedz\u0119 na temat: Budowy i sposobu dzia\u0142ania element\u00f3w sk\u0142adowych podno\u015bnik\u00f3w MEWP Zasad bezpiecze\u0144stwa, z uwzgl\u0119dnieniem warunk\u00f3w pracy na l\u0105dzie i na morzu Obowi\u0105zuj\u0105cych za granic\u0105 przepis\u00f3w dotycz\u0105cych eksploatacji podest\u00f3w ruchomych Bada\u0144 i pr\u00f3b wytrzyma\u0142o\u015bci i stateczno\u015bci podno\u015bnik\u00f3w Zgodnie z wytycznymi ISO oraz OMHEC kursanci uczestnicz\u0105 r\u00f3wnie\u017c w zaj\u0119ciach praktycznych, w czasie kt\u00f3rych ucz\u0105 si\u0119 obs\u0142ugi urz\u0105dze\u0144 oraz bezpiecznej eksploatacji. Uprawnienia do pracy za granic\u0105 Po zako\u0144czeniu cz\u0119\u015bci szkoleniowej dla kursant\u00f3w organizowany [&hellip;]<\/p>\n","protected":false},"author":1,"featured_media":3493,"parent":2721,"menu_order":0,"comment_status":"closed","ping_status":"closed","template":"","meta":{"sfsi_plus_gutenberg_text_before_share":"","sfsi_plus_gutenberg_show_text_before_share":"","sfsi_plus_gutenberg_icon_type":"","sfsi_plus_gutenberg_icon_alignemt":"","sfsi_plus_gutenburg_max_per_row":"","footnotes":""},"class_list":["post-3492","page","type-page","status-publish","has-post-thumbnail","hentry","has_thumb"],"aioseo_notices":[],"_links":{"self":[{"href":"https:\/\/kursy-udt.pl\/de\/wp-json\/wp\/v2\/pages\/3492","targetHints":{"allow":["GET"]}}],"collection":[{"href":"https:\/\/kursy-udt.pl\/de\/wp-json\/wp\/v2\/pages"}],"about":[{"href":"https:\/\/kursy-udt.pl\/de\/wp-json\/wp\/v2\/types\/page"}],"author":[{"embeddable":true,"href":"https:\/\/kursy-udt.pl\/de\/wp-json\/wp\/v2\/users\/1"}],"replies":[{"embeddable":true,"href":"https:\/\/kursy-udt.pl\/de\/wp-json\/wp\/v2\/comments?post=3492"}],"version-history":[{"count":4,"href":"https:\/\/kursy-udt.pl\/de\/wp-json\/wp\/v2\/pages\/3492\/revisions"}],"predecessor-version":[{"id":4591,"href":"https:\/\/kursy-udt.pl\/de\/wp-json\/wp\/v2\/pages\/3492\/revisions\/4591"}],"up":[{"embeddable":true,"href":"https:\/\/kursy-udt.pl\/de\/wp-json\/wp\/v2\/pages\/2721"}],"wp:featuredmedia":[{"embeddable":true,"href":"https:\/\/kursy-udt.pl\/de\/wp-json\/wp\/v2\/media\/3493"}],"wp:attachment":[{"href":"https:\/\/kursy-udt.pl\/de\/wp-json\/wp\/v2\/media?parent=3492"}],"curies":[{"name":"wp","href":"https:\/\/api.w.org\/{rel}","templated":true}]}}