{"id":3486,"date":"2021-09-02T11:25:18","date_gmt":"2021-09-02T11:25:18","guid":{"rendered":"https:\/\/kursy-udt.pl\/?page_id=3486"},"modified":"2022-12-05T11:39:23","modified_gmt":"2022-12-05T11:39:23","slug":"entrumpelungsmaschinen","status":"publish","type":"page","link":"https:\/\/kursy-udt.pl\/de\/szkolenia\/udt-wdt-tdt\/zwyzki-podnosniki-koszowe\/","title":{"rendered":"Hochgebirgskurs (Hubarbeitsb\u00fchnen)"},"content":{"rendered":"<p><a href=\"https:\/\/kursy-udt.pl\/wp-content\/uploads\/2021\/09\/kursy-udt.pl-0016-OPUBLIKOWANY-v5-Copy.jpg\"><img loading=\"lazy\" decoding=\"async\" class=\"paddingleft10 alignleft wp-image-3487 size-medium\" src=\"https:\/\/kursy-udt.pl\/wp-content\/uploads\/2021\/09\/kursy-udt.pl-0016-OPUBLIKOWANY-v5-Copy-300x224.jpg\" alt=\"Hubarbeitsb\u00fchnen - vielseitig einsetzbare Ger\u00e4te f\u00fcr Arbeiten in der H\u00f6he\" width=\"300\" height=\"224\" srcset=\"https:\/\/kursy-udt.pl\/wp-content\/uploads\/2021\/09\/kursy-udt.pl-0016-OPUBLIKOWANY-v5-Copy-300x224.jpg 300w, https:\/\/kursy-udt.pl\/wp-content\/uploads\/2021\/09\/kursy-udt.pl-0016-OPUBLIKOWANY-v5-Copy.jpg 579w\" sizes=\"auto, (max-width: 300px) 100vw, 300px\" \/><\/a>Ziel der Ausbildung ist nicht nur die bestm\u00f6gliche Vorbereitung auf die UDT-Pr\u00fcfung, sondern auch die Vermittlung von Kenntnissen und das Erlernen von Fertigkeiten, die bei der sp\u00e4teren Arbeit von Nutzen sein werden. Unsere Ausbilder legen gro\u00dfen Wert auf die Grunds\u00e4tze der sicheren Ger\u00e4tebedienung, um St\u00f6rungen und Arbeitsunf\u00e4lle zu vermeiden. Im Preis der Ausbildung ist eine Pr\u00fcfung enthalten, nach deren Bestehen Sie Folgendes erhalten <a href=\"https:\/\/kursy-udt.pl\/de\/uprawnienia-udt\/kategorie-uprawnien-2\/\">UDT-Anspr\u00fcche<\/a>die f\u00fcr die Aus\u00fcbung des Berufs unerl\u00e4sslich sind.<\/p>\n<h2>Hubarbeitsb\u00fchnenkurs - Informationen<\/h2>\n<h3><\/h3>\n<h3>Theorieunterricht<\/h3>\n<p>Der Kurs beginnt mit Vorlesungen, in denen die Ausbilder auf verst\u00e4ndliche Weise Wissen \u00fcber die Konstruktion von Aufz\u00fcgen, die Funktionsweise der Mechanismen, das Lesen von Bedienungsanleitungen, Betriebsprinzipien, Tests und Pr\u00fcfungen vermitteln. Der Unterricht findet entweder vor Ort oder online in Form von Webinaren statt.<\/p>\n<h3>Praktische Aktivit\u00e4ten<\/h3>\n<p>Die Studenten k\u00f6nnen individuelle Termine f\u00fcr praktische \u00dcbungen in der Halle auf dem Man\u00f6vergel\u00e4nde vereinbaren. Das Zentrum verf\u00fcgt \u00fcber eine eigene technische Basis mit den im Kurs besprochenen Ger\u00e4ten. Der angehende Bediener hat die M\u00f6glichkeit, sich mit der Konstruktion von Absetzkippern vertraut zu machen, das Starten und Bedienen zu \u00fcben, die Prinzipien der <a href=\"https:\/\/kursy-udt.pl\/de\/szkolenia\/bhp-bezpieczenstwo-pracy\/prawna-ochrona-pracy\/\">GESUNDHEIT UND SICHERHEIT<\/a> die bei Unf\u00e4llen und Notf\u00e4llen anwendbar sind.<\/p>\n<p>Das Themenspektrum beider Teile der Schulung wird mit der UDT abgestimmt. Die Anzahl der Schulungsstunden kann je nach Niveau und Bedarf der Gruppe und der Art der Plattformen variieren (von etwa 8 bis 35 Stunden).<\/p>\n<div class=\"filmw\">\n<div class=\"responsive-youtube\" style=\"text-align: center;\"><iframe loading=\"lazy\" title=\"YouTube-Video-Player\" src=\"https:\/\/www.youtube.com\/embed\/sadG__ZRQI8\" width=\"560\" height=\"315\" frameborder=\"0\" allowfullscreen=\"allowfullscreen\"><\/iframe><\/div>\n<\/div>\n<h3>Aufzugskurs - organisatorische Details<\/h3>\n<p>Wer kann teilnehmen: Personen jeden Niveaus, die \u00fcber 18 Jahre alt sind, keine gesundheitlichen Einschr\u00e4nkungen haben und mindestens \u00fcber einen Grundschulabschluss verf\u00fcgen.<\/p>\n<p>Wo finden die Kurse statt: Das Zentrum organisiert Schulungen f\u00fcr Hubarbeitsb\u00fchnen in Warschau, Krakau und Kattowitz. Auf Anfrage von Gesch\u00e4ftskunden organisieren wir auch Schulungen an anderen Standorten.<\/p>\n<p>Wie viel kosten sie? <a href=\"https:\/\/kursy-udt.pl\/de\/szkolenia\/podesty-ruchome\/\">Kurse f\u00fcr mobile Plattformen<\/a>: Der Preis wird den Interessenten bei der Anmeldung mitgeteilt. Er h\u00e4ngt u.a. vom Datum des Kurses, der Gr\u00f6\u00dfe der Gruppe und anderen Faktoren ab.<\/p>\n<h2>UDT-Pr\u00fcfung - Qualifikationen nach dem Kurs<\/h2>\n<p>Der Kurs beinhaltet eine staatliche Pr\u00fcfung vor UDT-Inspektoren (in Warschau oder an anderen Orten). Nach bestandener Pr\u00fcfung erhalten Sie ein Zertifikat f\u00fcr die Turmaufz\u00fcge, das 5 Jahre lang g\u00fcltig ist. Sie sind in Polen g\u00fcltig.<\/p>\n<h2><a href=\"https:\/\/kursy-udt.pl\/wp-content\/uploads\/2021\/09\/kursy-udt.pl-0016-OPUBLIKOWANY-v6-Copy.jpg\"><img loading=\"lazy\" decoding=\"async\" class=\"size-full wp-image-3488 aligncenter\" src=\"https:\/\/kursy-udt.pl\/wp-content\/uploads\/2021\/09\/kursy-udt.pl-0016-OPUBLIKOWANY-v6-Copy.jpg\" alt=\"Hubarbeitsb\u00fchnen - Hubarbeitsb\u00fchnen haben eine Plattform an einem Ausleger, der auf einem Wagen steht\" width=\"579\" height=\"386\" srcset=\"https:\/\/kursy-udt.pl\/wp-content\/uploads\/2021\/09\/kursy-udt.pl-0016-OPUBLIKOWANY-v6-Copy.jpg 579w, https:\/\/kursy-udt.pl\/wp-content\/uploads\/2021\/09\/kursy-udt.pl-0016-OPUBLIKOWANY-v6-Copy-300x200.jpg 300w\" sizes=\"auto, (max-width: 579px) 100vw, 579px\" \/><\/a><\/h2>\n<h2>Hubarbeitsb\u00fchnen: wie sie funktionieren, wo sie eingesetzt werden<\/h2>\n<p>Diese Art von mobilen Arbeitsb\u00fchnen wird h\u00e4ufig f\u00fcr Arbeiten in der H\u00f6he verwendet. Sie besteht aus einer Plattform oder einem Korb, der an einem hydraulischen Arm angebracht ist. Die gesamte Einheit befindet sich in der Regel auf einem Lkw-Anh\u00e4nger, was dem Ger\u00e4t gro\u00dfe M\u00f6glichkeiten beim Transport bietet.<\/p>\n<p>Die grundlegenden Parameter, durch die sich die verschiedenen Modelle von Korbplattformen unterscheiden k\u00f6nnen, sind:<\/p>\n<ul>\n<li>Maximale Hubh\u00f6he, d. h. die H\u00f6he, bis zu der sich die Plattform heben kann<\/li>\n<li>Maximale Reichweite der Plattform - gemessen von der Drehachse bis zur \u00e4u\u00dfersten Position des Korbes<\/li>\n<li>Abmessungen der Arbeitsb\u00fchne<\/li>\n<li>Maximale Tragf\u00e4higkeit - das Gewicht, das die Plattform tragen kann, ausgedr\u00fcckt in Kilogramm oder in der Anzahl der Personen<\/li>\n<li>Gewicht und Abmessungen<\/li>\n<li>Antriebsart: elektrisch oder Diesel<\/li>\n<\/ul>\n<p>Beispiele f\u00fcr gehobene Anwendungen sind:<\/p>\n<ul>\n<li>Arbeiten in der H\u00f6he auf der Baustelle<\/li>\n<li>Wartung, Reinigung, Anstrich von D\u00e4chern<\/li>\n<li>Reparatur von Beleuchtung, Elektroinstallation, Ampeln<\/li>\n<li>Waschen von Fenstern und Fassadenelementen<\/li>\n<li>Beschneiden von \u00c4sten, Pflege von Gr\u00fcnanlagen in Parks und anderen Gr\u00fcnfl\u00e4chen<\/li>\n<li>Aktivit\u00e4ten der Feuerwehr - Feuerwehrfahrzeuge sind auch eine Art von Hebeb\u00fchne<\/li>\n<\/ul>\n<p>&nbsp;<\/p>\n<p><a href=\"https:\/\/kursy-udt.pl\/wp-content\/uploads\/2022\/12\/16-kurs-zwyzki-nozycowe-kursy-udt.pl_.png\"><img loading=\"lazy\" decoding=\"async\" class=\"aligncenter wp-image-4526\" src=\"https:\/\/kursy-udt.pl\/wp-content\/uploads\/2022\/12\/16-kurs-zwyzki-nozycowe-kursy-udt.pl_-300x188.png\" alt=\"\" width=\"750\" height=\"469\" srcset=\"https:\/\/kursy-udt.pl\/wp-content\/uploads\/2022\/12\/16-kurs-zwyzki-nozycowe-kursy-udt.pl_-300x188.png 300w, https:\/\/kursy-udt.pl\/wp-content\/uploads\/2022\/12\/16-kurs-zwyzki-nozycowe-kursy-udt.pl_-1024x640.png 1024w, https:\/\/kursy-udt.pl\/wp-content\/uploads\/2022\/12\/16-kurs-zwyzki-nozycowe-kursy-udt.pl_-768x480.png 768w, https:\/\/kursy-udt.pl\/wp-content\/uploads\/2022\/12\/16-kurs-zwyzki-nozycowe-kursy-udt.pl_-18x12.png 18w, https:\/\/kursy-udt.pl\/wp-content\/uploads\/2022\/12\/16-kurs-zwyzki-nozycowe-kursy-udt.pl_-624x390.png 624w, https:\/\/kursy-udt.pl\/wp-content\/uploads\/2022\/12\/16-kurs-zwyzki-nozycowe-kursy-udt.pl_.png 1200w\" sizes=\"auto, (max-width: 750px) 100vw, 750px\" \/><\/a><\/p>","protected":false},"excerpt":{"rendered":"<p>Celem szkolenia jest nie tylko jak najlepsze przygotowanie kursant\u00f3w do egzaminu UDT, ale tak\u017ce przekazanie wiedzy i nauka umiej\u0119tno\u015bci, kt\u00f3re przydadz\u0105 si\u0119 w p\u00f3\u017aniejszej pracy. Nasi instruktorzy przyk\u0142adaj\u0105 du\u017c\u0105 wag\u0119 do zasad bezpiecznej eksploatacji urz\u0105dze\u0144, co pozwala unikn\u0105\u0107 awarii i wypadk\u00f3w przy pracy. W cenie szkolenia zawarty jest egzamin, po kt\u00f3rego zaliczeniu uzyskuje si\u0119 uprawnienia UDT, niezb\u0119dne do pracy w zawodzie. Kurs na podno\u015bnik koszowy \u2013 informacje Zaj\u0119cia z teorii Kurs rozpoczyna si\u0119 wyk\u0142adami, w trakcie kt\u00f3rych instruktorzy w przyst\u0119pny spos\u00f3b przekazuj\u0105 wiedz\u0119 na temat budowy podno\u015bnik\u00f3w, dzia\u0142ania mechanizm\u00f3w, czytania instrukcji obs\u0142ugi, zasad eksploatacji, bada\u0144 i pr\u00f3b. Zaj\u0119cia odbywaj\u0105 si\u0119 stacjonarnie lub online, w formie webinar\u00f3w. Zaj\u0119cia praktyczne Kursanci mog\u0105 umawia\u0107 si\u0119 indywidualnie na \u0107wiczenia praktyczne w hali na placu manewrowym. O\u015brodek dysponuje w\u0142asn\u0105 baz\u0105 techniczn\u0105 z urz\u0105dzeniami omawianymi na kursie. Kandydat na operatora ma okazj\u0119 zapozna\u0107 si\u0119 w praktyce z budow\u0105 zwy\u017cek, prze\u0107wiczy\u0107 uruchamianie i obs\u0142ug\u0119, pozna\u0107 zasady BHP obowi\u0105zuj\u0105ce przy wypadkach i awariach. Zakres zagadnie\u0144 w obu cz\u0119\u015bciach szkolenia jest uzgadniany z UDT. Szkolenia mog\u0105 r\u00f3\u017cni\u0107 si\u0119 liczb\u0105 godzin, w zale\u017cno\u015bci od stopnia zaawansowania i potrzeb grupy oraz typu podest\u00f3w (od ok. 8 do 35 godzin). Kurs na podno\u015bniki &#8211; szczeg\u00f3\u0142y organizacyjne Kto mo\u017ce wzi\u0105\u0107 udzia\u0142 w zaj\u0119ciach: osoby na r\u00f3\u017cnym poziomie zaawansowania, w wieku powy\u017cej 18 lat, bez przeciwwskaza\u0144 zdrowotnych, posiadaj\u0105ce co najmniej wykszta\u0142cenie podstawowe. Gdzie odbywaj\u0105 si\u0119 kursy: O\u015brodek organizuje szkolenia na podno\u015bniki koszowe w Warszawie, Krakowie, Katowicach. Na \u017cyczenie klient\u00f3w biznesowych organizujemy r\u00f3wnie\u017c szkolenia w innych lokalizacjach. Ile kosztuj\u0105 kursy na podesty ruchome: cena jest podawana zainteresowanym klientom przy rejestracji. [&hellip;]<\/p>\n","protected":false},"author":1,"featured_media":3487,"parent":2721,"menu_order":0,"comment_status":"closed","ping_status":"closed","template":"","meta":{"sfsi_plus_gutenberg_text_before_share":"","sfsi_plus_gutenberg_show_text_before_share":"","sfsi_plus_gutenberg_icon_type":"","sfsi_plus_gutenberg_icon_alignemt":"","sfsi_plus_gutenburg_max_per_row":"","footnotes":""},"class_list":["post-3486","page","type-page","status-publish","has-post-thumbnail","hentry","has_thumb"],"aioseo_notices":[],"_links":{"self":[{"href":"https:\/\/kursy-udt.pl\/de\/wp-json\/wp\/v2\/pages\/3486","targetHints":{"allow":["GET"]}}],"collection":[{"href":"https:\/\/kursy-udt.pl\/de\/wp-json\/wp\/v2\/pages"}],"about":[{"href":"https:\/\/kursy-udt.pl\/de\/wp-json\/wp\/v2\/types\/page"}],"author":[{"embeddable":true,"href":"https:\/\/kursy-udt.pl\/de\/wp-json\/wp\/v2\/users\/1"}],"replies":[{"embeddable":true,"href":"https:\/\/kursy-udt.pl\/de\/wp-json\/wp\/v2\/comments?post=3486"}],"version-history":[{"count":5,"href":"https:\/\/kursy-udt.pl\/de\/wp-json\/wp\/v2\/pages\/3486\/revisions"}],"predecessor-version":[{"id":4528,"href":"https:\/\/kursy-udt.pl\/de\/wp-json\/wp\/v2\/pages\/3486\/revisions\/4528"}],"up":[{"embeddable":true,"href":"https:\/\/kursy-udt.pl\/de\/wp-json\/wp\/v2\/pages\/2721"}],"wp:featuredmedia":[{"embeddable":true,"href":"https:\/\/kursy-udt.pl\/de\/wp-json\/wp\/v2\/media\/3487"}],"wp:attachment":[{"href":"https:\/\/kursy-udt.pl\/de\/wp-json\/wp\/v2\/media?parent=3486"}],"curies":[{"name":"wp","href":"https:\/\/api.w.org\/{rel}","templated":true}]}}