{"id":3478,"date":"2021-09-02T10:50:22","date_gmt":"2021-09-02T10:50:22","guid":{"rendered":"https:\/\/kursy-udt.pl\/?page_id=3478"},"modified":"2023-02-14T12:24:42","modified_gmt":"2023-02-14T11:24:42","slug":"transportplattformen-spinnen","status":"publish","type":"page","link":"https:\/\/kursy-udt.pl\/de\/szkolenia\/udt-wdt-tdt\/podesty-przewozne-pajaki\/","title":{"rendered":"Kurs \u00fcber mobile Plattformen - Spinnen"},"content":{"rendered":"<p><a href=\"https:\/\/kursy-udt.pl\/wp-content\/uploads\/2021\/09\/kursy-udt.pl-0015-OPUBLIKOWANY-v3-Copy.jpg\"><img loading=\"lazy\" decoding=\"async\" class=\"paddingleft10 alignleft wp-image-3479 size-medium\" src=\"https:\/\/kursy-udt.pl\/wp-content\/uploads\/2021\/09\/kursy-udt.pl-0015-OPUBLIKOWANY-v3-Copy-300x142.jpg\" alt=\"Der Betrieb mobiler Plattformen (so genannter Spider) ist nicht schwierig, erfordert aber eine Lizenz\" width=\"300\" height=\"142\" srcset=\"https:\/\/kursy-udt.pl\/wp-content\/uploads\/2021\/09\/kursy-udt.pl-0015-OPUBLIKOWANY-v3-Copy-300x142.jpg 300w, https:\/\/kursy-udt.pl\/wp-content\/uploads\/2021\/09\/kursy-udt.pl-0015-OPUBLIKOWANY-v3-Copy.jpg 579w\" sizes=\"auto, (max-width: 300px) 100vw, 300px\" \/><\/a>Die mobile Spinnenb\u00fchne wird h\u00e4ufig dort eingesetzt, wo Hubarbeitsb\u00fchnen nicht hinkommen. Sie sind f\u00fcr Arbeiten im Innen- und Au\u00dfenbereich geeignet. Sie werden vor allem wegen ihrer geringen Gr\u00f6\u00dfe und ihres geringen Gewichts gesch\u00e4tzt. Wie auch andere mobile Plattformen ben\u00f6tigen sie eine Betriebsgenehmigung, die vom Technischen \u00dcberwachungsverein erteilt wird. Unser Zentrum organisiert Kurse, die Sie effektiv auf die Pr\u00fcfungen zur Best\u00e4tigung Ihrer beruflichen Qualifikationen vorbereiten.<\/p>\n<h2>Lizenzen f\u00fcr mobile Plattformen (Spider) - warum sollten Sie eine haben?<\/h2>\n<p>Eine von der UDT ausgestellte Lizenz f\u00fcr die Arbeit mit mobilen Arbeitsb\u00fchnen ist ein Dokument, das jeder Arbeitgeber ben\u00f6tigt. Ohne diese Genehmigungen k\u00f6nnen nur Hilfst\u00e4tigkeiten ausge\u00fcbt werden, aber die L\u00f6hne f\u00fcr solche Stellen sind deutlich niedriger.<\/p>\n<div style=\"width: 640px;\" class=\"wp-video\"><video id=\"video-3478-1\" width=\"640\" height=\"360\" poster=\"https:\/\/kursy-udt.pl\/wp-content\/uploads\/2023\/02\/20230127_031102_0000.jpg\" preload=\"metadata\" controls=\"controls\"><source type=\"video\/mp4\" src=\"https:\/\/kursy-udt.pl\/wp-content\/uploads\/2023\/02\/ACCEPTED-operator-podestow-4K-kursy-udt.mp4?_=1\" \/><a href=\"https:\/\/kursy-udt.pl\/wp-content\/uploads\/2023\/02\/ACCEPTED-operator-podestow-4K-kursy-udt.mp4\">https:\/\/kursy-udt.pl\/wp-content\/uploads\/2023\/02\/ACCEPTED-operator-podestow-4K-kursy-udt.mp4<\/a><\/video><\/div>\n<p>Personen, die in der Lage sind, mobile Plattformen zu bedienen, werden u. a. gerne von Unternehmen besch\u00e4ftigt, die in diesem Bereich t\u00e4tig sind:<\/p>\n<ul>\n<li>Wartungs- und Reparaturarbeiten an der Au\u00dfen- und Innenseite von Geb\u00e4uden<\/li>\n<li>Schneer\u00e4umung und Dachreparaturen<\/li>\n<li>Beschneiden von \u00c4sten, Pflege von Gr\u00fcnanlagen<\/li>\n<li>Anstrich von W\u00e4nden und Geb\u00e4udefassaden<\/li>\n<li>Handhabung von gro\u00dfen Lagern<\/li>\n<li>Fensterreinigung in der H\u00f6heTransportable gegen\u00fcber anderen mobilen Plattformen<\/li>\n<\/ul>\n<p>Sogenannte Spinnen unterscheiden sich von anderen mobilen Plattformen durch die Art und Weise, wie sie bewegt werden. Im Gegensatz zu Hubarbeitsb\u00fchnen oder Scherenarbeitsb\u00fchnen bewegen sie sich nicht selbstst\u00e4ndig, sondern haben Fahrgestelle, die f\u00fcr den Transport auf Autoanh\u00e4ngern angepasst sind. Solche Fahrzeuge mit auf einem Anh\u00e4nger montierten Hebeb\u00fchnen werden im Stra\u00dfenverkehr wie Spezialanh\u00e4nger behandelt.<\/p>\n<p>Mobile Plattformen - Spinnen sind kleiner als andere Arten von Hebeb\u00fchnen und auch leichter, so dass sie gut auf B\u00f6den mit geringer Tragf\u00e4higkeit arbeiten, z. B. innerhalb von Geb\u00e4uden. Gleichzeitig sind ihr Arbeitsbereich (mehrere Meter) und ihre H\u00f6he (bis zu mehreren Dutzend Metern) relativ gro\u00df, so dass ein breites Spektrum an Arbeiten durchgef\u00fchrt werden kann. Da sie auf Fahrzeugen transportiert werden, k\u00f6nnen sie schnell von einem Ort zum anderen gebracht werden.<\/p>\n<div class=\"filmw\">\n<div class=\"responsive-youtube\" style=\"text-align: center;\"><iframe loading=\"lazy\" title=\"YouTube-Video-Player\" src=\"https:\/\/www.youtube.com\/embed\/sadG__ZRQI8\" width=\"560\" height=\"315\" frameborder=\"0\" allowfullscreen=\"allowfullscreen\"><\/iframe><\/div>\n<\/div>\n<h2>Spider\"-Mobilfunkplattformen - Betreiberkurs<\/h2>\n<h3>Was k\u00f6nnen Sie in diesem Kurs lernen?<\/h3>\n<p>Die Ausbildung in der Bedienung von \"Spider\"-Plattformen ist eine theoretische und praktische Ausbildung f\u00fcr Personen, die Bediener solcher Ger\u00e4te werden wollen. W\u00e4hrend des Kurses werden die Teilnehmer mit der Konstruktion der Plattformen, den Bedingungen f\u00fcr ihren sicheren Betrieb, den technischen \u00dcberwachungsvorschriften, dem Lesen von Betriebsanweisungen usw. vertraut gemacht. Sie haben auch die M\u00f6glichkeit, die Bedienung der Ger\u00e4te in der Praxis zu \u00fcben und lernen, wie man mobile Arbeitsb\u00fchnen f\u00fcr die Arbeit vorbereitet, wie man sie steuert und wie man mit Pannen oder Unf\u00e4llen umgeht.<\/p>\n<h3>F\u00fcr wen ist die Ausbildung gedacht?<\/h3>\n<p>Der Kurs \"Spider Mobile Platform\" ist auf verschiedenen Niveaus verf\u00fcgbar. Bei uns sind sowohl Personen willkommen, die den Umgang mit dieser Art von Ger\u00e4ten erlernen m\u00f6chten, aber noch nicht damit gearbeitet haben, als auch solche, die sie bereits bei ihrer Arbeit einsetzen, aber noch nicht zertifiziert sind, sie selbst zu bedienen.<a href=\"https:\/\/kursy-udt.pl\/wp-content\/uploads\/2021\/09\/kursy-udt.pl-0015-OPUBLIKOWANY-v4-Copy.jpg\"><img loading=\"lazy\" decoding=\"async\" class=\"size-full wp-image-3480 aligncenter\" src=\"https:\/\/kursy-udt.pl\/wp-content\/uploads\/2021\/09\/kursy-udt.pl-0015-OPUBLIKOWANY-v4-Copy.jpg\" alt=\"Mobile Plattformen, so genannte Spider, sind Ger\u00e4te, die auf LKW-Anh\u00e4ngern transportiert werden\" width=\"579\" height=\"386\" srcset=\"https:\/\/kursy-udt.pl\/wp-content\/uploads\/2021\/09\/kursy-udt.pl-0015-OPUBLIKOWANY-v4-Copy.jpg 579w, https:\/\/kursy-udt.pl\/wp-content\/uploads\/2021\/09\/kursy-udt.pl-0015-OPUBLIKOWANY-v4-Copy-300x200.jpg 300w\" sizes=\"auto, (max-width: 579px) 100vw, 579px\" \/><\/a><\/p>\n<h3>Was ist die Pr\u00fcfung f\u00fcr die Lizenz f\u00fcr die mobile Plattform \"spider\"?<\/h3>\n<p>Die Pr\u00fcfung wird von einer externen Stelle, der UDT, durchgef\u00fchrt. Die Schulungen haben die Form einer Vorbereitung auf diese Pr\u00fcfung: Der Ausbilder pr\u00fcft den Wissensstand der Teilnehmer, und der Umfang des Stoffes stimmt mit den Pr\u00fcfungsanforderungen \u00fcberein. Au\u00dferdem bereitet der praktische Teil auf das Gespr\u00e4ch vor, das der Pr\u00fcfer an der Maschine f\u00fchrt.<\/p>\n<p>Die Pr\u00fcfung zum Bediener einer mobilen Arbeitsb\u00fchne besteht aus einem Test und einer anschlie\u00dfenden praktischen Pr\u00fcfung. Ein positives Ergebnis in beiden Teilen bedeutet die Vergabe des <a href=\"https:\/\/kursy-udt.pl\/de\/uprawnienia-udt\/kategorie-uprawnien-2\/\">UDT-Anspr\u00fcche<\/a>die in Polen 10 Jahre lang g\u00fcltig sind.<\/p>\n<h2>Anmeldung f\u00fcr den Kurs \u00fcber mobile Plattformen<\/h2>\n<p>Die Kurse werden sowohl in einem offenen Format f\u00fcr alle Teilnehmer als auch in einem geschlossenen Format f\u00fcr Unternehmen organisiert. Weitere organisatorische Einzelheiten sind auf dieser Seite zu finden: <a href=\"https:\/\/kursy-udt.pl\/de\/ausbildung\/mobile-plattformen\/\">https:\/\/kursy-udt.pl\/szkolenia\/podesty-ruchome\/<\/a><\/p>\n<p><a href=\"https:\/\/kursy-udt.pl\/wp-content\/uploads\/2022\/12\/PODESTY-RUCHOME-kursy-udt.pl_.png\"><img loading=\"lazy\" decoding=\"async\" class=\"aligncenter wp-image-4531\" src=\"https:\/\/kursy-udt.pl\/wp-content\/uploads\/2022\/12\/PODESTY-RUCHOME-kursy-udt.pl_-300x188.png\" alt=\"\" width=\"750\" height=\"469\" srcset=\"https:\/\/kursy-udt.pl\/wp-content\/uploads\/2022\/12\/PODESTY-RUCHOME-kursy-udt.pl_-300x188.png 300w, https:\/\/kursy-udt.pl\/wp-content\/uploads\/2022\/12\/PODESTY-RUCHOME-kursy-udt.pl_-1024x640.png 1024w, https:\/\/kursy-udt.pl\/wp-content\/uploads\/2022\/12\/PODESTY-RUCHOME-kursy-udt.pl_-768x480.png 768w, https:\/\/kursy-udt.pl\/wp-content\/uploads\/2022\/12\/PODESTY-RUCHOME-kursy-udt.pl_-18x12.png 18w, https:\/\/kursy-udt.pl\/wp-content\/uploads\/2022\/12\/PODESTY-RUCHOME-kursy-udt.pl_-624x390.png 624w, https:\/\/kursy-udt.pl\/wp-content\/uploads\/2022\/12\/PODESTY-RUCHOME-kursy-udt.pl_.png 1200w\" sizes=\"auto, (max-width: 750px) 100vw, 750px\" \/><\/a><\/p>\n<p>&nbsp;<\/p>","protected":false},"excerpt":{"rendered":"<p>Podest ruchomy typu \u201cpaj\u0105k\u201d to urz\u0105dzenie cz\u0119sto wykorzystywane tam, gdzie podno\u015bniki koszowe nie maj\u0105 dost\u0119pu. Ch\u0119tnie u\u017cywa si\u0119 ich do prac w pomieszczeniach i na zewn\u0105trz. Cenione s\u0105 przede wszystkim ze wzgl\u0119du na niewielkie rozmiary i wag\u0119. Podobnie jak w przypadku innych podest\u00f3w ruchomych, do ich obs\u0142ugi wymaga si\u0119 posiadania stosownych uprawnie\u0144, wydawanych przez Urz\u0105d Dozoru Technicznego. Nasz O\u015brodek organizuje kursy skutecznie przygotowuj\u0105ce do egzamin\u00f3w potwierdzaj\u0105cych kwalifikacje zawodowe. Uprawnienia na podesty przewo\u017ane (paj\u0105ki) &#8211; dlaczego warto je mie\u0107? Wystawione przez UDT uprawnienia do wykonywania prac z u\u017cyciem podest\u00f3w przewo\u017anych s\u0105 dokumentem, kt\u00f3rego wymaga ka\u017cdy pracodawca. Bez tych uprawnie\u0144 mo\u017cna wykonywa\u0107 jedynie prace pomocnicze, jednak p\u0142ace na takich stanowiskach s\u0105 znacznie ni\u017csze. Osoby potrafi\u0105ce obs\u0142ugiwa\u0107 podesty ruchome przewo\u017ane s\u0105 ch\u0119tnie zatrudniane mi\u0119dzy innymi w firmach zajmuj\u0105cych si\u0119: Pracami konserwacyjnymi i remontami na zewn\u0105trz i wewn\u0105trz budynk\u00f3w Od\u015bnie\u017caniem i naprawami dach\u00f3w Przycinaniem ga\u0142\u0119zi, piel\u0119gnacj\u0105 zieleni Malowaniem \u015bcian i fasad budynk\u00f3w Obs\u0142ug\u0105 magazyn\u00f3w wielkopowierzchniowych Myciem okien na wysoko\u015bciachPodesty przewo\u017ane a inne podesty ruchome Tzw. paj\u0105ki r\u00f3\u017cni\u0105 si\u0119 od innych podest\u00f3w ruchomych sposobem przemieszczania. Inaczej ni\u017c podno\u015bniki koszowe czy no\u017cycowe, nie poruszaj\u0105 si\u0119 samodzielnie, ale posiadaj\u0105 podwozia przystosowane do przewo\u017cenia na przyczepach samochodowych. Takie samochody z zamontowanymi na przyczepie podno\u015bnikami traktuje si\u0119 w ruchu drogowym jako przyczepy specjalne. Podesty ruchome &#8211; paj\u0105ki maj\u0105 mniejsze rozmiary ni\u017c inne rodzaje podno\u015bnik\u00f3w, s\u0105 r\u00f3wnie\u017c l\u017cejsze, dlatego dobrze sprawdzaj\u0105 si\u0119 na pod\u0142o\u017cu o niewielkiej no\u015bno\u015bci, na przyk\u0142ad wewn\u0105trz budynk\u00f3w. Jednocze\u015bnie ich zasi\u0119g pracy (kilkana\u015bcie metr\u00f3w) i wysoko\u015b\u0107 (do kilkudziesi\u0119ciu metr\u00f3w) s\u0105 stosunkowo du\u017ce, co pozwala na wykonywanie szerokiego zakresu prac. Dzi\u0119ki temu, \u017ce [&hellip;]<\/p>\n","protected":false},"author":1,"featured_media":3479,"parent":2721,"menu_order":0,"comment_status":"closed","ping_status":"closed","template":"","meta":{"sfsi_plus_gutenberg_text_before_share":"","sfsi_plus_gutenberg_show_text_before_share":"","sfsi_plus_gutenberg_icon_type":"","sfsi_plus_gutenberg_icon_alignemt":"","sfsi_plus_gutenburg_max_per_row":"","footnotes":""},"class_list":["post-3478","page","type-page","status-publish","has-post-thumbnail","hentry","has_thumb"],"aioseo_notices":[],"_links":{"self":[{"href":"https:\/\/kursy-udt.pl\/de\/wp-json\/wp\/v2\/pages\/3478","targetHints":{"allow":["GET"]}}],"collection":[{"href":"https:\/\/kursy-udt.pl\/de\/wp-json\/wp\/v2\/pages"}],"about":[{"href":"https:\/\/kursy-udt.pl\/de\/wp-json\/wp\/v2\/types\/page"}],"author":[{"embeddable":true,"href":"https:\/\/kursy-udt.pl\/de\/wp-json\/wp\/v2\/users\/1"}],"replies":[{"embeddable":true,"href":"https:\/\/kursy-udt.pl\/de\/wp-json\/wp\/v2\/comments?post=3478"}],"version-history":[{"count":6,"href":"https:\/\/kursy-udt.pl\/de\/wp-json\/wp\/v2\/pages\/3478\/revisions"}],"predecessor-version":[{"id":4754,"href":"https:\/\/kursy-udt.pl\/de\/wp-json\/wp\/v2\/pages\/3478\/revisions\/4754"}],"up":[{"embeddable":true,"href":"https:\/\/kursy-udt.pl\/de\/wp-json\/wp\/v2\/pages\/2721"}],"wp:featuredmedia":[{"embeddable":true,"href":"https:\/\/kursy-udt.pl\/de\/wp-json\/wp\/v2\/media\/3479"}],"wp:attachment":[{"href":"https:\/\/kursy-udt.pl\/de\/wp-json\/wp\/v2\/media?parent=3478"}],"curies":[{"name":"wp","href":"https:\/\/api.w.org\/{rel}","templated":true}]}}