{"id":3475,"date":"2021-09-02T10:30:52","date_gmt":"2021-09-02T10:30:52","guid":{"rendered":"https:\/\/kursy-udt.pl\/?page_id=3475"},"modified":"2023-02-14T12:28:57","modified_gmt":"2023-02-14T11:28:57","slug":"scherenhebebuhnen","status":"publish","type":"page","link":"https:\/\/kursy-udt.pl\/de\/szkolenia\/udt-wdt-tdt\/podnosniki-nozycowe\/","title":{"rendered":"Scherenhubwagenfahrer-Kurs"},"content":{"rendered":"<p><img loading=\"lazy\" decoding=\"async\" class=\"paddingleft10 alignleft wp-image-3582 size-medium\" src=\"https:\/\/kursy-udt.pl\/wp-content\/uploads\/2021\/11\/podnosck_nozyc-300x200.jpg\" alt=\"\" width=\"300\" height=\"200\" srcset=\"https:\/\/kursy-udt.pl\/wp-content\/uploads\/2021\/11\/podnosck_nozyc-300x200.jpg 300w, https:\/\/kursy-udt.pl\/wp-content\/uploads\/2021\/11\/podnosck_nozyc-768x512.jpg 768w, https:\/\/kursy-udt.pl\/wp-content\/uploads\/2021\/11\/podnosck_nozyc-624x416.jpg 624w, https:\/\/kursy-udt.pl\/wp-content\/uploads\/2021\/11\/podnosck_nozyc.jpg 780w\" sizes=\"auto, (max-width: 300px) 100vw, 300px\" \/>Scherenhebeb\u00fchnen, oft auch als Auslegerhebeb\u00fchnen bezeichnet, sind eine Art mobiler Arbeitsb\u00fchnen, die f\u00fcr die effiziente Installation, Wartung oder Reparatur verschiedener Arten von Anlagen oder Netzen eingesetzt werden. Das Ger\u00e4t wird indirekt zum Heben von Personen, Werkzeugen und anderen Materialien (G\u00fctern) verwendet, sofern dies vom Hersteller in der Betriebsanleitung angegeben ist. In den meisten F\u00e4llen definiert der Hersteller jedoch ihren Zweck als Arbeitsplatz in der H\u00f6he. Heutzutage kombinieren die Hersteller die Funktionen verschiedener Ger\u00e4te, und auf Flugh\u00e4fen finden wir beispielsweise Plattformen f\u00fcr die Beladung von zur\u00fcckkehrenden Schiffen, die auch als Zweibein f\u00fcr Waren klassifiziert werden k\u00f6nnen. Charakteristisch f\u00fcr Scherenhebeb\u00fchnen ist der Mechanismus, der die Plattform auf- und abbewegt und in seiner Funktionsweise zwei Scherenpaaren \u00e4hnelt. Diese Ger\u00e4te erfordern eine <a href=\"https:\/\/kursy-udt.pl\/de\/uprawnienia-udt\/kategorie-uprawnien-2\/\">Kr\u00e4fte<\/a> in Form von Bef\u00e4higungsnachweisen, die in Polen vom Amt f\u00fcr technische \u00dcberwachung vergeben werden.<\/p>\n<div class=\"filmw\">\n<div class=\"responsive-youtube\" style=\"text-align: center;\"><iframe loading=\"lazy\" title=\"YouTube-Video-Player\" src=\"https:\/\/www.youtube.com\/embed\/sadG__ZRQI8\" width=\"560\" height=\"315\" frameborder=\"0\" allowfullscreen=\"allowfullscreen\"><\/iframe><\/div>\n<\/div>\n<h2>Wo werden Scherenhebeb\u00fchnen eingesetzt?<\/h2>\n<p>Es handelt sich um vielseitige Ger\u00e4te, die u. a. f\u00fcr folgende Zwecke eingesetzt werden<\/p>\n<ul>\n<li>In der Industrie durch Wartungsabteilungen, um die Kontinuit\u00e4t der technologischen Prozesse aufrechtzuerhalten, Reparaturen an Druckluft-, L\u00fcftungs-, Beleuchtungs- und Brandschutzsystemen.<\/li>\n<li>In Lagerhallen f\u00fcr die Inventarisierung von Materialien und die laufende Reparatur von Beleuchtungs- oder Befeuchtungssystemen oder f\u00fcr die \u00dcberwachung von logistischen Prozessanlagen sowie f\u00fcr die Kennzeichnung von Regalen mit B\u00fcgeln.<\/li>\n<li>Plattformen sind auch f\u00fcr den kontinuierlichen Betrieb gro\u00dfer Prozesslinien unerl\u00e4sslich, wenn sie vom Hersteller als Standardarbeitsmittel vorgesehen sind.<\/li>\n<li>Auf Flugh\u00e4fen f\u00fcr die Beladung von Schiffen mit einheitlichen Containern und f\u00fcr die Beladung mit passiven G\u00fctern wie Passagiermahlzeiten.<\/li>\n<li>Baugewerbe - auf einer Plattform, die je nach Art der Plattform ausgeklappt werden kann, k\u00f6nnen sogar mehrere Arbeiter gleichzeitig anwesend sein, die Arbeiten an der Au\u00dfenseite von im Bau befindlichen Strukturen oder Abschlussarbeiten im Inneren durchf\u00fchren.<\/li>\n<li>Renovierungsarbeiten - Scherenhebeb\u00fchnen werden f\u00fcr Fassadenanstriche, Styroporisolierung oder Wartungsarbeiten eingesetzt.<\/li>\n<li>Fensterputzer in B\u00fcrogeb\u00e4uden und \u00f6ffentlichen Einrichtungen - aufgrund der geringen Gr\u00f6\u00dfe der Plattformen, auf denen die Aufz\u00fcge platziert werden, eignet sich diese Art von Ger\u00e4ten gut f\u00fcr st\u00e4dtische Gebiete - es ist m\u00f6glich, selbst in dichten innerst\u00e4dtischen Gebieten bis an die Wand eines Geb\u00e4udes heranzukommen, was jedoch eine Absperrung des Gefahrenbereichs erfordert.<\/li>\n<li>Energieversorger und Beleuchtungsunternehmen - Scherenb\u00fchnenausleger erm\u00f6glichen das Anheben der B\u00fchne auf eine H\u00f6he von mehreren Metern, so dass die Arbeiter leicht an einen besch\u00e4digten Laternenmast gelangen k\u00f6nnen. Es ist zu beachten, dass diese Arbeiten bei abgeschalteter Spannung gem\u00e4\u00df den technischen Anweisungen des jeweiligen Netzbetreibers durchgef\u00fchrt werden sollten. Personal, das energiebezogene Arbeiten im Betriebsbereich, d.h. k\u00f6rperliche Arbeiten, ausf\u00fchrt, sollte im Besitz der entsprechenden G1e-Lizenz sein. Das Personal, das die Arbeiten in Auftrag gibt und \u00fcberwacht, muss \u00fcber den richtigen Umfang an <a href=\"https:\/\/kursy-udt.pl\/de\/szkolenia\/sep-uprawnienia-do-1kv\/g1\/\">G1<\/a>.<\/li>\n<\/ul>\n<h2>Scherenarbeitsb\u00fchnen im Vergleich zu anderen Arten von mobilen Arbeitsb\u00fchnen<\/h2>\n<div style=\"width: 640px;\" class=\"wp-video\"><video id=\"video-3475-1\" width=\"640\" height=\"360\" poster=\"https:\/\/kursy-udt.pl\/wp-content\/uploads\/2023\/02\/20230127_031102_0000.jpg\" preload=\"metadata\" controls=\"controls\"><source type=\"video\/mp4\" src=\"https:\/\/kursy-udt.pl\/wp-content\/uploads\/2023\/02\/ACCEPTED-operator-podestow-4K-kursy-udt.mp4?_=1\" \/><a href=\"https:\/\/kursy-udt.pl\/wp-content\/uploads\/2023\/02\/ACCEPTED-operator-podestow-4K-kursy-udt.mp4\">https:\/\/kursy-udt.pl\/wp-content\/uploads\/2023\/02\/ACCEPTED-operator-podestow-4K-kursy-udt.mp4<\/a><\/video><\/div>\nScherenb\u00fchnen geh\u00f6ren zu einer gr\u00f6\u00dferen Gruppe von Ger\u00e4ten, die als mobile Arbeitsb\u00fchnen bezeichnet werden. Je nach ihrer Funktionsweise, Montage und Bewegung werden sie in mobile, selbstfahrende, frei bewegliche sowie h\u00e4ngende, mastgef\u00fchrte und station\u00e4re unterteilt. Die Plattformen k\u00f6nnen auf Fahrzeugen montiert oder an Geb\u00e4udeelementen h\u00e4ngend angebracht werden. Au\u00dferdem werden mobile Arbeitsb\u00fchnen in verschiedene Hebesysteme unterteilt: Typ A, so genannte Scheren- und Mastb\u00fchnen, und Typ B: Freischwinger, Gelenkb\u00fchnen, Teleskopb\u00fchnen.... Scherenhebeb\u00fchnen sind frei beweglich, d.h. sie werden auf Fahrgestellen unterschiedlicher Bauart, z.B. mit Pendel-\/Schwenkachsen, aufgebaut. Als Basis haben sie FWD- oder AWD-Radantrieb, z. B. hydraulisch oder elektrisch. Diese Plattformen verf\u00fcgen \u00fcber eine Reihe elektrischer, mechanischer und hydraulischer Sicherheitseinrichtungen. Die Plattformen unterscheiden sich in ihren Betriebsparametern. Die Auswahl einer Ausr\u00fcstung f\u00fcr sicheres Arbeiten in der H\u00f6he ist Teil unserer Ausbildung und einer der wichtigsten Aspekte der Pr\u00e4vention, um Unf\u00e4lle zu vermeiden, aber auch um Zeit bei der Arbeit zu sparen.<\/p>\n<h2>Diesel- oder elektrischer Aufzug?<\/h2>\n<p>Scherenhebeb\u00fchnen unterscheiden sich vor allem durch die Art des Antriebs. Die Benutzer k\u00f6nnen zwischen elektrischen und dieselbetriebenen Aufz\u00fcgen w\u00e4hlen. Erstere sind in der Regel kleiner, leistungsf\u00e4higer und leiser. Sie gedeihen gut in Innenr\u00e4umen. Dieselbetriebene Hebeb\u00fchnen sind in der Regel gr\u00f6\u00dfere Einheiten mit gro\u00dfen R\u00e4dern, die auch auf unebenem Gel\u00e4nde gut zurechtkommen.<\/p>\n<h2>Wie erhalte ich meine UDT-Lizenz?<\/h2>\n<p>Wie bei allen mobilen Arbeitsb\u00fchnen ist f\u00fcr den Betrieb von Scherenarbeitsb\u00fchnen eine vom Technischen \u00dcberwachungsverein ausgestellte Lizenz erforderlich. Ein positives Pr\u00fcfungsergebnis h\u00e4ngt weitgehend von einer guten Ausbildung und der Einstellung der Bewerber ab, einschlie\u00dflich der Wahl der richtigen Ausbildungsform. Die UDT verlangt sowohl theoretische Kenntnisse \u00fcber den Betrieb von Scherenhebeb\u00fchnen: eine Beurteilung des technischen Zustands der Konstruktion der Ger\u00e4te, die Grunds\u00e4tze der <a href=\"https:\/\/kursy-udt.pl\/de\/szkolenia\/bhp-bezpieczenstwo-pracy\/prawna-ochrona-pracy\/\">GESUNDHEIT UND SICHERHEIT<\/a> und andere, sowie die praktische F\u00e4higkeit, sie zu nutzen.<\/p>\n<p>Auf der Grundlage unserer langj\u00e4hrigen Erfahrung bieten wir einen Scherenhebeb\u00fchnenkurs an, dessen Themenspektrum den Anforderungen der UDT-Pr\u00fcfung entspricht. Der theoretische Unterricht findet entweder im Klassenzimmer oder online in Form von Webinaren statt, und f\u00fcr den praktischen Teil nutzen wir unseren eigenen Ger\u00e4tepark. Wir stimmen die Termine der Schulungskurse mit den Terminen der vom Amt organisierten Pr\u00fcfungen ab, damit die k\u00fcnftigen Staplerfahrer auf dem neuesten Stand der f\u00fcr die Pr\u00fcfungen erforderlichen Kenntnisse sind.<\/p>\n<h2>Wie melde ich mich f\u00fcr Kurse an?<\/h2>\n<p>Die Kurse sind entweder offen, d. h. f\u00fcr einzelne Kunden, oder geschlossen, d. h. sie werden auf Wunsch des Arbeitgebers organisiert und sind nur f\u00fcr dessen Mitarbeiter zug\u00e4nglich. Einzelheiten zu den Kursen auf der Uplift (Preis, Dauer, verf\u00fcgbare Termine) <a href=\"https:\/\/kursy-udt.pl\/de\/kontakt\/\">Bitte kontaktieren Sie uns<\/a> per Telefon oder E-Mail. In einem direkten Gespr\u00e4ch k\u00f6nnen wir Ihren Fortbildungsbedarf ermitteln, die Form des Kurses vorschlagen und den Zeitpunkt festlegen.<\/p>\n<p><a href=\"https:\/\/kursy-udt.pl\/wp-content\/uploads\/2022\/12\/16-kurs-zwyzki-nozycowe-kursy-udt.pl_.png\"><img loading=\"lazy\" decoding=\"async\" class=\"aligncenter wp-image-4526\" src=\"https:\/\/kursy-udt.pl\/wp-content\/uploads\/2022\/12\/16-kurs-zwyzki-nozycowe-kursy-udt.pl_-300x188.png\" alt=\"\" width=\"750\" height=\"469\" srcset=\"https:\/\/kursy-udt.pl\/wp-content\/uploads\/2022\/12\/16-kurs-zwyzki-nozycowe-kursy-udt.pl_-300x188.png 300w, https:\/\/kursy-udt.pl\/wp-content\/uploads\/2022\/12\/16-kurs-zwyzki-nozycowe-kursy-udt.pl_-1024x640.png 1024w, https:\/\/kursy-udt.pl\/wp-content\/uploads\/2022\/12\/16-kurs-zwyzki-nozycowe-kursy-udt.pl_-768x480.png 768w, https:\/\/kursy-udt.pl\/wp-content\/uploads\/2022\/12\/16-kurs-zwyzki-nozycowe-kursy-udt.pl_-18x12.png 18w, https:\/\/kursy-udt.pl\/wp-content\/uploads\/2022\/12\/16-kurs-zwyzki-nozycowe-kursy-udt.pl_-624x390.png 624w, https:\/\/kursy-udt.pl\/wp-content\/uploads\/2022\/12\/16-kurs-zwyzki-nozycowe-kursy-udt.pl_.png 1200w\" sizes=\"auto, (max-width: 750px) 100vw, 750px\" \/><\/a><\/p>","protected":false},"excerpt":{"rendered":"<p>Podno\u015bniki no\u017cycowe, zwane cz\u0119sto zwy\u017ckami, to rodzaj podest\u00f3w ruchomych, wykorzystywanych do efektywnego wykonywania monta\u017cu, konserwacji, remont\u00f3w ro\u017cnego rodzaju instalacji czy sieci. Urz\u0105dzenie po\u015brednio s\u0142u\u017cy do podnoszenia os\u00f3b i narz\u0119dzi oraz innych materia\u0142\u00f3w (towar\u00f3w), o ile zosta\u0142o to przewidziane przez producenta w instrukcji eksploatacji. Natomiast najcz\u0119\u015bciej producent okre\u015bla ich przeznaczenie jako miejsca\/stanowiska pracy na wysoko\u015bci. Obecnie w technologii producenci \u0142\u0105cz\u0105 funkcje r\u00f3\u017cnych urz\u0105dze\u0144 i np. w Portach Lotniczych spotykamy podesty do za\u0142adunku statk\u00f3w powrotnych, kt\u00f3re mo\u017cna jednocze\u015bnie zakwalifikowa\u0107 do grupy dw\u00f3jnik\u00f3w towar\u00f3w. Charakterystyczny dla podno\u015bnik\u00f3w no\u017cycowych jest mechanizm przemieszczaj\u0105cy platform\u0119 w g\u00f3r\u0119 i d\u00f3\u0142, kt\u00f3ry sposobem dzia\u0142ania przypomina dwie pary no\u017cyc. Urz\u0105dzenia te wymagaj\u0105 posiadania uprawnie\u0144 w formie za\u015bwiadcze\u0144 kwalifikacyjnych, kt\u00f3rych przyznawaniem zajmuje si\u0119 w Polsce Urz\u0105d Dozoru Technicznego. Gdzie wykorzystuje si\u0119 podesty no\u017cycowe? To uniwersalne urz\u0105dzenia, stosowane mi\u0119dzy innymi w: W przemy\u015ble przez Dzia\u0142y Utrzymania Ruchu, w celu utrzymania ci\u0105g\u0142o\u015bci proces\u00f3w technologicznych, napraw instalacji spr\u0119\u017conego ci\u015bnienia, wentylacji, o\u015bwietlenia oraz ppo\u017c. W magazynach do inwentaryzacji materia\u0142\u00f3w oraz bie\u017c\u0105cych napraw o\u015bwietlenia czy system\u00f3w nawil\u017cania lub monitorowania urz\u0105dze\u0144 procesu logistycznego, a tak\u017ce do oznakowania rega\u0142\u00f3w zawieszkami. Podesty s\u0105 r\u00f3wnie\u017c niezb\u0119dne do zapewnienia ci\u0105g\u0142o\u015bci eksploatacji du\u017cych ci\u0105g\u00f3w technologicznych, w kt\u00f3rych producent przewidzia\u0142 ich wykazywanie, jak i jako standardowe narz\u0119dzie pracy. W portach lotniczych do za\u0142adunku zunifikowanych kontener\u00f3w do statk\u00f3w oraz do za\u0142adunku biernych towar\u00f3w, np. posi\u0142k\u00f3w dla pasa\u017cer\u00f3w. Bran\u017cy budowlanej \u2013 na l platformie, kt\u00f3re w zale\u017cno\u015bci od rodzaju podestu mo\u017ce by\u0107rozk\u0142adana mo\u017ce przebywa\u0107 nawet kilku pracownik\u00f3w, jednocze\u015bnie, wykonuj\u0105c prace na zewn\u0105trz budowanych konstrukcji lub prace wyko\u0144czeniowe wewn\u0105trz. Pracach remontowych &#8211; zwy\u017cki no\u017cycowe wykorzystuje si\u0119 do malowania elewacji, ocieplania [&hellip;]<\/p>\n","protected":false},"author":1,"featured_media":3582,"parent":2721,"menu_order":0,"comment_status":"closed","ping_status":"closed","template":"","meta":{"sfsi_plus_gutenberg_text_before_share":"","sfsi_plus_gutenberg_show_text_before_share":"","sfsi_plus_gutenberg_icon_type":"","sfsi_plus_gutenberg_icon_alignemt":"","sfsi_plus_gutenburg_max_per_row":"","footnotes":""},"class_list":["post-3475","page","type-page","status-publish","has-post-thumbnail","hentry","has_thumb"],"aioseo_notices":[],"_links":{"self":[{"href":"https:\/\/kursy-udt.pl\/de\/wp-json\/wp\/v2\/pages\/3475","targetHints":{"allow":["GET"]}}],"collection":[{"href":"https:\/\/kursy-udt.pl\/de\/wp-json\/wp\/v2\/pages"}],"about":[{"href":"https:\/\/kursy-udt.pl\/de\/wp-json\/wp\/v2\/types\/page"}],"author":[{"embeddable":true,"href":"https:\/\/kursy-udt.pl\/de\/wp-json\/wp\/v2\/users\/1"}],"replies":[{"embeddable":true,"href":"https:\/\/kursy-udt.pl\/de\/wp-json\/wp\/v2\/comments?post=3475"}],"version-history":[{"count":7,"href":"https:\/\/kursy-udt.pl\/de\/wp-json\/wp\/v2\/pages\/3475\/revisions"}],"predecessor-version":[{"id":4760,"href":"https:\/\/kursy-udt.pl\/de\/wp-json\/wp\/v2\/pages\/3475\/revisions\/4760"}],"up":[{"embeddable":true,"href":"https:\/\/kursy-udt.pl\/de\/wp-json\/wp\/v2\/pages\/2721"}],"wp:featuredmedia":[{"embeddable":true,"href":"https:\/\/kursy-udt.pl\/de\/wp-json\/wp\/v2\/media\/3582"}],"wp:attachment":[{"href":"https:\/\/kursy-udt.pl\/de\/wp-json\/wp\/v2\/media?parent=3475"}],"curies":[{"name":"wp","href":"https:\/\/api.w.org\/{rel}","templated":true}]}}