{"id":3465,"date":"2021-09-02T10:10:23","date_gmt":"2021-09-02T10:10:23","guid":{"rendered":"https:\/\/kursy-udt.pl\/?page_id=3465"},"modified":"2023-02-14T12:28:03","modified_gmt":"2023-02-14T11:28:03","slug":"hangearbeitsbuhnen","status":"publish","type":"page","link":"https:\/\/kursy-udt.pl\/de\/szkolenia\/udt-wdt-tdt\/podesty-ruchome-wiszace\/","title":{"rendered":"Kurs - H\u00e4ngeaufz\u00fcge - Betrieb"},"content":{"rendered":"<p><a href=\"https:\/\/kursy-udt.pl\/wp-content\/uploads\/2021\/09\/Kursy-udt.pl-0018-OPUBLIKOWANY-v1-Copy.jpg\"><img loading=\"lazy\" decoding=\"async\" class=\"paddingleft10 alignleft wp-image-3468 size-medium\" src=\"https:\/\/kursy-udt.pl\/wp-content\/uploads\/2021\/09\/Kursy-udt.pl-0018-OPUBLIKOWANY-v1-Copy-300x169.jpg\" alt=\"Mobile H\u00e4ngeb\u00fchnen sind Ger\u00e4te, die aus einer an Seilen aufgeh\u00e4ngten Arbeitsb\u00fchne bestehen\" width=\"300\" height=\"169\" srcset=\"https:\/\/kursy-udt.pl\/wp-content\/uploads\/2021\/09\/Kursy-udt.pl-0018-OPUBLIKOWANY-v1-Copy-300x169.jpg 300w, https:\/\/kursy-udt.pl\/wp-content\/uploads\/2021\/09\/Kursy-udt.pl-0018-OPUBLIKOWANY-v1-Copy.jpg 579w\" sizes=\"auto, (max-width: 300px) 100vw, 300px\" \/><\/a>Mobile H\u00e4ngeb\u00fchnen geh\u00f6ren zu den Ger\u00e4ten, die der technischen \u00dcberwachung unterliegen. Dies bedeutet, dass der Bediener dieser Ger\u00e4te \u00fcber folgende F\u00e4higkeiten verf\u00fcgen muss <a href=\"https:\/\/kursy-udt.pl\/de\/uprawnienia-udt\/kategorie-uprawnien-2\/\">UDT-Anspr\u00fcche<\/a>Es handelt sich dabei um den vom Technischen \u00dcberwachungsverein ausgestellten Bef\u00e4higungsnachweis. Diese Qualifikation wird durch eine Pr\u00fcfung am Ende des von uns organisierten Kurses erworben. Die Ausbildung selbst soll die k\u00fcnftigen Betreiber sowohl auf die staatliche Pr\u00fcfung als auch auf die bestm\u00f6gliche Ausf\u00fchrung ihrer Arbeit unter besonderer Ber\u00fccksichtigung der Sicherheitsvorschriften vorbereiten. Alle Personen, die Betreiber werden m\u00f6chten, sind willkommen, auch diejenigen, die keine Erfahrung mit Plattformen haben.<\/p>\n<h2>Wenn h\u00e4ngende Plattformen verwendet werden<\/h2>\n<p>Eine fahrbare H\u00e4ngeb\u00fchne ist ein so genanntes Materialumschlagger\u00e4t, das in der Klassifizierung der UDT in die Kategorie II P f\u00e4llt (andere Arten von Arbeitsb\u00fchnen sind mobile Arbeitsb\u00fchnen, selbstfahrende Arbeitsb\u00fchnen oder freilaufende Arbeitsb\u00fchnen). Er wird f\u00fcr den Transport von Personen, Werkzeugen und Materialien bei Arbeiten in der H\u00f6he eingesetzt.<\/p>\n<p>Eine typische H\u00e4ngeb\u00fchne besteht aus einer Arbeitsb\u00fchne, die an zwei Seilen aufgeh\u00e4ngt ist, die an Tr\u00e4gern auf dem Dach des Geb\u00e4udes angebracht sind. Au\u00dferdem verf\u00fcgt er \u00fcber ein zentrales Kontrollsystem und Sicherheitseinrichtungen.<\/p>\n<p>Eine mobile H\u00e4ngeb\u00fchne kann fest installiert werden (Geb\u00e4udewartungseinheit), als st\u00e4ndige Zugangsvorrichtung oder vor\u00fcbergehend f\u00fcr die Dauer der Arbeiten.<\/p>\n<p>Diese Art von Ger\u00e4ten als Arbeitspl\u00e4tze in der H\u00f6he f\u00fcr Arbeiter wird unter anderem in hohen Geb\u00e4uden, Br\u00fccken und Viadukten, Schornsteinen, Masten, auf Schiffen und Schiffen, Offshore-Plattformen verwendet. Mit ihrer Hilfe werden Arbeiten wie:<\/p>\n<ul>\n<li>Reinigung und Instandhaltung von Geb\u00e4udefassaden<\/li>\n<li>Montagearbeiten<\/li>\n<li>Malerarbeiten, Fassadend\u00e4mmung<\/li>\n<li>\u00dcberpr\u00fcfungen und Inspektionen<\/li>\n<li>Renovierung, Reparatur der Fassadenausstattung<\/li>\n<\/ul>\n<div class=\"filmw\">\n<div class=\"responsive-youtube\" style=\"text-align: center;\"><iframe loading=\"lazy\" title=\"YouTube-Video-Player\" src=\"https:\/\/www.youtube.com\/embed\/sadG__ZRQI8\" width=\"560\" height=\"315\" frameborder=\"0\" allowfullscreen=\"allowfullscreen\"><\/iframe><\/div>\n<\/div>\n<h2>Kurs f\u00fcr Bediener von h\u00e4ngenden Hubarbeitsb\u00fchnen<\/h2>\n<div style=\"width: 640px;\" class=\"wp-video\"><video id=\"video-3465-1\" width=\"640\" height=\"360\" poster=\"https:\/\/kursy-udt.pl\/wp-content\/uploads\/2023\/02\/20230127_031102_0000.jpg\" preload=\"metadata\" controls=\"controls\"><source type=\"video\/mp4\" src=\"https:\/\/kursy-udt.pl\/wp-content\/uploads\/2023\/02\/ACCEPTED-operator-podestow-4K-kursy-udt.mp4?_=1\" \/><a href=\"https:\/\/kursy-udt.pl\/wp-content\/uploads\/2023\/02\/ACCEPTED-operator-podestow-4K-kursy-udt.mp4\">https:\/\/kursy-udt.pl\/wp-content\/uploads\/2023\/02\/ACCEPTED-operator-podestow-4K-kursy-udt.mp4<\/a><\/video><\/div>\nDie Teilnahme an der Schulung erm\u00f6glicht es Ihnen, die f\u00fcr das Bestehen der UDT-Pr\u00fcfung erforderlichen theoretischen und praktischen Kenntnisse zu erwerben. Die Schulungen werden von erfahrenen Ausbildern des Zentrums durchgef\u00fchrt, und das Programm ber\u00fccksichtigt die Pr\u00fcfungsanforderungen des Technischen \u00dcberwachungsvereins. Die Kosten f\u00fcr die Pr\u00fcfung sind im Kurspreis enthalten.<\/p>\n<p>W\u00e4hrend des Kurses lernen die Teilnehmer die Konstruktion der H\u00e4ngeb\u00fchnen, die Grunds\u00e4tze ihres sicheren Betriebs, die Vorbereitung der Ausr\u00fcstung f\u00fcr die Arbeit und die Durchf\u00fchrung von Festigkeits- und Stabilit\u00e4tstests kennen. Neben dem theoretischen Unterricht bieten wir auch die M\u00f6glichkeit, die erworbenen Kenntnisse in der Praxis zu \u00fcben, indem wir die Ausr\u00fcstung auf dem Man\u00f6verplatz benutzen. Die Auszubildenden haben auch Zugang zu einer Online-Lernplattform, auf der sie zus\u00e4tzliche Informationen erhalten und Probetests durchf\u00fchren k\u00f6nnen.<\/p>\n<p>Einzelheiten:<\/p>\n<ul>\n<li>Wo finden die Kurse statt: Wir organisieren Kurse in Warschau und je nach Bedarf auch in anderen Gro\u00dfst\u00e4dten. Auf Wunsch von Gesch\u00e4ftskunden k\u00f6nnen wir auch Kurse mit Pr\u00fcfung f\u00fcr Firmenmitarbeiter organisieren.<\/li>\n<li>Verf\u00fcgbare Termine: Informationen zu den aktuellen Kursterminen k\u00f6nnen telefonisch oder per E-Mail erfragt werden. Sie k\u00f6nnen sich auch \u00fcber unsere Website platformaedukacji.pl f\u00fcr einen Termin Ihrer Wahl anmelden. Die Dauer der Kurse variiert: 10-35 Stunden, je nach Niveau der Teilnehmer.<\/li>\n<li>Wer kann teilnehmen? <a href=\"https:\/\/kursy-udt.pl\/de\/uprawnienia-udt\/\">UDT-Kurs<\/a> ist f\u00fcr Personen bestimmt, die mindestens 18 Jahre alt sind, \u00fcber eine abgeschlossene Grundschulausbildung verf\u00fcgen und bei guter Gesundheit sind, um als Bediener zu arbeiten. Von den Teilnehmern wird keine Erfahrung verlangt. Wenn eine Person, die bereits mit Plattformen gearbeitet hat, an der Schulung teilnehmen m\u00f6chte, kann sie in die entsprechende Gruppe eingeteilt werden, und die Dauer des Kurses wird in diesem Fall k\u00fcrzer sein.<\/li>\n<\/ul>\n<h2><a href=\"https:\/\/kursy-udt.pl\/wp-content\/uploads\/2021\/09\/kursy-udt.pl-0018-OPUBLIKOWANY-v2-Copy.jpg\"><img loading=\"lazy\" decoding=\"async\" class=\"alignnone wp-image-3470 size-full\" src=\"https:\/\/kursy-udt.pl\/wp-content\/uploads\/2021\/09\/kursy-udt.pl-0018-OPUBLIKOWANY-v2-Copy.jpg\" alt=\"Mobile H\u00e4ngeb\u00fchnen werden f\u00fcr Arbeiten in der H\u00f6he verwendet, einschlie\u00dflich Reparatur-, Wartungs- und Montagearbeiten\" width=\"579\" height=\"434\" srcset=\"https:\/\/kursy-udt.pl\/wp-content\/uploads\/2021\/09\/kursy-udt.pl-0018-OPUBLIKOWANY-v2-Copy.jpg 579w, https:\/\/kursy-udt.pl\/wp-content\/uploads\/2021\/09\/kursy-udt.pl-0018-OPUBLIKOWANY-v2-Copy-300x225.jpg 300w\" sizes=\"auto, (max-width: 579px) 100vw, 579px\" \/><\/a><\/h2>\n<h2>UDT-Pr\u00fcfung - Qualifikationen nach dem Kurs<\/h2>\n<p>Sam <a href=\"https:\/\/kursy-udt.pl\/de\/szkolenia\/podesty-ruchome\/\">Kurs f\u00fcr mobile Plattformen<\/a> H\u00e4ngen reicht nicht aus, um den Beruf zu ergreifen. Sie m\u00fcssen Ihre Qualifikationen von Inspektoren des Technischen \u00dcberwachungsvereins \u00fcberpr\u00fcfen lassen. Die Pr\u00fcfung wird von der zust\u00e4ndigen UDT-Kommission durchgef\u00fchrt (Warschau - im Falle einer Ausbildung in den R\u00e4umlichkeiten des Zentrums oder in einer anderen Niederlassung). Termin und Ort der Pr\u00fcfung werden rechtzeitig festgelegt, so dass die Auszubildenden sie innerhalb kurzer Zeit nach Abschluss der Ausbildung ablegen k\u00f6nnen. Nach bestandener theoretischer und praktischer Pr\u00fcfung erh\u00e4lt der Bediener eine Qualifikationsbescheinigung in Form einer Plastikkarte von der UDT. Diese Qualifikationen sind 10 Jahre lang g\u00fcltig. Sie sind in Polen g\u00fcltig und k\u00f6nnen auch in anderen L\u00e4ndern anerkannt werden. Dar\u00fcber hinaus ist es m\u00f6glich, eine Bescheinigung \u00fcber den Abschluss der Ausbildung in englischer Sprache auszustellen.<\/p>\n<p><a href=\"https:\/\/kursy-udt.pl\/wp-content\/uploads\/2022\/12\/PODESTY-RUCHOME-kursy-udt.pl_.png\"><img loading=\"lazy\" decoding=\"async\" class=\"aligncenter wp-image-4531\" src=\"https:\/\/kursy-udt.pl\/wp-content\/uploads\/2022\/12\/PODESTY-RUCHOME-kursy-udt.pl_-300x188.png\" alt=\"\" width=\"750\" height=\"469\" srcset=\"https:\/\/kursy-udt.pl\/wp-content\/uploads\/2022\/12\/PODESTY-RUCHOME-kursy-udt.pl_-300x188.png 300w, https:\/\/kursy-udt.pl\/wp-content\/uploads\/2022\/12\/PODESTY-RUCHOME-kursy-udt.pl_-1024x640.png 1024w, https:\/\/kursy-udt.pl\/wp-content\/uploads\/2022\/12\/PODESTY-RUCHOME-kursy-udt.pl_-768x480.png 768w, https:\/\/kursy-udt.pl\/wp-content\/uploads\/2022\/12\/PODESTY-RUCHOME-kursy-udt.pl_-18x12.png 18w, https:\/\/kursy-udt.pl\/wp-content\/uploads\/2022\/12\/PODESTY-RUCHOME-kursy-udt.pl_-624x390.png 624w, https:\/\/kursy-udt.pl\/wp-content\/uploads\/2022\/12\/PODESTY-RUCHOME-kursy-udt.pl_.png 1200w\" sizes=\"auto, (max-width: 750px) 100vw, 750px\" \/><\/a><\/p>\n<p>&nbsp;<\/p>","protected":false},"excerpt":{"rendered":"<p>Podesty ruchome wisz\u0105ce nale\u017c\u0105 do urz\u0105dze\u0144 obj\u0119tych dozorem technicznym. Oznacza to, \u017ce operator takiego urz\u0105dzenia musi posiada\u0107 uprawnienia UDT, czyli za\u015bwiadczenie kwalifikacyjne wydane przez Urz\u0105d Dozoru Technicznego. Takie uprawnienia zdobywa si\u0119 na drodze egzaminu, kt\u00f3ry odbywa si\u0119 na zako\u0144czenie organizowanego przez nas kursu. Samo szkolenie ma na celu przygotowanie przysz\u0142ych operator\u00f3w zar\u00f3wno do egzaminu pa\u0144stwowego, jak i do jak najlepszego wykonywania pracy, ze szczeg\u00f3lnym uwzgl\u0119dnieniem zasad bezpiecze\u0144stwa. Na zaj\u0119cia zapraszamy wszystkie osoby, kt\u00f3re chcia\u0142yby zdoby\u0107 zaw\u00f3d operatora, tak\u017ce te bez do\u015bwiadczenia w pracy z podestami. Gdzie wykorzystuje si\u0119 podesty wisz\u0105ce Podest ruchomy wisz\u0105cy to tzw. urz\u0105dzenie transportu bliskiego, w klasyfikacji UDT \u2013 z kategorii II P (inne rodzaje podest\u00f3w to m.in. podesty ruchome przejezdne, podesty ruchome samojezdne czy wolnobie\u017cne). Jest wykorzystywany do transportu os\u00f3b, narz\u0119dzi i materia\u0142\u00f3w do prac na wysoko\u015bci. Typowy podest wisz\u0105cy sk\u0142ada si\u0119 z platformy roboczej zawieszonej na dw\u00f3ch linach umieszczonych na d\u017awigarach, znajduj\u0105cych si\u0119 na dachu budynku. Posiada tak\u017ce uk\u0142ad sterowania centralnego oraz urz\u0105dzenia zabezpieczaj\u0105ce. Podest ruchomy wisz\u0105cy mo\u017ce by\u0107 zamontowany na sta\u0142e (Building Maintenance Unit), jako urz\u0105dzenie sta\u0142ego dost\u0119pu, lub tymczasowo, na czas wykonywania prac. Tego typu urz\u0105dzenia jako stanowiska pracy na wysoko\u015bci dlapracownik\u00f3w wykorzystuje si\u0119 mi\u0119dzy innymi w wysokich budynkach, mostach i wiaduktach, kominach, masztach, na statkach i okr\u0119tach, platformach wiertniczych. Za ich pomoc\u0105 mo\u017cna wykonywa\u0107 takie prace, jak: Czyszczenie i konserwacja elewacji budynk\u00f3w Prace monta\u017cowe Malowanie, ocieplanie elewacji Przegl\u0105dy i kontrole Remonty, naprawy urz\u0105dze\u0144 znajduj\u0105cych si\u0119 na elewacji Kurs operatora podest\u00f3w ruchomych wisz\u0105cych Udzia\u0142 w szkoleniu umo\u017cliwia zdobycie wiedzy teoretycznej i praktycznej niezb\u0119dnej do zaliczenia egzaminu UDT. Szkolenia [&hellip;]<\/p>\n","protected":false},"author":1,"featured_media":3468,"parent":2721,"menu_order":0,"comment_status":"closed","ping_status":"closed","template":"","meta":{"sfsi_plus_gutenberg_text_before_share":"","sfsi_plus_gutenberg_show_text_before_share":"","sfsi_plus_gutenberg_icon_type":"","sfsi_plus_gutenberg_icon_alignemt":"","sfsi_plus_gutenburg_max_per_row":"","footnotes":""},"class_list":["post-3465","page","type-page","status-publish","has-post-thumbnail","hentry","has_thumb"],"aioseo_notices":[],"_links":{"self":[{"href":"https:\/\/kursy-udt.pl\/de\/wp-json\/wp\/v2\/pages\/3465","targetHints":{"allow":["GET"]}}],"collection":[{"href":"https:\/\/kursy-udt.pl\/de\/wp-json\/wp\/v2\/pages"}],"about":[{"href":"https:\/\/kursy-udt.pl\/de\/wp-json\/wp\/v2\/types\/page"}],"author":[{"embeddable":true,"href":"https:\/\/kursy-udt.pl\/de\/wp-json\/wp\/v2\/users\/1"}],"replies":[{"embeddable":true,"href":"https:\/\/kursy-udt.pl\/de\/wp-json\/wp\/v2\/comments?post=3465"}],"version-history":[{"count":7,"href":"https:\/\/kursy-udt.pl\/de\/wp-json\/wp\/v2\/pages\/3465\/revisions"}],"predecessor-version":[{"id":4759,"href":"https:\/\/kursy-udt.pl\/de\/wp-json\/wp\/v2\/pages\/3465\/revisions\/4759"}],"up":[{"embeddable":true,"href":"https:\/\/kursy-udt.pl\/de\/wp-json\/wp\/v2\/pages\/2721"}],"wp:featuredmedia":[{"embeddable":true,"href":"https:\/\/kursy-udt.pl\/de\/wp-json\/wp\/v2\/media\/3468"}],"wp:attachment":[{"href":"https:\/\/kursy-udt.pl\/de\/wp-json\/wp\/v2\/media?parent=3465"}],"curies":[{"name":"wp","href":"https:\/\/api.w.org\/{rel}","templated":true}]}}